{"id":60661,"date":"2025-09-16T08:46:04","date_gmt":"2025-09-16T11:46:04","guid":{"rendered":"https:\/\/nigroequipamentos.com.br\/conteudo\/empilhadeira-paletrans-a-solucao-em-eficiencia-energetica-4\/"},"modified":"2025-09-16T08:46:04","modified_gmt":"2025-09-16T11:46:04","slug":"empilhadeira-paletrans-a-solucao-em-eficiencia-energetica-4","status":"publish","type":"page","link":"https:\/\/nigroequipamentos.com.br\/conteudo\/empilhadeira-paletrans-a-solucao-em-eficiencia-energetica-4\/","title":{"rendered":"Empilhadeira Paletrans: A Solu\u00e7\u00e3o em Efici\u00eancia Energ\u00e9tica"},"content":{"rendered":"<p>A Empilhadeira Paletrans se destaca como refer\u00eancia em efici\u00eancia energ\u00e9tica, contribuindo para a sustentabilidade nas opera\u00e7\u00f5es log\u00edsticas. Seu design inovador e tecnologia avan\u00e7ada garantem n\u00e3o apenas economia de combust\u00edvel, mas tamb\u00e9m um menor impacto ambiental. A escolha da Empilhadeira Paletrans promove produtividade e redu\u00e7\u00e3o de custos operacionais, alinhando seus objetivos empresariais \u00e0 preserva\u00e7\u00e3o do planeta. Com a Nigro Equipamentos, voc\u00ea encontra todo o suporte necess\u00e1rio para maximizar a efici\u00eancia energ\u00e9tica com as melhores op\u00e7\u00f5es de compra, manuten\u00e7\u00e3o e loca\u00e7\u00e3o de empilhadeiras.<\/p>\n","protected":false},"excerpt":{"rendered":"<p>A Empilhadeira Paletrans se destaca como refer\u00eancia em efici\u00eancia energ\u00e9tica, contribuindo para a sustentabilidade nas opera\u00e7\u00f5es log\u00edsticas. Seu design inovador e tecnologia avan\u00e7ada garantem n\u00e3o apenas economia de combust\u00edvel, mas tamb\u00e9m um menor impacto ambiental. A escolha da Empilhadeira Paletrans promove produtividade e redu\u00e7\u00e3o de custos operacionais, alinhando seus objetivos empresariais \u00e0 preserva\u00e7\u00e3o do planeta.&hellip;&nbsp;<a href=\"https:\/\/nigroequipamentos.com.br\/conteudo\/empilhadeira-paletrans-a-solucao-em-eficiencia-energetica-4\/\" class=\"\" rel=\"bookmark\">Continue a ler &raquo;<span class=\"screen-reader-text\">Empilhadeira Paletrans: A Solu\u00e7\u00e3o em Efici\u00eancia Energ\u00e9tica<\/span><\/a><\/p>\n","protected":false},"author":3,"featured_media":0,"parent":0,"menu_order":0,"comment_status":"closed","ping_status":"closed","template":"","meta":{"_acf_changed":false,"_yoast_wpseo_focuskw":"Empilhadeira Paletrans efici\u00eancia energ\u00e9tica","_yoast_wpseo_title":"Empilhadeira Paletrans: Efici\u00eancia Energ\u00e9tica e Sustentabilidade","_yoast_wpseo_metadesc":"Descubra como a Empilhadeira Paletrans proporciona efici\u00eancia energ\u00e9tica, resultando em economia e sustentabilidade para seu neg\u00f3cio.","neve_meta_sidebar":"","neve_meta_container":"","neve_meta_enable_content_width":"","neve_meta_content_width":0,"neve_meta_title_alignment":"","neve_meta_author_avatar":"","neve_post_elements_order":"","neve_meta_disable_header":"","neve_meta_disable_footer":"","neve_meta_disable_title":"","footnotes":""},"class_list":["post-60661","page","type-page","status-publish","hentry"],"acf":{"bloco1title":"Tecnologia Verde","bloco1text":"A Nigro Equipamentos oferece empilhadeiras que utilizam tecnologias de ponta, garantindo efici\u00eancia energ\u00e9tica e sustentabilidade operacional.","bloco2title":"Redu\u00e7\u00e3o de Custos","bloco2text":"As empilhadeiras Paletrans diminuem o consumo de energia, resultando em significativa economia para seu neg\u00f3cio.","bloco3title":"Impacto Ambiental","bloco3text":"A utiliza\u00e7\u00e3o da Empilhadeira Paletrans n\u00e3o s\u00f3 melhora a efici\u00eancia energ\u00e9tica, mas tamb\u00e9m reduz a emiss\u00e3o de poluentes, promovendo um ambiente mais limpo.","posttitle":"Empilhadeira Paletrans: A Revolu\u00e7\u00e3o em Efici\u00eancia Energ\u00e9tica nas Ind\u00fastrias","postcontent":"<strong>A import\u00e2ncia da efici\u00eancia energ\u00e9tica<\/strong> em opera\u00e7\u00f5es log\u00edsticas \u00e9 ineg\u00e1vel. A Empilhadeira Paletrans se destaca por suas caracter\u00edsticas que v\u00e3o al\u00e9m das expectativas do mercado. Com um sistema de propuls\u00e3o inovador, essas empilhadeiras oferecem um desempenho excepcional, possibilitando uma opera\u00e7\u00e3o mais \u00e1gil e sustent\u00e1vel. Al\u00e9m disso, a ergonomia do operador \u00e9 otimizada, refletindo na sa\u00fade e bem-estar da equipe. Isso significa que a efici\u00eancia energ\u00e9tica n\u00e3o apenas reduz o custo operacional como tamb\u00e9m promove um ambiente de trabalho mais saud\u00e1vel e produtivo. A Nigro Equipamentos, l\u00edder no mercado, \u00e9 a sua melhor op\u00e7\u00e3o para aquisi\u00e7\u00e3o, manuten\u00e7\u00e3o ou loca\u00e7\u00e3o da Empilhadeira Paletrans. Com consultores especializados, garantimos a melhor experi\u00eancia e performance em efici\u00eancia energ\u00e9tica.","insightwidtitle":"Curiosidades sobre efici\u00eancia energ\u00e9tica","insightwidcontent":"Voc\u00ea sabia que a ado\u00e7\u00e3o de empilhadeiras como a Paletrans pode reduzir o consumo de energia em at\u00e9 30%? Esse n\u00famero impressionante prov\u00e9m de tecnologias que otimizam o uso de energia el\u00e9trica, contribuindo diretamente para a diminui\u00e7\u00e3o da pegada de carbono das empresas. A efici\u00eancia energ\u00e9tica n\u00e3o \u00e9 apenas uma tend\u00eancia, mas uma necessidade para neg\u00f3cios sustent\u00e1veis."},"yoast_head":"<!-- This site is optimized with the Yoast SEO Premium plugin v18.3 (Yoast SEO v23.4) - https:\/\/yoast.com\/wordpress\/plugins\/seo\/ -->\n<title>Empilhadeira Paletrans: Efici\u00eancia Energ\u00e9tica e Sustentabilidade<\/title>\n<meta name=\"description\" content=\"Descubra como a Empilhadeira Paletrans proporciona efici\u00eancia energ\u00e9tica, resultando em economia e sustentabilidade para seu neg\u00f3cio.\" \/>\n<meta name=\"robots\" content=\"index, follow, max-snippet:-1, max-image-preview:large, max-video-preview:-1\" \/>\n<link rel=\"canonical\" href=\"https:\/\/nigroequipamentos.com.br\/conteudo\/empilhadeira-paletrans-a-solucao-em-eficiencia-energetica-4\/\" \/>\n<meta property=\"og:locale\" content=\"pt_BR\" \/>\n<meta property=\"og:type\" content=\"article\" \/>\n<meta property=\"og:title\" content=\"Empilhadeira Paletrans: A Solu\u00e7\u00e3o em Efici\u00eancia Energ\u00e9tica\" \/>\n<meta property=\"og:description\" content=\"Descubra como a Empilhadeira Paletrans proporciona efici\u00eancia energ\u00e9tica, resultando em economia e sustentabilidade para seu neg\u00f3cio.\" \/>\n<meta property=\"og:url\" content=\"https:\/\/nigroequipamentos.com.br\/conteudo\/empilhadeira-paletrans-a-solucao-em-eficiencia-energetica-4\/\" \/>\n<meta property=\"og:site_name\" content=\"Nigro Equipamentos\" \/>\n<meta property=\"article:publisher\" content=\"https:\/\/www.facebook.com\/nigroequipamentos\" \/>\n<meta name=\"twitter:card\" content=\"summary_large_image\" \/>\n<script type=\"application\/ld+json\" class=\"yoast-schema-graph\">{\"@context\":\"https:\/\/schema.org\",\"@graph\":[{\"@type\":\"WebPage\",\"@id\":\"https:\/\/nigroequipamentos.com.br\/conteudo\/empilhadeira-paletrans-a-solucao-em-eficiencia-energetica-4\/\",\"url\":\"https:\/\/nigroequipamentos.com.br\/conteudo\/empilhadeira-paletrans-a-solucao-em-eficiencia-energetica-4\/\",\"name\":\"Empilhadeira Paletrans: Efici\u00eancia Energ\u00e9tica e Sustentabilidade\",\"isPartOf\":{\"@id\":\"https:\/\/nigroequipamentos.com.br\/conteudo\/#website\"},\"datePublished\":\"2025-09-16T11:46:04+00:00\",\"dateModified\":\"2025-09-16T11:46:04+00:00\",\"description\":\"Descubra como a Empilhadeira Paletrans proporciona efici\u00eancia energ\u00e9tica, resultando em economia e sustentabilidade para seu neg\u00f3cio.\",\"breadcrumb\":{\"@id\":\"https:\/\/nigroequipamentos.com.br\/conteudo\/empilhadeira-paletrans-a-solucao-em-eficiencia-energetica-4\/#breadcrumb\"},\"inLanguage\":\"pt-BR\",\"potentialAction\":[{\"@type\":\"ReadAction\",\"target\":[\"https:\/\/nigroequipamentos.com.br\/conteudo\/empilhadeira-paletrans-a-solucao-em-eficiencia-energetica-4\/\"]}]},{\"@type\":\"BreadcrumbList\",\"@id\":\"https:\/\/nigroequipamentos.com.br\/conteudo\/empilhadeira-paletrans-a-solucao-em-eficiencia-energetica-4\/#breadcrumb\",\"itemListElement\":[{\"@type\":\"ListItem\",\"position\":1,\"name\":\"In\u00edcio\",\"item\":\"https:\/\/nigroequipamentos.com.br\/conteudo\/\"},{\"@type\":\"ListItem\",\"position\":2,\"name\":\"Empilhadeira Paletrans: A Solu\u00e7\u00e3o em Efici\u00eancia Energ\u00e9tica\"}]},{\"@type\":\"WebSite\",\"@id\":\"https:\/\/nigroequipamentos.com.br\/conteudo\/#website\",\"url\":\"https:\/\/nigroequipamentos.com.br\/conteudo\/\",\"name\":\"Nigro Equipamentos\",\"description\":\"Loca\u00e7\u00e3o e Vendas\",\"publisher\":{\"@id\":\"https:\/\/nigroequipamentos.com.br\/conteudo\/#organization\"},\"potentialAction\":[{\"@type\":\"SearchAction\",\"target\":{\"@type\":\"EntryPoint\",\"urlTemplate\":\"https:\/\/nigroequipamentos.com.br\/conteudo\/?s={search_term_string}\"},\"query-input\":{\"@type\":\"PropertyValueSpecification\",\"valueRequired\":true,\"valueName\":\"search_term_string\"}}],\"inLanguage\":\"pt-BR\"},{\"@type\":\"Organization\",\"@id\":\"https:\/\/nigroequipamentos.com.br\/conteudo\/#organization\",\"name\":\"Nigro Equipamentos\",\"url\":\"https:\/\/nigroequipamentos.com.br\/conteudo\/\",\"logo\":{\"@type\":\"ImageObject\",\"inLanguage\":\"pt-BR\",\"@id\":\"https:\/\/nigroequipamentos.com.br\/conteudo\/#\/schema\/logo\/image\/\",\"url\":\"https:\/\/nigroequipamentos.com.br\/conteudo\/wp-content\/uploads\/2024\/10\/nigroequipamentos_logo.webp\",\"contentUrl\":\"https:\/\/nigroequipamentos.com.br\/conteudo\/wp-content\/uploads\/2024\/10\/nigroequipamentos_logo.webp\",\"width\":785,\"height\":355,\"caption\":\"Nigro Equipamentos\"},\"image\":{\"@id\":\"https:\/\/nigroequipamentos.com.br\/conteudo\/#\/schema\/logo\/image\/\"},\"sameAs\":[\"https:\/\/www.facebook.com\/nigroequipamentos\",\"https:\/\/www.instagram.com\/nigroequipamentos\/\"]}]}<\/script>\n<!-- \/ Yoast SEO Premium plugin. -->","yoast_head_json":{"title":"Empilhadeira Paletrans: Efici\u00eancia Energ\u00e9tica e Sustentabilidade","description":"Descubra como a Empilhadeira Paletrans proporciona efici\u00eancia energ\u00e9tica, resultando em economia e sustentabilidade para seu neg\u00f3cio.","robots":{"index":"index","follow":"follow","max-snippet":"max-snippet:-1","max-image-preview":"max-image-preview:large","max-video-preview":"max-video-preview:-1"},"canonical":"https:\/\/nigroequipamentos.com.br\/conteudo\/empilhadeira-paletrans-a-solucao-em-eficiencia-energetica-4\/","og_locale":"pt_BR","og_type":"article","og_title":"Empilhadeira Paletrans: A Solu\u00e7\u00e3o em Efici\u00eancia Energ\u00e9tica","og_description":"Descubra como a Empilhadeira Paletrans proporciona efici\u00eancia energ\u00e9tica, resultando em economia e sustentabilidade para seu neg\u00f3cio.","og_url":"https:\/\/nigroequipamentos.com.br\/conteudo\/empilhadeira-paletrans-a-solucao-em-eficiencia-energetica-4\/","og_site_name":"Nigro Equipamentos","article_publisher":"https:\/\/www.facebook.com\/nigroequipamentos","twitter_card":"summary_large_image","schema":{"@context":"https:\/\/schema.org","@graph":[{"@type":"WebPage","@id":"https:\/\/nigroequipamentos.com.br\/conteudo\/empilhadeira-paletrans-a-solucao-em-eficiencia-energetica-4\/","url":"https:\/\/nigroequipamentos.com.br\/conteudo\/empilhadeira-paletrans-a-solucao-em-eficiencia-energetica-4\/","name":"Empilhadeira Paletrans: Efici\u00eancia Energ\u00e9tica e Sustentabilidade","isPartOf":{"@id":"https:\/\/nigroequipamentos.com.br\/conteudo\/#website"},"datePublished":"2025-09-16T11:46:04+00:00","dateModified":"2025-09-16T11:46:04+00:00","description":"Descubra como a Empilhadeira Paletrans proporciona efici\u00eancia energ\u00e9tica, resultando em economia e sustentabilidade para seu neg\u00f3cio.","breadcrumb":{"@id":"https:\/\/nigroequipamentos.com.br\/conteudo\/empilhadeira-paletrans-a-solucao-em-eficiencia-energetica-4\/#breadcrumb"},"inLanguage":"pt-BR","potentialAction":[{"@type":"ReadAction","target":["https:\/\/nigroequipamentos.com.br\/conteudo\/empilhadeira-paletrans-a-solucao-em-eficiencia-energetica-4\/"]}]},{"@type":"BreadcrumbList","@id":"https:\/\/nigroequipamentos.com.br\/conteudo\/empilhadeira-paletrans-a-solucao-em-eficiencia-energetica-4\/#breadcrumb","itemListElement":[{"@type":"ListItem","position":1,"name":"In\u00edcio","item":"https:\/\/nigroequipamentos.com.br\/conteudo\/"},{"@type":"ListItem","position":2,"name":"Empilhadeira Paletrans: A Solu\u00e7\u00e3o em Efici\u00eancia Energ\u00e9tica"}]},{"@type":"WebSite","@id":"https:\/\/nigroequipamentos.com.br\/conteudo\/#website","url":"https:\/\/nigroequipamentos.com.br\/conteudo\/","name":"Nigro Equipamentos","description":"Loca\u00e7\u00e3o e Vendas","publisher":{"@id":"https:\/\/nigroequipamentos.com.br\/conteudo\/#organization"},"potentialAction":[{"@type":"SearchAction","target":{"@type":"EntryPoint","urlTemplate":"https:\/\/nigroequipamentos.com.br\/conteudo\/?s={search_term_string}"},"query-input":{"@type":"PropertyValueSpecification","valueRequired":true,"valueName":"search_term_string"}}],"inLanguage":"pt-BR"},{"@type":"Organization","@id":"https:\/\/nigroequipamentos.com.br\/conteudo\/#organization","name":"Nigro Equipamentos","url":"https:\/\/nigroequipamentos.com.br\/conteudo\/","logo":{"@type":"ImageObject","inLanguage":"pt-BR","@id":"https:\/\/nigroequipamentos.com.br\/conteudo\/#\/schema\/logo\/image\/","url":"https:\/\/nigroequipamentos.com.br\/conteudo\/wp-content\/uploads\/2024\/10\/nigroequipamentos_logo.webp","contentUrl":"https:\/\/nigroequipamentos.com.br\/conteudo\/wp-content\/uploads\/2024\/10\/nigroequipamentos_logo.webp","width":785,"height":355,"caption":"Nigro Equipamentos"},"image":{"@id":"https:\/\/nigroequipamentos.com.br\/conteudo\/#\/schema\/logo\/image\/"},"sameAs":["https:\/\/www.facebook.com\/nigroequipamentos","https:\/\/www.instagram.com\/nigroequipamentos\/"]}]}},"_links":{"self":[{"href":"https:\/\/nigroequipamentos.com.br\/conteudo\/wp-json\/wp\/v2\/pages\/60661","targetHints":{"allow":["GET"]}}],"collection":[{"href":"https:\/\/nigroequipamentos.com.br\/conteudo\/wp-json\/wp\/v2\/pages"}],"about":[{"href":"https:\/\/nigroequipamentos.com.br\/conteudo\/wp-json\/wp\/v2\/types\/page"}],"author":[{"embeddable":true,"href":"https:\/\/nigroequipamentos.com.br\/conteudo\/wp-json\/wp\/v2\/users\/3"}],"replies":[{"embeddable":true,"href":"https:\/\/nigroequipamentos.com.br\/conteudo\/wp-json\/wp\/v2\/comments?post=60661"}],"version-history":[{"count":0,"href":"https:\/\/nigroequipamentos.com.br\/conteudo\/wp-json\/wp\/v2\/pages\/60661\/revisions"}],"wp:attachment":[{"href":"https:\/\/nigroequipamentos.com.br\/conteudo\/wp-json\/wp\/v2\/media?parent=60661"}],"curies":[{"name":"wp","href":"https:\/\/api.w.org\/{rel}","templated":true}]}}