{"id":59189,"date":"2025-09-08T06:46:00","date_gmt":"2025-09-08T09:46:00","guid":{"rendered":"https:\/\/nigroequipamentos.com.br\/conteudo\/descubra-a-potencia-da-empilhadeira-paletrans-portuaria-2\/"},"modified":"2025-09-08T06:46:00","modified_gmt":"2025-09-08T09:46:00","slug":"descubra-a-potencia-da-empilhadeira-paletrans-portuaria-2","status":"publish","type":"page","link":"https:\/\/nigroequipamentos.com.br\/conteudo\/descubra-a-potencia-da-empilhadeira-paletrans-portuaria-2\/","title":{"rendered":"Descubra a Pot\u00eancia da Empilhadeira Paletrans Portu\u00e1ria"},"content":{"rendered":"<p>A Empilhadeira Paletrans portu\u00e1ria \u00e9 essencial para opera\u00e7\u00f5es eficientes no ambiente dos portos. Com capacidade de movimenta\u00e7\u00e3o e alta durabilidade, esta empilhadeira se destaca em sua performance e agilidade. A Nigro Equipamentos \u00e9 a sua melhor op\u00e7\u00e3o para compra, manuten\u00e7\u00e3o e loca\u00e7\u00e3o da Empilhadeira Paletrans, garantindo que suas opera\u00e7\u00f5es n\u00e3o sejam interrompidas e sempre otimizadas. Ao escolher nossa Empilhadeira Paletrans portu\u00e1ria, voc\u00ea investe em qualidade, suporte e confian\u00e7a, elementos fundamentais para a sua opera\u00e7\u00e3o no setor portu\u00e1rio intricadamente ligado ao com\u00e9rcio e \u00e0 log\u00edstica internacional.<\/p>\n","protected":false},"excerpt":{"rendered":"<p>A Empilhadeira Paletrans portu\u00e1ria \u00e9 essencial para opera\u00e7\u00f5es eficientes no ambiente dos portos. Com capacidade de movimenta\u00e7\u00e3o e alta durabilidade, esta empilhadeira se destaca em sua performance e agilidade. A Nigro Equipamentos \u00e9 a sua melhor op\u00e7\u00e3o para compra, manuten\u00e7\u00e3o e loca\u00e7\u00e3o da Empilhadeira Paletrans, garantindo que suas opera\u00e7\u00f5es n\u00e3o sejam interrompidas e sempre otimizadas.&hellip;&nbsp;<a href=\"https:\/\/nigroequipamentos.com.br\/conteudo\/descubra-a-potencia-da-empilhadeira-paletrans-portuaria-2\/\" class=\"\" rel=\"bookmark\">Continue a ler &raquo;<span class=\"screen-reader-text\">Descubra a Pot\u00eancia da Empilhadeira Paletrans Portu\u00e1ria<\/span><\/a><\/p>\n","protected":false},"author":3,"featured_media":0,"parent":0,"menu_order":0,"comment_status":"closed","ping_status":"closed","template":"","meta":{"_acf_changed":false,"_yoast_wpseo_focuskw":"Empilhadeira Paletrans portu\u00e1ria","_yoast_wpseo_title":"Empilhadeira Paletrans Portu\u00e1ria: A Solu\u00e7\u00e3o Ideal para Seu Porto","_yoast_wpseo_metadesc":"Saiba tudo sobre a Empilhadeira Paletrans portu\u00e1ria, suas caracter\u00edsticas e como a Nigro Equipamentos pode ajudar na sua compra, manuten\u00e7\u00e3o e loca\u00e7\u00e3o.","neve_meta_sidebar":"","neve_meta_container":"","neve_meta_enable_content_width":"","neve_meta_content_width":0,"neve_meta_title_alignment":"","neve_meta_author_avatar":"","neve_post_elements_order":"","neve_meta_disable_header":"","neve_meta_disable_footer":"","neve_meta_disable_title":"","footnotes":""},"class_list":["post-59189","page","type-page","status-publish","hentry"],"acf":{"bloco1title":"Qualidade Garantida","bloco1text":"As Empilhadeiras Paletrans da Nigro s\u00e3o conhecidas pela robustez e efici\u00eancia, sendo ideais para as opera\u00e7\u00f5es portu\u00e1rias.","bloco2title":"Suporte Profissional","bloco2text":"Oferecemos manuten\u00e7\u00e3o completa para sua Empilhadeira Paletrans portu\u00e1ria, otimizando a performance do seu equipamento.","bloco3title":"Efici\u00eancia no Porto","bloco3text":"A Empilhadeira Paletrans portu\u00e1ria n\u00e3o apenas aumenta a produ\u00e7\u00e3o, mas tamb\u00e9m melhora a seguran\u00e7a no transporte de cargas.","posttitle":"Empilhadeira Paletrans Portu\u00e1ria: O Que Voc\u00ea Precisa Saber","postcontent":"<strong>Introdu\u00e7\u00e3o \u00e0s Empilhadeiras Paletrans Portu\u00e1rias<\/strong><br>As Empilhadeiras Paletrans portu\u00e1rias s\u00e3o projetadas para suportar as demandas intensas do ambiente mar\u00edtimo. Ao realizar movimenta\u00e7\u00f5es de cargas pesadas e volumosas, elas precisam ser robustas e confi\u00e1veis. A Nigro Equipamentos, l\u00edder em solu\u00e7\u00f5es de movimenta\u00e7\u00e3o de carga, oferece as melhores op\u00e7\u00f5es de compra, manuten\u00e7\u00e3o e loca\u00e7\u00e3o dessa incr\u00edvel m\u00e1quina.<br><br><strong>Caracter\u00edsticas da Empilhadeira Paletrans Portu\u00e1ria<\/strong><br>A Empilhadeira Paletrans portu\u00e1ria \u00e9 equipada com tecnologia de ponta, oferecendo estabilidade, capacidade de carga significativa e precis\u00e3o em manobras. Seu design ergon\u00f4mico e seu sistema hidr\u00e1ulico eficiente fazem dela a escolha ideal para empresas que operam em portos.<br><br><strong>Vantagens da Loca\u00e7\u00e3o<\/strong><br>Optar pela loca\u00e7\u00e3o de uma Empilhadeira Paletrans portu\u00e1ria permite maior flexibilidade nas opera\u00e7\u00f5es. Voc\u00ea consegue ajustar a quantidade de m\u00e1quinas de acordo com a demanda sazonal, sem comprometer o or\u00e7amento da sua empresa.<br><br><strong>Por que escolher a Nigro?<\/strong><br>A Nigro Equipamentos possui expertise acumulada em mais de 20 anos de mercado, oferecendo suporte t\u00e9cnico e comercial visando atender suas necessidades espec\u00edficas. Apostamos na confian\u00e7a e na qualidade dos nossos servi\u00e7os para que voc\u00ea sempre tenha o melhor desempenho portu\u00e1rio.","insightwidtitle":"Curiosidades sobre Empilhadeiras","insightwidcontent":"Voc\u00ea sabia que as Empilhadeiras Paletrans portu\u00e1rias podem operar em ambientes com alta umidade e salinidade, comuns em zonas portu\u00e1rias? Elas s\u00e3o projetadas para resistir a essas condi\u00e7\u00f5es adversas, aumentando sua durabilidade e efici\u00eancia na movimenta\u00e7\u00e3o de cargas. Al\u00e9m disso, a tecnologia das baterias de alta performance \u00e9 uma caracter\u00edstica marcante que garantem o funcionamento ininterrupto dessas m\u00e1quinas indispens\u00e1veis no setor portu\u00e1rio."},"yoast_head":"<!-- This site is optimized with the Yoast SEO Premium plugin v18.3 (Yoast SEO v23.4) - https:\/\/yoast.com\/wordpress\/plugins\/seo\/ -->\n<title>Empilhadeira Paletrans Portu\u00e1ria: A Solu\u00e7\u00e3o Ideal para Seu Porto<\/title>\n<meta name=\"description\" content=\"Saiba tudo sobre a Empilhadeira Paletrans portu\u00e1ria, suas caracter\u00edsticas e como a Nigro Equipamentos pode ajudar na sua compra, manuten\u00e7\u00e3o e loca\u00e7\u00e3o.\" \/>\n<meta name=\"robots\" content=\"index, follow, max-snippet:-1, max-image-preview:large, max-video-preview:-1\" \/>\n<link rel=\"canonical\" href=\"https:\/\/nigroequipamentos.com.br\/conteudo\/descubra-a-potencia-da-empilhadeira-paletrans-portuaria-2\/\" \/>\n<meta property=\"og:locale\" content=\"pt_BR\" \/>\n<meta property=\"og:type\" content=\"article\" \/>\n<meta property=\"og:title\" content=\"Descubra a Pot\u00eancia da Empilhadeira Paletrans Portu\u00e1ria\" \/>\n<meta property=\"og:description\" content=\"Saiba tudo sobre a Empilhadeira Paletrans portu\u00e1ria, suas caracter\u00edsticas e como a Nigro Equipamentos pode ajudar na sua compra, manuten\u00e7\u00e3o e loca\u00e7\u00e3o.\" \/>\n<meta property=\"og:url\" content=\"https:\/\/nigroequipamentos.com.br\/conteudo\/descubra-a-potencia-da-empilhadeira-paletrans-portuaria-2\/\" \/>\n<meta property=\"og:site_name\" content=\"Nigro Equipamentos\" \/>\n<meta property=\"article:publisher\" content=\"https:\/\/www.facebook.com\/nigroequipamentos\" \/>\n<meta name=\"twitter:card\" content=\"summary_large_image\" \/>\n<script type=\"application\/ld+json\" class=\"yoast-schema-graph\">{\"@context\":\"https:\/\/schema.org\",\"@graph\":[{\"@type\":\"WebPage\",\"@id\":\"https:\/\/nigroequipamentos.com.br\/conteudo\/descubra-a-potencia-da-empilhadeira-paletrans-portuaria-2\/\",\"url\":\"https:\/\/nigroequipamentos.com.br\/conteudo\/descubra-a-potencia-da-empilhadeira-paletrans-portuaria-2\/\",\"name\":\"Empilhadeira Paletrans Portu\u00e1ria: A Solu\u00e7\u00e3o Ideal para Seu Porto\",\"isPartOf\":{\"@id\":\"https:\/\/nigroequipamentos.com.br\/conteudo\/#website\"},\"datePublished\":\"2025-09-08T09:46:00+00:00\",\"dateModified\":\"2025-09-08T09:46:00+00:00\",\"description\":\"Saiba tudo sobre a Empilhadeira Paletrans portu\u00e1ria, suas caracter\u00edsticas e como a Nigro Equipamentos pode ajudar na sua compra, manuten\u00e7\u00e3o e loca\u00e7\u00e3o.\",\"breadcrumb\":{\"@id\":\"https:\/\/nigroequipamentos.com.br\/conteudo\/descubra-a-potencia-da-empilhadeira-paletrans-portuaria-2\/#breadcrumb\"},\"inLanguage\":\"pt-BR\",\"potentialAction\":[{\"@type\":\"ReadAction\",\"target\":[\"https:\/\/nigroequipamentos.com.br\/conteudo\/descubra-a-potencia-da-empilhadeira-paletrans-portuaria-2\/\"]}]},{\"@type\":\"BreadcrumbList\",\"@id\":\"https:\/\/nigroequipamentos.com.br\/conteudo\/descubra-a-potencia-da-empilhadeira-paletrans-portuaria-2\/#breadcrumb\",\"itemListElement\":[{\"@type\":\"ListItem\",\"position\":1,\"name\":\"In\u00edcio\",\"item\":\"https:\/\/nigroequipamentos.com.br\/conteudo\/\"},{\"@type\":\"ListItem\",\"position\":2,\"name\":\"Descubra a Pot\u00eancia da Empilhadeira Paletrans Portu\u00e1ria\"}]},{\"@type\":\"WebSite\",\"@id\":\"https:\/\/nigroequipamentos.com.br\/conteudo\/#website\",\"url\":\"https:\/\/nigroequipamentos.com.br\/conteudo\/\",\"name\":\"Nigro Equipamentos\",\"description\":\"Loca\u00e7\u00e3o e Vendas\",\"publisher\":{\"@id\":\"https:\/\/nigroequipamentos.com.br\/conteudo\/#organization\"},\"potentialAction\":[{\"@type\":\"SearchAction\",\"target\":{\"@type\":\"EntryPoint\",\"urlTemplate\":\"https:\/\/nigroequipamentos.com.br\/conteudo\/?s={search_term_string}\"},\"query-input\":{\"@type\":\"PropertyValueSpecification\",\"valueRequired\":true,\"valueName\":\"search_term_string\"}}],\"inLanguage\":\"pt-BR\"},{\"@type\":\"Organization\",\"@id\":\"https:\/\/nigroequipamentos.com.br\/conteudo\/#organization\",\"name\":\"Nigro Equipamentos\",\"url\":\"https:\/\/nigroequipamentos.com.br\/conteudo\/\",\"logo\":{\"@type\":\"ImageObject\",\"inLanguage\":\"pt-BR\",\"@id\":\"https:\/\/nigroequipamentos.com.br\/conteudo\/#\/schema\/logo\/image\/\",\"url\":\"https:\/\/nigroequipamentos.com.br\/conteudo\/wp-content\/uploads\/2024\/10\/nigroequipamentos_logo.webp\",\"contentUrl\":\"https:\/\/nigroequipamentos.com.br\/conteudo\/wp-content\/uploads\/2024\/10\/nigroequipamentos_logo.webp\",\"width\":785,\"height\":355,\"caption\":\"Nigro Equipamentos\"},\"image\":{\"@id\":\"https:\/\/nigroequipamentos.com.br\/conteudo\/#\/schema\/logo\/image\/\"},\"sameAs\":[\"https:\/\/www.facebook.com\/nigroequipamentos\",\"https:\/\/www.instagram.com\/nigroequipamentos\/\"]}]}<\/script>\n<!-- \/ Yoast SEO Premium plugin. -->","yoast_head_json":{"title":"Empilhadeira Paletrans Portu\u00e1ria: A Solu\u00e7\u00e3o Ideal para Seu Porto","description":"Saiba tudo sobre a Empilhadeira Paletrans portu\u00e1ria, suas caracter\u00edsticas e como a Nigro Equipamentos pode ajudar na sua compra, manuten\u00e7\u00e3o e loca\u00e7\u00e3o.","robots":{"index":"index","follow":"follow","max-snippet":"max-snippet:-1","max-image-preview":"max-image-preview:large","max-video-preview":"max-video-preview:-1"},"canonical":"https:\/\/nigroequipamentos.com.br\/conteudo\/descubra-a-potencia-da-empilhadeira-paletrans-portuaria-2\/","og_locale":"pt_BR","og_type":"article","og_title":"Descubra a Pot\u00eancia da Empilhadeira Paletrans Portu\u00e1ria","og_description":"Saiba tudo sobre a Empilhadeira Paletrans portu\u00e1ria, suas caracter\u00edsticas e como a Nigro Equipamentos pode ajudar na sua compra, manuten\u00e7\u00e3o e loca\u00e7\u00e3o.","og_url":"https:\/\/nigroequipamentos.com.br\/conteudo\/descubra-a-potencia-da-empilhadeira-paletrans-portuaria-2\/","og_site_name":"Nigro Equipamentos","article_publisher":"https:\/\/www.facebook.com\/nigroequipamentos","twitter_card":"summary_large_image","schema":{"@context":"https:\/\/schema.org","@graph":[{"@type":"WebPage","@id":"https:\/\/nigroequipamentos.com.br\/conteudo\/descubra-a-potencia-da-empilhadeira-paletrans-portuaria-2\/","url":"https:\/\/nigroequipamentos.com.br\/conteudo\/descubra-a-potencia-da-empilhadeira-paletrans-portuaria-2\/","name":"Empilhadeira Paletrans Portu\u00e1ria: A Solu\u00e7\u00e3o Ideal para Seu Porto","isPartOf":{"@id":"https:\/\/nigroequipamentos.com.br\/conteudo\/#website"},"datePublished":"2025-09-08T09:46:00+00:00","dateModified":"2025-09-08T09:46:00+00:00","description":"Saiba tudo sobre a Empilhadeira Paletrans portu\u00e1ria, suas caracter\u00edsticas e como a Nigro Equipamentos pode ajudar na sua compra, manuten\u00e7\u00e3o e loca\u00e7\u00e3o.","breadcrumb":{"@id":"https:\/\/nigroequipamentos.com.br\/conteudo\/descubra-a-potencia-da-empilhadeira-paletrans-portuaria-2\/#breadcrumb"},"inLanguage":"pt-BR","potentialAction":[{"@type":"ReadAction","target":["https:\/\/nigroequipamentos.com.br\/conteudo\/descubra-a-potencia-da-empilhadeira-paletrans-portuaria-2\/"]}]},{"@type":"BreadcrumbList","@id":"https:\/\/nigroequipamentos.com.br\/conteudo\/descubra-a-potencia-da-empilhadeira-paletrans-portuaria-2\/#breadcrumb","itemListElement":[{"@type":"ListItem","position":1,"name":"In\u00edcio","item":"https:\/\/nigroequipamentos.com.br\/conteudo\/"},{"@type":"ListItem","position":2,"name":"Descubra a Pot\u00eancia da Empilhadeira Paletrans Portu\u00e1ria"}]},{"@type":"WebSite","@id":"https:\/\/nigroequipamentos.com.br\/conteudo\/#website","url":"https:\/\/nigroequipamentos.com.br\/conteudo\/","name":"Nigro Equipamentos","description":"Loca\u00e7\u00e3o e Vendas","publisher":{"@id":"https:\/\/nigroequipamentos.com.br\/conteudo\/#organization"},"potentialAction":[{"@type":"SearchAction","target":{"@type":"EntryPoint","urlTemplate":"https:\/\/nigroequipamentos.com.br\/conteudo\/?s={search_term_string}"},"query-input":{"@type":"PropertyValueSpecification","valueRequired":true,"valueName":"search_term_string"}}],"inLanguage":"pt-BR"},{"@type":"Organization","@id":"https:\/\/nigroequipamentos.com.br\/conteudo\/#organization","name":"Nigro Equipamentos","url":"https:\/\/nigroequipamentos.com.br\/conteudo\/","logo":{"@type":"ImageObject","inLanguage":"pt-BR","@id":"https:\/\/nigroequipamentos.com.br\/conteudo\/#\/schema\/logo\/image\/","url":"https:\/\/nigroequipamentos.com.br\/conteudo\/wp-content\/uploads\/2024\/10\/nigroequipamentos_logo.webp","contentUrl":"https:\/\/nigroequipamentos.com.br\/conteudo\/wp-content\/uploads\/2024\/10\/nigroequipamentos_logo.webp","width":785,"height":355,"caption":"Nigro Equipamentos"},"image":{"@id":"https:\/\/nigroequipamentos.com.br\/conteudo\/#\/schema\/logo\/image\/"},"sameAs":["https:\/\/www.facebook.com\/nigroequipamentos","https:\/\/www.instagram.com\/nigroequipamentos\/"]}]}},"_links":{"self":[{"href":"https:\/\/nigroequipamentos.com.br\/conteudo\/wp-json\/wp\/v2\/pages\/59189","targetHints":{"allow":["GET"]}}],"collection":[{"href":"https:\/\/nigroequipamentos.com.br\/conteudo\/wp-json\/wp\/v2\/pages"}],"about":[{"href":"https:\/\/nigroequipamentos.com.br\/conteudo\/wp-json\/wp\/v2\/types\/page"}],"author":[{"embeddable":true,"href":"https:\/\/nigroequipamentos.com.br\/conteudo\/wp-json\/wp\/v2\/users\/3"}],"replies":[{"embeddable":true,"href":"https:\/\/nigroequipamentos.com.br\/conteudo\/wp-json\/wp\/v2\/comments?post=59189"}],"version-history":[{"count":0,"href":"https:\/\/nigroequipamentos.com.br\/conteudo\/wp-json\/wp\/v2\/pages\/59189\/revisions"}],"wp:attachment":[{"href":"https:\/\/nigroequipamentos.com.br\/conteudo\/wp-json\/wp\/v2\/media?parent=59189"}],"curies":[{"name":"wp","href":"https:\/\/api.w.org\/{rel}","templated":true}]}}