{"id":57019,"date":"2025-08-29T03:46:07","date_gmt":"2025-08-29T06:46:07","guid":{"rendered":"https:\/\/nigroequipamentos.com.br\/conteudo\/empilhadeira-paletrans-usada-a-melhor-escolha-do-mercado-2\/"},"modified":"2025-08-29T03:46:07","modified_gmt":"2025-08-29T06:46:07","slug":"empilhadeira-paletrans-usada-a-melhor-escolha-do-mercado-2","status":"publish","type":"page","link":"https:\/\/nigroequipamentos.com.br\/conteudo\/empilhadeira-paletrans-usada-a-melhor-escolha-do-mercado-2\/","title":{"rendered":"Empilhadeira Paletrans Usada: A Melhor Escolha do Mercado"},"content":{"rendered":"<p>Se voc\u00ea busca por uma empilhadeira Paletrans usada, est\u00e1 no lugar certo! A Nigro Equipamentos se destaca no mercado com uma ampla gama de op\u00e7\u00f5es de empilhadeiras Paletrans usadas, oferecendo qualidade e confiabilidade. Nossas empilhadeiras s\u00e3o rigorosamente inspecionadas, garantindo a melhor performance e seguran\u00e7a. Al\u00e9m disso, contamos com uma equipe de especialistas prontos para atender suas necessidades, seja na compra ou loca\u00e7\u00e3o. N\u00e3o comprometa sua opera\u00e7\u00e3o, escolha a Nigro e tenha a certeza de que sua opera\u00e7\u00e3o estar\u00e1 sempre em alta performance com nossas empilhadeiras Paletrans usadas.<\/p>\n","protected":false},"excerpt":{"rendered":"<p>Se voc\u00ea busca por uma empilhadeira Paletrans usada, est\u00e1 no lugar certo! A Nigro Equipamentos se destaca no mercado com uma ampla gama de op\u00e7\u00f5es de empilhadeiras Paletrans usadas, oferecendo qualidade e confiabilidade. Nossas empilhadeiras s\u00e3o rigorosamente inspecionadas, garantindo a melhor performance e seguran\u00e7a. Al\u00e9m disso, contamos com uma equipe de especialistas prontos para atender&hellip;&nbsp;<a href=\"https:\/\/nigroequipamentos.com.br\/conteudo\/empilhadeira-paletrans-usada-a-melhor-escolha-do-mercado-2\/\" class=\"\" rel=\"bookmark\">Continue a ler &raquo;<span class=\"screen-reader-text\">Empilhadeira Paletrans Usada: A Melhor Escolha do Mercado<\/span><\/a><\/p>\n","protected":false},"author":3,"featured_media":0,"parent":0,"menu_order":0,"comment_status":"closed","ping_status":"closed","template":"","meta":{"_acf_changed":false,"_yoast_wpseo_focuskw":"Empilhadeira Paletrans usada","_yoast_wpseo_title":"Empilhadeira Paletrans Usada: Confiabilidade e Qualidade com a Nigro Equipamentos","_yoast_wpseo_metadesc":"Descubra as melhores empilhadeiras Paletrans usadas na Nigro Equipamentos. Qualidade e confian\u00e7a para o seu neg\u00f3cio.","neve_meta_sidebar":"","neve_meta_container":"","neve_meta_enable_content_width":"","neve_meta_content_width":0,"neve_meta_title_alignment":"","neve_meta_author_avatar":"","neve_post_elements_order":"","neve_meta_disable_header":"","neve_meta_disable_footer":"","neve_meta_disable_title":"","footnotes":""},"class_list":["post-57019","page","type-page","status-publish","hentry"],"acf":{"bloco1title":"Qualidade Garantida","bloco1text":"As empilhadeiras Paletrans usadas da Nigro passam por rigorosos testes, garantindo qualidade e seguran\u00e7a para sua opera\u00e7\u00e3o.","bloco2title":"Variedade de Modelos","bloco2text":"Oferecemos uma gama diversificada de empilhadeiras Paletrans usadas, atendendo diferentes necessidades do mercado.","bloco3title":"Manuten\u00e7\u00e3o Especializada","bloco3text":"A Nigro Equipamentos n\u00e3o s\u00f3 vende, mas tamb\u00e9m realiza manuten\u00e7\u00e3o de empilhadeiras Paletrans usadas, garantindo longevidade e efici\u00eancia.","posttitle":"Por que Escolher Empilhadeiras Paletrans Usadas da Nigro?","postcontent":"<strong>Encontre a empilhadeira Paletrans usada ideal<\/strong> para o seu neg\u00f3cio na Nigro Equipamentos. Temos um vasto portf\u00f3lio que atende \u00e0s mais exigentes demandas do setor. Com nossas empilhadeiras Paletrans usadas, voc\u00ea obt\u00e9m uma solu\u00e7\u00e3o econ\u00f4mica e confi\u00e1vel para suas opera\u00e7\u00f5es log\u00edsticas. <strong>O que diferencia a Nigro<\/strong> \u00e9 a experi\u00eancia de anos no mercado, permitindo que nossos especialistas fa\u00e7am a escolha certa para voc\u00ea. Oferecemos assist\u00eancia na compra e loca\u00e7\u00e3o de empilhadeiras Paletrans usadas, al\u00e9m de suporte completo no p\u00f3s-venda. Conhe\u00e7a nossa manuten\u00e7\u00e3o especializada, que proporciona a seguran\u00e7a necess\u00e1ria ao operar. Valorize sua log\u00edstica e efici\u00eancia com as empilhadeiras Paletrans usadas da Nigro, l\u00edder no segmento. Entre em contato e descubra as melhores op\u00e7\u00f5es adequadas para seu neg\u00f3cio.","insightwidtitle":"Curiosidades sobre Empilhadeiras","insightwidcontent":"Voc\u00ea sabia que as empilhadeiras Paletrans usadas s\u00e3o uma excelente escolha para pequenas e m\u00e9dias empresas? Elas oferecem versatilidade e economia, permitindo que voc\u00ea maximize a efici\u00eancia de suas opera\u00e7\u00f5es. Muitas vezes, uma empilhadeira usada pode ter a mesma durabilidade e desempenho de uma nova, mas a queima de recursos \u00e9 muito menor, o que significa economia em longo prazo. Al\u00e9m disso, a Nigro Equipamentos garante que todas as suas empilhadeiras usadas est\u00e3o em conformidade com os padr\u00f5es de seguran\u00e7a e efici\u00eancia."},"yoast_head":"<!-- This site is optimized with the Yoast SEO Premium plugin v18.3 (Yoast SEO v23.4) - https:\/\/yoast.com\/wordpress\/plugins\/seo\/ -->\n<title>Empilhadeira Paletrans Usada: Confiabilidade e Qualidade com a Nigro Equipamentos<\/title>\n<meta name=\"description\" content=\"Descubra as melhores empilhadeiras Paletrans usadas na Nigro Equipamentos. Qualidade e confian\u00e7a para o seu neg\u00f3cio.\" \/>\n<meta name=\"robots\" content=\"index, follow, max-snippet:-1, max-image-preview:large, max-video-preview:-1\" \/>\n<link rel=\"canonical\" href=\"https:\/\/nigroequipamentos.com.br\/conteudo\/empilhadeira-paletrans-usada-a-melhor-escolha-do-mercado-2\/\" \/>\n<meta property=\"og:locale\" content=\"pt_BR\" \/>\n<meta property=\"og:type\" content=\"article\" \/>\n<meta property=\"og:title\" content=\"Empilhadeira Paletrans Usada: A Melhor Escolha do Mercado\" \/>\n<meta property=\"og:description\" content=\"Descubra as melhores empilhadeiras Paletrans usadas na Nigro Equipamentos. Qualidade e confian\u00e7a para o seu neg\u00f3cio.\" \/>\n<meta property=\"og:url\" content=\"https:\/\/nigroequipamentos.com.br\/conteudo\/empilhadeira-paletrans-usada-a-melhor-escolha-do-mercado-2\/\" \/>\n<meta property=\"og:site_name\" content=\"Nigro Equipamentos\" \/>\n<meta property=\"article:publisher\" content=\"https:\/\/www.facebook.com\/nigroequipamentos\" \/>\n<meta name=\"twitter:card\" content=\"summary_large_image\" \/>\n<script type=\"application\/ld+json\" class=\"yoast-schema-graph\">{\"@context\":\"https:\/\/schema.org\",\"@graph\":[{\"@type\":\"WebPage\",\"@id\":\"https:\/\/nigroequipamentos.com.br\/conteudo\/empilhadeira-paletrans-usada-a-melhor-escolha-do-mercado-2\/\",\"url\":\"https:\/\/nigroequipamentos.com.br\/conteudo\/empilhadeira-paletrans-usada-a-melhor-escolha-do-mercado-2\/\",\"name\":\"Empilhadeira Paletrans Usada: Confiabilidade e Qualidade com a Nigro Equipamentos\",\"isPartOf\":{\"@id\":\"https:\/\/nigroequipamentos.com.br\/conteudo\/#website\"},\"datePublished\":\"2025-08-29T06:46:07+00:00\",\"dateModified\":\"2025-08-29T06:46:07+00:00\",\"description\":\"Descubra as melhores empilhadeiras Paletrans usadas na Nigro Equipamentos. Qualidade e confian\u00e7a para o seu neg\u00f3cio.\",\"breadcrumb\":{\"@id\":\"https:\/\/nigroequipamentos.com.br\/conteudo\/empilhadeira-paletrans-usada-a-melhor-escolha-do-mercado-2\/#breadcrumb\"},\"inLanguage\":\"pt-BR\",\"potentialAction\":[{\"@type\":\"ReadAction\",\"target\":[\"https:\/\/nigroequipamentos.com.br\/conteudo\/empilhadeira-paletrans-usada-a-melhor-escolha-do-mercado-2\/\"]}]},{\"@type\":\"BreadcrumbList\",\"@id\":\"https:\/\/nigroequipamentos.com.br\/conteudo\/empilhadeira-paletrans-usada-a-melhor-escolha-do-mercado-2\/#breadcrumb\",\"itemListElement\":[{\"@type\":\"ListItem\",\"position\":1,\"name\":\"In\u00edcio\",\"item\":\"https:\/\/nigroequipamentos.com.br\/conteudo\/\"},{\"@type\":\"ListItem\",\"position\":2,\"name\":\"Empilhadeira Paletrans Usada: A Melhor Escolha do Mercado\"}]},{\"@type\":\"WebSite\",\"@id\":\"https:\/\/nigroequipamentos.com.br\/conteudo\/#website\",\"url\":\"https:\/\/nigroequipamentos.com.br\/conteudo\/\",\"name\":\"Nigro Equipamentos\",\"description\":\"Loca\u00e7\u00e3o e Vendas\",\"publisher\":{\"@id\":\"https:\/\/nigroequipamentos.com.br\/conteudo\/#organization\"},\"potentialAction\":[{\"@type\":\"SearchAction\",\"target\":{\"@type\":\"EntryPoint\",\"urlTemplate\":\"https:\/\/nigroequipamentos.com.br\/conteudo\/?s={search_term_string}\"},\"query-input\":{\"@type\":\"PropertyValueSpecification\",\"valueRequired\":true,\"valueName\":\"search_term_string\"}}],\"inLanguage\":\"pt-BR\"},{\"@type\":\"Organization\",\"@id\":\"https:\/\/nigroequipamentos.com.br\/conteudo\/#organization\",\"name\":\"Nigro Equipamentos\",\"url\":\"https:\/\/nigroequipamentos.com.br\/conteudo\/\",\"logo\":{\"@type\":\"ImageObject\",\"inLanguage\":\"pt-BR\",\"@id\":\"https:\/\/nigroequipamentos.com.br\/conteudo\/#\/schema\/logo\/image\/\",\"url\":\"https:\/\/nigroequipamentos.com.br\/conteudo\/wp-content\/uploads\/2024\/10\/nigroequipamentos_logo.webp\",\"contentUrl\":\"https:\/\/nigroequipamentos.com.br\/conteudo\/wp-content\/uploads\/2024\/10\/nigroequipamentos_logo.webp\",\"width\":785,\"height\":355,\"caption\":\"Nigro Equipamentos\"},\"image\":{\"@id\":\"https:\/\/nigroequipamentos.com.br\/conteudo\/#\/schema\/logo\/image\/\"},\"sameAs\":[\"https:\/\/www.facebook.com\/nigroequipamentos\",\"https:\/\/www.instagram.com\/nigroequipamentos\/\"]}]}<\/script>\n<!-- \/ Yoast SEO Premium plugin. -->","yoast_head_json":{"title":"Empilhadeira Paletrans Usada: Confiabilidade e Qualidade com a Nigro Equipamentos","description":"Descubra as melhores empilhadeiras Paletrans usadas na Nigro Equipamentos. Qualidade e confian\u00e7a para o seu neg\u00f3cio.","robots":{"index":"index","follow":"follow","max-snippet":"max-snippet:-1","max-image-preview":"max-image-preview:large","max-video-preview":"max-video-preview:-1"},"canonical":"https:\/\/nigroequipamentos.com.br\/conteudo\/empilhadeira-paletrans-usada-a-melhor-escolha-do-mercado-2\/","og_locale":"pt_BR","og_type":"article","og_title":"Empilhadeira Paletrans Usada: A Melhor Escolha do Mercado","og_description":"Descubra as melhores empilhadeiras Paletrans usadas na Nigro Equipamentos. Qualidade e confian\u00e7a para o seu neg\u00f3cio.","og_url":"https:\/\/nigroequipamentos.com.br\/conteudo\/empilhadeira-paletrans-usada-a-melhor-escolha-do-mercado-2\/","og_site_name":"Nigro Equipamentos","article_publisher":"https:\/\/www.facebook.com\/nigroequipamentos","twitter_card":"summary_large_image","schema":{"@context":"https:\/\/schema.org","@graph":[{"@type":"WebPage","@id":"https:\/\/nigroequipamentos.com.br\/conteudo\/empilhadeira-paletrans-usada-a-melhor-escolha-do-mercado-2\/","url":"https:\/\/nigroequipamentos.com.br\/conteudo\/empilhadeira-paletrans-usada-a-melhor-escolha-do-mercado-2\/","name":"Empilhadeira Paletrans Usada: Confiabilidade e Qualidade com a Nigro Equipamentos","isPartOf":{"@id":"https:\/\/nigroequipamentos.com.br\/conteudo\/#website"},"datePublished":"2025-08-29T06:46:07+00:00","dateModified":"2025-08-29T06:46:07+00:00","description":"Descubra as melhores empilhadeiras Paletrans usadas na Nigro Equipamentos. Qualidade e confian\u00e7a para o seu neg\u00f3cio.","breadcrumb":{"@id":"https:\/\/nigroequipamentos.com.br\/conteudo\/empilhadeira-paletrans-usada-a-melhor-escolha-do-mercado-2\/#breadcrumb"},"inLanguage":"pt-BR","potentialAction":[{"@type":"ReadAction","target":["https:\/\/nigroequipamentos.com.br\/conteudo\/empilhadeira-paletrans-usada-a-melhor-escolha-do-mercado-2\/"]}]},{"@type":"BreadcrumbList","@id":"https:\/\/nigroequipamentos.com.br\/conteudo\/empilhadeira-paletrans-usada-a-melhor-escolha-do-mercado-2\/#breadcrumb","itemListElement":[{"@type":"ListItem","position":1,"name":"In\u00edcio","item":"https:\/\/nigroequipamentos.com.br\/conteudo\/"},{"@type":"ListItem","position":2,"name":"Empilhadeira Paletrans Usada: A Melhor Escolha do Mercado"}]},{"@type":"WebSite","@id":"https:\/\/nigroequipamentos.com.br\/conteudo\/#website","url":"https:\/\/nigroequipamentos.com.br\/conteudo\/","name":"Nigro Equipamentos","description":"Loca\u00e7\u00e3o e Vendas","publisher":{"@id":"https:\/\/nigroequipamentos.com.br\/conteudo\/#organization"},"potentialAction":[{"@type":"SearchAction","target":{"@type":"EntryPoint","urlTemplate":"https:\/\/nigroequipamentos.com.br\/conteudo\/?s={search_term_string}"},"query-input":{"@type":"PropertyValueSpecification","valueRequired":true,"valueName":"search_term_string"}}],"inLanguage":"pt-BR"},{"@type":"Organization","@id":"https:\/\/nigroequipamentos.com.br\/conteudo\/#organization","name":"Nigro Equipamentos","url":"https:\/\/nigroequipamentos.com.br\/conteudo\/","logo":{"@type":"ImageObject","inLanguage":"pt-BR","@id":"https:\/\/nigroequipamentos.com.br\/conteudo\/#\/schema\/logo\/image\/","url":"https:\/\/nigroequipamentos.com.br\/conteudo\/wp-content\/uploads\/2024\/10\/nigroequipamentos_logo.webp","contentUrl":"https:\/\/nigroequipamentos.com.br\/conteudo\/wp-content\/uploads\/2024\/10\/nigroequipamentos_logo.webp","width":785,"height":355,"caption":"Nigro Equipamentos"},"image":{"@id":"https:\/\/nigroequipamentos.com.br\/conteudo\/#\/schema\/logo\/image\/"},"sameAs":["https:\/\/www.facebook.com\/nigroequipamentos","https:\/\/www.instagram.com\/nigroequipamentos\/"]}]}},"_links":{"self":[{"href":"https:\/\/nigroequipamentos.com.br\/conteudo\/wp-json\/wp\/v2\/pages\/57019","targetHints":{"allow":["GET"]}}],"collection":[{"href":"https:\/\/nigroequipamentos.com.br\/conteudo\/wp-json\/wp\/v2\/pages"}],"about":[{"href":"https:\/\/nigroequipamentos.com.br\/conteudo\/wp-json\/wp\/v2\/types\/page"}],"author":[{"embeddable":true,"href":"https:\/\/nigroequipamentos.com.br\/conteudo\/wp-json\/wp\/v2\/users\/3"}],"replies":[{"embeddable":true,"href":"https:\/\/nigroequipamentos.com.br\/conteudo\/wp-json\/wp\/v2\/comments?post=57019"}],"version-history":[{"count":0,"href":"https:\/\/nigroequipamentos.com.br\/conteudo\/wp-json\/wp\/v2\/pages\/57019\/revisions"}],"wp:attachment":[{"href":"https:\/\/nigroequipamentos.com.br\/conteudo\/wp-json\/wp\/v2\/media?parent=57019"}],"curies":[{"name":"wp","href":"https:\/\/api.w.org\/{rel}","templated":true}]}}