{"id":56574,"date":"2025-08-27T01:45:59","date_gmt":"2025-08-27T04:45:59","guid":{"rendered":"https:\/\/nigroequipamentos.com.br\/conteudo\/empilhadeira-paletrans-fabricante-a-escolha-certa-para-seu-negocio\/"},"modified":"2025-08-27T01:45:59","modified_gmt":"2025-08-27T04:45:59","slug":"empilhadeira-paletrans-fabricante-a-escolha-certa-para-seu-negocio","status":"publish","type":"page","link":"https:\/\/nigroequipamentos.com.br\/conteudo\/empilhadeira-paletrans-fabricante-a-escolha-certa-para-seu-negocio\/","title":{"rendered":"Empilhadeira Paletrans Fabricante: A Escolha Certa para Seu Neg\u00f3cio"},"content":{"rendered":"<p>Quando se trata de efici\u00eancia e inova\u00e7\u00e3o no setor de equipamentos para movimenta\u00e7\u00e3o de cargas, a Empilhadeira Paletrans fabricante se destaca como uma das melhores op\u00e7\u00f5es do mercado. A Paletrans \u00e9 reconhecida pela sua excel\u00eancia em engenharia e tecnologia, entregando produtos que garantem seguran\u00e7a e agilidade em suas opera\u00e7\u00f5es. As empilhadeiras produzidas pela Paletrans s\u00e3o vers\u00e1teis, adequando-se perfeitamente a diferentes tipos de opera\u00e7\u00f5es log\u00edsticas. Portanto, se voc\u00ea busca qualidade e resist\u00eancia, a Empilhadeira Paletrans fabricante \u00e9 a escolha ideal. Al\u00e9m disso, a Nigro Equipamentos oferece suporte completo, desde a compra at\u00e9 a manuten\u00e7\u00e3o, destacando-se no mercado pela sua experi\u00eancia e confian\u00e7a. A Nigro \u00e9 a melhor op\u00e7\u00e3o para compra, manuten\u00e7\u00e3o e loca\u00e7\u00e3o de Empilhadeiras Paletrans, proporcionando aos seus clientes um atendimento diferenciado e solu\u00e7\u00f5es personalizadas para cada necessidade.<\/p>\n","protected":false},"excerpt":{"rendered":"<p>Quando se trata de efici\u00eancia e inova\u00e7\u00e3o no setor de equipamentos para movimenta\u00e7\u00e3o de cargas, a Empilhadeira Paletrans fabricante se destaca como uma das melhores op\u00e7\u00f5es do mercado. A Paletrans \u00e9 reconhecida pela sua excel\u00eancia em engenharia e tecnologia, entregando produtos que garantem seguran\u00e7a e agilidade em suas opera\u00e7\u00f5es. As empilhadeiras produzidas pela Paletrans s\u00e3o&hellip;&nbsp;<a href=\"https:\/\/nigroequipamentos.com.br\/conteudo\/empilhadeira-paletrans-fabricante-a-escolha-certa-para-seu-negocio\/\" class=\"\" rel=\"bookmark\">Continue a ler &raquo;<span class=\"screen-reader-text\">Empilhadeira Paletrans Fabricante: A Escolha Certa para Seu Neg\u00f3cio<\/span><\/a><\/p>\n","protected":false},"author":3,"featured_media":0,"parent":0,"menu_order":0,"comment_status":"closed","ping_status":"closed","template":"","meta":{"_acf_changed":false,"_yoast_wpseo_focuskw":"Empilhadeira Paletrans fabricante","_yoast_wpseo_title":"Empilhadeira Paletrans fabricante - A Melhor Escolha para Seu Neg\u00f3cio","_yoast_wpseo_metadesc":"Descubra tudo sobre a Empilhadeira Paletrans fabricante e como a Nigro Equipamentos pode ajudar na sua compra, manuten\u00e7\u00e3o e loca\u00e7\u00e3o.","neve_meta_sidebar":"","neve_meta_container":"","neve_meta_enable_content_width":"","neve_meta_content_width":0,"neve_meta_title_alignment":"","neve_meta_author_avatar":"","neve_post_elements_order":"","neve_meta_disable_header":"","neve_meta_disable_footer":"","neve_meta_disable_title":"","footnotes":""},"class_list":["post-56574","page","type-page","status-publish","hentry"],"acf":{"bloco1title":"Qualidade Superior","bloco1text":"As empilhadeiras Paletrans se destacam pela qualidade de constru\u00e7\u00e3o e tecnologia avan\u00e7ada, garantindo durabilidade e efici\u00eancia operacional.","bloco2title":"Suporte Completo","bloco2text":"Contamos com assist\u00eancias t\u00e9cnicas especializadas para garantir que suas Empilhadeiras Paletrans funcionem perfeitamente.","bloco3title":"Inova\u00e7\u00e3o no Mercado","bloco3text":"A Empilhadeira Paletrans fabricante investe constantemente em inova\u00e7\u00e3o, adaptando-se \u00e0s novas demandas do mercado, sempre priorizando a seguran\u00e7a e efici\u00eancia.","posttitle":"Empilhadeira Paletrans Fabricante: Por que Escolher esta Marca?","postcontent":"<strong>Conhecendo a Empilhadeira Paletrans fabricante<\/strong> - No competitivo setor de equipamentos para movimenta\u00e7\u00e3o de cargas, a Empilhadeira Paletrans fabricante se destaca como um dos melhores fornecedores. Reconhecida por sua qualidade e inova\u00e7\u00e3o, a Paletrans oferece empilhadeiras que n\u00e3o apenas atendem, mas superam as expectativas do mercado. A Durabilidade \u00e9 uma caracter\u00edstica essencial da Empilhadeira Paletrans, permitindo que elas operem em diversos ambientes, desde armaz\u00e9ns at\u00e9 f\u00e1bricas pesadas. Outro ponto forte \u00e9 a Versatilidade das Empilhadeiras Paletrans, que podem ser configuradas para atender necessidades espec\u00edficas de diferentes opera\u00e7\u00f5es log\u00edsticas. Ao optar pela Empilhadeira Paletrans fabricante voc\u00ea tamb\u00e9m investe em seguran\u00e7a, j\u00e1 que seus equipamentos s\u00e3o projetados com os mais altos padr\u00f5es de seguran\u00e7a do trabalho. Para a manuten\u00e7\u00e3o, a Nigro Equipamentos \u00e9 o parceiro ideal, oferecendo servi\u00e7os que garantem a longevidade de sua Empilhadeira Paletrans. Assim, a Nigro se coloca como a melhor op\u00e7\u00e3o para compra, manuten\u00e7\u00e3o e loca\u00e7\u00e3o, com um suporte confi\u00e1vel e especializado para que voc\u00ea possa aproveitar ao m\u00e1ximo as vantagens de ter uma Empilhadeira Paletrans em sua empresa.","insightwidtitle":"Curiosidades sobre Empilhadeiras","insightwidcontent":"Voc\u00ea sabia que as empilhadeiras Paletrans s\u00e3o desenvolvidas com tecnologia de ponta para otimizar a efici\u00eancia operacional? Al\u00e9m disso, a Paletrans investe em pr\u00e1ticas sustent\u00e1veis na produ\u00e7\u00e3o de suas empilhadeiras, contribuindo para um futuro mais ecol\u00f3gico."},"yoast_head":"<!-- This site is optimized with the Yoast SEO Premium plugin v18.3 (Yoast SEO v23.4) - https:\/\/yoast.com\/wordpress\/plugins\/seo\/ -->\n<title>Empilhadeira Paletrans fabricante - A Melhor Escolha para Seu Neg\u00f3cio<\/title>\n<meta name=\"description\" content=\"Descubra tudo sobre a Empilhadeira Paletrans fabricante e como a Nigro Equipamentos pode ajudar na sua compra, manuten\u00e7\u00e3o e loca\u00e7\u00e3o.\" \/>\n<meta name=\"robots\" content=\"index, follow, max-snippet:-1, max-image-preview:large, max-video-preview:-1\" \/>\n<link rel=\"canonical\" href=\"https:\/\/nigroequipamentos.com.br\/conteudo\/empilhadeira-paletrans-fabricante-a-escolha-certa-para-seu-negocio\/\" \/>\n<meta property=\"og:locale\" content=\"pt_BR\" \/>\n<meta property=\"og:type\" content=\"article\" \/>\n<meta property=\"og:title\" content=\"Empilhadeira Paletrans Fabricante: A Escolha Certa para Seu Neg\u00f3cio\" \/>\n<meta property=\"og:description\" content=\"Descubra tudo sobre a Empilhadeira Paletrans fabricante e como a Nigro Equipamentos pode ajudar na sua compra, manuten\u00e7\u00e3o e loca\u00e7\u00e3o.\" \/>\n<meta property=\"og:url\" content=\"https:\/\/nigroequipamentos.com.br\/conteudo\/empilhadeira-paletrans-fabricante-a-escolha-certa-para-seu-negocio\/\" \/>\n<meta property=\"og:site_name\" content=\"Nigro Equipamentos\" \/>\n<meta property=\"article:publisher\" content=\"https:\/\/www.facebook.com\/nigroequipamentos\" \/>\n<meta name=\"twitter:card\" content=\"summary_large_image\" \/>\n<meta name=\"twitter:label1\" content=\"Est. tempo de leitura\" \/>\n\t<meta name=\"twitter:data1\" content=\"1 minuto\" \/>\n<script type=\"application\/ld+json\" class=\"yoast-schema-graph\">{\"@context\":\"https:\/\/schema.org\",\"@graph\":[{\"@type\":\"WebPage\",\"@id\":\"https:\/\/nigroequipamentos.com.br\/conteudo\/empilhadeira-paletrans-fabricante-a-escolha-certa-para-seu-negocio\/\",\"url\":\"https:\/\/nigroequipamentos.com.br\/conteudo\/empilhadeira-paletrans-fabricante-a-escolha-certa-para-seu-negocio\/\",\"name\":\"Empilhadeira Paletrans fabricante - A Melhor Escolha para Seu Neg\u00f3cio\",\"isPartOf\":{\"@id\":\"https:\/\/nigroequipamentos.com.br\/conteudo\/#website\"},\"datePublished\":\"2025-08-27T04:45:59+00:00\",\"dateModified\":\"2025-08-27T04:45:59+00:00\",\"description\":\"Descubra tudo sobre a Empilhadeira Paletrans fabricante e como a Nigro Equipamentos pode ajudar na sua compra, manuten\u00e7\u00e3o e loca\u00e7\u00e3o.\",\"breadcrumb\":{\"@id\":\"https:\/\/nigroequipamentos.com.br\/conteudo\/empilhadeira-paletrans-fabricante-a-escolha-certa-para-seu-negocio\/#breadcrumb\"},\"inLanguage\":\"pt-BR\",\"potentialAction\":[{\"@type\":\"ReadAction\",\"target\":[\"https:\/\/nigroequipamentos.com.br\/conteudo\/empilhadeira-paletrans-fabricante-a-escolha-certa-para-seu-negocio\/\"]}]},{\"@type\":\"BreadcrumbList\",\"@id\":\"https:\/\/nigroequipamentos.com.br\/conteudo\/empilhadeira-paletrans-fabricante-a-escolha-certa-para-seu-negocio\/#breadcrumb\",\"itemListElement\":[{\"@type\":\"ListItem\",\"position\":1,\"name\":\"In\u00edcio\",\"item\":\"https:\/\/nigroequipamentos.com.br\/conteudo\/\"},{\"@type\":\"ListItem\",\"position\":2,\"name\":\"Empilhadeira Paletrans Fabricante: A Escolha Certa para Seu Neg\u00f3cio\"}]},{\"@type\":\"WebSite\",\"@id\":\"https:\/\/nigroequipamentos.com.br\/conteudo\/#website\",\"url\":\"https:\/\/nigroequipamentos.com.br\/conteudo\/\",\"name\":\"Nigro Equipamentos\",\"description\":\"Loca\u00e7\u00e3o e Vendas\",\"publisher\":{\"@id\":\"https:\/\/nigroequipamentos.com.br\/conteudo\/#organization\"},\"potentialAction\":[{\"@type\":\"SearchAction\",\"target\":{\"@type\":\"EntryPoint\",\"urlTemplate\":\"https:\/\/nigroequipamentos.com.br\/conteudo\/?s={search_term_string}\"},\"query-input\":{\"@type\":\"PropertyValueSpecification\",\"valueRequired\":true,\"valueName\":\"search_term_string\"}}],\"inLanguage\":\"pt-BR\"},{\"@type\":\"Organization\",\"@id\":\"https:\/\/nigroequipamentos.com.br\/conteudo\/#organization\",\"name\":\"Nigro Equipamentos\",\"url\":\"https:\/\/nigroequipamentos.com.br\/conteudo\/\",\"logo\":{\"@type\":\"ImageObject\",\"inLanguage\":\"pt-BR\",\"@id\":\"https:\/\/nigroequipamentos.com.br\/conteudo\/#\/schema\/logo\/image\/\",\"url\":\"https:\/\/nigroequipamentos.com.br\/conteudo\/wp-content\/uploads\/2024\/10\/nigroequipamentos_logo.webp\",\"contentUrl\":\"https:\/\/nigroequipamentos.com.br\/conteudo\/wp-content\/uploads\/2024\/10\/nigroequipamentos_logo.webp\",\"width\":785,\"height\":355,\"caption\":\"Nigro Equipamentos\"},\"image\":{\"@id\":\"https:\/\/nigroequipamentos.com.br\/conteudo\/#\/schema\/logo\/image\/\"},\"sameAs\":[\"https:\/\/www.facebook.com\/nigroequipamentos\",\"https:\/\/www.instagram.com\/nigroequipamentos\/\"]}]}<\/script>\n<!-- \/ Yoast SEO Premium plugin. -->","yoast_head_json":{"title":"Empilhadeira Paletrans fabricante - A Melhor Escolha para Seu Neg\u00f3cio","description":"Descubra tudo sobre a Empilhadeira Paletrans fabricante e como a Nigro Equipamentos pode ajudar na sua compra, manuten\u00e7\u00e3o e loca\u00e7\u00e3o.","robots":{"index":"index","follow":"follow","max-snippet":"max-snippet:-1","max-image-preview":"max-image-preview:large","max-video-preview":"max-video-preview:-1"},"canonical":"https:\/\/nigroequipamentos.com.br\/conteudo\/empilhadeira-paletrans-fabricante-a-escolha-certa-para-seu-negocio\/","og_locale":"pt_BR","og_type":"article","og_title":"Empilhadeira Paletrans Fabricante: A Escolha Certa para Seu Neg\u00f3cio","og_description":"Descubra tudo sobre a Empilhadeira Paletrans fabricante e como a Nigro Equipamentos pode ajudar na sua compra, manuten\u00e7\u00e3o e loca\u00e7\u00e3o.","og_url":"https:\/\/nigroequipamentos.com.br\/conteudo\/empilhadeira-paletrans-fabricante-a-escolha-certa-para-seu-negocio\/","og_site_name":"Nigro Equipamentos","article_publisher":"https:\/\/www.facebook.com\/nigroequipamentos","twitter_card":"summary_large_image","twitter_misc":{"Est. tempo de leitura":"1 minuto"},"schema":{"@context":"https:\/\/schema.org","@graph":[{"@type":"WebPage","@id":"https:\/\/nigroequipamentos.com.br\/conteudo\/empilhadeira-paletrans-fabricante-a-escolha-certa-para-seu-negocio\/","url":"https:\/\/nigroequipamentos.com.br\/conteudo\/empilhadeira-paletrans-fabricante-a-escolha-certa-para-seu-negocio\/","name":"Empilhadeira Paletrans fabricante - A Melhor Escolha para Seu Neg\u00f3cio","isPartOf":{"@id":"https:\/\/nigroequipamentos.com.br\/conteudo\/#website"},"datePublished":"2025-08-27T04:45:59+00:00","dateModified":"2025-08-27T04:45:59+00:00","description":"Descubra tudo sobre a Empilhadeira Paletrans fabricante e como a Nigro Equipamentos pode ajudar na sua compra, manuten\u00e7\u00e3o e loca\u00e7\u00e3o.","breadcrumb":{"@id":"https:\/\/nigroequipamentos.com.br\/conteudo\/empilhadeira-paletrans-fabricante-a-escolha-certa-para-seu-negocio\/#breadcrumb"},"inLanguage":"pt-BR","potentialAction":[{"@type":"ReadAction","target":["https:\/\/nigroequipamentos.com.br\/conteudo\/empilhadeira-paletrans-fabricante-a-escolha-certa-para-seu-negocio\/"]}]},{"@type":"BreadcrumbList","@id":"https:\/\/nigroequipamentos.com.br\/conteudo\/empilhadeira-paletrans-fabricante-a-escolha-certa-para-seu-negocio\/#breadcrumb","itemListElement":[{"@type":"ListItem","position":1,"name":"In\u00edcio","item":"https:\/\/nigroequipamentos.com.br\/conteudo\/"},{"@type":"ListItem","position":2,"name":"Empilhadeira Paletrans Fabricante: A Escolha Certa para Seu Neg\u00f3cio"}]},{"@type":"WebSite","@id":"https:\/\/nigroequipamentos.com.br\/conteudo\/#website","url":"https:\/\/nigroequipamentos.com.br\/conteudo\/","name":"Nigro Equipamentos","description":"Loca\u00e7\u00e3o e Vendas","publisher":{"@id":"https:\/\/nigroequipamentos.com.br\/conteudo\/#organization"},"potentialAction":[{"@type":"SearchAction","target":{"@type":"EntryPoint","urlTemplate":"https:\/\/nigroequipamentos.com.br\/conteudo\/?s={search_term_string}"},"query-input":{"@type":"PropertyValueSpecification","valueRequired":true,"valueName":"search_term_string"}}],"inLanguage":"pt-BR"},{"@type":"Organization","@id":"https:\/\/nigroequipamentos.com.br\/conteudo\/#organization","name":"Nigro Equipamentos","url":"https:\/\/nigroequipamentos.com.br\/conteudo\/","logo":{"@type":"ImageObject","inLanguage":"pt-BR","@id":"https:\/\/nigroequipamentos.com.br\/conteudo\/#\/schema\/logo\/image\/","url":"https:\/\/nigroequipamentos.com.br\/conteudo\/wp-content\/uploads\/2024\/10\/nigroequipamentos_logo.webp","contentUrl":"https:\/\/nigroequipamentos.com.br\/conteudo\/wp-content\/uploads\/2024\/10\/nigroequipamentos_logo.webp","width":785,"height":355,"caption":"Nigro Equipamentos"},"image":{"@id":"https:\/\/nigroequipamentos.com.br\/conteudo\/#\/schema\/logo\/image\/"},"sameAs":["https:\/\/www.facebook.com\/nigroequipamentos","https:\/\/www.instagram.com\/nigroequipamentos\/"]}]}},"_links":{"self":[{"href":"https:\/\/nigroequipamentos.com.br\/conteudo\/wp-json\/wp\/v2\/pages\/56574","targetHints":{"allow":["GET"]}}],"collection":[{"href":"https:\/\/nigroequipamentos.com.br\/conteudo\/wp-json\/wp\/v2\/pages"}],"about":[{"href":"https:\/\/nigroequipamentos.com.br\/conteudo\/wp-json\/wp\/v2\/types\/page"}],"author":[{"embeddable":true,"href":"https:\/\/nigroequipamentos.com.br\/conteudo\/wp-json\/wp\/v2\/users\/3"}],"replies":[{"embeddable":true,"href":"https:\/\/nigroequipamentos.com.br\/conteudo\/wp-json\/wp\/v2\/comments?post=56574"}],"version-history":[{"count":0,"href":"https:\/\/nigroequipamentos.com.br\/conteudo\/wp-json\/wp\/v2\/pages\/56574\/revisions"}],"wp:attachment":[{"href":"https:\/\/nigroequipamentos.com.br\/conteudo\/wp-json\/wp\/v2\/media?parent=56574"}],"curies":[{"name":"wp","href":"https:\/\/api.w.org\/{rel}","templated":true}]}}