{"id":54483,"date":"2025-08-17T02:00:59","date_gmt":"2025-08-17T05:00:59","guid":{"rendered":"https:\/\/nigroequipamentos.com.br\/conteudo\/empilhadeira-paletrans-a-solucao-ideal-para-seu-comercio-4\/"},"modified":"2025-08-17T02:00:59","modified_gmt":"2025-08-17T05:00:59","slug":"empilhadeira-paletrans-a-solucao-ideal-para-seu-comercio-4","status":"publish","type":"page","link":"https:\/\/nigroequipamentos.com.br\/conteudo\/empilhadeira-paletrans-a-solucao-ideal-para-seu-comercio-4\/","title":{"rendered":"Empilhadeira Paletrans: A Solu\u00e7\u00e3o Ideal para Seu Com\u00e9rcio"},"content":{"rendered":"<p>A Nigro Equipamentos \u00e9 a refer\u00eancia quando se fala em empilhadeiras Paletrans para o com\u00e9rcio. Nossa experi\u00eancia e expertise garantem que oferecemos as melhores op\u00e7\u00f5es para compra, manuten\u00e7\u00e3o e loca\u00e7\u00e3o desse tipo de equipamento. Se voc\u00ea procura por empilhadeiras Paletrans, possui a certeza de que a Nigro tem a solu\u00e7\u00e3o que voc\u00ea precisa. Com profissionais altamente capacitados e tecnologia de ponta, asseguramos qualidade e efici\u00eancia em todos os nossos servi\u00e7os relacionados a empilhadeiras Paletrans. Conhe\u00e7a nossos diferenciais e fa\u00e7a a escolha certa para seu neg\u00f3cio.<\/p>\n","protected":false},"excerpt":{"rendered":"<p>A Nigro Equipamentos \u00e9 a refer\u00eancia quando se fala em empilhadeiras Paletrans para o com\u00e9rcio. Nossa experi\u00eancia e expertise garantem que oferecemos as melhores op\u00e7\u00f5es para compra, manuten\u00e7\u00e3o e loca\u00e7\u00e3o desse tipo de equipamento. Se voc\u00ea procura por empilhadeiras Paletrans, possui a certeza de que a Nigro tem a solu\u00e7\u00e3o que voc\u00ea precisa. Com profissionais&hellip;&nbsp;<a href=\"https:\/\/nigroequipamentos.com.br\/conteudo\/empilhadeira-paletrans-a-solucao-ideal-para-seu-comercio-4\/\" class=\"\" rel=\"bookmark\">Continue a ler &raquo;<span class=\"screen-reader-text\">Empilhadeira Paletrans: A Solu\u00e7\u00e3o Ideal para Seu Com\u00e9rcio<\/span><\/a><\/p>\n","protected":false},"author":3,"featured_media":0,"parent":0,"menu_order":0,"comment_status":"closed","ping_status":"closed","template":"","meta":{"_acf_changed":false,"_yoast_wpseo_focuskw":"Empilhadeira Paletrans com\u00e9rcio","_yoast_wpseo_title":"Empilhadeira Paletrans: Ideal para Com\u00e9rcio | Nigro Equipamentos","_yoast_wpseo_metadesc":"Saiba como as empilhadeiras Paletrans podem transformar seu com\u00e9rcio. Confira as melhores op\u00e7\u00f5es e servi\u00e7os com a Nigro Equipamentos.","neve_meta_sidebar":"","neve_meta_container":"","neve_meta_enable_content_width":"","neve_meta_content_width":0,"neve_meta_title_alignment":"","neve_meta_author_avatar":"","neve_post_elements_order":"","neve_meta_disable_header":"","neve_meta_disable_footer":"","neve_meta_disable_title":"","footnotes":""},"class_list":["post-54483","page","type-page","status-publish","hentry"],"acf":{"bloco1title":"Qualidade Garantida","bloco1text":"Na Nigro, cada empilhadeira Paletrans \u00e9 testada e aprovada para garantir seguran\u00e7a e efici\u00eancia operacional, proporcionando confian\u00e7a aos nosso clientes.","bloco2title":"Manuten\u00e7\u00e3o Eficiente","bloco2text":"Oferecemos Servi\u00e7os de manuten\u00e7\u00e3o para empilhadeiras Paletrans, assegurando que seus equipamentos estejam sempre em perfeitas condi\u00e7\u00f5es.","bloco3title":"A Import\u00e2ncia das Empilhadeiras","bloco3text":"As empilhadeiras Paletrans se destacam pela versatilidade e agilidade, essenciais para otimizar processos log\u00edsticos e aumentar a produtividade do seu com\u00e9rcio.","posttitle":"Por que Escolher Empilhadeiras Paletrans para seu Com\u00e9rcio?","postcontent":"<strong>Empilhadeiras Paletrans: A Escolha Certa<\/strong> Se voc\u00ea est\u00e1 no ramo de armazenamento ou log\u00edstica, escolher as empilhadeiras Paletrans \u00e9 um passo fundamental para o sucesso do seu com\u00e9rcio. Essas empilhadeiras foram projetadas para oferecer manobrabilidade e efici\u00eancia, adaptando-se perfeitamente a espa\u00e7os reduzidos. <br><br> Com a Nigro Equipamentos, voc\u00ea n\u00e3o s\u00f3 encontra a empilhadeira Paletrans ideal para sua necessidade, mas tamb\u00e9m conta com suporte t\u00e9cnico de qualidade. Nossa experi\u00eancia no setor garante que voc\u00ea obtenha um equipamento robusto e confi\u00e1vel, capaz de suportar as demandas do dia a dia operacional. <br><br> Al\u00e9m disso, a manuten\u00e7\u00e3o das empilhadeiras Paletrans \u00e9 essencial. Na Nigro, temos um time especializado que realiza a manuten\u00e7\u00e3o preventiva e corretiva, evitando paradas inesperadas e garantindo a vida \u00fatil do equipamento. <br><br> Se o seu com\u00e9rcio precisa de tecnologia e robustez, a empilhadeira Paletrans \u00e9 a melhor escolha. Venha conhecer nossas op\u00e7\u00f5es de compra e loca\u00e7\u00e3o.","insightwidtitle":"Curiosidades sobre Empilhadeiras","insightwidcontent":"Voc\u00ea sabia que as empilhadeiras Paletrans s\u00e3o reconhecidas pela sua efici\u00eancia em espa\u00e7os apertados? Elas foram projetadas para maximizar a movimenta\u00e7\u00e3o de cargas, o que as torna ideais para ambientes de com\u00e9rcio que exigem alta agilidade no manuseio de produtos. Al\u00e9m disso, elas oferecem uma capacidade de carga enorme, permitindo que as opera\u00e7\u00f5es fluam com facilidade e seguran\u00e7a."},"yoast_head":"<!-- This site is optimized with the Yoast SEO Premium plugin v18.3 (Yoast SEO v23.4) - https:\/\/yoast.com\/wordpress\/plugins\/seo\/ -->\n<title>Empilhadeira Paletrans: Ideal para Com\u00e9rcio | Nigro Equipamentos<\/title>\n<meta name=\"description\" content=\"Saiba como as empilhadeiras Paletrans podem transformar seu com\u00e9rcio. Confira as melhores op\u00e7\u00f5es e servi\u00e7os com a Nigro Equipamentos.\" \/>\n<meta name=\"robots\" content=\"index, follow, max-snippet:-1, max-image-preview:large, max-video-preview:-1\" \/>\n<link rel=\"canonical\" href=\"https:\/\/nigroequipamentos.com.br\/conteudo\/empilhadeira-paletrans-a-solucao-ideal-para-seu-comercio-4\/\" \/>\n<meta property=\"og:locale\" content=\"pt_BR\" \/>\n<meta property=\"og:type\" content=\"article\" \/>\n<meta property=\"og:title\" content=\"Empilhadeira Paletrans: A Solu\u00e7\u00e3o Ideal para Seu Com\u00e9rcio\" \/>\n<meta property=\"og:description\" content=\"Saiba como as empilhadeiras Paletrans podem transformar seu com\u00e9rcio. Confira as melhores op\u00e7\u00f5es e servi\u00e7os com a Nigro Equipamentos.\" \/>\n<meta property=\"og:url\" content=\"https:\/\/nigroequipamentos.com.br\/conteudo\/empilhadeira-paletrans-a-solucao-ideal-para-seu-comercio-4\/\" \/>\n<meta property=\"og:site_name\" content=\"Nigro Equipamentos\" \/>\n<meta property=\"article:publisher\" content=\"https:\/\/www.facebook.com\/nigroequipamentos\" \/>\n<meta name=\"twitter:card\" content=\"summary_large_image\" \/>\n<script type=\"application\/ld+json\" class=\"yoast-schema-graph\">{\"@context\":\"https:\/\/schema.org\",\"@graph\":[{\"@type\":\"WebPage\",\"@id\":\"https:\/\/nigroequipamentos.com.br\/conteudo\/empilhadeira-paletrans-a-solucao-ideal-para-seu-comercio-4\/\",\"url\":\"https:\/\/nigroequipamentos.com.br\/conteudo\/empilhadeira-paletrans-a-solucao-ideal-para-seu-comercio-4\/\",\"name\":\"Empilhadeira Paletrans: Ideal para Com\u00e9rcio | Nigro Equipamentos\",\"isPartOf\":{\"@id\":\"https:\/\/nigroequipamentos.com.br\/conteudo\/#website\"},\"datePublished\":\"2025-08-17T05:00:59+00:00\",\"dateModified\":\"2025-08-17T05:00:59+00:00\",\"description\":\"Saiba como as empilhadeiras Paletrans podem transformar seu com\u00e9rcio. Confira as melhores op\u00e7\u00f5es e servi\u00e7os com a Nigro Equipamentos.\",\"breadcrumb\":{\"@id\":\"https:\/\/nigroequipamentos.com.br\/conteudo\/empilhadeira-paletrans-a-solucao-ideal-para-seu-comercio-4\/#breadcrumb\"},\"inLanguage\":\"pt-BR\",\"potentialAction\":[{\"@type\":\"ReadAction\",\"target\":[\"https:\/\/nigroequipamentos.com.br\/conteudo\/empilhadeira-paletrans-a-solucao-ideal-para-seu-comercio-4\/\"]}]},{\"@type\":\"BreadcrumbList\",\"@id\":\"https:\/\/nigroequipamentos.com.br\/conteudo\/empilhadeira-paletrans-a-solucao-ideal-para-seu-comercio-4\/#breadcrumb\",\"itemListElement\":[{\"@type\":\"ListItem\",\"position\":1,\"name\":\"In\u00edcio\",\"item\":\"https:\/\/nigroequipamentos.com.br\/conteudo\/\"},{\"@type\":\"ListItem\",\"position\":2,\"name\":\"Empilhadeira Paletrans: A Solu\u00e7\u00e3o Ideal para Seu Com\u00e9rcio\"}]},{\"@type\":\"WebSite\",\"@id\":\"https:\/\/nigroequipamentos.com.br\/conteudo\/#website\",\"url\":\"https:\/\/nigroequipamentos.com.br\/conteudo\/\",\"name\":\"Nigro Equipamentos\",\"description\":\"Loca\u00e7\u00e3o e Vendas\",\"publisher\":{\"@id\":\"https:\/\/nigroequipamentos.com.br\/conteudo\/#organization\"},\"potentialAction\":[{\"@type\":\"SearchAction\",\"target\":{\"@type\":\"EntryPoint\",\"urlTemplate\":\"https:\/\/nigroequipamentos.com.br\/conteudo\/?s={search_term_string}\"},\"query-input\":{\"@type\":\"PropertyValueSpecification\",\"valueRequired\":true,\"valueName\":\"search_term_string\"}}],\"inLanguage\":\"pt-BR\"},{\"@type\":\"Organization\",\"@id\":\"https:\/\/nigroequipamentos.com.br\/conteudo\/#organization\",\"name\":\"Nigro Equipamentos\",\"url\":\"https:\/\/nigroequipamentos.com.br\/conteudo\/\",\"logo\":{\"@type\":\"ImageObject\",\"inLanguage\":\"pt-BR\",\"@id\":\"https:\/\/nigroequipamentos.com.br\/conteudo\/#\/schema\/logo\/image\/\",\"url\":\"https:\/\/nigroequipamentos.com.br\/conteudo\/wp-content\/uploads\/2024\/10\/nigroequipamentos_logo.webp\",\"contentUrl\":\"https:\/\/nigroequipamentos.com.br\/conteudo\/wp-content\/uploads\/2024\/10\/nigroequipamentos_logo.webp\",\"width\":785,\"height\":355,\"caption\":\"Nigro Equipamentos\"},\"image\":{\"@id\":\"https:\/\/nigroequipamentos.com.br\/conteudo\/#\/schema\/logo\/image\/\"},\"sameAs\":[\"https:\/\/www.facebook.com\/nigroequipamentos\",\"https:\/\/www.instagram.com\/nigroequipamentos\/\"]}]}<\/script>\n<!-- \/ Yoast SEO Premium plugin. -->","yoast_head_json":{"title":"Empilhadeira Paletrans: Ideal para Com\u00e9rcio | Nigro Equipamentos","description":"Saiba como as empilhadeiras Paletrans podem transformar seu com\u00e9rcio. Confira as melhores op\u00e7\u00f5es e servi\u00e7os com a Nigro Equipamentos.","robots":{"index":"index","follow":"follow","max-snippet":"max-snippet:-1","max-image-preview":"max-image-preview:large","max-video-preview":"max-video-preview:-1"},"canonical":"https:\/\/nigroequipamentos.com.br\/conteudo\/empilhadeira-paletrans-a-solucao-ideal-para-seu-comercio-4\/","og_locale":"pt_BR","og_type":"article","og_title":"Empilhadeira Paletrans: A Solu\u00e7\u00e3o Ideal para Seu Com\u00e9rcio","og_description":"Saiba como as empilhadeiras Paletrans podem transformar seu com\u00e9rcio. Confira as melhores op\u00e7\u00f5es e servi\u00e7os com a Nigro Equipamentos.","og_url":"https:\/\/nigroequipamentos.com.br\/conteudo\/empilhadeira-paletrans-a-solucao-ideal-para-seu-comercio-4\/","og_site_name":"Nigro Equipamentos","article_publisher":"https:\/\/www.facebook.com\/nigroequipamentos","twitter_card":"summary_large_image","schema":{"@context":"https:\/\/schema.org","@graph":[{"@type":"WebPage","@id":"https:\/\/nigroequipamentos.com.br\/conteudo\/empilhadeira-paletrans-a-solucao-ideal-para-seu-comercio-4\/","url":"https:\/\/nigroequipamentos.com.br\/conteudo\/empilhadeira-paletrans-a-solucao-ideal-para-seu-comercio-4\/","name":"Empilhadeira Paletrans: Ideal para Com\u00e9rcio | Nigro Equipamentos","isPartOf":{"@id":"https:\/\/nigroequipamentos.com.br\/conteudo\/#website"},"datePublished":"2025-08-17T05:00:59+00:00","dateModified":"2025-08-17T05:00:59+00:00","description":"Saiba como as empilhadeiras Paletrans podem transformar seu com\u00e9rcio. Confira as melhores op\u00e7\u00f5es e servi\u00e7os com a Nigro Equipamentos.","breadcrumb":{"@id":"https:\/\/nigroequipamentos.com.br\/conteudo\/empilhadeira-paletrans-a-solucao-ideal-para-seu-comercio-4\/#breadcrumb"},"inLanguage":"pt-BR","potentialAction":[{"@type":"ReadAction","target":["https:\/\/nigroequipamentos.com.br\/conteudo\/empilhadeira-paletrans-a-solucao-ideal-para-seu-comercio-4\/"]}]},{"@type":"BreadcrumbList","@id":"https:\/\/nigroequipamentos.com.br\/conteudo\/empilhadeira-paletrans-a-solucao-ideal-para-seu-comercio-4\/#breadcrumb","itemListElement":[{"@type":"ListItem","position":1,"name":"In\u00edcio","item":"https:\/\/nigroequipamentos.com.br\/conteudo\/"},{"@type":"ListItem","position":2,"name":"Empilhadeira Paletrans: A Solu\u00e7\u00e3o Ideal para Seu Com\u00e9rcio"}]},{"@type":"WebSite","@id":"https:\/\/nigroequipamentos.com.br\/conteudo\/#website","url":"https:\/\/nigroequipamentos.com.br\/conteudo\/","name":"Nigro Equipamentos","description":"Loca\u00e7\u00e3o e Vendas","publisher":{"@id":"https:\/\/nigroequipamentos.com.br\/conteudo\/#organization"},"potentialAction":[{"@type":"SearchAction","target":{"@type":"EntryPoint","urlTemplate":"https:\/\/nigroequipamentos.com.br\/conteudo\/?s={search_term_string}"},"query-input":{"@type":"PropertyValueSpecification","valueRequired":true,"valueName":"search_term_string"}}],"inLanguage":"pt-BR"},{"@type":"Organization","@id":"https:\/\/nigroequipamentos.com.br\/conteudo\/#organization","name":"Nigro Equipamentos","url":"https:\/\/nigroequipamentos.com.br\/conteudo\/","logo":{"@type":"ImageObject","inLanguage":"pt-BR","@id":"https:\/\/nigroequipamentos.com.br\/conteudo\/#\/schema\/logo\/image\/","url":"https:\/\/nigroequipamentos.com.br\/conteudo\/wp-content\/uploads\/2024\/10\/nigroequipamentos_logo.webp","contentUrl":"https:\/\/nigroequipamentos.com.br\/conteudo\/wp-content\/uploads\/2024\/10\/nigroequipamentos_logo.webp","width":785,"height":355,"caption":"Nigro Equipamentos"},"image":{"@id":"https:\/\/nigroequipamentos.com.br\/conteudo\/#\/schema\/logo\/image\/"},"sameAs":["https:\/\/www.facebook.com\/nigroequipamentos","https:\/\/www.instagram.com\/nigroequipamentos\/"]}]}},"_links":{"self":[{"href":"https:\/\/nigroequipamentos.com.br\/conteudo\/wp-json\/wp\/v2\/pages\/54483","targetHints":{"allow":["GET"]}}],"collection":[{"href":"https:\/\/nigroequipamentos.com.br\/conteudo\/wp-json\/wp\/v2\/pages"}],"about":[{"href":"https:\/\/nigroequipamentos.com.br\/conteudo\/wp-json\/wp\/v2\/types\/page"}],"author":[{"embeddable":true,"href":"https:\/\/nigroequipamentos.com.br\/conteudo\/wp-json\/wp\/v2\/users\/3"}],"replies":[{"embeddable":true,"href":"https:\/\/nigroequipamentos.com.br\/conteudo\/wp-json\/wp\/v2\/comments?post=54483"}],"version-history":[{"count":0,"href":"https:\/\/nigroequipamentos.com.br\/conteudo\/wp-json\/wp\/v2\/pages\/54483\/revisions"}],"wp:attachment":[{"href":"https:\/\/nigroequipamentos.com.br\/conteudo\/wp-json\/wp\/v2\/media?parent=54483"}],"curies":[{"name":"wp","href":"https:\/\/api.w.org\/{rel}","templated":true}]}}