{"id":52482,"date":"2025-08-07T18:46:00","date_gmt":"2025-08-07T21:46:00","guid":{"rendered":"https:\/\/nigroequipamentos.com.br\/conteudo\/empilhadeira-paletrans-a-economia-que-transforma-seu-negocio-3\/"},"modified":"2025-08-07T18:46:00","modified_gmt":"2025-08-07T21:46:00","slug":"empilhadeira-paletrans-a-economia-que-transforma-seu-negocio-3","status":"publish","type":"page","link":"https:\/\/nigroequipamentos.com.br\/conteudo\/empilhadeira-paletrans-a-economia-que-transforma-seu-negocio-3\/","title":{"rendered":"Empilhadeira Paletrans: A Economia que Transforma Seu Neg\u00f3cio"},"content":{"rendered":"<p>A empilhadeira Paletrans \u00e9 a solu\u00e7\u00e3o ideal para quem busca efici\u00eancia e economia na movimenta\u00e7\u00e3o de cargas. Com recursos tecnol\u00f3gicos avan\u00e7ados, esse modelo proporciona um desempenho superior, garantindo maior rapidez e seguran\u00e7a nas opera\u00e7\u00f5es. Ao optar pela empilhadeira Paletrans, voc\u00ea reduz custos operacionais e melhora a produtividade, fazendo um investimento inteligente para o seu neg\u00f3cio. Na Nigro Equipamentos, entendemos a import\u00e2ncia de oferecer m\u00e1quinas que garantam a economia e efici\u00eancia, e a empilhadeira Paletrans \u00e9 um \u00f3timo exemplo disso.<\/p>\n","protected":false},"excerpt":{"rendered":"<p>A empilhadeira Paletrans \u00e9 a solu\u00e7\u00e3o ideal para quem busca efici\u00eancia e economia na movimenta\u00e7\u00e3o de cargas. Com recursos tecnol\u00f3gicos avan\u00e7ados, esse modelo proporciona um desempenho superior, garantindo maior rapidez e seguran\u00e7a nas opera\u00e7\u00f5es. Ao optar pela empilhadeira Paletrans, voc\u00ea reduz custos operacionais e melhora a produtividade, fazendo um investimento inteligente para o seu neg\u00f3cio.&hellip;&nbsp;<a href=\"https:\/\/nigroequipamentos.com.br\/conteudo\/empilhadeira-paletrans-a-economia-que-transforma-seu-negocio-3\/\" class=\"\" rel=\"bookmark\">Continue a ler &raquo;<span class=\"screen-reader-text\">Empilhadeira Paletrans: A Economia que Transforma Seu Neg\u00f3cio<\/span><\/a><\/p>\n","protected":false},"author":3,"featured_media":0,"parent":0,"menu_order":0,"comment_status":"closed","ping_status":"closed","template":"","meta":{"_acf_changed":false,"_yoast_wpseo_focuskw":"Empilhadeira Paletrans economia","_yoast_wpseo_title":"Empilhadeira Paletrans: Economia e Efici\u00eancia para Seu Neg\u00f3cio","_yoast_wpseo_metadesc":"Descubra como a empilhadeira Paletrans pode ajudar seu neg\u00f3cio a economizar e otimizar processos.","neve_meta_sidebar":"","neve_meta_container":"","neve_meta_enable_content_width":"","neve_meta_content_width":0,"neve_meta_title_alignment":"","neve_meta_author_avatar":"","neve_post_elements_order":"","neve_meta_disable_header":"","neve_meta_disable_footer":"","neve_meta_disable_title":"","footnotes":""},"class_list":["post-52482","page","type-page","status-publish","hentry"],"acf":{"bloco1title":"\u00c9 a escolha perfeita!","bloco1text":"A empilhadeira Paletrans destaca-se pela durabilidade e efici\u00eancia, tornando-se um investimento que traz retorno a longo prazo.","bloco2title":"Modelos variados","bloco2text":"A Nigro oferece uma linha completa de empilhadeiras Paletrans para atender diferentes necessidades do seu neg\u00f3cio.","bloco3title":"Aumento de produtividade","bloco3text":"Com a empilhadeira Paletrans, a movimenta\u00e7\u00e3o de cargas \u00e9 feita de forma mais \u00e1gil e segura, potencializando as opera\u00e7\u00f5es log\u00edsticas de sua empresa.","posttitle":"Descubra como a empilhadeira Paletrans pode economizar seu tempo e dinheiro","postcontent":"Investir em uma empilhadeira Paletrans \u00e9 sin\u00f4nimo de economizar. Esse equipamento \u00e9 projetado para maximizar a efici\u00eancia do seu armaz\u00e9m, garantindo que seu processo log\u00edstico ocorra com fluidez. Sua estrutura robusta e tecnologia inovadora n\u00e3o apenas minimiza o tempo de inatividade, mas tamb\u00e9m maximiza a utiliza\u00e7\u00e3o do espa\u00e7o, permitindo uma melhor organiza\u00e7\u00e3o das mercadorias.\n\nAl\u00e9m disso, a empilhadeira Paletrans \u00e9 conhecida pela sua economia de combust\u00edvel, resultando em custos operacionais reduzidos. Atrav\u00e9s de movimenta\u00e7\u00f5es mais r\u00e1pidas e seguras, voc\u00ea pode atender \u00e0 demanda de forma eficaz, evitando atrasos e perdas.\n\nA implementa\u00e7\u00e3o da empilhadeira Paletrans em seu neg\u00f3cio \u00e9, portanto, uma decis\u00e3o que n\u00e3o s\u00f3 traz economia imediata, mas tamb\u00e9m assegura um crescimento sustent\u00e1vel. Ao escolher a Nigro Equipamentos, voc\u00ea acessa n\u00e3o apenas as melhores m\u00e1quinas, mas tamb\u00e9m suporte t\u00e9cnico e manuten\u00e7\u00e3o especializada, prolongando a vida \u00fatil do seu investimento. O nosso compromisso \u00e9 com a sua satisfa\u00e7\u00e3o e bons resultados financeiros.","insightwidtitle":"Curiosidades sobre economia","insightwidcontent":"Voc\u00ea sabia que a escolha da empilhadeira certa pode representar at\u00e9 30% a mais em economia operacional? A empilhadeira Paletrans \u00e9 desenvolvida com tecnologias que minimizam o consumo de energia e maximizam a produtividade, impulsionando o lucro das empresas. Outro dado interessante \u00e9 que empresas que adotaram a Paletrans reportaram um aumento significativo na efici\u00eancia log\u00edstica e uma redu\u00e7\u00e3o de at\u00e9 25% nos custos de movimenta\u00e7\u00e3o, transformando a forma como gerenciam seus estoques."},"yoast_head":"<!-- This site is optimized with the Yoast SEO Premium plugin v18.3 (Yoast SEO v23.4) - https:\/\/yoast.com\/wordpress\/plugins\/seo\/ -->\n<title>Empilhadeira Paletrans: Economia e Efici\u00eancia para Seu Neg\u00f3cio<\/title>\n<meta name=\"description\" content=\"Descubra como a empilhadeira Paletrans pode ajudar seu neg\u00f3cio a economizar e otimizar processos.\" \/>\n<meta name=\"robots\" content=\"index, follow, max-snippet:-1, max-image-preview:large, max-video-preview:-1\" \/>\n<link rel=\"canonical\" href=\"https:\/\/nigroequipamentos.com.br\/conteudo\/empilhadeira-paletrans-a-economia-que-transforma-seu-negocio-3\/\" \/>\n<meta property=\"og:locale\" content=\"pt_BR\" \/>\n<meta property=\"og:type\" content=\"article\" \/>\n<meta property=\"og:title\" content=\"Empilhadeira Paletrans: A Economia que Transforma Seu Neg\u00f3cio\" \/>\n<meta property=\"og:description\" content=\"Descubra como a empilhadeira Paletrans pode ajudar seu neg\u00f3cio a economizar e otimizar processos.\" \/>\n<meta property=\"og:url\" content=\"https:\/\/nigroequipamentos.com.br\/conteudo\/empilhadeira-paletrans-a-economia-que-transforma-seu-negocio-3\/\" \/>\n<meta property=\"og:site_name\" content=\"Nigro Equipamentos\" \/>\n<meta property=\"article:publisher\" content=\"https:\/\/www.facebook.com\/nigroequipamentos\" \/>\n<meta name=\"twitter:card\" content=\"summary_large_image\" \/>\n<script type=\"application\/ld+json\" class=\"yoast-schema-graph\">{\"@context\":\"https:\/\/schema.org\",\"@graph\":[{\"@type\":\"WebPage\",\"@id\":\"https:\/\/nigroequipamentos.com.br\/conteudo\/empilhadeira-paletrans-a-economia-que-transforma-seu-negocio-3\/\",\"url\":\"https:\/\/nigroequipamentos.com.br\/conteudo\/empilhadeira-paletrans-a-economia-que-transforma-seu-negocio-3\/\",\"name\":\"Empilhadeira Paletrans: Economia e Efici\u00eancia para Seu Neg\u00f3cio\",\"isPartOf\":{\"@id\":\"https:\/\/nigroequipamentos.com.br\/conteudo\/#website\"},\"datePublished\":\"2025-08-07T21:46:00+00:00\",\"dateModified\":\"2025-08-07T21:46:00+00:00\",\"description\":\"Descubra como a empilhadeira Paletrans pode ajudar seu neg\u00f3cio a economizar e otimizar processos.\",\"breadcrumb\":{\"@id\":\"https:\/\/nigroequipamentos.com.br\/conteudo\/empilhadeira-paletrans-a-economia-que-transforma-seu-negocio-3\/#breadcrumb\"},\"inLanguage\":\"pt-BR\",\"potentialAction\":[{\"@type\":\"ReadAction\",\"target\":[\"https:\/\/nigroequipamentos.com.br\/conteudo\/empilhadeira-paletrans-a-economia-que-transforma-seu-negocio-3\/\"]}]},{\"@type\":\"BreadcrumbList\",\"@id\":\"https:\/\/nigroequipamentos.com.br\/conteudo\/empilhadeira-paletrans-a-economia-que-transforma-seu-negocio-3\/#breadcrumb\",\"itemListElement\":[{\"@type\":\"ListItem\",\"position\":1,\"name\":\"In\u00edcio\",\"item\":\"https:\/\/nigroequipamentos.com.br\/conteudo\/\"},{\"@type\":\"ListItem\",\"position\":2,\"name\":\"Empilhadeira Paletrans: A Economia que Transforma Seu Neg\u00f3cio\"}]},{\"@type\":\"WebSite\",\"@id\":\"https:\/\/nigroequipamentos.com.br\/conteudo\/#website\",\"url\":\"https:\/\/nigroequipamentos.com.br\/conteudo\/\",\"name\":\"Nigro Equipamentos\",\"description\":\"Loca\u00e7\u00e3o e Vendas\",\"publisher\":{\"@id\":\"https:\/\/nigroequipamentos.com.br\/conteudo\/#organization\"},\"potentialAction\":[{\"@type\":\"SearchAction\",\"target\":{\"@type\":\"EntryPoint\",\"urlTemplate\":\"https:\/\/nigroequipamentos.com.br\/conteudo\/?s={search_term_string}\"},\"query-input\":{\"@type\":\"PropertyValueSpecification\",\"valueRequired\":true,\"valueName\":\"search_term_string\"}}],\"inLanguage\":\"pt-BR\"},{\"@type\":\"Organization\",\"@id\":\"https:\/\/nigroequipamentos.com.br\/conteudo\/#organization\",\"name\":\"Nigro Equipamentos\",\"url\":\"https:\/\/nigroequipamentos.com.br\/conteudo\/\",\"logo\":{\"@type\":\"ImageObject\",\"inLanguage\":\"pt-BR\",\"@id\":\"https:\/\/nigroequipamentos.com.br\/conteudo\/#\/schema\/logo\/image\/\",\"url\":\"https:\/\/nigroequipamentos.com.br\/conteudo\/wp-content\/uploads\/2024\/10\/nigroequipamentos_logo.webp\",\"contentUrl\":\"https:\/\/nigroequipamentos.com.br\/conteudo\/wp-content\/uploads\/2024\/10\/nigroequipamentos_logo.webp\",\"width\":785,\"height\":355,\"caption\":\"Nigro Equipamentos\"},\"image\":{\"@id\":\"https:\/\/nigroequipamentos.com.br\/conteudo\/#\/schema\/logo\/image\/\"},\"sameAs\":[\"https:\/\/www.facebook.com\/nigroequipamentos\",\"https:\/\/www.instagram.com\/nigroequipamentos\/\"]}]}<\/script>\n<!-- \/ Yoast SEO Premium plugin. -->","yoast_head_json":{"title":"Empilhadeira Paletrans: Economia e Efici\u00eancia para Seu Neg\u00f3cio","description":"Descubra como a empilhadeira Paletrans pode ajudar seu neg\u00f3cio a economizar e otimizar processos.","robots":{"index":"index","follow":"follow","max-snippet":"max-snippet:-1","max-image-preview":"max-image-preview:large","max-video-preview":"max-video-preview:-1"},"canonical":"https:\/\/nigroequipamentos.com.br\/conteudo\/empilhadeira-paletrans-a-economia-que-transforma-seu-negocio-3\/","og_locale":"pt_BR","og_type":"article","og_title":"Empilhadeira Paletrans: A Economia que Transforma Seu Neg\u00f3cio","og_description":"Descubra como a empilhadeira Paletrans pode ajudar seu neg\u00f3cio a economizar e otimizar processos.","og_url":"https:\/\/nigroequipamentos.com.br\/conteudo\/empilhadeira-paletrans-a-economia-que-transforma-seu-negocio-3\/","og_site_name":"Nigro Equipamentos","article_publisher":"https:\/\/www.facebook.com\/nigroequipamentos","twitter_card":"summary_large_image","schema":{"@context":"https:\/\/schema.org","@graph":[{"@type":"WebPage","@id":"https:\/\/nigroequipamentos.com.br\/conteudo\/empilhadeira-paletrans-a-economia-que-transforma-seu-negocio-3\/","url":"https:\/\/nigroequipamentos.com.br\/conteudo\/empilhadeira-paletrans-a-economia-que-transforma-seu-negocio-3\/","name":"Empilhadeira Paletrans: Economia e Efici\u00eancia para Seu Neg\u00f3cio","isPartOf":{"@id":"https:\/\/nigroequipamentos.com.br\/conteudo\/#website"},"datePublished":"2025-08-07T21:46:00+00:00","dateModified":"2025-08-07T21:46:00+00:00","description":"Descubra como a empilhadeira Paletrans pode ajudar seu neg\u00f3cio a economizar e otimizar processos.","breadcrumb":{"@id":"https:\/\/nigroequipamentos.com.br\/conteudo\/empilhadeira-paletrans-a-economia-que-transforma-seu-negocio-3\/#breadcrumb"},"inLanguage":"pt-BR","potentialAction":[{"@type":"ReadAction","target":["https:\/\/nigroequipamentos.com.br\/conteudo\/empilhadeira-paletrans-a-economia-que-transforma-seu-negocio-3\/"]}]},{"@type":"BreadcrumbList","@id":"https:\/\/nigroequipamentos.com.br\/conteudo\/empilhadeira-paletrans-a-economia-que-transforma-seu-negocio-3\/#breadcrumb","itemListElement":[{"@type":"ListItem","position":1,"name":"In\u00edcio","item":"https:\/\/nigroequipamentos.com.br\/conteudo\/"},{"@type":"ListItem","position":2,"name":"Empilhadeira Paletrans: A Economia que Transforma Seu Neg\u00f3cio"}]},{"@type":"WebSite","@id":"https:\/\/nigroequipamentos.com.br\/conteudo\/#website","url":"https:\/\/nigroequipamentos.com.br\/conteudo\/","name":"Nigro Equipamentos","description":"Loca\u00e7\u00e3o e Vendas","publisher":{"@id":"https:\/\/nigroequipamentos.com.br\/conteudo\/#organization"},"potentialAction":[{"@type":"SearchAction","target":{"@type":"EntryPoint","urlTemplate":"https:\/\/nigroequipamentos.com.br\/conteudo\/?s={search_term_string}"},"query-input":{"@type":"PropertyValueSpecification","valueRequired":true,"valueName":"search_term_string"}}],"inLanguage":"pt-BR"},{"@type":"Organization","@id":"https:\/\/nigroequipamentos.com.br\/conteudo\/#organization","name":"Nigro Equipamentos","url":"https:\/\/nigroequipamentos.com.br\/conteudo\/","logo":{"@type":"ImageObject","inLanguage":"pt-BR","@id":"https:\/\/nigroequipamentos.com.br\/conteudo\/#\/schema\/logo\/image\/","url":"https:\/\/nigroequipamentos.com.br\/conteudo\/wp-content\/uploads\/2024\/10\/nigroequipamentos_logo.webp","contentUrl":"https:\/\/nigroequipamentos.com.br\/conteudo\/wp-content\/uploads\/2024\/10\/nigroequipamentos_logo.webp","width":785,"height":355,"caption":"Nigro Equipamentos"},"image":{"@id":"https:\/\/nigroequipamentos.com.br\/conteudo\/#\/schema\/logo\/image\/"},"sameAs":["https:\/\/www.facebook.com\/nigroequipamentos","https:\/\/www.instagram.com\/nigroequipamentos\/"]}]}},"_links":{"self":[{"href":"https:\/\/nigroequipamentos.com.br\/conteudo\/wp-json\/wp\/v2\/pages\/52482","targetHints":{"allow":["GET"]}}],"collection":[{"href":"https:\/\/nigroequipamentos.com.br\/conteudo\/wp-json\/wp\/v2\/pages"}],"about":[{"href":"https:\/\/nigroequipamentos.com.br\/conteudo\/wp-json\/wp\/v2\/types\/page"}],"author":[{"embeddable":true,"href":"https:\/\/nigroequipamentos.com.br\/conteudo\/wp-json\/wp\/v2\/users\/3"}],"replies":[{"embeddable":true,"href":"https:\/\/nigroequipamentos.com.br\/conteudo\/wp-json\/wp\/v2\/comments?post=52482"}],"version-history":[{"count":0,"href":"https:\/\/nigroequipamentos.com.br\/conteudo\/wp-json\/wp\/v2\/pages\/52482\/revisions"}],"wp:attachment":[{"href":"https:\/\/nigroequipamentos.com.br\/conteudo\/wp-json\/wp\/v2\/media?parent=52482"}],"curies":[{"name":"wp","href":"https:\/\/api.w.org\/{rel}","templated":true}]}}