{"id":50212,"date":"2025-07-28T09:46:06","date_gmt":"2025-07-28T12:46:06","guid":{"rendered":"https:\/\/nigroequipamentos.com.br\/conteudo\/empilhadeira-paletrans-eficiencia-e-versatilidade-em-operacoes\/"},"modified":"2025-07-28T09:46:06","modified_gmt":"2025-07-28T12:46:06","slug":"empilhadeira-paletrans-eficiencia-e-versatilidade-em-operacoes","status":"publish","type":"page","link":"https:\/\/nigroequipamentos.com.br\/conteudo\/empilhadeira-paletrans-eficiencia-e-versatilidade-em-operacoes\/","title":{"rendered":"Empilhadeira Paletrans: Efici\u00eancia e Versatilidade em Opera\u00e7\u00f5es"},"content":{"rendered":"<p>A empilhadeira Paletrans \u00e9 uma das principais solu\u00e7\u00f5es para o transporte e manuseio de materiais em ambientes industriais. Com sua estabilidade e facilidade de opera\u00e7\u00e3o, a empilhadeira Paletrans garante produtividade e seguran\u00e7a. Ideal para diversos setores, a Nigro Equipamentos se destaca na venda, manuten\u00e7\u00e3o e loca\u00e7\u00e3o de empilhadeiras Paletrans, assegurando que voc\u00ea tenha a melhor ferramenta para sua opera\u00e7\u00e3o. Em cada detalhe da empilhadeira Paletrans, vemos o compromisso com a qualidade que a Nigro traz em todos os seus servi\u00e7os. Descubra como a empilhadeira Paletrans transforma seu fluxo de trabalho e fornece uma experi\u00eancia inigual\u00e1vel.<\/p>\n","protected":false},"excerpt":{"rendered":"<p>A empilhadeira Paletrans \u00e9 uma das principais solu\u00e7\u00f5es para o transporte e manuseio de materiais em ambientes industriais. Com sua estabilidade e facilidade de opera\u00e7\u00e3o, a empilhadeira Paletrans garante produtividade e seguran\u00e7a. Ideal para diversos setores, a Nigro Equipamentos se destaca na venda, manuten\u00e7\u00e3o e loca\u00e7\u00e3o de empilhadeiras Paletrans, assegurando que voc\u00ea tenha a melhor&hellip;&nbsp;<a href=\"https:\/\/nigroequipamentos.com.br\/conteudo\/empilhadeira-paletrans-eficiencia-e-versatilidade-em-operacoes\/\" class=\"\" rel=\"bookmark\">Continue a ler &raquo;<span class=\"screen-reader-text\">Empilhadeira Paletrans: Efici\u00eancia e Versatilidade em Opera\u00e7\u00f5es<\/span><\/a><\/p>\n","protected":false},"author":3,"featured_media":0,"parent":0,"menu_order":0,"comment_status":"closed","ping_status":"closed","template":"","meta":{"_acf_changed":false,"_yoast_wpseo_focuskw":"empilhadeira Paletrans","_yoast_wpseo_title":"Empilhadeira Paletrans: Ideal para Sua Opera\u00e7\u00e3o","_yoast_wpseo_metadesc":"Conhe\u00e7a as vantagens da empilhadeira Paletrans e como a Nigro Equipamentos pode ajudar em sua compra, manuten\u00e7\u00e3o e loca\u00e7\u00e3o.","neve_meta_sidebar":"","neve_meta_container":"","neve_meta_enable_content_width":"","neve_meta_content_width":0,"neve_meta_title_alignment":"","neve_meta_author_avatar":"","neve_post_elements_order":"","neve_meta_disable_header":"","neve_meta_disable_footer":"","neve_meta_disable_title":"","footnotes":""},"class_list":["post-50212","page","type-page","status-publish","hentry"],"acf":{"bloco1title":"Qualidade Garantida","bloco1text":"A Nigro Equipamentos oferece apenas empilhadeiras Paletrans de alta qualidade, garantindo desempenho e seguran\u00e7a em suas opera\u00e7\u00f5es.","bloco2title":"Suporte Especializado","bloco2text":"Nossa equipe t\u00e9cnica est\u00e1 sempre dispon\u00edvel para suporte em opera\u00e7\u00f5es com empilhadeiras Paletrans, otimizando seus processos.","bloco3title":"Flexibilidade de Uso","bloco3text":"As empilhadeiras Paletrans s\u00e3o vers\u00e1teis e adequadas para diferentes ambientes, desde armaz\u00e9ns a f\u00e1bricas, aumentando sua capacidade operacional.","posttitle":"Descubra as Vantagens da Empilhadeira Paletrans na Sua Opera\u00e7\u00e3o","postcontent":"<strong>A empilhadeira Paletrans<\/strong> \u00e9 uma ferramenta essencial para empresas que buscam efici\u00eancia no manuseio de cargas. Sua robustez e design inteligente permitem que a empilhadeira Paletrans opere em espa\u00e7os restritos, enquanto mant\u00e9m a seguran\u00e7a dos colaboradores. As opera\u00e7\u00f5es com empilhadeiras Paletrans s\u00e3o intuitivas, possibilitando que novos operadores sejam treinados rapidamente, o que resulta em um aumento na produtividade. A manuten\u00e7\u00e3o regular da empilhadeira Paletrans \u00e9 vital e, na Nigro Equipamentos, oferecemos servi\u00e7os de manuten\u00e7\u00e3o especializados, de modo a prolongar a vida \u00fatil do equipamento e minimizar paradas inesperadas. A loca\u00e7\u00e3o de empilhadeiras Paletrans \u00e9 ideal para empresas que precisam de flexibilidade, garantindo que voc\u00ea tenha acesso \u00e0 melhor tecnologia sem grandes investimentos. Confie na Nigro Equipamentos como sua parceira nessa jornada, e tenha a certeza de que nossa equipe de especialistas est\u00e1 sempre pronta para garantir que suas opera\u00e7\u00f5es sejam impec\u00e1veis. Com a empilhadeira Paletrans, voc\u00ea maximiza a efici\u00eancia do seu fluxo de trabalho, diminuindo custos e aumentando a satisfa\u00e7\u00e3o dos seus clientes.","insightwidtitle":"Curiosidades sobre Empilhadeiras","insightwidcontent":"Voc\u00ea sabia que as empilhadeiras Paletrans s\u00e3o projetadas para operar em ambientes muito pequenos? Isso permite que empresas que enfrentam limita\u00e7\u00f5es de espa\u00e7o maximizar seus recursos. Al\u00e9m disso, as empilhadeiras Paletrans s\u00e3o conhecidas por sua efici\u00eancia energ\u00e9tica, consumindo menos combust\u00edvel do que modelos tradicionais, o que tamb\u00e9m ajuda na redu\u00e7\u00e3o de custos operacionais. A versatilidade desse tipo de empilhadeira a torna uma escolha popular em ind\u00fastrias como log\u00edstica, constru\u00e7\u00e3o e armaz\u00e9m."},"yoast_head":"<!-- This site is optimized with the Yoast SEO Premium plugin v18.3 (Yoast SEO v23.4) - https:\/\/yoast.com\/wordpress\/plugins\/seo\/ -->\n<title>Empilhadeira Paletrans: Ideal para Sua Opera\u00e7\u00e3o<\/title>\n<meta name=\"description\" content=\"Conhe\u00e7a as vantagens da empilhadeira Paletrans e como a Nigro Equipamentos pode ajudar em sua compra, manuten\u00e7\u00e3o e loca\u00e7\u00e3o.\" \/>\n<meta name=\"robots\" content=\"index, follow, max-snippet:-1, max-image-preview:large, max-video-preview:-1\" \/>\n<link rel=\"canonical\" href=\"https:\/\/nigroequipamentos.com.br\/conteudo\/empilhadeira-paletrans-eficiencia-e-versatilidade-em-operacoes\/\" \/>\n<meta property=\"og:locale\" content=\"pt_BR\" \/>\n<meta property=\"og:type\" content=\"article\" \/>\n<meta property=\"og:title\" content=\"Empilhadeira Paletrans: Efici\u00eancia e Versatilidade em Opera\u00e7\u00f5es\" \/>\n<meta property=\"og:description\" content=\"Conhe\u00e7a as vantagens da empilhadeira Paletrans e como a Nigro Equipamentos pode ajudar em sua compra, manuten\u00e7\u00e3o e loca\u00e7\u00e3o.\" \/>\n<meta property=\"og:url\" content=\"https:\/\/nigroequipamentos.com.br\/conteudo\/empilhadeira-paletrans-eficiencia-e-versatilidade-em-operacoes\/\" \/>\n<meta property=\"og:site_name\" content=\"Nigro Equipamentos\" \/>\n<meta property=\"article:publisher\" content=\"https:\/\/www.facebook.com\/nigroequipamentos\" \/>\n<meta name=\"twitter:card\" content=\"summary_large_image\" \/>\n<meta name=\"twitter:label1\" content=\"Est. tempo de leitura\" \/>\n\t<meta name=\"twitter:data1\" content=\"1 minuto\" \/>\n<script type=\"application\/ld+json\" class=\"yoast-schema-graph\">{\"@context\":\"https:\/\/schema.org\",\"@graph\":[{\"@type\":\"WebPage\",\"@id\":\"https:\/\/nigroequipamentos.com.br\/conteudo\/empilhadeira-paletrans-eficiencia-e-versatilidade-em-operacoes\/\",\"url\":\"https:\/\/nigroequipamentos.com.br\/conteudo\/empilhadeira-paletrans-eficiencia-e-versatilidade-em-operacoes\/\",\"name\":\"Empilhadeira Paletrans: Ideal para Sua Opera\u00e7\u00e3o\",\"isPartOf\":{\"@id\":\"https:\/\/nigroequipamentos.com.br\/conteudo\/#website\"},\"datePublished\":\"2025-07-28T12:46:06+00:00\",\"dateModified\":\"2025-07-28T12:46:06+00:00\",\"description\":\"Conhe\u00e7a as vantagens da empilhadeira Paletrans e como a Nigro Equipamentos pode ajudar em sua compra, manuten\u00e7\u00e3o e loca\u00e7\u00e3o.\",\"breadcrumb\":{\"@id\":\"https:\/\/nigroequipamentos.com.br\/conteudo\/empilhadeira-paletrans-eficiencia-e-versatilidade-em-operacoes\/#breadcrumb\"},\"inLanguage\":\"pt-BR\",\"potentialAction\":[{\"@type\":\"ReadAction\",\"target\":[\"https:\/\/nigroequipamentos.com.br\/conteudo\/empilhadeira-paletrans-eficiencia-e-versatilidade-em-operacoes\/\"]}]},{\"@type\":\"BreadcrumbList\",\"@id\":\"https:\/\/nigroequipamentos.com.br\/conteudo\/empilhadeira-paletrans-eficiencia-e-versatilidade-em-operacoes\/#breadcrumb\",\"itemListElement\":[{\"@type\":\"ListItem\",\"position\":1,\"name\":\"In\u00edcio\",\"item\":\"https:\/\/nigroequipamentos.com.br\/conteudo\/\"},{\"@type\":\"ListItem\",\"position\":2,\"name\":\"Empilhadeira Paletrans: Efici\u00eancia e Versatilidade em Opera\u00e7\u00f5es\"}]},{\"@type\":\"WebSite\",\"@id\":\"https:\/\/nigroequipamentos.com.br\/conteudo\/#website\",\"url\":\"https:\/\/nigroequipamentos.com.br\/conteudo\/\",\"name\":\"Nigro Equipamentos\",\"description\":\"Loca\u00e7\u00e3o e Vendas\",\"publisher\":{\"@id\":\"https:\/\/nigroequipamentos.com.br\/conteudo\/#organization\"},\"potentialAction\":[{\"@type\":\"SearchAction\",\"target\":{\"@type\":\"EntryPoint\",\"urlTemplate\":\"https:\/\/nigroequipamentos.com.br\/conteudo\/?s={search_term_string}\"},\"query-input\":{\"@type\":\"PropertyValueSpecification\",\"valueRequired\":true,\"valueName\":\"search_term_string\"}}],\"inLanguage\":\"pt-BR\"},{\"@type\":\"Organization\",\"@id\":\"https:\/\/nigroequipamentos.com.br\/conteudo\/#organization\",\"name\":\"Nigro Equipamentos\",\"url\":\"https:\/\/nigroequipamentos.com.br\/conteudo\/\",\"logo\":{\"@type\":\"ImageObject\",\"inLanguage\":\"pt-BR\",\"@id\":\"https:\/\/nigroequipamentos.com.br\/conteudo\/#\/schema\/logo\/image\/\",\"url\":\"https:\/\/nigroequipamentos.com.br\/conteudo\/wp-content\/uploads\/2024\/10\/nigroequipamentos_logo.webp\",\"contentUrl\":\"https:\/\/nigroequipamentos.com.br\/conteudo\/wp-content\/uploads\/2024\/10\/nigroequipamentos_logo.webp\",\"width\":785,\"height\":355,\"caption\":\"Nigro Equipamentos\"},\"image\":{\"@id\":\"https:\/\/nigroequipamentos.com.br\/conteudo\/#\/schema\/logo\/image\/\"},\"sameAs\":[\"https:\/\/www.facebook.com\/nigroequipamentos\",\"https:\/\/www.instagram.com\/nigroequipamentos\/\"]}]}<\/script>\n<!-- \/ Yoast SEO Premium plugin. -->","yoast_head_json":{"title":"Empilhadeira Paletrans: Ideal para Sua Opera\u00e7\u00e3o","description":"Conhe\u00e7a as vantagens da empilhadeira Paletrans e como a Nigro Equipamentos pode ajudar em sua compra, manuten\u00e7\u00e3o e loca\u00e7\u00e3o.","robots":{"index":"index","follow":"follow","max-snippet":"max-snippet:-1","max-image-preview":"max-image-preview:large","max-video-preview":"max-video-preview:-1"},"canonical":"https:\/\/nigroequipamentos.com.br\/conteudo\/empilhadeira-paletrans-eficiencia-e-versatilidade-em-operacoes\/","og_locale":"pt_BR","og_type":"article","og_title":"Empilhadeira Paletrans: Efici\u00eancia e Versatilidade em Opera\u00e7\u00f5es","og_description":"Conhe\u00e7a as vantagens da empilhadeira Paletrans e como a Nigro Equipamentos pode ajudar em sua compra, manuten\u00e7\u00e3o e loca\u00e7\u00e3o.","og_url":"https:\/\/nigroequipamentos.com.br\/conteudo\/empilhadeira-paletrans-eficiencia-e-versatilidade-em-operacoes\/","og_site_name":"Nigro Equipamentos","article_publisher":"https:\/\/www.facebook.com\/nigroequipamentos","twitter_card":"summary_large_image","twitter_misc":{"Est. tempo de leitura":"1 minuto"},"schema":{"@context":"https:\/\/schema.org","@graph":[{"@type":"WebPage","@id":"https:\/\/nigroequipamentos.com.br\/conteudo\/empilhadeira-paletrans-eficiencia-e-versatilidade-em-operacoes\/","url":"https:\/\/nigroequipamentos.com.br\/conteudo\/empilhadeira-paletrans-eficiencia-e-versatilidade-em-operacoes\/","name":"Empilhadeira Paletrans: Ideal para Sua Opera\u00e7\u00e3o","isPartOf":{"@id":"https:\/\/nigroequipamentos.com.br\/conteudo\/#website"},"datePublished":"2025-07-28T12:46:06+00:00","dateModified":"2025-07-28T12:46:06+00:00","description":"Conhe\u00e7a as vantagens da empilhadeira Paletrans e como a Nigro Equipamentos pode ajudar em sua compra, manuten\u00e7\u00e3o e loca\u00e7\u00e3o.","breadcrumb":{"@id":"https:\/\/nigroequipamentos.com.br\/conteudo\/empilhadeira-paletrans-eficiencia-e-versatilidade-em-operacoes\/#breadcrumb"},"inLanguage":"pt-BR","potentialAction":[{"@type":"ReadAction","target":["https:\/\/nigroequipamentos.com.br\/conteudo\/empilhadeira-paletrans-eficiencia-e-versatilidade-em-operacoes\/"]}]},{"@type":"BreadcrumbList","@id":"https:\/\/nigroequipamentos.com.br\/conteudo\/empilhadeira-paletrans-eficiencia-e-versatilidade-em-operacoes\/#breadcrumb","itemListElement":[{"@type":"ListItem","position":1,"name":"In\u00edcio","item":"https:\/\/nigroequipamentos.com.br\/conteudo\/"},{"@type":"ListItem","position":2,"name":"Empilhadeira Paletrans: Efici\u00eancia e Versatilidade em Opera\u00e7\u00f5es"}]},{"@type":"WebSite","@id":"https:\/\/nigroequipamentos.com.br\/conteudo\/#website","url":"https:\/\/nigroequipamentos.com.br\/conteudo\/","name":"Nigro Equipamentos","description":"Loca\u00e7\u00e3o e Vendas","publisher":{"@id":"https:\/\/nigroequipamentos.com.br\/conteudo\/#organization"},"potentialAction":[{"@type":"SearchAction","target":{"@type":"EntryPoint","urlTemplate":"https:\/\/nigroequipamentos.com.br\/conteudo\/?s={search_term_string}"},"query-input":{"@type":"PropertyValueSpecification","valueRequired":true,"valueName":"search_term_string"}}],"inLanguage":"pt-BR"},{"@type":"Organization","@id":"https:\/\/nigroequipamentos.com.br\/conteudo\/#organization","name":"Nigro Equipamentos","url":"https:\/\/nigroequipamentos.com.br\/conteudo\/","logo":{"@type":"ImageObject","inLanguage":"pt-BR","@id":"https:\/\/nigroequipamentos.com.br\/conteudo\/#\/schema\/logo\/image\/","url":"https:\/\/nigroequipamentos.com.br\/conteudo\/wp-content\/uploads\/2024\/10\/nigroequipamentos_logo.webp","contentUrl":"https:\/\/nigroequipamentos.com.br\/conteudo\/wp-content\/uploads\/2024\/10\/nigroequipamentos_logo.webp","width":785,"height":355,"caption":"Nigro Equipamentos"},"image":{"@id":"https:\/\/nigroequipamentos.com.br\/conteudo\/#\/schema\/logo\/image\/"},"sameAs":["https:\/\/www.facebook.com\/nigroequipamentos","https:\/\/www.instagram.com\/nigroequipamentos\/"]}]}},"_links":{"self":[{"href":"https:\/\/nigroequipamentos.com.br\/conteudo\/wp-json\/wp\/v2\/pages\/50212","targetHints":{"allow":["GET"]}}],"collection":[{"href":"https:\/\/nigroequipamentos.com.br\/conteudo\/wp-json\/wp\/v2\/pages"}],"about":[{"href":"https:\/\/nigroequipamentos.com.br\/conteudo\/wp-json\/wp\/v2\/types\/page"}],"author":[{"embeddable":true,"href":"https:\/\/nigroequipamentos.com.br\/conteudo\/wp-json\/wp\/v2\/users\/3"}],"replies":[{"embeddable":true,"href":"https:\/\/nigroequipamentos.com.br\/conteudo\/wp-json\/wp\/v2\/comments?post=50212"}],"version-history":[{"count":0,"href":"https:\/\/nigroequipamentos.com.br\/conteudo\/wp-json\/wp\/v2\/pages\/50212\/revisions"}],"wp:attachment":[{"href":"https:\/\/nigroequipamentos.com.br\/conteudo\/wp-json\/wp\/v2\/media?parent=50212"}],"curies":[{"name":"wp","href":"https:\/\/api.w.org\/{rel}","templated":true}]}}