{"id":50171,"date":"2025-07-28T07:01:09","date_gmt":"2025-07-28T10:01:09","guid":{"rendered":"https:\/\/nigroequipamentos.com.br\/conteudo\/aluguel-de-empilhadeira-paletrans-eficiencia-e-versatilidade\/"},"modified":"2025-07-28T07:01:09","modified_gmt":"2025-07-28T10:01:09","slug":"aluguel-de-empilhadeira-paletrans-eficiencia-e-versatilidade","status":"publish","type":"page","link":"https:\/\/nigroequipamentos.com.br\/conteudo\/aluguel-de-empilhadeira-paletrans-eficiencia-e-versatilidade\/","title":{"rendered":"Aluguel de Empilhadeira Paletrans: Efici\u00eancia e Versatilidade"},"content":{"rendered":"<p>Se voc\u00ea procura aluguel de empilhadeira Paletrans para otimizar suas opera\u00e7\u00f5es log\u00edsticas, a Nigro Equipamentos \u00e9 a escolha ideal. Com um extenso portf\u00f3lio de empilhadeiras Paletrans, garantimos solu\u00e7\u00f5es que se adaptam \u00e0s suas necessidades espec\u00edficas. A loca\u00e7\u00e3o de empilhadeiras Paletrans na Nigro oferece praticidade e efici\u00eancia, permitindo que sua empresa mantenha a produtividade sem a necessidade de compra. Nossas empilhadeiras s\u00e3o mantidas em perfeito estado, assegurando seguran\u00e7a e confiabilidade na movimenta\u00e7\u00e3o de cargas. Escolher a Nigro Equipamentos significa optar por qualidade e suporte especializado, tornando cada loca\u00e7\u00e3o de empilhadeira Paletrans uma decis\u00e3o eficiente e lucrativa.<\/p>\n","protected":false},"excerpt":{"rendered":"<p>Se voc\u00ea procura aluguel de empilhadeira Paletrans para otimizar suas opera\u00e7\u00f5es log\u00edsticas, a Nigro Equipamentos \u00e9 a escolha ideal. Com um extenso portf\u00f3lio de empilhadeiras Paletrans, garantimos solu\u00e7\u00f5es que se adaptam \u00e0s suas necessidades espec\u00edficas. A loca\u00e7\u00e3o de empilhadeiras Paletrans na Nigro oferece praticidade e efici\u00eancia, permitindo que sua empresa mantenha a produtividade sem a&hellip;&nbsp;<a href=\"https:\/\/nigroequipamentos.com.br\/conteudo\/aluguel-de-empilhadeira-paletrans-eficiencia-e-versatilidade\/\" class=\"\" rel=\"bookmark\">Continue a ler &raquo;<span class=\"screen-reader-text\">Aluguel de Empilhadeira Paletrans: Efici\u00eancia e Versatilidade<\/span><\/a><\/p>\n","protected":false},"author":3,"featured_media":0,"parent":0,"menu_order":0,"comment_status":"closed","ping_status":"closed","template":"","meta":{"_acf_changed":false,"_yoast_wpseo_focuskw":"Empilhadeira Paletrans aluguel","_yoast_wpseo_title":"Aluguel de Empilhadeira Paletrans - Solu\u00e7\u00f5es Eficientes na Nigro Equipamentos","_yoast_wpseo_metadesc":"Alugue empilhadeiras Paletrans de alta qualidade na Nigro Equipamentos e garanta efici\u00eancia nas suas opera\u00e7\u00f5es log\u00edsticas.","neve_meta_sidebar":"","neve_meta_container":"","neve_meta_enable_content_width":"","neve_meta_content_width":0,"neve_meta_title_alignment":"","neve_meta_author_avatar":"","neve_post_elements_order":"","neve_meta_disable_header":"","neve_meta_disable_footer":"","neve_meta_disable_title":"","footnotes":""},"class_list":["post-50171","page","type-page","status-publish","hentry"],"acf":{"bloco1title":"Qualidade Garantida","bloco1text":"As empilhadeiras Paletrans dispon\u00edveis na Nigro passam por rigorosos processos de manuten\u00e7\u00e3o e inspe\u00e7\u00e3o.","bloco2title":"Suporte Especializado","bloco2text":"Nossa equipe est\u00e1 pronta para oferecer assist\u00eancia t\u00e9cnica sempre que necess\u00e1rio, garantindo a melhor experi\u00eancia.","bloco3title":"Readapta\u00e7\u00e3o R\u00e1pida","bloco3text":"O aluguel de empilhadeiras Paletrans permite que sua empresa se adapte rapidamente a mudan\u00e7as nas demandas logisticas, promovendo agilidade nas opera\u00e7\u00f5es.","posttitle":"Tudo sobre Aluguel de Empilhadeira Paletrans: Benef\u00edcios e Vantagens","postcontent":"<strong>Por que escolher aluguel de empilhadeira Paletrans? <\/strong> A loca\u00e7\u00e3o \u00e9 uma alternativa vi\u00e1vel para empresas que necessitam de um aumento tempor\u00e1rio na capacidade de movimenta\u00e7\u00e3o de mercadorias. A Nigro Equipamentos n\u00e3o s\u00f3 oferece empilhadeiras Paletrans diversificadas para loca\u00e7\u00e3o, mas tamb\u00e9m disponibiliza um suporte t\u00e9cnico de excel\u00eancia. Ao optar por aluguel de empilhadeira Paletrans, sua empresa evita as despesas fixas de uma compra, al\u00e9m de se beneficiar de um equipamento sempre atualizado e em perfeito estado de funcionamento. <strong>Vantagens Adicionais do Aluguel<\/strong> incluem a possibilidade de experimentar diferentes modelos e configura\u00e7\u00f5es, garantindo que voc\u00ea encontre a solu\u00e7\u00e3o ideal para suas opera\u00e7\u00f5es. O tempo de espera pela entrega \u00e9 reduzido, e voc\u00ea recebe orienta\u00e7\u00e3o especializada na escolha do equipamento. A Nigro, com sua tradi\u00e7\u00e3o no mercado e compromisso com a qualidade, \u00e9 a refer\u00eancia quando pensamos em aluguel de empilhadeira Paletrans. Nossa experi\u00eancia no setor e o conhecimento profundo em solu\u00e7\u00f5es log\u00edsticas fazem da Nigro Equipamentos a melhor op\u00e7\u00e3o para loca\u00e7\u00e3o, compra e manuten\u00e7\u00e3o de empilhadeiras.","insightwidtitle":"Curiosidades sobre Empilhadeiras","insightwidcontent":"Voc\u00ea sabia que as empilhadeiras Paletrans s\u00e3o reconhecidas por sua alta capacidade de carga e efici\u00eancia em espa\u00e7os reduzidos? Al\u00e9m disso, a manuten\u00e7\u00e3o preventiva \u00e9 essencial para garantir o desempenho ideal do equipamento, aumentando sua vida \u00fatil e seguran\u00e7a nas opera\u00e7\u00f5es. Com a Nigro Equipamentos, voc\u00ea tem acesso a treinamento e dicas valiosas para maximizar o uso da empilhadeira Paletrans."},"yoast_head":"<!-- This site is optimized with the Yoast SEO Premium plugin v18.3 (Yoast SEO v23.4) - https:\/\/yoast.com\/wordpress\/plugins\/seo\/ -->\n<title>Aluguel de Empilhadeira Paletrans - Solu\u00e7\u00f5es Eficientes na Nigro Equipamentos<\/title>\n<meta name=\"description\" content=\"Alugue empilhadeiras Paletrans de alta qualidade na Nigro Equipamentos e garanta efici\u00eancia nas suas opera\u00e7\u00f5es log\u00edsticas.\" \/>\n<meta name=\"robots\" content=\"index, follow, max-snippet:-1, max-image-preview:large, max-video-preview:-1\" \/>\n<link rel=\"canonical\" href=\"https:\/\/nigroequipamentos.com.br\/conteudo\/aluguel-de-empilhadeira-paletrans-eficiencia-e-versatilidade\/\" \/>\n<meta property=\"og:locale\" content=\"pt_BR\" \/>\n<meta property=\"og:type\" content=\"article\" \/>\n<meta property=\"og:title\" content=\"Aluguel de Empilhadeira Paletrans: Efici\u00eancia e Versatilidade\" \/>\n<meta property=\"og:description\" content=\"Alugue empilhadeiras Paletrans de alta qualidade na Nigro Equipamentos e garanta efici\u00eancia nas suas opera\u00e7\u00f5es log\u00edsticas.\" \/>\n<meta property=\"og:url\" content=\"https:\/\/nigroequipamentos.com.br\/conteudo\/aluguel-de-empilhadeira-paletrans-eficiencia-e-versatilidade\/\" \/>\n<meta property=\"og:site_name\" content=\"Nigro Equipamentos\" \/>\n<meta property=\"article:publisher\" content=\"https:\/\/www.facebook.com\/nigroequipamentos\" \/>\n<meta name=\"twitter:card\" content=\"summary_large_image\" \/>\n<meta name=\"twitter:label1\" content=\"Est. tempo de leitura\" \/>\n\t<meta name=\"twitter:data1\" content=\"1 minuto\" \/>\n<script type=\"application\/ld+json\" class=\"yoast-schema-graph\">{\"@context\":\"https:\/\/schema.org\",\"@graph\":[{\"@type\":\"WebPage\",\"@id\":\"https:\/\/nigroequipamentos.com.br\/conteudo\/aluguel-de-empilhadeira-paletrans-eficiencia-e-versatilidade\/\",\"url\":\"https:\/\/nigroequipamentos.com.br\/conteudo\/aluguel-de-empilhadeira-paletrans-eficiencia-e-versatilidade\/\",\"name\":\"Aluguel de Empilhadeira Paletrans - Solu\u00e7\u00f5es Eficientes na Nigro Equipamentos\",\"isPartOf\":{\"@id\":\"https:\/\/nigroequipamentos.com.br\/conteudo\/#website\"},\"datePublished\":\"2025-07-28T10:01:09+00:00\",\"dateModified\":\"2025-07-28T10:01:09+00:00\",\"description\":\"Alugue empilhadeiras Paletrans de alta qualidade na Nigro Equipamentos e garanta efici\u00eancia nas suas opera\u00e7\u00f5es log\u00edsticas.\",\"breadcrumb\":{\"@id\":\"https:\/\/nigroequipamentos.com.br\/conteudo\/aluguel-de-empilhadeira-paletrans-eficiencia-e-versatilidade\/#breadcrumb\"},\"inLanguage\":\"pt-BR\",\"potentialAction\":[{\"@type\":\"ReadAction\",\"target\":[\"https:\/\/nigroequipamentos.com.br\/conteudo\/aluguel-de-empilhadeira-paletrans-eficiencia-e-versatilidade\/\"]}]},{\"@type\":\"BreadcrumbList\",\"@id\":\"https:\/\/nigroequipamentos.com.br\/conteudo\/aluguel-de-empilhadeira-paletrans-eficiencia-e-versatilidade\/#breadcrumb\",\"itemListElement\":[{\"@type\":\"ListItem\",\"position\":1,\"name\":\"In\u00edcio\",\"item\":\"https:\/\/nigroequipamentos.com.br\/conteudo\/\"},{\"@type\":\"ListItem\",\"position\":2,\"name\":\"Aluguel de Empilhadeira Paletrans: Efici\u00eancia e Versatilidade\"}]},{\"@type\":\"WebSite\",\"@id\":\"https:\/\/nigroequipamentos.com.br\/conteudo\/#website\",\"url\":\"https:\/\/nigroequipamentos.com.br\/conteudo\/\",\"name\":\"Nigro Equipamentos\",\"description\":\"Loca\u00e7\u00e3o e Vendas\",\"publisher\":{\"@id\":\"https:\/\/nigroequipamentos.com.br\/conteudo\/#organization\"},\"potentialAction\":[{\"@type\":\"SearchAction\",\"target\":{\"@type\":\"EntryPoint\",\"urlTemplate\":\"https:\/\/nigroequipamentos.com.br\/conteudo\/?s={search_term_string}\"},\"query-input\":{\"@type\":\"PropertyValueSpecification\",\"valueRequired\":true,\"valueName\":\"search_term_string\"}}],\"inLanguage\":\"pt-BR\"},{\"@type\":\"Organization\",\"@id\":\"https:\/\/nigroequipamentos.com.br\/conteudo\/#organization\",\"name\":\"Nigro Equipamentos\",\"url\":\"https:\/\/nigroequipamentos.com.br\/conteudo\/\",\"logo\":{\"@type\":\"ImageObject\",\"inLanguage\":\"pt-BR\",\"@id\":\"https:\/\/nigroequipamentos.com.br\/conteudo\/#\/schema\/logo\/image\/\",\"url\":\"https:\/\/nigroequipamentos.com.br\/conteudo\/wp-content\/uploads\/2024\/10\/nigroequipamentos_logo.webp\",\"contentUrl\":\"https:\/\/nigroequipamentos.com.br\/conteudo\/wp-content\/uploads\/2024\/10\/nigroequipamentos_logo.webp\",\"width\":785,\"height\":355,\"caption\":\"Nigro Equipamentos\"},\"image\":{\"@id\":\"https:\/\/nigroequipamentos.com.br\/conteudo\/#\/schema\/logo\/image\/\"},\"sameAs\":[\"https:\/\/www.facebook.com\/nigroequipamentos\",\"https:\/\/www.instagram.com\/nigroequipamentos\/\"]}]}<\/script>\n<!-- \/ Yoast SEO Premium plugin. -->","yoast_head_json":{"title":"Aluguel de Empilhadeira Paletrans - Solu\u00e7\u00f5es Eficientes na Nigro Equipamentos","description":"Alugue empilhadeiras Paletrans de alta qualidade na Nigro Equipamentos e garanta efici\u00eancia nas suas opera\u00e7\u00f5es log\u00edsticas.","robots":{"index":"index","follow":"follow","max-snippet":"max-snippet:-1","max-image-preview":"max-image-preview:large","max-video-preview":"max-video-preview:-1"},"canonical":"https:\/\/nigroequipamentos.com.br\/conteudo\/aluguel-de-empilhadeira-paletrans-eficiencia-e-versatilidade\/","og_locale":"pt_BR","og_type":"article","og_title":"Aluguel de Empilhadeira Paletrans: Efici\u00eancia e Versatilidade","og_description":"Alugue empilhadeiras Paletrans de alta qualidade na Nigro Equipamentos e garanta efici\u00eancia nas suas opera\u00e7\u00f5es log\u00edsticas.","og_url":"https:\/\/nigroequipamentos.com.br\/conteudo\/aluguel-de-empilhadeira-paletrans-eficiencia-e-versatilidade\/","og_site_name":"Nigro Equipamentos","article_publisher":"https:\/\/www.facebook.com\/nigroequipamentos","twitter_card":"summary_large_image","twitter_misc":{"Est. tempo de leitura":"1 minuto"},"schema":{"@context":"https:\/\/schema.org","@graph":[{"@type":"WebPage","@id":"https:\/\/nigroequipamentos.com.br\/conteudo\/aluguel-de-empilhadeira-paletrans-eficiencia-e-versatilidade\/","url":"https:\/\/nigroequipamentos.com.br\/conteudo\/aluguel-de-empilhadeira-paletrans-eficiencia-e-versatilidade\/","name":"Aluguel de Empilhadeira Paletrans - Solu\u00e7\u00f5es Eficientes na Nigro Equipamentos","isPartOf":{"@id":"https:\/\/nigroequipamentos.com.br\/conteudo\/#website"},"datePublished":"2025-07-28T10:01:09+00:00","dateModified":"2025-07-28T10:01:09+00:00","description":"Alugue empilhadeiras Paletrans de alta qualidade na Nigro Equipamentos e garanta efici\u00eancia nas suas opera\u00e7\u00f5es log\u00edsticas.","breadcrumb":{"@id":"https:\/\/nigroequipamentos.com.br\/conteudo\/aluguel-de-empilhadeira-paletrans-eficiencia-e-versatilidade\/#breadcrumb"},"inLanguage":"pt-BR","potentialAction":[{"@type":"ReadAction","target":["https:\/\/nigroequipamentos.com.br\/conteudo\/aluguel-de-empilhadeira-paletrans-eficiencia-e-versatilidade\/"]}]},{"@type":"BreadcrumbList","@id":"https:\/\/nigroequipamentos.com.br\/conteudo\/aluguel-de-empilhadeira-paletrans-eficiencia-e-versatilidade\/#breadcrumb","itemListElement":[{"@type":"ListItem","position":1,"name":"In\u00edcio","item":"https:\/\/nigroequipamentos.com.br\/conteudo\/"},{"@type":"ListItem","position":2,"name":"Aluguel de Empilhadeira Paletrans: Efici\u00eancia e Versatilidade"}]},{"@type":"WebSite","@id":"https:\/\/nigroequipamentos.com.br\/conteudo\/#website","url":"https:\/\/nigroequipamentos.com.br\/conteudo\/","name":"Nigro Equipamentos","description":"Loca\u00e7\u00e3o e Vendas","publisher":{"@id":"https:\/\/nigroequipamentos.com.br\/conteudo\/#organization"},"potentialAction":[{"@type":"SearchAction","target":{"@type":"EntryPoint","urlTemplate":"https:\/\/nigroequipamentos.com.br\/conteudo\/?s={search_term_string}"},"query-input":{"@type":"PropertyValueSpecification","valueRequired":true,"valueName":"search_term_string"}}],"inLanguage":"pt-BR"},{"@type":"Organization","@id":"https:\/\/nigroequipamentos.com.br\/conteudo\/#organization","name":"Nigro Equipamentos","url":"https:\/\/nigroequipamentos.com.br\/conteudo\/","logo":{"@type":"ImageObject","inLanguage":"pt-BR","@id":"https:\/\/nigroequipamentos.com.br\/conteudo\/#\/schema\/logo\/image\/","url":"https:\/\/nigroequipamentos.com.br\/conteudo\/wp-content\/uploads\/2024\/10\/nigroequipamentos_logo.webp","contentUrl":"https:\/\/nigroequipamentos.com.br\/conteudo\/wp-content\/uploads\/2024\/10\/nigroequipamentos_logo.webp","width":785,"height":355,"caption":"Nigro Equipamentos"},"image":{"@id":"https:\/\/nigroequipamentos.com.br\/conteudo\/#\/schema\/logo\/image\/"},"sameAs":["https:\/\/www.facebook.com\/nigroequipamentos","https:\/\/www.instagram.com\/nigroequipamentos\/"]}]}},"_links":{"self":[{"href":"https:\/\/nigroequipamentos.com.br\/conteudo\/wp-json\/wp\/v2\/pages\/50171","targetHints":{"allow":["GET"]}}],"collection":[{"href":"https:\/\/nigroequipamentos.com.br\/conteudo\/wp-json\/wp\/v2\/pages"}],"about":[{"href":"https:\/\/nigroequipamentos.com.br\/conteudo\/wp-json\/wp\/v2\/types\/page"}],"author":[{"embeddable":true,"href":"https:\/\/nigroequipamentos.com.br\/conteudo\/wp-json\/wp\/v2\/users\/3"}],"replies":[{"embeddable":true,"href":"https:\/\/nigroequipamentos.com.br\/conteudo\/wp-json\/wp\/v2\/comments?post=50171"}],"version-history":[{"count":0,"href":"https:\/\/nigroequipamentos.com.br\/conteudo\/wp-json\/wp\/v2\/pages\/50171\/revisions"}],"wp:attachment":[{"href":"https:\/\/nigroequipamentos.com.br\/conteudo\/wp-json\/wp\/v2\/media?parent=50171"}],"curies":[{"name":"wp","href":"https:\/\/api.w.org\/{rel}","templated":true}]}}