{"id":49733,"date":"2025-07-27T01:45:56","date_gmt":"2025-07-27T04:45:56","guid":{"rendered":"https:\/\/nigroequipamentos.com.br\/conteudo\/empilhadeira-paletrans-garantia-de-qualidade-e-desempenho-4\/"},"modified":"2025-07-27T01:45:56","modified_gmt":"2025-07-27T04:45:56","slug":"empilhadeira-paletrans-garantia-de-qualidade-e-desempenho-4","status":"publish","type":"page","link":"https:\/\/nigroequipamentos.com.br\/conteudo\/empilhadeira-paletrans-garantia-de-qualidade-e-desempenho-4\/","title":{"rendered":"Empilhadeira Paletrans: Garantia de Qualidade e Desempenho"},"content":{"rendered":"<p>Quando se trata de empilhadeiras, a Empilhadeira Paletrans se destaca n\u00e3o apenas pela efici\u00eancia, mas tamb\u00e9m por sua durabilidade, apoiada por uma s\u00f3lida garantia. A garantia da Empilhadeira Paletrans \u00e9 um compromisso de qualidade que proporciona aos usu\u00e1rios confian\u00e7a e seguran\u00e7a em cada opera\u00e7\u00e3o. Investir em uma Empilhadeira Paletrans \u00e9 garantir que seu trabalho seja feito com a m\u00e1xima efici\u00eancia e seguran\u00e7a, al\u00e9m de contar com o respaldo da Nigro Equipamentos, especializada no fornecimento e manuten\u00e7\u00e3o de maquin\u00e1rio industrial. A confian\u00e7a nos produtos s\u00f3 \u00e9 superada pelo compromisso da Nigro com a satisfa\u00e7\u00e3o do cliente e a excel\u00eancia na presta\u00e7\u00e3o de servi\u00e7os.<\/p>\n","protected":false},"excerpt":{"rendered":"<p>Quando se trata de empilhadeiras, a Empilhadeira Paletrans se destaca n\u00e3o apenas pela efici\u00eancia, mas tamb\u00e9m por sua durabilidade, apoiada por uma s\u00f3lida garantia. A garantia da Empilhadeira Paletrans \u00e9 um compromisso de qualidade que proporciona aos usu\u00e1rios confian\u00e7a e seguran\u00e7a em cada opera\u00e7\u00e3o. Investir em uma Empilhadeira Paletrans \u00e9 garantir que seu trabalho seja&hellip;&nbsp;<a href=\"https:\/\/nigroequipamentos.com.br\/conteudo\/empilhadeira-paletrans-garantia-de-qualidade-e-desempenho-4\/\" class=\"\" rel=\"bookmark\">Continue a ler &raquo;<span class=\"screen-reader-text\">Empilhadeira Paletrans: Garantia de Qualidade e Desempenho<\/span><\/a><\/p>\n","protected":false},"author":3,"featured_media":0,"parent":0,"menu_order":0,"comment_status":"closed","ping_status":"closed","template":"","meta":{"_acf_changed":false,"_yoast_wpseo_focuskw":"Empilhadeira Paletrans garantia","_yoast_wpseo_title":"Empilhadeira Paletrans: Garantia e Confian\u00e7a com a Nigro Equipamentos","_yoast_wpseo_metadesc":"Conhe\u00e7a a Empilhadeira Paletrans com garantia da Nigro Equipamentos. A escolha perfeita para qualidade e confian\u00e7a na sua opera\u00e7\u00e3o.","neve_meta_sidebar":"","neve_meta_container":"","neve_meta_enable_content_width":"","neve_meta_content_width":0,"neve_meta_title_alignment":"","neve_meta_author_avatar":"","neve_post_elements_order":"","neve_meta_disable_header":"","neve_meta_disable_footer":"","neve_meta_disable_title":"","footnotes":""},"class_list":["post-49733","page","type-page","status-publish","hentry"],"acf":{"bloco1title":"Qualidade Garantida","bloco1text":"A Nigro Equipamentos oferece a garantia da Empilhadeira Paletrans, assegurando qualidade e desempenho em todas as opera\u00e7\u00f5es.","bloco2title":"Suporte Especializado","bloco2text":"Com a Nigro, voc\u00ea tem acesso a um suporte t\u00e9cnico especializado para todas as quest\u00f5es relacionadas \u00e0 Empilhadeira Paletrans.","bloco3title":"Experi\u00eancia Comprovada","bloco3text":"Com anos de experi\u00eancia no mercado, a Nigro Equipamentos se tornou refer\u00eancia na venda e manuten\u00e7\u00e3o de Empilhadeiras Paletrans, consolidando sua autoridade no setor.","posttitle":"A Import\u00e2ncia da Garantia na Empilhadeira Paletrans","postcontent":"<strong>A garantia da Empilhadeira Paletrans<\/strong> \u00e9 um dos principais motivos para sua popularidade no mercado. Os clientes confiam que, mesmo em opera\u00e7\u00f5es intensas, sua m\u00e1quina estar\u00e1 protegida. Cada Empilhadeira Paletrans vem com uma garantia que cobre uma s\u00e9rie de componentes, oferecendo tranquilidade ao usu\u00e1rio. Investir em uma Empilhadeira Paletrans \u00e9 garantir que sua empresa esteja equipada com tecnologia de ponta, com suporte cont\u00ednuo da Nigro Equipamentos. Al\u00e9m disso, a manuten\u00e7\u00e3o preventiva e a disponibilidade de pe\u00e7as de reposi\u00e7\u00e3o s\u00e3o primordiais para o bom funcionamento da sua empilhadeira. Contar com a Nigro Equipamentos garante n\u00e3o apenas uma compra segura, mas tamb\u00e9m um comprometimento com a performance e longevidade da sua Empilhadeira Paletrans.","insightwidtitle":"Curiosidades sobre Empilhadeiras","insightwidcontent":"Voc\u00ea sabia que as empilhadeiras foram inventadas no in\u00edcio do s\u00e9culo XX para facilitar o transporte de carga em armaz\u00e9ns? A Empilhadeira Paletrans \u00e9 uma evolu\u00e7\u00e3o dessa tecnologia, que combina robustez e agilidade. Cada Empilhadeira Paletrans \u00e9 projetada para atender \u00e0s necessidades espec\u00edficas do mercado, garantindo efici\u00eancia e seguran\u00e7a."},"yoast_head":"<!-- This site is optimized with the Yoast SEO Premium plugin v18.3 (Yoast SEO v23.4) - https:\/\/yoast.com\/wordpress\/plugins\/seo\/ -->\n<title>Empilhadeira Paletrans: Garantia e Confian\u00e7a com a Nigro Equipamentos<\/title>\n<meta name=\"description\" content=\"Conhe\u00e7a a Empilhadeira Paletrans com garantia da Nigro Equipamentos. A escolha perfeita para qualidade e confian\u00e7a na sua opera\u00e7\u00e3o.\" \/>\n<meta name=\"robots\" content=\"index, follow, max-snippet:-1, max-image-preview:large, max-video-preview:-1\" \/>\n<link rel=\"canonical\" href=\"https:\/\/nigroequipamentos.com.br\/conteudo\/empilhadeira-paletrans-garantia-de-qualidade-e-desempenho-4\/\" \/>\n<meta property=\"og:locale\" content=\"pt_BR\" \/>\n<meta property=\"og:type\" content=\"article\" \/>\n<meta property=\"og:title\" content=\"Empilhadeira Paletrans: Garantia de Qualidade e Desempenho\" \/>\n<meta property=\"og:description\" content=\"Conhe\u00e7a a Empilhadeira Paletrans com garantia da Nigro Equipamentos. A escolha perfeita para qualidade e confian\u00e7a na sua opera\u00e7\u00e3o.\" \/>\n<meta property=\"og:url\" content=\"https:\/\/nigroequipamentos.com.br\/conteudo\/empilhadeira-paletrans-garantia-de-qualidade-e-desempenho-4\/\" \/>\n<meta property=\"og:site_name\" content=\"Nigro Equipamentos\" \/>\n<meta property=\"article:publisher\" content=\"https:\/\/www.facebook.com\/nigroequipamentos\" \/>\n<meta name=\"twitter:card\" content=\"summary_large_image\" \/>\n<meta name=\"twitter:label1\" content=\"Est. tempo de leitura\" \/>\n\t<meta name=\"twitter:data1\" content=\"1 minuto\" \/>\n<script type=\"application\/ld+json\" class=\"yoast-schema-graph\">{\"@context\":\"https:\/\/schema.org\",\"@graph\":[{\"@type\":\"WebPage\",\"@id\":\"https:\/\/nigroequipamentos.com.br\/conteudo\/empilhadeira-paletrans-garantia-de-qualidade-e-desempenho-4\/\",\"url\":\"https:\/\/nigroequipamentos.com.br\/conteudo\/empilhadeira-paletrans-garantia-de-qualidade-e-desempenho-4\/\",\"name\":\"Empilhadeira Paletrans: Garantia e Confian\u00e7a com a Nigro Equipamentos\",\"isPartOf\":{\"@id\":\"https:\/\/nigroequipamentos.com.br\/conteudo\/#website\"},\"datePublished\":\"2025-07-27T04:45:56+00:00\",\"dateModified\":\"2025-07-27T04:45:56+00:00\",\"description\":\"Conhe\u00e7a a Empilhadeira Paletrans com garantia da Nigro Equipamentos. A escolha perfeita para qualidade e confian\u00e7a na sua opera\u00e7\u00e3o.\",\"breadcrumb\":{\"@id\":\"https:\/\/nigroequipamentos.com.br\/conteudo\/empilhadeira-paletrans-garantia-de-qualidade-e-desempenho-4\/#breadcrumb\"},\"inLanguage\":\"pt-BR\",\"potentialAction\":[{\"@type\":\"ReadAction\",\"target\":[\"https:\/\/nigroequipamentos.com.br\/conteudo\/empilhadeira-paletrans-garantia-de-qualidade-e-desempenho-4\/\"]}]},{\"@type\":\"BreadcrumbList\",\"@id\":\"https:\/\/nigroequipamentos.com.br\/conteudo\/empilhadeira-paletrans-garantia-de-qualidade-e-desempenho-4\/#breadcrumb\",\"itemListElement\":[{\"@type\":\"ListItem\",\"position\":1,\"name\":\"In\u00edcio\",\"item\":\"https:\/\/nigroequipamentos.com.br\/conteudo\/\"},{\"@type\":\"ListItem\",\"position\":2,\"name\":\"Empilhadeira Paletrans: Garantia de Qualidade e Desempenho\"}]},{\"@type\":\"WebSite\",\"@id\":\"https:\/\/nigroequipamentos.com.br\/conteudo\/#website\",\"url\":\"https:\/\/nigroequipamentos.com.br\/conteudo\/\",\"name\":\"Nigro Equipamentos\",\"description\":\"Loca\u00e7\u00e3o e Vendas\",\"publisher\":{\"@id\":\"https:\/\/nigroequipamentos.com.br\/conteudo\/#organization\"},\"potentialAction\":[{\"@type\":\"SearchAction\",\"target\":{\"@type\":\"EntryPoint\",\"urlTemplate\":\"https:\/\/nigroequipamentos.com.br\/conteudo\/?s={search_term_string}\"},\"query-input\":{\"@type\":\"PropertyValueSpecification\",\"valueRequired\":true,\"valueName\":\"search_term_string\"}}],\"inLanguage\":\"pt-BR\"},{\"@type\":\"Organization\",\"@id\":\"https:\/\/nigroequipamentos.com.br\/conteudo\/#organization\",\"name\":\"Nigro Equipamentos\",\"url\":\"https:\/\/nigroequipamentos.com.br\/conteudo\/\",\"logo\":{\"@type\":\"ImageObject\",\"inLanguage\":\"pt-BR\",\"@id\":\"https:\/\/nigroequipamentos.com.br\/conteudo\/#\/schema\/logo\/image\/\",\"url\":\"https:\/\/nigroequipamentos.com.br\/conteudo\/wp-content\/uploads\/2024\/10\/nigroequipamentos_logo.webp\",\"contentUrl\":\"https:\/\/nigroequipamentos.com.br\/conteudo\/wp-content\/uploads\/2024\/10\/nigroequipamentos_logo.webp\",\"width\":785,\"height\":355,\"caption\":\"Nigro Equipamentos\"},\"image\":{\"@id\":\"https:\/\/nigroequipamentos.com.br\/conteudo\/#\/schema\/logo\/image\/\"},\"sameAs\":[\"https:\/\/www.facebook.com\/nigroequipamentos\",\"https:\/\/www.instagram.com\/nigroequipamentos\/\"]}]}<\/script>\n<!-- \/ Yoast SEO Premium plugin. -->","yoast_head_json":{"title":"Empilhadeira Paletrans: Garantia e Confian\u00e7a com a Nigro Equipamentos","description":"Conhe\u00e7a a Empilhadeira Paletrans com garantia da Nigro Equipamentos. A escolha perfeita para qualidade e confian\u00e7a na sua opera\u00e7\u00e3o.","robots":{"index":"index","follow":"follow","max-snippet":"max-snippet:-1","max-image-preview":"max-image-preview:large","max-video-preview":"max-video-preview:-1"},"canonical":"https:\/\/nigroequipamentos.com.br\/conteudo\/empilhadeira-paletrans-garantia-de-qualidade-e-desempenho-4\/","og_locale":"pt_BR","og_type":"article","og_title":"Empilhadeira Paletrans: Garantia de Qualidade e Desempenho","og_description":"Conhe\u00e7a a Empilhadeira Paletrans com garantia da Nigro Equipamentos. A escolha perfeita para qualidade e confian\u00e7a na sua opera\u00e7\u00e3o.","og_url":"https:\/\/nigroequipamentos.com.br\/conteudo\/empilhadeira-paletrans-garantia-de-qualidade-e-desempenho-4\/","og_site_name":"Nigro Equipamentos","article_publisher":"https:\/\/www.facebook.com\/nigroequipamentos","twitter_card":"summary_large_image","twitter_misc":{"Est. tempo de leitura":"1 minuto"},"schema":{"@context":"https:\/\/schema.org","@graph":[{"@type":"WebPage","@id":"https:\/\/nigroequipamentos.com.br\/conteudo\/empilhadeira-paletrans-garantia-de-qualidade-e-desempenho-4\/","url":"https:\/\/nigroequipamentos.com.br\/conteudo\/empilhadeira-paletrans-garantia-de-qualidade-e-desempenho-4\/","name":"Empilhadeira Paletrans: Garantia e Confian\u00e7a com a Nigro Equipamentos","isPartOf":{"@id":"https:\/\/nigroequipamentos.com.br\/conteudo\/#website"},"datePublished":"2025-07-27T04:45:56+00:00","dateModified":"2025-07-27T04:45:56+00:00","description":"Conhe\u00e7a a Empilhadeira Paletrans com garantia da Nigro Equipamentos. A escolha perfeita para qualidade e confian\u00e7a na sua opera\u00e7\u00e3o.","breadcrumb":{"@id":"https:\/\/nigroequipamentos.com.br\/conteudo\/empilhadeira-paletrans-garantia-de-qualidade-e-desempenho-4\/#breadcrumb"},"inLanguage":"pt-BR","potentialAction":[{"@type":"ReadAction","target":["https:\/\/nigroequipamentos.com.br\/conteudo\/empilhadeira-paletrans-garantia-de-qualidade-e-desempenho-4\/"]}]},{"@type":"BreadcrumbList","@id":"https:\/\/nigroequipamentos.com.br\/conteudo\/empilhadeira-paletrans-garantia-de-qualidade-e-desempenho-4\/#breadcrumb","itemListElement":[{"@type":"ListItem","position":1,"name":"In\u00edcio","item":"https:\/\/nigroequipamentos.com.br\/conteudo\/"},{"@type":"ListItem","position":2,"name":"Empilhadeira Paletrans: Garantia de Qualidade e Desempenho"}]},{"@type":"WebSite","@id":"https:\/\/nigroequipamentos.com.br\/conteudo\/#website","url":"https:\/\/nigroequipamentos.com.br\/conteudo\/","name":"Nigro Equipamentos","description":"Loca\u00e7\u00e3o e Vendas","publisher":{"@id":"https:\/\/nigroequipamentos.com.br\/conteudo\/#organization"},"potentialAction":[{"@type":"SearchAction","target":{"@type":"EntryPoint","urlTemplate":"https:\/\/nigroequipamentos.com.br\/conteudo\/?s={search_term_string}"},"query-input":{"@type":"PropertyValueSpecification","valueRequired":true,"valueName":"search_term_string"}}],"inLanguage":"pt-BR"},{"@type":"Organization","@id":"https:\/\/nigroequipamentos.com.br\/conteudo\/#organization","name":"Nigro Equipamentos","url":"https:\/\/nigroequipamentos.com.br\/conteudo\/","logo":{"@type":"ImageObject","inLanguage":"pt-BR","@id":"https:\/\/nigroequipamentos.com.br\/conteudo\/#\/schema\/logo\/image\/","url":"https:\/\/nigroequipamentos.com.br\/conteudo\/wp-content\/uploads\/2024\/10\/nigroequipamentos_logo.webp","contentUrl":"https:\/\/nigroequipamentos.com.br\/conteudo\/wp-content\/uploads\/2024\/10\/nigroequipamentos_logo.webp","width":785,"height":355,"caption":"Nigro Equipamentos"},"image":{"@id":"https:\/\/nigroequipamentos.com.br\/conteudo\/#\/schema\/logo\/image\/"},"sameAs":["https:\/\/www.facebook.com\/nigroequipamentos","https:\/\/www.instagram.com\/nigroequipamentos\/"]}]}},"_links":{"self":[{"href":"https:\/\/nigroequipamentos.com.br\/conteudo\/wp-json\/wp\/v2\/pages\/49733","targetHints":{"allow":["GET"]}}],"collection":[{"href":"https:\/\/nigroequipamentos.com.br\/conteudo\/wp-json\/wp\/v2\/pages"}],"about":[{"href":"https:\/\/nigroequipamentos.com.br\/conteudo\/wp-json\/wp\/v2\/types\/page"}],"author":[{"embeddable":true,"href":"https:\/\/nigroequipamentos.com.br\/conteudo\/wp-json\/wp\/v2\/users\/3"}],"replies":[{"embeddable":true,"href":"https:\/\/nigroequipamentos.com.br\/conteudo\/wp-json\/wp\/v2\/comments?post=49733"}],"version-history":[{"count":0,"href":"https:\/\/nigroequipamentos.com.br\/conteudo\/wp-json\/wp\/v2\/pages\/49733\/revisions"}],"wp:attachment":[{"href":"https:\/\/nigroequipamentos.com.br\/conteudo\/wp-json\/wp\/v2\/media?parent=49733"}],"curies":[{"name":"wp","href":"https:\/\/api.w.org\/{rel}","templated":true}]}}