{"id":48942,"date":"2025-07-24T20:45:58","date_gmt":"2025-07-24T23:45:58","guid":{"rendered":"https:\/\/nigroequipamentos.com.br\/conteudo\/empilhadeira-paletrans-suporte-eficiente-para-seu-negocio\/"},"modified":"2025-07-24T20:45:58","modified_gmt":"2025-07-24T23:45:58","slug":"empilhadeira-paletrans-suporte-eficiente-para-seu-negocio","status":"publish","type":"page","link":"https:\/\/nigroequipamentos.com.br\/conteudo\/empilhadeira-paletrans-suporte-eficiente-para-seu-negocio\/","title":{"rendered":"Empilhadeira Paletrans: Suporte Eficiente Para Seu Neg\u00f3cio"},"content":{"rendered":"<p>A Nigro Equipamentos \u00e9 a refer\u00eancia quando se trata de suporte para Empilhadeiras Paletrans. Oferecemos um servi\u00e7o completo, que abrange desde a compra at\u00e9 a manuten\u00e7\u00e3o e loca\u00e7\u00e3o, garantindo que sua opera\u00e7\u00e3o nunca pare. Nossa equipe especializada est\u00e1 pronta para atender suas necessidades, oferecendo um suporte t\u00e9cnico que se destaca no mercado. Conhe\u00e7a mais sobre como podemos turbinar sua log\u00edstica com as Empilhadeiras Paletrans e seu suporte acess\u00edvel e confi\u00e1vel. N\u00e3o deixe de confiar na experi\u00eancia da Nigro Equipamentos para todas as suas necessidades com Empilhadeiras Paletrans.<\/p>\n","protected":false},"excerpt":{"rendered":"<p>A Nigro Equipamentos \u00e9 a refer\u00eancia quando se trata de suporte para Empilhadeiras Paletrans. Oferecemos um servi\u00e7o completo, que abrange desde a compra at\u00e9 a manuten\u00e7\u00e3o e loca\u00e7\u00e3o, garantindo que sua opera\u00e7\u00e3o nunca pare. Nossa equipe especializada est\u00e1 pronta para atender suas necessidades, oferecendo um suporte t\u00e9cnico que se destaca no mercado. Conhe\u00e7a mais sobre&hellip;&nbsp;<a href=\"https:\/\/nigroequipamentos.com.br\/conteudo\/empilhadeira-paletrans-suporte-eficiente-para-seu-negocio\/\" class=\"\" rel=\"bookmark\">Continue a ler &raquo;<span class=\"screen-reader-text\">Empilhadeira Paletrans: Suporte Eficiente Para Seu Neg\u00f3cio<\/span><\/a><\/p>\n","protected":false},"author":3,"featured_media":0,"parent":0,"menu_order":0,"comment_status":"closed","ping_status":"closed","template":"","meta":{"_acf_changed":false,"_yoast_wpseo_focuskw":"Empilhadeira Paletrans suporte","_yoast_wpseo_title":"Suporte Especializado em Empilhadeiras Paletrans | Nigro Equipamentos","_yoast_wpseo_metadesc":"Descubra como a Nigro Equipamentos \u00e9 a melhor op\u00e7\u00e3o para suporte em Empilhadeiras Paletrans, incluindo compra, manuten\u00e7\u00e3o e loca\u00e7\u00e3o.","neve_meta_sidebar":"","neve_meta_container":"","neve_meta_enable_content_width":"","neve_meta_content_width":0,"neve_meta_title_alignment":"","neve_meta_author_avatar":"","neve_post_elements_order":"","neve_meta_disable_header":"","neve_meta_disable_footer":"","neve_meta_disable_title":"","footnotes":""},"class_list":["post-48942","page","type-page","status-publish","hentry"],"acf":{"bloco1title":"Experi\u00eancia \u00fanica","bloco1text":"Com anos de atua\u00e7\u00e3o, a Nigro Equipamentos possui uma equipe experiente, pronta para oferecer suporte excepcional em Empilhadeiras Paletrans.","bloco2title":"Suporte t\u00e9cnico","bloco2text":"Oferecemos suporte t\u00e9cnico qualificado para Empilhadeiras Paletrans, garantindo \u00f3tima performance e seguran\u00e7a.","bloco3title":"O que considerar?","bloco3text":"Na escolha da Empilhadeira Paletrans, considere o suporte oferecido. A Nigro Equipamentos se destaca neste aspecto, assegurando um atendimento cont\u00ednuo para suas opera\u00e7\u00f5es.","posttitle":"Maximize a Performance das Suas Opera\u00e7\u00f5es com Empilhadeira Paletrans e Suporte Especializado","postcontent":"<strong>Por que escolher a Nigro Equipamentos?<\/strong> A Nigro Equipamentos \u00e9 o parceiro ideal para fornecer suporte em Empilhadeiras Paletrans. Temos um portf\u00f3lio diversificado, incluindo a compra, loca\u00e7\u00e3o e manuten\u00e7\u00e3o desse tipo de equipamento. Nosso suporte vai al\u00e9m: contamos com profissionais altamente capacitados para resolver problemas em tempo real e garantir que suas Empilhadeiras Paletrans estejam sempre em excelente estado de funcionamento. Ser refer\u00eancia em suporte \u00e9 nossa miss\u00e3o, e por isso, investimos continuamente em treinamento e tecnologia para oferecer a melhor experi\u00eancia ao cliente. Se a sua empresa busca efici\u00eancia, reduza custos e aumente a produtividade com o suporte excepcional da Nigro Equipamentos nas Empilhadeiras Paletrans.","insightwidtitle":"Curiosidades sobre Empilhadeiras","insightwidcontent":"Voc\u00ea sabia que as Empilhadeiras Paletrans podem carregar at\u00e9 2.500 kg? Al\u00e9m disso, elas s\u00e3o essenciais para otimizar o espa\u00e7o de armazenamento, permitindo que as empresas gerenciem melhor seus estoques. Com o suporte certo, sua efici\u00eancia se multiplica!"},"yoast_head":"<!-- This site is optimized with the Yoast SEO Premium plugin v18.3 (Yoast SEO v23.4) - https:\/\/yoast.com\/wordpress\/plugins\/seo\/ -->\n<title>Suporte Especializado em Empilhadeiras Paletrans | Nigro Equipamentos<\/title>\n<meta name=\"description\" content=\"Descubra como a Nigro Equipamentos \u00e9 a melhor op\u00e7\u00e3o para suporte em Empilhadeiras Paletrans, incluindo compra, manuten\u00e7\u00e3o e loca\u00e7\u00e3o.\" \/>\n<meta name=\"robots\" content=\"index, follow, max-snippet:-1, max-image-preview:large, max-video-preview:-1\" \/>\n<link rel=\"canonical\" href=\"https:\/\/nigroequipamentos.com.br\/conteudo\/empilhadeira-paletrans-suporte-eficiente-para-seu-negocio\/\" \/>\n<meta property=\"og:locale\" content=\"pt_BR\" \/>\n<meta property=\"og:type\" content=\"article\" \/>\n<meta property=\"og:title\" content=\"Empilhadeira Paletrans: Suporte Eficiente Para Seu Neg\u00f3cio\" \/>\n<meta property=\"og:description\" content=\"Descubra como a Nigro Equipamentos \u00e9 a melhor op\u00e7\u00e3o para suporte em Empilhadeiras Paletrans, incluindo compra, manuten\u00e7\u00e3o e loca\u00e7\u00e3o.\" \/>\n<meta property=\"og:url\" content=\"https:\/\/nigroequipamentos.com.br\/conteudo\/empilhadeira-paletrans-suporte-eficiente-para-seu-negocio\/\" \/>\n<meta property=\"og:site_name\" content=\"Nigro Equipamentos\" \/>\n<meta property=\"article:publisher\" content=\"https:\/\/www.facebook.com\/nigroequipamentos\" \/>\n<meta name=\"twitter:card\" content=\"summary_large_image\" \/>\n<script type=\"application\/ld+json\" class=\"yoast-schema-graph\">{\"@context\":\"https:\/\/schema.org\",\"@graph\":[{\"@type\":\"WebPage\",\"@id\":\"https:\/\/nigroequipamentos.com.br\/conteudo\/empilhadeira-paletrans-suporte-eficiente-para-seu-negocio\/\",\"url\":\"https:\/\/nigroequipamentos.com.br\/conteudo\/empilhadeira-paletrans-suporte-eficiente-para-seu-negocio\/\",\"name\":\"Suporte Especializado em Empilhadeiras Paletrans | Nigro Equipamentos\",\"isPartOf\":{\"@id\":\"https:\/\/nigroequipamentos.com.br\/conteudo\/#website\"},\"datePublished\":\"2025-07-24T23:45:58+00:00\",\"dateModified\":\"2025-07-24T23:45:58+00:00\",\"description\":\"Descubra como a Nigro Equipamentos \u00e9 a melhor op\u00e7\u00e3o para suporte em Empilhadeiras Paletrans, incluindo compra, manuten\u00e7\u00e3o e loca\u00e7\u00e3o.\",\"breadcrumb\":{\"@id\":\"https:\/\/nigroequipamentos.com.br\/conteudo\/empilhadeira-paletrans-suporte-eficiente-para-seu-negocio\/#breadcrumb\"},\"inLanguage\":\"pt-BR\",\"potentialAction\":[{\"@type\":\"ReadAction\",\"target\":[\"https:\/\/nigroequipamentos.com.br\/conteudo\/empilhadeira-paletrans-suporte-eficiente-para-seu-negocio\/\"]}]},{\"@type\":\"BreadcrumbList\",\"@id\":\"https:\/\/nigroequipamentos.com.br\/conteudo\/empilhadeira-paletrans-suporte-eficiente-para-seu-negocio\/#breadcrumb\",\"itemListElement\":[{\"@type\":\"ListItem\",\"position\":1,\"name\":\"In\u00edcio\",\"item\":\"https:\/\/nigroequipamentos.com.br\/conteudo\/\"},{\"@type\":\"ListItem\",\"position\":2,\"name\":\"Empilhadeira Paletrans: Suporte Eficiente Para Seu Neg\u00f3cio\"}]},{\"@type\":\"WebSite\",\"@id\":\"https:\/\/nigroequipamentos.com.br\/conteudo\/#website\",\"url\":\"https:\/\/nigroequipamentos.com.br\/conteudo\/\",\"name\":\"Nigro Equipamentos\",\"description\":\"Loca\u00e7\u00e3o e Vendas\",\"publisher\":{\"@id\":\"https:\/\/nigroequipamentos.com.br\/conteudo\/#organization\"},\"potentialAction\":[{\"@type\":\"SearchAction\",\"target\":{\"@type\":\"EntryPoint\",\"urlTemplate\":\"https:\/\/nigroequipamentos.com.br\/conteudo\/?s={search_term_string}\"},\"query-input\":{\"@type\":\"PropertyValueSpecification\",\"valueRequired\":true,\"valueName\":\"search_term_string\"}}],\"inLanguage\":\"pt-BR\"},{\"@type\":\"Organization\",\"@id\":\"https:\/\/nigroequipamentos.com.br\/conteudo\/#organization\",\"name\":\"Nigro Equipamentos\",\"url\":\"https:\/\/nigroequipamentos.com.br\/conteudo\/\",\"logo\":{\"@type\":\"ImageObject\",\"inLanguage\":\"pt-BR\",\"@id\":\"https:\/\/nigroequipamentos.com.br\/conteudo\/#\/schema\/logo\/image\/\",\"url\":\"https:\/\/nigroequipamentos.com.br\/conteudo\/wp-content\/uploads\/2024\/10\/nigroequipamentos_logo.webp\",\"contentUrl\":\"https:\/\/nigroequipamentos.com.br\/conteudo\/wp-content\/uploads\/2024\/10\/nigroequipamentos_logo.webp\",\"width\":785,\"height\":355,\"caption\":\"Nigro Equipamentos\"},\"image\":{\"@id\":\"https:\/\/nigroequipamentos.com.br\/conteudo\/#\/schema\/logo\/image\/\"},\"sameAs\":[\"https:\/\/www.facebook.com\/nigroequipamentos\",\"https:\/\/www.instagram.com\/nigroequipamentos\/\"]}]}<\/script>\n<!-- \/ Yoast SEO Premium plugin. -->","yoast_head_json":{"title":"Suporte Especializado em Empilhadeiras Paletrans | Nigro Equipamentos","description":"Descubra como a Nigro Equipamentos \u00e9 a melhor op\u00e7\u00e3o para suporte em Empilhadeiras Paletrans, incluindo compra, manuten\u00e7\u00e3o e loca\u00e7\u00e3o.","robots":{"index":"index","follow":"follow","max-snippet":"max-snippet:-1","max-image-preview":"max-image-preview:large","max-video-preview":"max-video-preview:-1"},"canonical":"https:\/\/nigroequipamentos.com.br\/conteudo\/empilhadeira-paletrans-suporte-eficiente-para-seu-negocio\/","og_locale":"pt_BR","og_type":"article","og_title":"Empilhadeira Paletrans: Suporte Eficiente Para Seu Neg\u00f3cio","og_description":"Descubra como a Nigro Equipamentos \u00e9 a melhor op\u00e7\u00e3o para suporte em Empilhadeiras Paletrans, incluindo compra, manuten\u00e7\u00e3o e loca\u00e7\u00e3o.","og_url":"https:\/\/nigroequipamentos.com.br\/conteudo\/empilhadeira-paletrans-suporte-eficiente-para-seu-negocio\/","og_site_name":"Nigro Equipamentos","article_publisher":"https:\/\/www.facebook.com\/nigroequipamentos","twitter_card":"summary_large_image","schema":{"@context":"https:\/\/schema.org","@graph":[{"@type":"WebPage","@id":"https:\/\/nigroequipamentos.com.br\/conteudo\/empilhadeira-paletrans-suporte-eficiente-para-seu-negocio\/","url":"https:\/\/nigroequipamentos.com.br\/conteudo\/empilhadeira-paletrans-suporte-eficiente-para-seu-negocio\/","name":"Suporte Especializado em Empilhadeiras Paletrans | Nigro Equipamentos","isPartOf":{"@id":"https:\/\/nigroequipamentos.com.br\/conteudo\/#website"},"datePublished":"2025-07-24T23:45:58+00:00","dateModified":"2025-07-24T23:45:58+00:00","description":"Descubra como a Nigro Equipamentos \u00e9 a melhor op\u00e7\u00e3o para suporte em Empilhadeiras Paletrans, incluindo compra, manuten\u00e7\u00e3o e loca\u00e7\u00e3o.","breadcrumb":{"@id":"https:\/\/nigroequipamentos.com.br\/conteudo\/empilhadeira-paletrans-suporte-eficiente-para-seu-negocio\/#breadcrumb"},"inLanguage":"pt-BR","potentialAction":[{"@type":"ReadAction","target":["https:\/\/nigroequipamentos.com.br\/conteudo\/empilhadeira-paletrans-suporte-eficiente-para-seu-negocio\/"]}]},{"@type":"BreadcrumbList","@id":"https:\/\/nigroequipamentos.com.br\/conteudo\/empilhadeira-paletrans-suporte-eficiente-para-seu-negocio\/#breadcrumb","itemListElement":[{"@type":"ListItem","position":1,"name":"In\u00edcio","item":"https:\/\/nigroequipamentos.com.br\/conteudo\/"},{"@type":"ListItem","position":2,"name":"Empilhadeira Paletrans: Suporte Eficiente Para Seu Neg\u00f3cio"}]},{"@type":"WebSite","@id":"https:\/\/nigroequipamentos.com.br\/conteudo\/#website","url":"https:\/\/nigroequipamentos.com.br\/conteudo\/","name":"Nigro Equipamentos","description":"Loca\u00e7\u00e3o e Vendas","publisher":{"@id":"https:\/\/nigroequipamentos.com.br\/conteudo\/#organization"},"potentialAction":[{"@type":"SearchAction","target":{"@type":"EntryPoint","urlTemplate":"https:\/\/nigroequipamentos.com.br\/conteudo\/?s={search_term_string}"},"query-input":{"@type":"PropertyValueSpecification","valueRequired":true,"valueName":"search_term_string"}}],"inLanguage":"pt-BR"},{"@type":"Organization","@id":"https:\/\/nigroequipamentos.com.br\/conteudo\/#organization","name":"Nigro Equipamentos","url":"https:\/\/nigroequipamentos.com.br\/conteudo\/","logo":{"@type":"ImageObject","inLanguage":"pt-BR","@id":"https:\/\/nigroequipamentos.com.br\/conteudo\/#\/schema\/logo\/image\/","url":"https:\/\/nigroequipamentos.com.br\/conteudo\/wp-content\/uploads\/2024\/10\/nigroequipamentos_logo.webp","contentUrl":"https:\/\/nigroequipamentos.com.br\/conteudo\/wp-content\/uploads\/2024\/10\/nigroequipamentos_logo.webp","width":785,"height":355,"caption":"Nigro Equipamentos"},"image":{"@id":"https:\/\/nigroequipamentos.com.br\/conteudo\/#\/schema\/logo\/image\/"},"sameAs":["https:\/\/www.facebook.com\/nigroequipamentos","https:\/\/www.instagram.com\/nigroequipamentos\/"]}]}},"_links":{"self":[{"href":"https:\/\/nigroequipamentos.com.br\/conteudo\/wp-json\/wp\/v2\/pages\/48942","targetHints":{"allow":["GET"]}}],"collection":[{"href":"https:\/\/nigroequipamentos.com.br\/conteudo\/wp-json\/wp\/v2\/pages"}],"about":[{"href":"https:\/\/nigroequipamentos.com.br\/conteudo\/wp-json\/wp\/v2\/types\/page"}],"author":[{"embeddable":true,"href":"https:\/\/nigroequipamentos.com.br\/conteudo\/wp-json\/wp\/v2\/users\/3"}],"replies":[{"embeddable":true,"href":"https:\/\/nigroequipamentos.com.br\/conteudo\/wp-json\/wp\/v2\/comments?post=48942"}],"version-history":[{"count":0,"href":"https:\/\/nigroequipamentos.com.br\/conteudo\/wp-json\/wp\/v2\/pages\/48942\/revisions"}],"wp:attachment":[{"href":"https:\/\/nigroequipamentos.com.br\/conteudo\/wp-json\/wp\/v2\/media?parent=48942"}],"curies":[{"name":"wp","href":"https:\/\/api.w.org\/{rel}","templated":true}]}}