{"id":46015,"date":"2025-07-17T03:46:08","date_gmt":"2025-07-17T06:46:08","guid":{"rendered":"https:\/\/nigroequipamentos.com.br\/conteudo\/descubra-o-melhor-preco-da-empilhadeira-paletrans-8\/"},"modified":"2025-07-17T03:46:08","modified_gmt":"2025-07-17T06:46:08","slug":"descubra-o-melhor-preco-da-empilhadeira-paletrans-8","status":"publish","type":"page","link":"https:\/\/nigroequipamentos.com.br\/conteudo\/descubra-o-melhor-preco-da-empilhadeira-paletrans-8\/","title":{"rendered":"Descubra o Melhor Pre\u00e7o da Empilhadeira Paletrans"},"content":{"rendered":"<p>Se voc\u00ea est\u00e1 procurando por empilhadeiras de alta qualidade, a empilhadeira Paletrans \u00e9 uma das melhores escolhas do mercado. conhe\u00e7a as vantagens e pre\u00e7os dispon\u00edveis. A Nigro Equipamentos se destaca n\u00e3o apenas na venda dessas m\u00e1quinas, mas tamb\u00e9m em loca\u00e7\u00e3o e manuten\u00e7\u00e3o. Explore as op\u00e7\u00f5es que a Nigro oferece e confira por que o pre\u00e7o da empilhadeira Paletrans \u00e9 a sua melhor op\u00e7\u00e3o para efici\u00eancia e produtividade em suas opera\u00e7\u00f5es.<\/p>\n","protected":false},"excerpt":{"rendered":"<p>Se voc\u00ea est\u00e1 procurando por empilhadeiras de alta qualidade, a empilhadeira Paletrans \u00e9 uma das melhores escolhas do mercado. conhe\u00e7a as vantagens e pre\u00e7os dispon\u00edveis. A Nigro Equipamentos se destaca n\u00e3o apenas na venda dessas m\u00e1quinas, mas tamb\u00e9m em loca\u00e7\u00e3o e manuten\u00e7\u00e3o. Explore as op\u00e7\u00f5es que a Nigro oferece e confira por que o pre\u00e7o&hellip;&nbsp;<a href=\"https:\/\/nigroequipamentos.com.br\/conteudo\/descubra-o-melhor-preco-da-empilhadeira-paletrans-8\/\" class=\"\" rel=\"bookmark\">Continue a ler &raquo;<span class=\"screen-reader-text\">Descubra o Melhor Pre\u00e7o da Empilhadeira Paletrans<\/span><\/a><\/p>\n","protected":false},"author":3,"featured_media":0,"parent":0,"menu_order":0,"comment_status":"closed","ping_status":"closed","template":"","meta":{"_acf_changed":false,"_yoast_wpseo_focuskw":"Empilhadeira Paletrans pre\u00e7o","_yoast_wpseo_title":"Empilhadeira Paletrans Pre\u00e7o - Nigro Equipamentos","_yoast_wpseo_metadesc":"Encontre o melhor pre\u00e7o da empilhadeira Paletrans na Nigro Equipamentos. Oferecemos loca\u00e7\u00e3o, compra e manuten\u00e7\u00e3o. Conhe\u00e7a nossas op\u00e7\u00f5es agora!","neve_meta_sidebar":"","neve_meta_container":"","neve_meta_enable_content_width":"","neve_meta_content_width":0,"neve_meta_title_alignment":"","neve_meta_author_avatar":"","neve_post_elements_order":"","neve_meta_disable_header":"","neve_meta_disable_footer":"","neve_meta_disable_title":"","footnotes":""},"class_list":["post-46015","page","type-page","status-publish","hentry"],"acf":{"bloco1title":"Qualidade Garantida","bloco1text":"Na Nigro, garantimos a qualidade das empilhadeiras Paletrans, oferecendo assist\u00eancia completa antes e ap\u00f3s a compra.","bloco2title":"Condi\u00e7\u00f5es Especiais","bloco2text":"Oferecemos condi\u00e7\u00f5es de pagamento diferenciadas na aquisi\u00e7\u00e3o da empilhadeira Paletrans para facilitar sua compra.","bloco3title":"Tend\u00eancias do Setor","bloco3text":"O setor de log\u00edstica e armazenagem est\u00e1 em constante evolu\u00e7\u00e3o. A empilhadeira Paletrans \u00e9 ideal para atender a novas demandas, combinando tecnologia e efici\u00eancia no manuseio de cargas.","posttitle":"Como Escolher a Melhor Empilhadeira Paletrans e Seu Pre\u00e7o","postcontent":"<strong>Entendendo o pre\u00e7o da empilhadeira Paletrans<\/strong><br>O pre\u00e7o da empilhadeira Paletrans pode variar de acordo com a configura\u00e7\u00e3o e funcionalidades que voc\u00ea escolher. \u00c9 importante analisar suas necessidades e o volume de trabalho na sua opera\u00e7\u00e3o, pois a escolha errada pode impactar seu investimento. A Nigro Equipamentos possui profissionais capacitados para ajudar na melhor escolha em rela\u00e7\u00e3o ao pre\u00e7o da empilhadeira Paletrans que atende ao seu or\u00e7amento.<br><br><strong>Diferenciais da empilhadeira Paletrans<\/strong><br>A empilhadeira Paletrans se destaca pela robustez e efici\u00eancia de seu modelo, visando sempre o melhor custo-benef\u00edcio. Ao buscar o pre\u00e7o da empilhadeira Paletrans, considere tamb\u00e9m a manuten\u00e7\u00e3o oferecem. Aqui na Nigro, a experi\u00eancia e a especializa\u00e7\u00e3o garantem um servi\u00e7o de excel\u00eancia, desde a escolha do equipamento at\u00e9 a assist\u00eancia t\u00e9cnica.<br><br><strong>Local onde encontrar o melhor pre\u00e7o da empilhadeira Paletrans<\/strong><br>Na Nigro Equipamentos, voc\u00ea pode facilmente encontrar uma empilhadeira Paletrans que se encaixe em seu or\u00e7amento. Al\u00e9m disso, oferecemos op\u00e7\u00f5es de loca\u00e7\u00e3o, tornando-se uma solu\u00e7\u00e3o pr\u00e1tica e econ\u00f4mica para diversas opera\u00e7\u00f5es. Seja na compra ou loca\u00e7\u00e3o, a Nigro se compromete em garantir o melhor pre\u00e7o da empilhadeira Paletrans do mercado.","insightwidtitle":"Curiosidades sobre Empilhadeiras","insightwidcontent":"Voc\u00ea sabia que as empilhadeiras Paletrans s\u00e3o projetadas para operar em espa\u00e7os reduzidos? Isso as torna ideais para armaz\u00e9ns e locais de armazenamento com \u00e1reas limitadas. Outro fato interessante \u00e9 que a manuten\u00e7\u00e3o preventiva pode aumentar a vida \u00fatil da empilhadeira, garantindo que voc\u00ea obtenha o m\u00e1ximo retorno sobre seu investimento."},"yoast_head":"<!-- This site is optimized with the Yoast SEO Premium plugin v18.3 (Yoast SEO v23.4) - https:\/\/yoast.com\/wordpress\/plugins\/seo\/ -->\n<title>Empilhadeira Paletrans Pre\u00e7o - Nigro Equipamentos<\/title>\n<meta name=\"description\" content=\"Encontre o melhor pre\u00e7o da empilhadeira Paletrans na Nigro Equipamentos. Oferecemos loca\u00e7\u00e3o, compra e manuten\u00e7\u00e3o. Conhe\u00e7a nossas op\u00e7\u00f5es agora!\" \/>\n<meta name=\"robots\" content=\"index, follow, max-snippet:-1, max-image-preview:large, max-video-preview:-1\" \/>\n<link rel=\"canonical\" href=\"https:\/\/nigroequipamentos.com.br\/conteudo\/descubra-o-melhor-preco-da-empilhadeira-paletrans-8\/\" \/>\n<meta property=\"og:locale\" content=\"pt_BR\" \/>\n<meta property=\"og:type\" content=\"article\" \/>\n<meta property=\"og:title\" content=\"Descubra o Melhor Pre\u00e7o da Empilhadeira Paletrans\" \/>\n<meta property=\"og:description\" content=\"Encontre o melhor pre\u00e7o da empilhadeira Paletrans na Nigro Equipamentos. Oferecemos loca\u00e7\u00e3o, compra e manuten\u00e7\u00e3o. Conhe\u00e7a nossas op\u00e7\u00f5es agora!\" \/>\n<meta property=\"og:url\" content=\"https:\/\/nigroequipamentos.com.br\/conteudo\/descubra-o-melhor-preco-da-empilhadeira-paletrans-8\/\" \/>\n<meta property=\"og:site_name\" content=\"Nigro Equipamentos\" \/>\n<meta property=\"article:publisher\" content=\"https:\/\/www.facebook.com\/nigroequipamentos\" \/>\n<meta name=\"twitter:card\" content=\"summary_large_image\" \/>\n<script type=\"application\/ld+json\" class=\"yoast-schema-graph\">{\"@context\":\"https:\/\/schema.org\",\"@graph\":[{\"@type\":\"WebPage\",\"@id\":\"https:\/\/nigroequipamentos.com.br\/conteudo\/descubra-o-melhor-preco-da-empilhadeira-paletrans-8\/\",\"url\":\"https:\/\/nigroequipamentos.com.br\/conteudo\/descubra-o-melhor-preco-da-empilhadeira-paletrans-8\/\",\"name\":\"Empilhadeira Paletrans Pre\u00e7o - Nigro Equipamentos\",\"isPartOf\":{\"@id\":\"https:\/\/nigroequipamentos.com.br\/conteudo\/#website\"},\"datePublished\":\"2025-07-17T06:46:08+00:00\",\"dateModified\":\"2025-07-17T06:46:08+00:00\",\"description\":\"Encontre o melhor pre\u00e7o da empilhadeira Paletrans na Nigro Equipamentos. Oferecemos loca\u00e7\u00e3o, compra e manuten\u00e7\u00e3o. Conhe\u00e7a nossas op\u00e7\u00f5es agora!\",\"breadcrumb\":{\"@id\":\"https:\/\/nigroequipamentos.com.br\/conteudo\/descubra-o-melhor-preco-da-empilhadeira-paletrans-8\/#breadcrumb\"},\"inLanguage\":\"pt-BR\",\"potentialAction\":[{\"@type\":\"ReadAction\",\"target\":[\"https:\/\/nigroequipamentos.com.br\/conteudo\/descubra-o-melhor-preco-da-empilhadeira-paletrans-8\/\"]}]},{\"@type\":\"BreadcrumbList\",\"@id\":\"https:\/\/nigroequipamentos.com.br\/conteudo\/descubra-o-melhor-preco-da-empilhadeira-paletrans-8\/#breadcrumb\",\"itemListElement\":[{\"@type\":\"ListItem\",\"position\":1,\"name\":\"In\u00edcio\",\"item\":\"https:\/\/nigroequipamentos.com.br\/conteudo\/\"},{\"@type\":\"ListItem\",\"position\":2,\"name\":\"Descubra o Melhor Pre\u00e7o da Empilhadeira Paletrans\"}]},{\"@type\":\"WebSite\",\"@id\":\"https:\/\/nigroequipamentos.com.br\/conteudo\/#website\",\"url\":\"https:\/\/nigroequipamentos.com.br\/conteudo\/\",\"name\":\"Nigro Equipamentos\",\"description\":\"Loca\u00e7\u00e3o e Vendas\",\"publisher\":{\"@id\":\"https:\/\/nigroequipamentos.com.br\/conteudo\/#organization\"},\"potentialAction\":[{\"@type\":\"SearchAction\",\"target\":{\"@type\":\"EntryPoint\",\"urlTemplate\":\"https:\/\/nigroequipamentos.com.br\/conteudo\/?s={search_term_string}\"},\"query-input\":{\"@type\":\"PropertyValueSpecification\",\"valueRequired\":true,\"valueName\":\"search_term_string\"}}],\"inLanguage\":\"pt-BR\"},{\"@type\":\"Organization\",\"@id\":\"https:\/\/nigroequipamentos.com.br\/conteudo\/#organization\",\"name\":\"Nigro Equipamentos\",\"url\":\"https:\/\/nigroequipamentos.com.br\/conteudo\/\",\"logo\":{\"@type\":\"ImageObject\",\"inLanguage\":\"pt-BR\",\"@id\":\"https:\/\/nigroequipamentos.com.br\/conteudo\/#\/schema\/logo\/image\/\",\"url\":\"https:\/\/nigroequipamentos.com.br\/conteudo\/wp-content\/uploads\/2024\/10\/nigroequipamentos_logo.webp\",\"contentUrl\":\"https:\/\/nigroequipamentos.com.br\/conteudo\/wp-content\/uploads\/2024\/10\/nigroequipamentos_logo.webp\",\"width\":785,\"height\":355,\"caption\":\"Nigro Equipamentos\"},\"image\":{\"@id\":\"https:\/\/nigroequipamentos.com.br\/conteudo\/#\/schema\/logo\/image\/\"},\"sameAs\":[\"https:\/\/www.facebook.com\/nigroequipamentos\",\"https:\/\/www.instagram.com\/nigroequipamentos\/\"]}]}<\/script>\n<!-- \/ Yoast SEO Premium plugin. -->","yoast_head_json":{"title":"Empilhadeira Paletrans Pre\u00e7o - Nigro Equipamentos","description":"Encontre o melhor pre\u00e7o da empilhadeira Paletrans na Nigro Equipamentos. Oferecemos loca\u00e7\u00e3o, compra e manuten\u00e7\u00e3o. Conhe\u00e7a nossas op\u00e7\u00f5es agora!","robots":{"index":"index","follow":"follow","max-snippet":"max-snippet:-1","max-image-preview":"max-image-preview:large","max-video-preview":"max-video-preview:-1"},"canonical":"https:\/\/nigroequipamentos.com.br\/conteudo\/descubra-o-melhor-preco-da-empilhadeira-paletrans-8\/","og_locale":"pt_BR","og_type":"article","og_title":"Descubra o Melhor Pre\u00e7o da Empilhadeira Paletrans","og_description":"Encontre o melhor pre\u00e7o da empilhadeira Paletrans na Nigro Equipamentos. Oferecemos loca\u00e7\u00e3o, compra e manuten\u00e7\u00e3o. Conhe\u00e7a nossas op\u00e7\u00f5es agora!","og_url":"https:\/\/nigroequipamentos.com.br\/conteudo\/descubra-o-melhor-preco-da-empilhadeira-paletrans-8\/","og_site_name":"Nigro Equipamentos","article_publisher":"https:\/\/www.facebook.com\/nigroequipamentos","twitter_card":"summary_large_image","schema":{"@context":"https:\/\/schema.org","@graph":[{"@type":"WebPage","@id":"https:\/\/nigroequipamentos.com.br\/conteudo\/descubra-o-melhor-preco-da-empilhadeira-paletrans-8\/","url":"https:\/\/nigroequipamentos.com.br\/conteudo\/descubra-o-melhor-preco-da-empilhadeira-paletrans-8\/","name":"Empilhadeira Paletrans Pre\u00e7o - Nigro Equipamentos","isPartOf":{"@id":"https:\/\/nigroequipamentos.com.br\/conteudo\/#website"},"datePublished":"2025-07-17T06:46:08+00:00","dateModified":"2025-07-17T06:46:08+00:00","description":"Encontre o melhor pre\u00e7o da empilhadeira Paletrans na Nigro Equipamentos. Oferecemos loca\u00e7\u00e3o, compra e manuten\u00e7\u00e3o. Conhe\u00e7a nossas op\u00e7\u00f5es agora!","breadcrumb":{"@id":"https:\/\/nigroequipamentos.com.br\/conteudo\/descubra-o-melhor-preco-da-empilhadeira-paletrans-8\/#breadcrumb"},"inLanguage":"pt-BR","potentialAction":[{"@type":"ReadAction","target":["https:\/\/nigroequipamentos.com.br\/conteudo\/descubra-o-melhor-preco-da-empilhadeira-paletrans-8\/"]}]},{"@type":"BreadcrumbList","@id":"https:\/\/nigroequipamentos.com.br\/conteudo\/descubra-o-melhor-preco-da-empilhadeira-paletrans-8\/#breadcrumb","itemListElement":[{"@type":"ListItem","position":1,"name":"In\u00edcio","item":"https:\/\/nigroequipamentos.com.br\/conteudo\/"},{"@type":"ListItem","position":2,"name":"Descubra o Melhor Pre\u00e7o da Empilhadeira Paletrans"}]},{"@type":"WebSite","@id":"https:\/\/nigroequipamentos.com.br\/conteudo\/#website","url":"https:\/\/nigroequipamentos.com.br\/conteudo\/","name":"Nigro Equipamentos","description":"Loca\u00e7\u00e3o e Vendas","publisher":{"@id":"https:\/\/nigroequipamentos.com.br\/conteudo\/#organization"},"potentialAction":[{"@type":"SearchAction","target":{"@type":"EntryPoint","urlTemplate":"https:\/\/nigroequipamentos.com.br\/conteudo\/?s={search_term_string}"},"query-input":{"@type":"PropertyValueSpecification","valueRequired":true,"valueName":"search_term_string"}}],"inLanguage":"pt-BR"},{"@type":"Organization","@id":"https:\/\/nigroequipamentos.com.br\/conteudo\/#organization","name":"Nigro Equipamentos","url":"https:\/\/nigroequipamentos.com.br\/conteudo\/","logo":{"@type":"ImageObject","inLanguage":"pt-BR","@id":"https:\/\/nigroequipamentos.com.br\/conteudo\/#\/schema\/logo\/image\/","url":"https:\/\/nigroequipamentos.com.br\/conteudo\/wp-content\/uploads\/2024\/10\/nigroequipamentos_logo.webp","contentUrl":"https:\/\/nigroequipamentos.com.br\/conteudo\/wp-content\/uploads\/2024\/10\/nigroequipamentos_logo.webp","width":785,"height":355,"caption":"Nigro Equipamentos"},"image":{"@id":"https:\/\/nigroequipamentos.com.br\/conteudo\/#\/schema\/logo\/image\/"},"sameAs":["https:\/\/www.facebook.com\/nigroequipamentos","https:\/\/www.instagram.com\/nigroequipamentos\/"]}]}},"_links":{"self":[{"href":"https:\/\/nigroequipamentos.com.br\/conteudo\/wp-json\/wp\/v2\/pages\/46015","targetHints":{"allow":["GET"]}}],"collection":[{"href":"https:\/\/nigroequipamentos.com.br\/conteudo\/wp-json\/wp\/v2\/pages"}],"about":[{"href":"https:\/\/nigroequipamentos.com.br\/conteudo\/wp-json\/wp\/v2\/types\/page"}],"author":[{"embeddable":true,"href":"https:\/\/nigroequipamentos.com.br\/conteudo\/wp-json\/wp\/v2\/users\/3"}],"replies":[{"embeddable":true,"href":"https:\/\/nigroequipamentos.com.br\/conteudo\/wp-json\/wp\/v2\/comments?post=46015"}],"version-history":[{"count":0,"href":"https:\/\/nigroequipamentos.com.br\/conteudo\/wp-json\/wp\/v2\/pages\/46015\/revisions"}],"wp:attachment":[{"href":"https:\/\/nigroequipamentos.com.br\/conteudo\/wp-json\/wp\/v2\/media?parent=46015"}],"curies":[{"name":"wp","href":"https:\/\/api.w.org\/{rel}","templated":true}]}}