{"id":45481,"date":"2025-07-15T22:01:09","date_gmt":"2025-07-16T01:01:09","guid":{"rendered":"https:\/\/nigroequipamentos.com.br\/conteudo\/descubra-a-empilhadeira-patolada-paletrans-pt1654fast-19\/"},"modified":"2025-07-15T22:01:09","modified_gmt":"2025-07-16T01:01:09","slug":"descubra-a-empilhadeira-patolada-paletrans-pt1654fast-19","status":"publish","type":"page","link":"https:\/\/nigroequipamentos.com.br\/conteudo\/descubra-a-empilhadeira-patolada-paletrans-pt1654fast-19\/","title":{"rendered":"Descubra a Empilhadeira Patolada Paletrans PT1654Fast"},"content":{"rendered":"<p>A empilhadeira patolada Paletrans PT1654Fast \u00e9 a solu\u00e7\u00e3o ideal para o transporte e movimenta\u00e7\u00e3o de cargas pesadas. Com uma capacidade de carga de at\u00e9 1.650 kg, essa m\u00e1quina robusta traz efici\u00eancia e agilidade para o seu neg\u00f3cio. Sua estrutura compacta permite opera\u00e7\u00f5es em espa\u00e7os reduzidos, enquanto seu sistema patolado garante a estabilidade e seguran\u00e7a necess\u00e1rias durante o manuseio. A Nigro Equipamentos oferece a melhor op\u00e7\u00e3o para compra, manuten\u00e7\u00e3o e loca\u00e7\u00e3o da empilhadeira patolada Paletrans PT1654Fast, assegurando que sua empresa tenha sempre o melhor em tecnologia e suporte.<\/p>\n","protected":false},"excerpt":{"rendered":"<p>A empilhadeira patolada Paletrans PT1654Fast \u00e9 a solu\u00e7\u00e3o ideal para o transporte e movimenta\u00e7\u00e3o de cargas pesadas. Com uma capacidade de carga de at\u00e9 1.650 kg, essa m\u00e1quina robusta traz efici\u00eancia e agilidade para o seu neg\u00f3cio. Sua estrutura compacta permite opera\u00e7\u00f5es em espa\u00e7os reduzidos, enquanto seu sistema patolado garante a estabilidade e seguran\u00e7a necess\u00e1rias&hellip;&nbsp;<a href=\"https:\/\/nigroequipamentos.com.br\/conteudo\/descubra-a-empilhadeira-patolada-paletrans-pt1654fast-19\/\" class=\"\" rel=\"bookmark\">Continue a ler &raquo;<span class=\"screen-reader-text\">Descubra a Empilhadeira Patolada Paletrans PT1654Fast<\/span><\/a><\/p>\n","protected":false},"author":3,"featured_media":0,"parent":0,"menu_order":0,"comment_status":"closed","ping_status":"closed","template":"","meta":{"_acf_changed":false,"_yoast_wpseo_focuskw":"Empilhadeira Patolada Paletrans PT1654Fast","_yoast_wpseo_title":"Empilhadeira Patolada Paletrans PT1654Fast: Agilidade e Seguran\u00e7a na Movimenta\u00e7\u00e3o de Cargas","_yoast_wpseo_metadesc":"Saiba mais sobre a empilhadeira patolada Paletrans PT1654Fast, suas vantagens e como a Nigro Equipamentos pode ajudar na sua aquisi\u00e7\u00e3o.","neve_meta_sidebar":"","neve_meta_container":"","neve_meta_enable_content_width":"","neve_meta_content_width":0,"neve_meta_title_alignment":"","neve_meta_author_avatar":"","neve_post_elements_order":"","neve_meta_disable_header":"","neve_meta_disable_footer":"","neve_meta_disable_title":"","footnotes":""},"class_list":["post-45481","page","type-page","status-publish","hentry"],"acf":{"bloco1title":"Experi\u00eancia Nigro","bloco1text":"A Nigro Equipamentos tem anos de experi\u00eancia no setor, oferecendo as melhores solu\u00e7\u00f5es em empilhadeiras como a Paletrans PT1654Fast.","bloco2title":"Especialistas no setor","bloco2text":"Nossa equipe \u00e9 especializada em empilhadeiras e entende todas as necessidades e aplica\u00e7\u00f5es da Paletrans PT1654Fast.","bloco3title":"Seguran\u00e7a em primeiro","bloco3text":"Com a empilhadeira patolada Paletrans PT1654Fast, sua opera\u00e7\u00e3o n\u00e3o s\u00f3 tem mais efici\u00eancia, mas tamb\u00e9m seguran\u00e7a, essencial para a movimenta\u00e7\u00e3o de cargas pesadas.","posttitle":"A import\u00e2ncia da Empilhadeira Patolada Paletrans PT1654Fast para seu neg\u00f3cio","postcontent":"Investir em uma empilhadeira patolada Paletrans PT1654Fast \u00e9 garantir agilidade e seguran\u00e7a nas opera\u00e7\u00f5es de movimenta\u00e7\u00e3o de cargas. Essa m\u00e1quina \u00e9 essencial para ind\u00fastrias, centros de distribui\u00e7\u00e3o e com\u00e9rcios que precisam de um transporte r\u00e1pido e eficiente. Com sua capacidade para elevar at\u00e9 1.650 kg, a Paletrans PT1654Fast se destaca pelo desempenho e robustez. A Nigro Equipamentos, reconhecida pela experi\u00eancia, especializa\u00e7\u00e3o e confiabilidade, \u00e9 a sua melhor op\u00e7\u00e3o para aquisi\u00e7\u00e3o e loca\u00e7\u00e3o dessa empilhadeira. Al\u00e9m disso, a manuten\u00e7\u00e3o da Paletrans PT1654Fast \u00e9 crucial para garantir o seu pleno funcionamento, evitando paradas inesperadas e custos adicionais. Ao optar pela Nigro, voc\u00ea est\u00e1 investindo em um suporte t\u00e9cnico de qualidade e em pe\u00e7as originais, que garantem a m\u00e1xima performance da sua m\u00e1quina. A empilhadeira patolada Paletrans PT1654Fast \u00e9 perfeita para quem busca efic\u00e1cia e seguran\u00e7a, e a Nigro Equipamentos est\u00e1 pronta para atender todas as suas necessidades com excel\u00eancia.","insightwidtitle":"Curiosidades sobre a PT1654Fast","insightwidcontent":"Voc\u00ea sabia que a empilhadeira patolada Paletrans PT1654Fast \u00e9 projetada para operar em diferentes superf\u00edcies? Com um sistema de tra\u00e7\u00e3o eficiente, ela se destaca pela facilidade em terrenos irregulares, otimizando a movimenta\u00e7\u00e3o de cargas em qualquer ambiente. Isso a torna uma \u00f3tima escolha para setores variados, aumentando sua versatilidade no mercado."},"yoast_head":"<!-- This site is optimized with the Yoast SEO Premium plugin v18.3 (Yoast SEO v23.4) - https:\/\/yoast.com\/wordpress\/plugins\/seo\/ -->\n<title>Empilhadeira Patolada Paletrans PT1654Fast: Agilidade e Seguran\u00e7a na Movimenta\u00e7\u00e3o de Cargas<\/title>\n<meta name=\"description\" content=\"Saiba mais sobre a empilhadeira patolada Paletrans PT1654Fast, suas vantagens e como a Nigro Equipamentos pode ajudar na sua aquisi\u00e7\u00e3o.\" \/>\n<meta name=\"robots\" content=\"index, follow, max-snippet:-1, max-image-preview:large, max-video-preview:-1\" \/>\n<link rel=\"canonical\" href=\"https:\/\/nigroequipamentos.com.br\/conteudo\/descubra-a-empilhadeira-patolada-paletrans-pt1654fast-19\/\" \/>\n<meta property=\"og:locale\" content=\"pt_BR\" \/>\n<meta property=\"og:type\" content=\"article\" \/>\n<meta property=\"og:title\" content=\"Descubra a Empilhadeira Patolada Paletrans PT1654Fast\" \/>\n<meta property=\"og:description\" content=\"Saiba mais sobre a empilhadeira patolada Paletrans PT1654Fast, suas vantagens e como a Nigro Equipamentos pode ajudar na sua aquisi\u00e7\u00e3o.\" \/>\n<meta property=\"og:url\" content=\"https:\/\/nigroequipamentos.com.br\/conteudo\/descubra-a-empilhadeira-patolada-paletrans-pt1654fast-19\/\" \/>\n<meta property=\"og:site_name\" content=\"Nigro Equipamentos\" \/>\n<meta property=\"article:publisher\" content=\"https:\/\/www.facebook.com\/nigroequipamentos\" \/>\n<meta name=\"twitter:card\" content=\"summary_large_image\" \/>\n<script type=\"application\/ld+json\" class=\"yoast-schema-graph\">{\"@context\":\"https:\/\/schema.org\",\"@graph\":[{\"@type\":\"WebPage\",\"@id\":\"https:\/\/nigroequipamentos.com.br\/conteudo\/descubra-a-empilhadeira-patolada-paletrans-pt1654fast-19\/\",\"url\":\"https:\/\/nigroequipamentos.com.br\/conteudo\/descubra-a-empilhadeira-patolada-paletrans-pt1654fast-19\/\",\"name\":\"Empilhadeira Patolada Paletrans PT1654Fast: Agilidade e Seguran\u00e7a na Movimenta\u00e7\u00e3o de Cargas\",\"isPartOf\":{\"@id\":\"https:\/\/nigroequipamentos.com.br\/conteudo\/#website\"},\"datePublished\":\"2025-07-16T01:01:09+00:00\",\"dateModified\":\"2025-07-16T01:01:09+00:00\",\"description\":\"Saiba mais sobre a empilhadeira patolada Paletrans PT1654Fast, suas vantagens e como a Nigro Equipamentos pode ajudar na sua aquisi\u00e7\u00e3o.\",\"breadcrumb\":{\"@id\":\"https:\/\/nigroequipamentos.com.br\/conteudo\/descubra-a-empilhadeira-patolada-paletrans-pt1654fast-19\/#breadcrumb\"},\"inLanguage\":\"pt-BR\",\"potentialAction\":[{\"@type\":\"ReadAction\",\"target\":[\"https:\/\/nigroequipamentos.com.br\/conteudo\/descubra-a-empilhadeira-patolada-paletrans-pt1654fast-19\/\"]}]},{\"@type\":\"BreadcrumbList\",\"@id\":\"https:\/\/nigroequipamentos.com.br\/conteudo\/descubra-a-empilhadeira-patolada-paletrans-pt1654fast-19\/#breadcrumb\",\"itemListElement\":[{\"@type\":\"ListItem\",\"position\":1,\"name\":\"In\u00edcio\",\"item\":\"https:\/\/nigroequipamentos.com.br\/conteudo\/\"},{\"@type\":\"ListItem\",\"position\":2,\"name\":\"Descubra a Empilhadeira Patolada Paletrans PT1654Fast\"}]},{\"@type\":\"WebSite\",\"@id\":\"https:\/\/nigroequipamentos.com.br\/conteudo\/#website\",\"url\":\"https:\/\/nigroequipamentos.com.br\/conteudo\/\",\"name\":\"Nigro Equipamentos\",\"description\":\"Loca\u00e7\u00e3o e Vendas\",\"publisher\":{\"@id\":\"https:\/\/nigroequipamentos.com.br\/conteudo\/#organization\"},\"potentialAction\":[{\"@type\":\"SearchAction\",\"target\":{\"@type\":\"EntryPoint\",\"urlTemplate\":\"https:\/\/nigroequipamentos.com.br\/conteudo\/?s={search_term_string}\"},\"query-input\":{\"@type\":\"PropertyValueSpecification\",\"valueRequired\":true,\"valueName\":\"search_term_string\"}}],\"inLanguage\":\"pt-BR\"},{\"@type\":\"Organization\",\"@id\":\"https:\/\/nigroequipamentos.com.br\/conteudo\/#organization\",\"name\":\"Nigro Equipamentos\",\"url\":\"https:\/\/nigroequipamentos.com.br\/conteudo\/\",\"logo\":{\"@type\":\"ImageObject\",\"inLanguage\":\"pt-BR\",\"@id\":\"https:\/\/nigroequipamentos.com.br\/conteudo\/#\/schema\/logo\/image\/\",\"url\":\"https:\/\/nigroequipamentos.com.br\/conteudo\/wp-content\/uploads\/2024\/10\/nigroequipamentos_logo.webp\",\"contentUrl\":\"https:\/\/nigroequipamentos.com.br\/conteudo\/wp-content\/uploads\/2024\/10\/nigroequipamentos_logo.webp\",\"width\":785,\"height\":355,\"caption\":\"Nigro Equipamentos\"},\"image\":{\"@id\":\"https:\/\/nigroequipamentos.com.br\/conteudo\/#\/schema\/logo\/image\/\"},\"sameAs\":[\"https:\/\/www.facebook.com\/nigroequipamentos\",\"https:\/\/www.instagram.com\/nigroequipamentos\/\"]}]}<\/script>\n<!-- \/ Yoast SEO Premium plugin. -->","yoast_head_json":{"title":"Empilhadeira Patolada Paletrans PT1654Fast: Agilidade e Seguran\u00e7a na Movimenta\u00e7\u00e3o de Cargas","description":"Saiba mais sobre a empilhadeira patolada Paletrans PT1654Fast, suas vantagens e como a Nigro Equipamentos pode ajudar na sua aquisi\u00e7\u00e3o.","robots":{"index":"index","follow":"follow","max-snippet":"max-snippet:-1","max-image-preview":"max-image-preview:large","max-video-preview":"max-video-preview:-1"},"canonical":"https:\/\/nigroequipamentos.com.br\/conteudo\/descubra-a-empilhadeira-patolada-paletrans-pt1654fast-19\/","og_locale":"pt_BR","og_type":"article","og_title":"Descubra a Empilhadeira Patolada Paletrans PT1654Fast","og_description":"Saiba mais sobre a empilhadeira patolada Paletrans PT1654Fast, suas vantagens e como a Nigro Equipamentos pode ajudar na sua aquisi\u00e7\u00e3o.","og_url":"https:\/\/nigroequipamentos.com.br\/conteudo\/descubra-a-empilhadeira-patolada-paletrans-pt1654fast-19\/","og_site_name":"Nigro Equipamentos","article_publisher":"https:\/\/www.facebook.com\/nigroequipamentos","twitter_card":"summary_large_image","schema":{"@context":"https:\/\/schema.org","@graph":[{"@type":"WebPage","@id":"https:\/\/nigroequipamentos.com.br\/conteudo\/descubra-a-empilhadeira-patolada-paletrans-pt1654fast-19\/","url":"https:\/\/nigroequipamentos.com.br\/conteudo\/descubra-a-empilhadeira-patolada-paletrans-pt1654fast-19\/","name":"Empilhadeira Patolada Paletrans PT1654Fast: Agilidade e Seguran\u00e7a na Movimenta\u00e7\u00e3o de Cargas","isPartOf":{"@id":"https:\/\/nigroequipamentos.com.br\/conteudo\/#website"},"datePublished":"2025-07-16T01:01:09+00:00","dateModified":"2025-07-16T01:01:09+00:00","description":"Saiba mais sobre a empilhadeira patolada Paletrans PT1654Fast, suas vantagens e como a Nigro Equipamentos pode ajudar na sua aquisi\u00e7\u00e3o.","breadcrumb":{"@id":"https:\/\/nigroequipamentos.com.br\/conteudo\/descubra-a-empilhadeira-patolada-paletrans-pt1654fast-19\/#breadcrumb"},"inLanguage":"pt-BR","potentialAction":[{"@type":"ReadAction","target":["https:\/\/nigroequipamentos.com.br\/conteudo\/descubra-a-empilhadeira-patolada-paletrans-pt1654fast-19\/"]}]},{"@type":"BreadcrumbList","@id":"https:\/\/nigroequipamentos.com.br\/conteudo\/descubra-a-empilhadeira-patolada-paletrans-pt1654fast-19\/#breadcrumb","itemListElement":[{"@type":"ListItem","position":1,"name":"In\u00edcio","item":"https:\/\/nigroequipamentos.com.br\/conteudo\/"},{"@type":"ListItem","position":2,"name":"Descubra a Empilhadeira Patolada Paletrans PT1654Fast"}]},{"@type":"WebSite","@id":"https:\/\/nigroequipamentos.com.br\/conteudo\/#website","url":"https:\/\/nigroequipamentos.com.br\/conteudo\/","name":"Nigro Equipamentos","description":"Loca\u00e7\u00e3o e Vendas","publisher":{"@id":"https:\/\/nigroequipamentos.com.br\/conteudo\/#organization"},"potentialAction":[{"@type":"SearchAction","target":{"@type":"EntryPoint","urlTemplate":"https:\/\/nigroequipamentos.com.br\/conteudo\/?s={search_term_string}"},"query-input":{"@type":"PropertyValueSpecification","valueRequired":true,"valueName":"search_term_string"}}],"inLanguage":"pt-BR"},{"@type":"Organization","@id":"https:\/\/nigroequipamentos.com.br\/conteudo\/#organization","name":"Nigro Equipamentos","url":"https:\/\/nigroequipamentos.com.br\/conteudo\/","logo":{"@type":"ImageObject","inLanguage":"pt-BR","@id":"https:\/\/nigroequipamentos.com.br\/conteudo\/#\/schema\/logo\/image\/","url":"https:\/\/nigroequipamentos.com.br\/conteudo\/wp-content\/uploads\/2024\/10\/nigroequipamentos_logo.webp","contentUrl":"https:\/\/nigroequipamentos.com.br\/conteudo\/wp-content\/uploads\/2024\/10\/nigroequipamentos_logo.webp","width":785,"height":355,"caption":"Nigro Equipamentos"},"image":{"@id":"https:\/\/nigroequipamentos.com.br\/conteudo\/#\/schema\/logo\/image\/"},"sameAs":["https:\/\/www.facebook.com\/nigroequipamentos","https:\/\/www.instagram.com\/nigroequipamentos\/"]}]}},"_links":{"self":[{"href":"https:\/\/nigroequipamentos.com.br\/conteudo\/wp-json\/wp\/v2\/pages\/45481","targetHints":{"allow":["GET"]}}],"collection":[{"href":"https:\/\/nigroequipamentos.com.br\/conteudo\/wp-json\/wp\/v2\/pages"}],"about":[{"href":"https:\/\/nigroequipamentos.com.br\/conteudo\/wp-json\/wp\/v2\/types\/page"}],"author":[{"embeddable":true,"href":"https:\/\/nigroequipamentos.com.br\/conteudo\/wp-json\/wp\/v2\/users\/3"}],"replies":[{"embeddable":true,"href":"https:\/\/nigroequipamentos.com.br\/conteudo\/wp-json\/wp\/v2\/comments?post=45481"}],"version-history":[{"count":0,"href":"https:\/\/nigroequipamentos.com.br\/conteudo\/wp-json\/wp\/v2\/pages\/45481\/revisions"}],"wp:attachment":[{"href":"https:\/\/nigroequipamentos.com.br\/conteudo\/wp-json\/wp\/v2\/media?parent=45481"}],"curies":[{"name":"wp","href":"https:\/\/api.w.org\/{rel}","templated":true}]}}