{"id":45152,"date":"2025-07-12T23:01:02","date_gmt":"2025-07-13T02:01:02","guid":{"rendered":"https:\/\/nigroequipamentos.com.br\/conteudo\/empilhadeira-paletrans-distribuidor-a-melhor-escolha-para-seu-negocio-2\/"},"modified":"2025-07-12T23:01:02","modified_gmt":"2025-07-13T02:01:02","slug":"empilhadeira-paletrans-distribuidor-a-melhor-escolha-para-seu-negocio-2","status":"publish","type":"page","link":"https:\/\/nigroequipamentos.com.br\/conteudo\/empilhadeira-paletrans-distribuidor-a-melhor-escolha-para-seu-negocio-2\/","title":{"rendered":"Empilhadeira Paletrans Distribuidor: A Melhor Escolha para Seu Neg\u00f3cio"},"content":{"rendered":"<p>A Nigro Equipamentos \u00e9 reconhecida como a principal distribuidora de empilhadeiras Paletrans no mercado. Nossos anos de atua\u00e7\u00e3o e dedica\u00e7\u00e3o asseguram que voc\u00ea tenha acesso ao que h\u00e1 de melhor em empilhadeiras Paletrans. Esses equipamentos s\u00e3o reconhecidos pela sua robustez e efici\u00eancia, ideais para o manuseio de cargas em ambientes diversos. Ao escolher a Nigro, voc\u00ea est\u00e1 optando por qualidade e confiabilidade. Nossa equipe \u00e9 especializada e pronta para oferecer consultoria, compra, manuten\u00e7\u00e3o e loca\u00e7\u00e3o de empilhadeiras Paletrans, sempre focando em atender suas necessidades espec\u00edficas. Venha descobrir por que somos a melhor op\u00e7\u00e3o quando o assunto s\u00e3o empilhadeiras Paletrans para sua opera\u00e7\u00e3o.<\/p>\n","protected":false},"excerpt":{"rendered":"<p>A Nigro Equipamentos \u00e9 reconhecida como a principal distribuidora de empilhadeiras Paletrans no mercado. Nossos anos de atua\u00e7\u00e3o e dedica\u00e7\u00e3o asseguram que voc\u00ea tenha acesso ao que h\u00e1 de melhor em empilhadeiras Paletrans. Esses equipamentos s\u00e3o reconhecidos pela sua robustez e efici\u00eancia, ideais para o manuseio de cargas em ambientes diversos. Ao escolher a Nigro,&hellip;&nbsp;<a href=\"https:\/\/nigroequipamentos.com.br\/conteudo\/empilhadeira-paletrans-distribuidor-a-melhor-escolha-para-seu-negocio-2\/\" class=\"\" rel=\"bookmark\">Continue a ler &raquo;<span class=\"screen-reader-text\">Empilhadeira Paletrans Distribuidor: A Melhor Escolha para Seu Neg\u00f3cio<\/span><\/a><\/p>\n","protected":false},"author":3,"featured_media":0,"parent":0,"menu_order":0,"comment_status":"closed","ping_status":"closed","template":"","meta":{"_acf_changed":false,"_yoast_wpseo_focuskw":"Empilhadeira Paletrans distribuidor","_yoast_wpseo_title":"Empilhadeira Paletrans: Distribuidor Confi\u00e1vel e Especializado - Nigro Equipamentos","_yoast_wpseo_metadesc":"Descubra por que a Nigro Equipamentos \u00e9 o melhor distribuidor de empilhadeiras Paletrans para sua empresa, com servi\u00e7os de compra, manuten\u00e7\u00e3o e loca\u00e7\u00e3o.","neve_meta_sidebar":"","neve_meta_container":"","neve_meta_enable_content_width":"","neve_meta_content_width":0,"neve_meta_title_alignment":"","neve_meta_author_avatar":"","neve_post_elements_order":"","neve_meta_disable_header":"","neve_meta_disable_footer":"","neve_meta_disable_title":"","footnotes":""},"class_list":["post-45152","page","type-page","status-publish","hentry"],"acf":{"bloco1title":"Qualidade Superior","bloco1text":"As empilhadeiras Paletrans distribu\u00eddas pela Nigro s\u00e3o sin\u00f4nimo de qualidade e desempenho, adequadas para todas as suas necessidades log\u00edsticas.","bloco2title":"Manuten\u00e7\u00e3o Especializada","bloco2text":"Oferecemos servi\u00e7os de manuten\u00e7\u00e3o para garantir o perfeito funcionamento das suas empilhadeiras Paletrans.","bloco3title":"Versatilidade de Uso","bloco3text":"As empilhadeiras Paletrans s\u00e3o adapt\u00e1veis a diversos ambientes, tornando-as ideais para diferentes tipos de opera\u00e7\u00f5es e espa\u00e7os de armazenamento.","posttitle":"Empilhadeira Paletrans Distribuidor: Qualidade e Atendimento Impec\u00e1vel","postcontent":"<strong>O que torna a Nigro Equipamentos a melhor distribuidora de empilhadeiras Paletrans?<\/strong> Com uma vasta experi\u00eancia no setor de equipamentos para movimenta\u00e7\u00e3o de cargas, a Nigro Equipamentos destaca-se frente \u00e0 concorr\u00eancia. Nossas empilhadeiras Paletrans s\u00e3o projetadas para atender a diferentes segmentos do mercado, oferecendo tecnologia de ponta e robustez. A efici\u00eancia no manuseio e a f\u00e1cil opera\u00e7\u00e3o se traduzem em aumento de produtividade para seu neg\u00f3cio. Nossa equipe de especialistas est\u00e1 sempre pronta para ajudar, oferecendo um suporte completo. <strong>Na Nigro, voc\u00ea tem acesso \u00e0 melhor compra, manuten\u00e7\u00e3o e loca\u00e7\u00e3o de empilhadeiras Paletrans.<\/strong> Nosso compromisso \u00e9 garantir a satisfa\u00e7\u00e3o total dos nossos clientes atrav\u00e9s de produtos de excel\u00eancia e servi\u00e7os de qualidade inigual\u00e1vel. Torne-se um parceiro da Nigro e veja a diferen\u00e7a no seu dia a dia com as empilhadeiras Paletrans!","insightwidtitle":"Curiosidades sobre Empilhadeiras Paletrans","insightwidcontent":"Voc\u00ea sabia que as empilhadeiras Paletrans s\u00e3o projetadas n\u00e3o apenas para efici\u00eancia, mas tamb\u00e9m para seguran\u00e7a? Elas v\u00eam com recursos que previnem accidentais ergimentos de carga e asseguram a estabilidade, essenciais para ambientes de trabalho movimentados. Al\u00e9m disso, a versatilidade das empilhadeiras Paletrans permite que elas sejam utilizadas em armaz\u00e9ns, supermercados e at\u00e9 mesmo em projetos de constru\u00e7\u00e3o. Na Nigro, cuidamos para que voc\u00ea tenha sempre o melhor suporte na utiliza\u00e7\u00e3o desses equipamentos."},"yoast_head":"<!-- This site is optimized with the Yoast SEO Premium plugin v18.3 (Yoast SEO v23.4) - https:\/\/yoast.com\/wordpress\/plugins\/seo\/ -->\n<title>Empilhadeira Paletrans: Distribuidor Confi\u00e1vel e Especializado - Nigro Equipamentos<\/title>\n<meta name=\"description\" content=\"Descubra por que a Nigro Equipamentos \u00e9 o melhor distribuidor de empilhadeiras Paletrans para sua empresa, com servi\u00e7os de compra, manuten\u00e7\u00e3o e loca\u00e7\u00e3o.\" \/>\n<meta name=\"robots\" content=\"index, follow, max-snippet:-1, max-image-preview:large, max-video-preview:-1\" \/>\n<link rel=\"canonical\" href=\"https:\/\/nigroequipamentos.com.br\/conteudo\/empilhadeira-paletrans-distribuidor-a-melhor-escolha-para-seu-negocio-2\/\" \/>\n<meta property=\"og:locale\" content=\"pt_BR\" \/>\n<meta property=\"og:type\" content=\"article\" \/>\n<meta property=\"og:title\" content=\"Empilhadeira Paletrans Distribuidor: A Melhor Escolha para Seu Neg\u00f3cio\" \/>\n<meta property=\"og:description\" content=\"Descubra por que a Nigro Equipamentos \u00e9 o melhor distribuidor de empilhadeiras Paletrans para sua empresa, com servi\u00e7os de compra, manuten\u00e7\u00e3o e loca\u00e7\u00e3o.\" \/>\n<meta property=\"og:url\" content=\"https:\/\/nigroequipamentos.com.br\/conteudo\/empilhadeira-paletrans-distribuidor-a-melhor-escolha-para-seu-negocio-2\/\" \/>\n<meta property=\"og:site_name\" content=\"Nigro Equipamentos\" \/>\n<meta property=\"article:publisher\" content=\"https:\/\/www.facebook.com\/nigroequipamentos\" \/>\n<meta name=\"twitter:card\" content=\"summary_large_image\" \/>\n<meta name=\"twitter:label1\" content=\"Est. tempo de leitura\" \/>\n\t<meta name=\"twitter:data1\" content=\"1 minuto\" \/>\n<script type=\"application\/ld+json\" class=\"yoast-schema-graph\">{\"@context\":\"https:\/\/schema.org\",\"@graph\":[{\"@type\":\"WebPage\",\"@id\":\"https:\/\/nigroequipamentos.com.br\/conteudo\/empilhadeira-paletrans-distribuidor-a-melhor-escolha-para-seu-negocio-2\/\",\"url\":\"https:\/\/nigroequipamentos.com.br\/conteudo\/empilhadeira-paletrans-distribuidor-a-melhor-escolha-para-seu-negocio-2\/\",\"name\":\"Empilhadeira Paletrans: Distribuidor Confi\u00e1vel e Especializado - Nigro Equipamentos\",\"isPartOf\":{\"@id\":\"https:\/\/nigroequipamentos.com.br\/conteudo\/#website\"},\"datePublished\":\"2025-07-13T02:01:02+00:00\",\"dateModified\":\"2025-07-13T02:01:02+00:00\",\"description\":\"Descubra por que a Nigro Equipamentos \u00e9 o melhor distribuidor de empilhadeiras Paletrans para sua empresa, com servi\u00e7os de compra, manuten\u00e7\u00e3o e loca\u00e7\u00e3o.\",\"breadcrumb\":{\"@id\":\"https:\/\/nigroequipamentos.com.br\/conteudo\/empilhadeira-paletrans-distribuidor-a-melhor-escolha-para-seu-negocio-2\/#breadcrumb\"},\"inLanguage\":\"pt-BR\",\"potentialAction\":[{\"@type\":\"ReadAction\",\"target\":[\"https:\/\/nigroequipamentos.com.br\/conteudo\/empilhadeira-paletrans-distribuidor-a-melhor-escolha-para-seu-negocio-2\/\"]}]},{\"@type\":\"BreadcrumbList\",\"@id\":\"https:\/\/nigroequipamentos.com.br\/conteudo\/empilhadeira-paletrans-distribuidor-a-melhor-escolha-para-seu-negocio-2\/#breadcrumb\",\"itemListElement\":[{\"@type\":\"ListItem\",\"position\":1,\"name\":\"In\u00edcio\",\"item\":\"https:\/\/nigroequipamentos.com.br\/conteudo\/\"},{\"@type\":\"ListItem\",\"position\":2,\"name\":\"Empilhadeira Paletrans Distribuidor: A Melhor Escolha para Seu Neg\u00f3cio\"}]},{\"@type\":\"WebSite\",\"@id\":\"https:\/\/nigroequipamentos.com.br\/conteudo\/#website\",\"url\":\"https:\/\/nigroequipamentos.com.br\/conteudo\/\",\"name\":\"Nigro Equipamentos\",\"description\":\"Loca\u00e7\u00e3o e Vendas\",\"publisher\":{\"@id\":\"https:\/\/nigroequipamentos.com.br\/conteudo\/#organization\"},\"potentialAction\":[{\"@type\":\"SearchAction\",\"target\":{\"@type\":\"EntryPoint\",\"urlTemplate\":\"https:\/\/nigroequipamentos.com.br\/conteudo\/?s={search_term_string}\"},\"query-input\":{\"@type\":\"PropertyValueSpecification\",\"valueRequired\":true,\"valueName\":\"search_term_string\"}}],\"inLanguage\":\"pt-BR\"},{\"@type\":\"Organization\",\"@id\":\"https:\/\/nigroequipamentos.com.br\/conteudo\/#organization\",\"name\":\"Nigro Equipamentos\",\"url\":\"https:\/\/nigroequipamentos.com.br\/conteudo\/\",\"logo\":{\"@type\":\"ImageObject\",\"inLanguage\":\"pt-BR\",\"@id\":\"https:\/\/nigroequipamentos.com.br\/conteudo\/#\/schema\/logo\/image\/\",\"url\":\"https:\/\/nigroequipamentos.com.br\/conteudo\/wp-content\/uploads\/2024\/10\/nigroequipamentos_logo.webp\",\"contentUrl\":\"https:\/\/nigroequipamentos.com.br\/conteudo\/wp-content\/uploads\/2024\/10\/nigroequipamentos_logo.webp\",\"width\":785,\"height\":355,\"caption\":\"Nigro Equipamentos\"},\"image\":{\"@id\":\"https:\/\/nigroequipamentos.com.br\/conteudo\/#\/schema\/logo\/image\/\"},\"sameAs\":[\"https:\/\/www.facebook.com\/nigroequipamentos\",\"https:\/\/www.instagram.com\/nigroequipamentos\/\"]}]}<\/script>\n<!-- \/ Yoast SEO Premium plugin. -->","yoast_head_json":{"title":"Empilhadeira Paletrans: Distribuidor Confi\u00e1vel e Especializado - Nigro Equipamentos","description":"Descubra por que a Nigro Equipamentos \u00e9 o melhor distribuidor de empilhadeiras Paletrans para sua empresa, com servi\u00e7os de compra, manuten\u00e7\u00e3o e loca\u00e7\u00e3o.","robots":{"index":"index","follow":"follow","max-snippet":"max-snippet:-1","max-image-preview":"max-image-preview:large","max-video-preview":"max-video-preview:-1"},"canonical":"https:\/\/nigroequipamentos.com.br\/conteudo\/empilhadeira-paletrans-distribuidor-a-melhor-escolha-para-seu-negocio-2\/","og_locale":"pt_BR","og_type":"article","og_title":"Empilhadeira Paletrans Distribuidor: A Melhor Escolha para Seu Neg\u00f3cio","og_description":"Descubra por que a Nigro Equipamentos \u00e9 o melhor distribuidor de empilhadeiras Paletrans para sua empresa, com servi\u00e7os de compra, manuten\u00e7\u00e3o e loca\u00e7\u00e3o.","og_url":"https:\/\/nigroequipamentos.com.br\/conteudo\/empilhadeira-paletrans-distribuidor-a-melhor-escolha-para-seu-negocio-2\/","og_site_name":"Nigro Equipamentos","article_publisher":"https:\/\/www.facebook.com\/nigroequipamentos","twitter_card":"summary_large_image","twitter_misc":{"Est. tempo de leitura":"1 minuto"},"schema":{"@context":"https:\/\/schema.org","@graph":[{"@type":"WebPage","@id":"https:\/\/nigroequipamentos.com.br\/conteudo\/empilhadeira-paletrans-distribuidor-a-melhor-escolha-para-seu-negocio-2\/","url":"https:\/\/nigroequipamentos.com.br\/conteudo\/empilhadeira-paletrans-distribuidor-a-melhor-escolha-para-seu-negocio-2\/","name":"Empilhadeira Paletrans: Distribuidor Confi\u00e1vel e Especializado - Nigro Equipamentos","isPartOf":{"@id":"https:\/\/nigroequipamentos.com.br\/conteudo\/#website"},"datePublished":"2025-07-13T02:01:02+00:00","dateModified":"2025-07-13T02:01:02+00:00","description":"Descubra por que a Nigro Equipamentos \u00e9 o melhor distribuidor de empilhadeiras Paletrans para sua empresa, com servi\u00e7os de compra, manuten\u00e7\u00e3o e loca\u00e7\u00e3o.","breadcrumb":{"@id":"https:\/\/nigroequipamentos.com.br\/conteudo\/empilhadeira-paletrans-distribuidor-a-melhor-escolha-para-seu-negocio-2\/#breadcrumb"},"inLanguage":"pt-BR","potentialAction":[{"@type":"ReadAction","target":["https:\/\/nigroequipamentos.com.br\/conteudo\/empilhadeira-paletrans-distribuidor-a-melhor-escolha-para-seu-negocio-2\/"]}]},{"@type":"BreadcrumbList","@id":"https:\/\/nigroequipamentos.com.br\/conteudo\/empilhadeira-paletrans-distribuidor-a-melhor-escolha-para-seu-negocio-2\/#breadcrumb","itemListElement":[{"@type":"ListItem","position":1,"name":"In\u00edcio","item":"https:\/\/nigroequipamentos.com.br\/conteudo\/"},{"@type":"ListItem","position":2,"name":"Empilhadeira Paletrans Distribuidor: A Melhor Escolha para Seu Neg\u00f3cio"}]},{"@type":"WebSite","@id":"https:\/\/nigroequipamentos.com.br\/conteudo\/#website","url":"https:\/\/nigroequipamentos.com.br\/conteudo\/","name":"Nigro Equipamentos","description":"Loca\u00e7\u00e3o e Vendas","publisher":{"@id":"https:\/\/nigroequipamentos.com.br\/conteudo\/#organization"},"potentialAction":[{"@type":"SearchAction","target":{"@type":"EntryPoint","urlTemplate":"https:\/\/nigroequipamentos.com.br\/conteudo\/?s={search_term_string}"},"query-input":{"@type":"PropertyValueSpecification","valueRequired":true,"valueName":"search_term_string"}}],"inLanguage":"pt-BR"},{"@type":"Organization","@id":"https:\/\/nigroequipamentos.com.br\/conteudo\/#organization","name":"Nigro Equipamentos","url":"https:\/\/nigroequipamentos.com.br\/conteudo\/","logo":{"@type":"ImageObject","inLanguage":"pt-BR","@id":"https:\/\/nigroequipamentos.com.br\/conteudo\/#\/schema\/logo\/image\/","url":"https:\/\/nigroequipamentos.com.br\/conteudo\/wp-content\/uploads\/2024\/10\/nigroequipamentos_logo.webp","contentUrl":"https:\/\/nigroequipamentos.com.br\/conteudo\/wp-content\/uploads\/2024\/10\/nigroequipamentos_logo.webp","width":785,"height":355,"caption":"Nigro Equipamentos"},"image":{"@id":"https:\/\/nigroequipamentos.com.br\/conteudo\/#\/schema\/logo\/image\/"},"sameAs":["https:\/\/www.facebook.com\/nigroequipamentos","https:\/\/www.instagram.com\/nigroequipamentos\/"]}]}},"_links":{"self":[{"href":"https:\/\/nigroequipamentos.com.br\/conteudo\/wp-json\/wp\/v2\/pages\/45152","targetHints":{"allow":["GET"]}}],"collection":[{"href":"https:\/\/nigroequipamentos.com.br\/conteudo\/wp-json\/wp\/v2\/pages"}],"about":[{"href":"https:\/\/nigroequipamentos.com.br\/conteudo\/wp-json\/wp\/v2\/types\/page"}],"author":[{"embeddable":true,"href":"https:\/\/nigroequipamentos.com.br\/conteudo\/wp-json\/wp\/v2\/users\/3"}],"replies":[{"embeddable":true,"href":"https:\/\/nigroequipamentos.com.br\/conteudo\/wp-json\/wp\/v2\/comments?post=45152"}],"version-history":[{"count":0,"href":"https:\/\/nigroequipamentos.com.br\/conteudo\/wp-json\/wp\/v2\/pages\/45152\/revisions"}],"wp:attachment":[{"href":"https:\/\/nigroequipamentos.com.br\/conteudo\/wp-json\/wp\/v2\/media?parent=45152"}],"curies":[{"name":"wp","href":"https:\/\/api.w.org\/{rel}","templated":true}]}}