{"id":44901,"date":"2025-07-12T09:01:04","date_gmt":"2025-07-12T12:01:04","guid":{"rendered":"https:\/\/nigroequipamentos.com.br\/conteudo\/empilhadeira-paletrans-orcamento-solucoes-eficientes-da-nigro-equipamentos\/"},"modified":"2025-07-12T09:01:04","modified_gmt":"2025-07-12T12:01:04","slug":"empilhadeira-paletrans-orcamento-solucoes-eficientes-da-nigro-equipamentos","status":"publish","type":"page","link":"https:\/\/nigroequipamentos.com.br\/conteudo\/empilhadeira-paletrans-orcamento-solucoes-eficientes-da-nigro-equipamentos\/","title":{"rendered":"Empilhadeira Paletrans Or\u00e7amento: Solu\u00e7\u00f5es Eficientes da Nigro Equipamentos"},"content":{"rendered":"<p>Para quem busca um or\u00e7amento completo e confi\u00e1vel para empilhadeiras Paletrans, a Nigro Equipamentos se destaca pela variedade de modelos dispon\u00edveis e pela excel\u00eancia em atendimento. Ao optar pela Nigro, voc\u00ea garante um acompanhamento especializado que entende as necessidades do seu neg\u00f3cio. Com um or\u00e7amento justo e transparente, a Nigro Equipamentos assegura a melhor solu\u00e7\u00e3o em empilhadeiras Paletrans.<\/p>\n","protected":false},"excerpt":{"rendered":"<p>Para quem busca um or\u00e7amento completo e confi\u00e1vel para empilhadeiras Paletrans, a Nigro Equipamentos se destaca pela variedade de modelos dispon\u00edveis e pela excel\u00eancia em atendimento. Ao optar pela Nigro, voc\u00ea garante um acompanhamento especializado que entende as necessidades do seu neg\u00f3cio. Com um or\u00e7amento justo e transparente, a Nigro Equipamentos assegura a melhor solu\u00e7\u00e3o&hellip;&nbsp;<a href=\"https:\/\/nigroequipamentos.com.br\/conteudo\/empilhadeira-paletrans-orcamento-solucoes-eficientes-da-nigro-equipamentos\/\" class=\"\" rel=\"bookmark\">Continue a ler &raquo;<span class=\"screen-reader-text\">Empilhadeira Paletrans Or\u00e7amento: Solu\u00e7\u00f5es Eficientes da Nigro Equipamentos<\/span><\/a><\/p>\n","protected":false},"author":3,"featured_media":0,"parent":0,"menu_order":0,"comment_status":"closed","ping_status":"closed","template":"","meta":{"_acf_changed":false,"_yoast_wpseo_focuskw":"Empilhadeira Paletrans or\u00e7amento","_yoast_wpseo_title":"Empilhadeira Paletrans Or\u00e7amento: Confira as Melhores Ofertas na Nigro Equipamentos","_yoast_wpseo_metadesc":"Solicite um or\u00e7amento personalizado para empilhadeiras Paletrans na Nigro Equipamentos e descubra a melhor op\u00e7\u00e3o para seu neg\u00f3cio.","neve_meta_sidebar":"","neve_meta_container":"","neve_meta_enable_content_width":"","neve_meta_content_width":0,"neve_meta_title_alignment":"","neve_meta_author_avatar":"","neve_post_elements_order":"","neve_meta_disable_header":"","neve_meta_disable_footer":"","neve_meta_disable_title":"","footnotes":""},"class_list":["post-44901","page","type-page","status-publish","hentry"],"acf":{"bloco1title":"Variedade de Modelos","bloco1text":"A Nigro Equipamentos oferece uma ampla gama de empilhadeiras Paletrans, adequadas para diferentes setores, garantindo a escolha certa para o seu neg\u00f3cio.","bloco2title":"Atendimento Especializado","bloco2text":"Nossa equipe est\u00e1 pronta para oferecer um or\u00e7amento personalizado e suporte t\u00e9cnico para suas empilhadeiras Paletrans.","bloco3title":"Financiamento Flex\u00edvel","bloco3text":"Com op\u00e7\u00f5es de financiamento acess\u00edveis, o or\u00e7amento da empilhadeira Paletrans pode se adaptar ao fluxo de caixa da sua empresa, facilitando a aquisi\u00e7\u00e3o.","posttitle":"Empilhadeira Paletrans: Aprenda a Fazer um Or\u00e7amento Eficiente","postcontent":"<strong>O que considerar no or\u00e7amento da empilhadeira Paletrans?<\/strong> Quando voc\u00ea busca um or\u00e7amento para empilhadeiras Paletrans, \u00e9 essencial analisar diversos fatores que impactam no custo e na funcionalidade. A Nigro Equipamentos oferece um portf\u00f3lio variado que alia qualidade e pre\u00e7o justo, para que voc\u00ea tenha sempre a melhor op\u00e7\u00e3o dispon\u00edvel. Ao solicitar um or\u00e7amento de empilhadeira Paletrans, considere a carga que ser\u00e1 movimentada, a altura m\u00e1xima de eleva\u00e7\u00e3o e a frequ\u00eancia de uso. Cada detalhe \u00e9 importante para garantir que voc\u00ea escolha o modelo ideal e eficiente. Por isso, nossa equipe experiente est\u00e1 \u00e0 disposi\u00e7\u00e3o para ajudar, respondendo a todas as suas d\u00favidas. A transpar\u00eancia nos pre\u00e7os e a qualidade nos servi\u00e7os s\u00e3o compromissos da Nigro Equipamentos, que se consolidou como refer\u00eancia na oferta de empilhadeiras Paletrans. Seja para compra, manuten\u00e7\u00e3o ou loca\u00e7\u00e3o, voc\u00ea pode contar conosco para um or\u00e7amento que realmente fa\u00e7a sentido para o seu neg\u00f3cio. Fale conosco e descubra como podemos ajudar voc\u00ea a otimizar suas opera\u00e7\u00f5es!","insightwidtitle":"Curiosidades sobre Empilhadeiras","insightwidcontent":"Voc\u00ea sabia que as empilhadeiras Paletrans s\u00e3o reconhecidas por sua efici\u00eancia em espa\u00e7os reduzidos? Com um design compacto, elas oferecem excelente manobrabilidade, permitindo o trabalho em locais de dif\u00edcil acesso. Al\u00e9m disso, sua durabilidade e resist\u00eancia a condi\u00e7\u00f5es adversas tornam-nas uma escolha popular entre empresas que buscam efici\u00eancia e custo-benef\u00edcio. Na Nigro Equipamentos, garantimos que voc\u00ea encontrar\u00e1 a empilhadeira Paletrans perfeita para suas necessidades, com um or\u00e7amento que se encaixa no seu planejamento financeiro."},"yoast_head":"<!-- This site is optimized with the Yoast SEO Premium plugin v18.3 (Yoast SEO v23.4) - https:\/\/yoast.com\/wordpress\/plugins\/seo\/ -->\n<title>Empilhadeira Paletrans Or\u00e7amento: Confira as Melhores Ofertas na Nigro Equipamentos<\/title>\n<meta name=\"description\" content=\"Solicite um or\u00e7amento personalizado para empilhadeiras Paletrans na Nigro Equipamentos e descubra a melhor op\u00e7\u00e3o para seu neg\u00f3cio.\" \/>\n<meta name=\"robots\" content=\"index, follow, max-snippet:-1, max-image-preview:large, max-video-preview:-1\" \/>\n<link rel=\"canonical\" href=\"https:\/\/nigroequipamentos.com.br\/conteudo\/empilhadeira-paletrans-orcamento-solucoes-eficientes-da-nigro-equipamentos\/\" \/>\n<meta property=\"og:locale\" content=\"pt_BR\" \/>\n<meta property=\"og:type\" content=\"article\" \/>\n<meta property=\"og:title\" content=\"Empilhadeira Paletrans Or\u00e7amento: Solu\u00e7\u00f5es Eficientes da Nigro Equipamentos\" \/>\n<meta property=\"og:description\" content=\"Solicite um or\u00e7amento personalizado para empilhadeiras Paletrans na Nigro Equipamentos e descubra a melhor op\u00e7\u00e3o para seu neg\u00f3cio.\" \/>\n<meta property=\"og:url\" content=\"https:\/\/nigroequipamentos.com.br\/conteudo\/empilhadeira-paletrans-orcamento-solucoes-eficientes-da-nigro-equipamentos\/\" \/>\n<meta property=\"og:site_name\" content=\"Nigro Equipamentos\" \/>\n<meta property=\"article:publisher\" content=\"https:\/\/www.facebook.com\/nigroequipamentos\" \/>\n<meta name=\"twitter:card\" content=\"summary_large_image\" \/>\n<script type=\"application\/ld+json\" class=\"yoast-schema-graph\">{\"@context\":\"https:\/\/schema.org\",\"@graph\":[{\"@type\":\"WebPage\",\"@id\":\"https:\/\/nigroequipamentos.com.br\/conteudo\/empilhadeira-paletrans-orcamento-solucoes-eficientes-da-nigro-equipamentos\/\",\"url\":\"https:\/\/nigroequipamentos.com.br\/conteudo\/empilhadeira-paletrans-orcamento-solucoes-eficientes-da-nigro-equipamentos\/\",\"name\":\"Empilhadeira Paletrans Or\u00e7amento: Confira as Melhores Ofertas na Nigro Equipamentos\",\"isPartOf\":{\"@id\":\"https:\/\/nigroequipamentos.com.br\/conteudo\/#website\"},\"datePublished\":\"2025-07-12T12:01:04+00:00\",\"dateModified\":\"2025-07-12T12:01:04+00:00\",\"description\":\"Solicite um or\u00e7amento personalizado para empilhadeiras Paletrans na Nigro Equipamentos e descubra a melhor op\u00e7\u00e3o para seu neg\u00f3cio.\",\"breadcrumb\":{\"@id\":\"https:\/\/nigroequipamentos.com.br\/conteudo\/empilhadeira-paletrans-orcamento-solucoes-eficientes-da-nigro-equipamentos\/#breadcrumb\"},\"inLanguage\":\"pt-BR\",\"potentialAction\":[{\"@type\":\"ReadAction\",\"target\":[\"https:\/\/nigroequipamentos.com.br\/conteudo\/empilhadeira-paletrans-orcamento-solucoes-eficientes-da-nigro-equipamentos\/\"]}]},{\"@type\":\"BreadcrumbList\",\"@id\":\"https:\/\/nigroequipamentos.com.br\/conteudo\/empilhadeira-paletrans-orcamento-solucoes-eficientes-da-nigro-equipamentos\/#breadcrumb\",\"itemListElement\":[{\"@type\":\"ListItem\",\"position\":1,\"name\":\"In\u00edcio\",\"item\":\"https:\/\/nigroequipamentos.com.br\/conteudo\/\"},{\"@type\":\"ListItem\",\"position\":2,\"name\":\"Empilhadeira Paletrans Or\u00e7amento: Solu\u00e7\u00f5es Eficientes da Nigro Equipamentos\"}]},{\"@type\":\"WebSite\",\"@id\":\"https:\/\/nigroequipamentos.com.br\/conteudo\/#website\",\"url\":\"https:\/\/nigroequipamentos.com.br\/conteudo\/\",\"name\":\"Nigro Equipamentos\",\"description\":\"Loca\u00e7\u00e3o e Vendas\",\"publisher\":{\"@id\":\"https:\/\/nigroequipamentos.com.br\/conteudo\/#organization\"},\"potentialAction\":[{\"@type\":\"SearchAction\",\"target\":{\"@type\":\"EntryPoint\",\"urlTemplate\":\"https:\/\/nigroequipamentos.com.br\/conteudo\/?s={search_term_string}\"},\"query-input\":{\"@type\":\"PropertyValueSpecification\",\"valueRequired\":true,\"valueName\":\"search_term_string\"}}],\"inLanguage\":\"pt-BR\"},{\"@type\":\"Organization\",\"@id\":\"https:\/\/nigroequipamentos.com.br\/conteudo\/#organization\",\"name\":\"Nigro Equipamentos\",\"url\":\"https:\/\/nigroequipamentos.com.br\/conteudo\/\",\"logo\":{\"@type\":\"ImageObject\",\"inLanguage\":\"pt-BR\",\"@id\":\"https:\/\/nigroequipamentos.com.br\/conteudo\/#\/schema\/logo\/image\/\",\"url\":\"https:\/\/nigroequipamentos.com.br\/conteudo\/wp-content\/uploads\/2024\/10\/nigroequipamentos_logo.webp\",\"contentUrl\":\"https:\/\/nigroequipamentos.com.br\/conteudo\/wp-content\/uploads\/2024\/10\/nigroequipamentos_logo.webp\",\"width\":785,\"height\":355,\"caption\":\"Nigro Equipamentos\"},\"image\":{\"@id\":\"https:\/\/nigroequipamentos.com.br\/conteudo\/#\/schema\/logo\/image\/\"},\"sameAs\":[\"https:\/\/www.facebook.com\/nigroequipamentos\",\"https:\/\/www.instagram.com\/nigroequipamentos\/\"]}]}<\/script>\n<!-- \/ Yoast SEO Premium plugin. -->","yoast_head_json":{"title":"Empilhadeira Paletrans Or\u00e7amento: Confira as Melhores Ofertas na Nigro Equipamentos","description":"Solicite um or\u00e7amento personalizado para empilhadeiras Paletrans na Nigro Equipamentos e descubra a melhor op\u00e7\u00e3o para seu neg\u00f3cio.","robots":{"index":"index","follow":"follow","max-snippet":"max-snippet:-1","max-image-preview":"max-image-preview:large","max-video-preview":"max-video-preview:-1"},"canonical":"https:\/\/nigroequipamentos.com.br\/conteudo\/empilhadeira-paletrans-orcamento-solucoes-eficientes-da-nigro-equipamentos\/","og_locale":"pt_BR","og_type":"article","og_title":"Empilhadeira Paletrans Or\u00e7amento: Solu\u00e7\u00f5es Eficientes da Nigro Equipamentos","og_description":"Solicite um or\u00e7amento personalizado para empilhadeiras Paletrans na Nigro Equipamentos e descubra a melhor op\u00e7\u00e3o para seu neg\u00f3cio.","og_url":"https:\/\/nigroequipamentos.com.br\/conteudo\/empilhadeira-paletrans-orcamento-solucoes-eficientes-da-nigro-equipamentos\/","og_site_name":"Nigro Equipamentos","article_publisher":"https:\/\/www.facebook.com\/nigroequipamentos","twitter_card":"summary_large_image","schema":{"@context":"https:\/\/schema.org","@graph":[{"@type":"WebPage","@id":"https:\/\/nigroequipamentos.com.br\/conteudo\/empilhadeira-paletrans-orcamento-solucoes-eficientes-da-nigro-equipamentos\/","url":"https:\/\/nigroequipamentos.com.br\/conteudo\/empilhadeira-paletrans-orcamento-solucoes-eficientes-da-nigro-equipamentos\/","name":"Empilhadeira Paletrans Or\u00e7amento: Confira as Melhores Ofertas na Nigro Equipamentos","isPartOf":{"@id":"https:\/\/nigroequipamentos.com.br\/conteudo\/#website"},"datePublished":"2025-07-12T12:01:04+00:00","dateModified":"2025-07-12T12:01:04+00:00","description":"Solicite um or\u00e7amento personalizado para empilhadeiras Paletrans na Nigro Equipamentos e descubra a melhor op\u00e7\u00e3o para seu neg\u00f3cio.","breadcrumb":{"@id":"https:\/\/nigroequipamentos.com.br\/conteudo\/empilhadeira-paletrans-orcamento-solucoes-eficientes-da-nigro-equipamentos\/#breadcrumb"},"inLanguage":"pt-BR","potentialAction":[{"@type":"ReadAction","target":["https:\/\/nigroequipamentos.com.br\/conteudo\/empilhadeira-paletrans-orcamento-solucoes-eficientes-da-nigro-equipamentos\/"]}]},{"@type":"BreadcrumbList","@id":"https:\/\/nigroequipamentos.com.br\/conteudo\/empilhadeira-paletrans-orcamento-solucoes-eficientes-da-nigro-equipamentos\/#breadcrumb","itemListElement":[{"@type":"ListItem","position":1,"name":"In\u00edcio","item":"https:\/\/nigroequipamentos.com.br\/conteudo\/"},{"@type":"ListItem","position":2,"name":"Empilhadeira Paletrans Or\u00e7amento: Solu\u00e7\u00f5es Eficientes da Nigro Equipamentos"}]},{"@type":"WebSite","@id":"https:\/\/nigroequipamentos.com.br\/conteudo\/#website","url":"https:\/\/nigroequipamentos.com.br\/conteudo\/","name":"Nigro Equipamentos","description":"Loca\u00e7\u00e3o e Vendas","publisher":{"@id":"https:\/\/nigroequipamentos.com.br\/conteudo\/#organization"},"potentialAction":[{"@type":"SearchAction","target":{"@type":"EntryPoint","urlTemplate":"https:\/\/nigroequipamentos.com.br\/conteudo\/?s={search_term_string}"},"query-input":{"@type":"PropertyValueSpecification","valueRequired":true,"valueName":"search_term_string"}}],"inLanguage":"pt-BR"},{"@type":"Organization","@id":"https:\/\/nigroequipamentos.com.br\/conteudo\/#organization","name":"Nigro Equipamentos","url":"https:\/\/nigroequipamentos.com.br\/conteudo\/","logo":{"@type":"ImageObject","inLanguage":"pt-BR","@id":"https:\/\/nigroequipamentos.com.br\/conteudo\/#\/schema\/logo\/image\/","url":"https:\/\/nigroequipamentos.com.br\/conteudo\/wp-content\/uploads\/2024\/10\/nigroequipamentos_logo.webp","contentUrl":"https:\/\/nigroequipamentos.com.br\/conteudo\/wp-content\/uploads\/2024\/10\/nigroequipamentos_logo.webp","width":785,"height":355,"caption":"Nigro Equipamentos"},"image":{"@id":"https:\/\/nigroequipamentos.com.br\/conteudo\/#\/schema\/logo\/image\/"},"sameAs":["https:\/\/www.facebook.com\/nigroequipamentos","https:\/\/www.instagram.com\/nigroequipamentos\/"]}]}},"_links":{"self":[{"href":"https:\/\/nigroequipamentos.com.br\/conteudo\/wp-json\/wp\/v2\/pages\/44901","targetHints":{"allow":["GET"]}}],"collection":[{"href":"https:\/\/nigroequipamentos.com.br\/conteudo\/wp-json\/wp\/v2\/pages"}],"about":[{"href":"https:\/\/nigroequipamentos.com.br\/conteudo\/wp-json\/wp\/v2\/types\/page"}],"author":[{"embeddable":true,"href":"https:\/\/nigroequipamentos.com.br\/conteudo\/wp-json\/wp\/v2\/users\/3"}],"replies":[{"embeddable":true,"href":"https:\/\/nigroequipamentos.com.br\/conteudo\/wp-json\/wp\/v2\/comments?post=44901"}],"version-history":[{"count":0,"href":"https:\/\/nigroequipamentos.com.br\/conteudo\/wp-json\/wp\/v2\/pages\/44901\/revisions"}],"wp:attachment":[{"href":"https:\/\/nigroequipamentos.com.br\/conteudo\/wp-json\/wp\/v2\/media?parent=44901"}],"curies":[{"name":"wp","href":"https:\/\/api.w.org\/{rel}","templated":true}]}}