{"id":44468,"date":"2025-07-11T09:01:04","date_gmt":"2025-07-11T12:01:04","guid":{"rendered":"https:\/\/nigroequipamentos.com.br\/conteudo\/empilhadeira-paletrans-bateria-ideal-para-sua-logistica\/"},"modified":"2025-07-11T09:01:04","modified_gmt":"2025-07-11T12:01:04","slug":"empilhadeira-paletrans-bateria-ideal-para-sua-logistica","status":"publish","type":"page","link":"https:\/\/nigroequipamentos.com.br\/conteudo\/empilhadeira-paletrans-bateria-ideal-para-sua-logistica\/","title":{"rendered":"Empilhadeira Paletrans Bateria: Ideal para sua Log\u00edstica"},"content":{"rendered":"<p>A empilhadeira Paletrans bateria \u00e9 uma solu\u00e7\u00e3o pr\u00e1tica e eficiente para o manejo de cargas em ambientes diversos. Com a versatilidade e pot\u00eancia que voc\u00ea precisa, a empilhadeira Paletrans bateria representa uma escolha inteligente para otimizar processos log\u00edsticos. A Nigro Equipamentos se destaca na fornecimento de empilhadeiras de qualidade, oferecendo op\u00e7\u00f5es para compra, loca\u00e7\u00e3o e manuten\u00e7\u00e3o, o que garante o m\u00e1ximo desempenho e confiabilidade. Se voc\u00ea busca por efici\u00eancia e inova\u00e7\u00e3o, a empilhadeira Paletrans bateria \u00e9 a op\u00e7\u00e3o perfeita para suas opera\u00e7\u00f5es.<\/p>\n","protected":false},"excerpt":{"rendered":"<p>A empilhadeira Paletrans bateria \u00e9 uma solu\u00e7\u00e3o pr\u00e1tica e eficiente para o manejo de cargas em ambientes diversos. Com a versatilidade e pot\u00eancia que voc\u00ea precisa, a empilhadeira Paletrans bateria representa uma escolha inteligente para otimizar processos log\u00edsticos. A Nigro Equipamentos se destaca na fornecimento de empilhadeiras de qualidade, oferecendo op\u00e7\u00f5es para compra, loca\u00e7\u00e3o e&hellip;&nbsp;<a href=\"https:\/\/nigroequipamentos.com.br\/conteudo\/empilhadeira-paletrans-bateria-ideal-para-sua-logistica\/\" class=\"\" rel=\"bookmark\">Continue a ler &raquo;<span class=\"screen-reader-text\">Empilhadeira Paletrans Bateria: Ideal para sua Log\u00edstica<\/span><\/a><\/p>\n","protected":false},"author":3,"featured_media":0,"parent":0,"menu_order":0,"comment_status":"closed","ping_status":"closed","template":"","meta":{"_acf_changed":false,"_yoast_wpseo_focuskw":"Empilhadeira Paletrans bateria","_yoast_wpseo_title":"Empilhadeira Paletrans Bateria: Qualidade e Efici\u00eancia","_yoast_wpseo_metadesc":"Saiba tudo sobre a empilhadeira Paletrans bateria e descubra como ela pode transformar sua log\u00edstica com a Nigro Equipamentos.","neve_meta_sidebar":"","neve_meta_container":"","neve_meta_enable_content_width":"","neve_meta_content_width":0,"neve_meta_title_alignment":"","neve_meta_author_avatar":"","neve_post_elements_order":"","neve_meta_disable_header":"","neve_meta_disable_footer":"","neve_meta_disable_title":"","footnotes":""},"class_list":["post-44468","page","type-page","status-publish","hentry"],"acf":{"bloco1title":"Efici\u00eancia Energ\u00e9tica","bloco1text":"Empilhadeiras Paletrans bateria trazem efici\u00eancia energ\u00e9tica, reduzindo custos operacionais e aumentando a sustentabilidade da sua opera\u00e7\u00e3o.","bloco2title":"Manuten\u00e7\u00e3o Simplificada","bloco2text":"A manuten\u00e7\u00e3o da empilhadeira Paletrans bateria \u00e9 simples e pr\u00e1tica, garantindo menos tempo parado e mais produtividade.","bloco3title":"Versatilidade em Carga","bloco3text":"As empilhadeiras Paletrans bateria s\u00e3o vers\u00e1teis, adequadas para diferentes tipos de cargas e ambientes, tornando-se solu\u00e7\u00f5es indispens\u00e1veis para o dia a dia da sua empresa.","posttitle":"Descubra as Vantagens da Empilhadeira Paletrans Bateria","postcontent":"<strong>Entenda por que escolher uma empilhadeira Paletrans bateria \u00e9 uma decis\u00e3o inteligente.<\/strong> As empilhadeiras Paletrans bateria n\u00e3o s\u00f3 oferecem uma opera\u00e7\u00e3o silenciosa e limpa, como tamb\u00e9m garantem a redu\u00e7\u00e3o do custo de opera\u00e7\u00e3o devido \u00e0 sua alta efici\u00eancia energ\u00e9tica. Essas empilhadeiras s\u00e3o produzidas com tecnologia de ponta, que possibilita um excelente desempenho tanto em ambientes fechados quanto externos. A durabilidade das baterias de l\u00edtio contribui para a autonomia do equipamento, permitindo longas jornadas de trabalho sem necessidade de recarga constante. Al\u00e9m disso, a Nigro Equipamentos \u00e9 refer\u00eancia no mercado, com uma equipe especializada pronta para oferecer a melhor consultoria na escolha da empilhadeira ideal para cada necessidade. Nossa experi\u00eancia no setor garante que nossos clientes tenham acesso a produtos de alta qualidade, bem como assist\u00eancia t\u00e9cnica eficaz para manter suas m\u00e1quinas sempre operacionais.","insightwidtitle":"Curiosidades sobre Empilhadeiras","insightwidcontent":"Voc\u00ea sabia que a primeira empilhadeira foi criada na d\u00e9cada de 1920? Desde ent\u00e3o, a tecnologia evoluiu muito e hoje temos modelos como a empilhadeira Paletrans bateria, que oferece uma experi\u00eancia de uso muito superior e manuten\u00e7\u00e3o reduzida. Al\u00e9m de aumentarem a efici\u00eancia nas opera\u00e7\u00f5es log\u00edsticas, as empilhadeiras el\u00e9tricas como a Paletrans tamb\u00e9m s\u00e3o sustent\u00e1veis, sendo quase silenciosas e livres de emiss\u00f5es, contribuindo para um ambiente de trabalho mais saud\u00e1vel."},"yoast_head":"<!-- This site is optimized with the Yoast SEO Premium plugin v18.3 (Yoast SEO v23.4) - https:\/\/yoast.com\/wordpress\/plugins\/seo\/ -->\n<title>Empilhadeira Paletrans Bateria: Qualidade e Efici\u00eancia<\/title>\n<meta name=\"description\" content=\"Saiba tudo sobre a empilhadeira Paletrans bateria e descubra como ela pode transformar sua log\u00edstica com a Nigro Equipamentos.\" \/>\n<meta name=\"robots\" content=\"index, follow, max-snippet:-1, max-image-preview:large, max-video-preview:-1\" \/>\n<link rel=\"canonical\" href=\"https:\/\/nigroequipamentos.com.br\/conteudo\/empilhadeira-paletrans-bateria-ideal-para-sua-logistica\/\" \/>\n<meta property=\"og:locale\" content=\"pt_BR\" \/>\n<meta property=\"og:type\" content=\"article\" \/>\n<meta property=\"og:title\" content=\"Empilhadeira Paletrans Bateria: Ideal para sua Log\u00edstica\" \/>\n<meta property=\"og:description\" content=\"Saiba tudo sobre a empilhadeira Paletrans bateria e descubra como ela pode transformar sua log\u00edstica com a Nigro Equipamentos.\" \/>\n<meta property=\"og:url\" content=\"https:\/\/nigroequipamentos.com.br\/conteudo\/empilhadeira-paletrans-bateria-ideal-para-sua-logistica\/\" \/>\n<meta property=\"og:site_name\" content=\"Nigro Equipamentos\" \/>\n<meta property=\"article:publisher\" content=\"https:\/\/www.facebook.com\/nigroequipamentos\" \/>\n<meta name=\"twitter:card\" content=\"summary_large_image\" \/>\n<script type=\"application\/ld+json\" class=\"yoast-schema-graph\">{\"@context\":\"https:\/\/schema.org\",\"@graph\":[{\"@type\":\"WebPage\",\"@id\":\"https:\/\/nigroequipamentos.com.br\/conteudo\/empilhadeira-paletrans-bateria-ideal-para-sua-logistica\/\",\"url\":\"https:\/\/nigroequipamentos.com.br\/conteudo\/empilhadeira-paletrans-bateria-ideal-para-sua-logistica\/\",\"name\":\"Empilhadeira Paletrans Bateria: Qualidade e Efici\u00eancia\",\"isPartOf\":{\"@id\":\"https:\/\/nigroequipamentos.com.br\/conteudo\/#website\"},\"datePublished\":\"2025-07-11T12:01:04+00:00\",\"dateModified\":\"2025-07-11T12:01:04+00:00\",\"description\":\"Saiba tudo sobre a empilhadeira Paletrans bateria e descubra como ela pode transformar sua log\u00edstica com a Nigro Equipamentos.\",\"breadcrumb\":{\"@id\":\"https:\/\/nigroequipamentos.com.br\/conteudo\/empilhadeira-paletrans-bateria-ideal-para-sua-logistica\/#breadcrumb\"},\"inLanguage\":\"pt-BR\",\"potentialAction\":[{\"@type\":\"ReadAction\",\"target\":[\"https:\/\/nigroequipamentos.com.br\/conteudo\/empilhadeira-paletrans-bateria-ideal-para-sua-logistica\/\"]}]},{\"@type\":\"BreadcrumbList\",\"@id\":\"https:\/\/nigroequipamentos.com.br\/conteudo\/empilhadeira-paletrans-bateria-ideal-para-sua-logistica\/#breadcrumb\",\"itemListElement\":[{\"@type\":\"ListItem\",\"position\":1,\"name\":\"In\u00edcio\",\"item\":\"https:\/\/nigroequipamentos.com.br\/conteudo\/\"},{\"@type\":\"ListItem\",\"position\":2,\"name\":\"Empilhadeira Paletrans Bateria: Ideal para sua Log\u00edstica\"}]},{\"@type\":\"WebSite\",\"@id\":\"https:\/\/nigroequipamentos.com.br\/conteudo\/#website\",\"url\":\"https:\/\/nigroequipamentos.com.br\/conteudo\/\",\"name\":\"Nigro Equipamentos\",\"description\":\"Loca\u00e7\u00e3o e Vendas\",\"publisher\":{\"@id\":\"https:\/\/nigroequipamentos.com.br\/conteudo\/#organization\"},\"potentialAction\":[{\"@type\":\"SearchAction\",\"target\":{\"@type\":\"EntryPoint\",\"urlTemplate\":\"https:\/\/nigroequipamentos.com.br\/conteudo\/?s={search_term_string}\"},\"query-input\":{\"@type\":\"PropertyValueSpecification\",\"valueRequired\":true,\"valueName\":\"search_term_string\"}}],\"inLanguage\":\"pt-BR\"},{\"@type\":\"Organization\",\"@id\":\"https:\/\/nigroequipamentos.com.br\/conteudo\/#organization\",\"name\":\"Nigro Equipamentos\",\"url\":\"https:\/\/nigroequipamentos.com.br\/conteudo\/\",\"logo\":{\"@type\":\"ImageObject\",\"inLanguage\":\"pt-BR\",\"@id\":\"https:\/\/nigroequipamentos.com.br\/conteudo\/#\/schema\/logo\/image\/\",\"url\":\"https:\/\/nigroequipamentos.com.br\/conteudo\/wp-content\/uploads\/2024\/10\/nigroequipamentos_logo.webp\",\"contentUrl\":\"https:\/\/nigroequipamentos.com.br\/conteudo\/wp-content\/uploads\/2024\/10\/nigroequipamentos_logo.webp\",\"width\":785,\"height\":355,\"caption\":\"Nigro Equipamentos\"},\"image\":{\"@id\":\"https:\/\/nigroequipamentos.com.br\/conteudo\/#\/schema\/logo\/image\/\"},\"sameAs\":[\"https:\/\/www.facebook.com\/nigroequipamentos\",\"https:\/\/www.instagram.com\/nigroequipamentos\/\"]}]}<\/script>\n<!-- \/ Yoast SEO Premium plugin. -->","yoast_head_json":{"title":"Empilhadeira Paletrans Bateria: Qualidade e Efici\u00eancia","description":"Saiba tudo sobre a empilhadeira Paletrans bateria e descubra como ela pode transformar sua log\u00edstica com a Nigro Equipamentos.","robots":{"index":"index","follow":"follow","max-snippet":"max-snippet:-1","max-image-preview":"max-image-preview:large","max-video-preview":"max-video-preview:-1"},"canonical":"https:\/\/nigroequipamentos.com.br\/conteudo\/empilhadeira-paletrans-bateria-ideal-para-sua-logistica\/","og_locale":"pt_BR","og_type":"article","og_title":"Empilhadeira Paletrans Bateria: Ideal para sua Log\u00edstica","og_description":"Saiba tudo sobre a empilhadeira Paletrans bateria e descubra como ela pode transformar sua log\u00edstica com a Nigro Equipamentos.","og_url":"https:\/\/nigroequipamentos.com.br\/conteudo\/empilhadeira-paletrans-bateria-ideal-para-sua-logistica\/","og_site_name":"Nigro Equipamentos","article_publisher":"https:\/\/www.facebook.com\/nigroequipamentos","twitter_card":"summary_large_image","schema":{"@context":"https:\/\/schema.org","@graph":[{"@type":"WebPage","@id":"https:\/\/nigroequipamentos.com.br\/conteudo\/empilhadeira-paletrans-bateria-ideal-para-sua-logistica\/","url":"https:\/\/nigroequipamentos.com.br\/conteudo\/empilhadeira-paletrans-bateria-ideal-para-sua-logistica\/","name":"Empilhadeira Paletrans Bateria: Qualidade e Efici\u00eancia","isPartOf":{"@id":"https:\/\/nigroequipamentos.com.br\/conteudo\/#website"},"datePublished":"2025-07-11T12:01:04+00:00","dateModified":"2025-07-11T12:01:04+00:00","description":"Saiba tudo sobre a empilhadeira Paletrans bateria e descubra como ela pode transformar sua log\u00edstica com a Nigro Equipamentos.","breadcrumb":{"@id":"https:\/\/nigroequipamentos.com.br\/conteudo\/empilhadeira-paletrans-bateria-ideal-para-sua-logistica\/#breadcrumb"},"inLanguage":"pt-BR","potentialAction":[{"@type":"ReadAction","target":["https:\/\/nigroequipamentos.com.br\/conteudo\/empilhadeira-paletrans-bateria-ideal-para-sua-logistica\/"]}]},{"@type":"BreadcrumbList","@id":"https:\/\/nigroequipamentos.com.br\/conteudo\/empilhadeira-paletrans-bateria-ideal-para-sua-logistica\/#breadcrumb","itemListElement":[{"@type":"ListItem","position":1,"name":"In\u00edcio","item":"https:\/\/nigroequipamentos.com.br\/conteudo\/"},{"@type":"ListItem","position":2,"name":"Empilhadeira Paletrans Bateria: Ideal para sua Log\u00edstica"}]},{"@type":"WebSite","@id":"https:\/\/nigroequipamentos.com.br\/conteudo\/#website","url":"https:\/\/nigroequipamentos.com.br\/conteudo\/","name":"Nigro Equipamentos","description":"Loca\u00e7\u00e3o e Vendas","publisher":{"@id":"https:\/\/nigroequipamentos.com.br\/conteudo\/#organization"},"potentialAction":[{"@type":"SearchAction","target":{"@type":"EntryPoint","urlTemplate":"https:\/\/nigroequipamentos.com.br\/conteudo\/?s={search_term_string}"},"query-input":{"@type":"PropertyValueSpecification","valueRequired":true,"valueName":"search_term_string"}}],"inLanguage":"pt-BR"},{"@type":"Organization","@id":"https:\/\/nigroequipamentos.com.br\/conteudo\/#organization","name":"Nigro Equipamentos","url":"https:\/\/nigroequipamentos.com.br\/conteudo\/","logo":{"@type":"ImageObject","inLanguage":"pt-BR","@id":"https:\/\/nigroequipamentos.com.br\/conteudo\/#\/schema\/logo\/image\/","url":"https:\/\/nigroequipamentos.com.br\/conteudo\/wp-content\/uploads\/2024\/10\/nigroequipamentos_logo.webp","contentUrl":"https:\/\/nigroequipamentos.com.br\/conteudo\/wp-content\/uploads\/2024\/10\/nigroequipamentos_logo.webp","width":785,"height":355,"caption":"Nigro Equipamentos"},"image":{"@id":"https:\/\/nigroequipamentos.com.br\/conteudo\/#\/schema\/logo\/image\/"},"sameAs":["https:\/\/www.facebook.com\/nigroequipamentos","https:\/\/www.instagram.com\/nigroequipamentos\/"]}]}},"_links":{"self":[{"href":"https:\/\/nigroequipamentos.com.br\/conteudo\/wp-json\/wp\/v2\/pages\/44468","targetHints":{"allow":["GET"]}}],"collection":[{"href":"https:\/\/nigroequipamentos.com.br\/conteudo\/wp-json\/wp\/v2\/pages"}],"about":[{"href":"https:\/\/nigroequipamentos.com.br\/conteudo\/wp-json\/wp\/v2\/types\/page"}],"author":[{"embeddable":true,"href":"https:\/\/nigroequipamentos.com.br\/conteudo\/wp-json\/wp\/v2\/users\/3"}],"replies":[{"embeddable":true,"href":"https:\/\/nigroequipamentos.com.br\/conteudo\/wp-json\/wp\/v2\/comments?post=44468"}],"version-history":[{"count":0,"href":"https:\/\/nigroequipamentos.com.br\/conteudo\/wp-json\/wp\/v2\/pages\/44468\/revisions"}],"wp:attachment":[{"href":"https:\/\/nigroequipamentos.com.br\/conteudo\/wp-json\/wp\/v2\/media?parent=44468"}],"curies":[{"name":"wp","href":"https:\/\/api.w.org\/{rel}","templated":true}]}}