{"id":43135,"date":"2025-07-08T07:01:02","date_gmt":"2025-07-08T10:01:02","guid":{"rendered":"https:\/\/nigroequipamentos.com.br\/conteudo\/empilhadeira-paletrans-comercio-a-solucao-que-voce-procura\/"},"modified":"2025-07-08T07:01:02","modified_gmt":"2025-07-08T10:01:02","slug":"empilhadeira-paletrans-comercio-a-solucao-que-voce-procura","status":"publish","type":"page","link":"https:\/\/nigroequipamentos.com.br\/conteudo\/empilhadeira-paletrans-comercio-a-solucao-que-voce-procura\/","title":{"rendered":"Empilhadeira Paletrans Com\u00e9rcio: A Solu\u00e7\u00e3o que Voc\u00ea Procura"},"content":{"rendered":"<p>Se voc\u00ea busca efici\u00eancia e versatilidade no seu neg\u00f3cio, a Empilhadeira Paletrans Com\u00e9rcio \u00e9 a escolha ideal. Especializada no transporte e movimenta\u00e7\u00e3o de mercadorias, a Empilhadeira Paletrans Com\u00e9rcio destaca-se pela alta capacidade de carga e por seu design inovador que facilita o manuseio. Na Nigro Equipamentos, oferecemos a melhor experi\u00eancia em compra, manuten\u00e7\u00e3o e loca\u00e7\u00e3o de empilhadeiras Paletrans, garantindo a satisfa\u00e7\u00e3o dos nossos clientes. Invista na sua log\u00edstica com a Empilhadeira Paletrans Com\u00e9rcio e veja a diferen\u00e7a na opera\u00e7\u00e3o do seu neg\u00f3cio.<\/p>\n","protected":false},"excerpt":{"rendered":"<p>Se voc\u00ea busca efici\u00eancia e versatilidade no seu neg\u00f3cio, a Empilhadeira Paletrans Com\u00e9rcio \u00e9 a escolha ideal. Especializada no transporte e movimenta\u00e7\u00e3o de mercadorias, a Empilhadeira Paletrans Com\u00e9rcio destaca-se pela alta capacidade de carga e por seu design inovador que facilita o manuseio. Na Nigro Equipamentos, oferecemos a melhor experi\u00eancia em compra, manuten\u00e7\u00e3o e loca\u00e7\u00e3o&hellip;&nbsp;<a href=\"https:\/\/nigroequipamentos.com.br\/conteudo\/empilhadeira-paletrans-comercio-a-solucao-que-voce-procura\/\" class=\"\" rel=\"bookmark\">Continue a ler &raquo;<span class=\"screen-reader-text\">Empilhadeira Paletrans Com\u00e9rcio: A Solu\u00e7\u00e3o que Voc\u00ea Procura<\/span><\/a><\/p>\n","protected":false},"author":3,"featured_media":0,"parent":0,"menu_order":0,"comment_status":"closed","ping_status":"closed","template":"","meta":{"_acf_changed":false,"_yoast_wpseo_focuskw":"Empilhadeira Paletrans com\u00e9rcio","_yoast_wpseo_title":"Empilhadeira Paletrans Com\u00e9rcio: Efici\u00eancia e Versatilidade na Movimenta\u00e7\u00e3o de Cargas","_yoast_wpseo_metadesc":"Conhe\u00e7a a Empilhadeira Paletrans Com\u00e9rcio, uma solu\u00e7\u00e3o essencial para transporte e movimenta\u00e7\u00e3o de cargas. A Nigro Equipamentos oferece compra, manuten\u00e7\u00e3o e loca\u00e7\u00e3o.","neve_meta_sidebar":"","neve_meta_container":"","neve_meta_enable_content_width":"","neve_meta_content_width":0,"neve_meta_title_alignment":"","neve_meta_author_avatar":"","neve_post_elements_order":"","neve_meta_disable_header":"","neve_meta_disable_footer":"","neve_meta_disable_title":"","footnotes":""},"class_list":["post-43135","page","type-page","status-publish","hentry"],"acf":{"bloco1title":"Atendimento Personalizado","bloco1text":"Nosso time especializado garante que voc\u00ea escolha a melhor empilhadeira Paletrans conforme suas necessidades espec\u00edficas, com atendimento diferenciado e suporte cont\u00ednuo.","bloco2title":"Treinamento de Usu\u00e1rios","bloco2text":"Oferecemos treinamento completo para sua equipe manusear a empilhadeira Paletrans com seguran\u00e7a e efici\u00eancia, aumentando a produtividade na sua opera\u00e7\u00e3o.","bloco3title":"Economia de Combust\u00edvel","bloco3text":"As empilhadeiras Paletrans s\u00e3o projetadas para maximizar a economia de combust\u00edvel. Al\u00e9m de ajudar no meio ambiente, elas reduzem os custos operacionais.","posttitle":"Empilhadeira Paletrans Com\u00e9rcio: Benef\u00edcios e Vantagens para sua Empresa","postcontent":"<strong>O que \u00e9 a Empilhadeira Paletrans Com\u00e9rcio?<\/strong> A Empilhadeira Paletrans Com\u00e9rcio \u00e9 uma m\u00e1quina robusta e vers\u00e1til, ideal para o transporte e a movimenta\u00e7\u00e3o de ve\u00edculos e cargas em armaz\u00e9ns e ind\u00fastrias. Com alta capacidade de carga, ela se destaca pela efici\u00eancia nas opera\u00e7\u00f5es log\u00edsticas. A Nigro Equipamentos traz para voc\u00ea o melhor em Empilhadeiras Paletrans, com op\u00e7\u00f5es que atendem diferentes demandas. <br><br> <strong>Vantagens de escolher a Empilhadeira Paletrans Com\u00e9rcio:<\/strong> Entre suas vantagens, destacam-se a economia de tempo, aumento na produtividade e facilidade de manobra em espa\u00e7os reduzidos. S\u00e3o m\u00e1quinas que se adaptam a diferentes tipos de carga, tornando-se essenciais para o sucesso do seu neg\u00f3cio. <br><br> Ao optar pela Empilhadeira Paletrans Com\u00e9rcio conosco, voc\u00ea garante n\u00e3o apenas a compra, mas tamb\u00e9m a manuten\u00e7\u00e3o e loca\u00e7\u00e3o, tudo com a qualidade que s\u00f3 a Nigro Equipamentos pode oferecer. <br><br> <strong>Por que a Nigro Equipamentos \u00e9 sua melhor op\u00e7\u00e3o?<\/strong> Oferecemos especialistas prontos para ajud\u00e1-lo a escolher a Empilhadeira Paletrans Com\u00e9rcio que melhor atende suas necessidades, al\u00e9m de suporte t\u00e9cnico cont\u00ednuo e solu\u00e7\u00f5es de loca\u00e7\u00e3o vantajosas. Nossos clientes confiam na nossa expertise e na qualidade de nossos produtos. Venha conhecer nossa linha de Empilhadeira Paletrans Com\u00e9rcio e escolha a melhor para seu neg\u00f3cio.","insightwidtitle":"Curiosidades sobre Empilhadeiras","insightwidcontent":"Sabia que as empilhadeiras Paletrans s\u00e3o muito procuradas em setores diversos al\u00e9m do com\u00e9rcio? Elas s\u00e3o amplamente utilizadas na ind\u00fastria aliment\u00edcia, farmac\u00eautica e na constru\u00e7\u00e3o civil devido \u00e0 sua efici\u00eancia e seguran\u00e7a. Isso demonstra a versatilidade dessas m\u00e1quinas essenciais para movimenta\u00e7\u00e3o de cargas, podendo ser adaptadas a diferentes opera\u00e7\u00f5es e ambientes."},"yoast_head":"<!-- This site is optimized with the Yoast SEO Premium plugin v18.3 (Yoast SEO v23.4) - https:\/\/yoast.com\/wordpress\/plugins\/seo\/ -->\n<title>Empilhadeira Paletrans Com\u00e9rcio: Efici\u00eancia e Versatilidade na Movimenta\u00e7\u00e3o de Cargas<\/title>\n<meta name=\"description\" content=\"Conhe\u00e7a a Empilhadeira Paletrans Com\u00e9rcio, uma solu\u00e7\u00e3o essencial para transporte e movimenta\u00e7\u00e3o de cargas. A Nigro Equipamentos oferece compra, manuten\u00e7\u00e3o e loca\u00e7\u00e3o.\" \/>\n<meta name=\"robots\" content=\"index, follow, max-snippet:-1, max-image-preview:large, max-video-preview:-1\" \/>\n<link rel=\"canonical\" href=\"https:\/\/nigroequipamentos.com.br\/conteudo\/empilhadeira-paletrans-comercio-a-solucao-que-voce-procura\/\" \/>\n<meta property=\"og:locale\" content=\"pt_BR\" \/>\n<meta property=\"og:type\" content=\"article\" \/>\n<meta property=\"og:title\" content=\"Empilhadeira Paletrans Com\u00e9rcio: A Solu\u00e7\u00e3o que Voc\u00ea Procura\" \/>\n<meta property=\"og:description\" content=\"Conhe\u00e7a a Empilhadeira Paletrans Com\u00e9rcio, uma solu\u00e7\u00e3o essencial para transporte e movimenta\u00e7\u00e3o de cargas. A Nigro Equipamentos oferece compra, manuten\u00e7\u00e3o e loca\u00e7\u00e3o.\" \/>\n<meta property=\"og:url\" content=\"https:\/\/nigroequipamentos.com.br\/conteudo\/empilhadeira-paletrans-comercio-a-solucao-que-voce-procura\/\" \/>\n<meta property=\"og:site_name\" content=\"Nigro Equipamentos\" \/>\n<meta property=\"article:publisher\" content=\"https:\/\/www.facebook.com\/nigroequipamentos\" \/>\n<meta name=\"twitter:card\" content=\"summary_large_image\" \/>\n<script type=\"application\/ld+json\" class=\"yoast-schema-graph\">{\"@context\":\"https:\/\/schema.org\",\"@graph\":[{\"@type\":\"WebPage\",\"@id\":\"https:\/\/nigroequipamentos.com.br\/conteudo\/empilhadeira-paletrans-comercio-a-solucao-que-voce-procura\/\",\"url\":\"https:\/\/nigroequipamentos.com.br\/conteudo\/empilhadeira-paletrans-comercio-a-solucao-que-voce-procura\/\",\"name\":\"Empilhadeira Paletrans Com\u00e9rcio: Efici\u00eancia e Versatilidade na Movimenta\u00e7\u00e3o de Cargas\",\"isPartOf\":{\"@id\":\"https:\/\/nigroequipamentos.com.br\/conteudo\/#website\"},\"datePublished\":\"2025-07-08T10:01:02+00:00\",\"dateModified\":\"2025-07-08T10:01:02+00:00\",\"description\":\"Conhe\u00e7a a Empilhadeira Paletrans Com\u00e9rcio, uma solu\u00e7\u00e3o essencial para transporte e movimenta\u00e7\u00e3o de cargas. A Nigro Equipamentos oferece compra, manuten\u00e7\u00e3o e loca\u00e7\u00e3o.\",\"breadcrumb\":{\"@id\":\"https:\/\/nigroequipamentos.com.br\/conteudo\/empilhadeira-paletrans-comercio-a-solucao-que-voce-procura\/#breadcrumb\"},\"inLanguage\":\"pt-BR\",\"potentialAction\":[{\"@type\":\"ReadAction\",\"target\":[\"https:\/\/nigroequipamentos.com.br\/conteudo\/empilhadeira-paletrans-comercio-a-solucao-que-voce-procura\/\"]}]},{\"@type\":\"BreadcrumbList\",\"@id\":\"https:\/\/nigroequipamentos.com.br\/conteudo\/empilhadeira-paletrans-comercio-a-solucao-que-voce-procura\/#breadcrumb\",\"itemListElement\":[{\"@type\":\"ListItem\",\"position\":1,\"name\":\"In\u00edcio\",\"item\":\"https:\/\/nigroequipamentos.com.br\/conteudo\/\"},{\"@type\":\"ListItem\",\"position\":2,\"name\":\"Empilhadeira Paletrans Com\u00e9rcio: A Solu\u00e7\u00e3o que Voc\u00ea Procura\"}]},{\"@type\":\"WebSite\",\"@id\":\"https:\/\/nigroequipamentos.com.br\/conteudo\/#website\",\"url\":\"https:\/\/nigroequipamentos.com.br\/conteudo\/\",\"name\":\"Nigro Equipamentos\",\"description\":\"Loca\u00e7\u00e3o e Vendas\",\"publisher\":{\"@id\":\"https:\/\/nigroequipamentos.com.br\/conteudo\/#organization\"},\"potentialAction\":[{\"@type\":\"SearchAction\",\"target\":{\"@type\":\"EntryPoint\",\"urlTemplate\":\"https:\/\/nigroequipamentos.com.br\/conteudo\/?s={search_term_string}\"},\"query-input\":{\"@type\":\"PropertyValueSpecification\",\"valueRequired\":true,\"valueName\":\"search_term_string\"}}],\"inLanguage\":\"pt-BR\"},{\"@type\":\"Organization\",\"@id\":\"https:\/\/nigroequipamentos.com.br\/conteudo\/#organization\",\"name\":\"Nigro Equipamentos\",\"url\":\"https:\/\/nigroequipamentos.com.br\/conteudo\/\",\"logo\":{\"@type\":\"ImageObject\",\"inLanguage\":\"pt-BR\",\"@id\":\"https:\/\/nigroequipamentos.com.br\/conteudo\/#\/schema\/logo\/image\/\",\"url\":\"https:\/\/nigroequipamentos.com.br\/conteudo\/wp-content\/uploads\/2024\/10\/nigroequipamentos_logo.webp\",\"contentUrl\":\"https:\/\/nigroequipamentos.com.br\/conteudo\/wp-content\/uploads\/2024\/10\/nigroequipamentos_logo.webp\",\"width\":785,\"height\":355,\"caption\":\"Nigro Equipamentos\"},\"image\":{\"@id\":\"https:\/\/nigroequipamentos.com.br\/conteudo\/#\/schema\/logo\/image\/\"},\"sameAs\":[\"https:\/\/www.facebook.com\/nigroequipamentos\",\"https:\/\/www.instagram.com\/nigroequipamentos\/\"]}]}<\/script>\n<!-- \/ Yoast SEO Premium plugin. -->","yoast_head_json":{"title":"Empilhadeira Paletrans Com\u00e9rcio: Efici\u00eancia e Versatilidade na Movimenta\u00e7\u00e3o de Cargas","description":"Conhe\u00e7a a Empilhadeira Paletrans Com\u00e9rcio, uma solu\u00e7\u00e3o essencial para transporte e movimenta\u00e7\u00e3o de cargas. A Nigro Equipamentos oferece compra, manuten\u00e7\u00e3o e loca\u00e7\u00e3o.","robots":{"index":"index","follow":"follow","max-snippet":"max-snippet:-1","max-image-preview":"max-image-preview:large","max-video-preview":"max-video-preview:-1"},"canonical":"https:\/\/nigroequipamentos.com.br\/conteudo\/empilhadeira-paletrans-comercio-a-solucao-que-voce-procura\/","og_locale":"pt_BR","og_type":"article","og_title":"Empilhadeira Paletrans Com\u00e9rcio: A Solu\u00e7\u00e3o que Voc\u00ea Procura","og_description":"Conhe\u00e7a a Empilhadeira Paletrans Com\u00e9rcio, uma solu\u00e7\u00e3o essencial para transporte e movimenta\u00e7\u00e3o de cargas. A Nigro Equipamentos oferece compra, manuten\u00e7\u00e3o e loca\u00e7\u00e3o.","og_url":"https:\/\/nigroequipamentos.com.br\/conteudo\/empilhadeira-paletrans-comercio-a-solucao-que-voce-procura\/","og_site_name":"Nigro Equipamentos","article_publisher":"https:\/\/www.facebook.com\/nigroequipamentos","twitter_card":"summary_large_image","schema":{"@context":"https:\/\/schema.org","@graph":[{"@type":"WebPage","@id":"https:\/\/nigroequipamentos.com.br\/conteudo\/empilhadeira-paletrans-comercio-a-solucao-que-voce-procura\/","url":"https:\/\/nigroequipamentos.com.br\/conteudo\/empilhadeira-paletrans-comercio-a-solucao-que-voce-procura\/","name":"Empilhadeira Paletrans Com\u00e9rcio: Efici\u00eancia e Versatilidade na Movimenta\u00e7\u00e3o de Cargas","isPartOf":{"@id":"https:\/\/nigroequipamentos.com.br\/conteudo\/#website"},"datePublished":"2025-07-08T10:01:02+00:00","dateModified":"2025-07-08T10:01:02+00:00","description":"Conhe\u00e7a a Empilhadeira Paletrans Com\u00e9rcio, uma solu\u00e7\u00e3o essencial para transporte e movimenta\u00e7\u00e3o de cargas. A Nigro Equipamentos oferece compra, manuten\u00e7\u00e3o e loca\u00e7\u00e3o.","breadcrumb":{"@id":"https:\/\/nigroequipamentos.com.br\/conteudo\/empilhadeira-paletrans-comercio-a-solucao-que-voce-procura\/#breadcrumb"},"inLanguage":"pt-BR","potentialAction":[{"@type":"ReadAction","target":["https:\/\/nigroequipamentos.com.br\/conteudo\/empilhadeira-paletrans-comercio-a-solucao-que-voce-procura\/"]}]},{"@type":"BreadcrumbList","@id":"https:\/\/nigroequipamentos.com.br\/conteudo\/empilhadeira-paletrans-comercio-a-solucao-que-voce-procura\/#breadcrumb","itemListElement":[{"@type":"ListItem","position":1,"name":"In\u00edcio","item":"https:\/\/nigroequipamentos.com.br\/conteudo\/"},{"@type":"ListItem","position":2,"name":"Empilhadeira Paletrans Com\u00e9rcio: A Solu\u00e7\u00e3o que Voc\u00ea Procura"}]},{"@type":"WebSite","@id":"https:\/\/nigroequipamentos.com.br\/conteudo\/#website","url":"https:\/\/nigroequipamentos.com.br\/conteudo\/","name":"Nigro Equipamentos","description":"Loca\u00e7\u00e3o e Vendas","publisher":{"@id":"https:\/\/nigroequipamentos.com.br\/conteudo\/#organization"},"potentialAction":[{"@type":"SearchAction","target":{"@type":"EntryPoint","urlTemplate":"https:\/\/nigroequipamentos.com.br\/conteudo\/?s={search_term_string}"},"query-input":{"@type":"PropertyValueSpecification","valueRequired":true,"valueName":"search_term_string"}}],"inLanguage":"pt-BR"},{"@type":"Organization","@id":"https:\/\/nigroequipamentos.com.br\/conteudo\/#organization","name":"Nigro Equipamentos","url":"https:\/\/nigroequipamentos.com.br\/conteudo\/","logo":{"@type":"ImageObject","inLanguage":"pt-BR","@id":"https:\/\/nigroequipamentos.com.br\/conteudo\/#\/schema\/logo\/image\/","url":"https:\/\/nigroequipamentos.com.br\/conteudo\/wp-content\/uploads\/2024\/10\/nigroequipamentos_logo.webp","contentUrl":"https:\/\/nigroequipamentos.com.br\/conteudo\/wp-content\/uploads\/2024\/10\/nigroequipamentos_logo.webp","width":785,"height":355,"caption":"Nigro Equipamentos"},"image":{"@id":"https:\/\/nigroequipamentos.com.br\/conteudo\/#\/schema\/logo\/image\/"},"sameAs":["https:\/\/www.facebook.com\/nigroequipamentos","https:\/\/www.instagram.com\/nigroequipamentos\/"]}]}},"_links":{"self":[{"href":"https:\/\/nigroequipamentos.com.br\/conteudo\/wp-json\/wp\/v2\/pages\/43135","targetHints":{"allow":["GET"]}}],"collection":[{"href":"https:\/\/nigroequipamentos.com.br\/conteudo\/wp-json\/wp\/v2\/pages"}],"about":[{"href":"https:\/\/nigroequipamentos.com.br\/conteudo\/wp-json\/wp\/v2\/types\/page"}],"author":[{"embeddable":true,"href":"https:\/\/nigroequipamentos.com.br\/conteudo\/wp-json\/wp\/v2\/users\/3"}],"replies":[{"embeddable":true,"href":"https:\/\/nigroequipamentos.com.br\/conteudo\/wp-json\/wp\/v2\/comments?post=43135"}],"version-history":[{"count":0,"href":"https:\/\/nigroequipamentos.com.br\/conteudo\/wp-json\/wp\/v2\/pages\/43135\/revisions"}],"wp:attachment":[{"href":"https:\/\/nigroequipamentos.com.br\/conteudo\/wp-json\/wp\/v2\/media?parent=43135"}],"curies":[{"name":"wp","href":"https:\/\/api.w.org\/{rel}","templated":true}]}}