{"id":42531,"date":"2025-07-06T21:01:05","date_gmt":"2025-07-07T00:01:05","guid":{"rendered":"https:\/\/nigroequipamentos.com.br\/conteudo\/descubra-a-empilhadeira-patolada-paletrans-pt1654fast-18\/"},"modified":"2025-07-06T21:01:05","modified_gmt":"2025-07-07T00:01:05","slug":"descubra-a-empilhadeira-patolada-paletrans-pt1654fast-18","status":"publish","type":"page","link":"https:\/\/nigroequipamentos.com.br\/conteudo\/descubra-a-empilhadeira-patolada-paletrans-pt1654fast-18\/","title":{"rendered":"Descubra a Empilhadeira Patolada Paletrans PT1654Fast"},"content":{"rendered":"<p>A Empilhadeira Patolada Paletrans PT1654Fast \u00e9 um equipamento robusto e eficiente, ideal para o transporte e manuseio de cargas em terrenos irregulares. Com seu design inovador, a Patolada PT1654Fast oferece alta performance e agilidade nas opera\u00e7\u00f5es, sendo uma escolha excelente para empresas que buscam efici\u00eancia e produtividade. Sua capacidade de carga e facilidade de manobrabilidade garantem que voc\u00ea possa operar em espa\u00e7os reduzidos sem comprometer a seguran\u00e7a. A Nigro Equipamentos \u00e9 sua melhor op\u00e7\u00e3o para compra, manuten\u00e7\u00e3o ou loca\u00e7\u00e3o da Empilhadeira Patolada Paletrans PT1654Fast, oferecendo suporte t\u00e9cnico e um atendimento especializado que garante a sua satisfa\u00e7\u00e3o e a continuidade dos seus neg\u00f3cios.<\/p>\n","protected":false},"excerpt":{"rendered":"<p>A Empilhadeira Patolada Paletrans PT1654Fast \u00e9 um equipamento robusto e eficiente, ideal para o transporte e manuseio de cargas em terrenos irregulares. Com seu design inovador, a Patolada PT1654Fast oferece alta performance e agilidade nas opera\u00e7\u00f5es, sendo uma escolha excelente para empresas que buscam efici\u00eancia e produtividade. Sua capacidade de carga e facilidade de manobrabilidade&hellip;&nbsp;<a href=\"https:\/\/nigroequipamentos.com.br\/conteudo\/descubra-a-empilhadeira-patolada-paletrans-pt1654fast-18\/\" class=\"\" rel=\"bookmark\">Continue a ler &raquo;<span class=\"screen-reader-text\">Descubra a Empilhadeira Patolada Paletrans PT1654Fast<\/span><\/a><\/p>\n","protected":false},"author":3,"featured_media":0,"parent":0,"menu_order":0,"comment_status":"closed","ping_status":"closed","template":"","meta":{"_acf_changed":false,"_yoast_wpseo_focuskw":"Empilhadeira Patolada Paletrans PT1654Fast","_yoast_wpseo_title":"Empilhadeira Patolada Paletrans PT1654Fast: Compra, Manuten\u00e7\u00e3o e Loca\u00e7\u00e3o com a Nigro Equipamentos","_yoast_wpseo_metadesc":"Descubra a efici\u00eancia da Empilhadeira Patolada Paletrans PT1654Fast e como a Nigro Equipamentos pode ajudar na sua compra, loca\u00e7\u00e3o e manuten\u00e7\u00e3o.","neve_meta_sidebar":"","neve_meta_container":"","neve_meta_enable_content_width":"","neve_meta_content_width":0,"neve_meta_title_alignment":"","neve_meta_author_avatar":"","neve_post_elements_order":"","neve_meta_disable_header":"","neve_meta_disable_footer":"","neve_meta_disable_title":"","footnotes":""},"class_list":["post-42531","page","type-page","status-publish","hentry"],"acf":{"bloco1title":"Suporte T\u00e9cnico Especializado","bloco1text":"Na Nigro, oferecemos suporte t\u00e9cnico especializado na manuten\u00e7\u00e3o da Empilhadeira Patolada Paletrans PT1654Fast, garantindo seu pleno funcionamento.","bloco2title":"Loca\u00e7\u00e3o Flex\u00edvel","bloco2text":"Loca\u00e7\u00e3o da Empilhadeira Patolada Paletrans PT1654Fast com op\u00e7\u00f5es flex\u00edveis, permitindo que voc\u00ea escolha o per\u00edodo ideal para suas necessidades.","bloco3title":"M\u00e1quina Vers\u00e1til","bloco3text":"A Empilhadeira Patolada Paletrans PT1654Fast destaca-se por sua versatilidade em v\u00e1rias aplica\u00e7\u00f5es, gra\u00e7as ao seu design adapt\u00e1vel e pot\u00eancia surpreendente.","posttitle":"Tudo sobre a Empilhadeira Patolada Paletrans PT1654Fast","postcontent":"<strong>A Empilhadeira Patolada Paletrans PT1654Fast<\/strong> \u00e9 um dos destaques no mercado de movimenta\u00e7\u00e3o de cargas. Com um motor potente, esse equipamento \u00e9 ideal para terrenos acidentados, proporcionando facilidade no transporte de cargas pesadas. Sua estrutura robusta e sistema de tra\u00e7\u00e3o eficaz garantem que a Empilhadeira Patolada Paletrans PT1654Fast seja capaz de operar com seguran\u00e7a, mesmo nas condi\u00e7\u00f5es mais severas. Outro diferencial \u00e9 sua capacidade de carga, que \u00e9 uma das mais competitivas da categoria, permitindo o manuseio de diversos tipos de materiais. A Nigro Equipamentos se destaca por oferecer a melhor op\u00e7\u00e3o em termos de <strong>compra<\/strong>, <strong>manuten\u00e7\u00e3o<\/strong> e <strong>loca\u00e7\u00e3o<\/strong> da Empilhadeira Patolada Paletrans PT1654Fast. Com profissionais experientes e uma estrutura pronta para atender as demandas de nossos clientes, garantimos que sua experi\u00eancia com a Empilhadeira Patolada Paletrans PT1654Fast ser\u00e1 excepcional. Escolher a Nigro \u00e9 escolher qualidade e confiabilidade.","insightwidtitle":"Curiosidades sobre a Empilhadeira PT1654Fast","insightwidcontent":"A Empilhadeira Patolada Paletrans PT1654Fast foi projetada levando em conta n\u00e3o apenas a efici\u00eancia, mas tamb\u00e9m a seguran\u00e7a do operador. Seu sistema de controle intuitivo e excelente visibilidade faz dela uma das op\u00e7\u00f5es mais seguras do mercado. Al\u00e9m disso, a PT1654Fast tem um excelente consumo de combust\u00edvel, tornando-a uma op\u00e7\u00e3o econ\u00f4mica para empresas. Vale destacar que a Nigro Equipamentos \u00e9 reconhecida pela sua expertise em oferecer solu\u00e7\u00f5es customizadas para o uso das empilhadeiras, garantindo que cada cliente tenha a m\u00e1quina ideal para suas necessidades."},"yoast_head":"<!-- This site is optimized with the Yoast SEO Premium plugin v18.3 (Yoast SEO v23.4) - https:\/\/yoast.com\/wordpress\/plugins\/seo\/ -->\n<title>Empilhadeira Patolada Paletrans PT1654Fast: Compra, Manuten\u00e7\u00e3o e Loca\u00e7\u00e3o com a Nigro Equipamentos<\/title>\n<meta name=\"description\" content=\"Descubra a efici\u00eancia da Empilhadeira Patolada Paletrans PT1654Fast e como a Nigro Equipamentos pode ajudar na sua compra, loca\u00e7\u00e3o e manuten\u00e7\u00e3o.\" \/>\n<meta name=\"robots\" content=\"index, follow, max-snippet:-1, max-image-preview:large, max-video-preview:-1\" \/>\n<link rel=\"canonical\" href=\"https:\/\/nigroequipamentos.com.br\/conteudo\/descubra-a-empilhadeira-patolada-paletrans-pt1654fast-18\/\" \/>\n<meta property=\"og:locale\" content=\"pt_BR\" \/>\n<meta property=\"og:type\" content=\"article\" \/>\n<meta property=\"og:title\" content=\"Descubra a Empilhadeira Patolada Paletrans PT1654Fast\" \/>\n<meta property=\"og:description\" content=\"Descubra a efici\u00eancia da Empilhadeira Patolada Paletrans PT1654Fast e como a Nigro Equipamentos pode ajudar na sua compra, loca\u00e7\u00e3o e manuten\u00e7\u00e3o.\" \/>\n<meta property=\"og:url\" content=\"https:\/\/nigroequipamentos.com.br\/conteudo\/descubra-a-empilhadeira-patolada-paletrans-pt1654fast-18\/\" \/>\n<meta property=\"og:site_name\" content=\"Nigro Equipamentos\" \/>\n<meta property=\"article:publisher\" content=\"https:\/\/www.facebook.com\/nigroequipamentos\" \/>\n<meta name=\"twitter:card\" content=\"summary_large_image\" \/>\n<meta name=\"twitter:label1\" content=\"Est. tempo de leitura\" \/>\n\t<meta name=\"twitter:data1\" content=\"1 minuto\" \/>\n<script type=\"application\/ld+json\" class=\"yoast-schema-graph\">{\"@context\":\"https:\/\/schema.org\",\"@graph\":[{\"@type\":\"WebPage\",\"@id\":\"https:\/\/nigroequipamentos.com.br\/conteudo\/descubra-a-empilhadeira-patolada-paletrans-pt1654fast-18\/\",\"url\":\"https:\/\/nigroequipamentos.com.br\/conteudo\/descubra-a-empilhadeira-patolada-paletrans-pt1654fast-18\/\",\"name\":\"Empilhadeira Patolada Paletrans PT1654Fast: Compra, Manuten\u00e7\u00e3o e Loca\u00e7\u00e3o com a Nigro Equipamentos\",\"isPartOf\":{\"@id\":\"https:\/\/nigroequipamentos.com.br\/conteudo\/#website\"},\"datePublished\":\"2025-07-07T00:01:05+00:00\",\"dateModified\":\"2025-07-07T00:01:05+00:00\",\"description\":\"Descubra a efici\u00eancia da Empilhadeira Patolada Paletrans PT1654Fast e como a Nigro Equipamentos pode ajudar na sua compra, loca\u00e7\u00e3o e manuten\u00e7\u00e3o.\",\"breadcrumb\":{\"@id\":\"https:\/\/nigroequipamentos.com.br\/conteudo\/descubra-a-empilhadeira-patolada-paletrans-pt1654fast-18\/#breadcrumb\"},\"inLanguage\":\"pt-BR\",\"potentialAction\":[{\"@type\":\"ReadAction\",\"target\":[\"https:\/\/nigroequipamentos.com.br\/conteudo\/descubra-a-empilhadeira-patolada-paletrans-pt1654fast-18\/\"]}]},{\"@type\":\"BreadcrumbList\",\"@id\":\"https:\/\/nigroequipamentos.com.br\/conteudo\/descubra-a-empilhadeira-patolada-paletrans-pt1654fast-18\/#breadcrumb\",\"itemListElement\":[{\"@type\":\"ListItem\",\"position\":1,\"name\":\"In\u00edcio\",\"item\":\"https:\/\/nigroequipamentos.com.br\/conteudo\/\"},{\"@type\":\"ListItem\",\"position\":2,\"name\":\"Descubra a Empilhadeira Patolada Paletrans PT1654Fast\"}]},{\"@type\":\"WebSite\",\"@id\":\"https:\/\/nigroequipamentos.com.br\/conteudo\/#website\",\"url\":\"https:\/\/nigroequipamentos.com.br\/conteudo\/\",\"name\":\"Nigro Equipamentos\",\"description\":\"Loca\u00e7\u00e3o e Vendas\",\"publisher\":{\"@id\":\"https:\/\/nigroequipamentos.com.br\/conteudo\/#organization\"},\"potentialAction\":[{\"@type\":\"SearchAction\",\"target\":{\"@type\":\"EntryPoint\",\"urlTemplate\":\"https:\/\/nigroequipamentos.com.br\/conteudo\/?s={search_term_string}\"},\"query-input\":{\"@type\":\"PropertyValueSpecification\",\"valueRequired\":true,\"valueName\":\"search_term_string\"}}],\"inLanguage\":\"pt-BR\"},{\"@type\":\"Organization\",\"@id\":\"https:\/\/nigroequipamentos.com.br\/conteudo\/#organization\",\"name\":\"Nigro Equipamentos\",\"url\":\"https:\/\/nigroequipamentos.com.br\/conteudo\/\",\"logo\":{\"@type\":\"ImageObject\",\"inLanguage\":\"pt-BR\",\"@id\":\"https:\/\/nigroequipamentos.com.br\/conteudo\/#\/schema\/logo\/image\/\",\"url\":\"https:\/\/nigroequipamentos.com.br\/conteudo\/wp-content\/uploads\/2024\/10\/nigroequipamentos_logo.webp\",\"contentUrl\":\"https:\/\/nigroequipamentos.com.br\/conteudo\/wp-content\/uploads\/2024\/10\/nigroequipamentos_logo.webp\",\"width\":785,\"height\":355,\"caption\":\"Nigro Equipamentos\"},\"image\":{\"@id\":\"https:\/\/nigroequipamentos.com.br\/conteudo\/#\/schema\/logo\/image\/\"},\"sameAs\":[\"https:\/\/www.facebook.com\/nigroequipamentos\",\"https:\/\/www.instagram.com\/nigroequipamentos\/\"]}]}<\/script>\n<!-- \/ Yoast SEO Premium plugin. -->","yoast_head_json":{"title":"Empilhadeira Patolada Paletrans PT1654Fast: Compra, Manuten\u00e7\u00e3o e Loca\u00e7\u00e3o com a Nigro Equipamentos","description":"Descubra a efici\u00eancia da Empilhadeira Patolada Paletrans PT1654Fast e como a Nigro Equipamentos pode ajudar na sua compra, loca\u00e7\u00e3o e manuten\u00e7\u00e3o.","robots":{"index":"index","follow":"follow","max-snippet":"max-snippet:-1","max-image-preview":"max-image-preview:large","max-video-preview":"max-video-preview:-1"},"canonical":"https:\/\/nigroequipamentos.com.br\/conteudo\/descubra-a-empilhadeira-patolada-paletrans-pt1654fast-18\/","og_locale":"pt_BR","og_type":"article","og_title":"Descubra a Empilhadeira Patolada Paletrans PT1654Fast","og_description":"Descubra a efici\u00eancia da Empilhadeira Patolada Paletrans PT1654Fast e como a Nigro Equipamentos pode ajudar na sua compra, loca\u00e7\u00e3o e manuten\u00e7\u00e3o.","og_url":"https:\/\/nigroequipamentos.com.br\/conteudo\/descubra-a-empilhadeira-patolada-paletrans-pt1654fast-18\/","og_site_name":"Nigro Equipamentos","article_publisher":"https:\/\/www.facebook.com\/nigroequipamentos","twitter_card":"summary_large_image","twitter_misc":{"Est. tempo de leitura":"1 minuto"},"schema":{"@context":"https:\/\/schema.org","@graph":[{"@type":"WebPage","@id":"https:\/\/nigroequipamentos.com.br\/conteudo\/descubra-a-empilhadeira-patolada-paletrans-pt1654fast-18\/","url":"https:\/\/nigroequipamentos.com.br\/conteudo\/descubra-a-empilhadeira-patolada-paletrans-pt1654fast-18\/","name":"Empilhadeira Patolada Paletrans PT1654Fast: Compra, Manuten\u00e7\u00e3o e Loca\u00e7\u00e3o com a Nigro Equipamentos","isPartOf":{"@id":"https:\/\/nigroequipamentos.com.br\/conteudo\/#website"},"datePublished":"2025-07-07T00:01:05+00:00","dateModified":"2025-07-07T00:01:05+00:00","description":"Descubra a efici\u00eancia da Empilhadeira Patolada Paletrans PT1654Fast e como a Nigro Equipamentos pode ajudar na sua compra, loca\u00e7\u00e3o e manuten\u00e7\u00e3o.","breadcrumb":{"@id":"https:\/\/nigroequipamentos.com.br\/conteudo\/descubra-a-empilhadeira-patolada-paletrans-pt1654fast-18\/#breadcrumb"},"inLanguage":"pt-BR","potentialAction":[{"@type":"ReadAction","target":["https:\/\/nigroequipamentos.com.br\/conteudo\/descubra-a-empilhadeira-patolada-paletrans-pt1654fast-18\/"]}]},{"@type":"BreadcrumbList","@id":"https:\/\/nigroequipamentos.com.br\/conteudo\/descubra-a-empilhadeira-patolada-paletrans-pt1654fast-18\/#breadcrumb","itemListElement":[{"@type":"ListItem","position":1,"name":"In\u00edcio","item":"https:\/\/nigroequipamentos.com.br\/conteudo\/"},{"@type":"ListItem","position":2,"name":"Descubra a Empilhadeira Patolada Paletrans PT1654Fast"}]},{"@type":"WebSite","@id":"https:\/\/nigroequipamentos.com.br\/conteudo\/#website","url":"https:\/\/nigroequipamentos.com.br\/conteudo\/","name":"Nigro Equipamentos","description":"Loca\u00e7\u00e3o e Vendas","publisher":{"@id":"https:\/\/nigroequipamentos.com.br\/conteudo\/#organization"},"potentialAction":[{"@type":"SearchAction","target":{"@type":"EntryPoint","urlTemplate":"https:\/\/nigroequipamentos.com.br\/conteudo\/?s={search_term_string}"},"query-input":{"@type":"PropertyValueSpecification","valueRequired":true,"valueName":"search_term_string"}}],"inLanguage":"pt-BR"},{"@type":"Organization","@id":"https:\/\/nigroequipamentos.com.br\/conteudo\/#organization","name":"Nigro Equipamentos","url":"https:\/\/nigroequipamentos.com.br\/conteudo\/","logo":{"@type":"ImageObject","inLanguage":"pt-BR","@id":"https:\/\/nigroequipamentos.com.br\/conteudo\/#\/schema\/logo\/image\/","url":"https:\/\/nigroequipamentos.com.br\/conteudo\/wp-content\/uploads\/2024\/10\/nigroequipamentos_logo.webp","contentUrl":"https:\/\/nigroequipamentos.com.br\/conteudo\/wp-content\/uploads\/2024\/10\/nigroequipamentos_logo.webp","width":785,"height":355,"caption":"Nigro Equipamentos"},"image":{"@id":"https:\/\/nigroequipamentos.com.br\/conteudo\/#\/schema\/logo\/image\/"},"sameAs":["https:\/\/www.facebook.com\/nigroequipamentos","https:\/\/www.instagram.com\/nigroequipamentos\/"]}]}},"_links":{"self":[{"href":"https:\/\/nigroequipamentos.com.br\/conteudo\/wp-json\/wp\/v2\/pages\/42531","targetHints":{"allow":["GET"]}}],"collection":[{"href":"https:\/\/nigroequipamentos.com.br\/conteudo\/wp-json\/wp\/v2\/pages"}],"about":[{"href":"https:\/\/nigroequipamentos.com.br\/conteudo\/wp-json\/wp\/v2\/types\/page"}],"author":[{"embeddable":true,"href":"https:\/\/nigroequipamentos.com.br\/conteudo\/wp-json\/wp\/v2\/users\/3"}],"replies":[{"embeddable":true,"href":"https:\/\/nigroequipamentos.com.br\/conteudo\/wp-json\/wp\/v2\/comments?post=42531"}],"version-history":[{"count":0,"href":"https:\/\/nigroequipamentos.com.br\/conteudo\/wp-json\/wp\/v2\/pages\/42531\/revisions"}],"wp:attachment":[{"href":"https:\/\/nigroequipamentos.com.br\/conteudo\/wp-json\/wp\/v2\/media?parent=42531"}],"curies":[{"name":"wp","href":"https:\/\/api.w.org\/{rel}","templated":true}]}}