{"id":40313,"date":"2025-07-01T17:46:02","date_gmt":"2025-07-01T20:46:02","guid":{"rendered":"https:\/\/nigroequipamentos.com.br\/conteudo\/empilhadeira-paletrans-entre-em-contato-com-a-nigro-equipamentos-5\/"},"modified":"2025-07-01T17:46:02","modified_gmt":"2025-07-01T20:46:02","slug":"empilhadeira-paletrans-entre-em-contato-com-a-nigro-equipamentos-5","status":"publish","type":"page","link":"https:\/\/nigroequipamentos.com.br\/conteudo\/empilhadeira-paletrans-entre-em-contato-com-a-nigro-equipamentos-5\/","title":{"rendered":"Empilhadeira Paletrans: Entre em Contato com a Nigro Equipamentos"},"content":{"rendered":"<p>Se voc\u00ea est\u00e1 buscando uma empilhadeira Paletrans de qualidade, a Nigro Equipamentos \u00e9 a sua melhor op\u00e7\u00e3o. Oferecemos n\u00e3o apenas a compra, mas tamb\u00e9m a manuten\u00e7\u00e3o e loca\u00e7\u00e3o dessas m\u00e1quinas, garantindo sua plena satisfa\u00e7\u00e3o. Nossa equipe especializada est\u00e1 pronta para atend\u00ea-lo da melhor forma. Entre em contato conosco e descubra tudo que a empilhadeira Paletrans pode fazer por seu neg\u00f3cio! Com uma vasta experi\u00eancia no mercado, somos a refer\u00eancia quando se fala em empilhadeiras Paletrans. Aproveite nossos servi\u00e7os e sinta a diferen\u00e7a.<\/p>\n","protected":false},"excerpt":{"rendered":"<p>Se voc\u00ea est\u00e1 buscando uma empilhadeira Paletrans de qualidade, a Nigro Equipamentos \u00e9 a sua melhor op\u00e7\u00e3o. Oferecemos n\u00e3o apenas a compra, mas tamb\u00e9m a manuten\u00e7\u00e3o e loca\u00e7\u00e3o dessas m\u00e1quinas, garantindo sua plena satisfa\u00e7\u00e3o. Nossa equipe especializada est\u00e1 pronta para atend\u00ea-lo da melhor forma. Entre em contato conosco e descubra tudo que a empilhadeira Paletrans&hellip;&nbsp;<a href=\"https:\/\/nigroequipamentos.com.br\/conteudo\/empilhadeira-paletrans-entre-em-contato-com-a-nigro-equipamentos-5\/\" class=\"\" rel=\"bookmark\">Continue a ler &raquo;<span class=\"screen-reader-text\">Empilhadeira Paletrans: Entre em Contato com a Nigro Equipamentos<\/span><\/a><\/p>\n","protected":false},"author":3,"featured_media":0,"parent":0,"menu_order":0,"comment_status":"closed","ping_status":"closed","template":"","meta":{"_acf_changed":false,"_yoast_wpseo_focuskw":"Empilhadeira Paletrans contato","_yoast_wpseo_title":"Nigro Equipamentos: Empilhadeira Paletrans e Contato","_yoast_wpseo_metadesc":"Entre em contato com a Nigro Equipamentos e descubra as solu\u00e7\u00f5es com empilhadeiras Paletrans para sua empresa.","neve_meta_sidebar":"","neve_meta_container":"","neve_meta_enable_content_width":"","neve_meta_content_width":0,"neve_meta_title_alignment":"","neve_meta_author_avatar":"","neve_post_elements_order":"","neve_meta_disable_header":"","neve_meta_disable_footer":"","neve_meta_disable_title":"","footnotes":""},"class_list":["post-40313","page","type-page","status-publish","hentry"],"acf":{"bloco1title":"Experi\u00eancia na \u00e1rea","bloco1text":"Com anos de experi\u00eancia, a Nigro Equipamentos \u00e9 l\u00edder em solu\u00e7\u00f5es com empilhadeiras Paletrans, oferecendo suporte total para nossos clientes.","bloco2title":"Servi\u00e7o Completo","bloco2text":"Compras, manuten\u00e7\u00f5es e loca\u00e7\u00f5es de empilhadeiras Paletrans com agilidade e excel\u00eancia.","bloco3title":"Performance Otimizada","bloco3text":"A empilhadeira Paletrans otimiza a movimenta\u00e7\u00e3o de cargas, aumentando a efici\u00eancia log\u00edstica e reduzindo esfor\u00e7os, ideal para ind\u00fastrias de todos os segmentos.","posttitle":"A Import\u00e2ncia da Empilhadeira Paletrans no Seu Neg\u00f3cio","postcontent":"<strong>Empilhadeira Paletrans: a escolha certa!<\/strong> A empilhadeira Paletrans \u00e9 uma ferramenta essencial para empresas que necessitam de movimenta\u00e7\u00e3o eficiente de cargas. Com um design robusto e tecnologia avan\u00e7ada, essas empilhadeiras oferecem alta capacidade de carga e precis\u00e3o nas manobras. Se voc\u00ea deseja otimizar sua opera\u00e7\u00e3o, a Nigro Equipamentos oferece as melhores op\u00e7\u00f5es do mercado. Nossa equipe de especialistas est\u00e1 dispon\u00edvel para fornecer toda a informa\u00e7\u00e3o necess\u00e1ria sobre a empilhadeira Paletrans, incluindo indica\u00e7\u00f5es para compra, loca\u00e7\u00e3o e manuten\u00e7\u00e3o. Entrar em contato com a Nigro Equipamentos \u00e9 garantir que voc\u00ea tenha o suporte necess\u00e1rio e produtos de excelente qualidade. N\u00e3o perca a oportunidade de potencializar sua log\u00edstica com a empilhadeira Paletrans. Fale conosco hoje mesmo e descubra como podemos ajudar seu neg\u00f3cio a crescer!","insightwidtitle":"Curiosidades sobre Empilhadeiras","insightwidcontent":"Voc\u00ea sabia que a empilhadeira Paletrans \u00e9 conhecida por sua efici\u00eancia em espa\u00e7os reduzidos? Com um raio de giro menor, ela \u00e9 ideal para armaz\u00e9ns e centros de distribui\u00e7\u00e3o onde o espa\u00e7o \u00e9 um desafio. Al\u00e9m disso, as empilhadeiras Paletrans s\u00e3o projetadas com tecnologia que reduz o consumo de combust\u00edvel, contribuindo para opera\u00e7\u00f5es mais sustent\u00e1veis e econ\u00f4micas. Essas caracter\u00edsticas fazem dela uma escolha preferida entre os operadores de log\u00edstica."},"yoast_head":"<!-- This site is optimized with the Yoast SEO Premium plugin v18.3 (Yoast SEO v23.4) - https:\/\/yoast.com\/wordpress\/plugins\/seo\/ -->\n<title>Nigro Equipamentos: Empilhadeira Paletrans e Contato<\/title>\n<meta name=\"description\" content=\"Entre em contato com a Nigro Equipamentos e descubra as solu\u00e7\u00f5es com empilhadeiras Paletrans para sua empresa.\" \/>\n<meta name=\"robots\" content=\"index, follow, max-snippet:-1, max-image-preview:large, max-video-preview:-1\" \/>\n<link rel=\"canonical\" href=\"https:\/\/nigroequipamentos.com.br\/conteudo\/empilhadeira-paletrans-entre-em-contato-com-a-nigro-equipamentos-5\/\" \/>\n<meta property=\"og:locale\" content=\"pt_BR\" \/>\n<meta property=\"og:type\" content=\"article\" \/>\n<meta property=\"og:title\" content=\"Empilhadeira Paletrans: Entre em Contato com a Nigro Equipamentos\" \/>\n<meta property=\"og:description\" content=\"Entre em contato com a Nigro Equipamentos e descubra as solu\u00e7\u00f5es com empilhadeiras Paletrans para sua empresa.\" \/>\n<meta property=\"og:url\" content=\"https:\/\/nigroequipamentos.com.br\/conteudo\/empilhadeira-paletrans-entre-em-contato-com-a-nigro-equipamentos-5\/\" \/>\n<meta property=\"og:site_name\" content=\"Nigro Equipamentos\" \/>\n<meta property=\"article:publisher\" content=\"https:\/\/www.facebook.com\/nigroequipamentos\" \/>\n<meta name=\"twitter:card\" content=\"summary_large_image\" \/>\n<script type=\"application\/ld+json\" class=\"yoast-schema-graph\">{\"@context\":\"https:\/\/schema.org\",\"@graph\":[{\"@type\":\"WebPage\",\"@id\":\"https:\/\/nigroequipamentos.com.br\/conteudo\/empilhadeira-paletrans-entre-em-contato-com-a-nigro-equipamentos-5\/\",\"url\":\"https:\/\/nigroequipamentos.com.br\/conteudo\/empilhadeira-paletrans-entre-em-contato-com-a-nigro-equipamentos-5\/\",\"name\":\"Nigro Equipamentos: Empilhadeira Paletrans e Contato\",\"isPartOf\":{\"@id\":\"https:\/\/nigroequipamentos.com.br\/conteudo\/#website\"},\"datePublished\":\"2025-07-01T20:46:02+00:00\",\"dateModified\":\"2025-07-01T20:46:02+00:00\",\"description\":\"Entre em contato com a Nigro Equipamentos e descubra as solu\u00e7\u00f5es com empilhadeiras Paletrans para sua empresa.\",\"breadcrumb\":{\"@id\":\"https:\/\/nigroequipamentos.com.br\/conteudo\/empilhadeira-paletrans-entre-em-contato-com-a-nigro-equipamentos-5\/#breadcrumb\"},\"inLanguage\":\"pt-BR\",\"potentialAction\":[{\"@type\":\"ReadAction\",\"target\":[\"https:\/\/nigroequipamentos.com.br\/conteudo\/empilhadeira-paletrans-entre-em-contato-com-a-nigro-equipamentos-5\/\"]}]},{\"@type\":\"BreadcrumbList\",\"@id\":\"https:\/\/nigroequipamentos.com.br\/conteudo\/empilhadeira-paletrans-entre-em-contato-com-a-nigro-equipamentos-5\/#breadcrumb\",\"itemListElement\":[{\"@type\":\"ListItem\",\"position\":1,\"name\":\"In\u00edcio\",\"item\":\"https:\/\/nigroequipamentos.com.br\/conteudo\/\"},{\"@type\":\"ListItem\",\"position\":2,\"name\":\"Empilhadeira Paletrans: Entre em Contato com a Nigro Equipamentos\"}]},{\"@type\":\"WebSite\",\"@id\":\"https:\/\/nigroequipamentos.com.br\/conteudo\/#website\",\"url\":\"https:\/\/nigroequipamentos.com.br\/conteudo\/\",\"name\":\"Nigro Equipamentos\",\"description\":\"Loca\u00e7\u00e3o e Vendas\",\"publisher\":{\"@id\":\"https:\/\/nigroequipamentos.com.br\/conteudo\/#organization\"},\"potentialAction\":[{\"@type\":\"SearchAction\",\"target\":{\"@type\":\"EntryPoint\",\"urlTemplate\":\"https:\/\/nigroequipamentos.com.br\/conteudo\/?s={search_term_string}\"},\"query-input\":{\"@type\":\"PropertyValueSpecification\",\"valueRequired\":true,\"valueName\":\"search_term_string\"}}],\"inLanguage\":\"pt-BR\"},{\"@type\":\"Organization\",\"@id\":\"https:\/\/nigroequipamentos.com.br\/conteudo\/#organization\",\"name\":\"Nigro Equipamentos\",\"url\":\"https:\/\/nigroequipamentos.com.br\/conteudo\/\",\"logo\":{\"@type\":\"ImageObject\",\"inLanguage\":\"pt-BR\",\"@id\":\"https:\/\/nigroequipamentos.com.br\/conteudo\/#\/schema\/logo\/image\/\",\"url\":\"https:\/\/nigroequipamentos.com.br\/conteudo\/wp-content\/uploads\/2024\/10\/nigroequipamentos_logo.webp\",\"contentUrl\":\"https:\/\/nigroequipamentos.com.br\/conteudo\/wp-content\/uploads\/2024\/10\/nigroequipamentos_logo.webp\",\"width\":785,\"height\":355,\"caption\":\"Nigro Equipamentos\"},\"image\":{\"@id\":\"https:\/\/nigroequipamentos.com.br\/conteudo\/#\/schema\/logo\/image\/\"},\"sameAs\":[\"https:\/\/www.facebook.com\/nigroequipamentos\",\"https:\/\/www.instagram.com\/nigroequipamentos\/\"]}]}<\/script>\n<!-- \/ Yoast SEO Premium plugin. -->","yoast_head_json":{"title":"Nigro Equipamentos: Empilhadeira Paletrans e Contato","description":"Entre em contato com a Nigro Equipamentos e descubra as solu\u00e7\u00f5es com empilhadeiras Paletrans para sua empresa.","robots":{"index":"index","follow":"follow","max-snippet":"max-snippet:-1","max-image-preview":"max-image-preview:large","max-video-preview":"max-video-preview:-1"},"canonical":"https:\/\/nigroequipamentos.com.br\/conteudo\/empilhadeira-paletrans-entre-em-contato-com-a-nigro-equipamentos-5\/","og_locale":"pt_BR","og_type":"article","og_title":"Empilhadeira Paletrans: Entre em Contato com a Nigro Equipamentos","og_description":"Entre em contato com a Nigro Equipamentos e descubra as solu\u00e7\u00f5es com empilhadeiras Paletrans para sua empresa.","og_url":"https:\/\/nigroequipamentos.com.br\/conteudo\/empilhadeira-paletrans-entre-em-contato-com-a-nigro-equipamentos-5\/","og_site_name":"Nigro Equipamentos","article_publisher":"https:\/\/www.facebook.com\/nigroequipamentos","twitter_card":"summary_large_image","schema":{"@context":"https:\/\/schema.org","@graph":[{"@type":"WebPage","@id":"https:\/\/nigroequipamentos.com.br\/conteudo\/empilhadeira-paletrans-entre-em-contato-com-a-nigro-equipamentos-5\/","url":"https:\/\/nigroequipamentos.com.br\/conteudo\/empilhadeira-paletrans-entre-em-contato-com-a-nigro-equipamentos-5\/","name":"Nigro Equipamentos: Empilhadeira Paletrans e Contato","isPartOf":{"@id":"https:\/\/nigroequipamentos.com.br\/conteudo\/#website"},"datePublished":"2025-07-01T20:46:02+00:00","dateModified":"2025-07-01T20:46:02+00:00","description":"Entre em contato com a Nigro Equipamentos e descubra as solu\u00e7\u00f5es com empilhadeiras Paletrans para sua empresa.","breadcrumb":{"@id":"https:\/\/nigroequipamentos.com.br\/conteudo\/empilhadeira-paletrans-entre-em-contato-com-a-nigro-equipamentos-5\/#breadcrumb"},"inLanguage":"pt-BR","potentialAction":[{"@type":"ReadAction","target":["https:\/\/nigroequipamentos.com.br\/conteudo\/empilhadeira-paletrans-entre-em-contato-com-a-nigro-equipamentos-5\/"]}]},{"@type":"BreadcrumbList","@id":"https:\/\/nigroequipamentos.com.br\/conteudo\/empilhadeira-paletrans-entre-em-contato-com-a-nigro-equipamentos-5\/#breadcrumb","itemListElement":[{"@type":"ListItem","position":1,"name":"In\u00edcio","item":"https:\/\/nigroequipamentos.com.br\/conteudo\/"},{"@type":"ListItem","position":2,"name":"Empilhadeira Paletrans: Entre em Contato com a Nigro Equipamentos"}]},{"@type":"WebSite","@id":"https:\/\/nigroequipamentos.com.br\/conteudo\/#website","url":"https:\/\/nigroequipamentos.com.br\/conteudo\/","name":"Nigro Equipamentos","description":"Loca\u00e7\u00e3o e Vendas","publisher":{"@id":"https:\/\/nigroequipamentos.com.br\/conteudo\/#organization"},"potentialAction":[{"@type":"SearchAction","target":{"@type":"EntryPoint","urlTemplate":"https:\/\/nigroequipamentos.com.br\/conteudo\/?s={search_term_string}"},"query-input":{"@type":"PropertyValueSpecification","valueRequired":true,"valueName":"search_term_string"}}],"inLanguage":"pt-BR"},{"@type":"Organization","@id":"https:\/\/nigroequipamentos.com.br\/conteudo\/#organization","name":"Nigro Equipamentos","url":"https:\/\/nigroequipamentos.com.br\/conteudo\/","logo":{"@type":"ImageObject","inLanguage":"pt-BR","@id":"https:\/\/nigroequipamentos.com.br\/conteudo\/#\/schema\/logo\/image\/","url":"https:\/\/nigroequipamentos.com.br\/conteudo\/wp-content\/uploads\/2024\/10\/nigroequipamentos_logo.webp","contentUrl":"https:\/\/nigroequipamentos.com.br\/conteudo\/wp-content\/uploads\/2024\/10\/nigroequipamentos_logo.webp","width":785,"height":355,"caption":"Nigro Equipamentos"},"image":{"@id":"https:\/\/nigroequipamentos.com.br\/conteudo\/#\/schema\/logo\/image\/"},"sameAs":["https:\/\/www.facebook.com\/nigroequipamentos","https:\/\/www.instagram.com\/nigroequipamentos\/"]}]}},"_links":{"self":[{"href":"https:\/\/nigroequipamentos.com.br\/conteudo\/wp-json\/wp\/v2\/pages\/40313","targetHints":{"allow":["GET"]}}],"collection":[{"href":"https:\/\/nigroequipamentos.com.br\/conteudo\/wp-json\/wp\/v2\/pages"}],"about":[{"href":"https:\/\/nigroequipamentos.com.br\/conteudo\/wp-json\/wp\/v2\/types\/page"}],"author":[{"embeddable":true,"href":"https:\/\/nigroequipamentos.com.br\/conteudo\/wp-json\/wp\/v2\/users\/3"}],"replies":[{"embeddable":true,"href":"https:\/\/nigroequipamentos.com.br\/conteudo\/wp-json\/wp\/v2\/comments?post=40313"}],"version-history":[{"count":0,"href":"https:\/\/nigroequipamentos.com.br\/conteudo\/wp-json\/wp\/v2\/pages\/40313\/revisions"}],"wp:attachment":[{"href":"https:\/\/nigroequipamentos.com.br\/conteudo\/wp-json\/wp\/v2\/media?parent=40313"}],"curies":[{"name":"wp","href":"https:\/\/api.w.org\/{rel}","templated":true}]}}