{"id":38412,"date":"2025-06-27T04:01:00","date_gmt":"2025-06-27T07:01:00","guid":{"rendered":"https:\/\/nigroequipamentos.com.br\/conteudo\/empilhadeira-paletrans-garantia-qualidade-e-confianca-com-a-nigro-equipamentos-3\/"},"modified":"2025-06-27T04:01:00","modified_gmt":"2025-06-27T07:01:00","slug":"empilhadeira-paletrans-garantia-qualidade-e-confianca-com-a-nigro-equipamentos-3","status":"publish","type":"page","link":"https:\/\/nigroequipamentos.com.br\/conteudo\/empilhadeira-paletrans-garantia-qualidade-e-confianca-com-a-nigro-equipamentos-3\/","title":{"rendered":"Empilhadeira Paletrans Garantia: Qualidade e Confian\u00e7a com a Nigro Equipamentos"},"content":{"rendered":"<p>A Nigro Equipamentos se destaca no mercado por oferecer a Empilhadeira Paletrans com garantia que assegura qualidade e efici\u00eancia. Nossos clientes t\u00eam a certeza de que est\u00e3o adquirindo equipamentos de alto desempenho, apoiados por um suporte t\u00e9cnico especializado. A Empilhadeira Paletrans garantia \u00e9 sin\u00f4nimo de confiabilidade, otimizando opera\u00e7\u00f5es e aumentando a seguran\u00e7a nas movimenta\u00e7\u00f5es de carga. Opte por a Nigro para experimentar o n\u00edvel superior de excel\u00eancia e suporte em equipamentos de movimenta\u00e7\u00e3o. Sua escolha por uma Empilhadeira Paletrans com garantia \u00e9 mais do que um investimento; \u00e9 um passo em dire\u00e7\u00e3o \u00e0 seguran\u00e7a e efici\u00eancia operacional.<\/p>\n","protected":false},"excerpt":{"rendered":"<p>A Nigro Equipamentos se destaca no mercado por oferecer a Empilhadeira Paletrans com garantia que assegura qualidade e efici\u00eancia. Nossos clientes t\u00eam a certeza de que est\u00e3o adquirindo equipamentos de alto desempenho, apoiados por um suporte t\u00e9cnico especializado. A Empilhadeira Paletrans garantia \u00e9 sin\u00f4nimo de confiabilidade, otimizando opera\u00e7\u00f5es e aumentando a seguran\u00e7a nas movimenta\u00e7\u00f5es de&hellip;&nbsp;<a href=\"https:\/\/nigroequipamentos.com.br\/conteudo\/empilhadeira-paletrans-garantia-qualidade-e-confianca-com-a-nigro-equipamentos-3\/\" class=\"\" rel=\"bookmark\">Continue a ler &raquo;<span class=\"screen-reader-text\">Empilhadeira Paletrans Garantia: Qualidade e Confian\u00e7a com a Nigro Equipamentos<\/span><\/a><\/p>\n","protected":false},"author":3,"featured_media":0,"parent":0,"menu_order":0,"comment_status":"closed","ping_status":"closed","template":"","meta":{"_acf_changed":false,"_yoast_wpseo_focuskw":"Empilhadeira Paletrans garantia","_yoast_wpseo_title":"Empilhadeira Paletrans Garantia - Nigro Equipamentos: Qualidade e Confiabilidade","_yoast_wpseo_metadesc":"Descubra porque a Nigro Equipamentos \u00e9 sua melhor op\u00e7\u00e3o para Empilhadeira Paletrans com garantia. Qualidade, confian\u00e7a e suporte especializado.","neve_meta_sidebar":"","neve_meta_container":"","neve_meta_enable_content_width":"","neve_meta_content_width":0,"neve_meta_title_alignment":"","neve_meta_author_avatar":"","neve_post_elements_order":"","neve_meta_disable_header":"","neve_meta_disable_footer":"","neve_meta_disable_title":"","footnotes":""},"class_list":["post-38412","page","type-page","status-publish","hentry"],"acf":{"bloco1title":"Suporte Especializado","bloco1text":"Oferecemos suporte t\u00e9cnico altamente capacitado para garantir o desempenho da sua Empilhadeira Paletrans garantia.","bloco2title":"Equipamentos Confi\u00e1veis","bloco2text":"Nossas Empilhadeiras Paletrans possuem garantia que atesta seu excelente desempenho e durabilidade.","bloco3title":"Compromisso com a Qualidade","bloco3text":"Na Nigro Equipamentos, temos um compromisso inabal\u00e1vel com a qualidade e a confian\u00e7a dos nossos produtos, especialmente com a Empilhadeira Paletrans garantia. Isso se traduz em menos riscos para sua opera\u00e7\u00e3o, maior efici\u00eancia e melhores resultados a longo prazo.","posttitle":"Por que escolher a Empilhadeira Paletrans com garantia da Nigro Equipamentos?","postcontent":"<strong>A Empilhadeira Paletrans Garantia<\/strong> \u00e9 uma escolha estrat\u00e9gica para empresas que buscam aumentar a efici\u00eancia nas opera\u00e7\u00f5es de movimenta\u00e7\u00e3o de materiais. Com uma variedade de modelos adequados para diferentes necessidades, a Nigro Equipamentos assegura que cada Empilhadeira Paletrans venha acompanhada de uma garantia robusta, proporcionando ao cliente maior tranquilidade. Todos os nossos equipamentos s\u00e3o rigorosamente testados antes da entrega, garantindo que voc\u00ea receba um produto de primeira linha. Com a <strong>Empilhadeira Paletrans garantia<\/strong>, sua empresa pode operar com confian\u00e7a, sabendo que tem um suporte t\u00e9cnico qualificado \u00e0 disposi\u00e7\u00e3o para qualquer eventualidade. Investir em uma <strong>Empilhadeira Paletrans com garantia<\/strong> \u00e9 assegurar a continuidade das suas opera\u00e7\u00f5es e minimizar o tempo de inatividade. Na Nigro Equipamentos, sabemos que a escolha certa pode impactar significativamente o seu neg\u00f3cio, e essa escolha \u00e9 a Empilhadeira Paletrans com garantia.","insightwidtitle":"Curiosidades sobre Empilhadeiras","insightwidcontent":"Voc\u00ea sabia que as empilhadeiras foram inventadas no in\u00edcio do s\u00e9culo XX? Desde ent\u00e3o, evolu\u00edram para se tornarem essenciais na log\u00edstica e opera\u00e7\u00e3o industrial moderna. A Nigro Equipamentos oferece Empilhadeiras Paletrans garantia, que n\u00e3o s\u00f3 facilitam o transporte de cargas pesadas, mas tamb\u00e9m aumentam a efici\u00eancia e a seguran\u00e7a no ambiente de trabalho. Uma escolha inteligente transforma a din\u00e2mica dos neg\u00f3cios!"},"yoast_head":"<!-- This site is optimized with the Yoast SEO Premium plugin v18.3 (Yoast SEO v23.4) - https:\/\/yoast.com\/wordpress\/plugins\/seo\/ -->\n<title>Empilhadeira Paletrans Garantia - Nigro Equipamentos: Qualidade e Confiabilidade<\/title>\n<meta name=\"description\" content=\"Descubra porque a Nigro Equipamentos \u00e9 sua melhor op\u00e7\u00e3o para Empilhadeira Paletrans com garantia. Qualidade, confian\u00e7a e suporte especializado.\" \/>\n<meta name=\"robots\" content=\"index, follow, max-snippet:-1, max-image-preview:large, max-video-preview:-1\" \/>\n<link rel=\"canonical\" href=\"https:\/\/nigroequipamentos.com.br\/conteudo\/empilhadeira-paletrans-garantia-qualidade-e-confianca-com-a-nigro-equipamentos-3\/\" \/>\n<meta property=\"og:locale\" content=\"pt_BR\" \/>\n<meta property=\"og:type\" content=\"article\" \/>\n<meta property=\"og:title\" content=\"Empilhadeira Paletrans Garantia: Qualidade e Confian\u00e7a com a Nigro Equipamentos\" \/>\n<meta property=\"og:description\" content=\"Descubra porque a Nigro Equipamentos \u00e9 sua melhor op\u00e7\u00e3o para Empilhadeira Paletrans com garantia. Qualidade, confian\u00e7a e suporte especializado.\" \/>\n<meta property=\"og:url\" content=\"https:\/\/nigroequipamentos.com.br\/conteudo\/empilhadeira-paletrans-garantia-qualidade-e-confianca-com-a-nigro-equipamentos-3\/\" \/>\n<meta property=\"og:site_name\" content=\"Nigro Equipamentos\" \/>\n<meta property=\"article:publisher\" content=\"https:\/\/www.facebook.com\/nigroequipamentos\" \/>\n<meta name=\"twitter:card\" content=\"summary_large_image\" \/>\n<meta name=\"twitter:label1\" content=\"Est. tempo de leitura\" \/>\n\t<meta name=\"twitter:data1\" content=\"1 minuto\" \/>\n<script type=\"application\/ld+json\" class=\"yoast-schema-graph\">{\"@context\":\"https:\/\/schema.org\",\"@graph\":[{\"@type\":\"WebPage\",\"@id\":\"https:\/\/nigroequipamentos.com.br\/conteudo\/empilhadeira-paletrans-garantia-qualidade-e-confianca-com-a-nigro-equipamentos-3\/\",\"url\":\"https:\/\/nigroequipamentos.com.br\/conteudo\/empilhadeira-paletrans-garantia-qualidade-e-confianca-com-a-nigro-equipamentos-3\/\",\"name\":\"Empilhadeira Paletrans Garantia - Nigro Equipamentos: Qualidade e Confiabilidade\",\"isPartOf\":{\"@id\":\"https:\/\/nigroequipamentos.com.br\/conteudo\/#website\"},\"datePublished\":\"2025-06-27T07:01:00+00:00\",\"dateModified\":\"2025-06-27T07:01:00+00:00\",\"description\":\"Descubra porque a Nigro Equipamentos \u00e9 sua melhor op\u00e7\u00e3o para Empilhadeira Paletrans com garantia. Qualidade, confian\u00e7a e suporte especializado.\",\"breadcrumb\":{\"@id\":\"https:\/\/nigroequipamentos.com.br\/conteudo\/empilhadeira-paletrans-garantia-qualidade-e-confianca-com-a-nigro-equipamentos-3\/#breadcrumb\"},\"inLanguage\":\"pt-BR\",\"potentialAction\":[{\"@type\":\"ReadAction\",\"target\":[\"https:\/\/nigroequipamentos.com.br\/conteudo\/empilhadeira-paletrans-garantia-qualidade-e-confianca-com-a-nigro-equipamentos-3\/\"]}]},{\"@type\":\"BreadcrumbList\",\"@id\":\"https:\/\/nigroequipamentos.com.br\/conteudo\/empilhadeira-paletrans-garantia-qualidade-e-confianca-com-a-nigro-equipamentos-3\/#breadcrumb\",\"itemListElement\":[{\"@type\":\"ListItem\",\"position\":1,\"name\":\"In\u00edcio\",\"item\":\"https:\/\/nigroequipamentos.com.br\/conteudo\/\"},{\"@type\":\"ListItem\",\"position\":2,\"name\":\"Empilhadeira Paletrans Garantia: Qualidade e Confian\u00e7a com a Nigro Equipamentos\"}]},{\"@type\":\"WebSite\",\"@id\":\"https:\/\/nigroequipamentos.com.br\/conteudo\/#website\",\"url\":\"https:\/\/nigroequipamentos.com.br\/conteudo\/\",\"name\":\"Nigro Equipamentos\",\"description\":\"Loca\u00e7\u00e3o e Vendas\",\"publisher\":{\"@id\":\"https:\/\/nigroequipamentos.com.br\/conteudo\/#organization\"},\"potentialAction\":[{\"@type\":\"SearchAction\",\"target\":{\"@type\":\"EntryPoint\",\"urlTemplate\":\"https:\/\/nigroequipamentos.com.br\/conteudo\/?s={search_term_string}\"},\"query-input\":{\"@type\":\"PropertyValueSpecification\",\"valueRequired\":true,\"valueName\":\"search_term_string\"}}],\"inLanguage\":\"pt-BR\"},{\"@type\":\"Organization\",\"@id\":\"https:\/\/nigroequipamentos.com.br\/conteudo\/#organization\",\"name\":\"Nigro Equipamentos\",\"url\":\"https:\/\/nigroequipamentos.com.br\/conteudo\/\",\"logo\":{\"@type\":\"ImageObject\",\"inLanguage\":\"pt-BR\",\"@id\":\"https:\/\/nigroequipamentos.com.br\/conteudo\/#\/schema\/logo\/image\/\",\"url\":\"https:\/\/nigroequipamentos.com.br\/conteudo\/wp-content\/uploads\/2024\/10\/nigroequipamentos_logo.webp\",\"contentUrl\":\"https:\/\/nigroequipamentos.com.br\/conteudo\/wp-content\/uploads\/2024\/10\/nigroequipamentos_logo.webp\",\"width\":785,\"height\":355,\"caption\":\"Nigro Equipamentos\"},\"image\":{\"@id\":\"https:\/\/nigroequipamentos.com.br\/conteudo\/#\/schema\/logo\/image\/\"},\"sameAs\":[\"https:\/\/www.facebook.com\/nigroequipamentos\",\"https:\/\/www.instagram.com\/nigroequipamentos\/\"]}]}<\/script>\n<!-- \/ Yoast SEO Premium plugin. -->","yoast_head_json":{"title":"Empilhadeira Paletrans Garantia - Nigro Equipamentos: Qualidade e Confiabilidade","description":"Descubra porque a Nigro Equipamentos \u00e9 sua melhor op\u00e7\u00e3o para Empilhadeira Paletrans com garantia. Qualidade, confian\u00e7a e suporte especializado.","robots":{"index":"index","follow":"follow","max-snippet":"max-snippet:-1","max-image-preview":"max-image-preview:large","max-video-preview":"max-video-preview:-1"},"canonical":"https:\/\/nigroequipamentos.com.br\/conteudo\/empilhadeira-paletrans-garantia-qualidade-e-confianca-com-a-nigro-equipamentos-3\/","og_locale":"pt_BR","og_type":"article","og_title":"Empilhadeira Paletrans Garantia: Qualidade e Confian\u00e7a com a Nigro Equipamentos","og_description":"Descubra porque a Nigro Equipamentos \u00e9 sua melhor op\u00e7\u00e3o para Empilhadeira Paletrans com garantia. Qualidade, confian\u00e7a e suporte especializado.","og_url":"https:\/\/nigroequipamentos.com.br\/conteudo\/empilhadeira-paletrans-garantia-qualidade-e-confianca-com-a-nigro-equipamentos-3\/","og_site_name":"Nigro Equipamentos","article_publisher":"https:\/\/www.facebook.com\/nigroequipamentos","twitter_card":"summary_large_image","twitter_misc":{"Est. tempo de leitura":"1 minuto"},"schema":{"@context":"https:\/\/schema.org","@graph":[{"@type":"WebPage","@id":"https:\/\/nigroequipamentos.com.br\/conteudo\/empilhadeira-paletrans-garantia-qualidade-e-confianca-com-a-nigro-equipamentos-3\/","url":"https:\/\/nigroequipamentos.com.br\/conteudo\/empilhadeira-paletrans-garantia-qualidade-e-confianca-com-a-nigro-equipamentos-3\/","name":"Empilhadeira Paletrans Garantia - Nigro Equipamentos: Qualidade e Confiabilidade","isPartOf":{"@id":"https:\/\/nigroequipamentos.com.br\/conteudo\/#website"},"datePublished":"2025-06-27T07:01:00+00:00","dateModified":"2025-06-27T07:01:00+00:00","description":"Descubra porque a Nigro Equipamentos \u00e9 sua melhor op\u00e7\u00e3o para Empilhadeira Paletrans com garantia. Qualidade, confian\u00e7a e suporte especializado.","breadcrumb":{"@id":"https:\/\/nigroequipamentos.com.br\/conteudo\/empilhadeira-paletrans-garantia-qualidade-e-confianca-com-a-nigro-equipamentos-3\/#breadcrumb"},"inLanguage":"pt-BR","potentialAction":[{"@type":"ReadAction","target":["https:\/\/nigroequipamentos.com.br\/conteudo\/empilhadeira-paletrans-garantia-qualidade-e-confianca-com-a-nigro-equipamentos-3\/"]}]},{"@type":"BreadcrumbList","@id":"https:\/\/nigroequipamentos.com.br\/conteudo\/empilhadeira-paletrans-garantia-qualidade-e-confianca-com-a-nigro-equipamentos-3\/#breadcrumb","itemListElement":[{"@type":"ListItem","position":1,"name":"In\u00edcio","item":"https:\/\/nigroequipamentos.com.br\/conteudo\/"},{"@type":"ListItem","position":2,"name":"Empilhadeira Paletrans Garantia: Qualidade e Confian\u00e7a com a Nigro Equipamentos"}]},{"@type":"WebSite","@id":"https:\/\/nigroequipamentos.com.br\/conteudo\/#website","url":"https:\/\/nigroequipamentos.com.br\/conteudo\/","name":"Nigro Equipamentos","description":"Loca\u00e7\u00e3o e Vendas","publisher":{"@id":"https:\/\/nigroequipamentos.com.br\/conteudo\/#organization"},"potentialAction":[{"@type":"SearchAction","target":{"@type":"EntryPoint","urlTemplate":"https:\/\/nigroequipamentos.com.br\/conteudo\/?s={search_term_string}"},"query-input":{"@type":"PropertyValueSpecification","valueRequired":true,"valueName":"search_term_string"}}],"inLanguage":"pt-BR"},{"@type":"Organization","@id":"https:\/\/nigroequipamentos.com.br\/conteudo\/#organization","name":"Nigro Equipamentos","url":"https:\/\/nigroequipamentos.com.br\/conteudo\/","logo":{"@type":"ImageObject","inLanguage":"pt-BR","@id":"https:\/\/nigroequipamentos.com.br\/conteudo\/#\/schema\/logo\/image\/","url":"https:\/\/nigroequipamentos.com.br\/conteudo\/wp-content\/uploads\/2024\/10\/nigroequipamentos_logo.webp","contentUrl":"https:\/\/nigroequipamentos.com.br\/conteudo\/wp-content\/uploads\/2024\/10\/nigroequipamentos_logo.webp","width":785,"height":355,"caption":"Nigro Equipamentos"},"image":{"@id":"https:\/\/nigroequipamentos.com.br\/conteudo\/#\/schema\/logo\/image\/"},"sameAs":["https:\/\/www.facebook.com\/nigroequipamentos","https:\/\/www.instagram.com\/nigroequipamentos\/"]}]}},"_links":{"self":[{"href":"https:\/\/nigroequipamentos.com.br\/conteudo\/wp-json\/wp\/v2\/pages\/38412","targetHints":{"allow":["GET"]}}],"collection":[{"href":"https:\/\/nigroequipamentos.com.br\/conteudo\/wp-json\/wp\/v2\/pages"}],"about":[{"href":"https:\/\/nigroequipamentos.com.br\/conteudo\/wp-json\/wp\/v2\/types\/page"}],"author":[{"embeddable":true,"href":"https:\/\/nigroequipamentos.com.br\/conteudo\/wp-json\/wp\/v2\/users\/3"}],"replies":[{"embeddable":true,"href":"https:\/\/nigroequipamentos.com.br\/conteudo\/wp-json\/wp\/v2\/comments?post=38412"}],"version-history":[{"count":0,"href":"https:\/\/nigroequipamentos.com.br\/conteudo\/wp-json\/wp\/v2\/pages\/38412\/revisions"}],"wp:attachment":[{"href":"https:\/\/nigroequipamentos.com.br\/conteudo\/wp-json\/wp\/v2\/media?parent=38412"}],"curies":[{"name":"wp","href":"https:\/\/api.w.org\/{rel}","templated":true}]}}