{"id":37422,"date":"2025-06-24T20:45:59","date_gmt":"2025-06-24T23:45:59","guid":{"rendered":"https:\/\/nigroequipamentos.com.br\/conteudo\/empilhadeira-retratil-paletrans-pr2013i-a-revolucao-na-logistica-2\/"},"modified":"2025-06-24T20:45:59","modified_gmt":"2025-06-24T23:45:59","slug":"empilhadeira-retratil-paletrans-pr2013i-a-revolucao-na-logistica-2","status":"publish","type":"page","link":"https:\/\/nigroequipamentos.com.br\/conteudo\/empilhadeira-retratil-paletrans-pr2013i-a-revolucao-na-logistica-2\/","title":{"rendered":"Empilhadeira Retr\u00e1til Paletrans PR2013i: A Revolu\u00e7\u00e3o na Log\u00edstica"},"content":{"rendered":"<p>A Empilhadeira Retr\u00e1til Paletrans PR2013i \u00e9 a escolha ideal para empresas que buscam otimizar sua opera\u00e7\u00e3o log\u00edstica. Com um design compacto e alta capacidade de eleva\u00e7\u00e3o, a PR2013i combina efici\u00eancia e seguran\u00e7a. Seu sistema de manobra \u00e1gil permite atuar em corredores estreitos, tornando o armazenamento de paletes mais f\u00e1cil. A Nigro Equipamentos oferece a melhor solu\u00e7\u00e3o em compra, manuten\u00e7\u00e3o e loca\u00e7\u00e3o da Empilhadeira Retr\u00e1til Paletrans PR2013i, garantindo que sua empresa esteja sempre em conformidade com os mais altos padr\u00f5es de qualidade e performance.<\/p>\n","protected":false},"excerpt":{"rendered":"<p>A Empilhadeira Retr\u00e1til Paletrans PR2013i \u00e9 a escolha ideal para empresas que buscam otimizar sua opera\u00e7\u00e3o log\u00edstica. Com um design compacto e alta capacidade de eleva\u00e7\u00e3o, a PR2013i combina efici\u00eancia e seguran\u00e7a. Seu sistema de manobra \u00e1gil permite atuar em corredores estreitos, tornando o armazenamento de paletes mais f\u00e1cil. A Nigro Equipamentos oferece a melhor&hellip;&nbsp;<a href=\"https:\/\/nigroequipamentos.com.br\/conteudo\/empilhadeira-retratil-paletrans-pr2013i-a-revolucao-na-logistica-2\/\" class=\"\" rel=\"bookmark\">Continue a ler &raquo;<span class=\"screen-reader-text\">Empilhadeira Retr\u00e1til Paletrans PR2013i: A Revolu\u00e7\u00e3o na Log\u00edstica<\/span><\/a><\/p>\n","protected":false},"author":3,"featured_media":0,"parent":0,"menu_order":0,"comment_status":"closed","ping_status":"closed","template":"","meta":{"_acf_changed":false,"_yoast_wpseo_focuskw":"Empilhadeira Retr\u00e1til Paletrans PR2013i","_yoast_wpseo_title":"Empilhadeira Retr\u00e1til Paletrans PR2013i: A Solu\u00e7\u00e3o Ideal da Nigro Equipamentos","_yoast_wpseo_metadesc":"Descubra como a Empilhadeira Retr\u00e1til Paletrans PR2013i pode otimizar suas opera\u00e7\u00f5es log\u00edsticas. Conhe\u00e7a os benef\u00edcios e a excel\u00eancia da Nigro Equipamentos.","neve_meta_sidebar":"","neve_meta_container":"","neve_meta_enable_content_width":"","neve_meta_content_width":0,"neve_meta_title_alignment":"","neve_meta_author_avatar":"","neve_post_elements_order":"","neve_meta_disable_header":"","neve_meta_disable_footer":"","neve_meta_disable_title":"","footnotes":""},"class_list":["post-37422","page","type-page","status-publish","hentry"],"acf":{"bloco1title":"Alta Performance","bloco1text":"A Empilhadeira Retr\u00e1til Paletrans PR2013i proporciona efici\u00eancia em opera\u00e7\u00f5es, com movimentos r\u00e1pidos e precisos que aumentam a produtividade.","bloco2title":"Manuten\u00e7\u00e3o Especializada","bloco2text":"Na Nigro Equipamentos, voc\u00ea encontra servi\u00e7os de manuten\u00e7\u00e3o especializados para a Empilhadeira Retr\u00e1til Paletrans PR2013i.","bloco3title":"Solu\u00e7\u00f5es Vers\u00e1teis","bloco3text":"A Empilhadeira Retr\u00e1til Paletrans PR2013i oferece versatilidade, atendendo a diversas necessidades do setor log\u00edstico, desde o transporte at\u00e9 o armazenamento.","posttitle":"Empilhadeira Retr\u00e1til Paletrans PR2013i: Efic\u00e1cia e Inova\u00e7\u00e3o para o Seu Neg\u00f3cio","postcontent":"<strong>A Empilhadeira Retr\u00e1til Paletrans PR2013i<\/strong> \u00e9 um equipamento de ponta que se destaca no mercado pelas suas caracter\u00edsticas inovadoras. Sua capacidade de carga de at\u00e9 2.500 kg e a altura de eleva\u00e7\u00e3o de 6,5 metros proporcionam uma solu\u00e7\u00e3o ideal para opera\u00e7\u00f5es em armaz\u00e9ns e ind\u00fastrias. O design retr\u00e1til permite o trabalho em espa\u00e7os reduzidos, o que melhora o aproveitamento do espa\u00e7o de armazenamento. Al\u00e9m disso, a tecnologia embarcada assegura que seu desempenho seja tanto eficiente quanto seguro. A <strong>Nigro Equipamentos<\/strong> n\u00e3o s\u00f3 fornece a Empilhadeira Retr\u00e1til Paletrans PR2013i, mas tamb\u00e9m oferece um suporte completo atrav\u00e9s de manuten\u00e7\u00e3o e loca\u00e7\u00e3o, assegurando que sua opera\u00e7\u00e3o nunca pare. Escolha a Nigro e tenha a certeza de estar fazendo um bom neg\u00f3cio com a Empilhadeira Retr\u00e1til Paletrans PR2013i, desfrutando de uma experi\u00eancia \u00fanica em log\u00edstica.","insightwidtitle":"Curiosidades sobre a PR2013i","insightwidcontent":"Voc\u00ea sabia que a Empilhadeira Retr\u00e1til Paletrans PR2013i pode operar em rampas com inclina\u00e7\u00f5es de at\u00e9 6% sem perder capacidade? Isso a torna uma op\u00e7\u00e3o ideal para espa\u00e7os diferenciados, aumentando a versatilidade nas opera\u00e7\u00f5es log\u00edsticas. Al\u00e9m disso, a PR2013i \u00e9 projetada para facilitar as manobras em corredores estreitos, aumentando a efici\u00eancia do espa\u00e7o."},"yoast_head":"<!-- This site is optimized with the Yoast SEO Premium plugin v18.3 (Yoast SEO v23.4) - https:\/\/yoast.com\/wordpress\/plugins\/seo\/ -->\n<title>Empilhadeira Retr\u00e1til Paletrans PR2013i: A Solu\u00e7\u00e3o Ideal da Nigro Equipamentos<\/title>\n<meta name=\"description\" content=\"Descubra como a Empilhadeira Retr\u00e1til Paletrans PR2013i pode otimizar suas opera\u00e7\u00f5es log\u00edsticas. Conhe\u00e7a os benef\u00edcios e a excel\u00eancia da Nigro Equipamentos.\" \/>\n<meta name=\"robots\" content=\"index, follow, max-snippet:-1, max-image-preview:large, max-video-preview:-1\" \/>\n<link rel=\"canonical\" href=\"https:\/\/nigroequipamentos.com.br\/conteudo\/empilhadeira-retratil-paletrans-pr2013i-a-revolucao-na-logistica-2\/\" \/>\n<meta property=\"og:locale\" content=\"pt_BR\" \/>\n<meta property=\"og:type\" content=\"article\" \/>\n<meta property=\"og:title\" content=\"Empilhadeira Retr\u00e1til Paletrans PR2013i: A Revolu\u00e7\u00e3o na Log\u00edstica\" \/>\n<meta property=\"og:description\" content=\"Descubra como a Empilhadeira Retr\u00e1til Paletrans PR2013i pode otimizar suas opera\u00e7\u00f5es log\u00edsticas. Conhe\u00e7a os benef\u00edcios e a excel\u00eancia da Nigro Equipamentos.\" \/>\n<meta property=\"og:url\" content=\"https:\/\/nigroequipamentos.com.br\/conteudo\/empilhadeira-retratil-paletrans-pr2013i-a-revolucao-na-logistica-2\/\" \/>\n<meta property=\"og:site_name\" content=\"Nigro Equipamentos\" \/>\n<meta property=\"article:publisher\" content=\"https:\/\/www.facebook.com\/nigroequipamentos\" \/>\n<meta name=\"twitter:card\" content=\"summary_large_image\" \/>\n<script type=\"application\/ld+json\" class=\"yoast-schema-graph\">{\"@context\":\"https:\/\/schema.org\",\"@graph\":[{\"@type\":\"WebPage\",\"@id\":\"https:\/\/nigroequipamentos.com.br\/conteudo\/empilhadeira-retratil-paletrans-pr2013i-a-revolucao-na-logistica-2\/\",\"url\":\"https:\/\/nigroequipamentos.com.br\/conteudo\/empilhadeira-retratil-paletrans-pr2013i-a-revolucao-na-logistica-2\/\",\"name\":\"Empilhadeira Retr\u00e1til Paletrans PR2013i: A Solu\u00e7\u00e3o Ideal da Nigro Equipamentos\",\"isPartOf\":{\"@id\":\"https:\/\/nigroequipamentos.com.br\/conteudo\/#website\"},\"datePublished\":\"2025-06-24T23:45:59+00:00\",\"dateModified\":\"2025-06-24T23:45:59+00:00\",\"description\":\"Descubra como a Empilhadeira Retr\u00e1til Paletrans PR2013i pode otimizar suas opera\u00e7\u00f5es log\u00edsticas. Conhe\u00e7a os benef\u00edcios e a excel\u00eancia da Nigro Equipamentos.\",\"breadcrumb\":{\"@id\":\"https:\/\/nigroequipamentos.com.br\/conteudo\/empilhadeira-retratil-paletrans-pr2013i-a-revolucao-na-logistica-2\/#breadcrumb\"},\"inLanguage\":\"pt-BR\",\"potentialAction\":[{\"@type\":\"ReadAction\",\"target\":[\"https:\/\/nigroequipamentos.com.br\/conteudo\/empilhadeira-retratil-paletrans-pr2013i-a-revolucao-na-logistica-2\/\"]}]},{\"@type\":\"BreadcrumbList\",\"@id\":\"https:\/\/nigroequipamentos.com.br\/conteudo\/empilhadeira-retratil-paletrans-pr2013i-a-revolucao-na-logistica-2\/#breadcrumb\",\"itemListElement\":[{\"@type\":\"ListItem\",\"position\":1,\"name\":\"In\u00edcio\",\"item\":\"https:\/\/nigroequipamentos.com.br\/conteudo\/\"},{\"@type\":\"ListItem\",\"position\":2,\"name\":\"Empilhadeira Retr\u00e1til Paletrans PR2013i: A Revolu\u00e7\u00e3o na Log\u00edstica\"}]},{\"@type\":\"WebSite\",\"@id\":\"https:\/\/nigroequipamentos.com.br\/conteudo\/#website\",\"url\":\"https:\/\/nigroequipamentos.com.br\/conteudo\/\",\"name\":\"Nigro Equipamentos\",\"description\":\"Loca\u00e7\u00e3o e Vendas\",\"publisher\":{\"@id\":\"https:\/\/nigroequipamentos.com.br\/conteudo\/#organization\"},\"potentialAction\":[{\"@type\":\"SearchAction\",\"target\":{\"@type\":\"EntryPoint\",\"urlTemplate\":\"https:\/\/nigroequipamentos.com.br\/conteudo\/?s={search_term_string}\"},\"query-input\":{\"@type\":\"PropertyValueSpecification\",\"valueRequired\":true,\"valueName\":\"search_term_string\"}}],\"inLanguage\":\"pt-BR\"},{\"@type\":\"Organization\",\"@id\":\"https:\/\/nigroequipamentos.com.br\/conteudo\/#organization\",\"name\":\"Nigro Equipamentos\",\"url\":\"https:\/\/nigroequipamentos.com.br\/conteudo\/\",\"logo\":{\"@type\":\"ImageObject\",\"inLanguage\":\"pt-BR\",\"@id\":\"https:\/\/nigroequipamentos.com.br\/conteudo\/#\/schema\/logo\/image\/\",\"url\":\"https:\/\/nigroequipamentos.com.br\/conteudo\/wp-content\/uploads\/2024\/10\/nigroequipamentos_logo.webp\",\"contentUrl\":\"https:\/\/nigroequipamentos.com.br\/conteudo\/wp-content\/uploads\/2024\/10\/nigroequipamentos_logo.webp\",\"width\":785,\"height\":355,\"caption\":\"Nigro Equipamentos\"},\"image\":{\"@id\":\"https:\/\/nigroequipamentos.com.br\/conteudo\/#\/schema\/logo\/image\/\"},\"sameAs\":[\"https:\/\/www.facebook.com\/nigroequipamentos\",\"https:\/\/www.instagram.com\/nigroequipamentos\/\"]}]}<\/script>\n<!-- \/ Yoast SEO Premium plugin. -->","yoast_head_json":{"title":"Empilhadeira Retr\u00e1til Paletrans PR2013i: A Solu\u00e7\u00e3o Ideal da Nigro Equipamentos","description":"Descubra como a Empilhadeira Retr\u00e1til Paletrans PR2013i pode otimizar suas opera\u00e7\u00f5es log\u00edsticas. Conhe\u00e7a os benef\u00edcios e a excel\u00eancia da Nigro Equipamentos.","robots":{"index":"index","follow":"follow","max-snippet":"max-snippet:-1","max-image-preview":"max-image-preview:large","max-video-preview":"max-video-preview:-1"},"canonical":"https:\/\/nigroequipamentos.com.br\/conteudo\/empilhadeira-retratil-paletrans-pr2013i-a-revolucao-na-logistica-2\/","og_locale":"pt_BR","og_type":"article","og_title":"Empilhadeira Retr\u00e1til Paletrans PR2013i: A Revolu\u00e7\u00e3o na Log\u00edstica","og_description":"Descubra como a Empilhadeira Retr\u00e1til Paletrans PR2013i pode otimizar suas opera\u00e7\u00f5es log\u00edsticas. Conhe\u00e7a os benef\u00edcios e a excel\u00eancia da Nigro Equipamentos.","og_url":"https:\/\/nigroequipamentos.com.br\/conteudo\/empilhadeira-retratil-paletrans-pr2013i-a-revolucao-na-logistica-2\/","og_site_name":"Nigro Equipamentos","article_publisher":"https:\/\/www.facebook.com\/nigroequipamentos","twitter_card":"summary_large_image","schema":{"@context":"https:\/\/schema.org","@graph":[{"@type":"WebPage","@id":"https:\/\/nigroequipamentos.com.br\/conteudo\/empilhadeira-retratil-paletrans-pr2013i-a-revolucao-na-logistica-2\/","url":"https:\/\/nigroequipamentos.com.br\/conteudo\/empilhadeira-retratil-paletrans-pr2013i-a-revolucao-na-logistica-2\/","name":"Empilhadeira Retr\u00e1til Paletrans PR2013i: A Solu\u00e7\u00e3o Ideal da Nigro Equipamentos","isPartOf":{"@id":"https:\/\/nigroequipamentos.com.br\/conteudo\/#website"},"datePublished":"2025-06-24T23:45:59+00:00","dateModified":"2025-06-24T23:45:59+00:00","description":"Descubra como a Empilhadeira Retr\u00e1til Paletrans PR2013i pode otimizar suas opera\u00e7\u00f5es log\u00edsticas. Conhe\u00e7a os benef\u00edcios e a excel\u00eancia da Nigro Equipamentos.","breadcrumb":{"@id":"https:\/\/nigroequipamentos.com.br\/conteudo\/empilhadeira-retratil-paletrans-pr2013i-a-revolucao-na-logistica-2\/#breadcrumb"},"inLanguage":"pt-BR","potentialAction":[{"@type":"ReadAction","target":["https:\/\/nigroequipamentos.com.br\/conteudo\/empilhadeira-retratil-paletrans-pr2013i-a-revolucao-na-logistica-2\/"]}]},{"@type":"BreadcrumbList","@id":"https:\/\/nigroequipamentos.com.br\/conteudo\/empilhadeira-retratil-paletrans-pr2013i-a-revolucao-na-logistica-2\/#breadcrumb","itemListElement":[{"@type":"ListItem","position":1,"name":"In\u00edcio","item":"https:\/\/nigroequipamentos.com.br\/conteudo\/"},{"@type":"ListItem","position":2,"name":"Empilhadeira Retr\u00e1til Paletrans PR2013i: A Revolu\u00e7\u00e3o na Log\u00edstica"}]},{"@type":"WebSite","@id":"https:\/\/nigroequipamentos.com.br\/conteudo\/#website","url":"https:\/\/nigroequipamentos.com.br\/conteudo\/","name":"Nigro Equipamentos","description":"Loca\u00e7\u00e3o e Vendas","publisher":{"@id":"https:\/\/nigroequipamentos.com.br\/conteudo\/#organization"},"potentialAction":[{"@type":"SearchAction","target":{"@type":"EntryPoint","urlTemplate":"https:\/\/nigroequipamentos.com.br\/conteudo\/?s={search_term_string}"},"query-input":{"@type":"PropertyValueSpecification","valueRequired":true,"valueName":"search_term_string"}}],"inLanguage":"pt-BR"},{"@type":"Organization","@id":"https:\/\/nigroequipamentos.com.br\/conteudo\/#organization","name":"Nigro Equipamentos","url":"https:\/\/nigroequipamentos.com.br\/conteudo\/","logo":{"@type":"ImageObject","inLanguage":"pt-BR","@id":"https:\/\/nigroequipamentos.com.br\/conteudo\/#\/schema\/logo\/image\/","url":"https:\/\/nigroequipamentos.com.br\/conteudo\/wp-content\/uploads\/2024\/10\/nigroequipamentos_logo.webp","contentUrl":"https:\/\/nigroequipamentos.com.br\/conteudo\/wp-content\/uploads\/2024\/10\/nigroequipamentos_logo.webp","width":785,"height":355,"caption":"Nigro Equipamentos"},"image":{"@id":"https:\/\/nigroequipamentos.com.br\/conteudo\/#\/schema\/logo\/image\/"},"sameAs":["https:\/\/www.facebook.com\/nigroequipamentos","https:\/\/www.instagram.com\/nigroequipamentos\/"]}]}},"_links":{"self":[{"href":"https:\/\/nigroequipamentos.com.br\/conteudo\/wp-json\/wp\/v2\/pages\/37422","targetHints":{"allow":["GET"]}}],"collection":[{"href":"https:\/\/nigroequipamentos.com.br\/conteudo\/wp-json\/wp\/v2\/pages"}],"about":[{"href":"https:\/\/nigroequipamentos.com.br\/conteudo\/wp-json\/wp\/v2\/types\/page"}],"author":[{"embeddable":true,"href":"https:\/\/nigroequipamentos.com.br\/conteudo\/wp-json\/wp\/v2\/users\/3"}],"replies":[{"embeddable":true,"href":"https:\/\/nigroequipamentos.com.br\/conteudo\/wp-json\/wp\/v2\/comments?post=37422"}],"version-history":[{"count":0,"href":"https:\/\/nigroequipamentos.com.br\/conteudo\/wp-json\/wp\/v2\/pages\/37422\/revisions"}],"wp:attachment":[{"href":"https:\/\/nigroequipamentos.com.br\/conteudo\/wp-json\/wp\/v2\/media?parent=37422"}],"curies":[{"name":"wp","href":"https:\/\/api.w.org\/{rel}","templated":true}]}}