{"id":37369,"date":"2025-06-24T17:46:08","date_gmt":"2025-06-24T20:46:08","guid":{"rendered":"https:\/\/nigroequipamentos.com.br\/conteudo\/empilhadeira-paletrans-eficiencia-e-seguranca-no-armazem\/"},"modified":"2025-06-24T17:46:08","modified_gmt":"2025-06-24T20:46:08","slug":"empilhadeira-paletrans-eficiencia-e-seguranca-no-armazem","status":"publish","type":"page","link":"https:\/\/nigroequipamentos.com.br\/conteudo\/empilhadeira-paletrans-eficiencia-e-seguranca-no-armazem\/","title":{"rendered":"Empilhadeira Paletrans: efici\u00eancia e seguran\u00e7a no armaz\u00e9m"},"content":{"rendered":"<p>A empilhadeira Paletrans \u00e9 essencial para garantir efici\u00eancia e seguran\u00e7a em ambientes de armaz\u00e9m. Com seu design robusto e tecnologia avan\u00e7ada, a empilhadeira Paletrans facilita o transporte e armazenamento de cargas pesadas. Moderna e confi\u00e1vel, ela se destaca em opera\u00e7\u00f5es log\u00edsticas, otimizando o espa\u00e7o e assegurando a movimenta\u00e7\u00e3o \u00e1gil de mercadorias. Nos armaz\u00e9ns, a Empilhadeira Paletrans se torna a aliada perfeita, oferecendo resist\u00eancia e desempenho em qualquer situa\u00e7\u00e3o. Com a Nigro Equipamentos, voc\u00ea encontra a solu\u00e7\u00e3o ideal para sua empresa com um atendimento especializado.<\/p>\n","protected":false},"excerpt":{"rendered":"<p>A empilhadeira Paletrans \u00e9 essencial para garantir efici\u00eancia e seguran\u00e7a em ambientes de armaz\u00e9m. Com seu design robusto e tecnologia avan\u00e7ada, a empilhadeira Paletrans facilita o transporte e armazenamento de cargas pesadas. Moderna e confi\u00e1vel, ela se destaca em opera\u00e7\u00f5es log\u00edsticas, otimizando o espa\u00e7o e assegurando a movimenta\u00e7\u00e3o \u00e1gil de mercadorias. Nos armaz\u00e9ns, a Empilhadeira&hellip;&nbsp;<a href=\"https:\/\/nigroequipamentos.com.br\/conteudo\/empilhadeira-paletrans-eficiencia-e-seguranca-no-armazem\/\" class=\"\" rel=\"bookmark\">Continue a ler &raquo;<span class=\"screen-reader-text\">Empilhadeira Paletrans: efici\u00eancia e seguran\u00e7a no armaz\u00e9m<\/span><\/a><\/p>\n","protected":false},"author":3,"featured_media":0,"parent":0,"menu_order":0,"comment_status":"closed","ping_status":"closed","template":"","meta":{"_acf_changed":false,"_yoast_wpseo_focuskw":"Empilhadeira Paletrans armaz\u00e9m","_yoast_wpseo_title":"Empilhadeira Paletrans: solu\u00e7\u00e3o ideal para armaz\u00e9ns","_yoast_wpseo_metadesc":"Descubra como a empilhadeira Paletrans transforma a opera\u00e7\u00e3o do seu armaz\u00e9m com seguran\u00e7a e efici\u00eancia. Conhe\u00e7a a Nigro Equipamentos!","neve_meta_sidebar":"","neve_meta_container":"","neve_meta_enable_content_width":"","neve_meta_content_width":0,"neve_meta_title_alignment":"","neve_meta_author_avatar":"","neve_post_elements_order":"","neve_meta_disable_header":"","neve_meta_disable_footer":"","neve_meta_disable_title":"","footnotes":""},"class_list":["post-37369","page","type-page","status-publish","hentry"],"acf":{"bloco1title":"Experi\u00eancia em Empilhadeiras","bloco1text":"A Nigro Equipamentos possui anos de experi\u00eancia na oferta de empilhadeiras, destacando-se na venda e loca\u00e7\u00e3o da empilhadeira Paletrans.","bloco2title":"Manuten\u00e7\u00e3o especial","bloco2text":"Nossos servi\u00e7os de manuten\u00e7\u00e3o garantem a durabilidade da sua empilhadeira Paletrans, sempre com seguran\u00e7a e qualidade.","bloco3title":"Insights sobre efici\u00eancia","bloco3text":"Utilizar a empilhadeira Paletrans em ambientes de armaz\u00e9m pode aumentar a produtividade em at\u00e9 30%, otimizando opera\u00e7\u00f5es log\u00edsticas do dia a dia.","posttitle":"Por que a empilhadeira Paletrans \u00e9 ideal para o seu armaz\u00e9m?","postcontent":"<strong>Empilhadeira Paletrans: Acompanhando as necessidades do armaz\u00e9m<\/strong>\n\nA empilhadeira Paletrans \u00e9 sin\u00f4nimo de robustez e inova\u00e7\u00e3o para armaz\u00e9ns. Sua estrutura foi projetada especialmente para suportar cargas pesadas, proporcionando seguran\u00e7a e efici\u00eancia nas opera\u00e7\u00f5es. Com a empilhadeira Paletrans, sua log\u00edstica se torna mais \u00e1gil, permitindo movimentar paletes e mercadorias de forma otimizada.\n\n<strong>Benef\u00edcios da Empilhadeira Paletrans<\/strong>\n\nAo investir em uma empilhadeira Paletrans, voc\u00ea tamb\u00e9m se beneficia de um sistema de manobra que se adapta a corredores estreitos, ideal para ambientes de armaz\u00e9m. \u00c9 um equipamento que n\u00e3o s\u00f3 aumenta a produtividade, mas tamb\u00e9m reduz o cansa\u00e7o dos operadores, minimizando o risco de acidentes no local de trabalho. A Nigro Equipamentos oferece suporte total para a compra, manuten\u00e7\u00e3o e loca\u00e7\u00e3o de empilhadeiras Paletrans, garantindo que sua opera\u00e7\u00e3o nunca pare.\n\n<strong>Conclus\u00e3o: A melhor escolha para sua empresa<\/strong>\n\nSe voc\u00ea busca performance, confiabilidade e experi\u00eancia, a Nigro Equipamentos \u00e9 sua melhor op\u00e7\u00e3o para adquirir uma empilhadeira Paletrans, seja para compra, manuten\u00e7\u00e3o ou loca\u00e7\u00e3o. N\u00e3o perca a oportunidade de transformar seu armaz\u00e9m em um modelo de efici\u00eancia.","insightwidtitle":"Curiosidades sobre empilhadeiras","insightwidcontent":"Voc\u00ea sabia que a empilhadeira Paletrans foi projetada para operar em espa\u00e7os reduzidos? Essa versatilidade faz dela a escolha favorita de muitos armaz\u00e9ns, pois se adapta facilmente a diferentes situa\u00e7\u00f5es de armazenamento e transporte, otimizando o espa\u00e7o. Al\u00e9m disso, a manuten\u00e7\u00e3o regular da empilhadeira Paletrans pode prolongar sua vida \u00fatil em at\u00e9 50%, resultando em economia significativa para as empresas."},"yoast_head":"<!-- This site is optimized with the Yoast SEO Premium plugin v18.3 (Yoast SEO v23.4) - https:\/\/yoast.com\/wordpress\/plugins\/seo\/ -->\n<title>Empilhadeira Paletrans: solu\u00e7\u00e3o ideal para armaz\u00e9ns<\/title>\n<meta name=\"description\" content=\"Descubra como a empilhadeira Paletrans transforma a opera\u00e7\u00e3o do seu armaz\u00e9m com seguran\u00e7a e efici\u00eancia. Conhe\u00e7a a Nigro Equipamentos!\" \/>\n<meta name=\"robots\" content=\"index, follow, max-snippet:-1, max-image-preview:large, max-video-preview:-1\" \/>\n<link rel=\"canonical\" href=\"https:\/\/nigroequipamentos.com.br\/conteudo\/empilhadeira-paletrans-eficiencia-e-seguranca-no-armazem\/\" \/>\n<meta property=\"og:locale\" content=\"pt_BR\" \/>\n<meta property=\"og:type\" content=\"article\" \/>\n<meta property=\"og:title\" content=\"Empilhadeira Paletrans: efici\u00eancia e seguran\u00e7a no armaz\u00e9m\" \/>\n<meta property=\"og:description\" content=\"Descubra como a empilhadeira Paletrans transforma a opera\u00e7\u00e3o do seu armaz\u00e9m com seguran\u00e7a e efici\u00eancia. Conhe\u00e7a a Nigro Equipamentos!\" \/>\n<meta property=\"og:url\" content=\"https:\/\/nigroequipamentos.com.br\/conteudo\/empilhadeira-paletrans-eficiencia-e-seguranca-no-armazem\/\" \/>\n<meta property=\"og:site_name\" content=\"Nigro Equipamentos\" \/>\n<meta property=\"article:publisher\" content=\"https:\/\/www.facebook.com\/nigroequipamentos\" \/>\n<meta name=\"twitter:card\" content=\"summary_large_image\" \/>\n<script type=\"application\/ld+json\" class=\"yoast-schema-graph\">{\"@context\":\"https:\/\/schema.org\",\"@graph\":[{\"@type\":\"WebPage\",\"@id\":\"https:\/\/nigroequipamentos.com.br\/conteudo\/empilhadeira-paletrans-eficiencia-e-seguranca-no-armazem\/\",\"url\":\"https:\/\/nigroequipamentos.com.br\/conteudo\/empilhadeira-paletrans-eficiencia-e-seguranca-no-armazem\/\",\"name\":\"Empilhadeira Paletrans: solu\u00e7\u00e3o ideal para armaz\u00e9ns\",\"isPartOf\":{\"@id\":\"https:\/\/nigroequipamentos.com.br\/conteudo\/#website\"},\"datePublished\":\"2025-06-24T20:46:08+00:00\",\"dateModified\":\"2025-06-24T20:46:08+00:00\",\"description\":\"Descubra como a empilhadeira Paletrans transforma a opera\u00e7\u00e3o do seu armaz\u00e9m com seguran\u00e7a e efici\u00eancia. Conhe\u00e7a a Nigro Equipamentos!\",\"breadcrumb\":{\"@id\":\"https:\/\/nigroequipamentos.com.br\/conteudo\/empilhadeira-paletrans-eficiencia-e-seguranca-no-armazem\/#breadcrumb\"},\"inLanguage\":\"pt-BR\",\"potentialAction\":[{\"@type\":\"ReadAction\",\"target\":[\"https:\/\/nigroequipamentos.com.br\/conteudo\/empilhadeira-paletrans-eficiencia-e-seguranca-no-armazem\/\"]}]},{\"@type\":\"BreadcrumbList\",\"@id\":\"https:\/\/nigroequipamentos.com.br\/conteudo\/empilhadeira-paletrans-eficiencia-e-seguranca-no-armazem\/#breadcrumb\",\"itemListElement\":[{\"@type\":\"ListItem\",\"position\":1,\"name\":\"In\u00edcio\",\"item\":\"https:\/\/nigroequipamentos.com.br\/conteudo\/\"},{\"@type\":\"ListItem\",\"position\":2,\"name\":\"Empilhadeira Paletrans: efici\u00eancia e seguran\u00e7a no armaz\u00e9m\"}]},{\"@type\":\"WebSite\",\"@id\":\"https:\/\/nigroequipamentos.com.br\/conteudo\/#website\",\"url\":\"https:\/\/nigroequipamentos.com.br\/conteudo\/\",\"name\":\"Nigro Equipamentos\",\"description\":\"Loca\u00e7\u00e3o e Vendas\",\"publisher\":{\"@id\":\"https:\/\/nigroequipamentos.com.br\/conteudo\/#organization\"},\"potentialAction\":[{\"@type\":\"SearchAction\",\"target\":{\"@type\":\"EntryPoint\",\"urlTemplate\":\"https:\/\/nigroequipamentos.com.br\/conteudo\/?s={search_term_string}\"},\"query-input\":{\"@type\":\"PropertyValueSpecification\",\"valueRequired\":true,\"valueName\":\"search_term_string\"}}],\"inLanguage\":\"pt-BR\"},{\"@type\":\"Organization\",\"@id\":\"https:\/\/nigroequipamentos.com.br\/conteudo\/#organization\",\"name\":\"Nigro Equipamentos\",\"url\":\"https:\/\/nigroequipamentos.com.br\/conteudo\/\",\"logo\":{\"@type\":\"ImageObject\",\"inLanguage\":\"pt-BR\",\"@id\":\"https:\/\/nigroequipamentos.com.br\/conteudo\/#\/schema\/logo\/image\/\",\"url\":\"https:\/\/nigroequipamentos.com.br\/conteudo\/wp-content\/uploads\/2024\/10\/nigroequipamentos_logo.webp\",\"contentUrl\":\"https:\/\/nigroequipamentos.com.br\/conteudo\/wp-content\/uploads\/2024\/10\/nigroequipamentos_logo.webp\",\"width\":785,\"height\":355,\"caption\":\"Nigro Equipamentos\"},\"image\":{\"@id\":\"https:\/\/nigroequipamentos.com.br\/conteudo\/#\/schema\/logo\/image\/\"},\"sameAs\":[\"https:\/\/www.facebook.com\/nigroequipamentos\",\"https:\/\/www.instagram.com\/nigroequipamentos\/\"]}]}<\/script>\n<!-- \/ Yoast SEO Premium plugin. -->","yoast_head_json":{"title":"Empilhadeira Paletrans: solu\u00e7\u00e3o ideal para armaz\u00e9ns","description":"Descubra como a empilhadeira Paletrans transforma a opera\u00e7\u00e3o do seu armaz\u00e9m com seguran\u00e7a e efici\u00eancia. Conhe\u00e7a a Nigro Equipamentos!","robots":{"index":"index","follow":"follow","max-snippet":"max-snippet:-1","max-image-preview":"max-image-preview:large","max-video-preview":"max-video-preview:-1"},"canonical":"https:\/\/nigroequipamentos.com.br\/conteudo\/empilhadeira-paletrans-eficiencia-e-seguranca-no-armazem\/","og_locale":"pt_BR","og_type":"article","og_title":"Empilhadeira Paletrans: efici\u00eancia e seguran\u00e7a no armaz\u00e9m","og_description":"Descubra como a empilhadeira Paletrans transforma a opera\u00e7\u00e3o do seu armaz\u00e9m com seguran\u00e7a e efici\u00eancia. Conhe\u00e7a a Nigro Equipamentos!","og_url":"https:\/\/nigroequipamentos.com.br\/conteudo\/empilhadeira-paletrans-eficiencia-e-seguranca-no-armazem\/","og_site_name":"Nigro Equipamentos","article_publisher":"https:\/\/www.facebook.com\/nigroequipamentos","twitter_card":"summary_large_image","schema":{"@context":"https:\/\/schema.org","@graph":[{"@type":"WebPage","@id":"https:\/\/nigroequipamentos.com.br\/conteudo\/empilhadeira-paletrans-eficiencia-e-seguranca-no-armazem\/","url":"https:\/\/nigroequipamentos.com.br\/conteudo\/empilhadeira-paletrans-eficiencia-e-seguranca-no-armazem\/","name":"Empilhadeira Paletrans: solu\u00e7\u00e3o ideal para armaz\u00e9ns","isPartOf":{"@id":"https:\/\/nigroequipamentos.com.br\/conteudo\/#website"},"datePublished":"2025-06-24T20:46:08+00:00","dateModified":"2025-06-24T20:46:08+00:00","description":"Descubra como a empilhadeira Paletrans transforma a opera\u00e7\u00e3o do seu armaz\u00e9m com seguran\u00e7a e efici\u00eancia. Conhe\u00e7a a Nigro Equipamentos!","breadcrumb":{"@id":"https:\/\/nigroequipamentos.com.br\/conteudo\/empilhadeira-paletrans-eficiencia-e-seguranca-no-armazem\/#breadcrumb"},"inLanguage":"pt-BR","potentialAction":[{"@type":"ReadAction","target":["https:\/\/nigroequipamentos.com.br\/conteudo\/empilhadeira-paletrans-eficiencia-e-seguranca-no-armazem\/"]}]},{"@type":"BreadcrumbList","@id":"https:\/\/nigroequipamentos.com.br\/conteudo\/empilhadeira-paletrans-eficiencia-e-seguranca-no-armazem\/#breadcrumb","itemListElement":[{"@type":"ListItem","position":1,"name":"In\u00edcio","item":"https:\/\/nigroequipamentos.com.br\/conteudo\/"},{"@type":"ListItem","position":2,"name":"Empilhadeira Paletrans: efici\u00eancia e seguran\u00e7a no armaz\u00e9m"}]},{"@type":"WebSite","@id":"https:\/\/nigroequipamentos.com.br\/conteudo\/#website","url":"https:\/\/nigroequipamentos.com.br\/conteudo\/","name":"Nigro Equipamentos","description":"Loca\u00e7\u00e3o e Vendas","publisher":{"@id":"https:\/\/nigroequipamentos.com.br\/conteudo\/#organization"},"potentialAction":[{"@type":"SearchAction","target":{"@type":"EntryPoint","urlTemplate":"https:\/\/nigroequipamentos.com.br\/conteudo\/?s={search_term_string}"},"query-input":{"@type":"PropertyValueSpecification","valueRequired":true,"valueName":"search_term_string"}}],"inLanguage":"pt-BR"},{"@type":"Organization","@id":"https:\/\/nigroequipamentos.com.br\/conteudo\/#organization","name":"Nigro Equipamentos","url":"https:\/\/nigroequipamentos.com.br\/conteudo\/","logo":{"@type":"ImageObject","inLanguage":"pt-BR","@id":"https:\/\/nigroequipamentos.com.br\/conteudo\/#\/schema\/logo\/image\/","url":"https:\/\/nigroequipamentos.com.br\/conteudo\/wp-content\/uploads\/2024\/10\/nigroequipamentos_logo.webp","contentUrl":"https:\/\/nigroequipamentos.com.br\/conteudo\/wp-content\/uploads\/2024\/10\/nigroequipamentos_logo.webp","width":785,"height":355,"caption":"Nigro Equipamentos"},"image":{"@id":"https:\/\/nigroequipamentos.com.br\/conteudo\/#\/schema\/logo\/image\/"},"sameAs":["https:\/\/www.facebook.com\/nigroequipamentos","https:\/\/www.instagram.com\/nigroequipamentos\/"]}]}},"_links":{"self":[{"href":"https:\/\/nigroequipamentos.com.br\/conteudo\/wp-json\/wp\/v2\/pages\/37369","targetHints":{"allow":["GET"]}}],"collection":[{"href":"https:\/\/nigroequipamentos.com.br\/conteudo\/wp-json\/wp\/v2\/pages"}],"about":[{"href":"https:\/\/nigroequipamentos.com.br\/conteudo\/wp-json\/wp\/v2\/types\/page"}],"author":[{"embeddable":true,"href":"https:\/\/nigroequipamentos.com.br\/conteudo\/wp-json\/wp\/v2\/users\/3"}],"replies":[{"embeddable":true,"href":"https:\/\/nigroequipamentos.com.br\/conteudo\/wp-json\/wp\/v2\/comments?post=37369"}],"version-history":[{"count":0,"href":"https:\/\/nigroequipamentos.com.br\/conteudo\/wp-json\/wp\/v2\/pages\/37369\/revisions"}],"wp:attachment":[{"href":"https:\/\/nigroequipamentos.com.br\/conteudo\/wp-json\/wp\/v2\/media?parent=37369"}],"curies":[{"name":"wp","href":"https:\/\/api.w.org\/{rel}","templated":true}]}}