{"id":36376,"date":"2025-06-22T10:01:00","date_gmt":"2025-06-22T13:01:00","guid":{"rendered":"https:\/\/nigroequipamentos.com.br\/conteudo\/descubra-o-preco-da-empilhadeira-paletrans-na-nigro-equipamentos\/"},"modified":"2025-06-22T10:01:00","modified_gmt":"2025-06-22T13:01:00","slug":"descubra-o-preco-da-empilhadeira-paletrans-na-nigro-equipamentos","status":"publish","type":"page","link":"https:\/\/nigroequipamentos.com.br\/conteudo\/descubra-o-preco-da-empilhadeira-paletrans-na-nigro-equipamentos\/","title":{"rendered":"Descubra o Pre\u00e7o da Empilhadeira Paletrans na Nigro Equipamentos"},"content":{"rendered":"<p>Entender o pre\u00e7o da Empilhadeira Paletrans \u00e9 fundamental para otimizar seus custos operacionais. Na Nigro Equipamentos, oferecemos pre\u00e7os competitivos e condi\u00e7\u00f5es excepcionais para loca\u00e7\u00e3o e venda. Nossas empilhadeiras s\u00e3o sin\u00f4nimo de qualidade e efici\u00eancia. Ao pesquisar &#8216;Empilhadeira Paletrans pre\u00e7o&#8217;, voc\u00ea encontrar\u00e1 que a Nigro Equipamentos se destaca pela confiabilidade e pelo excelente atendimento. Temos uma equipe especializada pronta para ajud\u00e1-lo a encontrar a melhor op\u00e7\u00e3o que se encaixa nas suas necessidades, seja para compra ou loca\u00e7\u00e3o. Al\u00e9m disso, garantimos a manuten\u00e7\u00e3o de nossos equipamentos, assegurando que voc\u00ea tenha sempre a melhor performance. Se voc\u00ea quer entender melhor sobre o &#8216;Empilhadeira Paletrans pre\u00e7o&#8217;, saiba que na Nigro Equipamentos n\u00f3s garantimos acesso a informa\u00e7\u00f5es claras e diretas, sempre priorizando a transpar\u00eancia.<\/p>\n","protected":false},"excerpt":{"rendered":"<p>Entender o pre\u00e7o da Empilhadeira Paletrans \u00e9 fundamental para otimizar seus custos operacionais. Na Nigro Equipamentos, oferecemos pre\u00e7os competitivos e condi\u00e7\u00f5es excepcionais para loca\u00e7\u00e3o e venda. Nossas empilhadeiras s\u00e3o sin\u00f4nimo de qualidade e efici\u00eancia. Ao pesquisar &#8216;Empilhadeira Paletrans pre\u00e7o&#8217;, voc\u00ea encontrar\u00e1 que a Nigro Equipamentos se destaca pela confiabilidade e pelo excelente atendimento. Temos uma&hellip;&nbsp;<a href=\"https:\/\/nigroequipamentos.com.br\/conteudo\/descubra-o-preco-da-empilhadeira-paletrans-na-nigro-equipamentos\/\" class=\"\" rel=\"bookmark\">Continue a ler &raquo;<span class=\"screen-reader-text\">Descubra o Pre\u00e7o da Empilhadeira Paletrans na Nigro Equipamentos<\/span><\/a><\/p>\n","protected":false},"author":3,"featured_media":0,"parent":0,"menu_order":0,"comment_status":"closed","ping_status":"closed","template":"","meta":{"_acf_changed":false,"_yoast_wpseo_focuskw":"Empilhadeira Paletrans pre\u00e7o","_yoast_wpseo_title":"Empilhadeira Paletrans pre\u00e7o: As Melhores Op\u00e7\u00f5es na Nigro Equipamentos","_yoast_wpseo_metadesc":"Saiba tudo sobre o pre\u00e7o da Empilhadeira Paletrans e como a Nigro Equipamentos pode ajudar na sua escolha.","neve_meta_sidebar":"","neve_meta_container":"","neve_meta_enable_content_width":"","neve_meta_content_width":0,"neve_meta_title_alignment":"","neve_meta_author_avatar":"","neve_post_elements_order":"","neve_meta_disable_header":"","neve_meta_disable_footer":"","neve_meta_disable_title":"","footnotes":""},"class_list":["post-36376","page","type-page","status-publish","hentry"],"acf":{"bloco1title":"Qualidade Garantida","bloco1text":"A Nigro Equipamentos oferece Empilhadeiras Paletrans com qualidade garantida, promovendo efici\u00eancia nas opera\u00e7\u00f5es log\u00edsticas.","bloco2title":"Atendimento Personalizado","bloco2text":"Nosso time fornece um atendimento exclusivo para entender suas necessidades e oferecer a melhor solu\u00e7\u00e3o.","bloco3title":"Economia no Pre\u00e7o","bloco3text":"A escolha certa da empilhadeira pode resultar em uma significativa economia no pre\u00e7o e nos custos operacionais a longo prazo.","posttitle":"O que Voc\u00ea Precisa Saber Sobre o Pre\u00e7o da Empilhadeira Paletrans","postcontent":"<strong>Empilhadeira Paletrans pre\u00e7o<\/strong> \u00e9 um dos fatores mais importantes no processo de escolha de equipamentos para o seu neg\u00f3cio. Na Nigro Equipamentos, voc\u00ea encontra as melhores op\u00e7\u00f5es com pre\u00e7os que cabem no seu or\u00e7amento. Nossa linha de Empilhadeiras Paletrans \u00e9 ideal para otimizar sua log\u00edstica e maximizar a efici\u00eancia do trabalho. A varia\u00e7\u00e3o do <strong>pre\u00e7o da Empilhadeira Paletrans<\/strong> depende de diversos fatores, como a capacidade de carga, o modelo escolhido e, claro, as condi\u00e7\u00f5es de compra ou loca\u00e7\u00e3o. Com um compromisso com a qualidade, oferecemos manuten\u00e7\u00e3o cont\u00ednua e assist\u00eancia t\u00e9cnica especializada. A pesquisa pelo <strong>pre\u00e7o da Empilhadeira Paletrans<\/strong> deve considerar n\u00e3o apenas o custo inicial, mas tamb\u00e9m os benef\u00edcios a longo prazo que uma boa escolha pode trazer. \u00c9 importante avaliar o total cost of ownership, que inclui manuten\u00e7\u00e3o e consumo de energia. Ao optar pela Nigro Equipamentos, voc\u00ea garante n\u00e3o apenas um <strong>pre\u00e7o acess\u00edvel<\/strong>, mas tamb\u00e9m qualidade e suporte cont\u00ednuo, estabelecendo uma parceria que levar\u00e1 seu neg\u00f3cio a novos patamares.","insightwidtitle":"Curiosidades Sobre Empilhadeiras","insightwidcontent":"Voc\u00ea sabia que as empilhadeiras s\u00e3o uma inven\u00e7\u00e3o americana? Desde sua cria\u00e7\u00e3o, elas transformaram o setor de armazenagem e log\u00edstica, permitindo que cargas pesadas fossem levantadas com facilidade. Embora a 'Empilhadeira Paletrans pre\u00e7o' varie, a funcionalidade e durabilidade desses equipamentos t\u00eam um valor inestim\u00e1vel para a efici\u00eancia operacional."},"yoast_head":"<!-- This site is optimized with the Yoast SEO Premium plugin v18.3 (Yoast SEO v23.4) - https:\/\/yoast.com\/wordpress\/plugins\/seo\/ -->\n<title>Empilhadeira Paletrans pre\u00e7o: As Melhores Op\u00e7\u00f5es na Nigro Equipamentos<\/title>\n<meta name=\"description\" content=\"Saiba tudo sobre o pre\u00e7o da Empilhadeira Paletrans e como a Nigro Equipamentos pode ajudar na sua escolha.\" \/>\n<meta name=\"robots\" content=\"index, follow, max-snippet:-1, max-image-preview:large, max-video-preview:-1\" \/>\n<link rel=\"canonical\" href=\"https:\/\/nigroequipamentos.com.br\/conteudo\/descubra-o-preco-da-empilhadeira-paletrans-na-nigro-equipamentos\/\" \/>\n<meta property=\"og:locale\" content=\"pt_BR\" \/>\n<meta property=\"og:type\" content=\"article\" \/>\n<meta property=\"og:title\" content=\"Descubra o Pre\u00e7o da Empilhadeira Paletrans na Nigro Equipamentos\" \/>\n<meta property=\"og:description\" content=\"Saiba tudo sobre o pre\u00e7o da Empilhadeira Paletrans e como a Nigro Equipamentos pode ajudar na sua escolha.\" \/>\n<meta property=\"og:url\" content=\"https:\/\/nigroequipamentos.com.br\/conteudo\/descubra-o-preco-da-empilhadeira-paletrans-na-nigro-equipamentos\/\" \/>\n<meta property=\"og:site_name\" content=\"Nigro Equipamentos\" \/>\n<meta property=\"article:publisher\" content=\"https:\/\/www.facebook.com\/nigroequipamentos\" \/>\n<meta name=\"twitter:card\" content=\"summary_large_image\" \/>\n<meta name=\"twitter:label1\" content=\"Est. tempo de leitura\" \/>\n\t<meta name=\"twitter:data1\" content=\"1 minuto\" \/>\n<script type=\"application\/ld+json\" class=\"yoast-schema-graph\">{\"@context\":\"https:\/\/schema.org\",\"@graph\":[{\"@type\":\"WebPage\",\"@id\":\"https:\/\/nigroequipamentos.com.br\/conteudo\/descubra-o-preco-da-empilhadeira-paletrans-na-nigro-equipamentos\/\",\"url\":\"https:\/\/nigroequipamentos.com.br\/conteudo\/descubra-o-preco-da-empilhadeira-paletrans-na-nigro-equipamentos\/\",\"name\":\"Empilhadeira Paletrans pre\u00e7o: As Melhores Op\u00e7\u00f5es na Nigro Equipamentos\",\"isPartOf\":{\"@id\":\"https:\/\/nigroequipamentos.com.br\/conteudo\/#website\"},\"datePublished\":\"2025-06-22T13:01:00+00:00\",\"dateModified\":\"2025-06-22T13:01:00+00:00\",\"description\":\"Saiba tudo sobre o pre\u00e7o da Empilhadeira Paletrans e como a Nigro Equipamentos pode ajudar na sua escolha.\",\"breadcrumb\":{\"@id\":\"https:\/\/nigroequipamentos.com.br\/conteudo\/descubra-o-preco-da-empilhadeira-paletrans-na-nigro-equipamentos\/#breadcrumb\"},\"inLanguage\":\"pt-BR\",\"potentialAction\":[{\"@type\":\"ReadAction\",\"target\":[\"https:\/\/nigroequipamentos.com.br\/conteudo\/descubra-o-preco-da-empilhadeira-paletrans-na-nigro-equipamentos\/\"]}]},{\"@type\":\"BreadcrumbList\",\"@id\":\"https:\/\/nigroequipamentos.com.br\/conteudo\/descubra-o-preco-da-empilhadeira-paletrans-na-nigro-equipamentos\/#breadcrumb\",\"itemListElement\":[{\"@type\":\"ListItem\",\"position\":1,\"name\":\"In\u00edcio\",\"item\":\"https:\/\/nigroequipamentos.com.br\/conteudo\/\"},{\"@type\":\"ListItem\",\"position\":2,\"name\":\"Descubra o Pre\u00e7o da Empilhadeira Paletrans na Nigro Equipamentos\"}]},{\"@type\":\"WebSite\",\"@id\":\"https:\/\/nigroequipamentos.com.br\/conteudo\/#website\",\"url\":\"https:\/\/nigroequipamentos.com.br\/conteudo\/\",\"name\":\"Nigro Equipamentos\",\"description\":\"Loca\u00e7\u00e3o e Vendas\",\"publisher\":{\"@id\":\"https:\/\/nigroequipamentos.com.br\/conteudo\/#organization\"},\"potentialAction\":[{\"@type\":\"SearchAction\",\"target\":{\"@type\":\"EntryPoint\",\"urlTemplate\":\"https:\/\/nigroequipamentos.com.br\/conteudo\/?s={search_term_string}\"},\"query-input\":{\"@type\":\"PropertyValueSpecification\",\"valueRequired\":true,\"valueName\":\"search_term_string\"}}],\"inLanguage\":\"pt-BR\"},{\"@type\":\"Organization\",\"@id\":\"https:\/\/nigroequipamentos.com.br\/conteudo\/#organization\",\"name\":\"Nigro Equipamentos\",\"url\":\"https:\/\/nigroequipamentos.com.br\/conteudo\/\",\"logo\":{\"@type\":\"ImageObject\",\"inLanguage\":\"pt-BR\",\"@id\":\"https:\/\/nigroequipamentos.com.br\/conteudo\/#\/schema\/logo\/image\/\",\"url\":\"https:\/\/nigroequipamentos.com.br\/conteudo\/wp-content\/uploads\/2024\/10\/nigroequipamentos_logo.webp\",\"contentUrl\":\"https:\/\/nigroequipamentos.com.br\/conteudo\/wp-content\/uploads\/2024\/10\/nigroequipamentos_logo.webp\",\"width\":785,\"height\":355,\"caption\":\"Nigro Equipamentos\"},\"image\":{\"@id\":\"https:\/\/nigroequipamentos.com.br\/conteudo\/#\/schema\/logo\/image\/\"},\"sameAs\":[\"https:\/\/www.facebook.com\/nigroequipamentos\",\"https:\/\/www.instagram.com\/nigroequipamentos\/\"]}]}<\/script>\n<!-- \/ Yoast SEO Premium plugin. -->","yoast_head_json":{"title":"Empilhadeira Paletrans pre\u00e7o: As Melhores Op\u00e7\u00f5es na Nigro Equipamentos","description":"Saiba tudo sobre o pre\u00e7o da Empilhadeira Paletrans e como a Nigro Equipamentos pode ajudar na sua escolha.","robots":{"index":"index","follow":"follow","max-snippet":"max-snippet:-1","max-image-preview":"max-image-preview:large","max-video-preview":"max-video-preview:-1"},"canonical":"https:\/\/nigroequipamentos.com.br\/conteudo\/descubra-o-preco-da-empilhadeira-paletrans-na-nigro-equipamentos\/","og_locale":"pt_BR","og_type":"article","og_title":"Descubra o Pre\u00e7o da Empilhadeira Paletrans na Nigro Equipamentos","og_description":"Saiba tudo sobre o pre\u00e7o da Empilhadeira Paletrans e como a Nigro Equipamentos pode ajudar na sua escolha.","og_url":"https:\/\/nigroequipamentos.com.br\/conteudo\/descubra-o-preco-da-empilhadeira-paletrans-na-nigro-equipamentos\/","og_site_name":"Nigro Equipamentos","article_publisher":"https:\/\/www.facebook.com\/nigroequipamentos","twitter_card":"summary_large_image","twitter_misc":{"Est. tempo de leitura":"1 minuto"},"schema":{"@context":"https:\/\/schema.org","@graph":[{"@type":"WebPage","@id":"https:\/\/nigroequipamentos.com.br\/conteudo\/descubra-o-preco-da-empilhadeira-paletrans-na-nigro-equipamentos\/","url":"https:\/\/nigroequipamentos.com.br\/conteudo\/descubra-o-preco-da-empilhadeira-paletrans-na-nigro-equipamentos\/","name":"Empilhadeira Paletrans pre\u00e7o: As Melhores Op\u00e7\u00f5es na Nigro Equipamentos","isPartOf":{"@id":"https:\/\/nigroequipamentos.com.br\/conteudo\/#website"},"datePublished":"2025-06-22T13:01:00+00:00","dateModified":"2025-06-22T13:01:00+00:00","description":"Saiba tudo sobre o pre\u00e7o da Empilhadeira Paletrans e como a Nigro Equipamentos pode ajudar na sua escolha.","breadcrumb":{"@id":"https:\/\/nigroequipamentos.com.br\/conteudo\/descubra-o-preco-da-empilhadeira-paletrans-na-nigro-equipamentos\/#breadcrumb"},"inLanguage":"pt-BR","potentialAction":[{"@type":"ReadAction","target":["https:\/\/nigroequipamentos.com.br\/conteudo\/descubra-o-preco-da-empilhadeira-paletrans-na-nigro-equipamentos\/"]}]},{"@type":"BreadcrumbList","@id":"https:\/\/nigroequipamentos.com.br\/conteudo\/descubra-o-preco-da-empilhadeira-paletrans-na-nigro-equipamentos\/#breadcrumb","itemListElement":[{"@type":"ListItem","position":1,"name":"In\u00edcio","item":"https:\/\/nigroequipamentos.com.br\/conteudo\/"},{"@type":"ListItem","position":2,"name":"Descubra o Pre\u00e7o da Empilhadeira Paletrans na Nigro Equipamentos"}]},{"@type":"WebSite","@id":"https:\/\/nigroequipamentos.com.br\/conteudo\/#website","url":"https:\/\/nigroequipamentos.com.br\/conteudo\/","name":"Nigro Equipamentos","description":"Loca\u00e7\u00e3o e Vendas","publisher":{"@id":"https:\/\/nigroequipamentos.com.br\/conteudo\/#organization"},"potentialAction":[{"@type":"SearchAction","target":{"@type":"EntryPoint","urlTemplate":"https:\/\/nigroequipamentos.com.br\/conteudo\/?s={search_term_string}"},"query-input":{"@type":"PropertyValueSpecification","valueRequired":true,"valueName":"search_term_string"}}],"inLanguage":"pt-BR"},{"@type":"Organization","@id":"https:\/\/nigroequipamentos.com.br\/conteudo\/#organization","name":"Nigro Equipamentos","url":"https:\/\/nigroequipamentos.com.br\/conteudo\/","logo":{"@type":"ImageObject","inLanguage":"pt-BR","@id":"https:\/\/nigroequipamentos.com.br\/conteudo\/#\/schema\/logo\/image\/","url":"https:\/\/nigroequipamentos.com.br\/conteudo\/wp-content\/uploads\/2024\/10\/nigroequipamentos_logo.webp","contentUrl":"https:\/\/nigroequipamentos.com.br\/conteudo\/wp-content\/uploads\/2024\/10\/nigroequipamentos_logo.webp","width":785,"height":355,"caption":"Nigro Equipamentos"},"image":{"@id":"https:\/\/nigroequipamentos.com.br\/conteudo\/#\/schema\/logo\/image\/"},"sameAs":["https:\/\/www.facebook.com\/nigroequipamentos","https:\/\/www.instagram.com\/nigroequipamentos\/"]}]}},"_links":{"self":[{"href":"https:\/\/nigroequipamentos.com.br\/conteudo\/wp-json\/wp\/v2\/pages\/36376","targetHints":{"allow":["GET"]}}],"collection":[{"href":"https:\/\/nigroequipamentos.com.br\/conteudo\/wp-json\/wp\/v2\/pages"}],"about":[{"href":"https:\/\/nigroequipamentos.com.br\/conteudo\/wp-json\/wp\/v2\/types\/page"}],"author":[{"embeddable":true,"href":"https:\/\/nigroequipamentos.com.br\/conteudo\/wp-json\/wp\/v2\/users\/3"}],"replies":[{"embeddable":true,"href":"https:\/\/nigroequipamentos.com.br\/conteudo\/wp-json\/wp\/v2\/comments?post=36376"}],"version-history":[{"count":0,"href":"https:\/\/nigroequipamentos.com.br\/conteudo\/wp-json\/wp\/v2\/pages\/36376\/revisions"}],"wp:attachment":[{"href":"https:\/\/nigroequipamentos.com.br\/conteudo\/wp-json\/wp\/v2\/media?parent=36376"}],"curies":[{"name":"wp","href":"https:\/\/api.w.org\/{rel}","templated":true}]}}