{"id":35821,"date":"2025-06-21T03:00:58","date_gmt":"2025-06-21T06:00:58","guid":{"rendered":"https:\/\/nigroequipamentos.com.br\/conteudo\/conheca-a-empilhadeira-paletrans-especificacoes-e-vantagens\/"},"modified":"2025-06-21T03:00:58","modified_gmt":"2025-06-21T06:00:58","slug":"conheca-a-empilhadeira-paletrans-especificacoes-e-vantagens","status":"publish","type":"page","link":"https:\/\/nigroequipamentos.com.br\/conteudo\/conheca-a-empilhadeira-paletrans-especificacoes-e-vantagens\/","title":{"rendered":"Conhe\u00e7a a Empilhadeira Paletrans: Especifica\u00e7\u00f5es e Vantagens"},"content":{"rendered":"<p>A Empilhadeira Paletrans \u00e9 uma verdadeira aliada na log\u00edstica eficiente. Este equipamento \u00e9 reconhecido por sua robustez e versatilidade. A Paletrans possui especifica\u00e7\u00f5es que atendem \u00e0s mais diversas necessidades do setor, como alta capacidade de carga e excelente manobrabilidade em espa\u00e7os reduzidos. Investir em uma Empilhadeira Paletrans garante n\u00e3o apenas a agilidade no manuseio, mas tamb\u00e9m a seguran\u00e7a do seu estoque. Na Nigro Equipamentos, voc\u00ea encontra esse modelo com as melhores condi\u00e7\u00f5es para compra, manuten\u00e7\u00e3o e loca\u00e7\u00e3o.<\/p>\n","protected":false},"excerpt":{"rendered":"<p>A Empilhadeira Paletrans \u00e9 uma verdadeira aliada na log\u00edstica eficiente. Este equipamento \u00e9 reconhecido por sua robustez e versatilidade. A Paletrans possui especifica\u00e7\u00f5es que atendem \u00e0s mais diversas necessidades do setor, como alta capacidade de carga e excelente manobrabilidade em espa\u00e7os reduzidos. Investir em uma Empilhadeira Paletrans garante n\u00e3o apenas a agilidade no manuseio, mas&hellip;&nbsp;<a href=\"https:\/\/nigroequipamentos.com.br\/conteudo\/conheca-a-empilhadeira-paletrans-especificacoes-e-vantagens\/\" class=\"\" rel=\"bookmark\">Continue a ler &raquo;<span class=\"screen-reader-text\">Conhe\u00e7a a Empilhadeira Paletrans: Especifica\u00e7\u00f5es e Vantagens<\/span><\/a><\/p>\n","protected":false},"author":3,"featured_media":0,"parent":0,"menu_order":0,"comment_status":"closed","ping_status":"closed","template":"","meta":{"_acf_changed":false,"_yoast_wpseo_focuskw":"Empilhadeira Paletrans especifica\u00e7\u00f5es","_yoast_wpseo_title":"Empilhadeira Paletrans: Especifica\u00e7\u00f5es e Vantagens","_yoast_wpseo_metadesc":"Descubra os diferenciais e especifica\u00e7\u00f5es da Empilhadeira Paletrans. Conhe\u00e7a as vantagens desse equipamento com a Nigro Equipamentos.","neve_meta_sidebar":"","neve_meta_container":"","neve_meta_enable_content_width":"","neve_meta_content_width":0,"neve_meta_title_alignment":"","neve_meta_author_avatar":"","neve_post_elements_order":"","neve_meta_disable_header":"","neve_meta_disable_footer":"","neve_meta_disable_title":"","footnotes":""},"class_list":["post-35821","page","type-page","status-publish","hentry"],"acf":{"bloco1title":"Versatilidade Garantida","bloco1text":"As empilhadeiras Paletrans oferecem op\u00e7\u00f5es para diferentes tipos de carga, aumentando a efici\u00eancia operacional da sua empresa.","bloco2title":"Capacidade de Carga","bloco2text":"Com alta capacidade de carga, as Empilhadeiras Paletrans s\u00e3o ideais para opera\u00e7\u00f5es em armaz\u00e9ns e centros de distribui\u00e7\u00e3o.","bloco3title":"Seguran\u00e7a Aprimorada","bloco3text":"As especifica\u00e7\u00f5es de seguran\u00e7a, como sistemas de frenagem e prote\u00e7\u00e3o do operador, tornam a Empilhadeira Paletrans confi\u00e1vel para seu uso di\u00e1rio.","posttitle":"Tudo sobre Empilhadeiras Paletrans: Especifica\u00e7\u00f5es e Benef\u00edcios","postcontent":"<strong>Empilhadeiras Paletrans<\/strong> s\u00e3o projetadas para proporcionar efici\u00eancia m\u00e1xima nas opera\u00e7\u00f5es log\u00edsticas. Com diversas especifica\u00e7\u00f5es que atendem desde pequenas ind\u00fastrias at\u00e9 grandes armaz\u00e9ns, este equipamento se destaca pela sua performance. Entre suas principais especifica\u00e7\u00f5es, a Empilhadeira Paletrans se distingue pela robustez na estrutura, permitindo carregar pesos consider\u00e1veis com seguran\u00e7a. Com isso, a Paletrans garante um giro de estoque mais \u00e1gil, visto que suas manobras s\u00e3o facilitadas por um raio de giro reduzido. A opera\u00e7\u00e3o de uma Empilhadeira Paletrans \u00e9 fluida, um aspecto fundamental que reflete na produtividade da equipe. Al\u00e9m disso, as especifica\u00e7\u00f5es t\u00e9cnicas incluem um painel acess\u00edvel e intuitivo, que facilita o manuseio pelo operador, tornando a experi\u00eancia de uso ainda mais cativante. Para empresas que buscam n\u00e3o apenas desempenho, mas tamb\u00e9m confiabilidade, o investimento em uma Empilhadeira Paletrans \u00e9 sempre uma escolha acertada. A Nigro Equipamentos se destaca como a melhor op\u00e7\u00e3o para a compra, manuten\u00e7\u00e3o e loca\u00e7\u00e3o da Empilhadeira Paletrans, oferecendo um suporte t\u00e9cnico qualificado e respeitando todos os padr\u00f5es de seguran\u00e7a exigidos. <\/strong> Voc\u00ea pode confiar que, ao optar pela Nigro Equipamentos, est\u00e1 escolhendo n\u00e3o apenas um fornecedor, mas um parceiro estrat\u00e9gico para o sucesso das suas opera\u00e7\u00f5es.","insightwidtitle":"Curiosidades sobre Paletrans","insightwidcontent":"Voc\u00ea sabia que a Empilhadeira Paletrans foi projetada para operar em ambientes de espa\u00e7o limitado? Isso a torna uma favorita entre empresas que precisam otimizar seus armaz\u00e9ns. Al\u00e9m disso, a baixa manuten\u00e7\u00e3o necess\u00e1ria \u00e9 um atrativo para aqueles que buscam reduzir custos operacionais. Muitos usu\u00e1rios relatam que o conforto que a Paletrans proporciona a seus operadores torna o trabalho mais produtivo e agrad\u00e1vel!"},"yoast_head":"<!-- This site is optimized with the Yoast SEO Premium plugin v18.3 (Yoast SEO v23.4) - https:\/\/yoast.com\/wordpress\/plugins\/seo\/ -->\n<title>Empilhadeira Paletrans: Especifica\u00e7\u00f5es e Vantagens<\/title>\n<meta name=\"description\" content=\"Descubra os diferenciais e especifica\u00e7\u00f5es da Empilhadeira Paletrans. Conhe\u00e7a as vantagens desse equipamento com a Nigro Equipamentos.\" \/>\n<meta name=\"robots\" content=\"index, follow, max-snippet:-1, max-image-preview:large, max-video-preview:-1\" \/>\n<link rel=\"canonical\" href=\"https:\/\/nigroequipamentos.com.br\/conteudo\/conheca-a-empilhadeira-paletrans-especificacoes-e-vantagens\/\" \/>\n<meta property=\"og:locale\" content=\"pt_BR\" \/>\n<meta property=\"og:type\" content=\"article\" \/>\n<meta property=\"og:title\" content=\"Conhe\u00e7a a Empilhadeira Paletrans: Especifica\u00e7\u00f5es e Vantagens\" \/>\n<meta property=\"og:description\" content=\"Descubra os diferenciais e especifica\u00e7\u00f5es da Empilhadeira Paletrans. Conhe\u00e7a as vantagens desse equipamento com a Nigro Equipamentos.\" \/>\n<meta property=\"og:url\" content=\"https:\/\/nigroequipamentos.com.br\/conteudo\/conheca-a-empilhadeira-paletrans-especificacoes-e-vantagens\/\" \/>\n<meta property=\"og:site_name\" content=\"Nigro Equipamentos\" \/>\n<meta property=\"article:publisher\" content=\"https:\/\/www.facebook.com\/nigroequipamentos\" \/>\n<meta name=\"twitter:card\" content=\"summary_large_image\" \/>\n<script type=\"application\/ld+json\" class=\"yoast-schema-graph\">{\"@context\":\"https:\/\/schema.org\",\"@graph\":[{\"@type\":\"WebPage\",\"@id\":\"https:\/\/nigroequipamentos.com.br\/conteudo\/conheca-a-empilhadeira-paletrans-especificacoes-e-vantagens\/\",\"url\":\"https:\/\/nigroequipamentos.com.br\/conteudo\/conheca-a-empilhadeira-paletrans-especificacoes-e-vantagens\/\",\"name\":\"Empilhadeira Paletrans: Especifica\u00e7\u00f5es e Vantagens\",\"isPartOf\":{\"@id\":\"https:\/\/nigroequipamentos.com.br\/conteudo\/#website\"},\"datePublished\":\"2025-06-21T06:00:58+00:00\",\"dateModified\":\"2025-06-21T06:00:58+00:00\",\"description\":\"Descubra os diferenciais e especifica\u00e7\u00f5es da Empilhadeira Paletrans. Conhe\u00e7a as vantagens desse equipamento com a Nigro Equipamentos.\",\"breadcrumb\":{\"@id\":\"https:\/\/nigroequipamentos.com.br\/conteudo\/conheca-a-empilhadeira-paletrans-especificacoes-e-vantagens\/#breadcrumb\"},\"inLanguage\":\"pt-BR\",\"potentialAction\":[{\"@type\":\"ReadAction\",\"target\":[\"https:\/\/nigroequipamentos.com.br\/conteudo\/conheca-a-empilhadeira-paletrans-especificacoes-e-vantagens\/\"]}]},{\"@type\":\"BreadcrumbList\",\"@id\":\"https:\/\/nigroequipamentos.com.br\/conteudo\/conheca-a-empilhadeira-paletrans-especificacoes-e-vantagens\/#breadcrumb\",\"itemListElement\":[{\"@type\":\"ListItem\",\"position\":1,\"name\":\"In\u00edcio\",\"item\":\"https:\/\/nigroequipamentos.com.br\/conteudo\/\"},{\"@type\":\"ListItem\",\"position\":2,\"name\":\"Conhe\u00e7a a Empilhadeira Paletrans: Especifica\u00e7\u00f5es e Vantagens\"}]},{\"@type\":\"WebSite\",\"@id\":\"https:\/\/nigroequipamentos.com.br\/conteudo\/#website\",\"url\":\"https:\/\/nigroequipamentos.com.br\/conteudo\/\",\"name\":\"Nigro Equipamentos\",\"description\":\"Loca\u00e7\u00e3o e Vendas\",\"publisher\":{\"@id\":\"https:\/\/nigroequipamentos.com.br\/conteudo\/#organization\"},\"potentialAction\":[{\"@type\":\"SearchAction\",\"target\":{\"@type\":\"EntryPoint\",\"urlTemplate\":\"https:\/\/nigroequipamentos.com.br\/conteudo\/?s={search_term_string}\"},\"query-input\":{\"@type\":\"PropertyValueSpecification\",\"valueRequired\":true,\"valueName\":\"search_term_string\"}}],\"inLanguage\":\"pt-BR\"},{\"@type\":\"Organization\",\"@id\":\"https:\/\/nigroequipamentos.com.br\/conteudo\/#organization\",\"name\":\"Nigro Equipamentos\",\"url\":\"https:\/\/nigroequipamentos.com.br\/conteudo\/\",\"logo\":{\"@type\":\"ImageObject\",\"inLanguage\":\"pt-BR\",\"@id\":\"https:\/\/nigroequipamentos.com.br\/conteudo\/#\/schema\/logo\/image\/\",\"url\":\"https:\/\/nigroequipamentos.com.br\/conteudo\/wp-content\/uploads\/2024\/10\/nigroequipamentos_logo.webp\",\"contentUrl\":\"https:\/\/nigroequipamentos.com.br\/conteudo\/wp-content\/uploads\/2024\/10\/nigroequipamentos_logo.webp\",\"width\":785,\"height\":355,\"caption\":\"Nigro Equipamentos\"},\"image\":{\"@id\":\"https:\/\/nigroequipamentos.com.br\/conteudo\/#\/schema\/logo\/image\/\"},\"sameAs\":[\"https:\/\/www.facebook.com\/nigroequipamentos\",\"https:\/\/www.instagram.com\/nigroequipamentos\/\"]}]}<\/script>\n<!-- \/ Yoast SEO Premium plugin. -->","yoast_head_json":{"title":"Empilhadeira Paletrans: Especifica\u00e7\u00f5es e Vantagens","description":"Descubra os diferenciais e especifica\u00e7\u00f5es da Empilhadeira Paletrans. Conhe\u00e7a as vantagens desse equipamento com a Nigro Equipamentos.","robots":{"index":"index","follow":"follow","max-snippet":"max-snippet:-1","max-image-preview":"max-image-preview:large","max-video-preview":"max-video-preview:-1"},"canonical":"https:\/\/nigroequipamentos.com.br\/conteudo\/conheca-a-empilhadeira-paletrans-especificacoes-e-vantagens\/","og_locale":"pt_BR","og_type":"article","og_title":"Conhe\u00e7a a Empilhadeira Paletrans: Especifica\u00e7\u00f5es e Vantagens","og_description":"Descubra os diferenciais e especifica\u00e7\u00f5es da Empilhadeira Paletrans. Conhe\u00e7a as vantagens desse equipamento com a Nigro Equipamentos.","og_url":"https:\/\/nigroequipamentos.com.br\/conteudo\/conheca-a-empilhadeira-paletrans-especificacoes-e-vantagens\/","og_site_name":"Nigro Equipamentos","article_publisher":"https:\/\/www.facebook.com\/nigroequipamentos","twitter_card":"summary_large_image","schema":{"@context":"https:\/\/schema.org","@graph":[{"@type":"WebPage","@id":"https:\/\/nigroequipamentos.com.br\/conteudo\/conheca-a-empilhadeira-paletrans-especificacoes-e-vantagens\/","url":"https:\/\/nigroequipamentos.com.br\/conteudo\/conheca-a-empilhadeira-paletrans-especificacoes-e-vantagens\/","name":"Empilhadeira Paletrans: Especifica\u00e7\u00f5es e Vantagens","isPartOf":{"@id":"https:\/\/nigroequipamentos.com.br\/conteudo\/#website"},"datePublished":"2025-06-21T06:00:58+00:00","dateModified":"2025-06-21T06:00:58+00:00","description":"Descubra os diferenciais e especifica\u00e7\u00f5es da Empilhadeira Paletrans. Conhe\u00e7a as vantagens desse equipamento com a Nigro Equipamentos.","breadcrumb":{"@id":"https:\/\/nigroequipamentos.com.br\/conteudo\/conheca-a-empilhadeira-paletrans-especificacoes-e-vantagens\/#breadcrumb"},"inLanguage":"pt-BR","potentialAction":[{"@type":"ReadAction","target":["https:\/\/nigroequipamentos.com.br\/conteudo\/conheca-a-empilhadeira-paletrans-especificacoes-e-vantagens\/"]}]},{"@type":"BreadcrumbList","@id":"https:\/\/nigroequipamentos.com.br\/conteudo\/conheca-a-empilhadeira-paletrans-especificacoes-e-vantagens\/#breadcrumb","itemListElement":[{"@type":"ListItem","position":1,"name":"In\u00edcio","item":"https:\/\/nigroequipamentos.com.br\/conteudo\/"},{"@type":"ListItem","position":2,"name":"Conhe\u00e7a a Empilhadeira Paletrans: Especifica\u00e7\u00f5es e Vantagens"}]},{"@type":"WebSite","@id":"https:\/\/nigroequipamentos.com.br\/conteudo\/#website","url":"https:\/\/nigroequipamentos.com.br\/conteudo\/","name":"Nigro Equipamentos","description":"Loca\u00e7\u00e3o e Vendas","publisher":{"@id":"https:\/\/nigroequipamentos.com.br\/conteudo\/#organization"},"potentialAction":[{"@type":"SearchAction","target":{"@type":"EntryPoint","urlTemplate":"https:\/\/nigroequipamentos.com.br\/conteudo\/?s={search_term_string}"},"query-input":{"@type":"PropertyValueSpecification","valueRequired":true,"valueName":"search_term_string"}}],"inLanguage":"pt-BR"},{"@type":"Organization","@id":"https:\/\/nigroequipamentos.com.br\/conteudo\/#organization","name":"Nigro Equipamentos","url":"https:\/\/nigroequipamentos.com.br\/conteudo\/","logo":{"@type":"ImageObject","inLanguage":"pt-BR","@id":"https:\/\/nigroequipamentos.com.br\/conteudo\/#\/schema\/logo\/image\/","url":"https:\/\/nigroequipamentos.com.br\/conteudo\/wp-content\/uploads\/2024\/10\/nigroequipamentos_logo.webp","contentUrl":"https:\/\/nigroequipamentos.com.br\/conteudo\/wp-content\/uploads\/2024\/10\/nigroequipamentos_logo.webp","width":785,"height":355,"caption":"Nigro Equipamentos"},"image":{"@id":"https:\/\/nigroequipamentos.com.br\/conteudo\/#\/schema\/logo\/image\/"},"sameAs":["https:\/\/www.facebook.com\/nigroequipamentos","https:\/\/www.instagram.com\/nigroequipamentos\/"]}]}},"_links":{"self":[{"href":"https:\/\/nigroequipamentos.com.br\/conteudo\/wp-json\/wp\/v2\/pages\/35821","targetHints":{"allow":["GET"]}}],"collection":[{"href":"https:\/\/nigroequipamentos.com.br\/conteudo\/wp-json\/wp\/v2\/pages"}],"about":[{"href":"https:\/\/nigroequipamentos.com.br\/conteudo\/wp-json\/wp\/v2\/types\/page"}],"author":[{"embeddable":true,"href":"https:\/\/nigroequipamentos.com.br\/conteudo\/wp-json\/wp\/v2\/users\/3"}],"replies":[{"embeddable":true,"href":"https:\/\/nigroequipamentos.com.br\/conteudo\/wp-json\/wp\/v2\/comments?post=35821"}],"version-history":[{"count":0,"href":"https:\/\/nigroequipamentos.com.br\/conteudo\/wp-json\/wp\/v2\/pages\/35821\/revisions"}],"wp:attachment":[{"href":"https:\/\/nigroequipamentos.com.br\/conteudo\/wp-json\/wp\/v2\/media?parent=35821"}],"curies":[{"name":"wp","href":"https:\/\/api.w.org\/{rel}","templated":true}]}}