{"id":35815,"date":"2025-06-21T02:45:57","date_gmt":"2025-06-21T05:45:57","guid":{"rendered":"https:\/\/nigroequipamentos.com.br\/conteudo\/empilhadeira-paletrans-e-sustentabilidade-solucoes-ecologicas-para-seu-negocio\/"},"modified":"2025-06-21T02:45:57","modified_gmt":"2025-06-21T05:45:57","slug":"empilhadeira-paletrans-e-sustentabilidade-solucoes-ecologicas-para-seu-negocio","status":"publish","type":"page","link":"https:\/\/nigroequipamentos.com.br\/conteudo\/empilhadeira-paletrans-e-sustentabilidade-solucoes-ecologicas-para-seu-negocio\/","title":{"rendered":"Empilhadeira Paletrans e Sustentabilidade: Solu\u00e7\u00f5es Ecol\u00f3gicas para Seu Neg\u00f3cio"},"content":{"rendered":"<p>A empilhadeira Paletrans \u00e9 uma escolha sustent\u00e1vel que transforma a efici\u00eancia log\u00edstica e a responsabilidade ambiental. Com um design focado na redu\u00e7\u00e3o de emiss\u00f5es e consumo de energia, as empilhadeiras Paletrans garantem alta performance com menor impacto ambiental. Preservar o meio ambiente enquanto otimiza a opera\u00e7\u00e3o \u00e9 um compromisso da Nigro Equipamentos, que oferece as melhores solu\u00e7\u00f5es em empilhadeiras Paletrans. Ao optar por este equipamento, voc\u00ea n\u00e3o apenas melhora a produtividade, mas tamb\u00e9m se torna parte da mudan\u00e7a necess\u00e1ria por um futuro sustent\u00e1vel.<\/p>\n","protected":false},"excerpt":{"rendered":"<p>A empilhadeira Paletrans \u00e9 uma escolha sustent\u00e1vel que transforma a efici\u00eancia log\u00edstica e a responsabilidade ambiental. Com um design focado na redu\u00e7\u00e3o de emiss\u00f5es e consumo de energia, as empilhadeiras Paletrans garantem alta performance com menor impacto ambiental. Preservar o meio ambiente enquanto otimiza a opera\u00e7\u00e3o \u00e9 um compromisso da Nigro Equipamentos, que oferece as&hellip;&nbsp;<a href=\"https:\/\/nigroequipamentos.com.br\/conteudo\/empilhadeira-paletrans-e-sustentabilidade-solucoes-ecologicas-para-seu-negocio\/\" class=\"\" rel=\"bookmark\">Continue a ler &raquo;<span class=\"screen-reader-text\">Empilhadeira Paletrans e Sustentabilidade: Solu\u00e7\u00f5es Ecol\u00f3gicas para Seu Neg\u00f3cio<\/span><\/a><\/p>\n","protected":false},"author":3,"featured_media":0,"parent":0,"menu_order":0,"comment_status":"closed","ping_status":"closed","template":"","meta":{"_acf_changed":false,"_yoast_wpseo_focuskw":"Empilhadeira Paletrans sustentabilidade","_yoast_wpseo_title":"Empilhadeira Paletrans: Sustentabilidade e Efici\u00eancia para Sua Empresa","_yoast_wpseo_metadesc":"Descubra como a empilhadeira Paletrans pode contribuir para a sustentabilidade da sua empresa com solu\u00e7\u00f5es ecol\u00f3gicas e eficientes.","neve_meta_sidebar":"","neve_meta_container":"","neve_meta_enable_content_width":"","neve_meta_content_width":0,"neve_meta_title_alignment":"","neve_meta_author_avatar":"","neve_post_elements_order":"","neve_meta_disable_header":"","neve_meta_disable_footer":"","neve_meta_disable_title":"","footnotes":""},"class_list":["post-35815","page","type-page","status-publish","hentry"],"acf":{"bloco1title":"Efici\u00eancia Energ\u00e9tica","bloco1text":"As empilhadeiras Paletrans consomem menos energia, reduzindo custos e impactos ambientais.","bloco2title":"Redu\u00e7\u00e3o de Emiss\u00f5es","bloco2text":"Equipadas com tecnologia avan\u00e7ada, as empilhadeiras Paletrans diminuem as emiss\u00f5es de poluentes.","bloco3title":"Compromisso Verde","bloco3text":"A Nigro Equipamentos promove um compromisso cont\u00ednuo com a sustentabilidade por meio de tecnologias eficientes.","posttitle":"Empilhadeira Paletrans: Um Passo em Dire\u00e7\u00e3o \u00e0 Sustentabilidade no Setor Log\u00edstico","postcontent":"<strong>A escolha da empilhadeira Paletrans vai al\u00e9m da efici\u00eancia;<\/strong> trata-se de uma responsabilidade ambiental. Essas m\u00e1quinas s\u00e3o projetadas para oferecer n\u00e3o apenas produtividade, mas tamb\u00e9m um desempenho ecol\u00f3gico excepcional. Atrav\u00e9s de inova\u00e7\u00f5es tecnol\u00f3gicas, as empilhadeiras Paletrans garantem opera\u00e7\u00f5es com menor consumo de combust\u00edvel e uma significativa redu\u00e7\u00e3o na emiss\u00e3o de gases poluentes, alinhando-se \u00e0s pr\u00e1ticas sustent\u00e1veis que muitas empresas adotam nos dias atuais.\n\n<strong>A sustentabilidade \u00e9 um pilar fundamental<\/strong> na atualidade e a Nigro Equipamentos tem o orgulho de oferecer produtos que contribuem com a preserva\u00e7\u00e3o do meio ambiente. Com uma empilhadeira Paletrans, voc\u00ea se garante n\u00e3o apenas efici\u00eancia, mas tamb\u00e9m uma opera\u00e7\u00e3o que respeita o nosso planeta. A nossa miss\u00e3o \u00e9 ajudar voc\u00ea a ser um agente de mudan\u00e7a no seu setor, adotando equipamentos que favorecem pr\u00e1ticas sustent\u00e1veis.\n\n<strong>Al\u00e9m de ser ecologicamente correta,<\/strong> a empilhadeira Paletrans \u00e9 facilmente integr\u00e1vel em diferentes ambientes de trabalho. Seja na ind\u00fastria, distribui\u00e7\u00e3o ou estoque, a versatilidade deste equipamento o torna ideal para qualquer opera\u00e7\u00e3o log\u00edstica. Ao investir em empilhadeiras Paletrans, sua empresa se posiciona como uma refer\u00eancia em responsabilidade social e ambiental, otimizando processos e assegurando um futuro mais verde.","insightwidtitle":"Fatos Curiosos sobre Sustentabilidade","insightwidcontent":"Sabia que a ado\u00e7\u00e3o de empilhadeiras sustent\u00e1veis pode reduzir as emiss\u00f5es de CO2 em at\u00e9 30% nas opera\u00e7\u00f5es log\u00edsticas? A sustentabilidade n\u00e3o \u00e9 apenas uma tend\u00eancia, \u00e9 uma necessidade urgente. Equipamentos como a empilhadeira Paletrans s\u00e3o parte dessa solu\u00e7\u00e3o, proporcionando efici\u00eancia e respeito ao meio ambiente."},"yoast_head":"<!-- This site is optimized with the Yoast SEO Premium plugin v18.3 (Yoast SEO v23.4) - https:\/\/yoast.com\/wordpress\/plugins\/seo\/ -->\n<title>Empilhadeira Paletrans: Sustentabilidade e Efici\u00eancia para Sua Empresa<\/title>\n<meta name=\"description\" content=\"Descubra como a empilhadeira Paletrans pode contribuir para a sustentabilidade da sua empresa com solu\u00e7\u00f5es ecol\u00f3gicas e eficientes.\" \/>\n<meta name=\"robots\" content=\"index, follow, max-snippet:-1, max-image-preview:large, max-video-preview:-1\" \/>\n<link rel=\"canonical\" href=\"https:\/\/nigroequipamentos.com.br\/conteudo\/empilhadeira-paletrans-e-sustentabilidade-solucoes-ecologicas-para-seu-negocio\/\" \/>\n<meta property=\"og:locale\" content=\"pt_BR\" \/>\n<meta property=\"og:type\" content=\"article\" \/>\n<meta property=\"og:title\" content=\"Empilhadeira Paletrans e Sustentabilidade: Solu\u00e7\u00f5es Ecol\u00f3gicas para Seu Neg\u00f3cio\" \/>\n<meta property=\"og:description\" content=\"Descubra como a empilhadeira Paletrans pode contribuir para a sustentabilidade da sua empresa com solu\u00e7\u00f5es ecol\u00f3gicas e eficientes.\" \/>\n<meta property=\"og:url\" content=\"https:\/\/nigroequipamentos.com.br\/conteudo\/empilhadeira-paletrans-e-sustentabilidade-solucoes-ecologicas-para-seu-negocio\/\" \/>\n<meta property=\"og:site_name\" content=\"Nigro Equipamentos\" \/>\n<meta property=\"article:publisher\" content=\"https:\/\/www.facebook.com\/nigroequipamentos\" \/>\n<meta name=\"twitter:card\" content=\"summary_large_image\" \/>\n<script type=\"application\/ld+json\" class=\"yoast-schema-graph\">{\"@context\":\"https:\/\/schema.org\",\"@graph\":[{\"@type\":\"WebPage\",\"@id\":\"https:\/\/nigroequipamentos.com.br\/conteudo\/empilhadeira-paletrans-e-sustentabilidade-solucoes-ecologicas-para-seu-negocio\/\",\"url\":\"https:\/\/nigroequipamentos.com.br\/conteudo\/empilhadeira-paletrans-e-sustentabilidade-solucoes-ecologicas-para-seu-negocio\/\",\"name\":\"Empilhadeira Paletrans: Sustentabilidade e Efici\u00eancia para Sua Empresa\",\"isPartOf\":{\"@id\":\"https:\/\/nigroequipamentos.com.br\/conteudo\/#website\"},\"datePublished\":\"2025-06-21T05:45:57+00:00\",\"dateModified\":\"2025-06-21T05:45:57+00:00\",\"description\":\"Descubra como a empilhadeira Paletrans pode contribuir para a sustentabilidade da sua empresa com solu\u00e7\u00f5es ecol\u00f3gicas e eficientes.\",\"breadcrumb\":{\"@id\":\"https:\/\/nigroequipamentos.com.br\/conteudo\/empilhadeira-paletrans-e-sustentabilidade-solucoes-ecologicas-para-seu-negocio\/#breadcrumb\"},\"inLanguage\":\"pt-BR\",\"potentialAction\":[{\"@type\":\"ReadAction\",\"target\":[\"https:\/\/nigroequipamentos.com.br\/conteudo\/empilhadeira-paletrans-e-sustentabilidade-solucoes-ecologicas-para-seu-negocio\/\"]}]},{\"@type\":\"BreadcrumbList\",\"@id\":\"https:\/\/nigroequipamentos.com.br\/conteudo\/empilhadeira-paletrans-e-sustentabilidade-solucoes-ecologicas-para-seu-negocio\/#breadcrumb\",\"itemListElement\":[{\"@type\":\"ListItem\",\"position\":1,\"name\":\"In\u00edcio\",\"item\":\"https:\/\/nigroequipamentos.com.br\/conteudo\/\"},{\"@type\":\"ListItem\",\"position\":2,\"name\":\"Empilhadeira Paletrans e Sustentabilidade: Solu\u00e7\u00f5es Ecol\u00f3gicas para Seu Neg\u00f3cio\"}]},{\"@type\":\"WebSite\",\"@id\":\"https:\/\/nigroequipamentos.com.br\/conteudo\/#website\",\"url\":\"https:\/\/nigroequipamentos.com.br\/conteudo\/\",\"name\":\"Nigro Equipamentos\",\"description\":\"Loca\u00e7\u00e3o e Vendas\",\"publisher\":{\"@id\":\"https:\/\/nigroequipamentos.com.br\/conteudo\/#organization\"},\"potentialAction\":[{\"@type\":\"SearchAction\",\"target\":{\"@type\":\"EntryPoint\",\"urlTemplate\":\"https:\/\/nigroequipamentos.com.br\/conteudo\/?s={search_term_string}\"},\"query-input\":{\"@type\":\"PropertyValueSpecification\",\"valueRequired\":true,\"valueName\":\"search_term_string\"}}],\"inLanguage\":\"pt-BR\"},{\"@type\":\"Organization\",\"@id\":\"https:\/\/nigroequipamentos.com.br\/conteudo\/#organization\",\"name\":\"Nigro Equipamentos\",\"url\":\"https:\/\/nigroequipamentos.com.br\/conteudo\/\",\"logo\":{\"@type\":\"ImageObject\",\"inLanguage\":\"pt-BR\",\"@id\":\"https:\/\/nigroequipamentos.com.br\/conteudo\/#\/schema\/logo\/image\/\",\"url\":\"https:\/\/nigroequipamentos.com.br\/conteudo\/wp-content\/uploads\/2024\/10\/nigroequipamentos_logo.webp\",\"contentUrl\":\"https:\/\/nigroequipamentos.com.br\/conteudo\/wp-content\/uploads\/2024\/10\/nigroequipamentos_logo.webp\",\"width\":785,\"height\":355,\"caption\":\"Nigro Equipamentos\"},\"image\":{\"@id\":\"https:\/\/nigroequipamentos.com.br\/conteudo\/#\/schema\/logo\/image\/\"},\"sameAs\":[\"https:\/\/www.facebook.com\/nigroequipamentos\",\"https:\/\/www.instagram.com\/nigroequipamentos\/\"]}]}<\/script>\n<!-- \/ Yoast SEO Premium plugin. -->","yoast_head_json":{"title":"Empilhadeira Paletrans: Sustentabilidade e Efici\u00eancia para Sua Empresa","description":"Descubra como a empilhadeira Paletrans pode contribuir para a sustentabilidade da sua empresa com solu\u00e7\u00f5es ecol\u00f3gicas e eficientes.","robots":{"index":"index","follow":"follow","max-snippet":"max-snippet:-1","max-image-preview":"max-image-preview:large","max-video-preview":"max-video-preview:-1"},"canonical":"https:\/\/nigroequipamentos.com.br\/conteudo\/empilhadeira-paletrans-e-sustentabilidade-solucoes-ecologicas-para-seu-negocio\/","og_locale":"pt_BR","og_type":"article","og_title":"Empilhadeira Paletrans e Sustentabilidade: Solu\u00e7\u00f5es Ecol\u00f3gicas para Seu Neg\u00f3cio","og_description":"Descubra como a empilhadeira Paletrans pode contribuir para a sustentabilidade da sua empresa com solu\u00e7\u00f5es ecol\u00f3gicas e eficientes.","og_url":"https:\/\/nigroequipamentos.com.br\/conteudo\/empilhadeira-paletrans-e-sustentabilidade-solucoes-ecologicas-para-seu-negocio\/","og_site_name":"Nigro Equipamentos","article_publisher":"https:\/\/www.facebook.com\/nigroequipamentos","twitter_card":"summary_large_image","schema":{"@context":"https:\/\/schema.org","@graph":[{"@type":"WebPage","@id":"https:\/\/nigroequipamentos.com.br\/conteudo\/empilhadeira-paletrans-e-sustentabilidade-solucoes-ecologicas-para-seu-negocio\/","url":"https:\/\/nigroequipamentos.com.br\/conteudo\/empilhadeira-paletrans-e-sustentabilidade-solucoes-ecologicas-para-seu-negocio\/","name":"Empilhadeira Paletrans: Sustentabilidade e Efici\u00eancia para Sua Empresa","isPartOf":{"@id":"https:\/\/nigroequipamentos.com.br\/conteudo\/#website"},"datePublished":"2025-06-21T05:45:57+00:00","dateModified":"2025-06-21T05:45:57+00:00","description":"Descubra como a empilhadeira Paletrans pode contribuir para a sustentabilidade da sua empresa com solu\u00e7\u00f5es ecol\u00f3gicas e eficientes.","breadcrumb":{"@id":"https:\/\/nigroequipamentos.com.br\/conteudo\/empilhadeira-paletrans-e-sustentabilidade-solucoes-ecologicas-para-seu-negocio\/#breadcrumb"},"inLanguage":"pt-BR","potentialAction":[{"@type":"ReadAction","target":["https:\/\/nigroequipamentos.com.br\/conteudo\/empilhadeira-paletrans-e-sustentabilidade-solucoes-ecologicas-para-seu-negocio\/"]}]},{"@type":"BreadcrumbList","@id":"https:\/\/nigroequipamentos.com.br\/conteudo\/empilhadeira-paletrans-e-sustentabilidade-solucoes-ecologicas-para-seu-negocio\/#breadcrumb","itemListElement":[{"@type":"ListItem","position":1,"name":"In\u00edcio","item":"https:\/\/nigroequipamentos.com.br\/conteudo\/"},{"@type":"ListItem","position":2,"name":"Empilhadeira Paletrans e Sustentabilidade: Solu\u00e7\u00f5es Ecol\u00f3gicas para Seu Neg\u00f3cio"}]},{"@type":"WebSite","@id":"https:\/\/nigroequipamentos.com.br\/conteudo\/#website","url":"https:\/\/nigroequipamentos.com.br\/conteudo\/","name":"Nigro Equipamentos","description":"Loca\u00e7\u00e3o e Vendas","publisher":{"@id":"https:\/\/nigroequipamentos.com.br\/conteudo\/#organization"},"potentialAction":[{"@type":"SearchAction","target":{"@type":"EntryPoint","urlTemplate":"https:\/\/nigroequipamentos.com.br\/conteudo\/?s={search_term_string}"},"query-input":{"@type":"PropertyValueSpecification","valueRequired":true,"valueName":"search_term_string"}}],"inLanguage":"pt-BR"},{"@type":"Organization","@id":"https:\/\/nigroequipamentos.com.br\/conteudo\/#organization","name":"Nigro Equipamentos","url":"https:\/\/nigroequipamentos.com.br\/conteudo\/","logo":{"@type":"ImageObject","inLanguage":"pt-BR","@id":"https:\/\/nigroequipamentos.com.br\/conteudo\/#\/schema\/logo\/image\/","url":"https:\/\/nigroequipamentos.com.br\/conteudo\/wp-content\/uploads\/2024\/10\/nigroequipamentos_logo.webp","contentUrl":"https:\/\/nigroequipamentos.com.br\/conteudo\/wp-content\/uploads\/2024\/10\/nigroequipamentos_logo.webp","width":785,"height":355,"caption":"Nigro Equipamentos"},"image":{"@id":"https:\/\/nigroequipamentos.com.br\/conteudo\/#\/schema\/logo\/image\/"},"sameAs":["https:\/\/www.facebook.com\/nigroequipamentos","https:\/\/www.instagram.com\/nigroequipamentos\/"]}]}},"_links":{"self":[{"href":"https:\/\/nigroequipamentos.com.br\/conteudo\/wp-json\/wp\/v2\/pages\/35815","targetHints":{"allow":["GET"]}}],"collection":[{"href":"https:\/\/nigroequipamentos.com.br\/conteudo\/wp-json\/wp\/v2\/pages"}],"about":[{"href":"https:\/\/nigroequipamentos.com.br\/conteudo\/wp-json\/wp\/v2\/types\/page"}],"author":[{"embeddable":true,"href":"https:\/\/nigroequipamentos.com.br\/conteudo\/wp-json\/wp\/v2\/users\/3"}],"replies":[{"embeddable":true,"href":"https:\/\/nigroequipamentos.com.br\/conteudo\/wp-json\/wp\/v2\/comments?post=35815"}],"version-history":[{"count":0,"href":"https:\/\/nigroequipamentos.com.br\/conteudo\/wp-json\/wp\/v2\/pages\/35815\/revisions"}],"wp:attachment":[{"href":"https:\/\/nigroequipamentos.com.br\/conteudo\/wp-json\/wp\/v2\/media?parent=35815"}],"curies":[{"name":"wp","href":"https:\/\/api.w.org\/{rel}","templated":true}]}}