{"id":35713,"date":"2025-06-20T21:01:01","date_gmt":"2025-06-21T00:01:01","guid":{"rendered":"https:\/\/nigroequipamentos.com.br\/conteudo\/empilhadeira-paletrans-contacte-a-nigro-equipamentos\/"},"modified":"2025-06-20T21:01:01","modified_gmt":"2025-06-21T00:01:01","slug":"empilhadeira-paletrans-contacte-a-nigro-equipamentos","status":"publish","type":"page","link":"https:\/\/nigroequipamentos.com.br\/conteudo\/empilhadeira-paletrans-contacte-a-nigro-equipamentos\/","title":{"rendered":"Empilhadeira Paletrans: Contacte a Nigro Equipamentos"},"content":{"rendered":"<p>Se voc\u00ea est\u00e1 em busca de uma empilhadeira Paletrans, a Nigro Equipamentos \u00e9 a escolha perfeita. Com vasta experi\u00eancia no mercado, proporcionamos solu\u00e7\u00f5es personalizadas para atender todas as suas necessidades. Entre em contato conosco para saber mais sobre como nossas empilhadeiras Paletrans podem transformar suas opera\u00e7\u00f5es log\u00edsticas. N\u00e3o importa se a sua necessidade \u00e9 compra, manuten\u00e7\u00e3o ou loca\u00e7\u00e3o, a Nigro \u00e9 a sua melhor op\u00e7\u00e3o. Cada empilhadeira Paletrans \u00e9 conhecida por sua durabilidade, efici\u00eancia e facilidade de manuseio, tornando seu trabalho muito mais simples. Nossa equipe est\u00e1 \u00e0 disposi\u00e7\u00e3o para te ajudar a encontrar a empilhadeira Paletrans ideal.<\/p>\n","protected":false},"excerpt":{"rendered":"<p>Se voc\u00ea est\u00e1 em busca de uma empilhadeira Paletrans, a Nigro Equipamentos \u00e9 a escolha perfeita. Com vasta experi\u00eancia no mercado, proporcionamos solu\u00e7\u00f5es personalizadas para atender todas as suas necessidades. Entre em contato conosco para saber mais sobre como nossas empilhadeiras Paletrans podem transformar suas opera\u00e7\u00f5es log\u00edsticas. N\u00e3o importa se a sua necessidade \u00e9 compra,&hellip;&nbsp;<a href=\"https:\/\/nigroequipamentos.com.br\/conteudo\/empilhadeira-paletrans-contacte-a-nigro-equipamentos\/\" class=\"\" rel=\"bookmark\">Continue a ler &raquo;<span class=\"screen-reader-text\">Empilhadeira Paletrans: Contacte a Nigro Equipamentos<\/span><\/a><\/p>\n","protected":false},"author":3,"featured_media":0,"parent":0,"menu_order":0,"comment_status":"closed","ping_status":"closed","template":"","meta":{"_acf_changed":false,"_yoast_wpseo_focuskw":"Empilhadeira Paletrans contato","_yoast_wpseo_title":"Empilhadeiras Paletrans: Contato e Solu\u00e7\u00f5es com a Nigro Equipamentos","_yoast_wpseo_metadesc":"Entre em contato com a Nigro Equipamentos e conhe\u00e7a as melhores op\u00e7\u00f5es de empilhadeiras Paletrans para compra, manuten\u00e7\u00e3o e loca\u00e7\u00e3o.","neve_meta_sidebar":"","neve_meta_container":"","neve_meta_enable_content_width":"","neve_meta_content_width":0,"neve_meta_title_alignment":"","neve_meta_author_avatar":"","neve_post_elements_order":"","neve_meta_disable_header":"","neve_meta_disable_footer":"","neve_meta_disable_title":"","footnotes":""},"class_list":["post-35713","page","type-page","status-publish","hentry"],"acf":{"bloco1title":"Experi\u00eancia no setor","bloco1text":"A Nigro Equipamentos possui anos de experi\u00eancia em solu\u00e7\u00f5es de manuseio, especializando-se na linha Paletrans para atender seu neg\u00f3cio.","bloco2title":"Promo\u00e7\u00f5es imperd\u00edveis","bloco2text":"A Nigro Equipamentos oferece promo\u00e7\u00f5es exclusivas na loca\u00e7\u00e3o e venda de empilhadeiras Paletrans.","bloco3title":"Qualidade garantida","bloco3text":"Nossas empilhadeiras Paletrans passam por rigorosos padr\u00f5es de qualidade, assegurando confiabilidade e produtividade para seu neg\u00f3cio.","posttitle":"O que voc\u00ea precisa saber sobre empilhadeira Paletrans e como a Nigro Equipamentos pode ajudar","postcontent":"<strong>Introdu\u00e7\u00e3o \u00e0 empilhadeira Paletrans<\/strong>\nAs empilhadeiras Paletrans s\u00e3o conhecidas n\u00e3o apenas pela sua robustez, mas tamb\u00e9m pela sua capacidade de otimizar o tempo de manuseio de materiais. Se voc\u00ea deseja adquirir uma <strong>empilhadeira Paletrans<\/strong>, \u00e9 essencial conhecer os detalhes que o produto oferece. Entre em contato com a Nigro Equipamentos, que possui as melhores op\u00e7\u00f5es do mercado. Oferecemos <strong>manuten\u00e7\u00e3o<\/strong> e <strong>loca\u00e7\u00e3o<\/strong> de empilhadeiras Paletrans com toda a seguran\u00e7a que seu empreendimento precisa.\n\nN\u00e3o h\u00e1 d\u00favida de que escolher a <strong>empilhadeira Paletrans<\/strong> certa faz toda a diferen\u00e7a na sua opera\u00e7\u00e3o di\u00e1ria. Na Nigro, voc\u00ea encontra op\u00e7\u00f5es que v\u00e3o desde o design ergon\u00f4mico at\u00e9 a\u00e7\u00f5es que proporcionam efici\u00eancia energ\u00e9tica. A experi\u00eancia da nossa equipe vai garantir que voc\u00ea fa\u00e7a a melhor escolha.\n\nNavegue pelo nosso site ou entre em contato para mais detalhes sobre as <strong>empilhadeiras Paletrans<\/strong>. Nossa miss\u00e3o \u00e9 entregar as melhores solu\u00e7\u00f5es para sua empresa, independente de suas exig\u00eancias. A Nigro Equipamentos \u00e9 l\u00edder no mercado, oferecendo n\u00e3o somente produtos, mas uma experi\u00eancia de compra incompar\u00e1vel. Venha nos visitar e descubra porque somos a melhor op\u00e7\u00e3o para voc\u00ea na compra, manuten\u00e7\u00e3o e loca\u00e7\u00e3o de empilhadeiras Paletrans.","insightwidtitle":"Curiosidades sobre Paletrans","insightwidcontent":"Voc\u00ea sabia que as empilhadeiras Paletrans podem aumentar a efici\u00eancia operacional em at\u00e9 30% dependendo do modelo e aplica\u00e7\u00e3o? Muitas empresas j\u00e1 adotaram essa tecnologia e perceberam uma significativa redu\u00e7\u00e3o nos custos operacionais e no tempo de movimenta\u00e7\u00e3o de produtos. A Nigro Equipamentos est\u00e1 aqui para facilitar essa transi\u00e7\u00e3o, fornecendo as melhores op\u00e7\u00f5es de empilhadeiras Paletrans."},"yoast_head":"<!-- This site is optimized with the Yoast SEO Premium plugin v18.3 (Yoast SEO v23.4) - https:\/\/yoast.com\/wordpress\/plugins\/seo\/ -->\n<title>Empilhadeiras Paletrans: Contato e Solu\u00e7\u00f5es com a Nigro Equipamentos<\/title>\n<meta name=\"description\" content=\"Entre em contato com a Nigro Equipamentos e conhe\u00e7a as melhores op\u00e7\u00f5es de empilhadeiras Paletrans para compra, manuten\u00e7\u00e3o e loca\u00e7\u00e3o.\" \/>\n<meta name=\"robots\" content=\"index, follow, max-snippet:-1, max-image-preview:large, max-video-preview:-1\" \/>\n<link rel=\"canonical\" href=\"https:\/\/nigroequipamentos.com.br\/conteudo\/empilhadeira-paletrans-contacte-a-nigro-equipamentos\/\" \/>\n<meta property=\"og:locale\" content=\"pt_BR\" \/>\n<meta property=\"og:type\" content=\"article\" \/>\n<meta property=\"og:title\" content=\"Empilhadeira Paletrans: Contacte a Nigro Equipamentos\" \/>\n<meta property=\"og:description\" content=\"Entre em contato com a Nigro Equipamentos e conhe\u00e7a as melhores op\u00e7\u00f5es de empilhadeiras Paletrans para compra, manuten\u00e7\u00e3o e loca\u00e7\u00e3o.\" \/>\n<meta property=\"og:url\" content=\"https:\/\/nigroequipamentos.com.br\/conteudo\/empilhadeira-paletrans-contacte-a-nigro-equipamentos\/\" \/>\n<meta property=\"og:site_name\" content=\"Nigro Equipamentos\" \/>\n<meta property=\"article:publisher\" content=\"https:\/\/www.facebook.com\/nigroequipamentos\" \/>\n<meta name=\"twitter:card\" content=\"summary_large_image\" \/>\n<meta name=\"twitter:label1\" content=\"Est. tempo de leitura\" \/>\n\t<meta name=\"twitter:data1\" content=\"1 minuto\" \/>\n<script type=\"application\/ld+json\" class=\"yoast-schema-graph\">{\"@context\":\"https:\/\/schema.org\",\"@graph\":[{\"@type\":\"WebPage\",\"@id\":\"https:\/\/nigroequipamentos.com.br\/conteudo\/empilhadeira-paletrans-contacte-a-nigro-equipamentos\/\",\"url\":\"https:\/\/nigroequipamentos.com.br\/conteudo\/empilhadeira-paletrans-contacte-a-nigro-equipamentos\/\",\"name\":\"Empilhadeiras Paletrans: Contato e Solu\u00e7\u00f5es com a Nigro Equipamentos\",\"isPartOf\":{\"@id\":\"https:\/\/nigroequipamentos.com.br\/conteudo\/#website\"},\"datePublished\":\"2025-06-21T00:01:01+00:00\",\"dateModified\":\"2025-06-21T00:01:01+00:00\",\"description\":\"Entre em contato com a Nigro Equipamentos e conhe\u00e7a as melhores op\u00e7\u00f5es de empilhadeiras Paletrans para compra, manuten\u00e7\u00e3o e loca\u00e7\u00e3o.\",\"breadcrumb\":{\"@id\":\"https:\/\/nigroequipamentos.com.br\/conteudo\/empilhadeira-paletrans-contacte-a-nigro-equipamentos\/#breadcrumb\"},\"inLanguage\":\"pt-BR\",\"potentialAction\":[{\"@type\":\"ReadAction\",\"target\":[\"https:\/\/nigroequipamentos.com.br\/conteudo\/empilhadeira-paletrans-contacte-a-nigro-equipamentos\/\"]}]},{\"@type\":\"BreadcrumbList\",\"@id\":\"https:\/\/nigroequipamentos.com.br\/conteudo\/empilhadeira-paletrans-contacte-a-nigro-equipamentos\/#breadcrumb\",\"itemListElement\":[{\"@type\":\"ListItem\",\"position\":1,\"name\":\"In\u00edcio\",\"item\":\"https:\/\/nigroequipamentos.com.br\/conteudo\/\"},{\"@type\":\"ListItem\",\"position\":2,\"name\":\"Empilhadeira Paletrans: Contacte a Nigro Equipamentos\"}]},{\"@type\":\"WebSite\",\"@id\":\"https:\/\/nigroequipamentos.com.br\/conteudo\/#website\",\"url\":\"https:\/\/nigroequipamentos.com.br\/conteudo\/\",\"name\":\"Nigro Equipamentos\",\"description\":\"Loca\u00e7\u00e3o e Vendas\",\"publisher\":{\"@id\":\"https:\/\/nigroequipamentos.com.br\/conteudo\/#organization\"},\"potentialAction\":[{\"@type\":\"SearchAction\",\"target\":{\"@type\":\"EntryPoint\",\"urlTemplate\":\"https:\/\/nigroequipamentos.com.br\/conteudo\/?s={search_term_string}\"},\"query-input\":{\"@type\":\"PropertyValueSpecification\",\"valueRequired\":true,\"valueName\":\"search_term_string\"}}],\"inLanguage\":\"pt-BR\"},{\"@type\":\"Organization\",\"@id\":\"https:\/\/nigroequipamentos.com.br\/conteudo\/#organization\",\"name\":\"Nigro Equipamentos\",\"url\":\"https:\/\/nigroequipamentos.com.br\/conteudo\/\",\"logo\":{\"@type\":\"ImageObject\",\"inLanguage\":\"pt-BR\",\"@id\":\"https:\/\/nigroequipamentos.com.br\/conteudo\/#\/schema\/logo\/image\/\",\"url\":\"https:\/\/nigroequipamentos.com.br\/conteudo\/wp-content\/uploads\/2024\/10\/nigroequipamentos_logo.webp\",\"contentUrl\":\"https:\/\/nigroequipamentos.com.br\/conteudo\/wp-content\/uploads\/2024\/10\/nigroequipamentos_logo.webp\",\"width\":785,\"height\":355,\"caption\":\"Nigro Equipamentos\"},\"image\":{\"@id\":\"https:\/\/nigroequipamentos.com.br\/conteudo\/#\/schema\/logo\/image\/\"},\"sameAs\":[\"https:\/\/www.facebook.com\/nigroequipamentos\",\"https:\/\/www.instagram.com\/nigroequipamentos\/\"]}]}<\/script>\n<!-- \/ Yoast SEO Premium plugin. -->","yoast_head_json":{"title":"Empilhadeiras Paletrans: Contato e Solu\u00e7\u00f5es com a Nigro Equipamentos","description":"Entre em contato com a Nigro Equipamentos e conhe\u00e7a as melhores op\u00e7\u00f5es de empilhadeiras Paletrans para compra, manuten\u00e7\u00e3o e loca\u00e7\u00e3o.","robots":{"index":"index","follow":"follow","max-snippet":"max-snippet:-1","max-image-preview":"max-image-preview:large","max-video-preview":"max-video-preview:-1"},"canonical":"https:\/\/nigroequipamentos.com.br\/conteudo\/empilhadeira-paletrans-contacte-a-nigro-equipamentos\/","og_locale":"pt_BR","og_type":"article","og_title":"Empilhadeira Paletrans: Contacte a Nigro Equipamentos","og_description":"Entre em contato com a Nigro Equipamentos e conhe\u00e7a as melhores op\u00e7\u00f5es de empilhadeiras Paletrans para compra, manuten\u00e7\u00e3o e loca\u00e7\u00e3o.","og_url":"https:\/\/nigroequipamentos.com.br\/conteudo\/empilhadeira-paletrans-contacte-a-nigro-equipamentos\/","og_site_name":"Nigro Equipamentos","article_publisher":"https:\/\/www.facebook.com\/nigroequipamentos","twitter_card":"summary_large_image","twitter_misc":{"Est. tempo de leitura":"1 minuto"},"schema":{"@context":"https:\/\/schema.org","@graph":[{"@type":"WebPage","@id":"https:\/\/nigroequipamentos.com.br\/conteudo\/empilhadeira-paletrans-contacte-a-nigro-equipamentos\/","url":"https:\/\/nigroequipamentos.com.br\/conteudo\/empilhadeira-paletrans-contacte-a-nigro-equipamentos\/","name":"Empilhadeiras Paletrans: Contato e Solu\u00e7\u00f5es com a Nigro Equipamentos","isPartOf":{"@id":"https:\/\/nigroequipamentos.com.br\/conteudo\/#website"},"datePublished":"2025-06-21T00:01:01+00:00","dateModified":"2025-06-21T00:01:01+00:00","description":"Entre em contato com a Nigro Equipamentos e conhe\u00e7a as melhores op\u00e7\u00f5es de empilhadeiras Paletrans para compra, manuten\u00e7\u00e3o e loca\u00e7\u00e3o.","breadcrumb":{"@id":"https:\/\/nigroequipamentos.com.br\/conteudo\/empilhadeira-paletrans-contacte-a-nigro-equipamentos\/#breadcrumb"},"inLanguage":"pt-BR","potentialAction":[{"@type":"ReadAction","target":["https:\/\/nigroequipamentos.com.br\/conteudo\/empilhadeira-paletrans-contacte-a-nigro-equipamentos\/"]}]},{"@type":"BreadcrumbList","@id":"https:\/\/nigroequipamentos.com.br\/conteudo\/empilhadeira-paletrans-contacte-a-nigro-equipamentos\/#breadcrumb","itemListElement":[{"@type":"ListItem","position":1,"name":"In\u00edcio","item":"https:\/\/nigroequipamentos.com.br\/conteudo\/"},{"@type":"ListItem","position":2,"name":"Empilhadeira Paletrans: Contacte a Nigro Equipamentos"}]},{"@type":"WebSite","@id":"https:\/\/nigroequipamentos.com.br\/conteudo\/#website","url":"https:\/\/nigroequipamentos.com.br\/conteudo\/","name":"Nigro Equipamentos","description":"Loca\u00e7\u00e3o e Vendas","publisher":{"@id":"https:\/\/nigroequipamentos.com.br\/conteudo\/#organization"},"potentialAction":[{"@type":"SearchAction","target":{"@type":"EntryPoint","urlTemplate":"https:\/\/nigroequipamentos.com.br\/conteudo\/?s={search_term_string}"},"query-input":{"@type":"PropertyValueSpecification","valueRequired":true,"valueName":"search_term_string"}}],"inLanguage":"pt-BR"},{"@type":"Organization","@id":"https:\/\/nigroequipamentos.com.br\/conteudo\/#organization","name":"Nigro Equipamentos","url":"https:\/\/nigroequipamentos.com.br\/conteudo\/","logo":{"@type":"ImageObject","inLanguage":"pt-BR","@id":"https:\/\/nigroequipamentos.com.br\/conteudo\/#\/schema\/logo\/image\/","url":"https:\/\/nigroequipamentos.com.br\/conteudo\/wp-content\/uploads\/2024\/10\/nigroequipamentos_logo.webp","contentUrl":"https:\/\/nigroequipamentos.com.br\/conteudo\/wp-content\/uploads\/2024\/10\/nigroequipamentos_logo.webp","width":785,"height":355,"caption":"Nigro Equipamentos"},"image":{"@id":"https:\/\/nigroequipamentos.com.br\/conteudo\/#\/schema\/logo\/image\/"},"sameAs":["https:\/\/www.facebook.com\/nigroequipamentos","https:\/\/www.instagram.com\/nigroequipamentos\/"]}]}},"_links":{"self":[{"href":"https:\/\/nigroequipamentos.com.br\/conteudo\/wp-json\/wp\/v2\/pages\/35713","targetHints":{"allow":["GET"]}}],"collection":[{"href":"https:\/\/nigroequipamentos.com.br\/conteudo\/wp-json\/wp\/v2\/pages"}],"about":[{"href":"https:\/\/nigroequipamentos.com.br\/conteudo\/wp-json\/wp\/v2\/types\/page"}],"author":[{"embeddable":true,"href":"https:\/\/nigroequipamentos.com.br\/conteudo\/wp-json\/wp\/v2\/users\/3"}],"replies":[{"embeddable":true,"href":"https:\/\/nigroequipamentos.com.br\/conteudo\/wp-json\/wp\/v2\/comments?post=35713"}],"version-history":[{"count":0,"href":"https:\/\/nigroequipamentos.com.br\/conteudo\/wp-json\/wp\/v2\/pages\/35713\/revisions"}],"wp:attachment":[{"href":"https:\/\/nigroequipamentos.com.br\/conteudo\/wp-json\/wp\/v2\/media?parent=35713"}],"curies":[{"name":"wp","href":"https:\/\/api.w.org\/{rel}","templated":true}]}}