{"id":34705,"date":"2025-06-18T12:46:03","date_gmt":"2025-06-18T15:46:03","guid":{"rendered":"https:\/\/nigroequipamentos.com.br\/conteudo\/garantia-da-empilhadeira-paletrans-confianca-e-qualidade-em-cada-movimentacao\/"},"modified":"2025-06-18T12:46:03","modified_gmt":"2025-06-18T15:46:03","slug":"garantia-da-empilhadeira-paletrans-confianca-e-qualidade-em-cada-movimentacao","status":"publish","type":"page","link":"https:\/\/nigroequipamentos.com.br\/conteudo\/garantia-da-empilhadeira-paletrans-confianca-e-qualidade-em-cada-movimentacao\/","title":{"rendered":"Garantia da Empilhadeira Paletrans: Confian\u00e7a e Qualidade em Cada Movimenta\u00e7\u00e3o"},"content":{"rendered":"<p>A empilhadeira Paletrans se destaca no mercado pela sua alta qualidade e pela confian\u00e7a que gera em seus usu\u00e1rios. Com a garantia oferecida pela Nigro Equipamentos, voc\u00ea pode ter certeza de que est\u00e1 investindo em um equipamento robusto, eficiente e seguro para suas opera\u00e7\u00f5es. A Nigro Equipamentos \u00e9 reconhecida pela sua experi\u00eancia e especializa\u00e7\u00e3o quando se trata da compra, manuten\u00e7\u00e3o e loca\u00e7\u00e3o de empilhadeiras Paletrans, proporcionando suporte total para que voc\u00ea trabalhe com tranquilidade. Quando voc\u00ea escolhe a empilhadeira Paletrans, est\u00e1 escolhendo inova\u00e7\u00e3o, durabilidade e uma garantia que faz a diferen\u00e7a no seu dia a dia. Nossa equipe de experts est\u00e1 \u00e0 disposi\u00e7\u00e3o para garantir que cada empilhadeira seja a melhor op\u00e7\u00e3o para suas necessidades.<\/p>\n","protected":false},"excerpt":{"rendered":"<p>A empilhadeira Paletrans se destaca no mercado pela sua alta qualidade e pela confian\u00e7a que gera em seus usu\u00e1rios. Com a garantia oferecida pela Nigro Equipamentos, voc\u00ea pode ter certeza de que est\u00e1 investindo em um equipamento robusto, eficiente e seguro para suas opera\u00e7\u00f5es. A Nigro Equipamentos \u00e9 reconhecida pela sua experi\u00eancia e especializa\u00e7\u00e3o quando&hellip;&nbsp;<a href=\"https:\/\/nigroequipamentos.com.br\/conteudo\/garantia-da-empilhadeira-paletrans-confianca-e-qualidade-em-cada-movimentacao\/\" class=\"\" rel=\"bookmark\">Continue a ler &raquo;<span class=\"screen-reader-text\">Garantia da Empilhadeira Paletrans: Confian\u00e7a e Qualidade em Cada Movimenta\u00e7\u00e3o<\/span><\/a><\/p>\n","protected":false},"author":3,"featured_media":0,"parent":0,"menu_order":0,"comment_status":"closed","ping_status":"closed","template":"","meta":{"_acf_changed":false,"_yoast_wpseo_focuskw":"Empilhadeira Paletrans garantia","_yoast_wpseo_title":"Empilhadeira Paletrans: Garantia e Qualidade que Voc\u00ea Confia","_yoast_wpseo_metadesc":"Descubra as vantagens da Empilhadeira Paletrans com a melhor garantia do mercado. Confian\u00e7a e qualidade com a Nigro Equipamentos.","neve_meta_sidebar":"","neve_meta_container":"","neve_meta_enable_content_width":"","neve_meta_content_width":0,"neve_meta_title_alignment":"","neve_meta_author_avatar":"","neve_post_elements_order":"","neve_meta_disable_header":"","neve_meta_disable_footer":"","neve_meta_disable_title":"","footnotes":""},"class_list":["post-34705","page","type-page","status-publish","hentry"],"acf":{"bloco1title":"Qualidade Garantida","bloco1text":"A Nigro Equipamentos garante que cada empilhadeira Paletrans \u00e9 submetida a rigorosos testes de qualidade antes da entrega.","bloco2title":"Suporte Especializado","bloco2text":"Oferecemos assist\u00eancia t\u00e9cnica especializada para garantir o funcionamento ideal da sua empilhadeira Paletrans.","bloco3title":"Manuten\u00e7\u00e3o Preventiva","bloco3text":"Com a manuten\u00e7\u00e3o preventiva da Nigro, sua empilhadeira Paletrans ter\u00e1 uma vida \u00fatil prolongada, evitando custos inesperados.","posttitle":"Empilhadeira Paletrans: Tudo Sobre Garantia e Manuten\u00e7\u00e3o","postcontent":"<strong>A garantia da empilhadeira Paletrans<\/strong> \u00e9 uma das maiores vantagens que voc\u00ea pode ter ao optar por esse equipamento. Sabemos que, no dia a dia de grandes opera\u00e7\u00f5es, ter um equipamento confi\u00e1vel \u00e9 fundamental. A Nigro Equipamentos oferece uma garantia que \u00e9 um verdadeiro diferencial no mercado. Cada empilhadeira Paletrans vem com uma cobertura que garante a qualidade e, acima de tudo, a seguran\u00e7a da opera\u00e7\u00e3o. <strong>Al\u00e9m da garantia<\/strong>, nossa equipe t\u00e9cnica se especializa na manuten\u00e7\u00e3o e acompanhamento do seu equipamento, assegurando que tudo funcione perfeitamente. Isso significa que, com a Nigro Equipamentos, voc\u00ea ter\u00e1 a tranquilidade que precisa para focar no seu neg\u00f3cio, sabendo que a empilhadeira Paletrans est\u00e1 em boas m\u00e3os. <strong>Escolher a Nigro<\/strong> para a compra ou loca\u00e7\u00e3o da empilhadeira Paletrans \u00e9 garantir uma decis\u00e3o que pode impactar positivamente a sua opera\u00e7\u00e3o. A qualidade e a garantia da Paletrans s\u00e3o indiscut\u00edveis e, com o suporte t\u00e9cnico da Nigro, voc\u00ea faz uma escolha segura e com certeza acertada.","insightwidtitle":"Curiosidades sobre a Paletrans","insightwidcontent":"Sabia que a empilhadeira Paletrans foi desenvolvida com tecnologia de ponta? Seus designs modernos e sistemas de seguran\u00e7a integrados tornam-na uma das favoritas entre os operadores. Al\u00e9m disso, a Paletrans oferece uma linha completa que atende \u00e0s mais diversas necessidades de movimenta\u00e7\u00e3o, com a garantia sempre em destaque, o que fortalece a confian\u00e7a da Nigro Equipamentos na inova\u00e7\u00e3o e qualidade desses produtos."},"yoast_head":"<!-- This site is optimized with the Yoast SEO Premium plugin v18.3 (Yoast SEO v23.4) - https:\/\/yoast.com\/wordpress\/plugins\/seo\/ -->\n<title>Empilhadeira Paletrans: Garantia e Qualidade que Voc\u00ea Confia<\/title>\n<meta name=\"description\" content=\"Descubra as vantagens da Empilhadeira Paletrans com a melhor garantia do mercado. Confian\u00e7a e qualidade com a Nigro Equipamentos.\" \/>\n<meta name=\"robots\" content=\"index, follow, max-snippet:-1, max-image-preview:large, max-video-preview:-1\" \/>\n<link rel=\"canonical\" href=\"https:\/\/nigroequipamentos.com.br\/conteudo\/garantia-da-empilhadeira-paletrans-confianca-e-qualidade-em-cada-movimentacao\/\" \/>\n<meta property=\"og:locale\" content=\"pt_BR\" \/>\n<meta property=\"og:type\" content=\"article\" \/>\n<meta property=\"og:title\" content=\"Garantia da Empilhadeira Paletrans: Confian\u00e7a e Qualidade em Cada Movimenta\u00e7\u00e3o\" \/>\n<meta property=\"og:description\" content=\"Descubra as vantagens da Empilhadeira Paletrans com a melhor garantia do mercado. Confian\u00e7a e qualidade com a Nigro Equipamentos.\" \/>\n<meta property=\"og:url\" content=\"https:\/\/nigroequipamentos.com.br\/conteudo\/garantia-da-empilhadeira-paletrans-confianca-e-qualidade-em-cada-movimentacao\/\" \/>\n<meta property=\"og:site_name\" content=\"Nigro Equipamentos\" \/>\n<meta property=\"article:publisher\" content=\"https:\/\/www.facebook.com\/nigroequipamentos\" \/>\n<meta name=\"twitter:card\" content=\"summary_large_image\" \/>\n<meta name=\"twitter:label1\" content=\"Est. tempo de leitura\" \/>\n\t<meta name=\"twitter:data1\" content=\"1 minuto\" \/>\n<script type=\"application\/ld+json\" class=\"yoast-schema-graph\">{\"@context\":\"https:\/\/schema.org\",\"@graph\":[{\"@type\":\"WebPage\",\"@id\":\"https:\/\/nigroequipamentos.com.br\/conteudo\/garantia-da-empilhadeira-paletrans-confianca-e-qualidade-em-cada-movimentacao\/\",\"url\":\"https:\/\/nigroequipamentos.com.br\/conteudo\/garantia-da-empilhadeira-paletrans-confianca-e-qualidade-em-cada-movimentacao\/\",\"name\":\"Empilhadeira Paletrans: Garantia e Qualidade que Voc\u00ea Confia\",\"isPartOf\":{\"@id\":\"https:\/\/nigroequipamentos.com.br\/conteudo\/#website\"},\"datePublished\":\"2025-06-18T15:46:03+00:00\",\"dateModified\":\"2025-06-18T15:46:03+00:00\",\"description\":\"Descubra as vantagens da Empilhadeira Paletrans com a melhor garantia do mercado. Confian\u00e7a e qualidade com a Nigro Equipamentos.\",\"breadcrumb\":{\"@id\":\"https:\/\/nigroequipamentos.com.br\/conteudo\/garantia-da-empilhadeira-paletrans-confianca-e-qualidade-em-cada-movimentacao\/#breadcrumb\"},\"inLanguage\":\"pt-BR\",\"potentialAction\":[{\"@type\":\"ReadAction\",\"target\":[\"https:\/\/nigroequipamentos.com.br\/conteudo\/garantia-da-empilhadeira-paletrans-confianca-e-qualidade-em-cada-movimentacao\/\"]}]},{\"@type\":\"BreadcrumbList\",\"@id\":\"https:\/\/nigroequipamentos.com.br\/conteudo\/garantia-da-empilhadeira-paletrans-confianca-e-qualidade-em-cada-movimentacao\/#breadcrumb\",\"itemListElement\":[{\"@type\":\"ListItem\",\"position\":1,\"name\":\"In\u00edcio\",\"item\":\"https:\/\/nigroequipamentos.com.br\/conteudo\/\"},{\"@type\":\"ListItem\",\"position\":2,\"name\":\"Garantia da Empilhadeira Paletrans: Confian\u00e7a e Qualidade em Cada Movimenta\u00e7\u00e3o\"}]},{\"@type\":\"WebSite\",\"@id\":\"https:\/\/nigroequipamentos.com.br\/conteudo\/#website\",\"url\":\"https:\/\/nigroequipamentos.com.br\/conteudo\/\",\"name\":\"Nigro Equipamentos\",\"description\":\"Loca\u00e7\u00e3o e Vendas\",\"publisher\":{\"@id\":\"https:\/\/nigroequipamentos.com.br\/conteudo\/#organization\"},\"potentialAction\":[{\"@type\":\"SearchAction\",\"target\":{\"@type\":\"EntryPoint\",\"urlTemplate\":\"https:\/\/nigroequipamentos.com.br\/conteudo\/?s={search_term_string}\"},\"query-input\":{\"@type\":\"PropertyValueSpecification\",\"valueRequired\":true,\"valueName\":\"search_term_string\"}}],\"inLanguage\":\"pt-BR\"},{\"@type\":\"Organization\",\"@id\":\"https:\/\/nigroequipamentos.com.br\/conteudo\/#organization\",\"name\":\"Nigro Equipamentos\",\"url\":\"https:\/\/nigroequipamentos.com.br\/conteudo\/\",\"logo\":{\"@type\":\"ImageObject\",\"inLanguage\":\"pt-BR\",\"@id\":\"https:\/\/nigroequipamentos.com.br\/conteudo\/#\/schema\/logo\/image\/\",\"url\":\"https:\/\/nigroequipamentos.com.br\/conteudo\/wp-content\/uploads\/2024\/10\/nigroequipamentos_logo.webp\",\"contentUrl\":\"https:\/\/nigroequipamentos.com.br\/conteudo\/wp-content\/uploads\/2024\/10\/nigroequipamentos_logo.webp\",\"width\":785,\"height\":355,\"caption\":\"Nigro Equipamentos\"},\"image\":{\"@id\":\"https:\/\/nigroequipamentos.com.br\/conteudo\/#\/schema\/logo\/image\/\"},\"sameAs\":[\"https:\/\/www.facebook.com\/nigroequipamentos\",\"https:\/\/www.instagram.com\/nigroequipamentos\/\"]}]}<\/script>\n<!-- \/ Yoast SEO Premium plugin. -->","yoast_head_json":{"title":"Empilhadeira Paletrans: Garantia e Qualidade que Voc\u00ea Confia","description":"Descubra as vantagens da Empilhadeira Paletrans com a melhor garantia do mercado. Confian\u00e7a e qualidade com a Nigro Equipamentos.","robots":{"index":"index","follow":"follow","max-snippet":"max-snippet:-1","max-image-preview":"max-image-preview:large","max-video-preview":"max-video-preview:-1"},"canonical":"https:\/\/nigroequipamentos.com.br\/conteudo\/garantia-da-empilhadeira-paletrans-confianca-e-qualidade-em-cada-movimentacao\/","og_locale":"pt_BR","og_type":"article","og_title":"Garantia da Empilhadeira Paletrans: Confian\u00e7a e Qualidade em Cada Movimenta\u00e7\u00e3o","og_description":"Descubra as vantagens da Empilhadeira Paletrans com a melhor garantia do mercado. Confian\u00e7a e qualidade com a Nigro Equipamentos.","og_url":"https:\/\/nigroequipamentos.com.br\/conteudo\/garantia-da-empilhadeira-paletrans-confianca-e-qualidade-em-cada-movimentacao\/","og_site_name":"Nigro Equipamentos","article_publisher":"https:\/\/www.facebook.com\/nigroequipamentos","twitter_card":"summary_large_image","twitter_misc":{"Est. tempo de leitura":"1 minuto"},"schema":{"@context":"https:\/\/schema.org","@graph":[{"@type":"WebPage","@id":"https:\/\/nigroequipamentos.com.br\/conteudo\/garantia-da-empilhadeira-paletrans-confianca-e-qualidade-em-cada-movimentacao\/","url":"https:\/\/nigroequipamentos.com.br\/conteudo\/garantia-da-empilhadeira-paletrans-confianca-e-qualidade-em-cada-movimentacao\/","name":"Empilhadeira Paletrans: Garantia e Qualidade que Voc\u00ea Confia","isPartOf":{"@id":"https:\/\/nigroequipamentos.com.br\/conteudo\/#website"},"datePublished":"2025-06-18T15:46:03+00:00","dateModified":"2025-06-18T15:46:03+00:00","description":"Descubra as vantagens da Empilhadeira Paletrans com a melhor garantia do mercado. Confian\u00e7a e qualidade com a Nigro Equipamentos.","breadcrumb":{"@id":"https:\/\/nigroequipamentos.com.br\/conteudo\/garantia-da-empilhadeira-paletrans-confianca-e-qualidade-em-cada-movimentacao\/#breadcrumb"},"inLanguage":"pt-BR","potentialAction":[{"@type":"ReadAction","target":["https:\/\/nigroequipamentos.com.br\/conteudo\/garantia-da-empilhadeira-paletrans-confianca-e-qualidade-em-cada-movimentacao\/"]}]},{"@type":"BreadcrumbList","@id":"https:\/\/nigroequipamentos.com.br\/conteudo\/garantia-da-empilhadeira-paletrans-confianca-e-qualidade-em-cada-movimentacao\/#breadcrumb","itemListElement":[{"@type":"ListItem","position":1,"name":"In\u00edcio","item":"https:\/\/nigroequipamentos.com.br\/conteudo\/"},{"@type":"ListItem","position":2,"name":"Garantia da Empilhadeira Paletrans: Confian\u00e7a e Qualidade em Cada Movimenta\u00e7\u00e3o"}]},{"@type":"WebSite","@id":"https:\/\/nigroequipamentos.com.br\/conteudo\/#website","url":"https:\/\/nigroequipamentos.com.br\/conteudo\/","name":"Nigro Equipamentos","description":"Loca\u00e7\u00e3o e Vendas","publisher":{"@id":"https:\/\/nigroequipamentos.com.br\/conteudo\/#organization"},"potentialAction":[{"@type":"SearchAction","target":{"@type":"EntryPoint","urlTemplate":"https:\/\/nigroequipamentos.com.br\/conteudo\/?s={search_term_string}"},"query-input":{"@type":"PropertyValueSpecification","valueRequired":true,"valueName":"search_term_string"}}],"inLanguage":"pt-BR"},{"@type":"Organization","@id":"https:\/\/nigroequipamentos.com.br\/conteudo\/#organization","name":"Nigro Equipamentos","url":"https:\/\/nigroequipamentos.com.br\/conteudo\/","logo":{"@type":"ImageObject","inLanguage":"pt-BR","@id":"https:\/\/nigroequipamentos.com.br\/conteudo\/#\/schema\/logo\/image\/","url":"https:\/\/nigroequipamentos.com.br\/conteudo\/wp-content\/uploads\/2024\/10\/nigroequipamentos_logo.webp","contentUrl":"https:\/\/nigroequipamentos.com.br\/conteudo\/wp-content\/uploads\/2024\/10\/nigroequipamentos_logo.webp","width":785,"height":355,"caption":"Nigro Equipamentos"},"image":{"@id":"https:\/\/nigroequipamentos.com.br\/conteudo\/#\/schema\/logo\/image\/"},"sameAs":["https:\/\/www.facebook.com\/nigroequipamentos","https:\/\/www.instagram.com\/nigroequipamentos\/"]}]}},"_links":{"self":[{"href":"https:\/\/nigroequipamentos.com.br\/conteudo\/wp-json\/wp\/v2\/pages\/34705","targetHints":{"allow":["GET"]}}],"collection":[{"href":"https:\/\/nigroequipamentos.com.br\/conteudo\/wp-json\/wp\/v2\/pages"}],"about":[{"href":"https:\/\/nigroequipamentos.com.br\/conteudo\/wp-json\/wp\/v2\/types\/page"}],"author":[{"embeddable":true,"href":"https:\/\/nigroequipamentos.com.br\/conteudo\/wp-json\/wp\/v2\/users\/3"}],"replies":[{"embeddable":true,"href":"https:\/\/nigroequipamentos.com.br\/conteudo\/wp-json\/wp\/v2\/comments?post=34705"}],"version-history":[{"count":0,"href":"https:\/\/nigroequipamentos.com.br\/conteudo\/wp-json\/wp\/v2\/pages\/34705\/revisions"}],"wp:attachment":[{"href":"https:\/\/nigroequipamentos.com.br\/conteudo\/wp-json\/wp\/v2\/media?parent=34705"}],"curies":[{"name":"wp","href":"https:\/\/api.w.org\/{rel}","templated":true}]}}