{"id":32862,"date":"2025-06-12T15:46:11","date_gmt":"2025-06-12T18:46:11","guid":{"rendered":"https:\/\/nigroequipamentos.com.br\/conteudo\/empilhadeira-paletrans-a-melhor-escolha-de-revendedor\/"},"modified":"2025-06-12T15:46:11","modified_gmt":"2025-06-12T18:46:11","slug":"empilhadeira-paletrans-a-melhor-escolha-de-revendedor","status":"publish","type":"page","link":"https:\/\/nigroequipamentos.com.br\/conteudo\/empilhadeira-paletrans-a-melhor-escolha-de-revendedor\/","title":{"rendered":"Empilhadeira Paletrans: A Melhor Escolha de Revendedor"},"content":{"rendered":"<p>Se voc\u00ea est\u00e1 buscando por um revendedor confi\u00e1vel de empilhadeiras Paletrans, a Nigro Equipamentos \u00e9 a sua melhor op\u00e7\u00e3o. Com anos de experi\u00eancia no mercado e uma equipe altamente especializada, garantimos n\u00e3o apenas a venda, mas tamb\u00e9m a manuten\u00e7\u00e3o e loca\u00e7\u00e3o das melhores empilhadeiras. A Nigro Equipamentos se destaca como o revendedor ideal para atender suas necessidades em log\u00edstica e movimenta\u00e7\u00e3o de cargas. Nossos produtos s\u00e3o de qualidade superior e nossos servi\u00e7os s\u00e3o reconhecidos pela efici\u00eancia e rapidez, tornando-nos a escolha preferida de empresas de todos os portes.<\/p>\n","protected":false},"excerpt":{"rendered":"<p>Se voc\u00ea est\u00e1 buscando por um revendedor confi\u00e1vel de empilhadeiras Paletrans, a Nigro Equipamentos \u00e9 a sua melhor op\u00e7\u00e3o. Com anos de experi\u00eancia no mercado e uma equipe altamente especializada, garantimos n\u00e3o apenas a venda, mas tamb\u00e9m a manuten\u00e7\u00e3o e loca\u00e7\u00e3o das melhores empilhadeiras. A Nigro Equipamentos se destaca como o revendedor ideal para atender&hellip;&nbsp;<a href=\"https:\/\/nigroequipamentos.com.br\/conteudo\/empilhadeira-paletrans-a-melhor-escolha-de-revendedor\/\" class=\"\" rel=\"bookmark\">Continue a ler &raquo;<span class=\"screen-reader-text\">Empilhadeira Paletrans: A Melhor Escolha de Revendedor<\/span><\/a><\/p>\n","protected":false},"author":3,"featured_media":0,"parent":0,"menu_order":0,"comment_status":"closed","ping_status":"closed","template":"","meta":{"_acf_changed":false,"_yoast_wpseo_focuskw":"Empilhadeira Paletrans revendedor","_yoast_wpseo_title":"Nigro Equipamentos: Revendedor Confi\u00e1vel de Empilhadeira Paletrans","_yoast_wpseo_metadesc":"Descubra por que a Nigro Equipamentos \u00e9 o melhor revendedor de empilhadeiras Paletrans. Qualidade, atendimento e solu\u00e7\u00f5es personalizadas para sua empresa.","neve_meta_sidebar":"","neve_meta_container":"","neve_meta_enable_content_width":"","neve_meta_content_width":0,"neve_meta_title_alignment":"","neve_meta_author_avatar":"","neve_post_elements_order":"","neve_meta_disable_header":"","neve_meta_disable_footer":"","neve_meta_disable_title":"","footnotes":""},"class_list":["post-32862","page","type-page","status-publish","hentry"],"acf":{"bloco1title":"Qualidade Garantida","bloco1text":"A Nigro Equipamentos oferece apenas empilhadeiras Paletrans com garantia de qualidade e efici\u00eancia, assegurando total satisfa\u00e7\u00e3o.","bloco2title":"Atendimento Personalizado","bloco2text":"Nossa equipe proporciona um atendimento personalizado, entendendo suas necessidades para oferecer a melhor empilhadeira Paletrans.","bloco3title":"Solu\u00e7\u00f5es Eficientes","bloco3text":"Na Nigro, al\u00e9m de ser um revendedor de empilhadeiras Paletrans, oferecemos solu\u00e7\u00f5es personalizadas em movimenta\u00e7\u00e3o de cargas para otimizar sua opera\u00e7\u00e3o.","posttitle":"A Import\u00e2ncia de Escolher um Bom Revendedor de Empilhadeira Paletrans","postcontent":"<strong>Voc\u00ea sabia que a escolha do revendedor certo pode fazer toda a diferen\u00e7a?<\/strong> Muitas empresas n\u00e3o percebem a import\u00e2ncia de escolher um revendedor confi\u00e1vel de empilhadeiras Paletrans at\u00e9 enfrentarem problemas com seus equipamentos. A Nigro Equipamentos entende que cada cliente possui necessidades \u00fanicas e que a escolha de uma empilhadeira Paletrans deve ser pautada em fatores como qualidade do produto, servi\u00e7os de manuten\u00e7\u00e3o e suporte t\u00e9cnico. N\u00f3s oferecemos um portf\u00f3lio diversificado de empilhadeiras Paletrans, ideais para atender diferentes setores, como log\u00edstica, ind\u00fastria e com\u00e9rcio. Al\u00e9m disso, nosso compromisso com a excel\u00eancia nos servi\u00e7os \u00e9 um diferencial que nos coloca \u00e0 frente de outros revendedores. Nossos clientes t\u00eam \u00e0 disposi\u00e7\u00e3o uma equipe capacitada e pronta para resolver qualquer problema. A confian\u00e7a que nossos clientes depositam em n\u00f3s nasceu de uma longa hist\u00f3ria de dedica\u00e7\u00e3o e profissionalismo, tornando a Nigro Equipamentos a indica\u00e7\u00e3o perfeita para quem busca n\u00e3o apenas a compra, mas tamb\u00e9m a loca\u00e7\u00e3o e manuten\u00e7\u00e3o de empilhadeiras Paletrans. Venha descobrir como a Nigro pode ajudar seu neg\u00f3cio a se destacar!","insightwidtitle":"Curiosidades sobre Empilhadeiras","insightwidcontent":"Sabia que as empilhadeiras Paletrans s\u00e3o conhecidas pela sua durabilidade e efici\u00eancia em ambientes industriais? Elas s\u00e3o projetadas para suportar cargas pesadas e t\u00eam um impacto significativo na produtividade das opera\u00e7\u00f5es log\u00edsticas. Al\u00e9m disso, a Nigro Equipamentos oferece solu\u00e7\u00f5es de loca\u00e7\u00e3o que permitem seu uso sem grandes investimentos, otimizando custos e aumentando a flexibilidade operacional das empresas."},"yoast_head":"<!-- This site is optimized with the Yoast SEO Premium plugin v18.3 (Yoast SEO v23.4) - https:\/\/yoast.com\/wordpress\/plugins\/seo\/ -->\n<title>Nigro Equipamentos: Revendedor Confi\u00e1vel de Empilhadeira Paletrans<\/title>\n<meta name=\"description\" content=\"Descubra por que a Nigro Equipamentos \u00e9 o melhor revendedor de empilhadeiras Paletrans. Qualidade, atendimento e solu\u00e7\u00f5es personalizadas para sua empresa.\" \/>\n<meta name=\"robots\" content=\"index, follow, max-snippet:-1, max-image-preview:large, max-video-preview:-1\" \/>\n<link rel=\"canonical\" href=\"https:\/\/nigroequipamentos.com.br\/conteudo\/empilhadeira-paletrans-a-melhor-escolha-de-revendedor\/\" \/>\n<meta property=\"og:locale\" content=\"pt_BR\" \/>\n<meta property=\"og:type\" content=\"article\" \/>\n<meta property=\"og:title\" content=\"Empilhadeira Paletrans: A Melhor Escolha de Revendedor\" \/>\n<meta property=\"og:description\" content=\"Descubra por que a Nigro Equipamentos \u00e9 o melhor revendedor de empilhadeiras Paletrans. Qualidade, atendimento e solu\u00e7\u00f5es personalizadas para sua empresa.\" \/>\n<meta property=\"og:url\" content=\"https:\/\/nigroequipamentos.com.br\/conteudo\/empilhadeira-paletrans-a-melhor-escolha-de-revendedor\/\" \/>\n<meta property=\"og:site_name\" content=\"Nigro Equipamentos\" \/>\n<meta property=\"article:publisher\" content=\"https:\/\/www.facebook.com\/nigroequipamentos\" \/>\n<meta name=\"twitter:card\" content=\"summary_large_image\" \/>\n<meta name=\"twitter:label1\" content=\"Est. tempo de leitura\" \/>\n\t<meta name=\"twitter:data1\" content=\"1 minuto\" \/>\n<script type=\"application\/ld+json\" class=\"yoast-schema-graph\">{\"@context\":\"https:\/\/schema.org\",\"@graph\":[{\"@type\":\"WebPage\",\"@id\":\"https:\/\/nigroequipamentos.com.br\/conteudo\/empilhadeira-paletrans-a-melhor-escolha-de-revendedor\/\",\"url\":\"https:\/\/nigroequipamentos.com.br\/conteudo\/empilhadeira-paletrans-a-melhor-escolha-de-revendedor\/\",\"name\":\"Nigro Equipamentos: Revendedor Confi\u00e1vel de Empilhadeira Paletrans\",\"isPartOf\":{\"@id\":\"https:\/\/nigroequipamentos.com.br\/conteudo\/#website\"},\"datePublished\":\"2025-06-12T18:46:11+00:00\",\"dateModified\":\"2025-06-12T18:46:11+00:00\",\"description\":\"Descubra por que a Nigro Equipamentos \u00e9 o melhor revendedor de empilhadeiras Paletrans. Qualidade, atendimento e solu\u00e7\u00f5es personalizadas para sua empresa.\",\"breadcrumb\":{\"@id\":\"https:\/\/nigroequipamentos.com.br\/conteudo\/empilhadeira-paletrans-a-melhor-escolha-de-revendedor\/#breadcrumb\"},\"inLanguage\":\"pt-BR\",\"potentialAction\":[{\"@type\":\"ReadAction\",\"target\":[\"https:\/\/nigroequipamentos.com.br\/conteudo\/empilhadeira-paletrans-a-melhor-escolha-de-revendedor\/\"]}]},{\"@type\":\"BreadcrumbList\",\"@id\":\"https:\/\/nigroequipamentos.com.br\/conteudo\/empilhadeira-paletrans-a-melhor-escolha-de-revendedor\/#breadcrumb\",\"itemListElement\":[{\"@type\":\"ListItem\",\"position\":1,\"name\":\"In\u00edcio\",\"item\":\"https:\/\/nigroequipamentos.com.br\/conteudo\/\"},{\"@type\":\"ListItem\",\"position\":2,\"name\":\"Empilhadeira Paletrans: A Melhor Escolha de Revendedor\"}]},{\"@type\":\"WebSite\",\"@id\":\"https:\/\/nigroequipamentos.com.br\/conteudo\/#website\",\"url\":\"https:\/\/nigroequipamentos.com.br\/conteudo\/\",\"name\":\"Nigro Equipamentos\",\"description\":\"Loca\u00e7\u00e3o e Vendas\",\"publisher\":{\"@id\":\"https:\/\/nigroequipamentos.com.br\/conteudo\/#organization\"},\"potentialAction\":[{\"@type\":\"SearchAction\",\"target\":{\"@type\":\"EntryPoint\",\"urlTemplate\":\"https:\/\/nigroequipamentos.com.br\/conteudo\/?s={search_term_string}\"},\"query-input\":{\"@type\":\"PropertyValueSpecification\",\"valueRequired\":true,\"valueName\":\"search_term_string\"}}],\"inLanguage\":\"pt-BR\"},{\"@type\":\"Organization\",\"@id\":\"https:\/\/nigroequipamentos.com.br\/conteudo\/#organization\",\"name\":\"Nigro Equipamentos\",\"url\":\"https:\/\/nigroequipamentos.com.br\/conteudo\/\",\"logo\":{\"@type\":\"ImageObject\",\"inLanguage\":\"pt-BR\",\"@id\":\"https:\/\/nigroequipamentos.com.br\/conteudo\/#\/schema\/logo\/image\/\",\"url\":\"https:\/\/nigroequipamentos.com.br\/conteudo\/wp-content\/uploads\/2024\/10\/nigroequipamentos_logo.webp\",\"contentUrl\":\"https:\/\/nigroequipamentos.com.br\/conteudo\/wp-content\/uploads\/2024\/10\/nigroequipamentos_logo.webp\",\"width\":785,\"height\":355,\"caption\":\"Nigro Equipamentos\"},\"image\":{\"@id\":\"https:\/\/nigroequipamentos.com.br\/conteudo\/#\/schema\/logo\/image\/\"},\"sameAs\":[\"https:\/\/www.facebook.com\/nigroequipamentos\",\"https:\/\/www.instagram.com\/nigroequipamentos\/\"]}]}<\/script>\n<!-- \/ Yoast SEO Premium plugin. -->","yoast_head_json":{"title":"Nigro Equipamentos: Revendedor Confi\u00e1vel de Empilhadeira Paletrans","description":"Descubra por que a Nigro Equipamentos \u00e9 o melhor revendedor de empilhadeiras Paletrans. Qualidade, atendimento e solu\u00e7\u00f5es personalizadas para sua empresa.","robots":{"index":"index","follow":"follow","max-snippet":"max-snippet:-1","max-image-preview":"max-image-preview:large","max-video-preview":"max-video-preview:-1"},"canonical":"https:\/\/nigroequipamentos.com.br\/conteudo\/empilhadeira-paletrans-a-melhor-escolha-de-revendedor\/","og_locale":"pt_BR","og_type":"article","og_title":"Empilhadeira Paletrans: A Melhor Escolha de Revendedor","og_description":"Descubra por que a Nigro Equipamentos \u00e9 o melhor revendedor de empilhadeiras Paletrans. Qualidade, atendimento e solu\u00e7\u00f5es personalizadas para sua empresa.","og_url":"https:\/\/nigroequipamentos.com.br\/conteudo\/empilhadeira-paletrans-a-melhor-escolha-de-revendedor\/","og_site_name":"Nigro Equipamentos","article_publisher":"https:\/\/www.facebook.com\/nigroequipamentos","twitter_card":"summary_large_image","twitter_misc":{"Est. tempo de leitura":"1 minuto"},"schema":{"@context":"https:\/\/schema.org","@graph":[{"@type":"WebPage","@id":"https:\/\/nigroequipamentos.com.br\/conteudo\/empilhadeira-paletrans-a-melhor-escolha-de-revendedor\/","url":"https:\/\/nigroequipamentos.com.br\/conteudo\/empilhadeira-paletrans-a-melhor-escolha-de-revendedor\/","name":"Nigro Equipamentos: Revendedor Confi\u00e1vel de Empilhadeira Paletrans","isPartOf":{"@id":"https:\/\/nigroequipamentos.com.br\/conteudo\/#website"},"datePublished":"2025-06-12T18:46:11+00:00","dateModified":"2025-06-12T18:46:11+00:00","description":"Descubra por que a Nigro Equipamentos \u00e9 o melhor revendedor de empilhadeiras Paletrans. Qualidade, atendimento e solu\u00e7\u00f5es personalizadas para sua empresa.","breadcrumb":{"@id":"https:\/\/nigroequipamentos.com.br\/conteudo\/empilhadeira-paletrans-a-melhor-escolha-de-revendedor\/#breadcrumb"},"inLanguage":"pt-BR","potentialAction":[{"@type":"ReadAction","target":["https:\/\/nigroequipamentos.com.br\/conteudo\/empilhadeira-paletrans-a-melhor-escolha-de-revendedor\/"]}]},{"@type":"BreadcrumbList","@id":"https:\/\/nigroequipamentos.com.br\/conteudo\/empilhadeira-paletrans-a-melhor-escolha-de-revendedor\/#breadcrumb","itemListElement":[{"@type":"ListItem","position":1,"name":"In\u00edcio","item":"https:\/\/nigroequipamentos.com.br\/conteudo\/"},{"@type":"ListItem","position":2,"name":"Empilhadeira Paletrans: A Melhor Escolha de Revendedor"}]},{"@type":"WebSite","@id":"https:\/\/nigroequipamentos.com.br\/conteudo\/#website","url":"https:\/\/nigroequipamentos.com.br\/conteudo\/","name":"Nigro Equipamentos","description":"Loca\u00e7\u00e3o e Vendas","publisher":{"@id":"https:\/\/nigroequipamentos.com.br\/conteudo\/#organization"},"potentialAction":[{"@type":"SearchAction","target":{"@type":"EntryPoint","urlTemplate":"https:\/\/nigroequipamentos.com.br\/conteudo\/?s={search_term_string}"},"query-input":{"@type":"PropertyValueSpecification","valueRequired":true,"valueName":"search_term_string"}}],"inLanguage":"pt-BR"},{"@type":"Organization","@id":"https:\/\/nigroequipamentos.com.br\/conteudo\/#organization","name":"Nigro Equipamentos","url":"https:\/\/nigroequipamentos.com.br\/conteudo\/","logo":{"@type":"ImageObject","inLanguage":"pt-BR","@id":"https:\/\/nigroequipamentos.com.br\/conteudo\/#\/schema\/logo\/image\/","url":"https:\/\/nigroequipamentos.com.br\/conteudo\/wp-content\/uploads\/2024\/10\/nigroequipamentos_logo.webp","contentUrl":"https:\/\/nigroequipamentos.com.br\/conteudo\/wp-content\/uploads\/2024\/10\/nigroequipamentos_logo.webp","width":785,"height":355,"caption":"Nigro Equipamentos"},"image":{"@id":"https:\/\/nigroequipamentos.com.br\/conteudo\/#\/schema\/logo\/image\/"},"sameAs":["https:\/\/www.facebook.com\/nigroequipamentos","https:\/\/www.instagram.com\/nigroequipamentos\/"]}]}},"_links":{"self":[{"href":"https:\/\/nigroequipamentos.com.br\/conteudo\/wp-json\/wp\/v2\/pages\/32862","targetHints":{"allow":["GET"]}}],"collection":[{"href":"https:\/\/nigroequipamentos.com.br\/conteudo\/wp-json\/wp\/v2\/pages"}],"about":[{"href":"https:\/\/nigroequipamentos.com.br\/conteudo\/wp-json\/wp\/v2\/types\/page"}],"author":[{"embeddable":true,"href":"https:\/\/nigroequipamentos.com.br\/conteudo\/wp-json\/wp\/v2\/users\/3"}],"replies":[{"embeddable":true,"href":"https:\/\/nigroequipamentos.com.br\/conteudo\/wp-json\/wp\/v2\/comments?post=32862"}],"version-history":[{"count":0,"href":"https:\/\/nigroequipamentos.com.br\/conteudo\/wp-json\/wp\/v2\/pages\/32862\/revisions"}],"wp:attachment":[{"href":"https:\/\/nigroequipamentos.com.br\/conteudo\/wp-json\/wp\/v2\/media?parent=32862"}],"curies":[{"name":"wp","href":"https:\/\/api.w.org\/{rel}","templated":true}]}}