{"id":32575,"date":"2025-06-11T23:46:02","date_gmt":"2025-06-12T02:46:02","guid":{"rendered":"https:\/\/nigroequipamentos.com.br\/conteudo\/alugue-a-empilhadeira-paletrans-com-a-nigro-equipamentos-e-otimize-seu-negocio\/"},"modified":"2025-06-11T23:46:02","modified_gmt":"2025-06-12T02:46:02","slug":"alugue-a-empilhadeira-paletrans-com-a-nigro-equipamentos-e-otimize-seu-negocio","status":"publish","type":"page","link":"https:\/\/nigroequipamentos.com.br\/conteudo\/alugue-a-empilhadeira-paletrans-com-a-nigro-equipamentos-e-otimize-seu-negocio\/","title":{"rendered":"Alugue a Empilhadeira Paletrans com a Nigro Equipamentos e Otimize Seu Neg\u00f3cio!"},"content":{"rendered":"<p>Se voc\u00ea busca por solu\u00e7\u00f5es eficazes para transporte e movimenta\u00e7\u00e3o de cargas, o aluguel de Empilhadeira Paletrans \u00e9 a melhor op\u00e7\u00e3o. Na Nigro Equipamentos, oferecemos um portf\u00f3lio diversificado de empilhadeiras Paletrans para aluguel, garantindo qualidade, efici\u00eancia e seguran\u00e7a para suas opera\u00e7\u00f5es. A Empilhadeira Paletrans permite elevar, mover e empilhar produtos pesados com facilidade e rapidez, aumentando a produtividade da sua equipe. Al\u00e9m disso, nossos equipamentos est\u00e3o sempre em perfeitas condi\u00e7\u00f5es, prontos para atender suas demandas. Seja para um projeto tempor\u00e1rio ou para otimizar seus processos log\u00edsticos di\u00e1rios, nosso servi\u00e7o de aluguel de Empilhadeira Paletrans oferece solu\u00e7\u00f5es personalizadas e competitivas.<\/p>\n","protected":false},"excerpt":{"rendered":"<p>Se voc\u00ea busca por solu\u00e7\u00f5es eficazes para transporte e movimenta\u00e7\u00e3o de cargas, o aluguel de Empilhadeira Paletrans \u00e9 a melhor op\u00e7\u00e3o. Na Nigro Equipamentos, oferecemos um portf\u00f3lio diversificado de empilhadeiras Paletrans para aluguel, garantindo qualidade, efici\u00eancia e seguran\u00e7a para suas opera\u00e7\u00f5es. A Empilhadeira Paletrans permite elevar, mover e empilhar produtos pesados com facilidade e rapidez,&hellip;&nbsp;<a href=\"https:\/\/nigroequipamentos.com.br\/conteudo\/alugue-a-empilhadeira-paletrans-com-a-nigro-equipamentos-e-otimize-seu-negocio\/\" class=\"\" rel=\"bookmark\">Continue a ler &raquo;<span class=\"screen-reader-text\">Alugue a Empilhadeira Paletrans com a Nigro Equipamentos e Otimize Seu Neg\u00f3cio!<\/span><\/a><\/p>\n","protected":false},"author":3,"featured_media":0,"parent":0,"menu_order":0,"comment_status":"closed","ping_status":"closed","template":"","meta":{"_acf_changed":false,"_yoast_wpseo_focuskw":"Empilhadeira Paletrans aluguel","_yoast_wpseo_title":"Aluguel de Empilhadeira Paletrans - Nigro Equipamentos","_yoast_wpseo_metadesc":"Alugue a Empilhadeira Paletrans com a Nigro Equipamentos e aumente a efici\u00eancia de sua opera\u00e7\u00e3o log\u00edstica.","neve_meta_sidebar":"","neve_meta_container":"","neve_meta_enable_content_width":"","neve_meta_content_width":0,"neve_meta_title_alignment":"","neve_meta_author_avatar":"","neve_post_elements_order":"","neve_meta_disable_header":"","neve_meta_disable_footer":"","neve_meta_disable_title":"","footnotes":""},"class_list":["post-32575","page","type-page","status-publish","hentry"],"acf":{"bloco1title":"Qualidade Garantida","bloco1text":"As Empilhadeiras Paletrans da Nigro s\u00e3o rigorosamente mantidas, assegurando alta performance e seguran\u00e7a.","bloco2title":"Variedade de Modelos","bloco2text":"Temos diversos modelos de Empilhadeira Paletrans para atender \u00e0s suas necessidades espec\u00edficas.","bloco3title":"Aluguel Flex\u00edvel","bloco3text":"Oferecemos solu\u00e7\u00f5es de aluguel de Empilhadeira Paletrans que se adaptam ao seu cronograma e or\u00e7amento, possibilitando loca\u00e7\u00f5es por per\u00edodos curtos ou longos.","posttitle":"Por que optar pela Loca\u00e7\u00e3o de Empilhadeira Paletrans com a Nigro Equipamentos \u00e9 a Melhor Decis\u00e3o","postcontent":"A loca\u00e7\u00e3o de Empilhadeira Paletrans na Nigro Equipamentos n\u00e3o s\u00f3 permite a voc\u00ea ter acesso a tecnologia de ponta, mas tamb\u00e9m elimina os custos de manuten\u00e7\u00e3o e armazenamento. Com a nossa experi\u00eancia no mercado, entendemos como a utiliza\u00e7\u00e3o eficaz de uma Empilhadeira Paletrans pode transformar a opera\u00e7\u00e3o log\u00edstica de qualquer empresa. Ao optar por alugar, voc\u00ea tamb\u00e9m pode experimentar diferentes modelos e escolher o mais adequado \u00e0s suas necessidades sem grandes compromissos financeiros. Em tempos de crescente demanda, investir em um aluguel eficiente de Empilhadeiras Paletrans pode ser o divisor de \u00e1guas para sua empresa. A Nigro Equipamentos se destaca neste mercado, oferecendo suporte t\u00e9cnico especializado e um atendimento ao cliente excepcional. N\u00e3o deixe de consultar nossas op\u00e7\u00f5es de Empilhadeira Paletrans e descubra como podemos ajudar na log\u00edstica do seu neg\u00f3cio.","insightwidtitle":"Curiosidades sobre Empilhadeiras","insightwidcontent":"Voc\u00ea sabia que as Empilhadeiras Paletrans podem levantar cargas de at\u00e9 4.000 kg com facilidade? Elas s\u00e3o projetadas para atender ind\u00fastrias diversas, desde a constru\u00e7\u00e3o civil at\u00e9 o armazenamento em armaz\u00e9ns. Al\u00e9m disso, muitas empilhadeiras modernas j\u00e1 incorporam tecnologias como a movimenta\u00e7\u00e3o sem operador, o que pode revolucionar a forma como as mercadorias s\u00e3o manuseadas."},"yoast_head":"<!-- This site is optimized with the Yoast SEO Premium plugin v18.3 (Yoast SEO v23.4) - https:\/\/yoast.com\/wordpress\/plugins\/seo\/ -->\n<title>Aluguel de Empilhadeira Paletrans - Nigro Equipamentos<\/title>\n<meta name=\"description\" content=\"Alugue a Empilhadeira Paletrans com a Nigro Equipamentos e aumente a efici\u00eancia de sua opera\u00e7\u00e3o log\u00edstica.\" \/>\n<meta name=\"robots\" content=\"index, follow, max-snippet:-1, max-image-preview:large, max-video-preview:-1\" \/>\n<link rel=\"canonical\" href=\"https:\/\/nigroequipamentos.com.br\/conteudo\/alugue-a-empilhadeira-paletrans-com-a-nigro-equipamentos-e-otimize-seu-negocio\/\" \/>\n<meta property=\"og:locale\" content=\"pt_BR\" \/>\n<meta property=\"og:type\" content=\"article\" \/>\n<meta property=\"og:title\" content=\"Alugue a Empilhadeira Paletrans com a Nigro Equipamentos e Otimize Seu Neg\u00f3cio!\" \/>\n<meta property=\"og:description\" content=\"Alugue a Empilhadeira Paletrans com a Nigro Equipamentos e aumente a efici\u00eancia de sua opera\u00e7\u00e3o log\u00edstica.\" \/>\n<meta property=\"og:url\" content=\"https:\/\/nigroequipamentos.com.br\/conteudo\/alugue-a-empilhadeira-paletrans-com-a-nigro-equipamentos-e-otimize-seu-negocio\/\" \/>\n<meta property=\"og:site_name\" content=\"Nigro Equipamentos\" \/>\n<meta property=\"article:publisher\" content=\"https:\/\/www.facebook.com\/nigroequipamentos\" \/>\n<meta name=\"twitter:card\" content=\"summary_large_image\" \/>\n<meta name=\"twitter:label1\" content=\"Est. tempo de leitura\" \/>\n\t<meta name=\"twitter:data1\" content=\"1 minuto\" \/>\n<script type=\"application\/ld+json\" class=\"yoast-schema-graph\">{\"@context\":\"https:\/\/schema.org\",\"@graph\":[{\"@type\":\"WebPage\",\"@id\":\"https:\/\/nigroequipamentos.com.br\/conteudo\/alugue-a-empilhadeira-paletrans-com-a-nigro-equipamentos-e-otimize-seu-negocio\/\",\"url\":\"https:\/\/nigroequipamentos.com.br\/conteudo\/alugue-a-empilhadeira-paletrans-com-a-nigro-equipamentos-e-otimize-seu-negocio\/\",\"name\":\"Aluguel de Empilhadeira Paletrans - Nigro Equipamentos\",\"isPartOf\":{\"@id\":\"https:\/\/nigroequipamentos.com.br\/conteudo\/#website\"},\"datePublished\":\"2025-06-12T02:46:02+00:00\",\"dateModified\":\"2025-06-12T02:46:02+00:00\",\"description\":\"Alugue a Empilhadeira Paletrans com a Nigro Equipamentos e aumente a efici\u00eancia de sua opera\u00e7\u00e3o log\u00edstica.\",\"breadcrumb\":{\"@id\":\"https:\/\/nigroequipamentos.com.br\/conteudo\/alugue-a-empilhadeira-paletrans-com-a-nigro-equipamentos-e-otimize-seu-negocio\/#breadcrumb\"},\"inLanguage\":\"pt-BR\",\"potentialAction\":[{\"@type\":\"ReadAction\",\"target\":[\"https:\/\/nigroequipamentos.com.br\/conteudo\/alugue-a-empilhadeira-paletrans-com-a-nigro-equipamentos-e-otimize-seu-negocio\/\"]}]},{\"@type\":\"BreadcrumbList\",\"@id\":\"https:\/\/nigroequipamentos.com.br\/conteudo\/alugue-a-empilhadeira-paletrans-com-a-nigro-equipamentos-e-otimize-seu-negocio\/#breadcrumb\",\"itemListElement\":[{\"@type\":\"ListItem\",\"position\":1,\"name\":\"In\u00edcio\",\"item\":\"https:\/\/nigroequipamentos.com.br\/conteudo\/\"},{\"@type\":\"ListItem\",\"position\":2,\"name\":\"Alugue a Empilhadeira Paletrans com a Nigro Equipamentos e Otimize Seu Neg\u00f3cio!\"}]},{\"@type\":\"WebSite\",\"@id\":\"https:\/\/nigroequipamentos.com.br\/conteudo\/#website\",\"url\":\"https:\/\/nigroequipamentos.com.br\/conteudo\/\",\"name\":\"Nigro Equipamentos\",\"description\":\"Loca\u00e7\u00e3o e Vendas\",\"publisher\":{\"@id\":\"https:\/\/nigroequipamentos.com.br\/conteudo\/#organization\"},\"potentialAction\":[{\"@type\":\"SearchAction\",\"target\":{\"@type\":\"EntryPoint\",\"urlTemplate\":\"https:\/\/nigroequipamentos.com.br\/conteudo\/?s={search_term_string}\"},\"query-input\":{\"@type\":\"PropertyValueSpecification\",\"valueRequired\":true,\"valueName\":\"search_term_string\"}}],\"inLanguage\":\"pt-BR\"},{\"@type\":\"Organization\",\"@id\":\"https:\/\/nigroequipamentos.com.br\/conteudo\/#organization\",\"name\":\"Nigro Equipamentos\",\"url\":\"https:\/\/nigroequipamentos.com.br\/conteudo\/\",\"logo\":{\"@type\":\"ImageObject\",\"inLanguage\":\"pt-BR\",\"@id\":\"https:\/\/nigroequipamentos.com.br\/conteudo\/#\/schema\/logo\/image\/\",\"url\":\"https:\/\/nigroequipamentos.com.br\/conteudo\/wp-content\/uploads\/2024\/10\/nigroequipamentos_logo.webp\",\"contentUrl\":\"https:\/\/nigroequipamentos.com.br\/conteudo\/wp-content\/uploads\/2024\/10\/nigroequipamentos_logo.webp\",\"width\":785,\"height\":355,\"caption\":\"Nigro Equipamentos\"},\"image\":{\"@id\":\"https:\/\/nigroequipamentos.com.br\/conteudo\/#\/schema\/logo\/image\/\"},\"sameAs\":[\"https:\/\/www.facebook.com\/nigroequipamentos\",\"https:\/\/www.instagram.com\/nigroequipamentos\/\"]}]}<\/script>\n<!-- \/ Yoast SEO Premium plugin. -->","yoast_head_json":{"title":"Aluguel de Empilhadeira Paletrans - Nigro Equipamentos","description":"Alugue a Empilhadeira Paletrans com a Nigro Equipamentos e aumente a efici\u00eancia de sua opera\u00e7\u00e3o log\u00edstica.","robots":{"index":"index","follow":"follow","max-snippet":"max-snippet:-1","max-image-preview":"max-image-preview:large","max-video-preview":"max-video-preview:-1"},"canonical":"https:\/\/nigroequipamentos.com.br\/conteudo\/alugue-a-empilhadeira-paletrans-com-a-nigro-equipamentos-e-otimize-seu-negocio\/","og_locale":"pt_BR","og_type":"article","og_title":"Alugue a Empilhadeira Paletrans com a Nigro Equipamentos e Otimize Seu Neg\u00f3cio!","og_description":"Alugue a Empilhadeira Paletrans com a Nigro Equipamentos e aumente a efici\u00eancia de sua opera\u00e7\u00e3o log\u00edstica.","og_url":"https:\/\/nigroequipamentos.com.br\/conteudo\/alugue-a-empilhadeira-paletrans-com-a-nigro-equipamentos-e-otimize-seu-negocio\/","og_site_name":"Nigro Equipamentos","article_publisher":"https:\/\/www.facebook.com\/nigroequipamentos","twitter_card":"summary_large_image","twitter_misc":{"Est. tempo de leitura":"1 minuto"},"schema":{"@context":"https:\/\/schema.org","@graph":[{"@type":"WebPage","@id":"https:\/\/nigroequipamentos.com.br\/conteudo\/alugue-a-empilhadeira-paletrans-com-a-nigro-equipamentos-e-otimize-seu-negocio\/","url":"https:\/\/nigroequipamentos.com.br\/conteudo\/alugue-a-empilhadeira-paletrans-com-a-nigro-equipamentos-e-otimize-seu-negocio\/","name":"Aluguel de Empilhadeira Paletrans - Nigro Equipamentos","isPartOf":{"@id":"https:\/\/nigroequipamentos.com.br\/conteudo\/#website"},"datePublished":"2025-06-12T02:46:02+00:00","dateModified":"2025-06-12T02:46:02+00:00","description":"Alugue a Empilhadeira Paletrans com a Nigro Equipamentos e aumente a efici\u00eancia de sua opera\u00e7\u00e3o log\u00edstica.","breadcrumb":{"@id":"https:\/\/nigroequipamentos.com.br\/conteudo\/alugue-a-empilhadeira-paletrans-com-a-nigro-equipamentos-e-otimize-seu-negocio\/#breadcrumb"},"inLanguage":"pt-BR","potentialAction":[{"@type":"ReadAction","target":["https:\/\/nigroequipamentos.com.br\/conteudo\/alugue-a-empilhadeira-paletrans-com-a-nigro-equipamentos-e-otimize-seu-negocio\/"]}]},{"@type":"BreadcrumbList","@id":"https:\/\/nigroequipamentos.com.br\/conteudo\/alugue-a-empilhadeira-paletrans-com-a-nigro-equipamentos-e-otimize-seu-negocio\/#breadcrumb","itemListElement":[{"@type":"ListItem","position":1,"name":"In\u00edcio","item":"https:\/\/nigroequipamentos.com.br\/conteudo\/"},{"@type":"ListItem","position":2,"name":"Alugue a Empilhadeira Paletrans com a Nigro Equipamentos e Otimize Seu Neg\u00f3cio!"}]},{"@type":"WebSite","@id":"https:\/\/nigroequipamentos.com.br\/conteudo\/#website","url":"https:\/\/nigroequipamentos.com.br\/conteudo\/","name":"Nigro Equipamentos","description":"Loca\u00e7\u00e3o e Vendas","publisher":{"@id":"https:\/\/nigroequipamentos.com.br\/conteudo\/#organization"},"potentialAction":[{"@type":"SearchAction","target":{"@type":"EntryPoint","urlTemplate":"https:\/\/nigroequipamentos.com.br\/conteudo\/?s={search_term_string}"},"query-input":{"@type":"PropertyValueSpecification","valueRequired":true,"valueName":"search_term_string"}}],"inLanguage":"pt-BR"},{"@type":"Organization","@id":"https:\/\/nigroequipamentos.com.br\/conteudo\/#organization","name":"Nigro Equipamentos","url":"https:\/\/nigroequipamentos.com.br\/conteudo\/","logo":{"@type":"ImageObject","inLanguage":"pt-BR","@id":"https:\/\/nigroequipamentos.com.br\/conteudo\/#\/schema\/logo\/image\/","url":"https:\/\/nigroequipamentos.com.br\/conteudo\/wp-content\/uploads\/2024\/10\/nigroequipamentos_logo.webp","contentUrl":"https:\/\/nigroequipamentos.com.br\/conteudo\/wp-content\/uploads\/2024\/10\/nigroequipamentos_logo.webp","width":785,"height":355,"caption":"Nigro Equipamentos"},"image":{"@id":"https:\/\/nigroequipamentos.com.br\/conteudo\/#\/schema\/logo\/image\/"},"sameAs":["https:\/\/www.facebook.com\/nigroequipamentos","https:\/\/www.instagram.com\/nigroequipamentos\/"]}]}},"_links":{"self":[{"href":"https:\/\/nigroequipamentos.com.br\/conteudo\/wp-json\/wp\/v2\/pages\/32575","targetHints":{"allow":["GET"]}}],"collection":[{"href":"https:\/\/nigroequipamentos.com.br\/conteudo\/wp-json\/wp\/v2\/pages"}],"about":[{"href":"https:\/\/nigroequipamentos.com.br\/conteudo\/wp-json\/wp\/v2\/types\/page"}],"author":[{"embeddable":true,"href":"https:\/\/nigroequipamentos.com.br\/conteudo\/wp-json\/wp\/v2\/users\/3"}],"replies":[{"embeddable":true,"href":"https:\/\/nigroequipamentos.com.br\/conteudo\/wp-json\/wp\/v2\/comments?post=32575"}],"version-history":[{"count":0,"href":"https:\/\/nigroequipamentos.com.br\/conteudo\/wp-json\/wp\/v2\/pages\/32575\/revisions"}],"wp:attachment":[{"href":"https:\/\/nigroequipamentos.com.br\/conteudo\/wp-json\/wp\/v2\/media?parent=32575"}],"curies":[{"name":"wp","href":"https:\/\/api.w.org\/{rel}","templated":true}]}}