{"id":31976,"date":"2025-06-09T19:46:14","date_gmt":"2025-06-09T22:46:14","guid":{"rendered":"https:\/\/nigroequipamentos.com.br\/conteudo\/empilhadeira-paletrans-a-solucao-ideal-para-o-seu-negocio\/"},"modified":"2025-06-09T19:46:14","modified_gmt":"2025-06-09T22:46:14","slug":"empilhadeira-paletrans-a-solucao-ideal-para-o-seu-negocio","status":"publish","type":"page","link":"https:\/\/nigroequipamentos.com.br\/conteudo\/empilhadeira-paletrans-a-solucao-ideal-para-o-seu-negocio\/","title":{"rendered":"Empilhadeira Paletrans: A Solu\u00e7\u00e3o Ideal para o Seu Neg\u00f3cio"},"content":{"rendered":"<p>Est\u00e1 em busca de uma empilhadeira Paletrans? A Nigro Equipamentos \u00e9 a melhor escolha para voc\u00ea! Oferecemos compra, manuten\u00e7\u00e3o e loca\u00e7\u00e3o das melhores empilhadeiras do mercado. O contato com nossa equipe \u00e9 super f\u00e1cil e nossa experi\u00eancia garante que voc\u00ea tenha o melhor atendimento. Ao procurar por empilhadeira Paletrans, voc\u00ea encontrar\u00e1 na Nigro Equipamentos uma variedade de modelos, todas com qualidade e efici\u00eancia. Entre em contato agora mesmo para descobrir como podemos ajudar seu neg\u00f3cio a otimizar processos com a empilhadeira Paletrans.<\/p>\n","protected":false},"excerpt":{"rendered":"<p>Est\u00e1 em busca de uma empilhadeira Paletrans? A Nigro Equipamentos \u00e9 a melhor escolha para voc\u00ea! Oferecemos compra, manuten\u00e7\u00e3o e loca\u00e7\u00e3o das melhores empilhadeiras do mercado. O contato com nossa equipe \u00e9 super f\u00e1cil e nossa experi\u00eancia garante que voc\u00ea tenha o melhor atendimento. Ao procurar por empilhadeira Paletrans, voc\u00ea encontrar\u00e1 na Nigro Equipamentos uma&hellip;&nbsp;<a href=\"https:\/\/nigroequipamentos.com.br\/conteudo\/empilhadeira-paletrans-a-solucao-ideal-para-o-seu-negocio\/\" class=\"\" rel=\"bookmark\">Continue a ler &raquo;<span class=\"screen-reader-text\">Empilhadeira Paletrans: A Solu\u00e7\u00e3o Ideal para o Seu Neg\u00f3cio<\/span><\/a><\/p>\n","protected":false},"author":3,"featured_media":0,"parent":0,"menu_order":0,"comment_status":"closed","ping_status":"closed","template":"","meta":{"_acf_changed":false,"_yoast_wpseo_focuskw":"Empilhadeira Paletrans contato","_yoast_wpseo_title":"Contato com a Nigro Equipamentos: Empilhadeira Paletrans","_yoast_wpseo_metadesc":"Entre em contato com a Nigro Equipamentos para adquirir sua empilhadeira Paletrans, com as melhores op\u00e7\u00f5es de compra, loca\u00e7\u00e3o e manuten\u00e7\u00e3o.","neve_meta_sidebar":"","neve_meta_container":"","neve_meta_enable_content_width":"","neve_meta_content_width":0,"neve_meta_title_alignment":"","neve_meta_author_avatar":"","neve_post_elements_order":"","neve_meta_disable_header":"","neve_meta_disable_footer":"","neve_meta_disable_title":"","footnotes":""},"class_list":["post-31976","page","type-page","status-publish","hentry"],"acf":{"bloco1title":"Qualidade Garantida","bloco1text":"Na Nigro Equipamentos, a qualidade das empilhadeiras Paletrans \u00e9 nossa prioridade. Garantimos equipamentos com a melhor tecnologia do mercado.","bloco2title":"Equipe Especializada","bloco2text":"Contamos com uma equipe t\u00e9cnica capacitada para oferecer suporte e manuten\u00e7\u00e3o das empilhadeiras Paletrans sempre que necess\u00e1rio.","bloco3title":"Inova\u00e7\u00e3o em Log\u00edstica","bloco3text":"As empilhadeiras Paletrans s\u00e3o sin\u00f4nimo de inova\u00e7\u00e3o para suas opera\u00e7\u00f5es log\u00edsticas. Com tecnologia de ponta, elas aumentam a produtividade enormemente.","posttitle":"Por Que Escolher a Empilhadeira Paletrans da Nigro Equipamentos","postcontent":"<strong>Empilhadeira Paletrans: Versatilidade e Efici\u00eancia<\/strong> \nAo optar por uma empilhadeira Paletrans na Nigro Equipamentos, voc\u00ea est\u00e1 escolhendo um produto projetado para maximizar a efici\u00eancia operacional da sua empresa. Temos uma ampla gama de modelos de empilhadeiras Paletrans, cada um adaptado para atender diversas necessidades no manuseio de carga. Nossas empilhadeiras Paletrans s\u00e3o tamb\u00e9m conhecidas por sua durabilidade e desempenho em ambientes exigentes. \n \nAl\u00e9m disso, como fornecedora l\u00edder no mercado, a Nigro Equipamentos n\u00e3o s\u00f3 vende - n\u00f3s tamb\u00e9m disponibilizamos solu\u00e7\u00f5es completas de manuten\u00e7\u00e3o, assegurando que sua empilhadeira Paletrans funcione perfeitamente. Estamos sempre prontos para atender \u00e0s suas necessidades, ent\u00e3o entre em contato conosco para uma consulta. \n \nAo escolher a Nigro Equipamentos para sua empilhadeira Paletrans, voc\u00ea poder\u00e1 contar com um suporte cont\u00ednuo e expertise que far\u00e3o toda a diferen\u00e7a na performance da sua empresa.","insightwidtitle":"Curiosidades sobre Empilhadeiras","insightwidcontent":"Voc\u00ea sabia que as empilhadeiras Paletrans s\u00e3o projetadas para operar em ambientes confinados com facilidade, especialmente em armaz\u00e9ns e dep\u00f3sitos? Al\u00e9m disso, elas oferecem um sistema de ergonomia que promove a seguran\u00e7a do operador. Investir em uma empilhadeira Paletrans \u00e9 garantir efici\u00eancia e seguran\u00e7a nas opera\u00e7\u00f5es de manuseio de cargas."},"yoast_head":"<!-- This site is optimized with the Yoast SEO Premium plugin v18.3 (Yoast SEO v23.4) - https:\/\/yoast.com\/wordpress\/plugins\/seo\/ -->\n<title>Contato com a Nigro Equipamentos: Empilhadeira Paletrans<\/title>\n<meta name=\"description\" content=\"Entre em contato com a Nigro Equipamentos para adquirir sua empilhadeira Paletrans, com as melhores op\u00e7\u00f5es de compra, loca\u00e7\u00e3o e manuten\u00e7\u00e3o.\" \/>\n<meta name=\"robots\" content=\"index, follow, max-snippet:-1, max-image-preview:large, max-video-preview:-1\" \/>\n<link rel=\"canonical\" href=\"https:\/\/nigroequipamentos.com.br\/conteudo\/empilhadeira-paletrans-a-solucao-ideal-para-o-seu-negocio\/\" \/>\n<meta property=\"og:locale\" content=\"pt_BR\" \/>\n<meta property=\"og:type\" content=\"article\" \/>\n<meta property=\"og:title\" content=\"Empilhadeira Paletrans: A Solu\u00e7\u00e3o Ideal para o Seu Neg\u00f3cio\" \/>\n<meta property=\"og:description\" content=\"Entre em contato com a Nigro Equipamentos para adquirir sua empilhadeira Paletrans, com as melhores op\u00e7\u00f5es de compra, loca\u00e7\u00e3o e manuten\u00e7\u00e3o.\" \/>\n<meta property=\"og:url\" content=\"https:\/\/nigroequipamentos.com.br\/conteudo\/empilhadeira-paletrans-a-solucao-ideal-para-o-seu-negocio\/\" \/>\n<meta property=\"og:site_name\" content=\"Nigro Equipamentos\" \/>\n<meta property=\"article:publisher\" content=\"https:\/\/www.facebook.com\/nigroequipamentos\" \/>\n<meta name=\"twitter:card\" content=\"summary_large_image\" \/>\n<script type=\"application\/ld+json\" class=\"yoast-schema-graph\">{\"@context\":\"https:\/\/schema.org\",\"@graph\":[{\"@type\":\"WebPage\",\"@id\":\"https:\/\/nigroequipamentos.com.br\/conteudo\/empilhadeira-paletrans-a-solucao-ideal-para-o-seu-negocio\/\",\"url\":\"https:\/\/nigroequipamentos.com.br\/conteudo\/empilhadeira-paletrans-a-solucao-ideal-para-o-seu-negocio\/\",\"name\":\"Contato com a Nigro Equipamentos: Empilhadeira Paletrans\",\"isPartOf\":{\"@id\":\"https:\/\/nigroequipamentos.com.br\/conteudo\/#website\"},\"datePublished\":\"2025-06-09T22:46:14+00:00\",\"dateModified\":\"2025-06-09T22:46:14+00:00\",\"description\":\"Entre em contato com a Nigro Equipamentos para adquirir sua empilhadeira Paletrans, com as melhores op\u00e7\u00f5es de compra, loca\u00e7\u00e3o e manuten\u00e7\u00e3o.\",\"breadcrumb\":{\"@id\":\"https:\/\/nigroequipamentos.com.br\/conteudo\/empilhadeira-paletrans-a-solucao-ideal-para-o-seu-negocio\/#breadcrumb\"},\"inLanguage\":\"pt-BR\",\"potentialAction\":[{\"@type\":\"ReadAction\",\"target\":[\"https:\/\/nigroequipamentos.com.br\/conteudo\/empilhadeira-paletrans-a-solucao-ideal-para-o-seu-negocio\/\"]}]},{\"@type\":\"BreadcrumbList\",\"@id\":\"https:\/\/nigroequipamentos.com.br\/conteudo\/empilhadeira-paletrans-a-solucao-ideal-para-o-seu-negocio\/#breadcrumb\",\"itemListElement\":[{\"@type\":\"ListItem\",\"position\":1,\"name\":\"In\u00edcio\",\"item\":\"https:\/\/nigroequipamentos.com.br\/conteudo\/\"},{\"@type\":\"ListItem\",\"position\":2,\"name\":\"Empilhadeira Paletrans: A Solu\u00e7\u00e3o Ideal para o Seu Neg\u00f3cio\"}]},{\"@type\":\"WebSite\",\"@id\":\"https:\/\/nigroequipamentos.com.br\/conteudo\/#website\",\"url\":\"https:\/\/nigroequipamentos.com.br\/conteudo\/\",\"name\":\"Nigro Equipamentos\",\"description\":\"Loca\u00e7\u00e3o e Vendas\",\"publisher\":{\"@id\":\"https:\/\/nigroequipamentos.com.br\/conteudo\/#organization\"},\"potentialAction\":[{\"@type\":\"SearchAction\",\"target\":{\"@type\":\"EntryPoint\",\"urlTemplate\":\"https:\/\/nigroequipamentos.com.br\/conteudo\/?s={search_term_string}\"},\"query-input\":{\"@type\":\"PropertyValueSpecification\",\"valueRequired\":true,\"valueName\":\"search_term_string\"}}],\"inLanguage\":\"pt-BR\"},{\"@type\":\"Organization\",\"@id\":\"https:\/\/nigroequipamentos.com.br\/conteudo\/#organization\",\"name\":\"Nigro Equipamentos\",\"url\":\"https:\/\/nigroequipamentos.com.br\/conteudo\/\",\"logo\":{\"@type\":\"ImageObject\",\"inLanguage\":\"pt-BR\",\"@id\":\"https:\/\/nigroequipamentos.com.br\/conteudo\/#\/schema\/logo\/image\/\",\"url\":\"https:\/\/nigroequipamentos.com.br\/conteudo\/wp-content\/uploads\/2024\/10\/nigroequipamentos_logo.webp\",\"contentUrl\":\"https:\/\/nigroequipamentos.com.br\/conteudo\/wp-content\/uploads\/2024\/10\/nigroequipamentos_logo.webp\",\"width\":785,\"height\":355,\"caption\":\"Nigro Equipamentos\"},\"image\":{\"@id\":\"https:\/\/nigroequipamentos.com.br\/conteudo\/#\/schema\/logo\/image\/\"},\"sameAs\":[\"https:\/\/www.facebook.com\/nigroequipamentos\",\"https:\/\/www.instagram.com\/nigroequipamentos\/\"]}]}<\/script>\n<!-- \/ Yoast SEO Premium plugin. -->","yoast_head_json":{"title":"Contato com a Nigro Equipamentos: Empilhadeira Paletrans","description":"Entre em contato com a Nigro Equipamentos para adquirir sua empilhadeira Paletrans, com as melhores op\u00e7\u00f5es de compra, loca\u00e7\u00e3o e manuten\u00e7\u00e3o.","robots":{"index":"index","follow":"follow","max-snippet":"max-snippet:-1","max-image-preview":"max-image-preview:large","max-video-preview":"max-video-preview:-1"},"canonical":"https:\/\/nigroequipamentos.com.br\/conteudo\/empilhadeira-paletrans-a-solucao-ideal-para-o-seu-negocio\/","og_locale":"pt_BR","og_type":"article","og_title":"Empilhadeira Paletrans: A Solu\u00e7\u00e3o Ideal para o Seu Neg\u00f3cio","og_description":"Entre em contato com a Nigro Equipamentos para adquirir sua empilhadeira Paletrans, com as melhores op\u00e7\u00f5es de compra, loca\u00e7\u00e3o e manuten\u00e7\u00e3o.","og_url":"https:\/\/nigroequipamentos.com.br\/conteudo\/empilhadeira-paletrans-a-solucao-ideal-para-o-seu-negocio\/","og_site_name":"Nigro Equipamentos","article_publisher":"https:\/\/www.facebook.com\/nigroequipamentos","twitter_card":"summary_large_image","schema":{"@context":"https:\/\/schema.org","@graph":[{"@type":"WebPage","@id":"https:\/\/nigroequipamentos.com.br\/conteudo\/empilhadeira-paletrans-a-solucao-ideal-para-o-seu-negocio\/","url":"https:\/\/nigroequipamentos.com.br\/conteudo\/empilhadeira-paletrans-a-solucao-ideal-para-o-seu-negocio\/","name":"Contato com a Nigro Equipamentos: Empilhadeira Paletrans","isPartOf":{"@id":"https:\/\/nigroequipamentos.com.br\/conteudo\/#website"},"datePublished":"2025-06-09T22:46:14+00:00","dateModified":"2025-06-09T22:46:14+00:00","description":"Entre em contato com a Nigro Equipamentos para adquirir sua empilhadeira Paletrans, com as melhores op\u00e7\u00f5es de compra, loca\u00e7\u00e3o e manuten\u00e7\u00e3o.","breadcrumb":{"@id":"https:\/\/nigroequipamentos.com.br\/conteudo\/empilhadeira-paletrans-a-solucao-ideal-para-o-seu-negocio\/#breadcrumb"},"inLanguage":"pt-BR","potentialAction":[{"@type":"ReadAction","target":["https:\/\/nigroequipamentos.com.br\/conteudo\/empilhadeira-paletrans-a-solucao-ideal-para-o-seu-negocio\/"]}]},{"@type":"BreadcrumbList","@id":"https:\/\/nigroequipamentos.com.br\/conteudo\/empilhadeira-paletrans-a-solucao-ideal-para-o-seu-negocio\/#breadcrumb","itemListElement":[{"@type":"ListItem","position":1,"name":"In\u00edcio","item":"https:\/\/nigroequipamentos.com.br\/conteudo\/"},{"@type":"ListItem","position":2,"name":"Empilhadeira Paletrans: A Solu\u00e7\u00e3o Ideal para o Seu Neg\u00f3cio"}]},{"@type":"WebSite","@id":"https:\/\/nigroequipamentos.com.br\/conteudo\/#website","url":"https:\/\/nigroequipamentos.com.br\/conteudo\/","name":"Nigro Equipamentos","description":"Loca\u00e7\u00e3o e Vendas","publisher":{"@id":"https:\/\/nigroequipamentos.com.br\/conteudo\/#organization"},"potentialAction":[{"@type":"SearchAction","target":{"@type":"EntryPoint","urlTemplate":"https:\/\/nigroequipamentos.com.br\/conteudo\/?s={search_term_string}"},"query-input":{"@type":"PropertyValueSpecification","valueRequired":true,"valueName":"search_term_string"}}],"inLanguage":"pt-BR"},{"@type":"Organization","@id":"https:\/\/nigroequipamentos.com.br\/conteudo\/#organization","name":"Nigro Equipamentos","url":"https:\/\/nigroequipamentos.com.br\/conteudo\/","logo":{"@type":"ImageObject","inLanguage":"pt-BR","@id":"https:\/\/nigroequipamentos.com.br\/conteudo\/#\/schema\/logo\/image\/","url":"https:\/\/nigroequipamentos.com.br\/conteudo\/wp-content\/uploads\/2024\/10\/nigroequipamentos_logo.webp","contentUrl":"https:\/\/nigroequipamentos.com.br\/conteudo\/wp-content\/uploads\/2024\/10\/nigroequipamentos_logo.webp","width":785,"height":355,"caption":"Nigro Equipamentos"},"image":{"@id":"https:\/\/nigroequipamentos.com.br\/conteudo\/#\/schema\/logo\/image\/"},"sameAs":["https:\/\/www.facebook.com\/nigroequipamentos","https:\/\/www.instagram.com\/nigroequipamentos\/"]}]}},"_links":{"self":[{"href":"https:\/\/nigroequipamentos.com.br\/conteudo\/wp-json\/wp\/v2\/pages\/31976","targetHints":{"allow":["GET"]}}],"collection":[{"href":"https:\/\/nigroequipamentos.com.br\/conteudo\/wp-json\/wp\/v2\/pages"}],"about":[{"href":"https:\/\/nigroequipamentos.com.br\/conteudo\/wp-json\/wp\/v2\/types\/page"}],"author":[{"embeddable":true,"href":"https:\/\/nigroequipamentos.com.br\/conteudo\/wp-json\/wp\/v2\/users\/3"}],"replies":[{"embeddable":true,"href":"https:\/\/nigroequipamentos.com.br\/conteudo\/wp-json\/wp\/v2\/comments?post=31976"}],"version-history":[{"count":0,"href":"https:\/\/nigroequipamentos.com.br\/conteudo\/wp-json\/wp\/v2\/pages\/31976\/revisions"}],"wp:attachment":[{"href":"https:\/\/nigroequipamentos.com.br\/conteudo\/wp-json\/wp\/v2\/media?parent=31976"}],"curies":[{"name":"wp","href":"https:\/\/api.w.org\/{rel}","templated":true}]}}