{"id":30767,"date":"2025-06-06T23:46:15","date_gmt":"2025-06-07T02:46:15","guid":{"rendered":"https:\/\/nigroequipamentos.com.br\/conteudo\/empilhadeira-paletrans-tudo-sobre-precos-e-vantagens\/"},"modified":"2025-06-06T23:46:15","modified_gmt":"2025-06-07T02:46:15","slug":"empilhadeira-paletrans-tudo-sobre-precos-e-vantagens","status":"publish","type":"page","link":"https:\/\/nigroequipamentos.com.br\/conteudo\/empilhadeira-paletrans-tudo-sobre-precos-e-vantagens\/","title":{"rendered":"Empilhadeira Paletrans: Tudo Sobre Pre\u00e7os e Vantagens"},"content":{"rendered":"<p>A Empilhadeira Paletrans \u00e9 uma solu\u00e7\u00e3o robusta e eficiente, proporcionando o melhor custo-benef\u00edcio para o seu neg\u00f3cio. Aqui na Nigro Equipamentos, garantimos que voc\u00ea encontre as melhores ofertas quando o assunto \u00e9 &#8216;empilhadeira Paletrans pre\u00e7o&#8217;. Nossa experi\u00eancia e especializa\u00e7\u00e3o no setor nos tornam a refer\u00eancia em compra, manuten\u00e7\u00e3o e loca\u00e7\u00e3o desse tipo de equipamento. Se voc\u00ea procura uma empilhadeira que una qualidade e pre\u00e7o justo, a Paletrans \u00e9 a escolha ideal. Al\u00e9m disso, podemos oferecer um suporte t\u00e9cnico de alta qualidade para que sua experi\u00eancia com a empilhadeira Paletrans seja sempre positiva e vantajosa.<\/p>\n","protected":false},"excerpt":{"rendered":"<p>A Empilhadeira Paletrans \u00e9 uma solu\u00e7\u00e3o robusta e eficiente, proporcionando o melhor custo-benef\u00edcio para o seu neg\u00f3cio. Aqui na Nigro Equipamentos, garantimos que voc\u00ea encontre as melhores ofertas quando o assunto \u00e9 &#8216;empilhadeira Paletrans pre\u00e7o&#8217;. Nossa experi\u00eancia e especializa\u00e7\u00e3o no setor nos tornam a refer\u00eancia em compra, manuten\u00e7\u00e3o e loca\u00e7\u00e3o desse tipo de equipamento. Se&hellip;&nbsp;<a href=\"https:\/\/nigroequipamentos.com.br\/conteudo\/empilhadeira-paletrans-tudo-sobre-precos-e-vantagens\/\" class=\"\" rel=\"bookmark\">Continue a ler &raquo;<span class=\"screen-reader-text\">Empilhadeira Paletrans: Tudo Sobre Pre\u00e7os e Vantagens<\/span><\/a><\/p>\n","protected":false},"author":3,"featured_media":0,"parent":0,"menu_order":0,"comment_status":"closed","ping_status":"closed","template":"","meta":{"_acf_changed":false,"_yoast_wpseo_focuskw":"empilhadeira Paletrans pre\u00e7o","_yoast_wpseo_title":"Empilhadeira Paletrans Pre\u00e7o e Vantagens na Nigro Equipamentos","_yoast_wpseo_metadesc":"Descubra o melhor pre\u00e7o da empilhadeira Paletrans na Nigro Equipamentos e os benef\u00edcios de nossos servi\u00e7os de loca\u00e7\u00e3o e manuten\u00e7\u00e3o.","neve_meta_sidebar":"","neve_meta_container":"","neve_meta_enable_content_width":"","neve_meta_content_width":0,"neve_meta_title_alignment":"","neve_meta_author_avatar":"","neve_post_elements_order":"","neve_meta_disable_header":"","neve_meta_disable_footer":"","neve_meta_disable_title":"","footnotes":""},"class_list":["post-30767","page","type-page","status-publish","hentry"],"acf":{"bloco1title":"Qualidade Garantida","bloco1text":"Na Nigro Equipamentos, a qualidade das empilhadeiras Paletrans \u00e9 inquestion\u00e1vel. Nossos produtos passam por rigorosos testes antes de sua comercializa\u00e7\u00e3o.","bloco2title":"Suporte T\u00e9cnico","bloco2text":"Al\u00e9m do pre\u00e7o competitivo, oferecemos um suporte t\u00e9cnico especializado para a manuten\u00e7\u00e3o da empilhadeira Paletrans que voc\u00ea adquirir.","bloco3title":"Investimento Estrat\u00e9gico","bloco3text":"Adquirir uma empilhadeira Paletrans \u00e9 um investimento estrat\u00e9gico que proporciona agilidade e efici\u00eancia na movimenta\u00e7\u00e3o de cargas, otimizando seus processos log\u00edsticos.","posttitle":"Descubra o Pre\u00e7o da Empilhadeira Paletrans e Suas Vantagens na Nigro Equipamentos","postcontent":"<strong>Por que escolher a empilhadeira Paletrans?<\/strong> A empilhadeira Paletrans \u00e9 ideal para quem busca efici\u00eancia e custos reduzidos. Aqui na Nigro Equipamentos, nossos pre\u00e7os s\u00e3o altamente competitivos. Estamos sempre atualizados com as tend\u00eancias de mercado para oferecer o melhor 'empilhadeira Paletrans pre\u00e7o'. Al\u00e9m disso, contamos com uma equipe de especialistas prontos para ajudar voc\u00ea a encontrar o modelo que melhor se adapta \u00e0s suas necessidades. <br> <br> O investimento em uma empilhadeira Paletrans deve ser pensado a longo prazo. Por isso, oferecemos n\u00e3o apenas a venda, mas tamb\u00e9m op\u00e7\u00f5es de loca\u00e7\u00e3o e manuten\u00e7\u00e3o, garantindo que o seu maquin\u00e1rio esteja sempre nas melhores condi\u00e7\u00f5es. Se voc\u00ea busca uma empilhadeira que combinem qualidade, confian\u00e7a e um bom pre\u00e7o, a Nigro Equipamentos \u00e9 a sua melhor escolha. Nossa miss\u00e3o \u00e9 proporcionar as melhores solu\u00e7\u00f5es para o seu neg\u00f3cio atrav\u00e9s de equipamentos de qualidade. <br> <br> N\u00e3o deixe de consultar nosso site e descubra as atualiza\u00e7\u00f5es sobre o 'empilhadeira Paletrans pre\u00e7o' e nossas ofertas exclusivas. Seu sucesso log\u00edstico come\u00e7a aqui!","insightwidtitle":"Curiosidades sobre Empilhadeiras","insightwidcontent":"Voc\u00ea sabia que as empilhadeiras Paletrans s\u00e3o reconhecidas pela sua robustez e capacidade de trabalhar em ambientes desafiadores? Elas n\u00e3o s\u00e3o apenas eficientes na movimenta\u00e7\u00e3o de cargas, mas tamb\u00e9m ajudam a reduzir o tempo de opera\u00e7\u00e3o, aumentando a produtividade da sua empresa. Essa efici\u00eancia se traduz diretamente em economia de custo, tornando o investimento em uma empilhadeira Paletrans uma escolha inteligente para qualquer neg\u00f3cio."},"yoast_head":"<!-- This site is optimized with the Yoast SEO Premium plugin v18.3 (Yoast SEO v23.4) - https:\/\/yoast.com\/wordpress\/plugins\/seo\/ -->\n<title>Empilhadeira Paletrans Pre\u00e7o e Vantagens na Nigro Equipamentos<\/title>\n<meta name=\"description\" content=\"Descubra o melhor pre\u00e7o da empilhadeira Paletrans na Nigro Equipamentos e os benef\u00edcios de nossos servi\u00e7os de loca\u00e7\u00e3o e manuten\u00e7\u00e3o.\" \/>\n<meta name=\"robots\" content=\"index, follow, max-snippet:-1, max-image-preview:large, max-video-preview:-1\" \/>\n<link rel=\"canonical\" href=\"https:\/\/nigroequipamentos.com.br\/conteudo\/empilhadeira-paletrans-tudo-sobre-precos-e-vantagens\/\" \/>\n<meta property=\"og:locale\" content=\"pt_BR\" \/>\n<meta property=\"og:type\" content=\"article\" \/>\n<meta property=\"og:title\" content=\"Empilhadeira Paletrans: Tudo Sobre Pre\u00e7os e Vantagens\" \/>\n<meta property=\"og:description\" content=\"Descubra o melhor pre\u00e7o da empilhadeira Paletrans na Nigro Equipamentos e os benef\u00edcios de nossos servi\u00e7os de loca\u00e7\u00e3o e manuten\u00e7\u00e3o.\" \/>\n<meta property=\"og:url\" content=\"https:\/\/nigroequipamentos.com.br\/conteudo\/empilhadeira-paletrans-tudo-sobre-precos-e-vantagens\/\" \/>\n<meta property=\"og:site_name\" content=\"Nigro Equipamentos\" \/>\n<meta property=\"article:publisher\" content=\"https:\/\/www.facebook.com\/nigroequipamentos\" \/>\n<meta name=\"twitter:card\" content=\"summary_large_image\" \/>\n<meta name=\"twitter:label1\" content=\"Est. tempo de leitura\" \/>\n\t<meta name=\"twitter:data1\" content=\"1 minuto\" \/>\n<script type=\"application\/ld+json\" class=\"yoast-schema-graph\">{\"@context\":\"https:\/\/schema.org\",\"@graph\":[{\"@type\":\"WebPage\",\"@id\":\"https:\/\/nigroequipamentos.com.br\/conteudo\/empilhadeira-paletrans-tudo-sobre-precos-e-vantagens\/\",\"url\":\"https:\/\/nigroequipamentos.com.br\/conteudo\/empilhadeira-paletrans-tudo-sobre-precos-e-vantagens\/\",\"name\":\"Empilhadeira Paletrans Pre\u00e7o e Vantagens na Nigro Equipamentos\",\"isPartOf\":{\"@id\":\"https:\/\/nigroequipamentos.com.br\/conteudo\/#website\"},\"datePublished\":\"2025-06-07T02:46:15+00:00\",\"dateModified\":\"2025-06-07T02:46:15+00:00\",\"description\":\"Descubra o melhor pre\u00e7o da empilhadeira Paletrans na Nigro Equipamentos e os benef\u00edcios de nossos servi\u00e7os de loca\u00e7\u00e3o e manuten\u00e7\u00e3o.\",\"breadcrumb\":{\"@id\":\"https:\/\/nigroequipamentos.com.br\/conteudo\/empilhadeira-paletrans-tudo-sobre-precos-e-vantagens\/#breadcrumb\"},\"inLanguage\":\"pt-BR\",\"potentialAction\":[{\"@type\":\"ReadAction\",\"target\":[\"https:\/\/nigroequipamentos.com.br\/conteudo\/empilhadeira-paletrans-tudo-sobre-precos-e-vantagens\/\"]}]},{\"@type\":\"BreadcrumbList\",\"@id\":\"https:\/\/nigroequipamentos.com.br\/conteudo\/empilhadeira-paletrans-tudo-sobre-precos-e-vantagens\/#breadcrumb\",\"itemListElement\":[{\"@type\":\"ListItem\",\"position\":1,\"name\":\"In\u00edcio\",\"item\":\"https:\/\/nigroequipamentos.com.br\/conteudo\/\"},{\"@type\":\"ListItem\",\"position\":2,\"name\":\"Empilhadeira Paletrans: Tudo Sobre Pre\u00e7os e Vantagens\"}]},{\"@type\":\"WebSite\",\"@id\":\"https:\/\/nigroequipamentos.com.br\/conteudo\/#website\",\"url\":\"https:\/\/nigroequipamentos.com.br\/conteudo\/\",\"name\":\"Nigro Equipamentos\",\"description\":\"Loca\u00e7\u00e3o e Vendas\",\"publisher\":{\"@id\":\"https:\/\/nigroequipamentos.com.br\/conteudo\/#organization\"},\"potentialAction\":[{\"@type\":\"SearchAction\",\"target\":{\"@type\":\"EntryPoint\",\"urlTemplate\":\"https:\/\/nigroequipamentos.com.br\/conteudo\/?s={search_term_string}\"},\"query-input\":{\"@type\":\"PropertyValueSpecification\",\"valueRequired\":true,\"valueName\":\"search_term_string\"}}],\"inLanguage\":\"pt-BR\"},{\"@type\":\"Organization\",\"@id\":\"https:\/\/nigroequipamentos.com.br\/conteudo\/#organization\",\"name\":\"Nigro Equipamentos\",\"url\":\"https:\/\/nigroequipamentos.com.br\/conteudo\/\",\"logo\":{\"@type\":\"ImageObject\",\"inLanguage\":\"pt-BR\",\"@id\":\"https:\/\/nigroequipamentos.com.br\/conteudo\/#\/schema\/logo\/image\/\",\"url\":\"https:\/\/nigroequipamentos.com.br\/conteudo\/wp-content\/uploads\/2024\/10\/nigroequipamentos_logo.webp\",\"contentUrl\":\"https:\/\/nigroequipamentos.com.br\/conteudo\/wp-content\/uploads\/2024\/10\/nigroequipamentos_logo.webp\",\"width\":785,\"height\":355,\"caption\":\"Nigro Equipamentos\"},\"image\":{\"@id\":\"https:\/\/nigroequipamentos.com.br\/conteudo\/#\/schema\/logo\/image\/\"},\"sameAs\":[\"https:\/\/www.facebook.com\/nigroequipamentos\",\"https:\/\/www.instagram.com\/nigroequipamentos\/\"]}]}<\/script>\n<!-- \/ Yoast SEO Premium plugin. -->","yoast_head_json":{"title":"Empilhadeira Paletrans Pre\u00e7o e Vantagens na Nigro Equipamentos","description":"Descubra o melhor pre\u00e7o da empilhadeira Paletrans na Nigro Equipamentos e os benef\u00edcios de nossos servi\u00e7os de loca\u00e7\u00e3o e manuten\u00e7\u00e3o.","robots":{"index":"index","follow":"follow","max-snippet":"max-snippet:-1","max-image-preview":"max-image-preview:large","max-video-preview":"max-video-preview:-1"},"canonical":"https:\/\/nigroequipamentos.com.br\/conteudo\/empilhadeira-paletrans-tudo-sobre-precos-e-vantagens\/","og_locale":"pt_BR","og_type":"article","og_title":"Empilhadeira Paletrans: Tudo Sobre Pre\u00e7os e Vantagens","og_description":"Descubra o melhor pre\u00e7o da empilhadeira Paletrans na Nigro Equipamentos e os benef\u00edcios de nossos servi\u00e7os de loca\u00e7\u00e3o e manuten\u00e7\u00e3o.","og_url":"https:\/\/nigroequipamentos.com.br\/conteudo\/empilhadeira-paletrans-tudo-sobre-precos-e-vantagens\/","og_site_name":"Nigro Equipamentos","article_publisher":"https:\/\/www.facebook.com\/nigroequipamentos","twitter_card":"summary_large_image","twitter_misc":{"Est. tempo de leitura":"1 minuto"},"schema":{"@context":"https:\/\/schema.org","@graph":[{"@type":"WebPage","@id":"https:\/\/nigroequipamentos.com.br\/conteudo\/empilhadeira-paletrans-tudo-sobre-precos-e-vantagens\/","url":"https:\/\/nigroequipamentos.com.br\/conteudo\/empilhadeira-paletrans-tudo-sobre-precos-e-vantagens\/","name":"Empilhadeira Paletrans Pre\u00e7o e Vantagens na Nigro Equipamentos","isPartOf":{"@id":"https:\/\/nigroequipamentos.com.br\/conteudo\/#website"},"datePublished":"2025-06-07T02:46:15+00:00","dateModified":"2025-06-07T02:46:15+00:00","description":"Descubra o melhor pre\u00e7o da empilhadeira Paletrans na Nigro Equipamentos e os benef\u00edcios de nossos servi\u00e7os de loca\u00e7\u00e3o e manuten\u00e7\u00e3o.","breadcrumb":{"@id":"https:\/\/nigroequipamentos.com.br\/conteudo\/empilhadeira-paletrans-tudo-sobre-precos-e-vantagens\/#breadcrumb"},"inLanguage":"pt-BR","potentialAction":[{"@type":"ReadAction","target":["https:\/\/nigroequipamentos.com.br\/conteudo\/empilhadeira-paletrans-tudo-sobre-precos-e-vantagens\/"]}]},{"@type":"BreadcrumbList","@id":"https:\/\/nigroequipamentos.com.br\/conteudo\/empilhadeira-paletrans-tudo-sobre-precos-e-vantagens\/#breadcrumb","itemListElement":[{"@type":"ListItem","position":1,"name":"In\u00edcio","item":"https:\/\/nigroequipamentos.com.br\/conteudo\/"},{"@type":"ListItem","position":2,"name":"Empilhadeira Paletrans: Tudo Sobre Pre\u00e7os e Vantagens"}]},{"@type":"WebSite","@id":"https:\/\/nigroequipamentos.com.br\/conteudo\/#website","url":"https:\/\/nigroequipamentos.com.br\/conteudo\/","name":"Nigro Equipamentos","description":"Loca\u00e7\u00e3o e Vendas","publisher":{"@id":"https:\/\/nigroequipamentos.com.br\/conteudo\/#organization"},"potentialAction":[{"@type":"SearchAction","target":{"@type":"EntryPoint","urlTemplate":"https:\/\/nigroequipamentos.com.br\/conteudo\/?s={search_term_string}"},"query-input":{"@type":"PropertyValueSpecification","valueRequired":true,"valueName":"search_term_string"}}],"inLanguage":"pt-BR"},{"@type":"Organization","@id":"https:\/\/nigroequipamentos.com.br\/conteudo\/#organization","name":"Nigro Equipamentos","url":"https:\/\/nigroequipamentos.com.br\/conteudo\/","logo":{"@type":"ImageObject","inLanguage":"pt-BR","@id":"https:\/\/nigroequipamentos.com.br\/conteudo\/#\/schema\/logo\/image\/","url":"https:\/\/nigroequipamentos.com.br\/conteudo\/wp-content\/uploads\/2024\/10\/nigroequipamentos_logo.webp","contentUrl":"https:\/\/nigroequipamentos.com.br\/conteudo\/wp-content\/uploads\/2024\/10\/nigroequipamentos_logo.webp","width":785,"height":355,"caption":"Nigro Equipamentos"},"image":{"@id":"https:\/\/nigroequipamentos.com.br\/conteudo\/#\/schema\/logo\/image\/"},"sameAs":["https:\/\/www.facebook.com\/nigroequipamentos","https:\/\/www.instagram.com\/nigroequipamentos\/"]}]}},"_links":{"self":[{"href":"https:\/\/nigroequipamentos.com.br\/conteudo\/wp-json\/wp\/v2\/pages\/30767","targetHints":{"allow":["GET"]}}],"collection":[{"href":"https:\/\/nigroequipamentos.com.br\/conteudo\/wp-json\/wp\/v2\/pages"}],"about":[{"href":"https:\/\/nigroequipamentos.com.br\/conteudo\/wp-json\/wp\/v2\/types\/page"}],"author":[{"embeddable":true,"href":"https:\/\/nigroequipamentos.com.br\/conteudo\/wp-json\/wp\/v2\/users\/3"}],"replies":[{"embeddable":true,"href":"https:\/\/nigroequipamentos.com.br\/conteudo\/wp-json\/wp\/v2\/comments?post=30767"}],"version-history":[{"count":0,"href":"https:\/\/nigroequipamentos.com.br\/conteudo\/wp-json\/wp\/v2\/pages\/30767\/revisions"}],"wp:attachment":[{"href":"https:\/\/nigroequipamentos.com.br\/conteudo\/wp-json\/wp\/v2\/media?parent=30767"}],"curies":[{"name":"wp","href":"https:\/\/api.w.org\/{rel}","templated":true}]}}