{"id":30024,"date":"2025-06-04T02:01:08","date_gmt":"2025-06-04T05:01:08","guid":{"rendered":"https:\/\/nigroequipamentos.com.br\/conteudo\/empilhadeira-paletrans-a-solucao-ideal-para-o-seu-comercio-4\/"},"modified":"2025-06-04T02:01:08","modified_gmt":"2025-06-04T05:01:08","slug":"empilhadeira-paletrans-a-solucao-ideal-para-o-seu-comercio-4","status":"publish","type":"page","link":"https:\/\/nigroequipamentos.com.br\/conteudo\/empilhadeira-paletrans-a-solucao-ideal-para-o-seu-comercio-4\/","title":{"rendered":"Empilhadeira Paletrans: A Solu\u00e7\u00e3o Ideal para o Seu Com\u00e9rcio"},"content":{"rendered":"<p>O com\u00e9rcio moderno exige solu\u00e7\u00f5es eficientes e pr\u00e1ticas para a movimenta\u00e7\u00e3o de cargas, e a empilhadeira Paletrans se destaca nesse cen\u00e1rio. Com tecnologias avan\u00e7adas, a empilhadeira Paletrans garante agilidade, seguran\u00e7a e conforto no transporte de mercadorias em armaz\u00e9ns e centros de distribui\u00e7\u00e3o. Desde 1990, a Nigro Equipamentos \u00e9 refer\u00eancia em compra, manuten\u00e7\u00e3o e loca\u00e7\u00e3o de empilhadeiras, sendo a op\u00e7\u00e3o preferida para empresas que buscam o melhor em produtividade. A empilhadeira Paletrans \u00e9 projetada para atender diferentes demandas, desde pequenas opera\u00e7\u00f5es at\u00e9 grandes armaz\u00e9ns. Na Nigro, oferecemos um suporte completo e especialista para garantir que voc\u00ea escolha a empilhadeira Paletrans perfeita para as suas necessidades!<\/p>\n","protected":false},"excerpt":{"rendered":"<p>O com\u00e9rcio moderno exige solu\u00e7\u00f5es eficientes e pr\u00e1ticas para a movimenta\u00e7\u00e3o de cargas, e a empilhadeira Paletrans se destaca nesse cen\u00e1rio. Com tecnologias avan\u00e7adas, a empilhadeira Paletrans garante agilidade, seguran\u00e7a e conforto no transporte de mercadorias em armaz\u00e9ns e centros de distribui\u00e7\u00e3o. Desde 1990, a Nigro Equipamentos \u00e9 refer\u00eancia em compra, manuten\u00e7\u00e3o e loca\u00e7\u00e3o de&hellip;&nbsp;<a href=\"https:\/\/nigroequipamentos.com.br\/conteudo\/empilhadeira-paletrans-a-solucao-ideal-para-o-seu-comercio-4\/\" class=\"\" rel=\"bookmark\">Continue a ler &raquo;<span class=\"screen-reader-text\">Empilhadeira Paletrans: A Solu\u00e7\u00e3o Ideal para o Seu Com\u00e9rcio<\/span><\/a><\/p>\n","protected":false},"author":3,"featured_media":0,"parent":0,"menu_order":0,"comment_status":"closed","ping_status":"closed","template":"","meta":{"_acf_changed":false,"_yoast_wpseo_focuskw":"Empilhadeira Paletrans","_yoast_wpseo_title":"Empilhadeira Paletrans: Efic\u00e1cia e Praticidade para o Com\u00e9rcio","_yoast_wpseo_metadesc":"Descubra como a empilhadeira Paletrans da Nigro Equipamentos pode otimizar sua opera\u00e7\u00e3o comercial!","neve_meta_sidebar":"","neve_meta_container":"","neve_meta_enable_content_width":"","neve_meta_content_width":0,"neve_meta_title_alignment":"","neve_meta_author_avatar":"","neve_post_elements_order":"","neve_meta_disable_header":"","neve_meta_disable_footer":"","neve_meta_disable_title":"","footnotes":""},"class_list":["post-30024","page","type-page","status-publish","hentry"],"acf":{"bloco1title":"Suporte Especializado","bloco1text":"A Nigro Equipamentos oferece atendimento personalizado e suporte t\u00e9cnico especializado para escolha e opera\u00e7\u00e3o da empilhadeira Paletrans.","bloco2title":"Loca\u00e7\u00e3o Flex\u00edvel","bloco2text":"Disponibilizamos loca\u00e7\u00e3o de empilhadeiras Paletrans com planos flex\u00edveis, ajustando-se \u00e0 sua demanda.","bloco3title":"Versatilidade de Uso","bloco3text":"A empilhadeira Paletrans se adapta a diversos tipos de com\u00e9rcio, sendo ideal para armaz\u00e9ns, lojas e centros de distribui\u00e7\u00e3o. Sua versatilidade garante alta performance em diferentes opera\u00e7\u00f5es.","posttitle":"Empilhadeira Paletrans: Como Escolher a Melhor Op\u00e7\u00e3o para o Seu Com\u00e9rcio","postcontent":"<strong>A empilhadeira Paletrans<\/strong> \u00e9 uma refer\u00eancia no mercado, oferecendo solu\u00e7\u00f5es sob medida para o com\u00e9rcio. Com sua alta capacidade de carga e manobrabilidade, a empilhadeira Paletrans \u00e9 perfeita para otimizar o espa\u00e7o no seu armaz\u00e9m.<br><br>Ao escolher a empilhadeira Paletrans ideal, leve em conta fatores como tipo de carga, espa\u00e7o dispon\u00edvel e frequ\u00eancia de uso. A Nigro Equipamentos tem uma variedade de modelos de empilhadeiras Paletrans, todos com garantia de qualidade e suporte premium.<br><br>Al\u00e9m disso, a manuten\u00e7\u00e3o das suas empilhadeiras Paletrans \u00e9 crucial para manter a efici\u00eancia operacional. A Nigro oferece pacotes de manuten\u00e7\u00e3o preventiva e corretiva, assegurando que sua empilhadeira Paletrans funcione sempre no seu melhor. Nossa equipe de especialistas est\u00e1 pronta para ajudar voc\u00ea a prolongar a vida \u00fatil do seu equipamento.<br><br>A loca\u00e7\u00e3o tamb\u00e9m \u00e9 uma excelente op\u00e7\u00e3o! Se o seu com\u00e9rcio tem demanda sazonal, considere a loca\u00e7\u00e3o de empilhadeiras Paletrans, que pode reduzir custos e aumentar a flexibilidade nas opera\u00e7\u00f5es.<br><br>Por fim, ao optar pela Nigro Equipamentos para a compra, manuten\u00e7\u00e3o ou loca\u00e7\u00e3o da empilhadeira Paletrans, voc\u00ea garante um suporte cont\u00ednuo e uma parceria de confian\u00e7a que se preocupa com o sucesso do seu com\u00e9rcio.","insightwidtitle":"Curiosidades sobre Empilhadeiras","insightwidcontent":"Voc\u00ea sabia que as empilhadeiras Paletrans podem operar em espa\u00e7os reduzidos? Isso \u00e9 ideal para com\u00e9rcios com \u00e1rea limitada. A efici\u00eancia dessas empilhadeiras tamb\u00e9m est\u00e1 ligada ao seu design ergon\u00f4mico, que proporciona conforto ao operador, reduzindo a fadiga e aumentando a produtividade ao longo do dia."},"yoast_head":"<!-- This site is optimized with the Yoast SEO Premium plugin v18.3 (Yoast SEO v23.4) - https:\/\/yoast.com\/wordpress\/plugins\/seo\/ -->\n<title>Empilhadeira Paletrans: Efic\u00e1cia e Praticidade para o Com\u00e9rcio<\/title>\n<meta name=\"description\" content=\"Descubra como a empilhadeira Paletrans da Nigro Equipamentos pode otimizar sua opera\u00e7\u00e3o comercial!\" \/>\n<meta name=\"robots\" content=\"index, follow, max-snippet:-1, max-image-preview:large, max-video-preview:-1\" \/>\n<link rel=\"canonical\" href=\"https:\/\/nigroequipamentos.com.br\/conteudo\/empilhadeira-paletrans-a-solucao-ideal-para-o-seu-comercio-4\/\" \/>\n<meta property=\"og:locale\" content=\"pt_BR\" \/>\n<meta property=\"og:type\" content=\"article\" \/>\n<meta property=\"og:title\" content=\"Empilhadeira Paletrans: A Solu\u00e7\u00e3o Ideal para o Seu Com\u00e9rcio\" \/>\n<meta property=\"og:description\" content=\"Descubra como a empilhadeira Paletrans da Nigro Equipamentos pode otimizar sua opera\u00e7\u00e3o comercial!\" \/>\n<meta property=\"og:url\" content=\"https:\/\/nigroequipamentos.com.br\/conteudo\/empilhadeira-paletrans-a-solucao-ideal-para-o-seu-comercio-4\/\" \/>\n<meta property=\"og:site_name\" content=\"Nigro Equipamentos\" \/>\n<meta property=\"article:publisher\" content=\"https:\/\/www.facebook.com\/nigroequipamentos\" \/>\n<meta name=\"twitter:card\" content=\"summary_large_image\" \/>\n<meta name=\"twitter:label1\" content=\"Est. tempo de leitura\" \/>\n\t<meta name=\"twitter:data1\" content=\"1 minuto\" \/>\n<script type=\"application\/ld+json\" class=\"yoast-schema-graph\">{\"@context\":\"https:\/\/schema.org\",\"@graph\":[{\"@type\":\"WebPage\",\"@id\":\"https:\/\/nigroequipamentos.com.br\/conteudo\/empilhadeira-paletrans-a-solucao-ideal-para-o-seu-comercio-4\/\",\"url\":\"https:\/\/nigroequipamentos.com.br\/conteudo\/empilhadeira-paletrans-a-solucao-ideal-para-o-seu-comercio-4\/\",\"name\":\"Empilhadeira Paletrans: Efic\u00e1cia e Praticidade para o Com\u00e9rcio\",\"isPartOf\":{\"@id\":\"https:\/\/nigroequipamentos.com.br\/conteudo\/#website\"},\"datePublished\":\"2025-06-04T05:01:08+00:00\",\"dateModified\":\"2025-06-04T05:01:08+00:00\",\"description\":\"Descubra como a empilhadeira Paletrans da Nigro Equipamentos pode otimizar sua opera\u00e7\u00e3o comercial!\",\"breadcrumb\":{\"@id\":\"https:\/\/nigroequipamentos.com.br\/conteudo\/empilhadeira-paletrans-a-solucao-ideal-para-o-seu-comercio-4\/#breadcrumb\"},\"inLanguage\":\"pt-BR\",\"potentialAction\":[{\"@type\":\"ReadAction\",\"target\":[\"https:\/\/nigroequipamentos.com.br\/conteudo\/empilhadeira-paletrans-a-solucao-ideal-para-o-seu-comercio-4\/\"]}]},{\"@type\":\"BreadcrumbList\",\"@id\":\"https:\/\/nigroequipamentos.com.br\/conteudo\/empilhadeira-paletrans-a-solucao-ideal-para-o-seu-comercio-4\/#breadcrumb\",\"itemListElement\":[{\"@type\":\"ListItem\",\"position\":1,\"name\":\"In\u00edcio\",\"item\":\"https:\/\/nigroequipamentos.com.br\/conteudo\/\"},{\"@type\":\"ListItem\",\"position\":2,\"name\":\"Empilhadeira Paletrans: A Solu\u00e7\u00e3o Ideal para o Seu Com\u00e9rcio\"}]},{\"@type\":\"WebSite\",\"@id\":\"https:\/\/nigroequipamentos.com.br\/conteudo\/#website\",\"url\":\"https:\/\/nigroequipamentos.com.br\/conteudo\/\",\"name\":\"Nigro Equipamentos\",\"description\":\"Loca\u00e7\u00e3o e Vendas\",\"publisher\":{\"@id\":\"https:\/\/nigroequipamentos.com.br\/conteudo\/#organization\"},\"potentialAction\":[{\"@type\":\"SearchAction\",\"target\":{\"@type\":\"EntryPoint\",\"urlTemplate\":\"https:\/\/nigroequipamentos.com.br\/conteudo\/?s={search_term_string}\"},\"query-input\":{\"@type\":\"PropertyValueSpecification\",\"valueRequired\":true,\"valueName\":\"search_term_string\"}}],\"inLanguage\":\"pt-BR\"},{\"@type\":\"Organization\",\"@id\":\"https:\/\/nigroequipamentos.com.br\/conteudo\/#organization\",\"name\":\"Nigro Equipamentos\",\"url\":\"https:\/\/nigroequipamentos.com.br\/conteudo\/\",\"logo\":{\"@type\":\"ImageObject\",\"inLanguage\":\"pt-BR\",\"@id\":\"https:\/\/nigroequipamentos.com.br\/conteudo\/#\/schema\/logo\/image\/\",\"url\":\"https:\/\/nigroequipamentos.com.br\/conteudo\/wp-content\/uploads\/2024\/10\/nigroequipamentos_logo.webp\",\"contentUrl\":\"https:\/\/nigroequipamentos.com.br\/conteudo\/wp-content\/uploads\/2024\/10\/nigroequipamentos_logo.webp\",\"width\":785,\"height\":355,\"caption\":\"Nigro Equipamentos\"},\"image\":{\"@id\":\"https:\/\/nigroequipamentos.com.br\/conteudo\/#\/schema\/logo\/image\/\"},\"sameAs\":[\"https:\/\/www.facebook.com\/nigroequipamentos\",\"https:\/\/www.instagram.com\/nigroequipamentos\/\"]}]}<\/script>\n<!-- \/ Yoast SEO Premium plugin. -->","yoast_head_json":{"title":"Empilhadeira Paletrans: Efic\u00e1cia e Praticidade para o Com\u00e9rcio","description":"Descubra como a empilhadeira Paletrans da Nigro Equipamentos pode otimizar sua opera\u00e7\u00e3o comercial!","robots":{"index":"index","follow":"follow","max-snippet":"max-snippet:-1","max-image-preview":"max-image-preview:large","max-video-preview":"max-video-preview:-1"},"canonical":"https:\/\/nigroequipamentos.com.br\/conteudo\/empilhadeira-paletrans-a-solucao-ideal-para-o-seu-comercio-4\/","og_locale":"pt_BR","og_type":"article","og_title":"Empilhadeira Paletrans: A Solu\u00e7\u00e3o Ideal para o Seu Com\u00e9rcio","og_description":"Descubra como a empilhadeira Paletrans da Nigro Equipamentos pode otimizar sua opera\u00e7\u00e3o comercial!","og_url":"https:\/\/nigroequipamentos.com.br\/conteudo\/empilhadeira-paletrans-a-solucao-ideal-para-o-seu-comercio-4\/","og_site_name":"Nigro Equipamentos","article_publisher":"https:\/\/www.facebook.com\/nigroequipamentos","twitter_card":"summary_large_image","twitter_misc":{"Est. tempo de leitura":"1 minuto"},"schema":{"@context":"https:\/\/schema.org","@graph":[{"@type":"WebPage","@id":"https:\/\/nigroequipamentos.com.br\/conteudo\/empilhadeira-paletrans-a-solucao-ideal-para-o-seu-comercio-4\/","url":"https:\/\/nigroequipamentos.com.br\/conteudo\/empilhadeira-paletrans-a-solucao-ideal-para-o-seu-comercio-4\/","name":"Empilhadeira Paletrans: Efic\u00e1cia e Praticidade para o Com\u00e9rcio","isPartOf":{"@id":"https:\/\/nigroequipamentos.com.br\/conteudo\/#website"},"datePublished":"2025-06-04T05:01:08+00:00","dateModified":"2025-06-04T05:01:08+00:00","description":"Descubra como a empilhadeira Paletrans da Nigro Equipamentos pode otimizar sua opera\u00e7\u00e3o comercial!","breadcrumb":{"@id":"https:\/\/nigroequipamentos.com.br\/conteudo\/empilhadeira-paletrans-a-solucao-ideal-para-o-seu-comercio-4\/#breadcrumb"},"inLanguage":"pt-BR","potentialAction":[{"@type":"ReadAction","target":["https:\/\/nigroequipamentos.com.br\/conteudo\/empilhadeira-paletrans-a-solucao-ideal-para-o-seu-comercio-4\/"]}]},{"@type":"BreadcrumbList","@id":"https:\/\/nigroequipamentos.com.br\/conteudo\/empilhadeira-paletrans-a-solucao-ideal-para-o-seu-comercio-4\/#breadcrumb","itemListElement":[{"@type":"ListItem","position":1,"name":"In\u00edcio","item":"https:\/\/nigroequipamentos.com.br\/conteudo\/"},{"@type":"ListItem","position":2,"name":"Empilhadeira Paletrans: A Solu\u00e7\u00e3o Ideal para o Seu Com\u00e9rcio"}]},{"@type":"WebSite","@id":"https:\/\/nigroequipamentos.com.br\/conteudo\/#website","url":"https:\/\/nigroequipamentos.com.br\/conteudo\/","name":"Nigro Equipamentos","description":"Loca\u00e7\u00e3o e Vendas","publisher":{"@id":"https:\/\/nigroequipamentos.com.br\/conteudo\/#organization"},"potentialAction":[{"@type":"SearchAction","target":{"@type":"EntryPoint","urlTemplate":"https:\/\/nigroequipamentos.com.br\/conteudo\/?s={search_term_string}"},"query-input":{"@type":"PropertyValueSpecification","valueRequired":true,"valueName":"search_term_string"}}],"inLanguage":"pt-BR"},{"@type":"Organization","@id":"https:\/\/nigroequipamentos.com.br\/conteudo\/#organization","name":"Nigro Equipamentos","url":"https:\/\/nigroequipamentos.com.br\/conteudo\/","logo":{"@type":"ImageObject","inLanguage":"pt-BR","@id":"https:\/\/nigroequipamentos.com.br\/conteudo\/#\/schema\/logo\/image\/","url":"https:\/\/nigroequipamentos.com.br\/conteudo\/wp-content\/uploads\/2024\/10\/nigroequipamentos_logo.webp","contentUrl":"https:\/\/nigroequipamentos.com.br\/conteudo\/wp-content\/uploads\/2024\/10\/nigroequipamentos_logo.webp","width":785,"height":355,"caption":"Nigro Equipamentos"},"image":{"@id":"https:\/\/nigroequipamentos.com.br\/conteudo\/#\/schema\/logo\/image\/"},"sameAs":["https:\/\/www.facebook.com\/nigroequipamentos","https:\/\/www.instagram.com\/nigroequipamentos\/"]}]}},"_links":{"self":[{"href":"https:\/\/nigroequipamentos.com.br\/conteudo\/wp-json\/wp\/v2\/pages\/30024","targetHints":{"allow":["GET"]}}],"collection":[{"href":"https:\/\/nigroequipamentos.com.br\/conteudo\/wp-json\/wp\/v2\/pages"}],"about":[{"href":"https:\/\/nigroequipamentos.com.br\/conteudo\/wp-json\/wp\/v2\/types\/page"}],"author":[{"embeddable":true,"href":"https:\/\/nigroequipamentos.com.br\/conteudo\/wp-json\/wp\/v2\/users\/3"}],"replies":[{"embeddable":true,"href":"https:\/\/nigroequipamentos.com.br\/conteudo\/wp-json\/wp\/v2\/comments?post=30024"}],"version-history":[{"count":0,"href":"https:\/\/nigroequipamentos.com.br\/conteudo\/wp-json\/wp\/v2\/pages\/30024\/revisions"}],"wp:attachment":[{"href":"https:\/\/nigroequipamentos.com.br\/conteudo\/wp-json\/wp\/v2\/media?parent=30024"}],"curies":[{"name":"wp","href":"https:\/\/api.w.org\/{rel}","templated":true}]}}