{"id":29882,"date":"2025-06-03T10:01:12","date_gmt":"2025-06-03T13:01:12","guid":{"rendered":"https:\/\/nigroequipamentos.com.br\/conteudo\/conheca-a-empilhadeira-retratil-paletrans-pr2070i\/"},"modified":"2025-06-03T10:01:12","modified_gmt":"2025-06-03T13:01:12","slug":"conheca-a-empilhadeira-retratil-paletrans-pr2070i","status":"publish","type":"page","link":"https:\/\/nigroequipamentos.com.br\/conteudo\/conheca-a-empilhadeira-retratil-paletrans-pr2070i\/","title":{"rendered":"Conhe\u00e7a a Empilhadeira Retr\u00e1til Paletrans PR2070i"},"content":{"rendered":"<p>A Empilhadeira Retr\u00e1til Paletrans PR2070i \u00e9 a solu\u00e7\u00e3o ideal para efici\u00eancia na movimenta\u00e7\u00e3o de cargas em ambientes de armazenagem restritos. Com tecnologia de ponta, a Paletrans PR2070i se destaca pela sua pot\u00eancia e versatilidade. Seu design inovador permite que voc\u00ea aproveite ao m\u00e1ximo o espa\u00e7o vertical do seu armaz\u00e9m, aumentando a capacidade de estocagem. A Paletrans PR2070i \u00e9 equipada com um sistema de eleva\u00e7\u00e3o eletr\u00f4nica, que privilegia a precis\u00e3o na manipula\u00e7\u00e3o de paletes. As opera\u00e7\u00f5es com a Empilhadeira Retr\u00e1til Paletrans PR2070i s\u00e3o facilitadas por sua agilidade e estabilidade, caracter\u00edsticas que garantem seguran\u00e7a e efici\u00eancia. Escolher a Paletrans PR2070i \u00e9 optar por qualidade e inova\u00e7\u00e3o, tornando-se uma pe\u00e7a-chave na log\u00edstica da sua empresa.<\/p>\n","protected":false},"excerpt":{"rendered":"<p>A Empilhadeira Retr\u00e1til Paletrans PR2070i \u00e9 a solu\u00e7\u00e3o ideal para efici\u00eancia na movimenta\u00e7\u00e3o de cargas em ambientes de armazenagem restritos. Com tecnologia de ponta, a Paletrans PR2070i se destaca pela sua pot\u00eancia e versatilidade. Seu design inovador permite que voc\u00ea aproveite ao m\u00e1ximo o espa\u00e7o vertical do seu armaz\u00e9m, aumentando a capacidade de estocagem. A&hellip;&nbsp;<a href=\"https:\/\/nigroequipamentos.com.br\/conteudo\/conheca-a-empilhadeira-retratil-paletrans-pr2070i\/\" class=\"\" rel=\"bookmark\">Continue a ler &raquo;<span class=\"screen-reader-text\">Conhe\u00e7a a Empilhadeira Retr\u00e1til Paletrans PR2070i<\/span><\/a><\/p>\n","protected":false},"author":3,"featured_media":0,"parent":0,"menu_order":0,"comment_status":"closed","ping_status":"closed","template":"","meta":{"_acf_changed":false,"_yoast_wpseo_focuskw":"Empilhadeira Retr\u00e1til Paletrans PR2070i","_yoast_wpseo_title":"Empilhadeira Retr\u00e1til Paletrans PR2070i: A Solu\u00e7\u00e3o para sua Log\u00edstica Eficiente","_yoast_wpseo_metadesc":"Descubra como a Empilhadeira Retr\u00e1til Paletrans PR2070i pode otimizar a movimenta\u00e7\u00e3o de cargas na sua empresa.","neve_meta_sidebar":"","neve_meta_container":"","neve_meta_enable_content_width":"","neve_meta_content_width":0,"neve_meta_title_alignment":"","neve_meta_author_avatar":"","neve_post_elements_order":"","neve_meta_disable_header":"","neve_meta_disable_footer":"","neve_meta_disable_title":"","footnotes":""},"class_list":["post-29882","page","type-page","status-publish","hentry"],"acf":{"bloco1title":"Tecnologia Avan\u00e7ada","bloco1text":"A Paletrans PR2070i \u00e9 equipada com tecnologia de ponta, garantindo efici\u00eancia na movimenta\u00e7\u00e3o de cargas.","bloco2title":"Versatilidade","bloco2text":"A Empilhadeira Retr\u00e1til Paletrans PR2070i \u00e9 ideal para ambientes com espa\u00e7o restrito.","bloco3title":"Agilidade e Precis\u00e3o","bloco3text":"As opera\u00e7\u00f5es utilizando a Empilhadeira Retr\u00e1til Paletrans PR2070i s\u00e3o eficientes, reduzindo o tempo de movimenta\u00e7\u00e3o e aumentando a produtividade.","posttitle":"Empilhadeira Retr\u00e1til Paletrans PR2070i: Como Ela Revoluciona a Log\u00edstica","postcontent":"A <strong>Empilhadeira Retr\u00e1til Paletrans PR2070i<\/strong> \u00e9 uma m\u00e1quina inovadora que vem transformando a forma como as empresas manipulam e armazenam cargas. Com capacidade de eleva\u00e7\u00e3o e desempenho superior, a <strong>Paletrans PR2070i<\/strong> permite um aproveitamento otimizado do espa\u00e7o vertical, crucial para ambientes com limita\u00e7\u00f5es de \u00e1rea. Sua estrutura robusta e design ergon\u00f4mico proporcionam n\u00e3o apenas seguran\u00e7a, mas tamb\u00e9m conforto para o operador, essencial em jornadas prolongadas de trabalho.\n\nAl\u00e9m disso, a <strong>Empilhadeira Retr\u00e1til Paletrans PR2070i<\/strong> conta com um sistema de acionamento el\u00e9trico que reduz significativamente o ru\u00eddo, favorecendo um ambiente de trabalho mais agrad\u00e1vel. Outro aspecto que a torna indispens\u00e1vel \u00e9 sua facilidade de manobra entre os corredores de prateleiras, o que maximiza a efici\u00eancia do processo log\u00edstico.\n\nPara empresas que buscam a melhor combina\u00e7\u00e3o entre custo e benef\u00edcio, a <strong>Paletrans PR2070i<\/strong> se destaca como a solu\u00e7\u00e3o ideal, proporcionando resultados expressivos em termos de produtividade e economia.","insightwidtitle":"Curiosidades sobre a PR2070i","insightwidcontent":"Voc\u00ea sabia que a Empilhadeira Retr\u00e1til Paletrans PR2070i \u00e9 uma das mais procuradas no mercado por sua facilidade de manuseio e tecnologia de ponta? Muitos usu\u00e1rios relatam um aumento significativo na efici\u00eancia operacional ap\u00f3s a implementa\u00e7\u00e3o desse modelo, fazendo dela uma verdadeira aliada na log\u00edstica moderna."},"yoast_head":"<!-- This site is optimized with the Yoast SEO Premium plugin v18.3 (Yoast SEO v23.4) - https:\/\/yoast.com\/wordpress\/plugins\/seo\/ -->\n<title>Empilhadeira Retr\u00e1til Paletrans PR2070i: A Solu\u00e7\u00e3o para sua Log\u00edstica Eficiente<\/title>\n<meta name=\"description\" content=\"Descubra como a Empilhadeira Retr\u00e1til Paletrans PR2070i pode otimizar a movimenta\u00e7\u00e3o de cargas na sua empresa.\" \/>\n<meta name=\"robots\" content=\"index, follow, max-snippet:-1, max-image-preview:large, max-video-preview:-1\" \/>\n<link rel=\"canonical\" href=\"https:\/\/nigroequipamentos.com.br\/conteudo\/conheca-a-empilhadeira-retratil-paletrans-pr2070i\/\" \/>\n<meta property=\"og:locale\" content=\"pt_BR\" \/>\n<meta property=\"og:type\" content=\"article\" \/>\n<meta property=\"og:title\" content=\"Conhe\u00e7a a Empilhadeira Retr\u00e1til Paletrans PR2070i\" \/>\n<meta property=\"og:description\" content=\"Descubra como a Empilhadeira Retr\u00e1til Paletrans PR2070i pode otimizar a movimenta\u00e7\u00e3o de cargas na sua empresa.\" \/>\n<meta property=\"og:url\" content=\"https:\/\/nigroequipamentos.com.br\/conteudo\/conheca-a-empilhadeira-retratil-paletrans-pr2070i\/\" \/>\n<meta property=\"og:site_name\" content=\"Nigro Equipamentos\" \/>\n<meta property=\"article:publisher\" content=\"https:\/\/www.facebook.com\/nigroequipamentos\" \/>\n<meta name=\"twitter:card\" content=\"summary_large_image\" \/>\n<meta name=\"twitter:label1\" content=\"Est. tempo de leitura\" \/>\n\t<meta name=\"twitter:data1\" content=\"1 minuto\" \/>\n<script type=\"application\/ld+json\" class=\"yoast-schema-graph\">{\"@context\":\"https:\/\/schema.org\",\"@graph\":[{\"@type\":\"WebPage\",\"@id\":\"https:\/\/nigroequipamentos.com.br\/conteudo\/conheca-a-empilhadeira-retratil-paletrans-pr2070i\/\",\"url\":\"https:\/\/nigroequipamentos.com.br\/conteudo\/conheca-a-empilhadeira-retratil-paletrans-pr2070i\/\",\"name\":\"Empilhadeira Retr\u00e1til Paletrans PR2070i: A Solu\u00e7\u00e3o para sua Log\u00edstica Eficiente\",\"isPartOf\":{\"@id\":\"https:\/\/nigroequipamentos.com.br\/conteudo\/#website\"},\"datePublished\":\"2025-06-03T13:01:12+00:00\",\"dateModified\":\"2025-06-03T13:01:12+00:00\",\"description\":\"Descubra como a Empilhadeira Retr\u00e1til Paletrans PR2070i pode otimizar a movimenta\u00e7\u00e3o de cargas na sua empresa.\",\"breadcrumb\":{\"@id\":\"https:\/\/nigroequipamentos.com.br\/conteudo\/conheca-a-empilhadeira-retratil-paletrans-pr2070i\/#breadcrumb\"},\"inLanguage\":\"pt-BR\",\"potentialAction\":[{\"@type\":\"ReadAction\",\"target\":[\"https:\/\/nigroequipamentos.com.br\/conteudo\/conheca-a-empilhadeira-retratil-paletrans-pr2070i\/\"]}]},{\"@type\":\"BreadcrumbList\",\"@id\":\"https:\/\/nigroequipamentos.com.br\/conteudo\/conheca-a-empilhadeira-retratil-paletrans-pr2070i\/#breadcrumb\",\"itemListElement\":[{\"@type\":\"ListItem\",\"position\":1,\"name\":\"In\u00edcio\",\"item\":\"https:\/\/nigroequipamentos.com.br\/conteudo\/\"},{\"@type\":\"ListItem\",\"position\":2,\"name\":\"Conhe\u00e7a a Empilhadeira Retr\u00e1til Paletrans PR2070i\"}]},{\"@type\":\"WebSite\",\"@id\":\"https:\/\/nigroequipamentos.com.br\/conteudo\/#website\",\"url\":\"https:\/\/nigroequipamentos.com.br\/conteudo\/\",\"name\":\"Nigro Equipamentos\",\"description\":\"Loca\u00e7\u00e3o e Vendas\",\"publisher\":{\"@id\":\"https:\/\/nigroequipamentos.com.br\/conteudo\/#organization\"},\"potentialAction\":[{\"@type\":\"SearchAction\",\"target\":{\"@type\":\"EntryPoint\",\"urlTemplate\":\"https:\/\/nigroequipamentos.com.br\/conteudo\/?s={search_term_string}\"},\"query-input\":{\"@type\":\"PropertyValueSpecification\",\"valueRequired\":true,\"valueName\":\"search_term_string\"}}],\"inLanguage\":\"pt-BR\"},{\"@type\":\"Organization\",\"@id\":\"https:\/\/nigroequipamentos.com.br\/conteudo\/#organization\",\"name\":\"Nigro Equipamentos\",\"url\":\"https:\/\/nigroequipamentos.com.br\/conteudo\/\",\"logo\":{\"@type\":\"ImageObject\",\"inLanguage\":\"pt-BR\",\"@id\":\"https:\/\/nigroequipamentos.com.br\/conteudo\/#\/schema\/logo\/image\/\",\"url\":\"https:\/\/nigroequipamentos.com.br\/conteudo\/wp-content\/uploads\/2024\/10\/nigroequipamentos_logo.webp\",\"contentUrl\":\"https:\/\/nigroequipamentos.com.br\/conteudo\/wp-content\/uploads\/2024\/10\/nigroequipamentos_logo.webp\",\"width\":785,\"height\":355,\"caption\":\"Nigro Equipamentos\"},\"image\":{\"@id\":\"https:\/\/nigroequipamentos.com.br\/conteudo\/#\/schema\/logo\/image\/\"},\"sameAs\":[\"https:\/\/www.facebook.com\/nigroequipamentos\",\"https:\/\/www.instagram.com\/nigroequipamentos\/\"]}]}<\/script>\n<!-- \/ Yoast SEO Premium plugin. -->","yoast_head_json":{"title":"Empilhadeira Retr\u00e1til Paletrans PR2070i: A Solu\u00e7\u00e3o para sua Log\u00edstica Eficiente","description":"Descubra como a Empilhadeira Retr\u00e1til Paletrans PR2070i pode otimizar a movimenta\u00e7\u00e3o de cargas na sua empresa.","robots":{"index":"index","follow":"follow","max-snippet":"max-snippet:-1","max-image-preview":"max-image-preview:large","max-video-preview":"max-video-preview:-1"},"canonical":"https:\/\/nigroequipamentos.com.br\/conteudo\/conheca-a-empilhadeira-retratil-paletrans-pr2070i\/","og_locale":"pt_BR","og_type":"article","og_title":"Conhe\u00e7a a Empilhadeira Retr\u00e1til Paletrans PR2070i","og_description":"Descubra como a Empilhadeira Retr\u00e1til Paletrans PR2070i pode otimizar a movimenta\u00e7\u00e3o de cargas na sua empresa.","og_url":"https:\/\/nigroequipamentos.com.br\/conteudo\/conheca-a-empilhadeira-retratil-paletrans-pr2070i\/","og_site_name":"Nigro Equipamentos","article_publisher":"https:\/\/www.facebook.com\/nigroequipamentos","twitter_card":"summary_large_image","twitter_misc":{"Est. tempo de leitura":"1 minuto"},"schema":{"@context":"https:\/\/schema.org","@graph":[{"@type":"WebPage","@id":"https:\/\/nigroequipamentos.com.br\/conteudo\/conheca-a-empilhadeira-retratil-paletrans-pr2070i\/","url":"https:\/\/nigroequipamentos.com.br\/conteudo\/conheca-a-empilhadeira-retratil-paletrans-pr2070i\/","name":"Empilhadeira Retr\u00e1til Paletrans PR2070i: A Solu\u00e7\u00e3o para sua Log\u00edstica Eficiente","isPartOf":{"@id":"https:\/\/nigroequipamentos.com.br\/conteudo\/#website"},"datePublished":"2025-06-03T13:01:12+00:00","dateModified":"2025-06-03T13:01:12+00:00","description":"Descubra como a Empilhadeira Retr\u00e1til Paletrans PR2070i pode otimizar a movimenta\u00e7\u00e3o de cargas na sua empresa.","breadcrumb":{"@id":"https:\/\/nigroequipamentos.com.br\/conteudo\/conheca-a-empilhadeira-retratil-paletrans-pr2070i\/#breadcrumb"},"inLanguage":"pt-BR","potentialAction":[{"@type":"ReadAction","target":["https:\/\/nigroequipamentos.com.br\/conteudo\/conheca-a-empilhadeira-retratil-paletrans-pr2070i\/"]}]},{"@type":"BreadcrumbList","@id":"https:\/\/nigroequipamentos.com.br\/conteudo\/conheca-a-empilhadeira-retratil-paletrans-pr2070i\/#breadcrumb","itemListElement":[{"@type":"ListItem","position":1,"name":"In\u00edcio","item":"https:\/\/nigroequipamentos.com.br\/conteudo\/"},{"@type":"ListItem","position":2,"name":"Conhe\u00e7a a Empilhadeira Retr\u00e1til Paletrans PR2070i"}]},{"@type":"WebSite","@id":"https:\/\/nigroequipamentos.com.br\/conteudo\/#website","url":"https:\/\/nigroequipamentos.com.br\/conteudo\/","name":"Nigro Equipamentos","description":"Loca\u00e7\u00e3o e Vendas","publisher":{"@id":"https:\/\/nigroequipamentos.com.br\/conteudo\/#organization"},"potentialAction":[{"@type":"SearchAction","target":{"@type":"EntryPoint","urlTemplate":"https:\/\/nigroequipamentos.com.br\/conteudo\/?s={search_term_string}"},"query-input":{"@type":"PropertyValueSpecification","valueRequired":true,"valueName":"search_term_string"}}],"inLanguage":"pt-BR"},{"@type":"Organization","@id":"https:\/\/nigroequipamentos.com.br\/conteudo\/#organization","name":"Nigro Equipamentos","url":"https:\/\/nigroequipamentos.com.br\/conteudo\/","logo":{"@type":"ImageObject","inLanguage":"pt-BR","@id":"https:\/\/nigroequipamentos.com.br\/conteudo\/#\/schema\/logo\/image\/","url":"https:\/\/nigroequipamentos.com.br\/conteudo\/wp-content\/uploads\/2024\/10\/nigroequipamentos_logo.webp","contentUrl":"https:\/\/nigroequipamentos.com.br\/conteudo\/wp-content\/uploads\/2024\/10\/nigroequipamentos_logo.webp","width":785,"height":355,"caption":"Nigro Equipamentos"},"image":{"@id":"https:\/\/nigroequipamentos.com.br\/conteudo\/#\/schema\/logo\/image\/"},"sameAs":["https:\/\/www.facebook.com\/nigroequipamentos","https:\/\/www.instagram.com\/nigroequipamentos\/"]}]}},"_links":{"self":[{"href":"https:\/\/nigroequipamentos.com.br\/conteudo\/wp-json\/wp\/v2\/pages\/29882","targetHints":{"allow":["GET"]}}],"collection":[{"href":"https:\/\/nigroequipamentos.com.br\/conteudo\/wp-json\/wp\/v2\/pages"}],"about":[{"href":"https:\/\/nigroequipamentos.com.br\/conteudo\/wp-json\/wp\/v2\/types\/page"}],"author":[{"embeddable":true,"href":"https:\/\/nigroequipamentos.com.br\/conteudo\/wp-json\/wp\/v2\/users\/3"}],"replies":[{"embeddable":true,"href":"https:\/\/nigroequipamentos.com.br\/conteudo\/wp-json\/wp\/v2\/comments?post=29882"}],"version-history":[{"count":0,"href":"https:\/\/nigroequipamentos.com.br\/conteudo\/wp-json\/wp\/v2\/pages\/29882\/revisions"}],"wp:attachment":[{"href":"https:\/\/nigroequipamentos.com.br\/conteudo\/wp-json\/wp\/v2\/media?parent=29882"}],"curies":[{"name":"wp","href":"https:\/\/api.w.org\/{rel}","templated":true}]}}