{"id":28404,"date":"2025-05-27T13:01:02","date_gmt":"2025-05-27T16:01:02","guid":{"rendered":"https:\/\/nigroequipamentos.com.br\/conteudo\/empilhadeira-paletrans-a-solucao-perfeita-para-construcao\/"},"modified":"2025-05-27T13:01:02","modified_gmt":"2025-05-27T16:01:02","slug":"empilhadeira-paletrans-a-solucao-perfeita-para-construcao","status":"publish","type":"page","link":"https:\/\/nigroequipamentos.com.br\/conteudo\/empilhadeira-paletrans-a-solucao-perfeita-para-construcao\/","title":{"rendered":"Empilhadeira Paletrans: A Solu\u00e7\u00e3o Perfeita para Constru\u00e7\u00e3o"},"content":{"rendered":"<p>Quando se trata de opera\u00e7\u00f5es na constru\u00e7\u00e3o civil, a <strong>empilhadeira Paletrans<\/strong> se destaca como uma op\u00e7\u00e3o altamente eficiente e vers\u00e1til. A Nigro Equipamentos oferece as melhores empilhadeiras Paletrans, garantindo robustez e qualidade em seu uso. Com a <strong>empilhadeira Paletrans<\/strong>, voc\u00ea ter\u00e1 agilidade nas movimenta\u00e7\u00f5es de materiais, aumentando a produtividade de sua obra. Nossa experi\u00eancia abranger\u00e1 desde a compra at\u00e9 a manuten\u00e7\u00e3o e loca\u00e7\u00e3o, oferecendo a melhor experi\u00eancia aos nossos clientes. Escolher a Nigro Equipamentos significa optar pela excel\u00eancia e confian\u00e7a no segmento de <strong>empilhadeiras Paletrans<\/strong>.<\/p>\n","protected":false},"excerpt":{"rendered":"<p>Quando se trata de opera\u00e7\u00f5es na constru\u00e7\u00e3o civil, a empilhadeira Paletrans se destaca como uma op\u00e7\u00e3o altamente eficiente e vers\u00e1til. A Nigro Equipamentos oferece as melhores empilhadeiras Paletrans, garantindo robustez e qualidade em seu uso. Com a empilhadeira Paletrans, voc\u00ea ter\u00e1 agilidade nas movimenta\u00e7\u00f5es de materiais, aumentando a produtividade de sua obra. Nossa experi\u00eancia abranger\u00e1&hellip;&nbsp;<a href=\"https:\/\/nigroequipamentos.com.br\/conteudo\/empilhadeira-paletrans-a-solucao-perfeita-para-construcao\/\" class=\"\" rel=\"bookmark\">Continue a ler &raquo;<span class=\"screen-reader-text\">Empilhadeira Paletrans: A Solu\u00e7\u00e3o Perfeita para Constru\u00e7\u00e3o<\/span><\/a><\/p>\n","protected":false},"author":3,"featured_media":0,"parent":0,"menu_order":0,"comment_status":"closed","ping_status":"closed","template":"","meta":{"_acf_changed":false,"_yoast_wpseo_focuskw":"Empilhadeira Paletrans constru\u00e7\u00e3o","_yoast_wpseo_title":"Empilhadeira Paletrans na Constru\u00e7\u00e3o: A Melhoria que Sua Obra Precisa","_yoast_wpseo_metadesc":"Descubra as vantagens da empilhadeira Paletrans na constru\u00e7\u00e3o. A Nigro Equipamentos \u00e9 sua melhor escolha para compra, manuten\u00e7\u00e3o e loca\u00e7\u00e3o.","neve_meta_sidebar":"","neve_meta_container":"","neve_meta_enable_content_width":"","neve_meta_content_width":0,"neve_meta_title_alignment":"","neve_meta_author_avatar":"","neve_post_elements_order":"","neve_meta_disable_header":"","neve_meta_disable_footer":"","neve_meta_disable_title":"","footnotes":""},"class_list":["post-28404","page","type-page","status-publish","hentry"],"acf":{"bloco1title":"Qualidade Superior","bloco1text":"As empilhadeiras Paletrans da Nigro s\u00e3o sin\u00f4nimo de qualidade e durabilidade, suportando as demandas da constru\u00e7\u00e3o civil com excel\u00eancia.","bloco2title":"Suporte Especializado","bloco2text":"Contamos com uma equipe especializada para atender necessidades espec\u00edficas relacionadas \u00e0s empilhadeiras Paletrans.","bloco3title":"Versatilidade na Obra","bloco3text":"A empilhadeira Paletrans oferece versatilidade, sendo ideal para diversas fun\u00e7\u00f5es na constru\u00e7\u00e3o, como transporte de materiais pesados e manuseio em \u00e1reas restritas.","posttitle":"Empilhadeira Paletrans na Constru\u00e7\u00e3o: Benef\u00edcios e Intui\u00e7\u00f5es","postcontent":"A <strong>empilhadeira Paletrans<\/strong> \u00e9 uma m\u00e1quina fundamental em ambientes de obra, proporcionando efici\u00eancia e redu\u00e7\u00e3o de tempo nas opera\u00e7\u00f5es. Com uma estrutura projetada para suportar cargas pesadas, a <strong>empilhadeira Paletrans<\/strong> garante seguran\u00e7a e confiabilidade ao movimentar materiais diversos. Na Nigro Equipamentos, temos o compromisso de oferecer op\u00e7\u00f5es de compra, loca\u00e7\u00e3o e manuten\u00e7\u00e3o das melhores <strong>empilhadeiras Paletrans<\/strong> do mercado. Com nossa experi\u00eancia, garantimos que sua obra ter\u00e1 um fluxo de trabalho otimizado. Al\u00e9m disso, a manuten\u00e7\u00e3o regular das <strong>empilhadeiras Paletrans<\/strong> \u00e9 essencial para manter a seguran\u00e7a e a efic\u00e1cia operacional. Nossos profissionais s\u00e3o capacitados para assegurar que sua <strong>empilhadeira Paletrans<\/strong> esteja sempre nas melhores condi\u00e7\u00f5es. Ao escolher a Nigro, voc\u00ea investe em uma solu\u00e7\u00e3o que maximiza os resultados da sua constru\u00e7\u00e3o e proporciona uma gest\u00e3o mais eficaz dos recursos. Venha conhecer nossa linha de <strong>empilhadeiras Paletrans<\/strong> e descubra como podemos ajudar sua obra a se destacar!","insightwidtitle":"Curiosidades sobre Empilhadeiras","insightwidcontent":"Voc\u00ea sabia que as <strong>empilhadeiras Paletrans<\/strong> s\u00e3o projetadas especialmente para o ambiente de constru\u00e7\u00e3o? Elas possuem caracter\u00edsticas \u00fanicas que as tornam mais eficientes em terrenos irregulares, adaptando-se facilmente \u00e0s diversas necessidades da obra. Al\u00e9m disso, a tecnologia dessas m\u00e1quinas evolui constantemente, proporcionando inova\u00e7\u00f5es que aumentam a seguran\u00e7a e a produtividade."},"yoast_head":"<!-- This site is optimized with the Yoast SEO Premium plugin v18.3 (Yoast SEO v23.4) - https:\/\/yoast.com\/wordpress\/plugins\/seo\/ -->\n<title>Empilhadeira Paletrans na Constru\u00e7\u00e3o: A Melhoria que Sua Obra Precisa<\/title>\n<meta name=\"description\" content=\"Descubra as vantagens da empilhadeira Paletrans na constru\u00e7\u00e3o. A Nigro Equipamentos \u00e9 sua melhor escolha para compra, manuten\u00e7\u00e3o e loca\u00e7\u00e3o.\" \/>\n<meta name=\"robots\" content=\"index, follow, max-snippet:-1, max-image-preview:large, max-video-preview:-1\" \/>\n<link rel=\"canonical\" href=\"https:\/\/nigroequipamentos.com.br\/conteudo\/empilhadeira-paletrans-a-solucao-perfeita-para-construcao\/\" \/>\n<meta property=\"og:locale\" content=\"pt_BR\" \/>\n<meta property=\"og:type\" content=\"article\" \/>\n<meta property=\"og:title\" content=\"Empilhadeira Paletrans: A Solu\u00e7\u00e3o Perfeita para Constru\u00e7\u00e3o\" \/>\n<meta property=\"og:description\" content=\"Descubra as vantagens da empilhadeira Paletrans na constru\u00e7\u00e3o. A Nigro Equipamentos \u00e9 sua melhor escolha para compra, manuten\u00e7\u00e3o e loca\u00e7\u00e3o.\" \/>\n<meta property=\"og:url\" content=\"https:\/\/nigroequipamentos.com.br\/conteudo\/empilhadeira-paletrans-a-solucao-perfeita-para-construcao\/\" \/>\n<meta property=\"og:site_name\" content=\"Nigro Equipamentos\" \/>\n<meta property=\"article:publisher\" content=\"https:\/\/www.facebook.com\/nigroequipamentos\" \/>\n<meta name=\"twitter:card\" content=\"summary_large_image\" \/>\n<script type=\"application\/ld+json\" class=\"yoast-schema-graph\">{\"@context\":\"https:\/\/schema.org\",\"@graph\":[{\"@type\":\"WebPage\",\"@id\":\"https:\/\/nigroequipamentos.com.br\/conteudo\/empilhadeira-paletrans-a-solucao-perfeita-para-construcao\/\",\"url\":\"https:\/\/nigroequipamentos.com.br\/conteudo\/empilhadeira-paletrans-a-solucao-perfeita-para-construcao\/\",\"name\":\"Empilhadeira Paletrans na Constru\u00e7\u00e3o: A Melhoria que Sua Obra Precisa\",\"isPartOf\":{\"@id\":\"https:\/\/nigroequipamentos.com.br\/conteudo\/#website\"},\"datePublished\":\"2025-05-27T16:01:02+00:00\",\"dateModified\":\"2025-05-27T16:01:02+00:00\",\"description\":\"Descubra as vantagens da empilhadeira Paletrans na constru\u00e7\u00e3o. A Nigro Equipamentos \u00e9 sua melhor escolha para compra, manuten\u00e7\u00e3o e loca\u00e7\u00e3o.\",\"breadcrumb\":{\"@id\":\"https:\/\/nigroequipamentos.com.br\/conteudo\/empilhadeira-paletrans-a-solucao-perfeita-para-construcao\/#breadcrumb\"},\"inLanguage\":\"pt-BR\",\"potentialAction\":[{\"@type\":\"ReadAction\",\"target\":[\"https:\/\/nigroequipamentos.com.br\/conteudo\/empilhadeira-paletrans-a-solucao-perfeita-para-construcao\/\"]}]},{\"@type\":\"BreadcrumbList\",\"@id\":\"https:\/\/nigroequipamentos.com.br\/conteudo\/empilhadeira-paletrans-a-solucao-perfeita-para-construcao\/#breadcrumb\",\"itemListElement\":[{\"@type\":\"ListItem\",\"position\":1,\"name\":\"In\u00edcio\",\"item\":\"https:\/\/nigroequipamentos.com.br\/conteudo\/\"},{\"@type\":\"ListItem\",\"position\":2,\"name\":\"Empilhadeira Paletrans: A Solu\u00e7\u00e3o Perfeita para Constru\u00e7\u00e3o\"}]},{\"@type\":\"WebSite\",\"@id\":\"https:\/\/nigroequipamentos.com.br\/conteudo\/#website\",\"url\":\"https:\/\/nigroequipamentos.com.br\/conteudo\/\",\"name\":\"Nigro Equipamentos\",\"description\":\"Loca\u00e7\u00e3o e Vendas\",\"publisher\":{\"@id\":\"https:\/\/nigroequipamentos.com.br\/conteudo\/#organization\"},\"potentialAction\":[{\"@type\":\"SearchAction\",\"target\":{\"@type\":\"EntryPoint\",\"urlTemplate\":\"https:\/\/nigroequipamentos.com.br\/conteudo\/?s={search_term_string}\"},\"query-input\":{\"@type\":\"PropertyValueSpecification\",\"valueRequired\":true,\"valueName\":\"search_term_string\"}}],\"inLanguage\":\"pt-BR\"},{\"@type\":\"Organization\",\"@id\":\"https:\/\/nigroequipamentos.com.br\/conteudo\/#organization\",\"name\":\"Nigro Equipamentos\",\"url\":\"https:\/\/nigroequipamentos.com.br\/conteudo\/\",\"logo\":{\"@type\":\"ImageObject\",\"inLanguage\":\"pt-BR\",\"@id\":\"https:\/\/nigroequipamentos.com.br\/conteudo\/#\/schema\/logo\/image\/\",\"url\":\"https:\/\/nigroequipamentos.com.br\/conteudo\/wp-content\/uploads\/2024\/10\/nigroequipamentos_logo.webp\",\"contentUrl\":\"https:\/\/nigroequipamentos.com.br\/conteudo\/wp-content\/uploads\/2024\/10\/nigroequipamentos_logo.webp\",\"width\":785,\"height\":355,\"caption\":\"Nigro Equipamentos\"},\"image\":{\"@id\":\"https:\/\/nigroequipamentos.com.br\/conteudo\/#\/schema\/logo\/image\/\"},\"sameAs\":[\"https:\/\/www.facebook.com\/nigroequipamentos\",\"https:\/\/www.instagram.com\/nigroequipamentos\/\"]}]}<\/script>\n<!-- \/ Yoast SEO Premium plugin. -->","yoast_head_json":{"title":"Empilhadeira Paletrans na Constru\u00e7\u00e3o: A Melhoria que Sua Obra Precisa","description":"Descubra as vantagens da empilhadeira Paletrans na constru\u00e7\u00e3o. A Nigro Equipamentos \u00e9 sua melhor escolha para compra, manuten\u00e7\u00e3o e loca\u00e7\u00e3o.","robots":{"index":"index","follow":"follow","max-snippet":"max-snippet:-1","max-image-preview":"max-image-preview:large","max-video-preview":"max-video-preview:-1"},"canonical":"https:\/\/nigroequipamentos.com.br\/conteudo\/empilhadeira-paletrans-a-solucao-perfeita-para-construcao\/","og_locale":"pt_BR","og_type":"article","og_title":"Empilhadeira Paletrans: A Solu\u00e7\u00e3o Perfeita para Constru\u00e7\u00e3o","og_description":"Descubra as vantagens da empilhadeira Paletrans na constru\u00e7\u00e3o. A Nigro Equipamentos \u00e9 sua melhor escolha para compra, manuten\u00e7\u00e3o e loca\u00e7\u00e3o.","og_url":"https:\/\/nigroequipamentos.com.br\/conteudo\/empilhadeira-paletrans-a-solucao-perfeita-para-construcao\/","og_site_name":"Nigro Equipamentos","article_publisher":"https:\/\/www.facebook.com\/nigroequipamentos","twitter_card":"summary_large_image","schema":{"@context":"https:\/\/schema.org","@graph":[{"@type":"WebPage","@id":"https:\/\/nigroequipamentos.com.br\/conteudo\/empilhadeira-paletrans-a-solucao-perfeita-para-construcao\/","url":"https:\/\/nigroequipamentos.com.br\/conteudo\/empilhadeira-paletrans-a-solucao-perfeita-para-construcao\/","name":"Empilhadeira Paletrans na Constru\u00e7\u00e3o: A Melhoria que Sua Obra Precisa","isPartOf":{"@id":"https:\/\/nigroequipamentos.com.br\/conteudo\/#website"},"datePublished":"2025-05-27T16:01:02+00:00","dateModified":"2025-05-27T16:01:02+00:00","description":"Descubra as vantagens da empilhadeira Paletrans na constru\u00e7\u00e3o. A Nigro Equipamentos \u00e9 sua melhor escolha para compra, manuten\u00e7\u00e3o e loca\u00e7\u00e3o.","breadcrumb":{"@id":"https:\/\/nigroequipamentos.com.br\/conteudo\/empilhadeira-paletrans-a-solucao-perfeita-para-construcao\/#breadcrumb"},"inLanguage":"pt-BR","potentialAction":[{"@type":"ReadAction","target":["https:\/\/nigroequipamentos.com.br\/conteudo\/empilhadeira-paletrans-a-solucao-perfeita-para-construcao\/"]}]},{"@type":"BreadcrumbList","@id":"https:\/\/nigroequipamentos.com.br\/conteudo\/empilhadeira-paletrans-a-solucao-perfeita-para-construcao\/#breadcrumb","itemListElement":[{"@type":"ListItem","position":1,"name":"In\u00edcio","item":"https:\/\/nigroequipamentos.com.br\/conteudo\/"},{"@type":"ListItem","position":2,"name":"Empilhadeira Paletrans: A Solu\u00e7\u00e3o Perfeita para Constru\u00e7\u00e3o"}]},{"@type":"WebSite","@id":"https:\/\/nigroequipamentos.com.br\/conteudo\/#website","url":"https:\/\/nigroequipamentos.com.br\/conteudo\/","name":"Nigro Equipamentos","description":"Loca\u00e7\u00e3o e Vendas","publisher":{"@id":"https:\/\/nigroequipamentos.com.br\/conteudo\/#organization"},"potentialAction":[{"@type":"SearchAction","target":{"@type":"EntryPoint","urlTemplate":"https:\/\/nigroequipamentos.com.br\/conteudo\/?s={search_term_string}"},"query-input":{"@type":"PropertyValueSpecification","valueRequired":true,"valueName":"search_term_string"}}],"inLanguage":"pt-BR"},{"@type":"Organization","@id":"https:\/\/nigroequipamentos.com.br\/conteudo\/#organization","name":"Nigro Equipamentos","url":"https:\/\/nigroequipamentos.com.br\/conteudo\/","logo":{"@type":"ImageObject","inLanguage":"pt-BR","@id":"https:\/\/nigroequipamentos.com.br\/conteudo\/#\/schema\/logo\/image\/","url":"https:\/\/nigroequipamentos.com.br\/conteudo\/wp-content\/uploads\/2024\/10\/nigroequipamentos_logo.webp","contentUrl":"https:\/\/nigroequipamentos.com.br\/conteudo\/wp-content\/uploads\/2024\/10\/nigroequipamentos_logo.webp","width":785,"height":355,"caption":"Nigro Equipamentos"},"image":{"@id":"https:\/\/nigroequipamentos.com.br\/conteudo\/#\/schema\/logo\/image\/"},"sameAs":["https:\/\/www.facebook.com\/nigroequipamentos","https:\/\/www.instagram.com\/nigroequipamentos\/"]}]}},"_links":{"self":[{"href":"https:\/\/nigroequipamentos.com.br\/conteudo\/wp-json\/wp\/v2\/pages\/28404","targetHints":{"allow":["GET"]}}],"collection":[{"href":"https:\/\/nigroequipamentos.com.br\/conteudo\/wp-json\/wp\/v2\/pages"}],"about":[{"href":"https:\/\/nigroequipamentos.com.br\/conteudo\/wp-json\/wp\/v2\/types\/page"}],"author":[{"embeddable":true,"href":"https:\/\/nigroequipamentos.com.br\/conteudo\/wp-json\/wp\/v2\/users\/3"}],"replies":[{"embeddable":true,"href":"https:\/\/nigroequipamentos.com.br\/conteudo\/wp-json\/wp\/v2\/comments?post=28404"}],"version-history":[{"count":0,"href":"https:\/\/nigroequipamentos.com.br\/conteudo\/wp-json\/wp\/v2\/pages\/28404\/revisions"}],"wp:attachment":[{"href":"https:\/\/nigroequipamentos.com.br\/conteudo\/wp-json\/wp\/v2\/media?parent=28404"}],"curies":[{"name":"wp","href":"https:\/\/api.w.org\/{rel}","templated":true}]}}