{"id":27665,"date":"2025-05-24T02:46:09","date_gmt":"2025-05-24T05:46:09","guid":{"rendered":"https:\/\/nigroequipamentos.com.br\/conteudo\/empilhadeira-paletrans-encomenda-a-solucao-ideal-para-sua-logistica-3\/"},"modified":"2025-05-24T02:46:09","modified_gmt":"2025-05-24T05:46:09","slug":"empilhadeira-paletrans-encomenda-a-solucao-ideal-para-sua-logistica-3","status":"publish","type":"page","link":"https:\/\/nigroequipamentos.com.br\/conteudo\/empilhadeira-paletrans-encomenda-a-solucao-ideal-para-sua-logistica-3\/","title":{"rendered":"Empilhadeira Paletrans Encomenda: A Solu\u00e7\u00e3o Ideal para Sua Log\u00edstica"},"content":{"rendered":"<p>Quando se trata de efici\u00eancia e agilidade na movimenta\u00e7\u00e3o de cargas, a empilhadeira Paletrans encomenda \u00e9 a escolha perfeita para sua empresa. Oferecendo alta capacidade de carga e f\u00e1cil manuseio, a Paletrans se destaca no mercado como um equipamento indispens\u00e1vel para otimizar seus processos log\u00edsticos. Na Nigro Equipamentos, acreditamos que a empilhadeira Paletrans encomenda pode elevar o padr\u00e3o de produtividade do seu neg\u00f3cio. Seja para compra, loca\u00e7\u00e3o ou manuten\u00e7\u00e3o, voc\u00ea encontrar\u00e1 a solu\u00e7\u00e3o ideal para suas necessidades com a Nigro.<\/p>\n","protected":false},"excerpt":{"rendered":"<p>Quando se trata de efici\u00eancia e agilidade na movimenta\u00e7\u00e3o de cargas, a empilhadeira Paletrans encomenda \u00e9 a escolha perfeita para sua empresa. Oferecendo alta capacidade de carga e f\u00e1cil manuseio, a Paletrans se destaca no mercado como um equipamento indispens\u00e1vel para otimizar seus processos log\u00edsticos. Na Nigro Equipamentos, acreditamos que a empilhadeira Paletrans encomenda pode&hellip;&nbsp;<a href=\"https:\/\/nigroequipamentos.com.br\/conteudo\/empilhadeira-paletrans-encomenda-a-solucao-ideal-para-sua-logistica-3\/\" class=\"\" rel=\"bookmark\">Continue a ler &raquo;<span class=\"screen-reader-text\">Empilhadeira Paletrans Encomenda: A Solu\u00e7\u00e3o Ideal para Sua Log\u00edstica<\/span><\/a><\/p>\n","protected":false},"author":3,"featured_media":0,"parent":0,"menu_order":0,"comment_status":"closed","ping_status":"closed","template":"","meta":{"_acf_changed":false,"_yoast_wpseo_focuskw":"Empilhadeira Paletrans encomenda","_yoast_wpseo_title":"Empilhadeira Paletrans Encomenda: A Melhor Op\u00e7\u00e3o para Sua Log\u00edstica","_yoast_wpseo_metadesc":"Descubra como a empilhadeira Paletrans encomenda pode transformar sua log\u00edstica. Conhe\u00e7a as vantagens e saiba onde adquirir.","neve_meta_sidebar":"","neve_meta_container":"","neve_meta_enable_content_width":"","neve_meta_content_width":0,"neve_meta_title_alignment":"","neve_meta_author_avatar":"","neve_post_elements_order":"","neve_meta_disable_header":"","neve_meta_disable_footer":"","neve_meta_disable_title":"","footnotes":""},"class_list":["post-27665","page","type-page","status-publish","hentry"],"acf":{"bloco1title":"Experi\u00eancia no Setor","bloco1text":"Com anos de atua\u00e7\u00e3o, a Nigro possui expertise em fornecer solu\u00e7\u00f5es de movimenta\u00e7\u00e3o eficientes, como a empilhadeira Paletrans encomenda.","bloco2title":"Suporte Completo","bloco2text":"Oferecemos manuten\u00e7\u00e3o especializada para garantir que sua empilhadeira Paletrans encomenda esteja sempre em perfectas condi\u00e7\u00f5es.","bloco3title":"Efici\u00eancia e Agilidade","bloco3text":"A empilhadeira Paletrans encomenda \u00e9 projetada para aumentar a efici\u00eancia do espa\u00e7o e acelerar processos log\u00edsticos, fazendo a diferen\u00e7a no seu dia a dia.","posttitle":"Conhe\u00e7a a Empilhadeira Paletrans Encomenda e Suas Vantagens","postcontent":"<strong>A Empilhadeira Paletrans Encomenda \u00e9 a Solu\u00e7\u00e3o Eficiente<\/strong> Para quem busca solu\u00e7\u00f5es pr\u00e1ticas e funcionais no transporte de materiais, a empilhadeira Paletrans encomenda \u00e9 uma escolha acertada. Este equipamento, conhecido por sua robustez e facilidade de manobra, \u00e9 ideal para ambientes de armaz\u00e9ns e f\u00e1bricas. Com a empilhadeira Paletrans encomenda, sua empresa oferece mais rapidez e seguran\u00e7a no transporte de cargas pesadas e volumosas. <strong>Vantagens da Empilhadeira Paletrans Encomenda<\/strong> Al\u00e9m de sua funcionalidade, a empilhadeira Paletrans encomenda proporciona economia de tempo, reduzindo drasticamente a necessidade de m\u00e3o de obra e, consequentemente, os custos operacionais. A Nigro Equipamentos, com sua experi\u00eancia e respaldo no mercado, \u00e9 a melhor op\u00e7\u00e3o para quem procura adquirir ou alugar uma empilhadeira Paletrans encomenda. <strong>Capacita\u00e7\u00e3o e Atendimento<\/strong> Nossa equipe \u00e9 treinada e capacitada para oferecer a melhor orienta\u00e7\u00e3o sobre a empilhadeira Paletrans encomenda, garantindo que voc\u00ea tome a melhor decis\u00e3o. Com um portf\u00f3lio diversificado e solu\u00e7\u00f5es sob medida, a Nigro Equipamentos se torna a escolha favor\u00e1vel para a compra, loca\u00e7\u00e3o ou manuten\u00e7\u00e3o da empilhadeira Paletrans encomenda, garantindo sempre o melhor suporte e atendimento ao cliente.","insightwidtitle":"Curiosidades sobre Empilhadeiras","insightwidcontent":"Voc\u00ea sabia que a empilhadeira Paletrans encomenda pode ser adaptada para diferentes tipos de cargas? Essa flexibilidade permite que as empresas a utilizem em diversas aplica\u00e7\u00f5es, otimizando ainda mais os processos log\u00edsticos. Al\u00e9m disso, o uso de empilhadeiras pode reduzir significativamente o tempo de movimenta\u00e7\u00e3o de materiais, contribuindo para a efici\u00eancia do armaz\u00e9m."},"yoast_head":"<!-- This site is optimized with the Yoast SEO Premium plugin v18.3 (Yoast SEO v23.4) - https:\/\/yoast.com\/wordpress\/plugins\/seo\/ -->\n<title>Empilhadeira Paletrans Encomenda: A Melhor Op\u00e7\u00e3o para Sua Log\u00edstica<\/title>\n<meta name=\"description\" content=\"Descubra como a empilhadeira Paletrans encomenda pode transformar sua log\u00edstica. Conhe\u00e7a as vantagens e saiba onde adquirir.\" \/>\n<meta name=\"robots\" content=\"index, follow, max-snippet:-1, max-image-preview:large, max-video-preview:-1\" \/>\n<link rel=\"canonical\" href=\"https:\/\/nigroequipamentos.com.br\/conteudo\/empilhadeira-paletrans-encomenda-a-solucao-ideal-para-sua-logistica-3\/\" \/>\n<meta property=\"og:locale\" content=\"pt_BR\" \/>\n<meta property=\"og:type\" content=\"article\" \/>\n<meta property=\"og:title\" content=\"Empilhadeira Paletrans Encomenda: A Solu\u00e7\u00e3o Ideal para Sua Log\u00edstica\" \/>\n<meta property=\"og:description\" content=\"Descubra como a empilhadeira Paletrans encomenda pode transformar sua log\u00edstica. Conhe\u00e7a as vantagens e saiba onde adquirir.\" \/>\n<meta property=\"og:url\" content=\"https:\/\/nigroequipamentos.com.br\/conteudo\/empilhadeira-paletrans-encomenda-a-solucao-ideal-para-sua-logistica-3\/\" \/>\n<meta property=\"og:site_name\" content=\"Nigro Equipamentos\" \/>\n<meta property=\"article:publisher\" content=\"https:\/\/www.facebook.com\/nigroequipamentos\" \/>\n<meta name=\"twitter:card\" content=\"summary_large_image\" \/>\n<script type=\"application\/ld+json\" class=\"yoast-schema-graph\">{\"@context\":\"https:\/\/schema.org\",\"@graph\":[{\"@type\":\"WebPage\",\"@id\":\"https:\/\/nigroequipamentos.com.br\/conteudo\/empilhadeira-paletrans-encomenda-a-solucao-ideal-para-sua-logistica-3\/\",\"url\":\"https:\/\/nigroequipamentos.com.br\/conteudo\/empilhadeira-paletrans-encomenda-a-solucao-ideal-para-sua-logistica-3\/\",\"name\":\"Empilhadeira Paletrans Encomenda: A Melhor Op\u00e7\u00e3o para Sua Log\u00edstica\",\"isPartOf\":{\"@id\":\"https:\/\/nigroequipamentos.com.br\/conteudo\/#website\"},\"datePublished\":\"2025-05-24T05:46:09+00:00\",\"dateModified\":\"2025-05-24T05:46:09+00:00\",\"description\":\"Descubra como a empilhadeira Paletrans encomenda pode transformar sua log\u00edstica. Conhe\u00e7a as vantagens e saiba onde adquirir.\",\"breadcrumb\":{\"@id\":\"https:\/\/nigroequipamentos.com.br\/conteudo\/empilhadeira-paletrans-encomenda-a-solucao-ideal-para-sua-logistica-3\/#breadcrumb\"},\"inLanguage\":\"pt-BR\",\"potentialAction\":[{\"@type\":\"ReadAction\",\"target\":[\"https:\/\/nigroequipamentos.com.br\/conteudo\/empilhadeira-paletrans-encomenda-a-solucao-ideal-para-sua-logistica-3\/\"]}]},{\"@type\":\"BreadcrumbList\",\"@id\":\"https:\/\/nigroequipamentos.com.br\/conteudo\/empilhadeira-paletrans-encomenda-a-solucao-ideal-para-sua-logistica-3\/#breadcrumb\",\"itemListElement\":[{\"@type\":\"ListItem\",\"position\":1,\"name\":\"In\u00edcio\",\"item\":\"https:\/\/nigroequipamentos.com.br\/conteudo\/\"},{\"@type\":\"ListItem\",\"position\":2,\"name\":\"Empilhadeira Paletrans Encomenda: A Solu\u00e7\u00e3o Ideal para Sua Log\u00edstica\"}]},{\"@type\":\"WebSite\",\"@id\":\"https:\/\/nigroequipamentos.com.br\/conteudo\/#website\",\"url\":\"https:\/\/nigroequipamentos.com.br\/conteudo\/\",\"name\":\"Nigro Equipamentos\",\"description\":\"Loca\u00e7\u00e3o e Vendas\",\"publisher\":{\"@id\":\"https:\/\/nigroequipamentos.com.br\/conteudo\/#organization\"},\"potentialAction\":[{\"@type\":\"SearchAction\",\"target\":{\"@type\":\"EntryPoint\",\"urlTemplate\":\"https:\/\/nigroequipamentos.com.br\/conteudo\/?s={search_term_string}\"},\"query-input\":{\"@type\":\"PropertyValueSpecification\",\"valueRequired\":true,\"valueName\":\"search_term_string\"}}],\"inLanguage\":\"pt-BR\"},{\"@type\":\"Organization\",\"@id\":\"https:\/\/nigroequipamentos.com.br\/conteudo\/#organization\",\"name\":\"Nigro Equipamentos\",\"url\":\"https:\/\/nigroequipamentos.com.br\/conteudo\/\",\"logo\":{\"@type\":\"ImageObject\",\"inLanguage\":\"pt-BR\",\"@id\":\"https:\/\/nigroequipamentos.com.br\/conteudo\/#\/schema\/logo\/image\/\",\"url\":\"https:\/\/nigroequipamentos.com.br\/conteudo\/wp-content\/uploads\/2024\/10\/nigroequipamentos_logo.webp\",\"contentUrl\":\"https:\/\/nigroequipamentos.com.br\/conteudo\/wp-content\/uploads\/2024\/10\/nigroequipamentos_logo.webp\",\"width\":785,\"height\":355,\"caption\":\"Nigro Equipamentos\"},\"image\":{\"@id\":\"https:\/\/nigroequipamentos.com.br\/conteudo\/#\/schema\/logo\/image\/\"},\"sameAs\":[\"https:\/\/www.facebook.com\/nigroequipamentos\",\"https:\/\/www.instagram.com\/nigroequipamentos\/\"]}]}<\/script>\n<!-- \/ Yoast SEO Premium plugin. -->","yoast_head_json":{"title":"Empilhadeira Paletrans Encomenda: A Melhor Op\u00e7\u00e3o para Sua Log\u00edstica","description":"Descubra como a empilhadeira Paletrans encomenda pode transformar sua log\u00edstica. Conhe\u00e7a as vantagens e saiba onde adquirir.","robots":{"index":"index","follow":"follow","max-snippet":"max-snippet:-1","max-image-preview":"max-image-preview:large","max-video-preview":"max-video-preview:-1"},"canonical":"https:\/\/nigroequipamentos.com.br\/conteudo\/empilhadeira-paletrans-encomenda-a-solucao-ideal-para-sua-logistica-3\/","og_locale":"pt_BR","og_type":"article","og_title":"Empilhadeira Paletrans Encomenda: A Solu\u00e7\u00e3o Ideal para Sua Log\u00edstica","og_description":"Descubra como a empilhadeira Paletrans encomenda pode transformar sua log\u00edstica. Conhe\u00e7a as vantagens e saiba onde adquirir.","og_url":"https:\/\/nigroequipamentos.com.br\/conteudo\/empilhadeira-paletrans-encomenda-a-solucao-ideal-para-sua-logistica-3\/","og_site_name":"Nigro Equipamentos","article_publisher":"https:\/\/www.facebook.com\/nigroequipamentos","twitter_card":"summary_large_image","schema":{"@context":"https:\/\/schema.org","@graph":[{"@type":"WebPage","@id":"https:\/\/nigroequipamentos.com.br\/conteudo\/empilhadeira-paletrans-encomenda-a-solucao-ideal-para-sua-logistica-3\/","url":"https:\/\/nigroequipamentos.com.br\/conteudo\/empilhadeira-paletrans-encomenda-a-solucao-ideal-para-sua-logistica-3\/","name":"Empilhadeira Paletrans Encomenda: A Melhor Op\u00e7\u00e3o para Sua Log\u00edstica","isPartOf":{"@id":"https:\/\/nigroequipamentos.com.br\/conteudo\/#website"},"datePublished":"2025-05-24T05:46:09+00:00","dateModified":"2025-05-24T05:46:09+00:00","description":"Descubra como a empilhadeira Paletrans encomenda pode transformar sua log\u00edstica. Conhe\u00e7a as vantagens e saiba onde adquirir.","breadcrumb":{"@id":"https:\/\/nigroequipamentos.com.br\/conteudo\/empilhadeira-paletrans-encomenda-a-solucao-ideal-para-sua-logistica-3\/#breadcrumb"},"inLanguage":"pt-BR","potentialAction":[{"@type":"ReadAction","target":["https:\/\/nigroequipamentos.com.br\/conteudo\/empilhadeira-paletrans-encomenda-a-solucao-ideal-para-sua-logistica-3\/"]}]},{"@type":"BreadcrumbList","@id":"https:\/\/nigroequipamentos.com.br\/conteudo\/empilhadeira-paletrans-encomenda-a-solucao-ideal-para-sua-logistica-3\/#breadcrumb","itemListElement":[{"@type":"ListItem","position":1,"name":"In\u00edcio","item":"https:\/\/nigroequipamentos.com.br\/conteudo\/"},{"@type":"ListItem","position":2,"name":"Empilhadeira Paletrans Encomenda: A Solu\u00e7\u00e3o Ideal para Sua Log\u00edstica"}]},{"@type":"WebSite","@id":"https:\/\/nigroequipamentos.com.br\/conteudo\/#website","url":"https:\/\/nigroequipamentos.com.br\/conteudo\/","name":"Nigro Equipamentos","description":"Loca\u00e7\u00e3o e Vendas","publisher":{"@id":"https:\/\/nigroequipamentos.com.br\/conteudo\/#organization"},"potentialAction":[{"@type":"SearchAction","target":{"@type":"EntryPoint","urlTemplate":"https:\/\/nigroequipamentos.com.br\/conteudo\/?s={search_term_string}"},"query-input":{"@type":"PropertyValueSpecification","valueRequired":true,"valueName":"search_term_string"}}],"inLanguage":"pt-BR"},{"@type":"Organization","@id":"https:\/\/nigroequipamentos.com.br\/conteudo\/#organization","name":"Nigro Equipamentos","url":"https:\/\/nigroequipamentos.com.br\/conteudo\/","logo":{"@type":"ImageObject","inLanguage":"pt-BR","@id":"https:\/\/nigroequipamentos.com.br\/conteudo\/#\/schema\/logo\/image\/","url":"https:\/\/nigroequipamentos.com.br\/conteudo\/wp-content\/uploads\/2024\/10\/nigroequipamentos_logo.webp","contentUrl":"https:\/\/nigroequipamentos.com.br\/conteudo\/wp-content\/uploads\/2024\/10\/nigroequipamentos_logo.webp","width":785,"height":355,"caption":"Nigro Equipamentos"},"image":{"@id":"https:\/\/nigroequipamentos.com.br\/conteudo\/#\/schema\/logo\/image\/"},"sameAs":["https:\/\/www.facebook.com\/nigroequipamentos","https:\/\/www.instagram.com\/nigroequipamentos\/"]}]}},"_links":{"self":[{"href":"https:\/\/nigroequipamentos.com.br\/conteudo\/wp-json\/wp\/v2\/pages\/27665","targetHints":{"allow":["GET"]}}],"collection":[{"href":"https:\/\/nigroequipamentos.com.br\/conteudo\/wp-json\/wp\/v2\/pages"}],"about":[{"href":"https:\/\/nigroequipamentos.com.br\/conteudo\/wp-json\/wp\/v2\/types\/page"}],"author":[{"embeddable":true,"href":"https:\/\/nigroequipamentos.com.br\/conteudo\/wp-json\/wp\/v2\/users\/3"}],"replies":[{"embeddable":true,"href":"https:\/\/nigroequipamentos.com.br\/conteudo\/wp-json\/wp\/v2\/comments?post=27665"}],"version-history":[{"count":0,"href":"https:\/\/nigroequipamentos.com.br\/conteudo\/wp-json\/wp\/v2\/pages\/27665\/revisions"}],"wp:attachment":[{"href":"https:\/\/nigroequipamentos.com.br\/conteudo\/wp-json\/wp\/v2\/media?parent=27665"}],"curies":[{"name":"wp","href":"https:\/\/api.w.org\/{rel}","templated":true}]}}