{"id":27539,"date":"2025-05-23T12:46:03","date_gmt":"2025-05-23T15:46:03","guid":{"rendered":"https:\/\/nigroequipamentos.com.br\/conteudo\/empilhadeira-paletrans-a-melhor-escolha-no-comercio\/"},"modified":"2025-05-23T12:46:03","modified_gmt":"2025-05-23T15:46:03","slug":"empilhadeira-paletrans-a-melhor-escolha-no-comercio","status":"publish","type":"page","link":"https:\/\/nigroequipamentos.com.br\/conteudo\/empilhadeira-paletrans-a-melhor-escolha-no-comercio\/","title":{"rendered":"Empilhadeira Paletrans: A Melhor Escolha no Com\u00e9rcio"},"content":{"rendered":"<p>A Nigro Equipamentos \u00e9 refer\u00eancia no com\u00e9rcio de empilhadeiras Paletrans. Nossas empilhadeiras Paletrans s\u00e3o ideais para otimizar a movimenta\u00e7\u00e3o de materiais em seu neg\u00f3cio. Com um robusto portf\u00f3lio, oferecemos a voc\u00ea a garantia de qualidade e performance que sua empresa merece. Esteja sempre \u00e0 frente no mercado com as empilhadeiras Paletrans. A Nigro se destaca pela experi\u00eancia e expertise no fornecimento e manuten\u00e7\u00e3o desses equipamentos. Fa\u00e7a a escolha certa: opte pela Nigro Equipamentos para sua necessidade em empilhadeiras Paletrans.<\/p>\n","protected":false},"excerpt":{"rendered":"<p>A Nigro Equipamentos \u00e9 refer\u00eancia no com\u00e9rcio de empilhadeiras Paletrans. Nossas empilhadeiras Paletrans s\u00e3o ideais para otimizar a movimenta\u00e7\u00e3o de materiais em seu neg\u00f3cio. Com um robusto portf\u00f3lio, oferecemos a voc\u00ea a garantia de qualidade e performance que sua empresa merece. Esteja sempre \u00e0 frente no mercado com as empilhadeiras Paletrans. A Nigro se destaca&hellip;&nbsp;<a href=\"https:\/\/nigroequipamentos.com.br\/conteudo\/empilhadeira-paletrans-a-melhor-escolha-no-comercio\/\" class=\"\" rel=\"bookmark\">Continue a ler &raquo;<span class=\"screen-reader-text\">Empilhadeira Paletrans: A Melhor Escolha no Com\u00e9rcio<\/span><\/a><\/p>\n","protected":false},"author":3,"featured_media":0,"parent":0,"menu_order":0,"comment_status":"closed","ping_status":"closed","template":"","meta":{"_acf_changed":false,"_yoast_wpseo_focuskw":"empilhadeira Paletrans com\u00e9rcio","_yoast_wpseo_title":"Empilhadeira Paletrans: Compra e Manuten\u00e7\u00e3o pela Nigro Equipamentos","_yoast_wpseo_metadesc":"Descubra como as empilhadeiras Paletrans podem otimizar seu com\u00e9rcio com a Nigro Equipamentos. Experi\u00eancia e qualidade na compra, loca\u00e7\u00e3o ou manuten\u00e7\u00e3o.","neve_meta_sidebar":"","neve_meta_container":"","neve_meta_enable_content_width":"","neve_meta_content_width":0,"neve_meta_title_alignment":"","neve_meta_author_avatar":"","neve_post_elements_order":"","neve_meta_disable_header":"","neve_meta_disable_footer":"","neve_meta_disable_title":"","footnotes":""},"class_list":["post-27539","page","type-page","status-publish","hentry"],"acf":{"bloco1title":"Qualidade Superior","bloco1text":"Nossas empilhadeiras Paletrans s\u00e3o submetidas a rigorosos testes de qualidade, garantindo durabilidade e efici\u00eancia para seus processos.","bloco2title":"Atendimento Especializado","bloco2text":"Contamos com uma equipe pronta para oferecer consultoria sobre empilhadeiras Paletrans, ajudando voc\u00ea a escolher a melhor solu\u00e7\u00e3o.","bloco3title":"Inova\u00e7\u00e3o Constante","bloco3text":"As empilhadeiras Paletrans est\u00e3o em constante evolu\u00e7\u00e3o. Na Nigro, trazemos as \u00faltimas inova\u00e7\u00f5es para fornecer equipamentos de ponta ao com\u00e9rcio.","posttitle":"Por que escolher Empilhadeira Paletrans no Com\u00e9rcio?","postcontent":"<strong>Empilhadeira Paletrans e sua Import\u00e2ncia<\/strong> - No mercado competitivo de hoje, a efici\u00eancia na movimenta\u00e7\u00e3o de materiais \u00e9 essencial. As empilhadeiras Paletrans se destacam por sua versatilidade e robustez, caracter\u00edsticas que as tornam indispens\u00e1veis para qualquer opera\u00e7\u00e3o. Escolher a empilhadeira Paletrans certa pode otimizar seus processos log\u00edsticos, aumentando a produtividade da sua equipe e reduzindo custos operacionais. Al\u00e9m disso, a capacidade de carga e a facilidade de manuseio das empilhadeiras Paletrans fazem delas uma escolha inteligente para o com\u00e9rcio. Na Nigro Equipamentos, temos o compromisso de oferecer n\u00e3o apenas a venda de empilhadeiras Paletrans, mas tamb\u00e9m servi\u00e7os de manuten\u00e7\u00e3o e loca\u00e7\u00e3o, garantindo que voc\u00ea tenha o suporte necess\u00e1rio sempre que precisar. Assim, voc\u00ea pode se concentrar no crescimento do seu neg\u00f3cio enquanto n\u00f3s cuidamos da sua log\u00edstica. Quer seja na compra, na manuten\u00e7\u00e3o ou na loca\u00e7\u00e3o, a Nigro Equipamentos \u00e9 a melhor op\u00e7\u00e3o para atender suas necessidades em empilhadeiras Paletrans.","insightwidtitle":"Curiosidades sobre Paletrans","insightwidcontent":"Voc\u00ea sabia que as empilhadeiras Paletrans foram projetadas para otimizar espa\u00e7o? Elas s\u00e3o ideais para armaz\u00e9ns pequenos e congestionados, permitindo movimenta\u00e7\u00f5es r\u00e1pidas. Al\u00e9m disso, as inova\u00e7\u00f5es de tecnologia nas empilhadeiras Paletrans podem incluir sistemas de navega\u00e7\u00e3o automatizada, que aumentam a efici\u00eancia e seguran\u00e7a nas opera\u00e7\u00f5es de transporte."},"yoast_head":"<!-- This site is optimized with the Yoast SEO Premium plugin v18.3 (Yoast SEO v23.4) - https:\/\/yoast.com\/wordpress\/plugins\/seo\/ -->\n<title>Empilhadeira Paletrans: Compra e Manuten\u00e7\u00e3o pela Nigro Equipamentos<\/title>\n<meta name=\"description\" content=\"Descubra como as empilhadeiras Paletrans podem otimizar seu com\u00e9rcio com a Nigro Equipamentos. Experi\u00eancia e qualidade na compra, loca\u00e7\u00e3o ou manuten\u00e7\u00e3o.\" \/>\n<meta name=\"robots\" content=\"index, follow, max-snippet:-1, max-image-preview:large, max-video-preview:-1\" \/>\n<link rel=\"canonical\" href=\"https:\/\/nigroequipamentos.com.br\/conteudo\/empilhadeira-paletrans-a-melhor-escolha-no-comercio\/\" \/>\n<meta property=\"og:locale\" content=\"pt_BR\" \/>\n<meta property=\"og:type\" content=\"article\" \/>\n<meta property=\"og:title\" content=\"Empilhadeira Paletrans: A Melhor Escolha no Com\u00e9rcio\" \/>\n<meta property=\"og:description\" content=\"Descubra como as empilhadeiras Paletrans podem otimizar seu com\u00e9rcio com a Nigro Equipamentos. Experi\u00eancia e qualidade na compra, loca\u00e7\u00e3o ou manuten\u00e7\u00e3o.\" \/>\n<meta property=\"og:url\" content=\"https:\/\/nigroequipamentos.com.br\/conteudo\/empilhadeira-paletrans-a-melhor-escolha-no-comercio\/\" \/>\n<meta property=\"og:site_name\" content=\"Nigro Equipamentos\" \/>\n<meta property=\"article:publisher\" content=\"https:\/\/www.facebook.com\/nigroequipamentos\" \/>\n<meta name=\"twitter:card\" content=\"summary_large_image\" \/>\n<script type=\"application\/ld+json\" class=\"yoast-schema-graph\">{\"@context\":\"https:\/\/schema.org\",\"@graph\":[{\"@type\":\"WebPage\",\"@id\":\"https:\/\/nigroequipamentos.com.br\/conteudo\/empilhadeira-paletrans-a-melhor-escolha-no-comercio\/\",\"url\":\"https:\/\/nigroequipamentos.com.br\/conteudo\/empilhadeira-paletrans-a-melhor-escolha-no-comercio\/\",\"name\":\"Empilhadeira Paletrans: Compra e Manuten\u00e7\u00e3o pela Nigro Equipamentos\",\"isPartOf\":{\"@id\":\"https:\/\/nigroequipamentos.com.br\/conteudo\/#website\"},\"datePublished\":\"2025-05-23T15:46:03+00:00\",\"dateModified\":\"2025-05-23T15:46:03+00:00\",\"description\":\"Descubra como as empilhadeiras Paletrans podem otimizar seu com\u00e9rcio com a Nigro Equipamentos. Experi\u00eancia e qualidade na compra, loca\u00e7\u00e3o ou manuten\u00e7\u00e3o.\",\"breadcrumb\":{\"@id\":\"https:\/\/nigroequipamentos.com.br\/conteudo\/empilhadeira-paletrans-a-melhor-escolha-no-comercio\/#breadcrumb\"},\"inLanguage\":\"pt-BR\",\"potentialAction\":[{\"@type\":\"ReadAction\",\"target\":[\"https:\/\/nigroequipamentos.com.br\/conteudo\/empilhadeira-paletrans-a-melhor-escolha-no-comercio\/\"]}]},{\"@type\":\"BreadcrumbList\",\"@id\":\"https:\/\/nigroequipamentos.com.br\/conteudo\/empilhadeira-paletrans-a-melhor-escolha-no-comercio\/#breadcrumb\",\"itemListElement\":[{\"@type\":\"ListItem\",\"position\":1,\"name\":\"In\u00edcio\",\"item\":\"https:\/\/nigroequipamentos.com.br\/conteudo\/\"},{\"@type\":\"ListItem\",\"position\":2,\"name\":\"Empilhadeira Paletrans: A Melhor Escolha no Com\u00e9rcio\"}]},{\"@type\":\"WebSite\",\"@id\":\"https:\/\/nigroequipamentos.com.br\/conteudo\/#website\",\"url\":\"https:\/\/nigroequipamentos.com.br\/conteudo\/\",\"name\":\"Nigro Equipamentos\",\"description\":\"Loca\u00e7\u00e3o e Vendas\",\"publisher\":{\"@id\":\"https:\/\/nigroequipamentos.com.br\/conteudo\/#organization\"},\"potentialAction\":[{\"@type\":\"SearchAction\",\"target\":{\"@type\":\"EntryPoint\",\"urlTemplate\":\"https:\/\/nigroequipamentos.com.br\/conteudo\/?s={search_term_string}\"},\"query-input\":{\"@type\":\"PropertyValueSpecification\",\"valueRequired\":true,\"valueName\":\"search_term_string\"}}],\"inLanguage\":\"pt-BR\"},{\"@type\":\"Organization\",\"@id\":\"https:\/\/nigroequipamentos.com.br\/conteudo\/#organization\",\"name\":\"Nigro Equipamentos\",\"url\":\"https:\/\/nigroequipamentos.com.br\/conteudo\/\",\"logo\":{\"@type\":\"ImageObject\",\"inLanguage\":\"pt-BR\",\"@id\":\"https:\/\/nigroequipamentos.com.br\/conteudo\/#\/schema\/logo\/image\/\",\"url\":\"https:\/\/nigroequipamentos.com.br\/conteudo\/wp-content\/uploads\/2024\/10\/nigroequipamentos_logo.webp\",\"contentUrl\":\"https:\/\/nigroequipamentos.com.br\/conteudo\/wp-content\/uploads\/2024\/10\/nigroequipamentos_logo.webp\",\"width\":785,\"height\":355,\"caption\":\"Nigro Equipamentos\"},\"image\":{\"@id\":\"https:\/\/nigroequipamentos.com.br\/conteudo\/#\/schema\/logo\/image\/\"},\"sameAs\":[\"https:\/\/www.facebook.com\/nigroequipamentos\",\"https:\/\/www.instagram.com\/nigroequipamentos\/\"]}]}<\/script>\n<!-- \/ Yoast SEO Premium plugin. -->","yoast_head_json":{"title":"Empilhadeira Paletrans: Compra e Manuten\u00e7\u00e3o pela Nigro Equipamentos","description":"Descubra como as empilhadeiras Paletrans podem otimizar seu com\u00e9rcio com a Nigro Equipamentos. Experi\u00eancia e qualidade na compra, loca\u00e7\u00e3o ou manuten\u00e7\u00e3o.","robots":{"index":"index","follow":"follow","max-snippet":"max-snippet:-1","max-image-preview":"max-image-preview:large","max-video-preview":"max-video-preview:-1"},"canonical":"https:\/\/nigroequipamentos.com.br\/conteudo\/empilhadeira-paletrans-a-melhor-escolha-no-comercio\/","og_locale":"pt_BR","og_type":"article","og_title":"Empilhadeira Paletrans: A Melhor Escolha no Com\u00e9rcio","og_description":"Descubra como as empilhadeiras Paletrans podem otimizar seu com\u00e9rcio com a Nigro Equipamentos. Experi\u00eancia e qualidade na compra, loca\u00e7\u00e3o ou manuten\u00e7\u00e3o.","og_url":"https:\/\/nigroequipamentos.com.br\/conteudo\/empilhadeira-paletrans-a-melhor-escolha-no-comercio\/","og_site_name":"Nigro Equipamentos","article_publisher":"https:\/\/www.facebook.com\/nigroequipamentos","twitter_card":"summary_large_image","schema":{"@context":"https:\/\/schema.org","@graph":[{"@type":"WebPage","@id":"https:\/\/nigroequipamentos.com.br\/conteudo\/empilhadeira-paletrans-a-melhor-escolha-no-comercio\/","url":"https:\/\/nigroequipamentos.com.br\/conteudo\/empilhadeira-paletrans-a-melhor-escolha-no-comercio\/","name":"Empilhadeira Paletrans: Compra e Manuten\u00e7\u00e3o pela Nigro Equipamentos","isPartOf":{"@id":"https:\/\/nigroequipamentos.com.br\/conteudo\/#website"},"datePublished":"2025-05-23T15:46:03+00:00","dateModified":"2025-05-23T15:46:03+00:00","description":"Descubra como as empilhadeiras Paletrans podem otimizar seu com\u00e9rcio com a Nigro Equipamentos. Experi\u00eancia e qualidade na compra, loca\u00e7\u00e3o ou manuten\u00e7\u00e3o.","breadcrumb":{"@id":"https:\/\/nigroequipamentos.com.br\/conteudo\/empilhadeira-paletrans-a-melhor-escolha-no-comercio\/#breadcrumb"},"inLanguage":"pt-BR","potentialAction":[{"@type":"ReadAction","target":["https:\/\/nigroequipamentos.com.br\/conteudo\/empilhadeira-paletrans-a-melhor-escolha-no-comercio\/"]}]},{"@type":"BreadcrumbList","@id":"https:\/\/nigroequipamentos.com.br\/conteudo\/empilhadeira-paletrans-a-melhor-escolha-no-comercio\/#breadcrumb","itemListElement":[{"@type":"ListItem","position":1,"name":"In\u00edcio","item":"https:\/\/nigroequipamentos.com.br\/conteudo\/"},{"@type":"ListItem","position":2,"name":"Empilhadeira Paletrans: A Melhor Escolha no Com\u00e9rcio"}]},{"@type":"WebSite","@id":"https:\/\/nigroequipamentos.com.br\/conteudo\/#website","url":"https:\/\/nigroequipamentos.com.br\/conteudo\/","name":"Nigro Equipamentos","description":"Loca\u00e7\u00e3o e Vendas","publisher":{"@id":"https:\/\/nigroequipamentos.com.br\/conteudo\/#organization"},"potentialAction":[{"@type":"SearchAction","target":{"@type":"EntryPoint","urlTemplate":"https:\/\/nigroequipamentos.com.br\/conteudo\/?s={search_term_string}"},"query-input":{"@type":"PropertyValueSpecification","valueRequired":true,"valueName":"search_term_string"}}],"inLanguage":"pt-BR"},{"@type":"Organization","@id":"https:\/\/nigroequipamentos.com.br\/conteudo\/#organization","name":"Nigro Equipamentos","url":"https:\/\/nigroequipamentos.com.br\/conteudo\/","logo":{"@type":"ImageObject","inLanguage":"pt-BR","@id":"https:\/\/nigroequipamentos.com.br\/conteudo\/#\/schema\/logo\/image\/","url":"https:\/\/nigroequipamentos.com.br\/conteudo\/wp-content\/uploads\/2024\/10\/nigroequipamentos_logo.webp","contentUrl":"https:\/\/nigroequipamentos.com.br\/conteudo\/wp-content\/uploads\/2024\/10\/nigroequipamentos_logo.webp","width":785,"height":355,"caption":"Nigro Equipamentos"},"image":{"@id":"https:\/\/nigroequipamentos.com.br\/conteudo\/#\/schema\/logo\/image\/"},"sameAs":["https:\/\/www.facebook.com\/nigroequipamentos","https:\/\/www.instagram.com\/nigroequipamentos\/"]}]}},"_links":{"self":[{"href":"https:\/\/nigroequipamentos.com.br\/conteudo\/wp-json\/wp\/v2\/pages\/27539","targetHints":{"allow":["GET"]}}],"collection":[{"href":"https:\/\/nigroequipamentos.com.br\/conteudo\/wp-json\/wp\/v2\/pages"}],"about":[{"href":"https:\/\/nigroequipamentos.com.br\/conteudo\/wp-json\/wp\/v2\/types\/page"}],"author":[{"embeddable":true,"href":"https:\/\/nigroequipamentos.com.br\/conteudo\/wp-json\/wp\/v2\/users\/3"}],"replies":[{"embeddable":true,"href":"https:\/\/nigroequipamentos.com.br\/conteudo\/wp-json\/wp\/v2\/comments?post=27539"}],"version-history":[{"count":0,"href":"https:\/\/nigroequipamentos.com.br\/conteudo\/wp-json\/wp\/v2\/pages\/27539\/revisions"}],"wp:attachment":[{"href":"https:\/\/nigroequipamentos.com.br\/conteudo\/wp-json\/wp\/v2\/media?parent=27539"}],"curies":[{"name":"wp","href":"https:\/\/api.w.org\/{rel}","templated":true}]}}