{"id":25436,"date":"2025-05-13T18:00:34","date_gmt":"2025-05-13T21:00:34","guid":{"rendered":"https:\/\/nigroequipamentos.com.br\/conteudo\/descubra-o-melhor-preco-da-empilhadeira-paletrans-5\/"},"modified":"2025-05-13T18:00:34","modified_gmt":"2025-05-13T21:00:34","slug":"descubra-o-melhor-preco-da-empilhadeira-paletrans-5","status":"publish","type":"page","link":"https:\/\/nigroequipamentos.com.br\/conteudo\/descubra-o-melhor-preco-da-empilhadeira-paletrans-5\/","title":{"rendered":"Descubra o Melhor Pre\u00e7o da Empilhadeira Paletrans"},"content":{"rendered":"<p>Quando se trata de efici\u00eancia e comodidade em movimenta\u00e7\u00e3o de cargas, a empilhadeira Paletrans se destaca como uma das mais procuradas do mercado. Com diversas op\u00e7\u00f5es de capacidade e funcionalidades, o pre\u00e7o da empilhadeira Paletrans pode variar conforme as especifica\u00e7\u00f5es, mas aqui na Nigro Equipamentos, garantimos as melhores condi\u00e7\u00f5es de compra, manuten\u00e7\u00e3o e loca\u00e7\u00e3o. N\u00e3o deixe de conferir nossas ofertas e descubra porque somos l\u00edderes nesse setor. A empilhadeira Paletrans \u00e9 ideal para otimizar seu espa\u00e7o e aumentar a produtividade, tornando-se uma excelente escolha para armaz\u00e9ns e centros de distribui\u00e7\u00e3o. Ao procurar o pre\u00e7o da empilhadeira Paletrans, considere tamb\u00e9m o custo-benef\u00edcio a longo prazo que a Nigro Equipamentos oferece.<\/p>\n","protected":false},"excerpt":{"rendered":"<p>Quando se trata de efici\u00eancia e comodidade em movimenta\u00e7\u00e3o de cargas, a empilhadeira Paletrans se destaca como uma das mais procuradas do mercado. Com diversas op\u00e7\u00f5es de capacidade e funcionalidades, o pre\u00e7o da empilhadeira Paletrans pode variar conforme as especifica\u00e7\u00f5es, mas aqui na Nigro Equipamentos, garantimos as melhores condi\u00e7\u00f5es de compra, manuten\u00e7\u00e3o e loca\u00e7\u00e3o. N\u00e3o&hellip;&nbsp;<a href=\"https:\/\/nigroequipamentos.com.br\/conteudo\/descubra-o-melhor-preco-da-empilhadeira-paletrans-5\/\" class=\"\" rel=\"bookmark\">Continue a ler &raquo;<span class=\"screen-reader-text\">Descubra o Melhor Pre\u00e7o da Empilhadeira Paletrans<\/span><\/a><\/p>\n","protected":false},"author":3,"featured_media":0,"parent":0,"menu_order":0,"comment_status":"closed","ping_status":"closed","template":"","meta":{"_acf_changed":false,"_yoast_wpseo_focuskw":"Empilhadeira Paletrans pre\u00e7o","_yoast_wpseo_title":"Empilhadeira Paletrans: Pre\u00e7o e Qualidade na Nigro Equipamentos","_yoast_wpseo_metadesc":"Encontre o melhor pre\u00e7o para a empilhadeira Paletrans na Nigro Equipamentos. Qualidade, manuten\u00e7\u00e3o e loca\u00e7\u00e3o dispon\u00edveis.","neve_meta_sidebar":"","neve_meta_container":"","neve_meta_enable_content_width":"","neve_meta_content_width":0,"neve_meta_title_alignment":"","neve_meta_author_avatar":"","neve_post_elements_order":"","neve_meta_disable_header":"","neve_meta_disable_footer":"","neve_meta_disable_title":"","footnotes":""},"class_list":["post-25436","page","type-page","status-publish","hentry"],"acf":{"bloco1title":"Qualidade Garantida","bloco1text":"A Nigro Equipamentos fornece empilhadeiras Paletrans com total garantia de qualidade e assist\u00eancia t\u00e9cnica especializada.","bloco2title":"Variedade de Modelos","bloco2text":"Oferecemos uma variedade de modelos de empilhadeiras Paletrans para atender diversas necessidades do seu neg\u00f3cio.","bloco3title":"Oportunidades de Loca\u00e7\u00e3o","bloco3text":"A loca\u00e7\u00e3o de empilhadeiras Paletrans \u00e9 uma \u00f3tima solu\u00e7\u00e3o para quem busca flexibilidade e economia, especialmente em picos de demanda.","posttitle":"Empilhadeira Paletrans: Qualidade e Pre\u00e7o Justo","postcontent":"<strong>Conhe\u00e7a as vantagens da Empilhadeira Paletrans<\/strong> ao analisar seu pre\u00e7o no mercado. Este modelo se destaca pela robustez e pela efici\u00eancia em diversas opera\u00e7\u00f5es log\u00edsticas. Se voc\u00ea est\u00e1 em busca da melhor empilhadeira para suas opera\u00e7\u00f5es, \u00e9 essencial considerar o custo e as caracter\u00edsticas que fazem a empilhadeira Paletrans sobressair-se. A Nigro Equipamentos apresenta um portf\u00f3lio diversificado, com a empilhadeira Paletrans dispon\u00edvel para venda e loca\u00e7\u00e3o. Al\u00e9m de oferecer pre\u00e7os competitivos, nossa empresa \u00e9 reconhecida pela qualidade do atendimento e pela expertise no setor de movimenta\u00e7\u00e3o de cargas. Ao investigar o pre\u00e7o da empilhadeira Paletrans, lembre-se de que a rela\u00e7\u00e3o entre custo e benef\u00edcio \u00e9 crucial para garantir um bom investimento. Estamos prontos para ajudar voc\u00ea a encontrar a solu\u00e7\u00e3o perfeita para suas necessidades log\u00edsticas. Fa\u00e7a j\u00e1 um or\u00e7amento e descubra as ofertas incr\u00edveis que temos para voc\u00ea.","insightwidtitle":"Curiosidades sobre Empilhadeiras","insightwidcontent":"Voc\u00ea sabia que a empilhadeira Paletrans \u00e9 uma das mais eficientes em ambientes de armaz\u00e9m? Seu design \u00e9 otimizado para facilitar manobras em espa\u00e7os reduzidos, proporcionando mais agilidade nas opera\u00e7\u00f5es. Al\u00e9m disso, a manuten\u00e7\u00e3o preventiva pode aumentar significativamente a vida \u00fatil de seus equipamentos, garantindo que voc\u00ea sempre tenha uma empilhadeira funcionando em sua opera\u00e7\u00e3o. O pre\u00e7o da empilhadeira Paletrans reflete seu desempenho e durabilidade, tornando-a um investimento inteligente a longo prazo."},"yoast_head":"<!-- This site is optimized with the Yoast SEO Premium plugin v18.3 (Yoast SEO v23.4) - https:\/\/yoast.com\/wordpress\/plugins\/seo\/ -->\n<title>Empilhadeira Paletrans: Pre\u00e7o e Qualidade na Nigro Equipamentos<\/title>\n<meta name=\"description\" content=\"Encontre o melhor pre\u00e7o para a empilhadeira Paletrans na Nigro Equipamentos. Qualidade, manuten\u00e7\u00e3o e loca\u00e7\u00e3o dispon\u00edveis.\" \/>\n<meta name=\"robots\" content=\"index, follow, max-snippet:-1, max-image-preview:large, max-video-preview:-1\" \/>\n<link rel=\"canonical\" href=\"https:\/\/nigroequipamentos.com.br\/conteudo\/descubra-o-melhor-preco-da-empilhadeira-paletrans-5\/\" \/>\n<meta property=\"og:locale\" content=\"pt_BR\" \/>\n<meta property=\"og:type\" content=\"article\" \/>\n<meta property=\"og:title\" content=\"Descubra o Melhor Pre\u00e7o da Empilhadeira Paletrans\" \/>\n<meta property=\"og:description\" content=\"Encontre o melhor pre\u00e7o para a empilhadeira Paletrans na Nigro Equipamentos. Qualidade, manuten\u00e7\u00e3o e loca\u00e7\u00e3o dispon\u00edveis.\" \/>\n<meta property=\"og:url\" content=\"https:\/\/nigroequipamentos.com.br\/conteudo\/descubra-o-melhor-preco-da-empilhadeira-paletrans-5\/\" \/>\n<meta property=\"og:site_name\" content=\"Nigro Equipamentos\" \/>\n<meta property=\"article:publisher\" content=\"https:\/\/www.facebook.com\/nigroequipamentos\" \/>\n<meta name=\"twitter:card\" content=\"summary_large_image\" \/>\n<meta name=\"twitter:label1\" content=\"Est. tempo de leitura\" \/>\n\t<meta name=\"twitter:data1\" content=\"1 minuto\" \/>\n<script type=\"application\/ld+json\" class=\"yoast-schema-graph\">{\"@context\":\"https:\/\/schema.org\",\"@graph\":[{\"@type\":\"WebPage\",\"@id\":\"https:\/\/nigroequipamentos.com.br\/conteudo\/descubra-o-melhor-preco-da-empilhadeira-paletrans-5\/\",\"url\":\"https:\/\/nigroequipamentos.com.br\/conteudo\/descubra-o-melhor-preco-da-empilhadeira-paletrans-5\/\",\"name\":\"Empilhadeira Paletrans: Pre\u00e7o e Qualidade na Nigro Equipamentos\",\"isPartOf\":{\"@id\":\"https:\/\/nigroequipamentos.com.br\/conteudo\/#website\"},\"datePublished\":\"2025-05-13T21:00:34+00:00\",\"dateModified\":\"2025-05-13T21:00:34+00:00\",\"description\":\"Encontre o melhor pre\u00e7o para a empilhadeira Paletrans na Nigro Equipamentos. Qualidade, manuten\u00e7\u00e3o e loca\u00e7\u00e3o dispon\u00edveis.\",\"breadcrumb\":{\"@id\":\"https:\/\/nigroequipamentos.com.br\/conteudo\/descubra-o-melhor-preco-da-empilhadeira-paletrans-5\/#breadcrumb\"},\"inLanguage\":\"pt-BR\",\"potentialAction\":[{\"@type\":\"ReadAction\",\"target\":[\"https:\/\/nigroequipamentos.com.br\/conteudo\/descubra-o-melhor-preco-da-empilhadeira-paletrans-5\/\"]}]},{\"@type\":\"BreadcrumbList\",\"@id\":\"https:\/\/nigroequipamentos.com.br\/conteudo\/descubra-o-melhor-preco-da-empilhadeira-paletrans-5\/#breadcrumb\",\"itemListElement\":[{\"@type\":\"ListItem\",\"position\":1,\"name\":\"In\u00edcio\",\"item\":\"https:\/\/nigroequipamentos.com.br\/conteudo\/\"},{\"@type\":\"ListItem\",\"position\":2,\"name\":\"Descubra o Melhor Pre\u00e7o da Empilhadeira Paletrans\"}]},{\"@type\":\"WebSite\",\"@id\":\"https:\/\/nigroequipamentos.com.br\/conteudo\/#website\",\"url\":\"https:\/\/nigroequipamentos.com.br\/conteudo\/\",\"name\":\"Nigro Equipamentos\",\"description\":\"Loca\u00e7\u00e3o e Vendas\",\"publisher\":{\"@id\":\"https:\/\/nigroequipamentos.com.br\/conteudo\/#organization\"},\"potentialAction\":[{\"@type\":\"SearchAction\",\"target\":{\"@type\":\"EntryPoint\",\"urlTemplate\":\"https:\/\/nigroequipamentos.com.br\/conteudo\/?s={search_term_string}\"},\"query-input\":{\"@type\":\"PropertyValueSpecification\",\"valueRequired\":true,\"valueName\":\"search_term_string\"}}],\"inLanguage\":\"pt-BR\"},{\"@type\":\"Organization\",\"@id\":\"https:\/\/nigroequipamentos.com.br\/conteudo\/#organization\",\"name\":\"Nigro Equipamentos\",\"url\":\"https:\/\/nigroequipamentos.com.br\/conteudo\/\",\"logo\":{\"@type\":\"ImageObject\",\"inLanguage\":\"pt-BR\",\"@id\":\"https:\/\/nigroequipamentos.com.br\/conteudo\/#\/schema\/logo\/image\/\",\"url\":\"https:\/\/nigroequipamentos.com.br\/conteudo\/wp-content\/uploads\/2024\/10\/nigroequipamentos_logo.webp\",\"contentUrl\":\"https:\/\/nigroequipamentos.com.br\/conteudo\/wp-content\/uploads\/2024\/10\/nigroequipamentos_logo.webp\",\"width\":785,\"height\":355,\"caption\":\"Nigro Equipamentos\"},\"image\":{\"@id\":\"https:\/\/nigroequipamentos.com.br\/conteudo\/#\/schema\/logo\/image\/\"},\"sameAs\":[\"https:\/\/www.facebook.com\/nigroequipamentos\",\"https:\/\/www.instagram.com\/nigroequipamentos\/\"]}]}<\/script>\n<!-- \/ Yoast SEO Premium plugin. -->","yoast_head_json":{"title":"Empilhadeira Paletrans: Pre\u00e7o e Qualidade na Nigro Equipamentos","description":"Encontre o melhor pre\u00e7o para a empilhadeira Paletrans na Nigro Equipamentos. Qualidade, manuten\u00e7\u00e3o e loca\u00e7\u00e3o dispon\u00edveis.","robots":{"index":"index","follow":"follow","max-snippet":"max-snippet:-1","max-image-preview":"max-image-preview:large","max-video-preview":"max-video-preview:-1"},"canonical":"https:\/\/nigroequipamentos.com.br\/conteudo\/descubra-o-melhor-preco-da-empilhadeira-paletrans-5\/","og_locale":"pt_BR","og_type":"article","og_title":"Descubra o Melhor Pre\u00e7o da Empilhadeira Paletrans","og_description":"Encontre o melhor pre\u00e7o para a empilhadeira Paletrans na Nigro Equipamentos. Qualidade, manuten\u00e7\u00e3o e loca\u00e7\u00e3o dispon\u00edveis.","og_url":"https:\/\/nigroequipamentos.com.br\/conteudo\/descubra-o-melhor-preco-da-empilhadeira-paletrans-5\/","og_site_name":"Nigro Equipamentos","article_publisher":"https:\/\/www.facebook.com\/nigroequipamentos","twitter_card":"summary_large_image","twitter_misc":{"Est. tempo de leitura":"1 minuto"},"schema":{"@context":"https:\/\/schema.org","@graph":[{"@type":"WebPage","@id":"https:\/\/nigroequipamentos.com.br\/conteudo\/descubra-o-melhor-preco-da-empilhadeira-paletrans-5\/","url":"https:\/\/nigroequipamentos.com.br\/conteudo\/descubra-o-melhor-preco-da-empilhadeira-paletrans-5\/","name":"Empilhadeira Paletrans: Pre\u00e7o e Qualidade na Nigro Equipamentos","isPartOf":{"@id":"https:\/\/nigroequipamentos.com.br\/conteudo\/#website"},"datePublished":"2025-05-13T21:00:34+00:00","dateModified":"2025-05-13T21:00:34+00:00","description":"Encontre o melhor pre\u00e7o para a empilhadeira Paletrans na Nigro Equipamentos. Qualidade, manuten\u00e7\u00e3o e loca\u00e7\u00e3o dispon\u00edveis.","breadcrumb":{"@id":"https:\/\/nigroequipamentos.com.br\/conteudo\/descubra-o-melhor-preco-da-empilhadeira-paletrans-5\/#breadcrumb"},"inLanguage":"pt-BR","potentialAction":[{"@type":"ReadAction","target":["https:\/\/nigroequipamentos.com.br\/conteudo\/descubra-o-melhor-preco-da-empilhadeira-paletrans-5\/"]}]},{"@type":"BreadcrumbList","@id":"https:\/\/nigroequipamentos.com.br\/conteudo\/descubra-o-melhor-preco-da-empilhadeira-paletrans-5\/#breadcrumb","itemListElement":[{"@type":"ListItem","position":1,"name":"In\u00edcio","item":"https:\/\/nigroequipamentos.com.br\/conteudo\/"},{"@type":"ListItem","position":2,"name":"Descubra o Melhor Pre\u00e7o da Empilhadeira Paletrans"}]},{"@type":"WebSite","@id":"https:\/\/nigroequipamentos.com.br\/conteudo\/#website","url":"https:\/\/nigroequipamentos.com.br\/conteudo\/","name":"Nigro Equipamentos","description":"Loca\u00e7\u00e3o e Vendas","publisher":{"@id":"https:\/\/nigroequipamentos.com.br\/conteudo\/#organization"},"potentialAction":[{"@type":"SearchAction","target":{"@type":"EntryPoint","urlTemplate":"https:\/\/nigroequipamentos.com.br\/conteudo\/?s={search_term_string}"},"query-input":{"@type":"PropertyValueSpecification","valueRequired":true,"valueName":"search_term_string"}}],"inLanguage":"pt-BR"},{"@type":"Organization","@id":"https:\/\/nigroequipamentos.com.br\/conteudo\/#organization","name":"Nigro Equipamentos","url":"https:\/\/nigroequipamentos.com.br\/conteudo\/","logo":{"@type":"ImageObject","inLanguage":"pt-BR","@id":"https:\/\/nigroequipamentos.com.br\/conteudo\/#\/schema\/logo\/image\/","url":"https:\/\/nigroequipamentos.com.br\/conteudo\/wp-content\/uploads\/2024\/10\/nigroequipamentos_logo.webp","contentUrl":"https:\/\/nigroequipamentos.com.br\/conteudo\/wp-content\/uploads\/2024\/10\/nigroequipamentos_logo.webp","width":785,"height":355,"caption":"Nigro Equipamentos"},"image":{"@id":"https:\/\/nigroequipamentos.com.br\/conteudo\/#\/schema\/logo\/image\/"},"sameAs":["https:\/\/www.facebook.com\/nigroequipamentos","https:\/\/www.instagram.com\/nigroequipamentos\/"]}]}},"_links":{"self":[{"href":"https:\/\/nigroequipamentos.com.br\/conteudo\/wp-json\/wp\/v2\/pages\/25436","targetHints":{"allow":["GET"]}}],"collection":[{"href":"https:\/\/nigroequipamentos.com.br\/conteudo\/wp-json\/wp\/v2\/pages"}],"about":[{"href":"https:\/\/nigroequipamentos.com.br\/conteudo\/wp-json\/wp\/v2\/types\/page"}],"author":[{"embeddable":true,"href":"https:\/\/nigroequipamentos.com.br\/conteudo\/wp-json\/wp\/v2\/users\/3"}],"replies":[{"embeddable":true,"href":"https:\/\/nigroequipamentos.com.br\/conteudo\/wp-json\/wp\/v2\/comments?post=25436"}],"version-history":[{"count":0,"href":"https:\/\/nigroequipamentos.com.br\/conteudo\/wp-json\/wp\/v2\/pages\/25436\/revisions"}],"wp:attachment":[{"href":"https:\/\/nigroequipamentos.com.br\/conteudo\/wp-json\/wp\/v2\/media?parent=25436"}],"curies":[{"name":"wp","href":"https:\/\/api.w.org\/{rel}","templated":true}]}}