{"id":24420,"date":"2025-05-09T00:45:37","date_gmt":"2025-05-09T03:45:37","guid":{"rendered":"https:\/\/nigroequipamentos.com.br\/conteudo\/empilhadeira-paletrans-construcao-eficiencia-e-qualidade\/"},"modified":"2025-05-09T00:45:37","modified_gmt":"2025-05-09T03:45:37","slug":"empilhadeira-paletrans-construcao-eficiencia-e-qualidade","status":"publish","type":"page","link":"https:\/\/nigroequipamentos.com.br\/conteudo\/empilhadeira-paletrans-construcao-eficiencia-e-qualidade\/","title":{"rendered":"Empilhadeira Paletrans Constru\u00e7\u00e3o: Efici\u00eancia e Qualidade"},"content":{"rendered":"<p>Se voc\u00ea est\u00e1 em busca de uma solu\u00e7\u00e3o eficaz e confi\u00e1vel para o transporte de materiais na constru\u00e7\u00e3o civil, a empilhadeira Paletrans \u00e9 a escolha ideal. Este equipamento oferece versatilidade e robustez, permitindo o manuseio seguro de paletes e cargas pesadas. A Nigro Equipamentos se destaca na venda, manuten\u00e7\u00e3o e loca\u00e7\u00e3o de empilhadeiras Paletrans, comprometendo-se com a qualidade e o desempenho que sua obra merece. Conhe\u00e7a as vantagens de utilizar uma empilhadeira Paletrans e como ela pode elevar a efici\u00eancia de sua equipe nos servi\u00e7os de constru\u00e7\u00e3o.<\/p>\n","protected":false},"excerpt":{"rendered":"<p>Se voc\u00ea est\u00e1 em busca de uma solu\u00e7\u00e3o eficaz e confi\u00e1vel para o transporte de materiais na constru\u00e7\u00e3o civil, a empilhadeira Paletrans \u00e9 a escolha ideal. Este equipamento oferece versatilidade e robustez, permitindo o manuseio seguro de paletes e cargas pesadas. A Nigro Equipamentos se destaca na venda, manuten\u00e7\u00e3o e loca\u00e7\u00e3o de empilhadeiras Paletrans, comprometendo-se&hellip;&nbsp;<a href=\"https:\/\/nigroequipamentos.com.br\/conteudo\/empilhadeira-paletrans-construcao-eficiencia-e-qualidade\/\" class=\"\" rel=\"bookmark\">Continue a ler &raquo;<span class=\"screen-reader-text\">Empilhadeira Paletrans Constru\u00e7\u00e3o: Efici\u00eancia e Qualidade<\/span><\/a><\/p>\n","protected":false},"author":3,"featured_media":0,"parent":0,"menu_order":0,"comment_status":"closed","ping_status":"closed","template":"","meta":{"_acf_changed":false,"_yoast_wpseo_focuskw":"Empilhadeira Paletrans constru\u00e7\u00e3o","_yoast_wpseo_title":"Empilhadeira Paletrans na Constru\u00e7\u00e3o Civil: Efici\u00eancia e Qualidade com a Nigro","_yoast_wpseo_metadesc":"Descubra as vantagens e a efici\u00eancia das empilhadeiras Paletrans na constru\u00e7\u00e3o. A Nigro Equipamentos oferece as melhores op\u00e7\u00f5es para compra, manuten\u00e7\u00e3o e loca\u00e7\u00e3o.","neve_meta_sidebar":"","neve_meta_container":"","neve_meta_enable_content_width":"","neve_meta_content_width":0,"neve_meta_title_alignment":"","neve_meta_author_avatar":"","neve_post_elements_order":"","neve_meta_disable_header":"","neve_meta_disable_footer":"","neve_meta_disable_title":"","footnotes":""},"class_list":["post-24420","page","type-page","status-publish","hentry"],"acf":{"bloco1title":"Qualidade Garantida","bloco1text":"As empilhadeiras Paletrans da Nigro s\u00e3o reconhecidas pela sua durabilidade e performance superior, garantindo opera\u00e7\u00f5es seguras.","bloco2title":"Servi\u00e7o Personalizado","bloco2text":"Oferecemos solu\u00e7\u00f5es espec\u00edficas para atender \u00e0s necessidades do seu neg\u00f3cio com empilhadeiras Paletrans.","bloco3title":"Insight sobre Carga","bloco3text":"O uso de empilhadeiras Paletrans na constru\u00e7\u00e3o civil pode aumentar a produtividade em at\u00e9 30%, reduzindo o tempo de manuseio.","posttitle":"Conhe\u00e7a a Versatilidade da Empilhadeira Paletrans na Constru\u00e7\u00e3o Civil","postcontent":"<strong>A Import\u00e2ncia da Empilhadeira Paletrans<\/strong> na constru\u00e7\u00e3o civil n\u00e3o pode ser subestimada. Essas m\u00e1quinas s\u00e3o projetadas para oferecer m\u00e1xima efici\u00eancia no transporte de materiais pesados e paletes. A empilhadeira Paletrans \u00e9 ideal tanto para canteiros de obras variados quanto para armaz\u00e9ns, dispondo de tecnologia de ponta para facilitar o manuseio de cargas.<br><br>Al\u00e9m de sua robustez, a empilhadeira Paletrans possui um design funcional que se adapta aos diferentes espa\u00e7os de trabalho, reduzindo consideravelmente o risco de acidentes. A Nigro Equipamentos oferece n\u00e3o apenas a compra de empilhadeiras Paletrans, mas tamb\u00e9m servi\u00e7os de manuten\u00e7\u00e3o e loca\u00e7\u00e3o, garantindo que sua opera\u00e7\u00e3o nunca seja interrompida.<br><br><strong>Benef\u00edcios da Empilhadeira Paletrans<\/strong> incluem maior agilidade nos processos de log\u00edstica, redu\u00e7\u00e3o de custos operacionais e a possibilidade de manusear cargas de forma mais segura, aumentando a produtividade da sua equipe.<br><br>No cen\u00e1rio competitivo atual, investir em uma empilhadeira Paletrans \u00e9 fundamental para manter a efici\u00eancia na execu\u00e7\u00e3o de projetos de constru\u00e7\u00e3o. Voc\u00ea pode contar com o suporte cont\u00ednuo da Nigro, que possui uma equipe altamente especializada pronta para atender suas necessidades em todas as etapas do uso da empilhadeira Paletrans.<br><br>Ao optar pela Nigro, voc\u00ea faz uma escolha assertiva para a compra, manuten\u00e7\u00e3o e loca\u00e7\u00e3o, assegurando o desempenho ideal da sua empilhadeira Paletrans em diversas aplica\u00e7\u00f5es.","insightwidtitle":"Curiosidades sobre Empilhadeiras","insightwidcontent":"Voc\u00ea sabia que empilhadeiras, como as Paletrans, foram criadas na d\u00e9cada de 1920? Desde ent\u00e3o, essas m\u00e1quinas evolu\u00edram significativamente, tornando-se essenciais na constru\u00e7\u00e3o e na ind\u00fastria. A versatilidade das empilhadeiras Paletrans permite que elas sejam utilizadas em diferentes ambientes e para variados tipos de carga, tornando-as uma escolha popular entre os profissionais da constru\u00e7\u00e3o."},"yoast_head":"<!-- This site is optimized with the Yoast SEO Premium plugin v18.3 (Yoast SEO v23.4) - https:\/\/yoast.com\/wordpress\/plugins\/seo\/ -->\n<title>Empilhadeira Paletrans na Constru\u00e7\u00e3o Civil: Efici\u00eancia e Qualidade com a Nigro<\/title>\n<meta name=\"description\" content=\"Descubra as vantagens e a efici\u00eancia das empilhadeiras Paletrans na constru\u00e7\u00e3o. A Nigro Equipamentos oferece as melhores op\u00e7\u00f5es para compra, manuten\u00e7\u00e3o e loca\u00e7\u00e3o.\" \/>\n<meta name=\"robots\" content=\"index, follow, max-snippet:-1, max-image-preview:large, max-video-preview:-1\" \/>\n<link rel=\"canonical\" href=\"https:\/\/nigroequipamentos.com.br\/conteudo\/empilhadeira-paletrans-construcao-eficiencia-e-qualidade\/\" \/>\n<meta property=\"og:locale\" content=\"pt_BR\" \/>\n<meta property=\"og:type\" content=\"article\" \/>\n<meta property=\"og:title\" content=\"Empilhadeira Paletrans Constru\u00e7\u00e3o: Efici\u00eancia e Qualidade\" \/>\n<meta property=\"og:description\" content=\"Descubra as vantagens e a efici\u00eancia das empilhadeiras Paletrans na constru\u00e7\u00e3o. A Nigro Equipamentos oferece as melhores op\u00e7\u00f5es para compra, manuten\u00e7\u00e3o e loca\u00e7\u00e3o.\" \/>\n<meta property=\"og:url\" content=\"https:\/\/nigroequipamentos.com.br\/conteudo\/empilhadeira-paletrans-construcao-eficiencia-e-qualidade\/\" \/>\n<meta property=\"og:site_name\" content=\"Nigro Equipamentos\" \/>\n<meta property=\"article:publisher\" content=\"https:\/\/www.facebook.com\/nigroequipamentos\" \/>\n<meta name=\"twitter:card\" content=\"summary_large_image\" \/>\n<script type=\"application\/ld+json\" class=\"yoast-schema-graph\">{\"@context\":\"https:\/\/schema.org\",\"@graph\":[{\"@type\":\"WebPage\",\"@id\":\"https:\/\/nigroequipamentos.com.br\/conteudo\/empilhadeira-paletrans-construcao-eficiencia-e-qualidade\/\",\"url\":\"https:\/\/nigroequipamentos.com.br\/conteudo\/empilhadeira-paletrans-construcao-eficiencia-e-qualidade\/\",\"name\":\"Empilhadeira Paletrans na Constru\u00e7\u00e3o Civil: Efici\u00eancia e Qualidade com a Nigro\",\"isPartOf\":{\"@id\":\"https:\/\/nigroequipamentos.com.br\/conteudo\/#website\"},\"datePublished\":\"2025-05-09T03:45:37+00:00\",\"dateModified\":\"2025-05-09T03:45:37+00:00\",\"description\":\"Descubra as vantagens e a efici\u00eancia das empilhadeiras Paletrans na constru\u00e7\u00e3o. A Nigro Equipamentos oferece as melhores op\u00e7\u00f5es para compra, manuten\u00e7\u00e3o e loca\u00e7\u00e3o.\",\"breadcrumb\":{\"@id\":\"https:\/\/nigroequipamentos.com.br\/conteudo\/empilhadeira-paletrans-construcao-eficiencia-e-qualidade\/#breadcrumb\"},\"inLanguage\":\"pt-BR\",\"potentialAction\":[{\"@type\":\"ReadAction\",\"target\":[\"https:\/\/nigroequipamentos.com.br\/conteudo\/empilhadeira-paletrans-construcao-eficiencia-e-qualidade\/\"]}]},{\"@type\":\"BreadcrumbList\",\"@id\":\"https:\/\/nigroequipamentos.com.br\/conteudo\/empilhadeira-paletrans-construcao-eficiencia-e-qualidade\/#breadcrumb\",\"itemListElement\":[{\"@type\":\"ListItem\",\"position\":1,\"name\":\"In\u00edcio\",\"item\":\"https:\/\/nigroequipamentos.com.br\/conteudo\/\"},{\"@type\":\"ListItem\",\"position\":2,\"name\":\"Empilhadeira Paletrans Constru\u00e7\u00e3o: Efici\u00eancia e Qualidade\"}]},{\"@type\":\"WebSite\",\"@id\":\"https:\/\/nigroequipamentos.com.br\/conteudo\/#website\",\"url\":\"https:\/\/nigroequipamentos.com.br\/conteudo\/\",\"name\":\"Nigro Equipamentos\",\"description\":\"Loca\u00e7\u00e3o e Vendas\",\"publisher\":{\"@id\":\"https:\/\/nigroequipamentos.com.br\/conteudo\/#organization\"},\"potentialAction\":[{\"@type\":\"SearchAction\",\"target\":{\"@type\":\"EntryPoint\",\"urlTemplate\":\"https:\/\/nigroequipamentos.com.br\/conteudo\/?s={search_term_string}\"},\"query-input\":{\"@type\":\"PropertyValueSpecification\",\"valueRequired\":true,\"valueName\":\"search_term_string\"}}],\"inLanguage\":\"pt-BR\"},{\"@type\":\"Organization\",\"@id\":\"https:\/\/nigroequipamentos.com.br\/conteudo\/#organization\",\"name\":\"Nigro Equipamentos\",\"url\":\"https:\/\/nigroequipamentos.com.br\/conteudo\/\",\"logo\":{\"@type\":\"ImageObject\",\"inLanguage\":\"pt-BR\",\"@id\":\"https:\/\/nigroequipamentos.com.br\/conteudo\/#\/schema\/logo\/image\/\",\"url\":\"https:\/\/nigroequipamentos.com.br\/conteudo\/wp-content\/uploads\/2024\/10\/nigroequipamentos_logo.webp\",\"contentUrl\":\"https:\/\/nigroequipamentos.com.br\/conteudo\/wp-content\/uploads\/2024\/10\/nigroequipamentos_logo.webp\",\"width\":785,\"height\":355,\"caption\":\"Nigro Equipamentos\"},\"image\":{\"@id\":\"https:\/\/nigroequipamentos.com.br\/conteudo\/#\/schema\/logo\/image\/\"},\"sameAs\":[\"https:\/\/www.facebook.com\/nigroequipamentos\",\"https:\/\/www.instagram.com\/nigroequipamentos\/\"]}]}<\/script>\n<!-- \/ Yoast SEO Premium plugin. -->","yoast_head_json":{"title":"Empilhadeira Paletrans na Constru\u00e7\u00e3o Civil: Efici\u00eancia e Qualidade com a Nigro","description":"Descubra as vantagens e a efici\u00eancia das empilhadeiras Paletrans na constru\u00e7\u00e3o. A Nigro Equipamentos oferece as melhores op\u00e7\u00f5es para compra, manuten\u00e7\u00e3o e loca\u00e7\u00e3o.","robots":{"index":"index","follow":"follow","max-snippet":"max-snippet:-1","max-image-preview":"max-image-preview:large","max-video-preview":"max-video-preview:-1"},"canonical":"https:\/\/nigroequipamentos.com.br\/conteudo\/empilhadeira-paletrans-construcao-eficiencia-e-qualidade\/","og_locale":"pt_BR","og_type":"article","og_title":"Empilhadeira Paletrans Constru\u00e7\u00e3o: Efici\u00eancia e Qualidade","og_description":"Descubra as vantagens e a efici\u00eancia das empilhadeiras Paletrans na constru\u00e7\u00e3o. A Nigro Equipamentos oferece as melhores op\u00e7\u00f5es para compra, manuten\u00e7\u00e3o e loca\u00e7\u00e3o.","og_url":"https:\/\/nigroequipamentos.com.br\/conteudo\/empilhadeira-paletrans-construcao-eficiencia-e-qualidade\/","og_site_name":"Nigro Equipamentos","article_publisher":"https:\/\/www.facebook.com\/nigroequipamentos","twitter_card":"summary_large_image","schema":{"@context":"https:\/\/schema.org","@graph":[{"@type":"WebPage","@id":"https:\/\/nigroequipamentos.com.br\/conteudo\/empilhadeira-paletrans-construcao-eficiencia-e-qualidade\/","url":"https:\/\/nigroequipamentos.com.br\/conteudo\/empilhadeira-paletrans-construcao-eficiencia-e-qualidade\/","name":"Empilhadeira Paletrans na Constru\u00e7\u00e3o Civil: Efici\u00eancia e Qualidade com a Nigro","isPartOf":{"@id":"https:\/\/nigroequipamentos.com.br\/conteudo\/#website"},"datePublished":"2025-05-09T03:45:37+00:00","dateModified":"2025-05-09T03:45:37+00:00","description":"Descubra as vantagens e a efici\u00eancia das empilhadeiras Paletrans na constru\u00e7\u00e3o. A Nigro Equipamentos oferece as melhores op\u00e7\u00f5es para compra, manuten\u00e7\u00e3o e loca\u00e7\u00e3o.","breadcrumb":{"@id":"https:\/\/nigroequipamentos.com.br\/conteudo\/empilhadeira-paletrans-construcao-eficiencia-e-qualidade\/#breadcrumb"},"inLanguage":"pt-BR","potentialAction":[{"@type":"ReadAction","target":["https:\/\/nigroequipamentos.com.br\/conteudo\/empilhadeira-paletrans-construcao-eficiencia-e-qualidade\/"]}]},{"@type":"BreadcrumbList","@id":"https:\/\/nigroequipamentos.com.br\/conteudo\/empilhadeira-paletrans-construcao-eficiencia-e-qualidade\/#breadcrumb","itemListElement":[{"@type":"ListItem","position":1,"name":"In\u00edcio","item":"https:\/\/nigroequipamentos.com.br\/conteudo\/"},{"@type":"ListItem","position":2,"name":"Empilhadeira Paletrans Constru\u00e7\u00e3o: Efici\u00eancia e Qualidade"}]},{"@type":"WebSite","@id":"https:\/\/nigroequipamentos.com.br\/conteudo\/#website","url":"https:\/\/nigroequipamentos.com.br\/conteudo\/","name":"Nigro Equipamentos","description":"Loca\u00e7\u00e3o e Vendas","publisher":{"@id":"https:\/\/nigroequipamentos.com.br\/conteudo\/#organization"},"potentialAction":[{"@type":"SearchAction","target":{"@type":"EntryPoint","urlTemplate":"https:\/\/nigroequipamentos.com.br\/conteudo\/?s={search_term_string}"},"query-input":{"@type":"PropertyValueSpecification","valueRequired":true,"valueName":"search_term_string"}}],"inLanguage":"pt-BR"},{"@type":"Organization","@id":"https:\/\/nigroequipamentos.com.br\/conteudo\/#organization","name":"Nigro Equipamentos","url":"https:\/\/nigroequipamentos.com.br\/conteudo\/","logo":{"@type":"ImageObject","inLanguage":"pt-BR","@id":"https:\/\/nigroequipamentos.com.br\/conteudo\/#\/schema\/logo\/image\/","url":"https:\/\/nigroequipamentos.com.br\/conteudo\/wp-content\/uploads\/2024\/10\/nigroequipamentos_logo.webp","contentUrl":"https:\/\/nigroequipamentos.com.br\/conteudo\/wp-content\/uploads\/2024\/10\/nigroequipamentos_logo.webp","width":785,"height":355,"caption":"Nigro Equipamentos"},"image":{"@id":"https:\/\/nigroequipamentos.com.br\/conteudo\/#\/schema\/logo\/image\/"},"sameAs":["https:\/\/www.facebook.com\/nigroequipamentos","https:\/\/www.instagram.com\/nigroequipamentos\/"]}]}},"_links":{"self":[{"href":"https:\/\/nigroequipamentos.com.br\/conteudo\/wp-json\/wp\/v2\/pages\/24420","targetHints":{"allow":["GET"]}}],"collection":[{"href":"https:\/\/nigroequipamentos.com.br\/conteudo\/wp-json\/wp\/v2\/pages"}],"about":[{"href":"https:\/\/nigroequipamentos.com.br\/conteudo\/wp-json\/wp\/v2\/types\/page"}],"author":[{"embeddable":true,"href":"https:\/\/nigroequipamentos.com.br\/conteudo\/wp-json\/wp\/v2\/users\/3"}],"replies":[{"embeddable":true,"href":"https:\/\/nigroequipamentos.com.br\/conteudo\/wp-json\/wp\/v2\/comments?post=24420"}],"version-history":[{"count":0,"href":"https:\/\/nigroequipamentos.com.br\/conteudo\/wp-json\/wp\/v2\/pages\/24420\/revisions"}],"wp:attachment":[{"href":"https:\/\/nigroequipamentos.com.br\/conteudo\/wp-json\/wp\/v2\/media?parent=24420"}],"curies":[{"name":"wp","href":"https:\/\/api.w.org\/{rel}","templated":true}]}}