{"id":23314,"date":"2025-04-30T18:00:36","date_gmt":"2025-04-30T21:00:36","guid":{"rendered":"https:\/\/nigroequipamentos.com.br\/conteudo\/empilhadeira-paletrans-a-economia-que-voce-busca\/"},"modified":"2025-04-30T18:00:36","modified_gmt":"2025-04-30T21:00:36","slug":"empilhadeira-paletrans-a-economia-que-voce-busca","status":"publish","type":"page","link":"https:\/\/nigroequipamentos.com.br\/conteudo\/empilhadeira-paletrans-a-economia-que-voce-busca\/","title":{"rendered":"Empilhadeira Paletrans: A Economia que Voc\u00ea Busca"},"content":{"rendered":"<p>A empilhadeira Paletrans \u00e9 sin\u00f4nimo de economia e efici\u00eancia no seu processo log\u00edstico. Com a Paletrans, as opera\u00e7\u00f5es de movimenta\u00e7\u00e3o de cargas tornam-se mais \u00e1geis e seguras, permitindo \u00e0s empresas reduzir custos e aumentar a produtividade. Quando se trata de economia, a empilhadeira Paletrans se destaca pela durabilidade, manuten\u00e7\u00e3o acess\u00edvel e baixo consumo de energia. A Nigro Equipamentos \u00e9 a sua melhor op\u00e7\u00e3o para adquirir, manter ou locar uma empilhadeira Paletrans, garantindo n\u00e3o apenas a melhor compra, mas tamb\u00e9m um suporte t\u00e9cnico especializado que valoriza o seu investimento.<\/p>\n","protected":false},"excerpt":{"rendered":"<p>A empilhadeira Paletrans \u00e9 sin\u00f4nimo de economia e efici\u00eancia no seu processo log\u00edstico. Com a Paletrans, as opera\u00e7\u00f5es de movimenta\u00e7\u00e3o de cargas tornam-se mais \u00e1geis e seguras, permitindo \u00e0s empresas reduzir custos e aumentar a produtividade. Quando se trata de economia, a empilhadeira Paletrans se destaca pela durabilidade, manuten\u00e7\u00e3o acess\u00edvel e baixo consumo de energia.&hellip;&nbsp;<a href=\"https:\/\/nigroequipamentos.com.br\/conteudo\/empilhadeira-paletrans-a-economia-que-voce-busca\/\" class=\"\" rel=\"bookmark\">Continue a ler &raquo;<span class=\"screen-reader-text\">Empilhadeira Paletrans: A Economia que Voc\u00ea Busca<\/span><\/a><\/p>\n","protected":false},"author":3,"featured_media":0,"parent":0,"menu_order":0,"comment_status":"closed","ping_status":"closed","template":"","meta":{"_acf_changed":false,"_yoast_wpseo_focuskw":"empilhadeira Paletrans economia","_yoast_wpseo_title":"Empilhadeira Paletrans: A Melhor Economia para Sua Ind\u00fastria","_yoast_wpseo_metadesc":"Descubra como a empilhadeira Paletrans pode gerar economia e efici\u00eancia nas opera\u00e7\u00f5es log\u00edsticas da sua empresa.","neve_meta_sidebar":"","neve_meta_container":"","neve_meta_enable_content_width":"","neve_meta_content_width":0,"neve_meta_title_alignment":"","neve_meta_author_avatar":"","neve_post_elements_order":"","neve_meta_disable_header":"","neve_meta_disable_footer":"","neve_meta_disable_title":"","footnotes":""},"class_list":["post-23314","page","type-page","status-publish","hentry"],"acf":{"bloco1title":"Qualidade Garantida","bloco1text":"As empilhadeiras Paletrans fornecidas pela Nigro Equipamentos s\u00e3o testadas e aprovadas, oferecendo durabilidade e economia ao longo do tempo.","bloco2title":"Suporte Especializado","bloco2text":"Na Nigro Equipamentos, voc\u00ea conta com uma equipe t\u00e9cnica capacitada para manuten\u00e7\u00e3o e loca\u00e7\u00e3o de empilhadeiras Paletrans.","bloco3title":"Economia Eficiente","bloco3text":"Investir em uma empilhadeira Paletrans \u00e9 garantir um aumento na efici\u00eancia operacional, reduzindo custos e impulsionando lucros no longo prazo.","posttitle":"Como a Empilhadeira Paletrans Pode Aumentar sua Economia","postcontent":"<strong>O que \u00e9 a Empilhadeira Paletrans?<\/strong> A empilhadeira Paletrans \u00e9 uma solu\u00e7\u00e3o eficaz para empresas que buscam movimentar cargas com agilidade e seguran\u00e7a. O desempenho e a efici\u00eancia deste equipamento trazem um impacto significativo na economia operacional das ind\u00fastrias. <br><br><strong>Por que escolher a Paletrans?<\/strong> Afinal, a empilhadeira Paletrans n\u00e3o s\u00f3 ajuda a economizar espa\u00e7o com suas dimens\u00f5es ideais, mas tamb\u00e9m reduz o tempo de opera\u00e7\u00e3o. Isso porque, a velocidade de manobra e a capacidade de carga tornam este modelo seu aliado no dia a dia. <br><br><strong>Manuten\u00e7\u00e3o como Aliada da Economia<\/strong> Al\u00e9m disso, a manuten\u00e7\u00e3o regular garantida pela Nigro Equipamentos assegura que a empilhadeira Paletrans esteja sempre em \u00f3timo estado, prevenindo altos custos com consertos inesperados. <br><br><strong>Loca\u00e7\u00e3o que Gera Benef\u00edcios<\/strong> Se voc\u00ea n\u00e3o est\u00e1 pronto para comprar, a loca\u00e7\u00e3o de uma empilhadeira Paletrans com a Nigro tamb\u00e9m \u00e9 uma excelente alternativa, oferecendo flexibilidade e economia sem comprometer a qualidade. <br><br> Portanto, ao escolher a Nigro Equipamentos para a sua empilhadeira Paletrans, voc\u00ea est\u00e1 n\u00e3o somente optando por um produto de alta qualidade, mas tamb\u00e9m por um investimento seguro e rent\u00e1vel.","insightwidtitle":"Curiosidades sobre Paletrans","insightwidcontent":"Voc\u00ea sabia que a empilhadeira Paletrans \u00e9 uma das preferidas entre as grandes ind\u00fastrias por proporcionar alta efici\u00eancia na movimenta\u00e7\u00e3o de cargas? Seus modelos otimizados garantem menos espa\u00e7o ocupado e maior produtividade. Escolher a Paletrans significa investir numa solu\u00e7\u00e3o que se paga rapidamente pela economia gerada em opera\u00e7\u00f5es log\u00edsticas."},"yoast_head":"<!-- This site is optimized with the Yoast SEO Premium plugin v18.3 (Yoast SEO v23.4) - https:\/\/yoast.com\/wordpress\/plugins\/seo\/ -->\n<title>Empilhadeira Paletrans: A Melhor Economia para Sua Ind\u00fastria<\/title>\n<meta name=\"description\" content=\"Descubra como a empilhadeira Paletrans pode gerar economia e efici\u00eancia nas opera\u00e7\u00f5es log\u00edsticas da sua empresa.\" \/>\n<meta name=\"robots\" content=\"index, follow, max-snippet:-1, max-image-preview:large, max-video-preview:-1\" \/>\n<link rel=\"canonical\" href=\"https:\/\/nigroequipamentos.com.br\/conteudo\/empilhadeira-paletrans-a-economia-que-voce-busca\/\" \/>\n<meta property=\"og:locale\" content=\"pt_BR\" \/>\n<meta property=\"og:type\" content=\"article\" \/>\n<meta property=\"og:title\" content=\"Empilhadeira Paletrans: A Economia que Voc\u00ea Busca\" \/>\n<meta property=\"og:description\" content=\"Descubra como a empilhadeira Paletrans pode gerar economia e efici\u00eancia nas opera\u00e7\u00f5es log\u00edsticas da sua empresa.\" \/>\n<meta property=\"og:url\" content=\"https:\/\/nigroequipamentos.com.br\/conteudo\/empilhadeira-paletrans-a-economia-que-voce-busca\/\" \/>\n<meta property=\"og:site_name\" content=\"Nigro Equipamentos\" \/>\n<meta property=\"article:publisher\" content=\"https:\/\/www.facebook.com\/nigroequipamentos\" \/>\n<meta name=\"twitter:card\" content=\"summary_large_image\" \/>\n<script type=\"application\/ld+json\" class=\"yoast-schema-graph\">{\"@context\":\"https:\/\/schema.org\",\"@graph\":[{\"@type\":\"WebPage\",\"@id\":\"https:\/\/nigroequipamentos.com.br\/conteudo\/empilhadeira-paletrans-a-economia-que-voce-busca\/\",\"url\":\"https:\/\/nigroequipamentos.com.br\/conteudo\/empilhadeira-paletrans-a-economia-que-voce-busca\/\",\"name\":\"Empilhadeira Paletrans: A Melhor Economia para Sua Ind\u00fastria\",\"isPartOf\":{\"@id\":\"https:\/\/nigroequipamentos.com.br\/conteudo\/#website\"},\"datePublished\":\"2025-04-30T21:00:36+00:00\",\"dateModified\":\"2025-04-30T21:00:36+00:00\",\"description\":\"Descubra como a empilhadeira Paletrans pode gerar economia e efici\u00eancia nas opera\u00e7\u00f5es log\u00edsticas da sua empresa.\",\"breadcrumb\":{\"@id\":\"https:\/\/nigroequipamentos.com.br\/conteudo\/empilhadeira-paletrans-a-economia-que-voce-busca\/#breadcrumb\"},\"inLanguage\":\"pt-BR\",\"potentialAction\":[{\"@type\":\"ReadAction\",\"target\":[\"https:\/\/nigroequipamentos.com.br\/conteudo\/empilhadeira-paletrans-a-economia-que-voce-busca\/\"]}]},{\"@type\":\"BreadcrumbList\",\"@id\":\"https:\/\/nigroequipamentos.com.br\/conteudo\/empilhadeira-paletrans-a-economia-que-voce-busca\/#breadcrumb\",\"itemListElement\":[{\"@type\":\"ListItem\",\"position\":1,\"name\":\"In\u00edcio\",\"item\":\"https:\/\/nigroequipamentos.com.br\/conteudo\/\"},{\"@type\":\"ListItem\",\"position\":2,\"name\":\"Empilhadeira Paletrans: A Economia que Voc\u00ea Busca\"}]},{\"@type\":\"WebSite\",\"@id\":\"https:\/\/nigroequipamentos.com.br\/conteudo\/#website\",\"url\":\"https:\/\/nigroequipamentos.com.br\/conteudo\/\",\"name\":\"Nigro Equipamentos\",\"description\":\"Loca\u00e7\u00e3o e Vendas\",\"publisher\":{\"@id\":\"https:\/\/nigroequipamentos.com.br\/conteudo\/#organization\"},\"potentialAction\":[{\"@type\":\"SearchAction\",\"target\":{\"@type\":\"EntryPoint\",\"urlTemplate\":\"https:\/\/nigroequipamentos.com.br\/conteudo\/?s={search_term_string}\"},\"query-input\":{\"@type\":\"PropertyValueSpecification\",\"valueRequired\":true,\"valueName\":\"search_term_string\"}}],\"inLanguage\":\"pt-BR\"},{\"@type\":\"Organization\",\"@id\":\"https:\/\/nigroequipamentos.com.br\/conteudo\/#organization\",\"name\":\"Nigro Equipamentos\",\"url\":\"https:\/\/nigroequipamentos.com.br\/conteudo\/\",\"logo\":{\"@type\":\"ImageObject\",\"inLanguage\":\"pt-BR\",\"@id\":\"https:\/\/nigroequipamentos.com.br\/conteudo\/#\/schema\/logo\/image\/\",\"url\":\"https:\/\/nigroequipamentos.com.br\/conteudo\/wp-content\/uploads\/2024\/10\/nigroequipamentos_logo.webp\",\"contentUrl\":\"https:\/\/nigroequipamentos.com.br\/conteudo\/wp-content\/uploads\/2024\/10\/nigroequipamentos_logo.webp\",\"width\":785,\"height\":355,\"caption\":\"Nigro Equipamentos\"},\"image\":{\"@id\":\"https:\/\/nigroequipamentos.com.br\/conteudo\/#\/schema\/logo\/image\/\"},\"sameAs\":[\"https:\/\/www.facebook.com\/nigroequipamentos\",\"https:\/\/www.instagram.com\/nigroequipamentos\/\"]}]}<\/script>\n<!-- \/ Yoast SEO Premium plugin. -->","yoast_head_json":{"title":"Empilhadeira Paletrans: A Melhor Economia para Sua Ind\u00fastria","description":"Descubra como a empilhadeira Paletrans pode gerar economia e efici\u00eancia nas opera\u00e7\u00f5es log\u00edsticas da sua empresa.","robots":{"index":"index","follow":"follow","max-snippet":"max-snippet:-1","max-image-preview":"max-image-preview:large","max-video-preview":"max-video-preview:-1"},"canonical":"https:\/\/nigroequipamentos.com.br\/conteudo\/empilhadeira-paletrans-a-economia-que-voce-busca\/","og_locale":"pt_BR","og_type":"article","og_title":"Empilhadeira Paletrans: A Economia que Voc\u00ea Busca","og_description":"Descubra como a empilhadeira Paletrans pode gerar economia e efici\u00eancia nas opera\u00e7\u00f5es log\u00edsticas da sua empresa.","og_url":"https:\/\/nigroequipamentos.com.br\/conteudo\/empilhadeira-paletrans-a-economia-que-voce-busca\/","og_site_name":"Nigro Equipamentos","article_publisher":"https:\/\/www.facebook.com\/nigroequipamentos","twitter_card":"summary_large_image","schema":{"@context":"https:\/\/schema.org","@graph":[{"@type":"WebPage","@id":"https:\/\/nigroequipamentos.com.br\/conteudo\/empilhadeira-paletrans-a-economia-que-voce-busca\/","url":"https:\/\/nigroequipamentos.com.br\/conteudo\/empilhadeira-paletrans-a-economia-que-voce-busca\/","name":"Empilhadeira Paletrans: A Melhor Economia para Sua Ind\u00fastria","isPartOf":{"@id":"https:\/\/nigroequipamentos.com.br\/conteudo\/#website"},"datePublished":"2025-04-30T21:00:36+00:00","dateModified":"2025-04-30T21:00:36+00:00","description":"Descubra como a empilhadeira Paletrans pode gerar economia e efici\u00eancia nas opera\u00e7\u00f5es log\u00edsticas da sua empresa.","breadcrumb":{"@id":"https:\/\/nigroequipamentos.com.br\/conteudo\/empilhadeira-paletrans-a-economia-que-voce-busca\/#breadcrumb"},"inLanguage":"pt-BR","potentialAction":[{"@type":"ReadAction","target":["https:\/\/nigroequipamentos.com.br\/conteudo\/empilhadeira-paletrans-a-economia-que-voce-busca\/"]}]},{"@type":"BreadcrumbList","@id":"https:\/\/nigroequipamentos.com.br\/conteudo\/empilhadeira-paletrans-a-economia-que-voce-busca\/#breadcrumb","itemListElement":[{"@type":"ListItem","position":1,"name":"In\u00edcio","item":"https:\/\/nigroequipamentos.com.br\/conteudo\/"},{"@type":"ListItem","position":2,"name":"Empilhadeira Paletrans: A Economia que Voc\u00ea Busca"}]},{"@type":"WebSite","@id":"https:\/\/nigroequipamentos.com.br\/conteudo\/#website","url":"https:\/\/nigroequipamentos.com.br\/conteudo\/","name":"Nigro Equipamentos","description":"Loca\u00e7\u00e3o e Vendas","publisher":{"@id":"https:\/\/nigroequipamentos.com.br\/conteudo\/#organization"},"potentialAction":[{"@type":"SearchAction","target":{"@type":"EntryPoint","urlTemplate":"https:\/\/nigroequipamentos.com.br\/conteudo\/?s={search_term_string}"},"query-input":{"@type":"PropertyValueSpecification","valueRequired":true,"valueName":"search_term_string"}}],"inLanguage":"pt-BR"},{"@type":"Organization","@id":"https:\/\/nigroequipamentos.com.br\/conteudo\/#organization","name":"Nigro Equipamentos","url":"https:\/\/nigroequipamentos.com.br\/conteudo\/","logo":{"@type":"ImageObject","inLanguage":"pt-BR","@id":"https:\/\/nigroequipamentos.com.br\/conteudo\/#\/schema\/logo\/image\/","url":"https:\/\/nigroequipamentos.com.br\/conteudo\/wp-content\/uploads\/2024\/10\/nigroequipamentos_logo.webp","contentUrl":"https:\/\/nigroequipamentos.com.br\/conteudo\/wp-content\/uploads\/2024\/10\/nigroequipamentos_logo.webp","width":785,"height":355,"caption":"Nigro Equipamentos"},"image":{"@id":"https:\/\/nigroequipamentos.com.br\/conteudo\/#\/schema\/logo\/image\/"},"sameAs":["https:\/\/www.facebook.com\/nigroequipamentos","https:\/\/www.instagram.com\/nigroequipamentos\/"]}]}},"_links":{"self":[{"href":"https:\/\/nigroequipamentos.com.br\/conteudo\/wp-json\/wp\/v2\/pages\/23314","targetHints":{"allow":["GET"]}}],"collection":[{"href":"https:\/\/nigroequipamentos.com.br\/conteudo\/wp-json\/wp\/v2\/pages"}],"about":[{"href":"https:\/\/nigroequipamentos.com.br\/conteudo\/wp-json\/wp\/v2\/types\/page"}],"author":[{"embeddable":true,"href":"https:\/\/nigroequipamentos.com.br\/conteudo\/wp-json\/wp\/v2\/users\/3"}],"replies":[{"embeddable":true,"href":"https:\/\/nigroequipamentos.com.br\/conteudo\/wp-json\/wp\/v2\/comments?post=23314"}],"version-history":[{"count":0,"href":"https:\/\/nigroequipamentos.com.br\/conteudo\/wp-json\/wp\/v2\/pages\/23314\/revisions"}],"wp:attachment":[{"href":"https:\/\/nigroequipamentos.com.br\/conteudo\/wp-json\/wp\/v2\/media?parent=23314"}],"curies":[{"name":"wp","href":"https:\/\/api.w.org\/{rel}","templated":true}]}}