{"id":23024,"date":"2025-04-29T09:45:39","date_gmt":"2025-04-29T12:45:39","guid":{"rendered":"https:\/\/nigroequipamentos.com.br\/conteudo\/descubra-como-obter-o-melhor-orcamento-para-empilhadeira-paletrans\/"},"modified":"2025-04-29T09:45:39","modified_gmt":"2025-04-29T12:45:39","slug":"descubra-como-obter-o-melhor-orcamento-para-empilhadeira-paletrans","status":"publish","type":"page","link":"https:\/\/nigroequipamentos.com.br\/conteudo\/descubra-como-obter-o-melhor-orcamento-para-empilhadeira-paletrans\/","title":{"rendered":"Descubra como obter o melhor or\u00e7amento para Empilhadeira Paletrans"},"content":{"rendered":"<p>Quando se trata de empilhadeiras Paletrans, a Nigro Equipamentos se destaca como a melhor op\u00e7\u00e3o no mercado. Nossa experi\u00eancia e expertise garantem que voc\u00ea receba o or\u00e7amento ideal para suas necessidades. Oferecemos uma variedade de modelos de empilhadeiras Paletrans para atender qualquer opera\u00e7\u00e3o log\u00edstica. Com um or\u00e7amento acess\u00edvel e competitivo, sua empresa pode otimizar a armazenagem e transporte de cargas com as melhores m\u00e1quinas. O que nos torna a escolha certa? Nosso compromisso com a qualidade, a manuten\u00e7\u00e3o e o suporte cont\u00ednuo, al\u00e9m de op\u00e7\u00f5es de loca\u00e7\u00e3o flex\u00edveis para atender a diferentes demandas. Venha para a Nigro Equipamentos e descubra como um or\u00e7amento para empilhadeira Paletrans pode se transformar em uma grande economia para o seu neg\u00f3cio.<\/p>\n","protected":false},"excerpt":{"rendered":"<p>Quando se trata de empilhadeiras Paletrans, a Nigro Equipamentos se destaca como a melhor op\u00e7\u00e3o no mercado. Nossa experi\u00eancia e expertise garantem que voc\u00ea receba o or\u00e7amento ideal para suas necessidades. Oferecemos uma variedade de modelos de empilhadeiras Paletrans para atender qualquer opera\u00e7\u00e3o log\u00edstica. Com um or\u00e7amento acess\u00edvel e competitivo, sua empresa pode otimizar a&hellip;&nbsp;<a href=\"https:\/\/nigroequipamentos.com.br\/conteudo\/descubra-como-obter-o-melhor-orcamento-para-empilhadeira-paletrans\/\" class=\"\" rel=\"bookmark\">Continue a ler &raquo;<span class=\"screen-reader-text\">Descubra como obter o melhor or\u00e7amento para Empilhadeira Paletrans<\/span><\/a><\/p>\n","protected":false},"author":3,"featured_media":0,"parent":0,"menu_order":0,"comment_status":"closed","ping_status":"closed","template":"","meta":{"_acf_changed":false,"_yoast_wpseo_focuskw":"Empilhadeira Paletrans or\u00e7amento","_yoast_wpseo_title":"Or\u00e7amento de Empilhadeira Paletrans - Nigro Equipamentos","_yoast_wpseo_metadesc":"Solicite seu or\u00e7amento para Empilhadeira Paletrans e descubra as melhores op\u00e7\u00f5es com a Nigro Equipamentos.","neve_meta_sidebar":"","neve_meta_container":"","neve_meta_enable_content_width":"","neve_meta_content_width":0,"neve_meta_title_alignment":"","neve_meta_author_avatar":"","neve_post_elements_order":"","neve_meta_disable_header":"","neve_meta_disable_footer":"","neve_meta_disable_title":"","footnotes":""},"class_list":["post-23024","page","type-page","status-publish","hentry"],"acf":{"bloco1title":"Qualidade garantida","bloco1text":"As empilhadeiras Paletrans da Nigro equipam seu neg\u00f3cio com a mais alta qualidade e durabilidade garantindo \u00f3timo desempenho.","bloco2title":"Suporte t\u00e9cnico especial","bloco2text":"Nosso suporte t\u00e9cnico \u00e9 treinado para resolver rapidamente quaisquer problemas que voc\u00ea possa ter com sua empilhadeira Paletrans.","bloco3title":"Insights sobre loca\u00e7\u00e3o","bloco3text":"Investir em loca\u00e7\u00e3o de empilhadeiras Paletrans pode reduzir custos iniciais e oferecer flexibilidade para o crescimento do seu neg\u00f3cio com acesso a modelos novos.","posttitle":"Como a Nigro Equipamentos se destaca no or\u00e7amento para Empilhadeira Paletrans","postcontent":"<strong>Entenda tudo sobre o or\u00e7amento de empilhadeira Paletrans<\/strong> ao escolher a Nigro Equipamentos. Nossos or\u00e7amentos s\u00e3o elaborados de forma a atender as necessidades espec\u00edficas de cada cliente, levando em considera\u00e7\u00f5es todos os aspectos operacionais. A variedade de modelos dispon\u00edveis facilita a escolha de uma empilhadeira Paletrans que se encaixe no seu contexto, seja para compra, manuten\u00e7\u00e3o ou loca\u00e7\u00e3o. O nosso processo de or\u00e7amento \u00e9 \u00e1gil e transparente, permitindo que voc\u00ea visualize todos os custos envolvidos. Al\u00e9m disso, nossa equipe de especialistas est\u00e1 sempre \u00e0 disposi\u00e7\u00e3o para ajudar a analisar a melhor op\u00e7\u00e3o que se adeque ao seu perfil e necessidades. Nossos pre\u00e7os s\u00e3o imbat\u00edveis, e a qualidade das empilhadeiras Paletrans que oferecemos \u00e9 inquestion\u00e1vel. Vale ressaltar que, ao optar pelo Ser ocupado com a Nigro, voc\u00ea estar\u00e1 escolhendo uma empresa que valoriza a confian\u00e7a e a credibilidade no atendimento ao cliente. Nosso compromisso \u00e9 garantir a melhor experi\u00eancia no aquisi\u00e7\u00e3o de empilhadeiras Paletrans, propiciando a redu\u00e7\u00e3o de custos e a melhora na efici\u00eancia operacional da sua empresa.","insightwidtitle":"Curiosidades sobre Empilhadeiras","insightwidcontent":"Voc\u00ea sabia que as empilhadeiras Paletrans s\u00e3o projetadas para operar em diversos tipos de terrenos? Sua adaptabilidade e robustez permitem uso em armaz\u00e9ns, p\u00e1tios e at\u00e9 em \u00e1reas externas, tornando-se uma escolha vers\u00e1til para diferentes ind\u00fastrias. Al\u00e9m disso, o design das empilhadeiras Paletrans passou por inova\u00e7\u00f5es para garantir mais seguran\u00e7a e conforto ao operador, refletindo na produtividade da equipe."},"yoast_head":"<!-- This site is optimized with the Yoast SEO Premium plugin v18.3 (Yoast SEO v23.4) - https:\/\/yoast.com\/wordpress\/plugins\/seo\/ -->\n<title>Or\u00e7amento de Empilhadeira Paletrans - Nigro Equipamentos<\/title>\n<meta name=\"description\" content=\"Solicite seu or\u00e7amento para Empilhadeira Paletrans e descubra as melhores op\u00e7\u00f5es com a Nigro Equipamentos.\" \/>\n<meta name=\"robots\" content=\"index, follow, max-snippet:-1, max-image-preview:large, max-video-preview:-1\" \/>\n<link rel=\"canonical\" href=\"https:\/\/nigroequipamentos.com.br\/conteudo\/descubra-como-obter-o-melhor-orcamento-para-empilhadeira-paletrans\/\" \/>\n<meta property=\"og:locale\" content=\"pt_BR\" \/>\n<meta property=\"og:type\" content=\"article\" \/>\n<meta property=\"og:title\" content=\"Descubra como obter o melhor or\u00e7amento para Empilhadeira Paletrans\" \/>\n<meta property=\"og:description\" content=\"Solicite seu or\u00e7amento para Empilhadeira Paletrans e descubra as melhores op\u00e7\u00f5es com a Nigro Equipamentos.\" \/>\n<meta property=\"og:url\" content=\"https:\/\/nigroequipamentos.com.br\/conteudo\/descubra-como-obter-o-melhor-orcamento-para-empilhadeira-paletrans\/\" \/>\n<meta property=\"og:site_name\" content=\"Nigro Equipamentos\" \/>\n<meta property=\"article:publisher\" content=\"https:\/\/www.facebook.com\/nigroequipamentos\" \/>\n<meta name=\"twitter:card\" content=\"summary_large_image\" \/>\n<meta name=\"twitter:label1\" content=\"Est. tempo de leitura\" \/>\n\t<meta name=\"twitter:data1\" content=\"1 minuto\" \/>\n<script type=\"application\/ld+json\" class=\"yoast-schema-graph\">{\"@context\":\"https:\/\/schema.org\",\"@graph\":[{\"@type\":\"WebPage\",\"@id\":\"https:\/\/nigroequipamentos.com.br\/conteudo\/descubra-como-obter-o-melhor-orcamento-para-empilhadeira-paletrans\/\",\"url\":\"https:\/\/nigroequipamentos.com.br\/conteudo\/descubra-como-obter-o-melhor-orcamento-para-empilhadeira-paletrans\/\",\"name\":\"Or\u00e7amento de Empilhadeira Paletrans - Nigro Equipamentos\",\"isPartOf\":{\"@id\":\"https:\/\/nigroequipamentos.com.br\/conteudo\/#website\"},\"datePublished\":\"2025-04-29T12:45:39+00:00\",\"dateModified\":\"2025-04-29T12:45:39+00:00\",\"description\":\"Solicite seu or\u00e7amento para Empilhadeira Paletrans e descubra as melhores op\u00e7\u00f5es com a Nigro Equipamentos.\",\"breadcrumb\":{\"@id\":\"https:\/\/nigroequipamentos.com.br\/conteudo\/descubra-como-obter-o-melhor-orcamento-para-empilhadeira-paletrans\/#breadcrumb\"},\"inLanguage\":\"pt-BR\",\"potentialAction\":[{\"@type\":\"ReadAction\",\"target\":[\"https:\/\/nigroequipamentos.com.br\/conteudo\/descubra-como-obter-o-melhor-orcamento-para-empilhadeira-paletrans\/\"]}]},{\"@type\":\"BreadcrumbList\",\"@id\":\"https:\/\/nigroequipamentos.com.br\/conteudo\/descubra-como-obter-o-melhor-orcamento-para-empilhadeira-paletrans\/#breadcrumb\",\"itemListElement\":[{\"@type\":\"ListItem\",\"position\":1,\"name\":\"In\u00edcio\",\"item\":\"https:\/\/nigroequipamentos.com.br\/conteudo\/\"},{\"@type\":\"ListItem\",\"position\":2,\"name\":\"Descubra como obter o melhor or\u00e7amento para Empilhadeira Paletrans\"}]},{\"@type\":\"WebSite\",\"@id\":\"https:\/\/nigroequipamentos.com.br\/conteudo\/#website\",\"url\":\"https:\/\/nigroequipamentos.com.br\/conteudo\/\",\"name\":\"Nigro Equipamentos\",\"description\":\"Loca\u00e7\u00e3o e Vendas\",\"publisher\":{\"@id\":\"https:\/\/nigroequipamentos.com.br\/conteudo\/#organization\"},\"potentialAction\":[{\"@type\":\"SearchAction\",\"target\":{\"@type\":\"EntryPoint\",\"urlTemplate\":\"https:\/\/nigroequipamentos.com.br\/conteudo\/?s={search_term_string}\"},\"query-input\":{\"@type\":\"PropertyValueSpecification\",\"valueRequired\":true,\"valueName\":\"search_term_string\"}}],\"inLanguage\":\"pt-BR\"},{\"@type\":\"Organization\",\"@id\":\"https:\/\/nigroequipamentos.com.br\/conteudo\/#organization\",\"name\":\"Nigro Equipamentos\",\"url\":\"https:\/\/nigroequipamentos.com.br\/conteudo\/\",\"logo\":{\"@type\":\"ImageObject\",\"inLanguage\":\"pt-BR\",\"@id\":\"https:\/\/nigroequipamentos.com.br\/conteudo\/#\/schema\/logo\/image\/\",\"url\":\"https:\/\/nigroequipamentos.com.br\/conteudo\/wp-content\/uploads\/2024\/10\/nigroequipamentos_logo.webp\",\"contentUrl\":\"https:\/\/nigroequipamentos.com.br\/conteudo\/wp-content\/uploads\/2024\/10\/nigroequipamentos_logo.webp\",\"width\":785,\"height\":355,\"caption\":\"Nigro Equipamentos\"},\"image\":{\"@id\":\"https:\/\/nigroequipamentos.com.br\/conteudo\/#\/schema\/logo\/image\/\"},\"sameAs\":[\"https:\/\/www.facebook.com\/nigroequipamentos\",\"https:\/\/www.instagram.com\/nigroequipamentos\/\"]}]}<\/script>\n<!-- \/ Yoast SEO Premium plugin. -->","yoast_head_json":{"title":"Or\u00e7amento de Empilhadeira Paletrans - Nigro Equipamentos","description":"Solicite seu or\u00e7amento para Empilhadeira Paletrans e descubra as melhores op\u00e7\u00f5es com a Nigro Equipamentos.","robots":{"index":"index","follow":"follow","max-snippet":"max-snippet:-1","max-image-preview":"max-image-preview:large","max-video-preview":"max-video-preview:-1"},"canonical":"https:\/\/nigroequipamentos.com.br\/conteudo\/descubra-como-obter-o-melhor-orcamento-para-empilhadeira-paletrans\/","og_locale":"pt_BR","og_type":"article","og_title":"Descubra como obter o melhor or\u00e7amento para Empilhadeira Paletrans","og_description":"Solicite seu or\u00e7amento para Empilhadeira Paletrans e descubra as melhores op\u00e7\u00f5es com a Nigro Equipamentos.","og_url":"https:\/\/nigroequipamentos.com.br\/conteudo\/descubra-como-obter-o-melhor-orcamento-para-empilhadeira-paletrans\/","og_site_name":"Nigro Equipamentos","article_publisher":"https:\/\/www.facebook.com\/nigroequipamentos","twitter_card":"summary_large_image","twitter_misc":{"Est. tempo de leitura":"1 minuto"},"schema":{"@context":"https:\/\/schema.org","@graph":[{"@type":"WebPage","@id":"https:\/\/nigroequipamentos.com.br\/conteudo\/descubra-como-obter-o-melhor-orcamento-para-empilhadeira-paletrans\/","url":"https:\/\/nigroequipamentos.com.br\/conteudo\/descubra-como-obter-o-melhor-orcamento-para-empilhadeira-paletrans\/","name":"Or\u00e7amento de Empilhadeira Paletrans - Nigro Equipamentos","isPartOf":{"@id":"https:\/\/nigroequipamentos.com.br\/conteudo\/#website"},"datePublished":"2025-04-29T12:45:39+00:00","dateModified":"2025-04-29T12:45:39+00:00","description":"Solicite seu or\u00e7amento para Empilhadeira Paletrans e descubra as melhores op\u00e7\u00f5es com a Nigro Equipamentos.","breadcrumb":{"@id":"https:\/\/nigroequipamentos.com.br\/conteudo\/descubra-como-obter-o-melhor-orcamento-para-empilhadeira-paletrans\/#breadcrumb"},"inLanguage":"pt-BR","potentialAction":[{"@type":"ReadAction","target":["https:\/\/nigroequipamentos.com.br\/conteudo\/descubra-como-obter-o-melhor-orcamento-para-empilhadeira-paletrans\/"]}]},{"@type":"BreadcrumbList","@id":"https:\/\/nigroequipamentos.com.br\/conteudo\/descubra-como-obter-o-melhor-orcamento-para-empilhadeira-paletrans\/#breadcrumb","itemListElement":[{"@type":"ListItem","position":1,"name":"In\u00edcio","item":"https:\/\/nigroequipamentos.com.br\/conteudo\/"},{"@type":"ListItem","position":2,"name":"Descubra como obter o melhor or\u00e7amento para Empilhadeira Paletrans"}]},{"@type":"WebSite","@id":"https:\/\/nigroequipamentos.com.br\/conteudo\/#website","url":"https:\/\/nigroequipamentos.com.br\/conteudo\/","name":"Nigro Equipamentos","description":"Loca\u00e7\u00e3o e Vendas","publisher":{"@id":"https:\/\/nigroequipamentos.com.br\/conteudo\/#organization"},"potentialAction":[{"@type":"SearchAction","target":{"@type":"EntryPoint","urlTemplate":"https:\/\/nigroequipamentos.com.br\/conteudo\/?s={search_term_string}"},"query-input":{"@type":"PropertyValueSpecification","valueRequired":true,"valueName":"search_term_string"}}],"inLanguage":"pt-BR"},{"@type":"Organization","@id":"https:\/\/nigroequipamentos.com.br\/conteudo\/#organization","name":"Nigro Equipamentos","url":"https:\/\/nigroequipamentos.com.br\/conteudo\/","logo":{"@type":"ImageObject","inLanguage":"pt-BR","@id":"https:\/\/nigroequipamentos.com.br\/conteudo\/#\/schema\/logo\/image\/","url":"https:\/\/nigroequipamentos.com.br\/conteudo\/wp-content\/uploads\/2024\/10\/nigroequipamentos_logo.webp","contentUrl":"https:\/\/nigroequipamentos.com.br\/conteudo\/wp-content\/uploads\/2024\/10\/nigroequipamentos_logo.webp","width":785,"height":355,"caption":"Nigro Equipamentos"},"image":{"@id":"https:\/\/nigroequipamentos.com.br\/conteudo\/#\/schema\/logo\/image\/"},"sameAs":["https:\/\/www.facebook.com\/nigroequipamentos","https:\/\/www.instagram.com\/nigroequipamentos\/"]}]}},"_links":{"self":[{"href":"https:\/\/nigroequipamentos.com.br\/conteudo\/wp-json\/wp\/v2\/pages\/23024","targetHints":{"allow":["GET"]}}],"collection":[{"href":"https:\/\/nigroequipamentos.com.br\/conteudo\/wp-json\/wp\/v2\/pages"}],"about":[{"href":"https:\/\/nigroequipamentos.com.br\/conteudo\/wp-json\/wp\/v2\/types\/page"}],"author":[{"embeddable":true,"href":"https:\/\/nigroequipamentos.com.br\/conteudo\/wp-json\/wp\/v2\/users\/3"}],"replies":[{"embeddable":true,"href":"https:\/\/nigroequipamentos.com.br\/conteudo\/wp-json\/wp\/v2\/comments?post=23024"}],"version-history":[{"count":0,"href":"https:\/\/nigroequipamentos.com.br\/conteudo\/wp-json\/wp\/v2\/pages\/23024\/revisions"}],"wp:attachment":[{"href":"https:\/\/nigroequipamentos.com.br\/conteudo\/wp-json\/wp\/v2\/media?parent=23024"}],"curies":[{"name":"wp","href":"https:\/\/api.w.org\/{rel}","templated":true}]}}