{"id":22892,"date":"2025-04-28T19:00:38","date_gmt":"2025-04-28T22:00:38","guid":{"rendered":"https:\/\/nigroequipamentos.com.br\/conteudo\/descubra-a-eficiencia-da-empilhadeira-retratil-paletrans-pr2010i\/"},"modified":"2025-04-28T19:00:38","modified_gmt":"2025-04-28T22:00:38","slug":"descubra-a-eficiencia-da-empilhadeira-retratil-paletrans-pr2010i","status":"publish","type":"page","link":"https:\/\/nigroequipamentos.com.br\/conteudo\/descubra-a-eficiencia-da-empilhadeira-retratil-paletrans-pr2010i\/","title":{"rendered":"Descubra a Efici\u00eancia da Empilhadeira Retr\u00e1til Paletrans PR2010i"},"content":{"rendered":"<p>A Empilhadeira Retr\u00e1til Paletrans PR2010i \u00e9 um equipamento essencial para otimizar o armazenamento e o manuseio de cargas em ambientes industriais e log\u00edsticos. Com alta capacidade de eleva\u00e7\u00e3o e design sofisticado, esta empilhadeira \u00e9 ideal para espa\u00e7os reduzidos, oferecendo efici\u00eancia sem comprometer a seguran\u00e7a. A Paletrans PR2010i \u00e9 leve, com f\u00e1cil manobrabilidade, permitindo que operadores alcancem prateleiras altas com precis\u00e3o. A Nigro Equipamentos se destaca por oferecer n\u00e3o apenas a venda, mas tamb\u00e9m a manuten\u00e7\u00e3o e loca\u00e7\u00e3o desse modelo de empilhadeira, garantindo aos nossos clientes um suporte permanente e confi\u00e1vel. Opte pela experi\u00eancia da Nigro para potencializar a sua opera\u00e7\u00e3o com a Paletrans PR2010i.<\/p>\n","protected":false},"excerpt":{"rendered":"<p>A Empilhadeira Retr\u00e1til Paletrans PR2010i \u00e9 um equipamento essencial para otimizar o armazenamento e o manuseio de cargas em ambientes industriais e log\u00edsticos. Com alta capacidade de eleva\u00e7\u00e3o e design sofisticado, esta empilhadeira \u00e9 ideal para espa\u00e7os reduzidos, oferecendo efici\u00eancia sem comprometer a seguran\u00e7a. A Paletrans PR2010i \u00e9 leve, com f\u00e1cil manobrabilidade, permitindo que operadores&hellip;&nbsp;<a href=\"https:\/\/nigroequipamentos.com.br\/conteudo\/descubra-a-eficiencia-da-empilhadeira-retratil-paletrans-pr2010i\/\" class=\"\" rel=\"bookmark\">Continue a ler &raquo;<span class=\"screen-reader-text\">Descubra a Efici\u00eancia da Empilhadeira Retr\u00e1til Paletrans PR2010i<\/span><\/a><\/p>\n","protected":false},"author":3,"featured_media":0,"parent":0,"menu_order":0,"comment_status":"closed","ping_status":"closed","template":"","meta":{"_acf_changed":false,"_yoast_wpseo_focuskw":"Empilhadeira Retr\u00e1til Paletrans PR2010i","_yoast_wpseo_title":"Empilhadeira Retr\u00e1til Paletrans PR2010i - Efici\u00eancia e Confiabilidade com a Nigro Equipamentos","_yoast_wpseo_metadesc":"Descubra as vantagens da Empilhadeira Retr\u00e1til Paletrans PR2010i e como a Nigro Equipamentos pode ajudar na compra, manuten\u00e7\u00e3o e loca\u00e7\u00e3o deste equipamento.","neve_meta_sidebar":"","neve_meta_container":"","neve_meta_enable_content_width":"","neve_meta_content_width":0,"neve_meta_title_alignment":"","neve_meta_author_avatar":"","neve_post_elements_order":"","neve_meta_disable_header":"","neve_meta_disable_footer":"","neve_meta_disable_title":"","footnotes":""},"class_list":["post-22892","page","type-page","status-publish","hentry"],"acf":{"bloco1title":"Qualidade Garantida","bloco1text":"Na Nigro Equipamentos, oferecemos a melhor assist\u00eancia t\u00e9cnica e qualidade em todas as empilhadeiras, incluindo a PR2010i.","bloco2title":"Facilidade na Loca\u00e7\u00e3o","bloco2text":"Temos op\u00e7\u00f5es de loca\u00e7\u00e3o que atendem suas demandas espec\u00edficas com a Paletrans PR2010i.","bloco3title":"Opera\u00e7\u00e3o Segura","bloco3text":"A Empilhadeira Retr\u00e1til Paletrans PR2010i foi projetada para garantir a seguran\u00e7a dos operadores e efici\u00eancia no trabalho.","posttitle":"Vantagens e Funcionalidades da Empilhadeira Retr\u00e1til Paletrans PR2010i","postcontent":"A <strong>Empilhadeira Retr\u00e1til Paletrans PR2010i<\/strong> \u00e9 uma refer\u00eancia em inova\u00e7\u00e3o e efici\u00eancia para armazenagem e movimenta\u00e7\u00e3o de cargas. Com um design pensando em ergonomia, a ganhar produtividade no ambiente de trabalho, a Paletrans PR2010i se destaca por sua capacidade de eleva\u00e7\u00e3o de at\u00e9 10 metros e sua estrutura que permite opera\u00e7\u00f5es em corredores estreitos.\n\nSua opera\u00e7\u00e3o intuitiva e f\u00e1cil manobrabilidade garantem que os operadores possam realizar tarefas de forma mais r\u00e1pida e segura. A <strong>Paletrans PR2010i<\/strong> possui um sistema de controle avan\u00e7ado que proporciona maior estabilidade mesmo em alturas elevadas, otimizando o desempenho em armaz\u00e9ns com prateleiras altas.\n\nA Nigro Equipamentos se compromete em fornecer n\u00e3o s\u00f3 a venda da <strong>Empilhadeira Retr\u00e1til Paletrans PR2010i<\/strong>, mas tamb\u00e9m um servi\u00e7o de manuten\u00e7\u00e3o especializado para maximizar a durabilidade e o desempenho deste equipamento essencial. Al\u00e9m disso, oferecemos op\u00e7\u00f5es de loca\u00e7\u00e3o que permitem que empresas com demandas variadas possam contar com a qualidade das empilhadeiras Paletrans sem a necessidade de investimento imediato.\n\nEscolher a Nigro Equipamentos significa optar pela melhor experi\u00eancia, expertise e suporte para sua opera\u00e7\u00e3o com a <strong>Empilhadeira Retr\u00e1til Paletrans PR2010i<\/strong>.","insightwidtitle":"Curiosidades sobre Empilhadeiras","insightwidcontent":"Voc\u00ea sabia que as empilhadeiras retr\u00e1teis, como a Paletrans PR2010i, s\u00e3o projetadas para operar em corredores muito estreitos? Isso as torna ideais para otimizar o espa\u00e7o em armaz\u00e9ns. Al\u00e9m disso, esses equipamentos podem ser utilizados em diversos setores, desde o varejo at\u00e9 a ind\u00fastria, versatilizando o seu uso e melhorando a efici\u00eancia log\u00edstica."},"yoast_head":"<!-- This site is optimized with the Yoast SEO Premium plugin v18.3 (Yoast SEO v23.4) - https:\/\/yoast.com\/wordpress\/plugins\/seo\/ -->\n<title>Empilhadeira Retr\u00e1til Paletrans PR2010i - Efici\u00eancia e Confiabilidade com a Nigro Equipamentos<\/title>\n<meta name=\"description\" content=\"Descubra as vantagens da Empilhadeira Retr\u00e1til Paletrans PR2010i e como a Nigro Equipamentos pode ajudar na compra, manuten\u00e7\u00e3o e loca\u00e7\u00e3o deste equipamento.\" \/>\n<meta name=\"robots\" content=\"index, follow, max-snippet:-1, max-image-preview:large, max-video-preview:-1\" \/>\n<link rel=\"canonical\" href=\"https:\/\/nigroequipamentos.com.br\/conteudo\/descubra-a-eficiencia-da-empilhadeira-retratil-paletrans-pr2010i\/\" \/>\n<meta property=\"og:locale\" content=\"pt_BR\" \/>\n<meta property=\"og:type\" content=\"article\" \/>\n<meta property=\"og:title\" content=\"Descubra a Efici\u00eancia da Empilhadeira Retr\u00e1til Paletrans PR2010i\" \/>\n<meta property=\"og:description\" content=\"Descubra as vantagens da Empilhadeira Retr\u00e1til Paletrans PR2010i e como a Nigro Equipamentos pode ajudar na compra, manuten\u00e7\u00e3o e loca\u00e7\u00e3o deste equipamento.\" \/>\n<meta property=\"og:url\" content=\"https:\/\/nigroequipamentos.com.br\/conteudo\/descubra-a-eficiencia-da-empilhadeira-retratil-paletrans-pr2010i\/\" \/>\n<meta property=\"og:site_name\" content=\"Nigro Equipamentos\" \/>\n<meta property=\"article:publisher\" content=\"https:\/\/www.facebook.com\/nigroequipamentos\" \/>\n<meta name=\"twitter:card\" content=\"summary_large_image\" \/>\n<meta name=\"twitter:label1\" content=\"Est. tempo de leitura\" \/>\n\t<meta name=\"twitter:data1\" content=\"1 minuto\" \/>\n<script type=\"application\/ld+json\" class=\"yoast-schema-graph\">{\"@context\":\"https:\/\/schema.org\",\"@graph\":[{\"@type\":\"WebPage\",\"@id\":\"https:\/\/nigroequipamentos.com.br\/conteudo\/descubra-a-eficiencia-da-empilhadeira-retratil-paletrans-pr2010i\/\",\"url\":\"https:\/\/nigroequipamentos.com.br\/conteudo\/descubra-a-eficiencia-da-empilhadeira-retratil-paletrans-pr2010i\/\",\"name\":\"Empilhadeira Retr\u00e1til Paletrans PR2010i - Efici\u00eancia e Confiabilidade com a Nigro Equipamentos\",\"isPartOf\":{\"@id\":\"https:\/\/nigroequipamentos.com.br\/conteudo\/#website\"},\"datePublished\":\"2025-04-28T22:00:38+00:00\",\"dateModified\":\"2025-04-28T22:00:38+00:00\",\"description\":\"Descubra as vantagens da Empilhadeira Retr\u00e1til Paletrans PR2010i e como a Nigro Equipamentos pode ajudar na compra, manuten\u00e7\u00e3o e loca\u00e7\u00e3o deste equipamento.\",\"breadcrumb\":{\"@id\":\"https:\/\/nigroequipamentos.com.br\/conteudo\/descubra-a-eficiencia-da-empilhadeira-retratil-paletrans-pr2010i\/#breadcrumb\"},\"inLanguage\":\"pt-BR\",\"potentialAction\":[{\"@type\":\"ReadAction\",\"target\":[\"https:\/\/nigroequipamentos.com.br\/conteudo\/descubra-a-eficiencia-da-empilhadeira-retratil-paletrans-pr2010i\/\"]}]},{\"@type\":\"BreadcrumbList\",\"@id\":\"https:\/\/nigroequipamentos.com.br\/conteudo\/descubra-a-eficiencia-da-empilhadeira-retratil-paletrans-pr2010i\/#breadcrumb\",\"itemListElement\":[{\"@type\":\"ListItem\",\"position\":1,\"name\":\"In\u00edcio\",\"item\":\"https:\/\/nigroequipamentos.com.br\/conteudo\/\"},{\"@type\":\"ListItem\",\"position\":2,\"name\":\"Descubra a Efici\u00eancia da Empilhadeira Retr\u00e1til Paletrans PR2010i\"}]},{\"@type\":\"WebSite\",\"@id\":\"https:\/\/nigroequipamentos.com.br\/conteudo\/#website\",\"url\":\"https:\/\/nigroequipamentos.com.br\/conteudo\/\",\"name\":\"Nigro Equipamentos\",\"description\":\"Loca\u00e7\u00e3o e Vendas\",\"publisher\":{\"@id\":\"https:\/\/nigroequipamentos.com.br\/conteudo\/#organization\"},\"potentialAction\":[{\"@type\":\"SearchAction\",\"target\":{\"@type\":\"EntryPoint\",\"urlTemplate\":\"https:\/\/nigroequipamentos.com.br\/conteudo\/?s={search_term_string}\"},\"query-input\":{\"@type\":\"PropertyValueSpecification\",\"valueRequired\":true,\"valueName\":\"search_term_string\"}}],\"inLanguage\":\"pt-BR\"},{\"@type\":\"Organization\",\"@id\":\"https:\/\/nigroequipamentos.com.br\/conteudo\/#organization\",\"name\":\"Nigro Equipamentos\",\"url\":\"https:\/\/nigroequipamentos.com.br\/conteudo\/\",\"logo\":{\"@type\":\"ImageObject\",\"inLanguage\":\"pt-BR\",\"@id\":\"https:\/\/nigroequipamentos.com.br\/conteudo\/#\/schema\/logo\/image\/\",\"url\":\"https:\/\/nigroequipamentos.com.br\/conteudo\/wp-content\/uploads\/2024\/10\/nigroequipamentos_logo.webp\",\"contentUrl\":\"https:\/\/nigroequipamentos.com.br\/conteudo\/wp-content\/uploads\/2024\/10\/nigroequipamentos_logo.webp\",\"width\":785,\"height\":355,\"caption\":\"Nigro Equipamentos\"},\"image\":{\"@id\":\"https:\/\/nigroequipamentos.com.br\/conteudo\/#\/schema\/logo\/image\/\"},\"sameAs\":[\"https:\/\/www.facebook.com\/nigroequipamentos\",\"https:\/\/www.instagram.com\/nigroequipamentos\/\"]}]}<\/script>\n<!-- \/ Yoast SEO Premium plugin. -->","yoast_head_json":{"title":"Empilhadeira Retr\u00e1til Paletrans PR2010i - Efici\u00eancia e Confiabilidade com a Nigro Equipamentos","description":"Descubra as vantagens da Empilhadeira Retr\u00e1til Paletrans PR2010i e como a Nigro Equipamentos pode ajudar na compra, manuten\u00e7\u00e3o e loca\u00e7\u00e3o deste equipamento.","robots":{"index":"index","follow":"follow","max-snippet":"max-snippet:-1","max-image-preview":"max-image-preview:large","max-video-preview":"max-video-preview:-1"},"canonical":"https:\/\/nigroequipamentos.com.br\/conteudo\/descubra-a-eficiencia-da-empilhadeira-retratil-paletrans-pr2010i\/","og_locale":"pt_BR","og_type":"article","og_title":"Descubra a Efici\u00eancia da Empilhadeira Retr\u00e1til Paletrans PR2010i","og_description":"Descubra as vantagens da Empilhadeira Retr\u00e1til Paletrans PR2010i e como a Nigro Equipamentos pode ajudar na compra, manuten\u00e7\u00e3o e loca\u00e7\u00e3o deste equipamento.","og_url":"https:\/\/nigroequipamentos.com.br\/conteudo\/descubra-a-eficiencia-da-empilhadeira-retratil-paletrans-pr2010i\/","og_site_name":"Nigro Equipamentos","article_publisher":"https:\/\/www.facebook.com\/nigroequipamentos","twitter_card":"summary_large_image","twitter_misc":{"Est. tempo de leitura":"1 minuto"},"schema":{"@context":"https:\/\/schema.org","@graph":[{"@type":"WebPage","@id":"https:\/\/nigroequipamentos.com.br\/conteudo\/descubra-a-eficiencia-da-empilhadeira-retratil-paletrans-pr2010i\/","url":"https:\/\/nigroequipamentos.com.br\/conteudo\/descubra-a-eficiencia-da-empilhadeira-retratil-paletrans-pr2010i\/","name":"Empilhadeira Retr\u00e1til Paletrans PR2010i - Efici\u00eancia e Confiabilidade com a Nigro Equipamentos","isPartOf":{"@id":"https:\/\/nigroequipamentos.com.br\/conteudo\/#website"},"datePublished":"2025-04-28T22:00:38+00:00","dateModified":"2025-04-28T22:00:38+00:00","description":"Descubra as vantagens da Empilhadeira Retr\u00e1til Paletrans PR2010i e como a Nigro Equipamentos pode ajudar na compra, manuten\u00e7\u00e3o e loca\u00e7\u00e3o deste equipamento.","breadcrumb":{"@id":"https:\/\/nigroequipamentos.com.br\/conteudo\/descubra-a-eficiencia-da-empilhadeira-retratil-paletrans-pr2010i\/#breadcrumb"},"inLanguage":"pt-BR","potentialAction":[{"@type":"ReadAction","target":["https:\/\/nigroequipamentos.com.br\/conteudo\/descubra-a-eficiencia-da-empilhadeira-retratil-paletrans-pr2010i\/"]}]},{"@type":"BreadcrumbList","@id":"https:\/\/nigroequipamentos.com.br\/conteudo\/descubra-a-eficiencia-da-empilhadeira-retratil-paletrans-pr2010i\/#breadcrumb","itemListElement":[{"@type":"ListItem","position":1,"name":"In\u00edcio","item":"https:\/\/nigroequipamentos.com.br\/conteudo\/"},{"@type":"ListItem","position":2,"name":"Descubra a Efici\u00eancia da Empilhadeira Retr\u00e1til Paletrans PR2010i"}]},{"@type":"WebSite","@id":"https:\/\/nigroequipamentos.com.br\/conteudo\/#website","url":"https:\/\/nigroequipamentos.com.br\/conteudo\/","name":"Nigro Equipamentos","description":"Loca\u00e7\u00e3o e Vendas","publisher":{"@id":"https:\/\/nigroequipamentos.com.br\/conteudo\/#organization"},"potentialAction":[{"@type":"SearchAction","target":{"@type":"EntryPoint","urlTemplate":"https:\/\/nigroequipamentos.com.br\/conteudo\/?s={search_term_string}"},"query-input":{"@type":"PropertyValueSpecification","valueRequired":true,"valueName":"search_term_string"}}],"inLanguage":"pt-BR"},{"@type":"Organization","@id":"https:\/\/nigroequipamentos.com.br\/conteudo\/#organization","name":"Nigro Equipamentos","url":"https:\/\/nigroequipamentos.com.br\/conteudo\/","logo":{"@type":"ImageObject","inLanguage":"pt-BR","@id":"https:\/\/nigroequipamentos.com.br\/conteudo\/#\/schema\/logo\/image\/","url":"https:\/\/nigroequipamentos.com.br\/conteudo\/wp-content\/uploads\/2024\/10\/nigroequipamentos_logo.webp","contentUrl":"https:\/\/nigroequipamentos.com.br\/conteudo\/wp-content\/uploads\/2024\/10\/nigroequipamentos_logo.webp","width":785,"height":355,"caption":"Nigro Equipamentos"},"image":{"@id":"https:\/\/nigroequipamentos.com.br\/conteudo\/#\/schema\/logo\/image\/"},"sameAs":["https:\/\/www.facebook.com\/nigroequipamentos","https:\/\/www.instagram.com\/nigroequipamentos\/"]}]}},"_links":{"self":[{"href":"https:\/\/nigroequipamentos.com.br\/conteudo\/wp-json\/wp\/v2\/pages\/22892","targetHints":{"allow":["GET"]}}],"collection":[{"href":"https:\/\/nigroequipamentos.com.br\/conteudo\/wp-json\/wp\/v2\/pages"}],"about":[{"href":"https:\/\/nigroequipamentos.com.br\/conteudo\/wp-json\/wp\/v2\/types\/page"}],"author":[{"embeddable":true,"href":"https:\/\/nigroequipamentos.com.br\/conteudo\/wp-json\/wp\/v2\/users\/3"}],"replies":[{"embeddable":true,"href":"https:\/\/nigroequipamentos.com.br\/conteudo\/wp-json\/wp\/v2\/comments?post=22892"}],"version-history":[{"count":0,"href":"https:\/\/nigroequipamentos.com.br\/conteudo\/wp-json\/wp\/v2\/pages\/22892\/revisions"}],"wp:attachment":[{"href":"https:\/\/nigroequipamentos.com.br\/conteudo\/wp-json\/wp\/v2\/media?parent=22892"}],"curies":[{"name":"wp","href":"https:\/\/api.w.org\/{rel}","templated":true}]}}