{"id":22667,"date":"2025-04-27T18:00:36","date_gmt":"2025-04-27T21:00:36","guid":{"rendered":"https:\/\/nigroequipamentos.com.br\/conteudo\/empilhadeira-paletrans-a-solucao-ideal-para-o-seu-comercio-2\/"},"modified":"2025-04-27T18:00:36","modified_gmt":"2025-04-27T21:00:36","slug":"empilhadeira-paletrans-a-solucao-ideal-para-o-seu-comercio-2","status":"publish","type":"page","link":"https:\/\/nigroequipamentos.com.br\/conteudo\/empilhadeira-paletrans-a-solucao-ideal-para-o-seu-comercio-2\/","title":{"rendered":"Empilhadeira Paletrans: A Solu\u00e7\u00e3o Ideal para o Seu Com\u00e9rcio"},"content":{"rendered":"<p>A Nigro Equipamentos \u00e9 refer\u00eancia no fornecimento de empilhadeiras Paletrans, trazendo efici\u00eancia e robustez para o seu com\u00e9rcio. As empilhadeiras Paletrans s\u00e3o perfeitas para otimizar a log\u00edstica e facilitar o manuseio de cargas pesadas, oferecendo seguran\u00e7a e agilidade. Com um portf\u00f3lio diversificado, a Nigro garante a melhor op\u00e7\u00e3o em compra, loca\u00e7\u00e3o e manuten\u00e7\u00e3o dessas m\u00e1quinas. Apostar nas empilhadeiras Paletrans da Nigro Equipamentos \u00e9 garantir qualidade e um excelente custo-benef\u00edcio para o seu neg\u00f3cio.<\/p>\n","protected":false},"excerpt":{"rendered":"<p>A Nigro Equipamentos \u00e9 refer\u00eancia no fornecimento de empilhadeiras Paletrans, trazendo efici\u00eancia e robustez para o seu com\u00e9rcio. As empilhadeiras Paletrans s\u00e3o perfeitas para otimizar a log\u00edstica e facilitar o manuseio de cargas pesadas, oferecendo seguran\u00e7a e agilidade. Com um portf\u00f3lio diversificado, a Nigro garante a melhor op\u00e7\u00e3o em compra, loca\u00e7\u00e3o e manuten\u00e7\u00e3o dessas m\u00e1quinas.&hellip;&nbsp;<a href=\"https:\/\/nigroequipamentos.com.br\/conteudo\/empilhadeira-paletrans-a-solucao-ideal-para-o-seu-comercio-2\/\" class=\"\" rel=\"bookmark\">Continue a ler &raquo;<span class=\"screen-reader-text\">Empilhadeira Paletrans: A Solu\u00e7\u00e3o Ideal para o Seu Com\u00e9rcio<\/span><\/a><\/p>\n","protected":false},"author":3,"featured_media":0,"parent":0,"menu_order":0,"comment_status":"closed","ping_status":"closed","template":"","meta":{"_acf_changed":false,"_yoast_wpseo_focuskw":"Empilhadeira Paletrans com\u00e9rcio","_yoast_wpseo_title":"Empilhadeira Paletrans: A Melhor Op\u00e7\u00e3o para o Seu Com\u00e9rcio com a Nigro Equipamentos","_yoast_wpseo_metadesc":"Conhe\u00e7a as vantagens das empilhadeiras Paletrans para o com\u00e9rcio e descubra como a Nigro Equipamentos pode ajudar na sua opera\u00e7\u00e3o.","neve_meta_sidebar":"","neve_meta_container":"","neve_meta_enable_content_width":"","neve_meta_content_width":0,"neve_meta_title_alignment":"","neve_meta_author_avatar":"","neve_post_elements_order":"","neve_meta_disable_header":"","neve_meta_disable_footer":"","neve_meta_disable_title":"","footnotes":""},"class_list":["post-22667","page","type-page","status-publish","hentry"],"acf":{"bloco1title":"Qualidade Garantida","bloco1text":"As empilhadeiras Paletrans da Nigro s\u00e3o sin\u00f4nimo de qualidade, oferecendo robustez e durabilidade para o seu com\u00e9rcio.","bloco2title":"Atendimento Especializado","bloco2text":"Conte com a Nigro para suporte t\u00e9cnico e solu\u00e7\u00f5es personalizadas sobre empilhadeiras Paletrans.","bloco3title":"Vantagens do Uso","bloco3text":"As empilhadeiras Paletrans reduzem o tempo de transporte de mercadorias, aumentando a efici\u00eancia no seu com\u00e9rcio e otimizando espa\u00e7os.","posttitle":"Empilhadeira Paletrans: O Que Voc\u00ea Precisa Saber para o Seu Com\u00e9rcio","postcontent":"<strong>Empilhadeira Paletrans:<\/strong> uma escolha assertiva para a log\u00edstica do seu com\u00e9rcio. As empilhadeiras Paletrans s\u00e3o conhecidas por sua confiabilidade e desempenho otimizado. Dispon\u00edveis para compra e loca\u00e7\u00e3o na Nigro Equipamentos, essas m\u00e1quinas se destacam pela facilidade de manuseio e pela capacidade de operar em espa\u00e7os restritos. Al\u00e9m disso, a manuten\u00e7\u00e3o regular, oferecida pela Nigro, aumenta a durabilidade e efici\u00eancia das empilhadeiras Paletrans. Com um time de especialistas prontos para auxiliar na escolha do modelo, a Nigro garante que voc\u00ea encontre a empilhadeira perfeita para suas necessidades. Para quem busca versatilidade, as empilhadeiras Paletrans podem ser ajustadas de acordo com a carga que voc\u00ea manipula, tornando-se uma op\u00e7\u00e3o vers\u00e1til e pr\u00e1tica. Invista em empilhadeiras Paletrans da Nigro e veja a diferen\u00e7a na opera\u00e7\u00e3o do seu com\u00e9rcio, maximizando produtividade e reduzindo custos operacionais.","insightwidtitle":"Curiosidades sobre Empilhadeiras","insightwidcontent":"Voc\u00ea sabia que as empilhadeiras Paletrans s\u00e3o projetadas para operar em ambientes apertados, sendo ideais para armaz\u00e9ns e lojas com espa\u00e7o reduzido? Al\u00e9m disso, elas possuem um sistema de manobrabilidade que permite um giro quase completo, facilitando as opera\u00e7\u00f5es em locais complicados. Este \u00e9 um diferencial importante que as torna indispens\u00e1veis para muitos com\u00e9rcios."},"yoast_head":"<!-- This site is optimized with the Yoast SEO Premium plugin v18.3 (Yoast SEO v23.4) - https:\/\/yoast.com\/wordpress\/plugins\/seo\/ -->\n<title>Empilhadeira Paletrans: A Melhor Op\u00e7\u00e3o para o Seu Com\u00e9rcio com a Nigro Equipamentos<\/title>\n<meta name=\"description\" content=\"Conhe\u00e7a as vantagens das empilhadeiras Paletrans para o com\u00e9rcio e descubra como a Nigro Equipamentos pode ajudar na sua opera\u00e7\u00e3o.\" \/>\n<meta name=\"robots\" content=\"index, follow, max-snippet:-1, max-image-preview:large, max-video-preview:-1\" \/>\n<link rel=\"canonical\" href=\"https:\/\/nigroequipamentos.com.br\/conteudo\/empilhadeira-paletrans-a-solucao-ideal-para-o-seu-comercio-2\/\" \/>\n<meta property=\"og:locale\" content=\"pt_BR\" \/>\n<meta property=\"og:type\" content=\"article\" \/>\n<meta property=\"og:title\" content=\"Empilhadeira Paletrans: A Solu\u00e7\u00e3o Ideal para o Seu Com\u00e9rcio\" \/>\n<meta property=\"og:description\" content=\"Conhe\u00e7a as vantagens das empilhadeiras Paletrans para o com\u00e9rcio e descubra como a Nigro Equipamentos pode ajudar na sua opera\u00e7\u00e3o.\" \/>\n<meta property=\"og:url\" content=\"https:\/\/nigroequipamentos.com.br\/conteudo\/empilhadeira-paletrans-a-solucao-ideal-para-o-seu-comercio-2\/\" \/>\n<meta property=\"og:site_name\" content=\"Nigro Equipamentos\" \/>\n<meta property=\"article:publisher\" content=\"https:\/\/www.facebook.com\/nigroequipamentos\" \/>\n<meta name=\"twitter:card\" content=\"summary_large_image\" \/>\n<script type=\"application\/ld+json\" class=\"yoast-schema-graph\">{\"@context\":\"https:\/\/schema.org\",\"@graph\":[{\"@type\":\"WebPage\",\"@id\":\"https:\/\/nigroequipamentos.com.br\/conteudo\/empilhadeira-paletrans-a-solucao-ideal-para-o-seu-comercio-2\/\",\"url\":\"https:\/\/nigroequipamentos.com.br\/conteudo\/empilhadeira-paletrans-a-solucao-ideal-para-o-seu-comercio-2\/\",\"name\":\"Empilhadeira Paletrans: A Melhor Op\u00e7\u00e3o para o Seu Com\u00e9rcio com a Nigro Equipamentos\",\"isPartOf\":{\"@id\":\"https:\/\/nigroequipamentos.com.br\/conteudo\/#website\"},\"datePublished\":\"2025-04-27T21:00:36+00:00\",\"dateModified\":\"2025-04-27T21:00:36+00:00\",\"description\":\"Conhe\u00e7a as vantagens das empilhadeiras Paletrans para o com\u00e9rcio e descubra como a Nigro Equipamentos pode ajudar na sua opera\u00e7\u00e3o.\",\"breadcrumb\":{\"@id\":\"https:\/\/nigroequipamentos.com.br\/conteudo\/empilhadeira-paletrans-a-solucao-ideal-para-o-seu-comercio-2\/#breadcrumb\"},\"inLanguage\":\"pt-BR\",\"potentialAction\":[{\"@type\":\"ReadAction\",\"target\":[\"https:\/\/nigroequipamentos.com.br\/conteudo\/empilhadeira-paletrans-a-solucao-ideal-para-o-seu-comercio-2\/\"]}]},{\"@type\":\"BreadcrumbList\",\"@id\":\"https:\/\/nigroequipamentos.com.br\/conteudo\/empilhadeira-paletrans-a-solucao-ideal-para-o-seu-comercio-2\/#breadcrumb\",\"itemListElement\":[{\"@type\":\"ListItem\",\"position\":1,\"name\":\"In\u00edcio\",\"item\":\"https:\/\/nigroequipamentos.com.br\/conteudo\/\"},{\"@type\":\"ListItem\",\"position\":2,\"name\":\"Empilhadeira Paletrans: A Solu\u00e7\u00e3o Ideal para o Seu Com\u00e9rcio\"}]},{\"@type\":\"WebSite\",\"@id\":\"https:\/\/nigroequipamentos.com.br\/conteudo\/#website\",\"url\":\"https:\/\/nigroequipamentos.com.br\/conteudo\/\",\"name\":\"Nigro Equipamentos\",\"description\":\"Loca\u00e7\u00e3o e Vendas\",\"publisher\":{\"@id\":\"https:\/\/nigroequipamentos.com.br\/conteudo\/#organization\"},\"potentialAction\":[{\"@type\":\"SearchAction\",\"target\":{\"@type\":\"EntryPoint\",\"urlTemplate\":\"https:\/\/nigroequipamentos.com.br\/conteudo\/?s={search_term_string}\"},\"query-input\":{\"@type\":\"PropertyValueSpecification\",\"valueRequired\":true,\"valueName\":\"search_term_string\"}}],\"inLanguage\":\"pt-BR\"},{\"@type\":\"Organization\",\"@id\":\"https:\/\/nigroequipamentos.com.br\/conteudo\/#organization\",\"name\":\"Nigro Equipamentos\",\"url\":\"https:\/\/nigroequipamentos.com.br\/conteudo\/\",\"logo\":{\"@type\":\"ImageObject\",\"inLanguage\":\"pt-BR\",\"@id\":\"https:\/\/nigroequipamentos.com.br\/conteudo\/#\/schema\/logo\/image\/\",\"url\":\"https:\/\/nigroequipamentos.com.br\/conteudo\/wp-content\/uploads\/2024\/10\/nigroequipamentos_logo.webp\",\"contentUrl\":\"https:\/\/nigroequipamentos.com.br\/conteudo\/wp-content\/uploads\/2024\/10\/nigroequipamentos_logo.webp\",\"width\":785,\"height\":355,\"caption\":\"Nigro Equipamentos\"},\"image\":{\"@id\":\"https:\/\/nigroequipamentos.com.br\/conteudo\/#\/schema\/logo\/image\/\"},\"sameAs\":[\"https:\/\/www.facebook.com\/nigroequipamentos\",\"https:\/\/www.instagram.com\/nigroequipamentos\/\"]}]}<\/script>\n<!-- \/ Yoast SEO Premium plugin. -->","yoast_head_json":{"title":"Empilhadeira Paletrans: A Melhor Op\u00e7\u00e3o para o Seu Com\u00e9rcio com a Nigro Equipamentos","description":"Conhe\u00e7a as vantagens das empilhadeiras Paletrans para o com\u00e9rcio e descubra como a Nigro Equipamentos pode ajudar na sua opera\u00e7\u00e3o.","robots":{"index":"index","follow":"follow","max-snippet":"max-snippet:-1","max-image-preview":"max-image-preview:large","max-video-preview":"max-video-preview:-1"},"canonical":"https:\/\/nigroequipamentos.com.br\/conteudo\/empilhadeira-paletrans-a-solucao-ideal-para-o-seu-comercio-2\/","og_locale":"pt_BR","og_type":"article","og_title":"Empilhadeira Paletrans: A Solu\u00e7\u00e3o Ideal para o Seu Com\u00e9rcio","og_description":"Conhe\u00e7a as vantagens das empilhadeiras Paletrans para o com\u00e9rcio e descubra como a Nigro Equipamentos pode ajudar na sua opera\u00e7\u00e3o.","og_url":"https:\/\/nigroequipamentos.com.br\/conteudo\/empilhadeira-paletrans-a-solucao-ideal-para-o-seu-comercio-2\/","og_site_name":"Nigro Equipamentos","article_publisher":"https:\/\/www.facebook.com\/nigroequipamentos","twitter_card":"summary_large_image","schema":{"@context":"https:\/\/schema.org","@graph":[{"@type":"WebPage","@id":"https:\/\/nigroequipamentos.com.br\/conteudo\/empilhadeira-paletrans-a-solucao-ideal-para-o-seu-comercio-2\/","url":"https:\/\/nigroequipamentos.com.br\/conteudo\/empilhadeira-paletrans-a-solucao-ideal-para-o-seu-comercio-2\/","name":"Empilhadeira Paletrans: A Melhor Op\u00e7\u00e3o para o Seu Com\u00e9rcio com a Nigro Equipamentos","isPartOf":{"@id":"https:\/\/nigroequipamentos.com.br\/conteudo\/#website"},"datePublished":"2025-04-27T21:00:36+00:00","dateModified":"2025-04-27T21:00:36+00:00","description":"Conhe\u00e7a as vantagens das empilhadeiras Paletrans para o com\u00e9rcio e descubra como a Nigro Equipamentos pode ajudar na sua opera\u00e7\u00e3o.","breadcrumb":{"@id":"https:\/\/nigroequipamentos.com.br\/conteudo\/empilhadeira-paletrans-a-solucao-ideal-para-o-seu-comercio-2\/#breadcrumb"},"inLanguage":"pt-BR","potentialAction":[{"@type":"ReadAction","target":["https:\/\/nigroequipamentos.com.br\/conteudo\/empilhadeira-paletrans-a-solucao-ideal-para-o-seu-comercio-2\/"]}]},{"@type":"BreadcrumbList","@id":"https:\/\/nigroequipamentos.com.br\/conteudo\/empilhadeira-paletrans-a-solucao-ideal-para-o-seu-comercio-2\/#breadcrumb","itemListElement":[{"@type":"ListItem","position":1,"name":"In\u00edcio","item":"https:\/\/nigroequipamentos.com.br\/conteudo\/"},{"@type":"ListItem","position":2,"name":"Empilhadeira Paletrans: A Solu\u00e7\u00e3o Ideal para o Seu Com\u00e9rcio"}]},{"@type":"WebSite","@id":"https:\/\/nigroequipamentos.com.br\/conteudo\/#website","url":"https:\/\/nigroequipamentos.com.br\/conteudo\/","name":"Nigro Equipamentos","description":"Loca\u00e7\u00e3o e Vendas","publisher":{"@id":"https:\/\/nigroequipamentos.com.br\/conteudo\/#organization"},"potentialAction":[{"@type":"SearchAction","target":{"@type":"EntryPoint","urlTemplate":"https:\/\/nigroequipamentos.com.br\/conteudo\/?s={search_term_string}"},"query-input":{"@type":"PropertyValueSpecification","valueRequired":true,"valueName":"search_term_string"}}],"inLanguage":"pt-BR"},{"@type":"Organization","@id":"https:\/\/nigroequipamentos.com.br\/conteudo\/#organization","name":"Nigro Equipamentos","url":"https:\/\/nigroequipamentos.com.br\/conteudo\/","logo":{"@type":"ImageObject","inLanguage":"pt-BR","@id":"https:\/\/nigroequipamentos.com.br\/conteudo\/#\/schema\/logo\/image\/","url":"https:\/\/nigroequipamentos.com.br\/conteudo\/wp-content\/uploads\/2024\/10\/nigroequipamentos_logo.webp","contentUrl":"https:\/\/nigroequipamentos.com.br\/conteudo\/wp-content\/uploads\/2024\/10\/nigroequipamentos_logo.webp","width":785,"height":355,"caption":"Nigro Equipamentos"},"image":{"@id":"https:\/\/nigroequipamentos.com.br\/conteudo\/#\/schema\/logo\/image\/"},"sameAs":["https:\/\/www.facebook.com\/nigroequipamentos","https:\/\/www.instagram.com\/nigroequipamentos\/"]}]}},"_links":{"self":[{"href":"https:\/\/nigroequipamentos.com.br\/conteudo\/wp-json\/wp\/v2\/pages\/22667","targetHints":{"allow":["GET"]}}],"collection":[{"href":"https:\/\/nigroequipamentos.com.br\/conteudo\/wp-json\/wp\/v2\/pages"}],"about":[{"href":"https:\/\/nigroequipamentos.com.br\/conteudo\/wp-json\/wp\/v2\/types\/page"}],"author":[{"embeddable":true,"href":"https:\/\/nigroequipamentos.com.br\/conteudo\/wp-json\/wp\/v2\/users\/3"}],"replies":[{"embeddable":true,"href":"https:\/\/nigroequipamentos.com.br\/conteudo\/wp-json\/wp\/v2\/comments?post=22667"}],"version-history":[{"count":0,"href":"https:\/\/nigroequipamentos.com.br\/conteudo\/wp-json\/wp\/v2\/pages\/22667\/revisions"}],"wp:attachment":[{"href":"https:\/\/nigroequipamentos.com.br\/conteudo\/wp-json\/wp\/v2\/media?parent=22667"}],"curies":[{"name":"wp","href":"https:\/\/api.w.org\/{rel}","templated":true}]}}