{"id":21619,"date":"2025-04-22T18:00:38","date_gmt":"2025-04-22T21:00:38","guid":{"rendered":"https:\/\/nigroequipamentos.com.br\/conteudo\/empilhadeira-paletrans-a-escolha-certa-para-o-seu-negocio-3\/"},"modified":"2025-04-22T18:00:38","modified_gmt":"2025-04-22T21:00:38","slug":"empilhadeira-paletrans-a-escolha-certa-para-o-seu-negocio-3","status":"publish","type":"page","link":"https:\/\/nigroequipamentos.com.br\/conteudo\/empilhadeira-paletrans-a-escolha-certa-para-o-seu-negocio-3\/","title":{"rendered":"Empilhadeira Paletrans: A Escolha Certa para o Seu Neg\u00f3cio"},"content":{"rendered":"<p>Se voc\u00ea busca efici\u00eancia e qualidade, a <strong>Empilhadeira Paletrans<\/strong> \u00e9 a solu\u00e7\u00e3o ideal. Como revendedor oficial, a Nigro Equipamentos se destaca na oferta desse equipamento que combina pot\u00eancia e versatilidade. Com a <strong>empilhadeira Paletrans<\/strong>, suas opera\u00e7\u00f5es de movimenta\u00e7\u00e3o de carga se tornam mais produtivas, garantindo agilidade e seguran\u00e7a.<\/p>\n","protected":false},"excerpt":{"rendered":"<p>Se voc\u00ea busca efici\u00eancia e qualidade, a Empilhadeira Paletrans \u00e9 a solu\u00e7\u00e3o ideal. Como revendedor oficial, a Nigro Equipamentos se destaca na oferta desse equipamento que combina pot\u00eancia e versatilidade. Com a empilhadeira Paletrans, suas opera\u00e7\u00f5es de movimenta\u00e7\u00e3o de carga se tornam mais produtivas, garantindo agilidade e seguran\u00e7a.<\/p>\n","protected":false},"author":3,"featured_media":0,"parent":0,"menu_order":0,"comment_status":"closed","ping_status":"closed","template":"","meta":{"_acf_changed":false,"_yoast_wpseo_focuskw":"Empilhadeira Paletrans revendedor","_yoast_wpseo_title":"Nigro Equipamentos: Revendedor de Empilhadeiras Paletrans com Qualidade e Confiabilidade","_yoast_wpseo_metadesc":"Descubra por que a Nigro Equipamentos \u00e9 o melhor revendedor de empilhadeiras Paletrans para seu neg\u00f3cio. Qualidade, manuten\u00e7\u00e3o especializada e suporte \u00e1gil.","neve_meta_sidebar":"","neve_meta_container":"","neve_meta_enable_content_width":"","neve_meta_content_width":0,"neve_meta_title_alignment":"","neve_meta_author_avatar":"","neve_post_elements_order":"","neve_meta_disable_header":"","neve_meta_disable_footer":"","neve_meta_disable_title":"","footnotes":""},"class_list":["post-21619","page","type-page","status-publish","hentry"],"acf":{"bloco1title":"Qualidade Garantida","bloco1text":"A Nigro Equipamentos \u00e9 reconhecida pela excel\u00eancia na venda de <strong>empilhadeiras Paletrans<\/strong>, assegurando produtos que atendem a rigorosos padr\u00f5es de qualidade.","bloco2title":"Manuten\u00e7\u00e3o \u00c1gil","bloco2text":"Contamos com uma equipe especializada para garantir a manuten\u00e7\u00e3o de <strong>empilhadeiras Paletrans<\/strong>, maximizando a performance dos seus equipamentos.","bloco3title":"Versatilidade em Carga","bloco3text":"As <strong>empilhadeiras Paletrans<\/strong> s\u00e3o ideais para diversos tipos de carga, mostrando-se eficazes em ambientes industriais, de armaz\u00e9m e distribui\u00e7\u00e3o.","posttitle":"Por Que Escolher a Empilhadeira Paletrans da Nigro Equipamentos?","postcontent":"Quando se trata de movimenta\u00e7\u00e3o de carga, a <strong>empilhadeira Paletrans<\/strong> \u00e9 uma escolha que n\u00e3o pode ser ignorada. Na Nigro Equipamentos, nos orgulhamos de ser revendedores autorizados, oferecendo n\u00e3o apenas as melhores <strong>empilhadeiras Paletrans<\/strong>, mas tamb\u00e9m um suporte excepcional. Nossos clientes reconhecem a import\u00e2ncia da qualidade na hora de escolher um equipamento, e a <strong>empilhadeira Paletrans<\/strong> se destaca por sua durabilidade e desempenho superior.\n\nAl\u00e9m disso, a Nigro Equipamentos est\u00e1 comprometida com a manuten\u00e7\u00e3o desses equipamentos, garantindo que voc\u00ea tenha suporte quando precisar. Nossos t\u00e9cnicos s\u00e3o especialistas na linha de <strong>empilhadeiras Paletrans<\/strong>, oferecendo servi\u00e7os r\u00e1pidos e eficientes. Isso \u00e9 crucial para manter sua opera\u00e7\u00e3o sempre em andamento.\n\nOutra vantagem de optar pela <strong>empilhadeira Paletrans<\/strong> \u00e9 a diversidade de modelos dispon\u00edveis, permitindo que voc\u00ea escolha o que melhor se adapta \u00e0s suas necessidades de carga. Seja para armazenagem ou transporte, a <strong>empilhadeira Paletrans<\/strong> oferece a versatilidade que seu neg\u00f3cio precisa.\n\nPortanto, se voc\u00ea busca por qualidade, manuten\u00e7\u00e3o \u00e1gil e a melhor escolha em <strong>empilhadeiras Paletrans<\/strong>, a Nigro Equipamentos \u00e9 a op\u00e7\u00e3o mais confi\u00e1vel no mercado. Estamos prontos para ajudar voc\u00ea na compra, manuten\u00e7\u00e3o e loca\u00e7\u00e3o desses equipamentos de primeira linha.","insightwidtitle":"Curiosidades sobre a Paletrans","insightwidcontent":"Voc\u00ea sabia que as <strong>empilhadeiras Paletrans<\/strong> s\u00e3o reconhecidas globalmente por sua efici\u00eancia e inova\u00e7\u00e3o? Elas s\u00e3o projetadas para operar em ambientes desafiadores e podem elevar cargas que v\u00e3o de leves a pesadas com facilidade. Esse equipamento tem se tornado essencial em diversas opera\u00e7\u00f5es log\u00edsticas e industriais, proporcionando uma solu\u00e7\u00e3o confi\u00e1vel para movimenta\u00e7\u00e3o de materiais."},"yoast_head":"<!-- This site is optimized with the Yoast SEO Premium plugin v18.3 (Yoast SEO v23.4) - https:\/\/yoast.com\/wordpress\/plugins\/seo\/ -->\n<title>Nigro Equipamentos: Revendedor de Empilhadeiras Paletrans com Qualidade e Confiabilidade<\/title>\n<meta name=\"description\" content=\"Descubra por que a Nigro Equipamentos \u00e9 o melhor revendedor de empilhadeiras Paletrans para seu neg\u00f3cio. Qualidade, manuten\u00e7\u00e3o especializada e suporte \u00e1gil.\" \/>\n<meta name=\"robots\" content=\"index, follow, max-snippet:-1, max-image-preview:large, max-video-preview:-1\" \/>\n<link rel=\"canonical\" href=\"https:\/\/nigroequipamentos.com.br\/conteudo\/empilhadeira-paletrans-a-escolha-certa-para-o-seu-negocio-3\/\" \/>\n<meta property=\"og:locale\" content=\"pt_BR\" \/>\n<meta property=\"og:type\" content=\"article\" \/>\n<meta property=\"og:title\" content=\"Empilhadeira Paletrans: A Escolha Certa para o Seu Neg\u00f3cio\" \/>\n<meta property=\"og:description\" content=\"Descubra por que a Nigro Equipamentos \u00e9 o melhor revendedor de empilhadeiras Paletrans para seu neg\u00f3cio. Qualidade, manuten\u00e7\u00e3o especializada e suporte \u00e1gil.\" \/>\n<meta property=\"og:url\" content=\"https:\/\/nigroequipamentos.com.br\/conteudo\/empilhadeira-paletrans-a-escolha-certa-para-o-seu-negocio-3\/\" \/>\n<meta property=\"og:site_name\" content=\"Nigro Equipamentos\" \/>\n<meta property=\"article:publisher\" content=\"https:\/\/www.facebook.com\/nigroequipamentos\" \/>\n<meta name=\"twitter:card\" content=\"summary_large_image\" \/>\n<script type=\"application\/ld+json\" class=\"yoast-schema-graph\">{\"@context\":\"https:\/\/schema.org\",\"@graph\":[{\"@type\":\"WebPage\",\"@id\":\"https:\/\/nigroequipamentos.com.br\/conteudo\/empilhadeira-paletrans-a-escolha-certa-para-o-seu-negocio-3\/\",\"url\":\"https:\/\/nigroequipamentos.com.br\/conteudo\/empilhadeira-paletrans-a-escolha-certa-para-o-seu-negocio-3\/\",\"name\":\"Nigro Equipamentos: Revendedor de Empilhadeiras Paletrans com Qualidade e Confiabilidade\",\"isPartOf\":{\"@id\":\"https:\/\/nigroequipamentos.com.br\/conteudo\/#website\"},\"datePublished\":\"2025-04-22T21:00:38+00:00\",\"dateModified\":\"2025-04-22T21:00:38+00:00\",\"description\":\"Descubra por que a Nigro Equipamentos \u00e9 o melhor revendedor de empilhadeiras Paletrans para seu neg\u00f3cio. Qualidade, manuten\u00e7\u00e3o especializada e suporte \u00e1gil.\",\"breadcrumb\":{\"@id\":\"https:\/\/nigroequipamentos.com.br\/conteudo\/empilhadeira-paletrans-a-escolha-certa-para-o-seu-negocio-3\/#breadcrumb\"},\"inLanguage\":\"pt-BR\",\"potentialAction\":[{\"@type\":\"ReadAction\",\"target\":[\"https:\/\/nigroequipamentos.com.br\/conteudo\/empilhadeira-paletrans-a-escolha-certa-para-o-seu-negocio-3\/\"]}]},{\"@type\":\"BreadcrumbList\",\"@id\":\"https:\/\/nigroequipamentos.com.br\/conteudo\/empilhadeira-paletrans-a-escolha-certa-para-o-seu-negocio-3\/#breadcrumb\",\"itemListElement\":[{\"@type\":\"ListItem\",\"position\":1,\"name\":\"In\u00edcio\",\"item\":\"https:\/\/nigroequipamentos.com.br\/conteudo\/\"},{\"@type\":\"ListItem\",\"position\":2,\"name\":\"Empilhadeira Paletrans: A Escolha Certa para o Seu Neg\u00f3cio\"}]},{\"@type\":\"WebSite\",\"@id\":\"https:\/\/nigroequipamentos.com.br\/conteudo\/#website\",\"url\":\"https:\/\/nigroequipamentos.com.br\/conteudo\/\",\"name\":\"Nigro Equipamentos\",\"description\":\"Loca\u00e7\u00e3o e Vendas\",\"publisher\":{\"@id\":\"https:\/\/nigroequipamentos.com.br\/conteudo\/#organization\"},\"potentialAction\":[{\"@type\":\"SearchAction\",\"target\":{\"@type\":\"EntryPoint\",\"urlTemplate\":\"https:\/\/nigroequipamentos.com.br\/conteudo\/?s={search_term_string}\"},\"query-input\":{\"@type\":\"PropertyValueSpecification\",\"valueRequired\":true,\"valueName\":\"search_term_string\"}}],\"inLanguage\":\"pt-BR\"},{\"@type\":\"Organization\",\"@id\":\"https:\/\/nigroequipamentos.com.br\/conteudo\/#organization\",\"name\":\"Nigro Equipamentos\",\"url\":\"https:\/\/nigroequipamentos.com.br\/conteudo\/\",\"logo\":{\"@type\":\"ImageObject\",\"inLanguage\":\"pt-BR\",\"@id\":\"https:\/\/nigroequipamentos.com.br\/conteudo\/#\/schema\/logo\/image\/\",\"url\":\"https:\/\/nigroequipamentos.com.br\/conteudo\/wp-content\/uploads\/2024\/10\/nigroequipamentos_logo.webp\",\"contentUrl\":\"https:\/\/nigroequipamentos.com.br\/conteudo\/wp-content\/uploads\/2024\/10\/nigroequipamentos_logo.webp\",\"width\":785,\"height\":355,\"caption\":\"Nigro Equipamentos\"},\"image\":{\"@id\":\"https:\/\/nigroequipamentos.com.br\/conteudo\/#\/schema\/logo\/image\/\"},\"sameAs\":[\"https:\/\/www.facebook.com\/nigroequipamentos\",\"https:\/\/www.instagram.com\/nigroequipamentos\/\"]}]}<\/script>\n<!-- \/ Yoast SEO Premium plugin. -->","yoast_head_json":{"title":"Nigro Equipamentos: Revendedor de Empilhadeiras Paletrans com Qualidade e Confiabilidade","description":"Descubra por que a Nigro Equipamentos \u00e9 o melhor revendedor de empilhadeiras Paletrans para seu neg\u00f3cio. Qualidade, manuten\u00e7\u00e3o especializada e suporte \u00e1gil.","robots":{"index":"index","follow":"follow","max-snippet":"max-snippet:-1","max-image-preview":"max-image-preview:large","max-video-preview":"max-video-preview:-1"},"canonical":"https:\/\/nigroequipamentos.com.br\/conteudo\/empilhadeira-paletrans-a-escolha-certa-para-o-seu-negocio-3\/","og_locale":"pt_BR","og_type":"article","og_title":"Empilhadeira Paletrans: A Escolha Certa para o Seu Neg\u00f3cio","og_description":"Descubra por que a Nigro Equipamentos \u00e9 o melhor revendedor de empilhadeiras Paletrans para seu neg\u00f3cio. Qualidade, manuten\u00e7\u00e3o especializada e suporte \u00e1gil.","og_url":"https:\/\/nigroequipamentos.com.br\/conteudo\/empilhadeira-paletrans-a-escolha-certa-para-o-seu-negocio-3\/","og_site_name":"Nigro Equipamentos","article_publisher":"https:\/\/www.facebook.com\/nigroequipamentos","twitter_card":"summary_large_image","schema":{"@context":"https:\/\/schema.org","@graph":[{"@type":"WebPage","@id":"https:\/\/nigroequipamentos.com.br\/conteudo\/empilhadeira-paletrans-a-escolha-certa-para-o-seu-negocio-3\/","url":"https:\/\/nigroequipamentos.com.br\/conteudo\/empilhadeira-paletrans-a-escolha-certa-para-o-seu-negocio-3\/","name":"Nigro Equipamentos: Revendedor de Empilhadeiras Paletrans com Qualidade e Confiabilidade","isPartOf":{"@id":"https:\/\/nigroequipamentos.com.br\/conteudo\/#website"},"datePublished":"2025-04-22T21:00:38+00:00","dateModified":"2025-04-22T21:00:38+00:00","description":"Descubra por que a Nigro Equipamentos \u00e9 o melhor revendedor de empilhadeiras Paletrans para seu neg\u00f3cio. Qualidade, manuten\u00e7\u00e3o especializada e suporte \u00e1gil.","breadcrumb":{"@id":"https:\/\/nigroequipamentos.com.br\/conteudo\/empilhadeira-paletrans-a-escolha-certa-para-o-seu-negocio-3\/#breadcrumb"},"inLanguage":"pt-BR","potentialAction":[{"@type":"ReadAction","target":["https:\/\/nigroequipamentos.com.br\/conteudo\/empilhadeira-paletrans-a-escolha-certa-para-o-seu-negocio-3\/"]}]},{"@type":"BreadcrumbList","@id":"https:\/\/nigroequipamentos.com.br\/conteudo\/empilhadeira-paletrans-a-escolha-certa-para-o-seu-negocio-3\/#breadcrumb","itemListElement":[{"@type":"ListItem","position":1,"name":"In\u00edcio","item":"https:\/\/nigroequipamentos.com.br\/conteudo\/"},{"@type":"ListItem","position":2,"name":"Empilhadeira Paletrans: A Escolha Certa para o Seu Neg\u00f3cio"}]},{"@type":"WebSite","@id":"https:\/\/nigroequipamentos.com.br\/conteudo\/#website","url":"https:\/\/nigroequipamentos.com.br\/conteudo\/","name":"Nigro Equipamentos","description":"Loca\u00e7\u00e3o e Vendas","publisher":{"@id":"https:\/\/nigroequipamentos.com.br\/conteudo\/#organization"},"potentialAction":[{"@type":"SearchAction","target":{"@type":"EntryPoint","urlTemplate":"https:\/\/nigroequipamentos.com.br\/conteudo\/?s={search_term_string}"},"query-input":{"@type":"PropertyValueSpecification","valueRequired":true,"valueName":"search_term_string"}}],"inLanguage":"pt-BR"},{"@type":"Organization","@id":"https:\/\/nigroequipamentos.com.br\/conteudo\/#organization","name":"Nigro Equipamentos","url":"https:\/\/nigroequipamentos.com.br\/conteudo\/","logo":{"@type":"ImageObject","inLanguage":"pt-BR","@id":"https:\/\/nigroequipamentos.com.br\/conteudo\/#\/schema\/logo\/image\/","url":"https:\/\/nigroequipamentos.com.br\/conteudo\/wp-content\/uploads\/2024\/10\/nigroequipamentos_logo.webp","contentUrl":"https:\/\/nigroequipamentos.com.br\/conteudo\/wp-content\/uploads\/2024\/10\/nigroequipamentos_logo.webp","width":785,"height":355,"caption":"Nigro Equipamentos"},"image":{"@id":"https:\/\/nigroequipamentos.com.br\/conteudo\/#\/schema\/logo\/image\/"},"sameAs":["https:\/\/www.facebook.com\/nigroequipamentos","https:\/\/www.instagram.com\/nigroequipamentos\/"]}]}},"_links":{"self":[{"href":"https:\/\/nigroequipamentos.com.br\/conteudo\/wp-json\/wp\/v2\/pages\/21619","targetHints":{"allow":["GET"]}}],"collection":[{"href":"https:\/\/nigroequipamentos.com.br\/conteudo\/wp-json\/wp\/v2\/pages"}],"about":[{"href":"https:\/\/nigroequipamentos.com.br\/conteudo\/wp-json\/wp\/v2\/types\/page"}],"author":[{"embeddable":true,"href":"https:\/\/nigroequipamentos.com.br\/conteudo\/wp-json\/wp\/v2\/users\/3"}],"replies":[{"embeddable":true,"href":"https:\/\/nigroequipamentos.com.br\/conteudo\/wp-json\/wp\/v2\/comments?post=21619"}],"version-history":[{"count":0,"href":"https:\/\/nigroequipamentos.com.br\/conteudo\/wp-json\/wp\/v2\/pages\/21619\/revisions"}],"wp:attachment":[{"href":"https:\/\/nigroequipamentos.com.br\/conteudo\/wp-json\/wp\/v2\/media?parent=21619"}],"curies":[{"name":"wp","href":"https:\/\/api.w.org\/{rel}","templated":true}]}}