{"id":21268,"date":"2025-04-21T03:00:36","date_gmt":"2025-04-21T06:00:36","guid":{"rendered":"https:\/\/nigroequipamentos.com.br\/conteudo\/empilhadeira-paletrans-a-solucao-ideal-para-operacoes-eficientes\/"},"modified":"2025-04-21T03:00:36","modified_gmt":"2025-04-21T06:00:36","slug":"empilhadeira-paletrans-a-solucao-ideal-para-operacoes-eficientes","status":"publish","type":"page","link":"https:\/\/nigroequipamentos.com.br\/conteudo\/empilhadeira-paletrans-a-solucao-ideal-para-operacoes-eficientes\/","title":{"rendered":"Empilhadeira Paletrans: A Solu\u00e7\u00e3o Ideal para Opera\u00e7\u00f5es Eficientes"},"content":{"rendered":"<p>A empilhadeira Paletrans \u00e9 sin\u00f4nimo de excel\u00eancia em opera\u00e7\u00f5es log\u00edsticas. Com a Nigro Equipamentos, voc\u00ea fortalece a sua opera\u00e7\u00e3o e conquista produtividade m\u00e1xima, oferecendo a robustez e a agilidade necess\u00e1rias para gerenciar seu estoque com efici\u00eancia. A Paletrans se destaca pela facilidade de manobra e resist\u00eancia, adequando-se a diversos ambientes de trabalho, seja em armaz\u00e9ns ou na ind\u00fastria. Ao escolher a Nigro, voc\u00ea encontra as melhores op\u00e7\u00f5es para compra, manuten\u00e7\u00e3o e loca\u00e7\u00e3o de empilhadeiras Paletrans, garantindo uma opera\u00e7\u00e3o otimizada e segura para sua empresa.<\/p>\n","protected":false},"excerpt":{"rendered":"<p>A empilhadeira Paletrans \u00e9 sin\u00f4nimo de excel\u00eancia em opera\u00e7\u00f5es log\u00edsticas. Com a Nigro Equipamentos, voc\u00ea fortalece a sua opera\u00e7\u00e3o e conquista produtividade m\u00e1xima, oferecendo a robustez e a agilidade necess\u00e1rias para gerenciar seu estoque com efici\u00eancia. A Paletrans se destaca pela facilidade de manobra e resist\u00eancia, adequando-se a diversos ambientes de trabalho, seja em armaz\u00e9ns&hellip;&nbsp;<a href=\"https:\/\/nigroequipamentos.com.br\/conteudo\/empilhadeira-paletrans-a-solucao-ideal-para-operacoes-eficientes\/\" class=\"\" rel=\"bookmark\">Continue a ler &raquo;<span class=\"screen-reader-text\">Empilhadeira Paletrans: A Solu\u00e7\u00e3o Ideal para Opera\u00e7\u00f5es Eficientes<\/span><\/a><\/p>\n","protected":false},"author":3,"featured_media":0,"parent":0,"menu_order":0,"comment_status":"closed","ping_status":"closed","template":"","meta":{"_acf_changed":false,"_yoast_wpseo_focuskw":"Empilhadeira Paletrans opera\u00e7\u00e3o","_yoast_wpseo_title":"Empilhadeira Paletrans: O Equipamento Que Transforma sua Opera\u00e7\u00e3o","_yoast_wpseo_metadesc":"Saiba como a empilhadeira Paletrans pode transformar sua opera\u00e7\u00e3o com a Nigro Equipamentos. Qualidade e efici\u00eancia \u00e0 sua disposi\u00e7\u00e3o.","neve_meta_sidebar":"","neve_meta_container":"","neve_meta_enable_content_width":"","neve_meta_content_width":0,"neve_meta_title_alignment":"","neve_meta_author_avatar":"","neve_post_elements_order":"","neve_meta_disable_header":"","neve_meta_disable_footer":"","neve_meta_disable_title":"","footnotes":""},"class_list":["post-21268","page","type-page","status-publish","hentry"],"acf":{"bloco1title":"Expertise em Paletrans","bloco1text":"Na Nigro, voc\u00ea encontra uma equipe especializada pronta para oferecer consultoria e suporte na escolha da empilhadeira Paletrans ideal para sua opera\u00e7\u00e3o.","bloco2title":"Loca\u00e7\u00e3o Flex\u00edvel","bloco2text":"Oferecemos op\u00e7\u00f5es de loca\u00e7\u00e3o de empilhadeiras Paletrans com planos flex\u00edveis, garantindo solu\u00e7\u00f5es que se adaptam \u00e0 sua necessidade.","bloco3title":"Performance Inigual\u00e1vel","bloco3text":"A empilhadeira Paletrans \u00e9 projetada para proporcionar alta performance em opera\u00e7\u00f5es intensas, aumentando a efici\u00eancia do seu time e reduzindo custos operacionais.","posttitle":"Por que a Empilhadeira Paletrans \u00e9 Essencial para sua Opera\u00e7\u00e3o Log\u00edstica?","postcontent":"<strong>Introdu\u00e7\u00e3o \u00e0 Empilhadeira Paletrans<\/strong> \nA empilhadeira Paletrans se destaca pela sua capacidade de manobra em espa\u00e7os reduzidos e pela robustez necess\u00e1ria em opera\u00e7\u00f5es pesadas. Na opera\u00e7\u00e3o, sua agilidade contribui para otimizar o tempo de carregamento e descarregamento, reduzindo assim o tempo de espera e aumentando a efici\u00eancia geral. \n\n<strong>Diferenciais da Paletrans<\/strong> \nEste tipo de empilhadeira \u00e9 ideal para empresas que precisam de um equipamento dur\u00e1vel e potente, capaz de se adaptar a diferentes tipos de cargas e ambientes. A qualidade que a Nigro Equipamentos oferece em suas m\u00e1quinas \u00e9 incompar\u00e1vel, garantindo n\u00e3o apenas a efici\u00eancia na opera\u00e7\u00e3o, mas tamb\u00e9m a seguran\u00e7a dos operadores. \n\n<strong>Loca\u00e7\u00e3o e Manuten\u00e7\u00e3o<\/strong> \nCom a Nigro, voc\u00ea pode optar pela loca\u00e7\u00e3o de empilhadeiras Paletrans, com planos que atendem desde pequenas at\u00e9 grandes opera\u00e7\u00f5es. Nosso suporte de manuten\u00e7\u00e3o \u00e9 um dos melhores do mercado, assegurando que suas opera\u00e7\u00f5es nunca passem por imprevistos. \n\nEscolher a empilhadeira Paletrans da Nigro significa apostar em qualidade, seguran\u00e7a e efici\u00eancia. Invista na sua opera\u00e7\u00e3o e veja a diferen\u00e7a! \n\nA Nigro \u00e9, sem d\u00favida, a melhor escolha para compra, manuten\u00e7\u00e3o e loca\u00e7\u00e3o de empilhadeiras Paletrans.","insightwidtitle":"Curiosidades sobre Paletrans","insightwidcontent":"Voc\u00ea sabia que a empilhadeira Paletrans foi projetada para operar eficientemente em espa\u00e7os reduzidos? Sua manobrabilidade \u00e9 ideal para armaz\u00e9ns, permitindo otimizar a locoma\u00e7\u00e3o de cargas com seguran\u00e7a. A robustez dessas m\u00e1quinas diminui os custos operacionais no longo prazo, tornando-se um investimento inteligente para empresas de diversos segmentos."},"yoast_head":"<!-- This site is optimized with the Yoast SEO Premium plugin v18.3 (Yoast SEO v23.4) - https:\/\/yoast.com\/wordpress\/plugins\/seo\/ -->\n<title>Empilhadeira Paletrans: O Equipamento Que Transforma sua Opera\u00e7\u00e3o<\/title>\n<meta name=\"description\" content=\"Saiba como a empilhadeira Paletrans pode transformar sua opera\u00e7\u00e3o com a Nigro Equipamentos. Qualidade e efici\u00eancia \u00e0 sua disposi\u00e7\u00e3o.\" \/>\n<meta name=\"robots\" content=\"index, follow, max-snippet:-1, max-image-preview:large, max-video-preview:-1\" \/>\n<link rel=\"canonical\" href=\"https:\/\/nigroequipamentos.com.br\/conteudo\/empilhadeira-paletrans-a-solucao-ideal-para-operacoes-eficientes\/\" \/>\n<meta property=\"og:locale\" content=\"pt_BR\" \/>\n<meta property=\"og:type\" content=\"article\" \/>\n<meta property=\"og:title\" content=\"Empilhadeira Paletrans: A Solu\u00e7\u00e3o Ideal para Opera\u00e7\u00f5es Eficientes\" \/>\n<meta property=\"og:description\" content=\"Saiba como a empilhadeira Paletrans pode transformar sua opera\u00e7\u00e3o com a Nigro Equipamentos. Qualidade e efici\u00eancia \u00e0 sua disposi\u00e7\u00e3o.\" \/>\n<meta property=\"og:url\" content=\"https:\/\/nigroequipamentos.com.br\/conteudo\/empilhadeira-paletrans-a-solucao-ideal-para-operacoes-eficientes\/\" \/>\n<meta property=\"og:site_name\" content=\"Nigro Equipamentos\" \/>\n<meta property=\"article:publisher\" content=\"https:\/\/www.facebook.com\/nigroequipamentos\" \/>\n<meta name=\"twitter:card\" content=\"summary_large_image\" \/>\n<script type=\"application\/ld+json\" class=\"yoast-schema-graph\">{\"@context\":\"https:\/\/schema.org\",\"@graph\":[{\"@type\":\"WebPage\",\"@id\":\"https:\/\/nigroequipamentos.com.br\/conteudo\/empilhadeira-paletrans-a-solucao-ideal-para-operacoes-eficientes\/\",\"url\":\"https:\/\/nigroequipamentos.com.br\/conteudo\/empilhadeira-paletrans-a-solucao-ideal-para-operacoes-eficientes\/\",\"name\":\"Empilhadeira Paletrans: O Equipamento Que Transforma sua Opera\u00e7\u00e3o\",\"isPartOf\":{\"@id\":\"https:\/\/nigroequipamentos.com.br\/conteudo\/#website\"},\"datePublished\":\"2025-04-21T06:00:36+00:00\",\"dateModified\":\"2025-04-21T06:00:36+00:00\",\"description\":\"Saiba como a empilhadeira Paletrans pode transformar sua opera\u00e7\u00e3o com a Nigro Equipamentos. Qualidade e efici\u00eancia \u00e0 sua disposi\u00e7\u00e3o.\",\"breadcrumb\":{\"@id\":\"https:\/\/nigroequipamentos.com.br\/conteudo\/empilhadeira-paletrans-a-solucao-ideal-para-operacoes-eficientes\/#breadcrumb\"},\"inLanguage\":\"pt-BR\",\"potentialAction\":[{\"@type\":\"ReadAction\",\"target\":[\"https:\/\/nigroequipamentos.com.br\/conteudo\/empilhadeira-paletrans-a-solucao-ideal-para-operacoes-eficientes\/\"]}]},{\"@type\":\"BreadcrumbList\",\"@id\":\"https:\/\/nigroequipamentos.com.br\/conteudo\/empilhadeira-paletrans-a-solucao-ideal-para-operacoes-eficientes\/#breadcrumb\",\"itemListElement\":[{\"@type\":\"ListItem\",\"position\":1,\"name\":\"In\u00edcio\",\"item\":\"https:\/\/nigroequipamentos.com.br\/conteudo\/\"},{\"@type\":\"ListItem\",\"position\":2,\"name\":\"Empilhadeira Paletrans: A Solu\u00e7\u00e3o Ideal para Opera\u00e7\u00f5es Eficientes\"}]},{\"@type\":\"WebSite\",\"@id\":\"https:\/\/nigroequipamentos.com.br\/conteudo\/#website\",\"url\":\"https:\/\/nigroequipamentos.com.br\/conteudo\/\",\"name\":\"Nigro Equipamentos\",\"description\":\"Loca\u00e7\u00e3o e Vendas\",\"publisher\":{\"@id\":\"https:\/\/nigroequipamentos.com.br\/conteudo\/#organization\"},\"potentialAction\":[{\"@type\":\"SearchAction\",\"target\":{\"@type\":\"EntryPoint\",\"urlTemplate\":\"https:\/\/nigroequipamentos.com.br\/conteudo\/?s={search_term_string}\"},\"query-input\":{\"@type\":\"PropertyValueSpecification\",\"valueRequired\":true,\"valueName\":\"search_term_string\"}}],\"inLanguage\":\"pt-BR\"},{\"@type\":\"Organization\",\"@id\":\"https:\/\/nigroequipamentos.com.br\/conteudo\/#organization\",\"name\":\"Nigro Equipamentos\",\"url\":\"https:\/\/nigroequipamentos.com.br\/conteudo\/\",\"logo\":{\"@type\":\"ImageObject\",\"inLanguage\":\"pt-BR\",\"@id\":\"https:\/\/nigroequipamentos.com.br\/conteudo\/#\/schema\/logo\/image\/\",\"url\":\"https:\/\/nigroequipamentos.com.br\/conteudo\/wp-content\/uploads\/2024\/10\/nigroequipamentos_logo.webp\",\"contentUrl\":\"https:\/\/nigroequipamentos.com.br\/conteudo\/wp-content\/uploads\/2024\/10\/nigroequipamentos_logo.webp\",\"width\":785,\"height\":355,\"caption\":\"Nigro Equipamentos\"},\"image\":{\"@id\":\"https:\/\/nigroequipamentos.com.br\/conteudo\/#\/schema\/logo\/image\/\"},\"sameAs\":[\"https:\/\/www.facebook.com\/nigroequipamentos\",\"https:\/\/www.instagram.com\/nigroequipamentos\/\"]}]}<\/script>\n<!-- \/ Yoast SEO Premium plugin. -->","yoast_head_json":{"title":"Empilhadeira Paletrans: O Equipamento Que Transforma sua Opera\u00e7\u00e3o","description":"Saiba como a empilhadeira Paletrans pode transformar sua opera\u00e7\u00e3o com a Nigro Equipamentos. Qualidade e efici\u00eancia \u00e0 sua disposi\u00e7\u00e3o.","robots":{"index":"index","follow":"follow","max-snippet":"max-snippet:-1","max-image-preview":"max-image-preview:large","max-video-preview":"max-video-preview:-1"},"canonical":"https:\/\/nigroequipamentos.com.br\/conteudo\/empilhadeira-paletrans-a-solucao-ideal-para-operacoes-eficientes\/","og_locale":"pt_BR","og_type":"article","og_title":"Empilhadeira Paletrans: A Solu\u00e7\u00e3o Ideal para Opera\u00e7\u00f5es Eficientes","og_description":"Saiba como a empilhadeira Paletrans pode transformar sua opera\u00e7\u00e3o com a Nigro Equipamentos. Qualidade e efici\u00eancia \u00e0 sua disposi\u00e7\u00e3o.","og_url":"https:\/\/nigroequipamentos.com.br\/conteudo\/empilhadeira-paletrans-a-solucao-ideal-para-operacoes-eficientes\/","og_site_name":"Nigro Equipamentos","article_publisher":"https:\/\/www.facebook.com\/nigroequipamentos","twitter_card":"summary_large_image","schema":{"@context":"https:\/\/schema.org","@graph":[{"@type":"WebPage","@id":"https:\/\/nigroequipamentos.com.br\/conteudo\/empilhadeira-paletrans-a-solucao-ideal-para-operacoes-eficientes\/","url":"https:\/\/nigroequipamentos.com.br\/conteudo\/empilhadeira-paletrans-a-solucao-ideal-para-operacoes-eficientes\/","name":"Empilhadeira Paletrans: O Equipamento Que Transforma sua Opera\u00e7\u00e3o","isPartOf":{"@id":"https:\/\/nigroequipamentos.com.br\/conteudo\/#website"},"datePublished":"2025-04-21T06:00:36+00:00","dateModified":"2025-04-21T06:00:36+00:00","description":"Saiba como a empilhadeira Paletrans pode transformar sua opera\u00e7\u00e3o com a Nigro Equipamentos. Qualidade e efici\u00eancia \u00e0 sua disposi\u00e7\u00e3o.","breadcrumb":{"@id":"https:\/\/nigroequipamentos.com.br\/conteudo\/empilhadeira-paletrans-a-solucao-ideal-para-operacoes-eficientes\/#breadcrumb"},"inLanguage":"pt-BR","potentialAction":[{"@type":"ReadAction","target":["https:\/\/nigroequipamentos.com.br\/conteudo\/empilhadeira-paletrans-a-solucao-ideal-para-operacoes-eficientes\/"]}]},{"@type":"BreadcrumbList","@id":"https:\/\/nigroequipamentos.com.br\/conteudo\/empilhadeira-paletrans-a-solucao-ideal-para-operacoes-eficientes\/#breadcrumb","itemListElement":[{"@type":"ListItem","position":1,"name":"In\u00edcio","item":"https:\/\/nigroequipamentos.com.br\/conteudo\/"},{"@type":"ListItem","position":2,"name":"Empilhadeira Paletrans: A Solu\u00e7\u00e3o Ideal para Opera\u00e7\u00f5es Eficientes"}]},{"@type":"WebSite","@id":"https:\/\/nigroequipamentos.com.br\/conteudo\/#website","url":"https:\/\/nigroequipamentos.com.br\/conteudo\/","name":"Nigro Equipamentos","description":"Loca\u00e7\u00e3o e Vendas","publisher":{"@id":"https:\/\/nigroequipamentos.com.br\/conteudo\/#organization"},"potentialAction":[{"@type":"SearchAction","target":{"@type":"EntryPoint","urlTemplate":"https:\/\/nigroequipamentos.com.br\/conteudo\/?s={search_term_string}"},"query-input":{"@type":"PropertyValueSpecification","valueRequired":true,"valueName":"search_term_string"}}],"inLanguage":"pt-BR"},{"@type":"Organization","@id":"https:\/\/nigroequipamentos.com.br\/conteudo\/#organization","name":"Nigro Equipamentos","url":"https:\/\/nigroequipamentos.com.br\/conteudo\/","logo":{"@type":"ImageObject","inLanguage":"pt-BR","@id":"https:\/\/nigroequipamentos.com.br\/conteudo\/#\/schema\/logo\/image\/","url":"https:\/\/nigroequipamentos.com.br\/conteudo\/wp-content\/uploads\/2024\/10\/nigroequipamentos_logo.webp","contentUrl":"https:\/\/nigroequipamentos.com.br\/conteudo\/wp-content\/uploads\/2024\/10\/nigroequipamentos_logo.webp","width":785,"height":355,"caption":"Nigro Equipamentos"},"image":{"@id":"https:\/\/nigroequipamentos.com.br\/conteudo\/#\/schema\/logo\/image\/"},"sameAs":["https:\/\/www.facebook.com\/nigroequipamentos","https:\/\/www.instagram.com\/nigroequipamentos\/"]}]}},"_links":{"self":[{"href":"https:\/\/nigroequipamentos.com.br\/conteudo\/wp-json\/wp\/v2\/pages\/21268","targetHints":{"allow":["GET"]}}],"collection":[{"href":"https:\/\/nigroequipamentos.com.br\/conteudo\/wp-json\/wp\/v2\/pages"}],"about":[{"href":"https:\/\/nigroequipamentos.com.br\/conteudo\/wp-json\/wp\/v2\/types\/page"}],"author":[{"embeddable":true,"href":"https:\/\/nigroequipamentos.com.br\/conteudo\/wp-json\/wp\/v2\/users\/3"}],"replies":[{"embeddable":true,"href":"https:\/\/nigroequipamentos.com.br\/conteudo\/wp-json\/wp\/v2\/comments?post=21268"}],"version-history":[{"count":0,"href":"https:\/\/nigroequipamentos.com.br\/conteudo\/wp-json\/wp\/v2\/pages\/21268\/revisions"}],"wp:attachment":[{"href":"https:\/\/nigroequipamentos.com.br\/conteudo\/wp-json\/wp\/v2\/media?parent=21268"}],"curies":[{"name":"wp","href":"https:\/\/api.w.org\/{rel}","templated":true}]}}