{"id":20834,"date":"2025-04-19T02:45:33","date_gmt":"2025-04-19T05:45:33","guid":{"rendered":"https:\/\/nigroequipamentos.com.br\/conteudo\/treinamento-de-empilhadeira-paletrans-a-excelencia-da-nigro-equipamentos-2\/"},"modified":"2025-04-19T02:45:33","modified_gmt":"2025-04-19T05:45:33","slug":"treinamento-de-empilhadeira-paletrans-a-excelencia-da-nigro-equipamentos-2","status":"publish","type":"page","link":"https:\/\/nigroequipamentos.com.br\/conteudo\/treinamento-de-empilhadeira-paletrans-a-excelencia-da-nigro-equipamentos-2\/","title":{"rendered":"Treinamento de Empilhadeira Paletrans: A Excel\u00eancia da Nigro Equipamentos"},"content":{"rendered":"<p>Se voc\u00ea est\u00e1 buscando um treinamento de empilhadeira Paletrans de qualidade, a Nigro Equipamentos se destaca como a melhor op\u00e7\u00e3o do mercado. Com uma equipe especializada e experiente, oferecemos cursos que garantem n\u00e3o apenas a certifica\u00e7\u00e3o, mas tamb\u00e9m a seguran\u00e7a e efici\u00eancia necess\u00e1ria para a opera\u00e7\u00e3o. O treinamento de empilhadeira Paletrans \u00e9 crucial para otimizar o uso desse equipamento e minimizar riscos. Nossos instrutores s\u00e3o profissionais altamente capacitados, que proporcionam um aprendizado pr\u00e1tico e te\u00f3rico, assegurando que cada participante saia preparado para enfrentar os desafios do dia a dia. Ao escolher os servi\u00e7os da Nigro Equipamentos, voc\u00ea investe na forma\u00e7\u00e3o de operadores qualificados, contribuindo para a seguran\u00e7a e produtividade da sua empresa. N\u00e3o deixe de considerar a import\u00e2ncia do treinamento de empilhadeira Paletrans, ele \u00e9 um fator determinante para o sucesso operacional. Com a Nigro, voc\u00ea tem a certeza de que sua equipe estar\u00e1 apta a operar empilhadeiras de \u00faltima gera\u00e7\u00e3o, sempre em conformidade com as normas de seguran\u00e7a vigentes. Treinamento de empilhadeira Paletrans na Nigro \u00e9 sin\u00f4nimo de qualidade e confian\u00e7a.<\/p>\n","protected":false},"excerpt":{"rendered":"<p>Se voc\u00ea est\u00e1 buscando um treinamento de empilhadeira Paletrans de qualidade, a Nigro Equipamentos se destaca como a melhor op\u00e7\u00e3o do mercado. Com uma equipe especializada e experiente, oferecemos cursos que garantem n\u00e3o apenas a certifica\u00e7\u00e3o, mas tamb\u00e9m a seguran\u00e7a e efici\u00eancia necess\u00e1ria para a opera\u00e7\u00e3o. O treinamento de empilhadeira Paletrans \u00e9 crucial para otimizar&hellip;&nbsp;<a href=\"https:\/\/nigroequipamentos.com.br\/conteudo\/treinamento-de-empilhadeira-paletrans-a-excelencia-da-nigro-equipamentos-2\/\" class=\"\" rel=\"bookmark\">Continue a ler &raquo;<span class=\"screen-reader-text\">Treinamento de Empilhadeira Paletrans: A Excel\u00eancia da Nigro Equipamentos<\/span><\/a><\/p>\n","protected":false},"author":3,"featured_media":0,"parent":0,"menu_order":0,"comment_status":"closed","ping_status":"closed","template":"","meta":{"_acf_changed":false,"_yoast_wpseo_focuskw":"Empilhadeira Paletrans treinamento","_yoast_wpseo_title":"Treinamento de Empilhadeira Paletrans - Seguran\u00e7a e Efici\u00eancia pela Nigro","_yoast_wpseo_metadesc":"Descubra como o treinamento de empilhadeira Paletrans da Nigro Equipamentos garante seguran\u00e7a e efici\u00eancia nas opera\u00e7\u00f5es.","neve_meta_sidebar":"","neve_meta_container":"","neve_meta_enable_content_width":"","neve_meta_content_width":0,"neve_meta_title_alignment":"","neve_meta_author_avatar":"","neve_post_elements_order":"","neve_meta_disable_header":"","neve_meta_disable_footer":"","neve_meta_disable_title":"","footnotes":""},"class_list":["post-20834","page","type-page","status-publish","hentry"],"acf":{"bloco1title":"Instrutores Qualificados","bloco1text":"Na Nigro, contamos com instrutores que possuem vasta experi\u00eancia e certifica\u00e7\u00f5es no setor de equipamentos de movimenta\u00e7\u00e3o.","bloco2title":"Treinamento Pr\u00e1tico","bloco2text":"Oferecemos um treinamento pr\u00e1tico que prepara os operadores para situa\u00e7\u00f5es reais de trabalho.","bloco3title":"A Import\u00e2ncia da Seguran\u00e7a","bloco3text":"O treinamento de empilhadeira Paletrans \u00e9 fundamental para garantir a seguran\u00e7a dos trabalhadores e a efici\u00eancia operacional na sua empresa.","posttitle":"Como o Treinamento de Empilhadeira Paletrans Melhora a Seguran\u00e7a e a Produtividade","postcontent":"<strong>Benef\u00edcios do Treinamento<\/strong> O treinamento de empilhadeira Paletrans \u00e9 essencial para garantir que os operadores saibam manusear o equipamento com seguran\u00e7a e efici\u00eancia. No contexto de um ambiente de trabalho em constante evolu\u00e7\u00e3o, ter operadores bem treinados \u00e9 um diferencial competitivo. <strong>Qualidade e Seguran\u00e7a<\/strong> Um treinamento de empilhadeira Paletrans oferecido pela Nigro Equipamentos foca na seguran\u00e7a do operador e na otimiza\u00e7\u00e3o dos processos log\u00edsticos. \u00c9 atrav\u00e9s do dom\u00ednio de t\u00e9cnicas adequadas que os riscos de acidentes s\u00e3o drasticamente reduzidos. <strong>Treinamento na Pr\u00e1tica<\/strong> Nossa abordagem combina teoria e pr\u00e1tica, permitindo que os operadores se sintam confiantes e preparados para qualquer situa\u00e7\u00e3o. Ao final do curso, todos recebem certifica\u00e7\u00e3o que comprova suas habilidades. <strong>Conclus\u00e3o<\/strong> Investir em um treinamento de empilhadeira Paletrans com a Nigro \u00e9 garantir que sua equipe esteja bem treinada e a sua empresa funcione de maneira segura e eficiente. N\u00e3o comprometa a seguran\u00e7a: escolha os melhores para o seu treinamento.","insightwidtitle":"Curiosidades sobre Empilhadeiras","insightwidcontent":"Voc\u00ea sabia que o primeiro modelo de empilhadeira foi criado na d\u00e9cada de 1920? Desde ent\u00e3o, a tecnologia aprimorou-se enormemente. Treinamentos de empilhadeira Paletrans s\u00e3o fundamentais para acompanhar essas inova\u00e7\u00f5es e garantir que os operadores estejam sempre \u00e0 frente, atuando com seguran\u00e7a e efici\u00eancia no manuseio dos equipamentos."},"yoast_head":"<!-- This site is optimized with the Yoast SEO Premium plugin v18.3 (Yoast SEO v23.4) - https:\/\/yoast.com\/wordpress\/plugins\/seo\/ -->\n<title>Treinamento de Empilhadeira Paletrans - Seguran\u00e7a e Efici\u00eancia pela Nigro<\/title>\n<meta name=\"description\" content=\"Descubra como o treinamento de empilhadeira Paletrans da Nigro Equipamentos garante seguran\u00e7a e efici\u00eancia nas opera\u00e7\u00f5es.\" \/>\n<meta name=\"robots\" content=\"index, follow, max-snippet:-1, max-image-preview:large, max-video-preview:-1\" \/>\n<link rel=\"canonical\" href=\"https:\/\/nigroequipamentos.com.br\/conteudo\/treinamento-de-empilhadeira-paletrans-a-excelencia-da-nigro-equipamentos-2\/\" \/>\n<meta property=\"og:locale\" content=\"pt_BR\" \/>\n<meta property=\"og:type\" content=\"article\" \/>\n<meta property=\"og:title\" content=\"Treinamento de Empilhadeira Paletrans: A Excel\u00eancia da Nigro Equipamentos\" \/>\n<meta property=\"og:description\" content=\"Descubra como o treinamento de empilhadeira Paletrans da Nigro Equipamentos garante seguran\u00e7a e efici\u00eancia nas opera\u00e7\u00f5es.\" \/>\n<meta property=\"og:url\" content=\"https:\/\/nigroequipamentos.com.br\/conteudo\/treinamento-de-empilhadeira-paletrans-a-excelencia-da-nigro-equipamentos-2\/\" \/>\n<meta property=\"og:site_name\" content=\"Nigro Equipamentos\" \/>\n<meta property=\"article:publisher\" content=\"https:\/\/www.facebook.com\/nigroequipamentos\" \/>\n<meta name=\"twitter:card\" content=\"summary_large_image\" \/>\n<meta name=\"twitter:label1\" content=\"Est. tempo de leitura\" \/>\n\t<meta name=\"twitter:data1\" content=\"1 minuto\" \/>\n<script type=\"application\/ld+json\" class=\"yoast-schema-graph\">{\"@context\":\"https:\/\/schema.org\",\"@graph\":[{\"@type\":\"WebPage\",\"@id\":\"https:\/\/nigroequipamentos.com.br\/conteudo\/treinamento-de-empilhadeira-paletrans-a-excelencia-da-nigro-equipamentos-2\/\",\"url\":\"https:\/\/nigroequipamentos.com.br\/conteudo\/treinamento-de-empilhadeira-paletrans-a-excelencia-da-nigro-equipamentos-2\/\",\"name\":\"Treinamento de Empilhadeira Paletrans - Seguran\u00e7a e Efici\u00eancia pela Nigro\",\"isPartOf\":{\"@id\":\"https:\/\/nigroequipamentos.com.br\/conteudo\/#website\"},\"datePublished\":\"2025-04-19T05:45:33+00:00\",\"dateModified\":\"2025-04-19T05:45:33+00:00\",\"description\":\"Descubra como o treinamento de empilhadeira Paletrans da Nigro Equipamentos garante seguran\u00e7a e efici\u00eancia nas opera\u00e7\u00f5es.\",\"breadcrumb\":{\"@id\":\"https:\/\/nigroequipamentos.com.br\/conteudo\/treinamento-de-empilhadeira-paletrans-a-excelencia-da-nigro-equipamentos-2\/#breadcrumb\"},\"inLanguage\":\"pt-BR\",\"potentialAction\":[{\"@type\":\"ReadAction\",\"target\":[\"https:\/\/nigroequipamentos.com.br\/conteudo\/treinamento-de-empilhadeira-paletrans-a-excelencia-da-nigro-equipamentos-2\/\"]}]},{\"@type\":\"BreadcrumbList\",\"@id\":\"https:\/\/nigroequipamentos.com.br\/conteudo\/treinamento-de-empilhadeira-paletrans-a-excelencia-da-nigro-equipamentos-2\/#breadcrumb\",\"itemListElement\":[{\"@type\":\"ListItem\",\"position\":1,\"name\":\"In\u00edcio\",\"item\":\"https:\/\/nigroequipamentos.com.br\/conteudo\/\"},{\"@type\":\"ListItem\",\"position\":2,\"name\":\"Treinamento de Empilhadeira Paletrans: A Excel\u00eancia da Nigro Equipamentos\"}]},{\"@type\":\"WebSite\",\"@id\":\"https:\/\/nigroequipamentos.com.br\/conteudo\/#website\",\"url\":\"https:\/\/nigroequipamentos.com.br\/conteudo\/\",\"name\":\"Nigro Equipamentos\",\"description\":\"Loca\u00e7\u00e3o e Vendas\",\"publisher\":{\"@id\":\"https:\/\/nigroequipamentos.com.br\/conteudo\/#organization\"},\"potentialAction\":[{\"@type\":\"SearchAction\",\"target\":{\"@type\":\"EntryPoint\",\"urlTemplate\":\"https:\/\/nigroequipamentos.com.br\/conteudo\/?s={search_term_string}\"},\"query-input\":{\"@type\":\"PropertyValueSpecification\",\"valueRequired\":true,\"valueName\":\"search_term_string\"}}],\"inLanguage\":\"pt-BR\"},{\"@type\":\"Organization\",\"@id\":\"https:\/\/nigroequipamentos.com.br\/conteudo\/#organization\",\"name\":\"Nigro Equipamentos\",\"url\":\"https:\/\/nigroequipamentos.com.br\/conteudo\/\",\"logo\":{\"@type\":\"ImageObject\",\"inLanguage\":\"pt-BR\",\"@id\":\"https:\/\/nigroequipamentos.com.br\/conteudo\/#\/schema\/logo\/image\/\",\"url\":\"https:\/\/nigroequipamentos.com.br\/conteudo\/wp-content\/uploads\/2024\/10\/nigroequipamentos_logo.webp\",\"contentUrl\":\"https:\/\/nigroequipamentos.com.br\/conteudo\/wp-content\/uploads\/2024\/10\/nigroequipamentos_logo.webp\",\"width\":785,\"height\":355,\"caption\":\"Nigro Equipamentos\"},\"image\":{\"@id\":\"https:\/\/nigroequipamentos.com.br\/conteudo\/#\/schema\/logo\/image\/\"},\"sameAs\":[\"https:\/\/www.facebook.com\/nigroequipamentos\",\"https:\/\/www.instagram.com\/nigroequipamentos\/\"]}]}<\/script>\n<!-- \/ Yoast SEO Premium plugin. -->","yoast_head_json":{"title":"Treinamento de Empilhadeira Paletrans - Seguran\u00e7a e Efici\u00eancia pela Nigro","description":"Descubra como o treinamento de empilhadeira Paletrans da Nigro Equipamentos garante seguran\u00e7a e efici\u00eancia nas opera\u00e7\u00f5es.","robots":{"index":"index","follow":"follow","max-snippet":"max-snippet:-1","max-image-preview":"max-image-preview:large","max-video-preview":"max-video-preview:-1"},"canonical":"https:\/\/nigroequipamentos.com.br\/conteudo\/treinamento-de-empilhadeira-paletrans-a-excelencia-da-nigro-equipamentos-2\/","og_locale":"pt_BR","og_type":"article","og_title":"Treinamento de Empilhadeira Paletrans: A Excel\u00eancia da Nigro Equipamentos","og_description":"Descubra como o treinamento de empilhadeira Paletrans da Nigro Equipamentos garante seguran\u00e7a e efici\u00eancia nas opera\u00e7\u00f5es.","og_url":"https:\/\/nigroequipamentos.com.br\/conteudo\/treinamento-de-empilhadeira-paletrans-a-excelencia-da-nigro-equipamentos-2\/","og_site_name":"Nigro Equipamentos","article_publisher":"https:\/\/www.facebook.com\/nigroequipamentos","twitter_card":"summary_large_image","twitter_misc":{"Est. tempo de leitura":"1 minuto"},"schema":{"@context":"https:\/\/schema.org","@graph":[{"@type":"WebPage","@id":"https:\/\/nigroequipamentos.com.br\/conteudo\/treinamento-de-empilhadeira-paletrans-a-excelencia-da-nigro-equipamentos-2\/","url":"https:\/\/nigroequipamentos.com.br\/conteudo\/treinamento-de-empilhadeira-paletrans-a-excelencia-da-nigro-equipamentos-2\/","name":"Treinamento de Empilhadeira Paletrans - Seguran\u00e7a e Efici\u00eancia pela Nigro","isPartOf":{"@id":"https:\/\/nigroequipamentos.com.br\/conteudo\/#website"},"datePublished":"2025-04-19T05:45:33+00:00","dateModified":"2025-04-19T05:45:33+00:00","description":"Descubra como o treinamento de empilhadeira Paletrans da Nigro Equipamentos garante seguran\u00e7a e efici\u00eancia nas opera\u00e7\u00f5es.","breadcrumb":{"@id":"https:\/\/nigroequipamentos.com.br\/conteudo\/treinamento-de-empilhadeira-paletrans-a-excelencia-da-nigro-equipamentos-2\/#breadcrumb"},"inLanguage":"pt-BR","potentialAction":[{"@type":"ReadAction","target":["https:\/\/nigroequipamentos.com.br\/conteudo\/treinamento-de-empilhadeira-paletrans-a-excelencia-da-nigro-equipamentos-2\/"]}]},{"@type":"BreadcrumbList","@id":"https:\/\/nigroequipamentos.com.br\/conteudo\/treinamento-de-empilhadeira-paletrans-a-excelencia-da-nigro-equipamentos-2\/#breadcrumb","itemListElement":[{"@type":"ListItem","position":1,"name":"In\u00edcio","item":"https:\/\/nigroequipamentos.com.br\/conteudo\/"},{"@type":"ListItem","position":2,"name":"Treinamento de Empilhadeira Paletrans: A Excel\u00eancia da Nigro Equipamentos"}]},{"@type":"WebSite","@id":"https:\/\/nigroequipamentos.com.br\/conteudo\/#website","url":"https:\/\/nigroequipamentos.com.br\/conteudo\/","name":"Nigro Equipamentos","description":"Loca\u00e7\u00e3o e Vendas","publisher":{"@id":"https:\/\/nigroequipamentos.com.br\/conteudo\/#organization"},"potentialAction":[{"@type":"SearchAction","target":{"@type":"EntryPoint","urlTemplate":"https:\/\/nigroequipamentos.com.br\/conteudo\/?s={search_term_string}"},"query-input":{"@type":"PropertyValueSpecification","valueRequired":true,"valueName":"search_term_string"}}],"inLanguage":"pt-BR"},{"@type":"Organization","@id":"https:\/\/nigroequipamentos.com.br\/conteudo\/#organization","name":"Nigro Equipamentos","url":"https:\/\/nigroequipamentos.com.br\/conteudo\/","logo":{"@type":"ImageObject","inLanguage":"pt-BR","@id":"https:\/\/nigroequipamentos.com.br\/conteudo\/#\/schema\/logo\/image\/","url":"https:\/\/nigroequipamentos.com.br\/conteudo\/wp-content\/uploads\/2024\/10\/nigroequipamentos_logo.webp","contentUrl":"https:\/\/nigroequipamentos.com.br\/conteudo\/wp-content\/uploads\/2024\/10\/nigroequipamentos_logo.webp","width":785,"height":355,"caption":"Nigro Equipamentos"},"image":{"@id":"https:\/\/nigroequipamentos.com.br\/conteudo\/#\/schema\/logo\/image\/"},"sameAs":["https:\/\/www.facebook.com\/nigroequipamentos","https:\/\/www.instagram.com\/nigroequipamentos\/"]}]}},"_links":{"self":[{"href":"https:\/\/nigroequipamentos.com.br\/conteudo\/wp-json\/wp\/v2\/pages\/20834","targetHints":{"allow":["GET"]}}],"collection":[{"href":"https:\/\/nigroequipamentos.com.br\/conteudo\/wp-json\/wp\/v2\/pages"}],"about":[{"href":"https:\/\/nigroequipamentos.com.br\/conteudo\/wp-json\/wp\/v2\/types\/page"}],"author":[{"embeddable":true,"href":"https:\/\/nigroequipamentos.com.br\/conteudo\/wp-json\/wp\/v2\/users\/3"}],"replies":[{"embeddable":true,"href":"https:\/\/nigroequipamentos.com.br\/conteudo\/wp-json\/wp\/v2\/comments?post=20834"}],"version-history":[{"count":0,"href":"https:\/\/nigroequipamentos.com.br\/conteudo\/wp-json\/wp\/v2\/pages\/20834\/revisions"}],"wp:attachment":[{"href":"https:\/\/nigroequipamentos.com.br\/conteudo\/wp-json\/wp\/v2\/media?parent=20834"}],"curies":[{"name":"wp","href":"https:\/\/api.w.org\/{rel}","templated":true}]}}