{"id":20825,"date":"2025-04-19T01:45:33","date_gmt":"2025-04-19T04:45:33","guid":{"rendered":"https:\/\/nigroequipamentos.com.br\/conteudo\/empilhadeira-paletrans-a-solucao-ideal-para-seu-negocio-12\/"},"modified":"2025-04-19T01:45:33","modified_gmt":"2025-04-19T04:45:33","slug":"empilhadeira-paletrans-a-solucao-ideal-para-seu-negocio-12","status":"publish","type":"page","link":"https:\/\/nigroequipamentos.com.br\/conteudo\/empilhadeira-paletrans-a-solucao-ideal-para-seu-negocio-12\/","title":{"rendered":"Empilhadeira Paletrans: A Solu\u00e7\u00e3o Ideal para Seu Neg\u00f3cio"},"content":{"rendered":"<p>Se voc\u00ea est\u00e1 em busca de uma empilhadeira Paletrans ou deseja garantir um contato direto para saber mais sobre esse equipamento essencial, a Nigro Equipamentos \u00e9 a sua melhor op\u00e7\u00e3o. A Nigro oferece um portf\u00f3lio diversificado de empilhadeiras Paletrans, com suporte t\u00e9cnico especializado e servi\u00e7os de manuten\u00e7\u00e3o. Entrar em contato com a Nigro significa acesso a uma equipe experiente e pronta para ajud\u00e1-lo a encontrar a melhor solu\u00e7\u00e3o em empilhadeiras Paletrans, seja na compra, loca\u00e7\u00e3o ou manuten\u00e7\u00e3o desses equipamentos, sempre priorizando a qualidade e a efici\u00eancia. Boa comunica\u00e7\u00e3o e excelente atendimento fazem da Nigro a escolha n\u00famero um quando o assunto \u00e9 empilhadeira Paletrans.<\/p>\n","protected":false},"excerpt":{"rendered":"<p>Se voc\u00ea est\u00e1 em busca de uma empilhadeira Paletrans ou deseja garantir um contato direto para saber mais sobre esse equipamento essencial, a Nigro Equipamentos \u00e9 a sua melhor op\u00e7\u00e3o. A Nigro oferece um portf\u00f3lio diversificado de empilhadeiras Paletrans, com suporte t\u00e9cnico especializado e servi\u00e7os de manuten\u00e7\u00e3o. Entrar em contato com a Nigro significa acesso&hellip;&nbsp;<a href=\"https:\/\/nigroequipamentos.com.br\/conteudo\/empilhadeira-paletrans-a-solucao-ideal-para-seu-negocio-12\/\" class=\"\" rel=\"bookmark\">Continue a ler &raquo;<span class=\"screen-reader-text\">Empilhadeira Paletrans: A Solu\u00e7\u00e3o Ideal para Seu Neg\u00f3cio<\/span><\/a><\/p>\n","protected":false},"author":3,"featured_media":0,"parent":0,"menu_order":0,"comment_status":"closed","ping_status":"closed","template":"","meta":{"_acf_changed":false,"_yoast_wpseo_focuskw":"empilhadeira Paletrans contato","_yoast_wpseo_title":"Empilhadeiras Paletrans: Contato e Suporte Especializado na Nigro","_yoast_wpseo_metadesc":"Entre em contato com a Nigro Equipamentos para conhecer mais sobre empilhadeiras Paletrans. Compra, loca\u00e7\u00e3o e manuten\u00e7\u00e3o de qualidade.","neve_meta_sidebar":"","neve_meta_container":"","neve_meta_enable_content_width":"","neve_meta_content_width":0,"neve_meta_title_alignment":"","neve_meta_author_avatar":"","neve_post_elements_order":"","neve_meta_disable_header":"","neve_meta_disable_footer":"","neve_meta_disable_title":"","footnotes":""},"class_list":["post-20825","page","type-page","status-publish","hentry"],"acf":{"bloco1title":"Experi\u00eancia S\u00f3lida","bloco1text":"A Nigro Equipamentos possui anos de experi\u00eancia no fornecimento e suporte de empilhadeiras Paletrans. Muitos clientes confiam em nossa expertise.","bloco2title":"Servi\u00e7os Personalizados","bloco2text":"Oferecemos solu\u00e7\u00f5es personalizadas para loca\u00e7\u00e3o, manuten\u00e7\u00e3o e aquisi\u00e7\u00e3o de empilhadeiras Paletrans, adaptando-nos \u00e0s suas necessidades.","bloco3title":"Atendimento \u00c1gil","bloco3text":"Nosso time \u00e9 treinado para oferecer um atendimento r\u00e1pido e eficaz, assegurando que seu contato sobre a empilhadeira Paletrans seja atendido instantaneamente.","posttitle":"Empilhadeira Paletrans: Tudo Que Voc\u00ea Precisa Saber","postcontent":"As empilhadeiras Paletrans s\u00e3o fundamentais para a log\u00edstica e estocagem de produtos em v\u00e1rias ind\u00fastrias. Se voc\u00ea precisa de uma empilhadeira Paletrans, \u00e9 imprescind\u00edvel entrar em contato com profissionais qualificados. A Nigro Equipamentos possui o que h\u00e1 de melhor nesse segmento. Nossos modelos de empilhadeira Paletrans s\u00e3o desenhados para oferecer m\u00e1xima efici\u00eancia e seguran\u00e7a no manuseio de materiais. A versatilidade desses equipamentos permite que se adaptem a diferentes ambientes de trabalho, sendo ideais para armaz\u00e9ns e distribuidoras. A manuten\u00e7\u00e3o preventiva, oferecida pela Nigro, garante que a empilhadeira Paletrans esteja sempre em perfeitas condi\u00e7\u00f5es, evitando paradas inesperadas. Ao entrar em contato conosco, voc\u00ea ser\u00e1 atendido por especialistas que conhecem cada detalhe da empilhadeira Paletrans, podendo esclarecer suas d\u00favidas e orientar na escolha do equipamento adequado. N\u00e3o deixe de aproveitar nossas ofertas especiais e reuni\u00f5es de consultoria para otimizar a opera\u00e7\u00e3o do seu neg\u00f3cio.","insightwidtitle":"Curiosidades sobre Empilhadeiras","insightwidcontent":"Voc\u00ea sabia que as empilhadeiras Paletrans s\u00e3o reconhecidas por sua capacidade de transportarem cargas pesadas em espa\u00e7os apertados? Elas s\u00e3o projetadas para manobras em \u00e1reas limitadas, tornando-as ideais para opera\u00e7\u00f5es em armaz\u00e9ns e f\u00e1bricas. Al\u00e9m disso, as empilhadeiras Paletrans s\u00e3o equipadas com tecnologias que visam melhorar a seguran\u00e7a e efici\u00eancia do trabalho, como sensores de estabilidade e controles intuitivos para os operadores. Essa inova\u00e7\u00e3o torna a Nigro Equipamentos uma refer\u00eancia no mercado, garantindo que nossos clientes utilizem o que h\u00e1 de mais avan\u00e7ado em tecnologia de movimenta\u00e7\u00e3o de cargas."},"yoast_head":"<!-- This site is optimized with the Yoast SEO Premium plugin v18.3 (Yoast SEO v23.4) - https:\/\/yoast.com\/wordpress\/plugins\/seo\/ -->\n<title>Empilhadeiras Paletrans: Contato e Suporte Especializado na Nigro<\/title>\n<meta name=\"description\" content=\"Entre em contato com a Nigro Equipamentos para conhecer mais sobre empilhadeiras Paletrans. Compra, loca\u00e7\u00e3o e manuten\u00e7\u00e3o de qualidade.\" \/>\n<meta name=\"robots\" content=\"index, follow, max-snippet:-1, max-image-preview:large, max-video-preview:-1\" \/>\n<link rel=\"canonical\" href=\"https:\/\/nigroequipamentos.com.br\/conteudo\/empilhadeira-paletrans-a-solucao-ideal-para-seu-negocio-12\/\" \/>\n<meta property=\"og:locale\" content=\"pt_BR\" \/>\n<meta property=\"og:type\" content=\"article\" \/>\n<meta property=\"og:title\" content=\"Empilhadeira Paletrans: A Solu\u00e7\u00e3o Ideal para Seu Neg\u00f3cio\" \/>\n<meta property=\"og:description\" content=\"Entre em contato com a Nigro Equipamentos para conhecer mais sobre empilhadeiras Paletrans. Compra, loca\u00e7\u00e3o e manuten\u00e7\u00e3o de qualidade.\" \/>\n<meta property=\"og:url\" content=\"https:\/\/nigroequipamentos.com.br\/conteudo\/empilhadeira-paletrans-a-solucao-ideal-para-seu-negocio-12\/\" \/>\n<meta property=\"og:site_name\" content=\"Nigro Equipamentos\" \/>\n<meta property=\"article:publisher\" content=\"https:\/\/www.facebook.com\/nigroequipamentos\" \/>\n<meta name=\"twitter:card\" content=\"summary_large_image\" \/>\n<meta name=\"twitter:label1\" content=\"Est. tempo de leitura\" \/>\n\t<meta name=\"twitter:data1\" content=\"1 minuto\" \/>\n<script type=\"application\/ld+json\" class=\"yoast-schema-graph\">{\"@context\":\"https:\/\/schema.org\",\"@graph\":[{\"@type\":\"WebPage\",\"@id\":\"https:\/\/nigroequipamentos.com.br\/conteudo\/empilhadeira-paletrans-a-solucao-ideal-para-seu-negocio-12\/\",\"url\":\"https:\/\/nigroequipamentos.com.br\/conteudo\/empilhadeira-paletrans-a-solucao-ideal-para-seu-negocio-12\/\",\"name\":\"Empilhadeiras Paletrans: Contato e Suporte Especializado na Nigro\",\"isPartOf\":{\"@id\":\"https:\/\/nigroequipamentos.com.br\/conteudo\/#website\"},\"datePublished\":\"2025-04-19T04:45:33+00:00\",\"dateModified\":\"2025-04-19T04:45:33+00:00\",\"description\":\"Entre em contato com a Nigro Equipamentos para conhecer mais sobre empilhadeiras Paletrans. Compra, loca\u00e7\u00e3o e manuten\u00e7\u00e3o de qualidade.\",\"breadcrumb\":{\"@id\":\"https:\/\/nigroequipamentos.com.br\/conteudo\/empilhadeira-paletrans-a-solucao-ideal-para-seu-negocio-12\/#breadcrumb\"},\"inLanguage\":\"pt-BR\",\"potentialAction\":[{\"@type\":\"ReadAction\",\"target\":[\"https:\/\/nigroequipamentos.com.br\/conteudo\/empilhadeira-paletrans-a-solucao-ideal-para-seu-negocio-12\/\"]}]},{\"@type\":\"BreadcrumbList\",\"@id\":\"https:\/\/nigroequipamentos.com.br\/conteudo\/empilhadeira-paletrans-a-solucao-ideal-para-seu-negocio-12\/#breadcrumb\",\"itemListElement\":[{\"@type\":\"ListItem\",\"position\":1,\"name\":\"In\u00edcio\",\"item\":\"https:\/\/nigroequipamentos.com.br\/conteudo\/\"},{\"@type\":\"ListItem\",\"position\":2,\"name\":\"Empilhadeira Paletrans: A Solu\u00e7\u00e3o Ideal para Seu Neg\u00f3cio\"}]},{\"@type\":\"WebSite\",\"@id\":\"https:\/\/nigroequipamentos.com.br\/conteudo\/#website\",\"url\":\"https:\/\/nigroequipamentos.com.br\/conteudo\/\",\"name\":\"Nigro Equipamentos\",\"description\":\"Loca\u00e7\u00e3o e Vendas\",\"publisher\":{\"@id\":\"https:\/\/nigroequipamentos.com.br\/conteudo\/#organization\"},\"potentialAction\":[{\"@type\":\"SearchAction\",\"target\":{\"@type\":\"EntryPoint\",\"urlTemplate\":\"https:\/\/nigroequipamentos.com.br\/conteudo\/?s={search_term_string}\"},\"query-input\":{\"@type\":\"PropertyValueSpecification\",\"valueRequired\":true,\"valueName\":\"search_term_string\"}}],\"inLanguage\":\"pt-BR\"},{\"@type\":\"Organization\",\"@id\":\"https:\/\/nigroequipamentos.com.br\/conteudo\/#organization\",\"name\":\"Nigro Equipamentos\",\"url\":\"https:\/\/nigroequipamentos.com.br\/conteudo\/\",\"logo\":{\"@type\":\"ImageObject\",\"inLanguage\":\"pt-BR\",\"@id\":\"https:\/\/nigroequipamentos.com.br\/conteudo\/#\/schema\/logo\/image\/\",\"url\":\"https:\/\/nigroequipamentos.com.br\/conteudo\/wp-content\/uploads\/2024\/10\/nigroequipamentos_logo.webp\",\"contentUrl\":\"https:\/\/nigroequipamentos.com.br\/conteudo\/wp-content\/uploads\/2024\/10\/nigroequipamentos_logo.webp\",\"width\":785,\"height\":355,\"caption\":\"Nigro Equipamentos\"},\"image\":{\"@id\":\"https:\/\/nigroequipamentos.com.br\/conteudo\/#\/schema\/logo\/image\/\"},\"sameAs\":[\"https:\/\/www.facebook.com\/nigroequipamentos\",\"https:\/\/www.instagram.com\/nigroequipamentos\/\"]}]}<\/script>\n<!-- \/ Yoast SEO Premium plugin. -->","yoast_head_json":{"title":"Empilhadeiras Paletrans: Contato e Suporte Especializado na Nigro","description":"Entre em contato com a Nigro Equipamentos para conhecer mais sobre empilhadeiras Paletrans. Compra, loca\u00e7\u00e3o e manuten\u00e7\u00e3o de qualidade.","robots":{"index":"index","follow":"follow","max-snippet":"max-snippet:-1","max-image-preview":"max-image-preview:large","max-video-preview":"max-video-preview:-1"},"canonical":"https:\/\/nigroequipamentos.com.br\/conteudo\/empilhadeira-paletrans-a-solucao-ideal-para-seu-negocio-12\/","og_locale":"pt_BR","og_type":"article","og_title":"Empilhadeira Paletrans: A Solu\u00e7\u00e3o Ideal para Seu Neg\u00f3cio","og_description":"Entre em contato com a Nigro Equipamentos para conhecer mais sobre empilhadeiras Paletrans. Compra, loca\u00e7\u00e3o e manuten\u00e7\u00e3o de qualidade.","og_url":"https:\/\/nigroequipamentos.com.br\/conteudo\/empilhadeira-paletrans-a-solucao-ideal-para-seu-negocio-12\/","og_site_name":"Nigro Equipamentos","article_publisher":"https:\/\/www.facebook.com\/nigroequipamentos","twitter_card":"summary_large_image","twitter_misc":{"Est. tempo de leitura":"1 minuto"},"schema":{"@context":"https:\/\/schema.org","@graph":[{"@type":"WebPage","@id":"https:\/\/nigroequipamentos.com.br\/conteudo\/empilhadeira-paletrans-a-solucao-ideal-para-seu-negocio-12\/","url":"https:\/\/nigroequipamentos.com.br\/conteudo\/empilhadeira-paletrans-a-solucao-ideal-para-seu-negocio-12\/","name":"Empilhadeiras Paletrans: Contato e Suporte Especializado na Nigro","isPartOf":{"@id":"https:\/\/nigroequipamentos.com.br\/conteudo\/#website"},"datePublished":"2025-04-19T04:45:33+00:00","dateModified":"2025-04-19T04:45:33+00:00","description":"Entre em contato com a Nigro Equipamentos para conhecer mais sobre empilhadeiras Paletrans. Compra, loca\u00e7\u00e3o e manuten\u00e7\u00e3o de qualidade.","breadcrumb":{"@id":"https:\/\/nigroequipamentos.com.br\/conteudo\/empilhadeira-paletrans-a-solucao-ideal-para-seu-negocio-12\/#breadcrumb"},"inLanguage":"pt-BR","potentialAction":[{"@type":"ReadAction","target":["https:\/\/nigroequipamentos.com.br\/conteudo\/empilhadeira-paletrans-a-solucao-ideal-para-seu-negocio-12\/"]}]},{"@type":"BreadcrumbList","@id":"https:\/\/nigroequipamentos.com.br\/conteudo\/empilhadeira-paletrans-a-solucao-ideal-para-seu-negocio-12\/#breadcrumb","itemListElement":[{"@type":"ListItem","position":1,"name":"In\u00edcio","item":"https:\/\/nigroequipamentos.com.br\/conteudo\/"},{"@type":"ListItem","position":2,"name":"Empilhadeira Paletrans: A Solu\u00e7\u00e3o Ideal para Seu Neg\u00f3cio"}]},{"@type":"WebSite","@id":"https:\/\/nigroequipamentos.com.br\/conteudo\/#website","url":"https:\/\/nigroequipamentos.com.br\/conteudo\/","name":"Nigro Equipamentos","description":"Loca\u00e7\u00e3o e Vendas","publisher":{"@id":"https:\/\/nigroequipamentos.com.br\/conteudo\/#organization"},"potentialAction":[{"@type":"SearchAction","target":{"@type":"EntryPoint","urlTemplate":"https:\/\/nigroequipamentos.com.br\/conteudo\/?s={search_term_string}"},"query-input":{"@type":"PropertyValueSpecification","valueRequired":true,"valueName":"search_term_string"}}],"inLanguage":"pt-BR"},{"@type":"Organization","@id":"https:\/\/nigroequipamentos.com.br\/conteudo\/#organization","name":"Nigro Equipamentos","url":"https:\/\/nigroequipamentos.com.br\/conteudo\/","logo":{"@type":"ImageObject","inLanguage":"pt-BR","@id":"https:\/\/nigroequipamentos.com.br\/conteudo\/#\/schema\/logo\/image\/","url":"https:\/\/nigroequipamentos.com.br\/conteudo\/wp-content\/uploads\/2024\/10\/nigroequipamentos_logo.webp","contentUrl":"https:\/\/nigroequipamentos.com.br\/conteudo\/wp-content\/uploads\/2024\/10\/nigroequipamentos_logo.webp","width":785,"height":355,"caption":"Nigro Equipamentos"},"image":{"@id":"https:\/\/nigroequipamentos.com.br\/conteudo\/#\/schema\/logo\/image\/"},"sameAs":["https:\/\/www.facebook.com\/nigroequipamentos","https:\/\/www.instagram.com\/nigroequipamentos\/"]}]}},"_links":{"self":[{"href":"https:\/\/nigroequipamentos.com.br\/conteudo\/wp-json\/wp\/v2\/pages\/20825","targetHints":{"allow":["GET"]}}],"collection":[{"href":"https:\/\/nigroequipamentos.com.br\/conteudo\/wp-json\/wp\/v2\/pages"}],"about":[{"href":"https:\/\/nigroequipamentos.com.br\/conteudo\/wp-json\/wp\/v2\/types\/page"}],"author":[{"embeddable":true,"href":"https:\/\/nigroequipamentos.com.br\/conteudo\/wp-json\/wp\/v2\/users\/3"}],"replies":[{"embeddable":true,"href":"https:\/\/nigroequipamentos.com.br\/conteudo\/wp-json\/wp\/v2\/comments?post=20825"}],"version-history":[{"count":0,"href":"https:\/\/nigroequipamentos.com.br\/conteudo\/wp-json\/wp\/v2\/pages\/20825\/revisions"}],"wp:attachment":[{"href":"https:\/\/nigroequipamentos.com.br\/conteudo\/wp-json\/wp\/v2\/media?parent=20825"}],"curies":[{"name":"wp","href":"https:\/\/api.w.org\/{rel}","templated":true}]}}