{"id":20466,"date":"2025-04-17T04:00:36","date_gmt":"2025-04-17T07:00:36","guid":{"rendered":"https:\/\/nigroequipamentos.com.br\/conteudo\/empilhadeira-paletrans-nova-a-revolucao-no-transporte-de-cargas\/"},"modified":"2025-04-17T04:00:36","modified_gmt":"2025-04-17T07:00:36","slug":"empilhadeira-paletrans-nova-a-revolucao-no-transporte-de-cargas","status":"publish","type":"page","link":"https:\/\/nigroequipamentos.com.br\/conteudo\/empilhadeira-paletrans-nova-a-revolucao-no-transporte-de-cargas\/","title":{"rendered":"Empilhadeira Paletrans Nova: A Revolu\u00e7\u00e3o no Transporte de Cargas"},"content":{"rendered":"<p>A empilhadeira Paletrans nova \u00e9 a escolha ideal para otimizar o transporte e armazenamento de cargas em diversas ind\u00fastrias. Com tecnologia de ponta, a empilhadeira Paletrans nova garante efici\u00eancia operacional, seguran\u00e7a e economia. Seus recursos avan\u00e7ados, como sistema de manobras \u00e1geis e pot\u00eancia silenciosa, fazem da empilhadeira Paletrans nova um equipamento indispens\u00e1vel para empresas que buscam maximizar sua produtividade.<\/p>\n","protected":false},"excerpt":{"rendered":"<p>A empilhadeira Paletrans nova \u00e9 a escolha ideal para otimizar o transporte e armazenamento de cargas em diversas ind\u00fastrias. Com tecnologia de ponta, a empilhadeira Paletrans nova garante efici\u00eancia operacional, seguran\u00e7a e economia. Seus recursos avan\u00e7ados, como sistema de manobras \u00e1geis e pot\u00eancia silenciosa, fazem da empilhadeira Paletrans nova um equipamento indispens\u00e1vel para empresas que&hellip;&nbsp;<a href=\"https:\/\/nigroequipamentos.com.br\/conteudo\/empilhadeira-paletrans-nova-a-revolucao-no-transporte-de-cargas\/\" class=\"\" rel=\"bookmark\">Continue a ler &raquo;<span class=\"screen-reader-text\">Empilhadeira Paletrans Nova: A Revolu\u00e7\u00e3o no Transporte de Cargas<\/span><\/a><\/p>\n","protected":false},"author":3,"featured_media":0,"parent":0,"menu_order":0,"comment_status":"closed","ping_status":"closed","template":"","meta":{"_acf_changed":false,"_yoast_wpseo_focuskw":"Empilhadeira Paletrans nova","_yoast_wpseo_title":"Empilhadeira Paletrans Nova - Efici\u00eancia e Inova\u00e7\u00e3o para sua Empresa","_yoast_wpseo_metadesc":"Conhe\u00e7a as vantagens da empilhadeira Paletrans nova e como ela pode transformar suas opera\u00e7\u00f5es log\u00edsticas. A escolha ideal para compra, manuten\u00e7\u00e3o e loca\u00e7\u00e3o.","neve_meta_sidebar":"","neve_meta_container":"","neve_meta_enable_content_width":"","neve_meta_content_width":0,"neve_meta_title_alignment":"","neve_meta_author_avatar":"","neve_post_elements_order":"","neve_meta_disable_header":"","neve_meta_disable_footer":"","neve_meta_disable_title":"","footnotes":""},"class_list":["post-20466","page","type-page","status-publish","hentry"],"acf":{"bloco1title":"Tecnologia Avan\u00e7ada","bloco1text":"A empilhadeira Paletrans nova vem equipada com tecnologia de rastreamento, aumentando a log\u00edstica e controle de estoque.","bloco2title":"Efici\u00eancia Energ\u00e9tica","bloco2text":"A empilhadeira Paletrans nova consome menos energia, reduzindo os custos operacionais e o impacto ambiental.","bloco3title":"Seguran\u00e7a em Primeiro Lugar","bloco3text":"A empilhadeira Paletrans nova possui recursos de seguran\u00e7a que protegem o operador e a carga, garantindo opera\u00e7\u00f5es seguras ao longo do dia.","posttitle":"Guia Completo sobre Empilhadeiras Paletrans Novas","postcontent":"<strong>Descubra a Empilhadeira Paletrans Nova<\/strong> para sua empresa! Uma empilhadeira Paletrans nova n\u00e3o \u00e9 apenas uma ferramenta; ela \u00e9 um investimento que pode transformar a sua opera\u00e7\u00e3o log\u00edstica. Com design moderno e funcional, a empilhadeira Paletrans nova tem capacidade para atender a diferentes setores, desde armaz\u00e9ns at\u00e9 ind\u00fastrias pesadas. A opera\u00e7\u00e3o da empilhadeira Paletrans nova \u00e9 suave e precisa, o que a torna uma op\u00e7\u00e3o ideal para manuseio de cargas pesadas e fr\u00e1geis. Com uma empilhadeira Paletrans nova, a produtividade se eleva, enquanto o tempo de inatividade diminui. Al\u00e9m disso, o suporte t\u00e9cnico da Nigro Equipamentos para empilhadeiras Paletrans novas \u00e9 incompar\u00e1vel, oferecendo assist\u00eancia 24 horas e manuten\u00e7\u00e3o preventiva. Sua empresa merece o que h\u00e1 de melhor! Invista em uma empilhadeira Paletrans nova e veja a diferen\u00e7a na sua opera\u00e7\u00e3o, com redu\u00e7\u00e3o de custos e aumento da efici\u00eancia. Na Nigro, voc\u00ea encontra op\u00e7\u00f5es para compra e loca\u00e7\u00e3o da empilhadeira Paletrans nova, sempre com condi\u00e7\u00f5es que cabem no seu or\u00e7amento. Venha conhecer nossos servi\u00e7os!","insightwidtitle":"Curiosidades sobre Empilhadeiras","insightwidcontent":"Voc\u00ea sabia que a empilhadeira Paletrans nova foi projetada com foco na sustentabilidade? Com materiais recicl\u00e1veis e efici\u00eancia energ\u00e9tica, ela \u00e9 uma escolha ecol\u00f3gica para empresas que desejam reduzir sua pegada de carbono. Al\u00e9m disso, muitos modelos oferecem fun\u00e7\u00f5es inteligentes que se adaptam ao ambiente de trabalho, tornando-as mais vers\u00e1teis e seguras. Isso revela o compromisso com a inova\u00e7\u00e3o e a responsabilidade ambiental na ind\u00fastria de equipamentos."},"yoast_head":"<!-- This site is optimized with the Yoast SEO Premium plugin v18.3 (Yoast SEO v23.4) - https:\/\/yoast.com\/wordpress\/plugins\/seo\/ -->\n<title>Empilhadeira Paletrans Nova - Efici\u00eancia e Inova\u00e7\u00e3o para sua Empresa<\/title>\n<meta name=\"description\" content=\"Conhe\u00e7a as vantagens da empilhadeira Paletrans nova e como ela pode transformar suas opera\u00e7\u00f5es log\u00edsticas. A escolha ideal para compra, manuten\u00e7\u00e3o e loca\u00e7\u00e3o.\" \/>\n<meta name=\"robots\" content=\"index, follow, max-snippet:-1, max-image-preview:large, max-video-preview:-1\" \/>\n<link rel=\"canonical\" href=\"https:\/\/nigroequipamentos.com.br\/conteudo\/empilhadeira-paletrans-nova-a-revolucao-no-transporte-de-cargas\/\" \/>\n<meta property=\"og:locale\" content=\"pt_BR\" \/>\n<meta property=\"og:type\" content=\"article\" \/>\n<meta property=\"og:title\" content=\"Empilhadeira Paletrans Nova: A Revolu\u00e7\u00e3o no Transporte de Cargas\" \/>\n<meta property=\"og:description\" content=\"Conhe\u00e7a as vantagens da empilhadeira Paletrans nova e como ela pode transformar suas opera\u00e7\u00f5es log\u00edsticas. A escolha ideal para compra, manuten\u00e7\u00e3o e loca\u00e7\u00e3o.\" \/>\n<meta property=\"og:url\" content=\"https:\/\/nigroequipamentos.com.br\/conteudo\/empilhadeira-paletrans-nova-a-revolucao-no-transporte-de-cargas\/\" \/>\n<meta property=\"og:site_name\" content=\"Nigro Equipamentos\" \/>\n<meta property=\"article:publisher\" content=\"https:\/\/www.facebook.com\/nigroequipamentos\" \/>\n<meta name=\"twitter:card\" content=\"summary_large_image\" \/>\n<script type=\"application\/ld+json\" class=\"yoast-schema-graph\">{\"@context\":\"https:\/\/schema.org\",\"@graph\":[{\"@type\":\"WebPage\",\"@id\":\"https:\/\/nigroequipamentos.com.br\/conteudo\/empilhadeira-paletrans-nova-a-revolucao-no-transporte-de-cargas\/\",\"url\":\"https:\/\/nigroequipamentos.com.br\/conteudo\/empilhadeira-paletrans-nova-a-revolucao-no-transporte-de-cargas\/\",\"name\":\"Empilhadeira Paletrans Nova - Efici\u00eancia e Inova\u00e7\u00e3o para sua Empresa\",\"isPartOf\":{\"@id\":\"https:\/\/nigroequipamentos.com.br\/conteudo\/#website\"},\"datePublished\":\"2025-04-17T07:00:36+00:00\",\"dateModified\":\"2025-04-17T07:00:36+00:00\",\"description\":\"Conhe\u00e7a as vantagens da empilhadeira Paletrans nova e como ela pode transformar suas opera\u00e7\u00f5es log\u00edsticas. A escolha ideal para compra, manuten\u00e7\u00e3o e loca\u00e7\u00e3o.\",\"breadcrumb\":{\"@id\":\"https:\/\/nigroequipamentos.com.br\/conteudo\/empilhadeira-paletrans-nova-a-revolucao-no-transporte-de-cargas\/#breadcrumb\"},\"inLanguage\":\"pt-BR\",\"potentialAction\":[{\"@type\":\"ReadAction\",\"target\":[\"https:\/\/nigroequipamentos.com.br\/conteudo\/empilhadeira-paletrans-nova-a-revolucao-no-transporte-de-cargas\/\"]}]},{\"@type\":\"BreadcrumbList\",\"@id\":\"https:\/\/nigroequipamentos.com.br\/conteudo\/empilhadeira-paletrans-nova-a-revolucao-no-transporte-de-cargas\/#breadcrumb\",\"itemListElement\":[{\"@type\":\"ListItem\",\"position\":1,\"name\":\"In\u00edcio\",\"item\":\"https:\/\/nigroequipamentos.com.br\/conteudo\/\"},{\"@type\":\"ListItem\",\"position\":2,\"name\":\"Empilhadeira Paletrans Nova: A Revolu\u00e7\u00e3o no Transporte de Cargas\"}]},{\"@type\":\"WebSite\",\"@id\":\"https:\/\/nigroequipamentos.com.br\/conteudo\/#website\",\"url\":\"https:\/\/nigroequipamentos.com.br\/conteudo\/\",\"name\":\"Nigro Equipamentos\",\"description\":\"Loca\u00e7\u00e3o e Vendas\",\"publisher\":{\"@id\":\"https:\/\/nigroequipamentos.com.br\/conteudo\/#organization\"},\"potentialAction\":[{\"@type\":\"SearchAction\",\"target\":{\"@type\":\"EntryPoint\",\"urlTemplate\":\"https:\/\/nigroequipamentos.com.br\/conteudo\/?s={search_term_string}\"},\"query-input\":{\"@type\":\"PropertyValueSpecification\",\"valueRequired\":true,\"valueName\":\"search_term_string\"}}],\"inLanguage\":\"pt-BR\"},{\"@type\":\"Organization\",\"@id\":\"https:\/\/nigroequipamentos.com.br\/conteudo\/#organization\",\"name\":\"Nigro Equipamentos\",\"url\":\"https:\/\/nigroequipamentos.com.br\/conteudo\/\",\"logo\":{\"@type\":\"ImageObject\",\"inLanguage\":\"pt-BR\",\"@id\":\"https:\/\/nigroequipamentos.com.br\/conteudo\/#\/schema\/logo\/image\/\",\"url\":\"https:\/\/nigroequipamentos.com.br\/conteudo\/wp-content\/uploads\/2024\/10\/nigroequipamentos_logo.webp\",\"contentUrl\":\"https:\/\/nigroequipamentos.com.br\/conteudo\/wp-content\/uploads\/2024\/10\/nigroequipamentos_logo.webp\",\"width\":785,\"height\":355,\"caption\":\"Nigro Equipamentos\"},\"image\":{\"@id\":\"https:\/\/nigroequipamentos.com.br\/conteudo\/#\/schema\/logo\/image\/\"},\"sameAs\":[\"https:\/\/www.facebook.com\/nigroequipamentos\",\"https:\/\/www.instagram.com\/nigroequipamentos\/\"]}]}<\/script>\n<!-- \/ Yoast SEO Premium plugin. -->","yoast_head_json":{"title":"Empilhadeira Paletrans Nova - Efici\u00eancia e Inova\u00e7\u00e3o para sua Empresa","description":"Conhe\u00e7a as vantagens da empilhadeira Paletrans nova e como ela pode transformar suas opera\u00e7\u00f5es log\u00edsticas. A escolha ideal para compra, manuten\u00e7\u00e3o e loca\u00e7\u00e3o.","robots":{"index":"index","follow":"follow","max-snippet":"max-snippet:-1","max-image-preview":"max-image-preview:large","max-video-preview":"max-video-preview:-1"},"canonical":"https:\/\/nigroequipamentos.com.br\/conteudo\/empilhadeira-paletrans-nova-a-revolucao-no-transporte-de-cargas\/","og_locale":"pt_BR","og_type":"article","og_title":"Empilhadeira Paletrans Nova: A Revolu\u00e7\u00e3o no Transporte de Cargas","og_description":"Conhe\u00e7a as vantagens da empilhadeira Paletrans nova e como ela pode transformar suas opera\u00e7\u00f5es log\u00edsticas. A escolha ideal para compra, manuten\u00e7\u00e3o e loca\u00e7\u00e3o.","og_url":"https:\/\/nigroequipamentos.com.br\/conteudo\/empilhadeira-paletrans-nova-a-revolucao-no-transporte-de-cargas\/","og_site_name":"Nigro Equipamentos","article_publisher":"https:\/\/www.facebook.com\/nigroequipamentos","twitter_card":"summary_large_image","schema":{"@context":"https:\/\/schema.org","@graph":[{"@type":"WebPage","@id":"https:\/\/nigroequipamentos.com.br\/conteudo\/empilhadeira-paletrans-nova-a-revolucao-no-transporte-de-cargas\/","url":"https:\/\/nigroequipamentos.com.br\/conteudo\/empilhadeira-paletrans-nova-a-revolucao-no-transporte-de-cargas\/","name":"Empilhadeira Paletrans Nova - Efici\u00eancia e Inova\u00e7\u00e3o para sua Empresa","isPartOf":{"@id":"https:\/\/nigroequipamentos.com.br\/conteudo\/#website"},"datePublished":"2025-04-17T07:00:36+00:00","dateModified":"2025-04-17T07:00:36+00:00","description":"Conhe\u00e7a as vantagens da empilhadeira Paletrans nova e como ela pode transformar suas opera\u00e7\u00f5es log\u00edsticas. A escolha ideal para compra, manuten\u00e7\u00e3o e loca\u00e7\u00e3o.","breadcrumb":{"@id":"https:\/\/nigroequipamentos.com.br\/conteudo\/empilhadeira-paletrans-nova-a-revolucao-no-transporte-de-cargas\/#breadcrumb"},"inLanguage":"pt-BR","potentialAction":[{"@type":"ReadAction","target":["https:\/\/nigroequipamentos.com.br\/conteudo\/empilhadeira-paletrans-nova-a-revolucao-no-transporte-de-cargas\/"]}]},{"@type":"BreadcrumbList","@id":"https:\/\/nigroequipamentos.com.br\/conteudo\/empilhadeira-paletrans-nova-a-revolucao-no-transporte-de-cargas\/#breadcrumb","itemListElement":[{"@type":"ListItem","position":1,"name":"In\u00edcio","item":"https:\/\/nigroequipamentos.com.br\/conteudo\/"},{"@type":"ListItem","position":2,"name":"Empilhadeira Paletrans Nova: A Revolu\u00e7\u00e3o no Transporte de Cargas"}]},{"@type":"WebSite","@id":"https:\/\/nigroequipamentos.com.br\/conteudo\/#website","url":"https:\/\/nigroequipamentos.com.br\/conteudo\/","name":"Nigro Equipamentos","description":"Loca\u00e7\u00e3o e Vendas","publisher":{"@id":"https:\/\/nigroequipamentos.com.br\/conteudo\/#organization"},"potentialAction":[{"@type":"SearchAction","target":{"@type":"EntryPoint","urlTemplate":"https:\/\/nigroequipamentos.com.br\/conteudo\/?s={search_term_string}"},"query-input":{"@type":"PropertyValueSpecification","valueRequired":true,"valueName":"search_term_string"}}],"inLanguage":"pt-BR"},{"@type":"Organization","@id":"https:\/\/nigroequipamentos.com.br\/conteudo\/#organization","name":"Nigro Equipamentos","url":"https:\/\/nigroequipamentos.com.br\/conteudo\/","logo":{"@type":"ImageObject","inLanguage":"pt-BR","@id":"https:\/\/nigroequipamentos.com.br\/conteudo\/#\/schema\/logo\/image\/","url":"https:\/\/nigroequipamentos.com.br\/conteudo\/wp-content\/uploads\/2024\/10\/nigroequipamentos_logo.webp","contentUrl":"https:\/\/nigroequipamentos.com.br\/conteudo\/wp-content\/uploads\/2024\/10\/nigroequipamentos_logo.webp","width":785,"height":355,"caption":"Nigro Equipamentos"},"image":{"@id":"https:\/\/nigroequipamentos.com.br\/conteudo\/#\/schema\/logo\/image\/"},"sameAs":["https:\/\/www.facebook.com\/nigroequipamentos","https:\/\/www.instagram.com\/nigroequipamentos\/"]}]}},"_links":{"self":[{"href":"https:\/\/nigroequipamentos.com.br\/conteudo\/wp-json\/wp\/v2\/pages\/20466","targetHints":{"allow":["GET"]}}],"collection":[{"href":"https:\/\/nigroequipamentos.com.br\/conteudo\/wp-json\/wp\/v2\/pages"}],"about":[{"href":"https:\/\/nigroequipamentos.com.br\/conteudo\/wp-json\/wp\/v2\/types\/page"}],"author":[{"embeddable":true,"href":"https:\/\/nigroequipamentos.com.br\/conteudo\/wp-json\/wp\/v2\/users\/3"}],"replies":[{"embeddable":true,"href":"https:\/\/nigroequipamentos.com.br\/conteudo\/wp-json\/wp\/v2\/comments?post=20466"}],"version-history":[{"count":0,"href":"https:\/\/nigroequipamentos.com.br\/conteudo\/wp-json\/wp\/v2\/pages\/20466\/revisions"}],"wp:attachment":[{"href":"https:\/\/nigroequipamentos.com.br\/conteudo\/wp-json\/wp\/v2\/media?parent=20466"}],"curies":[{"name":"wp","href":"https:\/\/api.w.org\/{rel}","templated":true}]}}