{"id":19875,"date":"2025-04-14T09:45:36","date_gmt":"2025-04-14T12:45:36","guid":{"rendered":"https:\/\/nigroequipamentos.com.br\/conteudo\/empilhadeira-paletrans-o-melhor-distribuidor-com-a-nigro-equipamentos\/"},"modified":"2025-04-14T09:45:36","modified_gmt":"2025-04-14T12:45:36","slug":"empilhadeira-paletrans-o-melhor-distribuidor-com-a-nigro-equipamentos","status":"publish","type":"page","link":"https:\/\/nigroequipamentos.com.br\/conteudo\/empilhadeira-paletrans-o-melhor-distribuidor-com-a-nigro-equipamentos\/","title":{"rendered":"Empilhadeira Paletrans: O Melhor Distribuidor com a Nigro Equipamentos"},"content":{"rendered":"<p>Se voc\u00ea est\u00e1 em busca de uma empilhadeira Paletrans, a Nigro Equipamentos \u00e9 o distribuidor ideal para voc\u00ea. Com anos de experi\u00eancia e uma equipe especializada, oferecemos uma vasta gama de solu\u00e7\u00f5es para quem precisa de efici\u00eancia no manuseio de cargas. As empilhadeiras Paletrans se destacam pela sua robustez e inova\u00e7\u00e3o, atendendo \u00e0s mais diversas necessidades do setor industrial. Como distribuidor autorizado, garantimos a qualidade do produto e um suporte total durante toda a sua utiliza\u00e7\u00e3o. Escolher a Nigro Equipamentos como seu distribuidor de empilhadeiras Paletrans \u00e9 optar por confian\u00e7a e durabilidade, essenciais para o sucesso do seu neg\u00f3cio.<\/p>\n","protected":false},"excerpt":{"rendered":"<p>Se voc\u00ea est\u00e1 em busca de uma empilhadeira Paletrans, a Nigro Equipamentos \u00e9 o distribuidor ideal para voc\u00ea. Com anos de experi\u00eancia e uma equipe especializada, oferecemos uma vasta gama de solu\u00e7\u00f5es para quem precisa de efici\u00eancia no manuseio de cargas. As empilhadeiras Paletrans se destacam pela sua robustez e inova\u00e7\u00e3o, atendendo \u00e0s mais diversas&hellip;&nbsp;<a href=\"https:\/\/nigroequipamentos.com.br\/conteudo\/empilhadeira-paletrans-o-melhor-distribuidor-com-a-nigro-equipamentos\/\" class=\"\" rel=\"bookmark\">Continue a ler &raquo;<span class=\"screen-reader-text\">Empilhadeira Paletrans: O Melhor Distribuidor com a Nigro Equipamentos<\/span><\/a><\/p>\n","protected":false},"author":3,"featured_media":0,"parent":0,"menu_order":0,"comment_status":"closed","ping_status":"closed","template":"","meta":{"_acf_changed":false,"_yoast_wpseo_focuskw":"Empilhadeira Paletrans distribuidor","_yoast_wpseo_title":"Nigro Equipamentos: Distribuidor de Empilhadeiras Paletrans de Confian\u00e7a","_yoast_wpseo_metadesc":"Descubra por que a Nigro Equipamentos \u00e9 o melhor distribuidor de empilhadeiras Paletrans, com suporte t\u00e9cnico e manuten\u00e7\u00e3o de qualidade.","neve_meta_sidebar":"","neve_meta_container":"","neve_meta_enable_content_width":"","neve_meta_content_width":0,"neve_meta_title_alignment":"","neve_meta_author_avatar":"","neve_post_elements_order":"","neve_meta_disable_header":"","neve_meta_disable_footer":"","neve_meta_disable_title":"","footnotes":""},"class_list":["post-19875","page","type-page","status-publish","hentry"],"acf":{"bloco1title":"Qualidade Garantida","bloco1text":"A Nigro Equipamentos fornece somente empilhadeiras Paletrans de alta qualidade, com garantia e suporte t\u00e9cnico altamente especializado.","bloco2title":"Atendimento Especializado","bloco2text":"Nossa equipe de especialistas est\u00e1 sempre pronta para oferecer o melhor suporte na escolha e uso das empilhadeiras Paletrans.","bloco3title":"Inova\u00e7\u00e3o nas Opera\u00e7\u00f5es","bloco3text":"As empilhadeiras Paletrans t\u00eam tecnologia avan\u00e7ada que otimiza opera\u00e7\u00f5es de carga e descarga, aumentando a produtividade em at\u00e9 30%.","posttitle":"Porque Escolher Empilhadeiras Paletrans da Nigro Equipamentos","postcontent":"<strong>Um Distribuidor Confi\u00e1vel<\/strong> A Nigro Equipamentos n\u00e3o \u00e9 apenas um distribuidor; somos especializados em fornecer empilhadeiras Paletrans de alta qualidade e grande efici\u00eancia. Nossas empilhadeiras s\u00e3o projetadas para atender rigorosos padr\u00f5es de produtividade e seguran\u00e7a, garantindo que seu investimento seja sempre bem aplicado. Contamos com um time de profissionais prontos para orient\u00e1-lo na escolha das melhores solu\u00e7\u00f5es para sua empresa. Al\u00e9m disso, as empilhadeiras Paletrans s\u00e3o conhecidas por sua durabilidade e inova\u00e7\u00e3o tecnol\u00f3gica. <br><br> <strong>Suporte Completo<\/strong> Com a Nigro Equipamentos, voc\u00ea n\u00e3o apenas adquire uma empilhadeira Paletrans; voc\u00ea ganha um parceiro que se preocupa com cada etapa do processo, desde a compra at\u00e9 a manuten\u00e7\u00e3o. Oferecemos servi\u00e7os de loca\u00e7\u00e3o e manuten\u00e7\u00e3o especializada, assegurando que suas opera\u00e7\u00f5es ocorram sem interrup\u00e7\u00f5es. <br><br> <strong>Benef\u00edcios Realmente Vis\u00edveis<\/strong> Adquirir uma empilhadeira Paletrans com a Nigro representa uma grande economia a longo prazo. N\u00e3o apenas pelo baixo custo de manuten\u00e7\u00e3o, mas tamb\u00e9m pela efici\u00eancia que essas m\u00e1quinas proporcionam, otimizando o uso do espa\u00e7o e sendo adequadas para diferentes opera\u00e7\u00f5es log\u00edsticas.","insightwidtitle":"Curiosidades sobre Empilhadeiras","insightwidcontent":"Voc\u00ea sabia que as empilhadeiras Paletrans foram projetadas para oferecer uma incr\u00edvel efici\u00eancia energ\u00e9tica? Parte da tecnologia utilizada reduz o consumo de combust\u00edvel e prolonga a vida \u00fatil das baterias. Isso significa que al\u00e9m de serem econ\u00f4micas, elas tamb\u00e9m ajudam na preserva\u00e7\u00e3o do meio ambiente. Ao escolher a Nigro Equipamentos como seu distribuidor, voc\u00ea contribui para pr\u00e1ticas sustent\u00e1veis no seu neg\u00f3cio."},"yoast_head":"<!-- This site is optimized with the Yoast SEO Premium plugin v18.3 (Yoast SEO v23.4) - https:\/\/yoast.com\/wordpress\/plugins\/seo\/ -->\n<title>Nigro Equipamentos: Distribuidor de Empilhadeiras Paletrans de Confian\u00e7a<\/title>\n<meta name=\"description\" content=\"Descubra por que a Nigro Equipamentos \u00e9 o melhor distribuidor de empilhadeiras Paletrans, com suporte t\u00e9cnico e manuten\u00e7\u00e3o de qualidade.\" \/>\n<meta name=\"robots\" content=\"index, follow, max-snippet:-1, max-image-preview:large, max-video-preview:-1\" \/>\n<link rel=\"canonical\" href=\"https:\/\/nigroequipamentos.com.br\/conteudo\/empilhadeira-paletrans-o-melhor-distribuidor-com-a-nigro-equipamentos\/\" \/>\n<meta property=\"og:locale\" content=\"pt_BR\" \/>\n<meta property=\"og:type\" content=\"article\" \/>\n<meta property=\"og:title\" content=\"Empilhadeira Paletrans: O Melhor Distribuidor com a Nigro Equipamentos\" \/>\n<meta property=\"og:description\" content=\"Descubra por que a Nigro Equipamentos \u00e9 o melhor distribuidor de empilhadeiras Paletrans, com suporte t\u00e9cnico e manuten\u00e7\u00e3o de qualidade.\" \/>\n<meta property=\"og:url\" content=\"https:\/\/nigroequipamentos.com.br\/conteudo\/empilhadeira-paletrans-o-melhor-distribuidor-com-a-nigro-equipamentos\/\" \/>\n<meta property=\"og:site_name\" content=\"Nigro Equipamentos\" \/>\n<meta property=\"article:publisher\" content=\"https:\/\/www.facebook.com\/nigroequipamentos\" \/>\n<meta name=\"twitter:card\" content=\"summary_large_image\" \/>\n<meta name=\"twitter:label1\" content=\"Est. tempo de leitura\" \/>\n\t<meta name=\"twitter:data1\" content=\"1 minuto\" \/>\n<script type=\"application\/ld+json\" class=\"yoast-schema-graph\">{\"@context\":\"https:\/\/schema.org\",\"@graph\":[{\"@type\":\"WebPage\",\"@id\":\"https:\/\/nigroequipamentos.com.br\/conteudo\/empilhadeira-paletrans-o-melhor-distribuidor-com-a-nigro-equipamentos\/\",\"url\":\"https:\/\/nigroequipamentos.com.br\/conteudo\/empilhadeira-paletrans-o-melhor-distribuidor-com-a-nigro-equipamentos\/\",\"name\":\"Nigro Equipamentos: Distribuidor de Empilhadeiras Paletrans de Confian\u00e7a\",\"isPartOf\":{\"@id\":\"https:\/\/nigroequipamentos.com.br\/conteudo\/#website\"},\"datePublished\":\"2025-04-14T12:45:36+00:00\",\"dateModified\":\"2025-04-14T12:45:36+00:00\",\"description\":\"Descubra por que a Nigro Equipamentos \u00e9 o melhor distribuidor de empilhadeiras Paletrans, com suporte t\u00e9cnico e manuten\u00e7\u00e3o de qualidade.\",\"breadcrumb\":{\"@id\":\"https:\/\/nigroequipamentos.com.br\/conteudo\/empilhadeira-paletrans-o-melhor-distribuidor-com-a-nigro-equipamentos\/#breadcrumb\"},\"inLanguage\":\"pt-BR\",\"potentialAction\":[{\"@type\":\"ReadAction\",\"target\":[\"https:\/\/nigroequipamentos.com.br\/conteudo\/empilhadeira-paletrans-o-melhor-distribuidor-com-a-nigro-equipamentos\/\"]}]},{\"@type\":\"BreadcrumbList\",\"@id\":\"https:\/\/nigroequipamentos.com.br\/conteudo\/empilhadeira-paletrans-o-melhor-distribuidor-com-a-nigro-equipamentos\/#breadcrumb\",\"itemListElement\":[{\"@type\":\"ListItem\",\"position\":1,\"name\":\"In\u00edcio\",\"item\":\"https:\/\/nigroequipamentos.com.br\/conteudo\/\"},{\"@type\":\"ListItem\",\"position\":2,\"name\":\"Empilhadeira Paletrans: O Melhor Distribuidor com a Nigro Equipamentos\"}]},{\"@type\":\"WebSite\",\"@id\":\"https:\/\/nigroequipamentos.com.br\/conteudo\/#website\",\"url\":\"https:\/\/nigroequipamentos.com.br\/conteudo\/\",\"name\":\"Nigro Equipamentos\",\"description\":\"Loca\u00e7\u00e3o e Vendas\",\"publisher\":{\"@id\":\"https:\/\/nigroequipamentos.com.br\/conteudo\/#organization\"},\"potentialAction\":[{\"@type\":\"SearchAction\",\"target\":{\"@type\":\"EntryPoint\",\"urlTemplate\":\"https:\/\/nigroequipamentos.com.br\/conteudo\/?s={search_term_string}\"},\"query-input\":{\"@type\":\"PropertyValueSpecification\",\"valueRequired\":true,\"valueName\":\"search_term_string\"}}],\"inLanguage\":\"pt-BR\"},{\"@type\":\"Organization\",\"@id\":\"https:\/\/nigroequipamentos.com.br\/conteudo\/#organization\",\"name\":\"Nigro Equipamentos\",\"url\":\"https:\/\/nigroequipamentos.com.br\/conteudo\/\",\"logo\":{\"@type\":\"ImageObject\",\"inLanguage\":\"pt-BR\",\"@id\":\"https:\/\/nigroequipamentos.com.br\/conteudo\/#\/schema\/logo\/image\/\",\"url\":\"https:\/\/nigroequipamentos.com.br\/conteudo\/wp-content\/uploads\/2024\/10\/nigroequipamentos_logo.webp\",\"contentUrl\":\"https:\/\/nigroequipamentos.com.br\/conteudo\/wp-content\/uploads\/2024\/10\/nigroequipamentos_logo.webp\",\"width\":785,\"height\":355,\"caption\":\"Nigro Equipamentos\"},\"image\":{\"@id\":\"https:\/\/nigroequipamentos.com.br\/conteudo\/#\/schema\/logo\/image\/\"},\"sameAs\":[\"https:\/\/www.facebook.com\/nigroequipamentos\",\"https:\/\/www.instagram.com\/nigroequipamentos\/\"]}]}<\/script>\n<!-- \/ Yoast SEO Premium plugin. -->","yoast_head_json":{"title":"Nigro Equipamentos: Distribuidor de Empilhadeiras Paletrans de Confian\u00e7a","description":"Descubra por que a Nigro Equipamentos \u00e9 o melhor distribuidor de empilhadeiras Paletrans, com suporte t\u00e9cnico e manuten\u00e7\u00e3o de qualidade.","robots":{"index":"index","follow":"follow","max-snippet":"max-snippet:-1","max-image-preview":"max-image-preview:large","max-video-preview":"max-video-preview:-1"},"canonical":"https:\/\/nigroequipamentos.com.br\/conteudo\/empilhadeira-paletrans-o-melhor-distribuidor-com-a-nigro-equipamentos\/","og_locale":"pt_BR","og_type":"article","og_title":"Empilhadeira Paletrans: O Melhor Distribuidor com a Nigro Equipamentos","og_description":"Descubra por que a Nigro Equipamentos \u00e9 o melhor distribuidor de empilhadeiras Paletrans, com suporte t\u00e9cnico e manuten\u00e7\u00e3o de qualidade.","og_url":"https:\/\/nigroequipamentos.com.br\/conteudo\/empilhadeira-paletrans-o-melhor-distribuidor-com-a-nigro-equipamentos\/","og_site_name":"Nigro Equipamentos","article_publisher":"https:\/\/www.facebook.com\/nigroequipamentos","twitter_card":"summary_large_image","twitter_misc":{"Est. tempo de leitura":"1 minuto"},"schema":{"@context":"https:\/\/schema.org","@graph":[{"@type":"WebPage","@id":"https:\/\/nigroequipamentos.com.br\/conteudo\/empilhadeira-paletrans-o-melhor-distribuidor-com-a-nigro-equipamentos\/","url":"https:\/\/nigroequipamentos.com.br\/conteudo\/empilhadeira-paletrans-o-melhor-distribuidor-com-a-nigro-equipamentos\/","name":"Nigro Equipamentos: Distribuidor de Empilhadeiras Paletrans de Confian\u00e7a","isPartOf":{"@id":"https:\/\/nigroequipamentos.com.br\/conteudo\/#website"},"datePublished":"2025-04-14T12:45:36+00:00","dateModified":"2025-04-14T12:45:36+00:00","description":"Descubra por que a Nigro Equipamentos \u00e9 o melhor distribuidor de empilhadeiras Paletrans, com suporte t\u00e9cnico e manuten\u00e7\u00e3o de qualidade.","breadcrumb":{"@id":"https:\/\/nigroequipamentos.com.br\/conteudo\/empilhadeira-paletrans-o-melhor-distribuidor-com-a-nigro-equipamentos\/#breadcrumb"},"inLanguage":"pt-BR","potentialAction":[{"@type":"ReadAction","target":["https:\/\/nigroequipamentos.com.br\/conteudo\/empilhadeira-paletrans-o-melhor-distribuidor-com-a-nigro-equipamentos\/"]}]},{"@type":"BreadcrumbList","@id":"https:\/\/nigroequipamentos.com.br\/conteudo\/empilhadeira-paletrans-o-melhor-distribuidor-com-a-nigro-equipamentos\/#breadcrumb","itemListElement":[{"@type":"ListItem","position":1,"name":"In\u00edcio","item":"https:\/\/nigroequipamentos.com.br\/conteudo\/"},{"@type":"ListItem","position":2,"name":"Empilhadeira Paletrans: O Melhor Distribuidor com a Nigro Equipamentos"}]},{"@type":"WebSite","@id":"https:\/\/nigroequipamentos.com.br\/conteudo\/#website","url":"https:\/\/nigroequipamentos.com.br\/conteudo\/","name":"Nigro Equipamentos","description":"Loca\u00e7\u00e3o e Vendas","publisher":{"@id":"https:\/\/nigroequipamentos.com.br\/conteudo\/#organization"},"potentialAction":[{"@type":"SearchAction","target":{"@type":"EntryPoint","urlTemplate":"https:\/\/nigroequipamentos.com.br\/conteudo\/?s={search_term_string}"},"query-input":{"@type":"PropertyValueSpecification","valueRequired":true,"valueName":"search_term_string"}}],"inLanguage":"pt-BR"},{"@type":"Organization","@id":"https:\/\/nigroequipamentos.com.br\/conteudo\/#organization","name":"Nigro Equipamentos","url":"https:\/\/nigroequipamentos.com.br\/conteudo\/","logo":{"@type":"ImageObject","inLanguage":"pt-BR","@id":"https:\/\/nigroequipamentos.com.br\/conteudo\/#\/schema\/logo\/image\/","url":"https:\/\/nigroequipamentos.com.br\/conteudo\/wp-content\/uploads\/2024\/10\/nigroequipamentos_logo.webp","contentUrl":"https:\/\/nigroequipamentos.com.br\/conteudo\/wp-content\/uploads\/2024\/10\/nigroequipamentos_logo.webp","width":785,"height":355,"caption":"Nigro Equipamentos"},"image":{"@id":"https:\/\/nigroequipamentos.com.br\/conteudo\/#\/schema\/logo\/image\/"},"sameAs":["https:\/\/www.facebook.com\/nigroequipamentos","https:\/\/www.instagram.com\/nigroequipamentos\/"]}]}},"_links":{"self":[{"href":"https:\/\/nigroequipamentos.com.br\/conteudo\/wp-json\/wp\/v2\/pages\/19875","targetHints":{"allow":["GET"]}}],"collection":[{"href":"https:\/\/nigroequipamentos.com.br\/conteudo\/wp-json\/wp\/v2\/pages"}],"about":[{"href":"https:\/\/nigroequipamentos.com.br\/conteudo\/wp-json\/wp\/v2\/types\/page"}],"author":[{"embeddable":true,"href":"https:\/\/nigroequipamentos.com.br\/conteudo\/wp-json\/wp\/v2\/users\/3"}],"replies":[{"embeddable":true,"href":"https:\/\/nigroequipamentos.com.br\/conteudo\/wp-json\/wp\/v2\/comments?post=19875"}],"version-history":[{"count":0,"href":"https:\/\/nigroequipamentos.com.br\/conteudo\/wp-json\/wp\/v2\/pages\/19875\/revisions"}],"wp:attachment":[{"href":"https:\/\/nigroequipamentos.com.br\/conteudo\/wp-json\/wp\/v2\/media?parent=19875"}],"curies":[{"name":"wp","href":"https:\/\/api.w.org\/{rel}","templated":true}]}}