{"id":18641,"date":"2025-04-08T13:45:39","date_gmt":"2025-04-08T16:45:39","guid":{"rendered":"https:\/\/nigroequipamentos.com.br\/conteudo\/empilhadeira-paletrans-solucoes-eficientes-para-o-seu-negocio-2\/"},"modified":"2025-04-08T13:45:39","modified_gmt":"2025-04-08T16:45:39","slug":"empilhadeira-paletrans-solucoes-eficientes-para-o-seu-negocio-2","status":"publish","type":"page","link":"https:\/\/nigroequipamentos.com.br\/conteudo\/empilhadeira-paletrans-solucoes-eficientes-para-o-seu-negocio-2\/","title":{"rendered":"Empilhadeira Paletrans: Solu\u00e7\u00f5es Eficientes para o seu Neg\u00f3cio"},"content":{"rendered":"<p>A Nigro Equipamentos \u00e9 refer\u00eancia em servi\u00e7os com a Empilhadeira Paletrans, oferecendo solu\u00e7\u00f5es de alta qualidade para facilitar a movimenta\u00e7\u00e3o de cargas. Com uma equipe especializada e vasta experi\u00eancia no mercado, garantimos que sua opera\u00e7\u00e3o seja otimizada e segura. Ao escolher nossos servi\u00e7os, voc\u00ea contar\u00e1 com a expertise que s\u00f3 a Nigro pode oferecer na compra, loca\u00e7\u00e3o e manuten\u00e7\u00e3o de Empilhadeiras Paletrans. Venha descobrir como podemos contribuir para o sucesso do seu neg\u00f3cio!<\/p>\n","protected":false},"excerpt":{"rendered":"<p>A Nigro Equipamentos \u00e9 refer\u00eancia em servi\u00e7os com a Empilhadeira Paletrans, oferecendo solu\u00e7\u00f5es de alta qualidade para facilitar a movimenta\u00e7\u00e3o de cargas. Com uma equipe especializada e vasta experi\u00eancia no mercado, garantimos que sua opera\u00e7\u00e3o seja otimizada e segura. Ao escolher nossos servi\u00e7os, voc\u00ea contar\u00e1 com a expertise que s\u00f3 a Nigro pode oferecer na&hellip;&nbsp;<a href=\"https:\/\/nigroequipamentos.com.br\/conteudo\/empilhadeira-paletrans-solucoes-eficientes-para-o-seu-negocio-2\/\" class=\"\" rel=\"bookmark\">Continue a ler &raquo;<span class=\"screen-reader-text\">Empilhadeira Paletrans: Solu\u00e7\u00f5es Eficientes para o seu Neg\u00f3cio<\/span><\/a><\/p>\n","protected":false},"author":3,"featured_media":0,"parent":0,"menu_order":0,"comment_status":"closed","ping_status":"closed","template":"","meta":{"_acf_changed":false,"_yoast_wpseo_focuskw":"Empilhadeira Paletrans servi\u00e7os","_yoast_wpseo_title":"Servi\u00e7os de Empilhadeira Paletrans - Nigro Equipamentos","_yoast_wpseo_metadesc":"Descubra os servi\u00e7os especializados da Nigro Equipamentos com a Empilhadeira Paletrans para compra, manuten\u00e7\u00e3o e loca\u00e7\u00e3o.","neve_meta_sidebar":"","neve_meta_container":"","neve_meta_enable_content_width":"","neve_meta_content_width":0,"neve_meta_title_alignment":"","neve_meta_author_avatar":"","neve_post_elements_order":"","neve_meta_disable_header":"","neve_meta_disable_footer":"","neve_meta_disable_title":"","footnotes":""},"class_list":["post-18641","page","type-page","status-publish","hentry"],"acf":{"bloco1title":"Qualidade Superior","bloco1text":"Na Nigro, a qualidade \u00e9 uma prioridade. Nossas Empilhadeiras Paletrans s\u00e3o rigorosamente testadas para garantir desempenho e seguran\u00e7a.","bloco2title":"Suporte Especializado","bloco2text":"Oferecemos assist\u00eancia t\u00e9cnica qualificada para que sua Empilhadeira Paletrans funcione sempre em alto n\u00edvel.","bloco3title":"Inova\u00e7\u00e3o Continua","bloco3text":"Estamos sempre atualizados com as \u00faltimas tecnologias no setor para proporcionar o melhor desempenho em Empilhadeiras Paletrans.","posttitle":"Empilhadeira Paletrans: A Solu\u00e7\u00e3o Ideal para sua Log\u00edstica","postcontent":"<strong>O que \u00e9 uma Empilhadeira Paletrans?<\/strong> A Empilhadeira Paletrans \u00e9 ideal para a movimenta\u00e7\u00e3o de cargas pesadas em armaz\u00e9ns e ind\u00fastrias. Esta m\u00e1quina vers\u00e1til facilita o transporte de pallets, aumentando a efici\u00eancia operacional. A Nigro Equipamentos oferece um portf\u00f3lio completo de Empilhadeiras Paletrans, com op\u00e7\u00f5es para venda e loca\u00e7\u00e3o. <strong>Por que escolher a Nigro?<\/strong> Nossa equipe possui vasta experi\u00eancia e conhecimento t\u00e9cnico, garantindo que voc\u00ea fa\u00e7a a melhor escolha para suas necessidades. Al\u00e9m disso, nosso servi\u00e7o de manuten\u00e7\u00e3o preventiva assegura que sua Empilhadeira Paletrans esteja sempre em perfeito funcionamento. Investir em Empilhadeiras Paletrans da Nigro \u00e9 garantir performance e seguran\u00e7a nas suas opera\u00e7\u00f5es. <strong>Loca\u00e7\u00e3o ou Compra?<\/strong> Oferecemos flexibilidade no fornecimento das Empilhadeiras Paletrans, seja por meio da loca\u00e7\u00e3o para projetos tempor\u00e1rios ou pela compra para investimento a longo prazo. Caso precise de suporte, nossa equipe t\u00e9cnica est\u00e1 pronta para atender sua demanda. A escolha pela Nigro \u00e9 escolher qualidade, confiabilidade e inova\u00e7\u00e3o no mercado de Empilhadeiras Paletrans. N\u00e3o deixe seu neg\u00f3cio estagnar e descubra como a Nigro Equipamentos pode ser seu parceiro de confian\u00e7a!","insightwidtitle":"Curiosidades sobre Empilhadeiras","insightwidcontent":"Voc\u00ea sabia que as empilhadeiras modernas, como as Paletrans, podem levantar cargas de at\u00e9 5 toneladas? Elas foram inventadas nos anos 1920 e se tornaram essenciais para a log\u00edstica moderna. A tecnologia continua a evoluir com sistemas de controle avan\u00e7ados para garantir seguran\u00e7a e efici\u00eancia nas opera\u00e7\u00f5es."},"yoast_head":"<!-- This site is optimized with the Yoast SEO Premium plugin v18.3 (Yoast SEO v23.4) - https:\/\/yoast.com\/wordpress\/plugins\/seo\/ -->\n<title>Servi\u00e7os de Empilhadeira Paletrans - Nigro Equipamentos<\/title>\n<meta name=\"description\" content=\"Descubra os servi\u00e7os especializados da Nigro Equipamentos com a Empilhadeira Paletrans para compra, manuten\u00e7\u00e3o e loca\u00e7\u00e3o.\" \/>\n<meta name=\"robots\" content=\"index, follow, max-snippet:-1, max-image-preview:large, max-video-preview:-1\" \/>\n<link rel=\"canonical\" href=\"https:\/\/nigroequipamentos.com.br\/conteudo\/empilhadeira-paletrans-solucoes-eficientes-para-o-seu-negocio-2\/\" \/>\n<meta property=\"og:locale\" content=\"pt_BR\" \/>\n<meta property=\"og:type\" content=\"article\" \/>\n<meta property=\"og:title\" content=\"Empilhadeira Paletrans: Solu\u00e7\u00f5es Eficientes para o seu Neg\u00f3cio\" \/>\n<meta property=\"og:description\" content=\"Descubra os servi\u00e7os especializados da Nigro Equipamentos com a Empilhadeira Paletrans para compra, manuten\u00e7\u00e3o e loca\u00e7\u00e3o.\" \/>\n<meta property=\"og:url\" content=\"https:\/\/nigroequipamentos.com.br\/conteudo\/empilhadeira-paletrans-solucoes-eficientes-para-o-seu-negocio-2\/\" \/>\n<meta property=\"og:site_name\" content=\"Nigro Equipamentos\" \/>\n<meta property=\"article:publisher\" content=\"https:\/\/www.facebook.com\/nigroequipamentos\" \/>\n<meta name=\"twitter:card\" content=\"summary_large_image\" \/>\n<script type=\"application\/ld+json\" class=\"yoast-schema-graph\">{\"@context\":\"https:\/\/schema.org\",\"@graph\":[{\"@type\":\"WebPage\",\"@id\":\"https:\/\/nigroequipamentos.com.br\/conteudo\/empilhadeira-paletrans-solucoes-eficientes-para-o-seu-negocio-2\/\",\"url\":\"https:\/\/nigroequipamentos.com.br\/conteudo\/empilhadeira-paletrans-solucoes-eficientes-para-o-seu-negocio-2\/\",\"name\":\"Servi\u00e7os de Empilhadeira Paletrans - Nigro Equipamentos\",\"isPartOf\":{\"@id\":\"https:\/\/nigroequipamentos.com.br\/conteudo\/#website\"},\"datePublished\":\"2025-04-08T16:45:39+00:00\",\"dateModified\":\"2025-04-08T16:45:39+00:00\",\"description\":\"Descubra os servi\u00e7os especializados da Nigro Equipamentos com a Empilhadeira Paletrans para compra, manuten\u00e7\u00e3o e loca\u00e7\u00e3o.\",\"breadcrumb\":{\"@id\":\"https:\/\/nigroequipamentos.com.br\/conteudo\/empilhadeira-paletrans-solucoes-eficientes-para-o-seu-negocio-2\/#breadcrumb\"},\"inLanguage\":\"pt-BR\",\"potentialAction\":[{\"@type\":\"ReadAction\",\"target\":[\"https:\/\/nigroequipamentos.com.br\/conteudo\/empilhadeira-paletrans-solucoes-eficientes-para-o-seu-negocio-2\/\"]}]},{\"@type\":\"BreadcrumbList\",\"@id\":\"https:\/\/nigroequipamentos.com.br\/conteudo\/empilhadeira-paletrans-solucoes-eficientes-para-o-seu-negocio-2\/#breadcrumb\",\"itemListElement\":[{\"@type\":\"ListItem\",\"position\":1,\"name\":\"In\u00edcio\",\"item\":\"https:\/\/nigroequipamentos.com.br\/conteudo\/\"},{\"@type\":\"ListItem\",\"position\":2,\"name\":\"Empilhadeira Paletrans: Solu\u00e7\u00f5es Eficientes para o seu Neg\u00f3cio\"}]},{\"@type\":\"WebSite\",\"@id\":\"https:\/\/nigroequipamentos.com.br\/conteudo\/#website\",\"url\":\"https:\/\/nigroequipamentos.com.br\/conteudo\/\",\"name\":\"Nigro Equipamentos\",\"description\":\"Loca\u00e7\u00e3o e Vendas\",\"publisher\":{\"@id\":\"https:\/\/nigroequipamentos.com.br\/conteudo\/#organization\"},\"potentialAction\":[{\"@type\":\"SearchAction\",\"target\":{\"@type\":\"EntryPoint\",\"urlTemplate\":\"https:\/\/nigroequipamentos.com.br\/conteudo\/?s={search_term_string}\"},\"query-input\":{\"@type\":\"PropertyValueSpecification\",\"valueRequired\":true,\"valueName\":\"search_term_string\"}}],\"inLanguage\":\"pt-BR\"},{\"@type\":\"Organization\",\"@id\":\"https:\/\/nigroequipamentos.com.br\/conteudo\/#organization\",\"name\":\"Nigro Equipamentos\",\"url\":\"https:\/\/nigroequipamentos.com.br\/conteudo\/\",\"logo\":{\"@type\":\"ImageObject\",\"inLanguage\":\"pt-BR\",\"@id\":\"https:\/\/nigroequipamentos.com.br\/conteudo\/#\/schema\/logo\/image\/\",\"url\":\"https:\/\/nigroequipamentos.com.br\/conteudo\/wp-content\/uploads\/2024\/10\/nigroequipamentos_logo.webp\",\"contentUrl\":\"https:\/\/nigroequipamentos.com.br\/conteudo\/wp-content\/uploads\/2024\/10\/nigroequipamentos_logo.webp\",\"width\":785,\"height\":355,\"caption\":\"Nigro Equipamentos\"},\"image\":{\"@id\":\"https:\/\/nigroequipamentos.com.br\/conteudo\/#\/schema\/logo\/image\/\"},\"sameAs\":[\"https:\/\/www.facebook.com\/nigroequipamentos\",\"https:\/\/www.instagram.com\/nigroequipamentos\/\"]}]}<\/script>\n<!-- \/ Yoast SEO Premium plugin. -->","yoast_head_json":{"title":"Servi\u00e7os de Empilhadeira Paletrans - Nigro Equipamentos","description":"Descubra os servi\u00e7os especializados da Nigro Equipamentos com a Empilhadeira Paletrans para compra, manuten\u00e7\u00e3o e loca\u00e7\u00e3o.","robots":{"index":"index","follow":"follow","max-snippet":"max-snippet:-1","max-image-preview":"max-image-preview:large","max-video-preview":"max-video-preview:-1"},"canonical":"https:\/\/nigroequipamentos.com.br\/conteudo\/empilhadeira-paletrans-solucoes-eficientes-para-o-seu-negocio-2\/","og_locale":"pt_BR","og_type":"article","og_title":"Empilhadeira Paletrans: Solu\u00e7\u00f5es Eficientes para o seu Neg\u00f3cio","og_description":"Descubra os servi\u00e7os especializados da Nigro Equipamentos com a Empilhadeira Paletrans para compra, manuten\u00e7\u00e3o e loca\u00e7\u00e3o.","og_url":"https:\/\/nigroequipamentos.com.br\/conteudo\/empilhadeira-paletrans-solucoes-eficientes-para-o-seu-negocio-2\/","og_site_name":"Nigro Equipamentos","article_publisher":"https:\/\/www.facebook.com\/nigroequipamentos","twitter_card":"summary_large_image","schema":{"@context":"https:\/\/schema.org","@graph":[{"@type":"WebPage","@id":"https:\/\/nigroequipamentos.com.br\/conteudo\/empilhadeira-paletrans-solucoes-eficientes-para-o-seu-negocio-2\/","url":"https:\/\/nigroequipamentos.com.br\/conteudo\/empilhadeira-paletrans-solucoes-eficientes-para-o-seu-negocio-2\/","name":"Servi\u00e7os de Empilhadeira Paletrans - Nigro Equipamentos","isPartOf":{"@id":"https:\/\/nigroequipamentos.com.br\/conteudo\/#website"},"datePublished":"2025-04-08T16:45:39+00:00","dateModified":"2025-04-08T16:45:39+00:00","description":"Descubra os servi\u00e7os especializados da Nigro Equipamentos com a Empilhadeira Paletrans para compra, manuten\u00e7\u00e3o e loca\u00e7\u00e3o.","breadcrumb":{"@id":"https:\/\/nigroequipamentos.com.br\/conteudo\/empilhadeira-paletrans-solucoes-eficientes-para-o-seu-negocio-2\/#breadcrumb"},"inLanguage":"pt-BR","potentialAction":[{"@type":"ReadAction","target":["https:\/\/nigroequipamentos.com.br\/conteudo\/empilhadeira-paletrans-solucoes-eficientes-para-o-seu-negocio-2\/"]}]},{"@type":"BreadcrumbList","@id":"https:\/\/nigroequipamentos.com.br\/conteudo\/empilhadeira-paletrans-solucoes-eficientes-para-o-seu-negocio-2\/#breadcrumb","itemListElement":[{"@type":"ListItem","position":1,"name":"In\u00edcio","item":"https:\/\/nigroequipamentos.com.br\/conteudo\/"},{"@type":"ListItem","position":2,"name":"Empilhadeira Paletrans: Solu\u00e7\u00f5es Eficientes para o seu Neg\u00f3cio"}]},{"@type":"WebSite","@id":"https:\/\/nigroequipamentos.com.br\/conteudo\/#website","url":"https:\/\/nigroequipamentos.com.br\/conteudo\/","name":"Nigro Equipamentos","description":"Loca\u00e7\u00e3o e Vendas","publisher":{"@id":"https:\/\/nigroequipamentos.com.br\/conteudo\/#organization"},"potentialAction":[{"@type":"SearchAction","target":{"@type":"EntryPoint","urlTemplate":"https:\/\/nigroequipamentos.com.br\/conteudo\/?s={search_term_string}"},"query-input":{"@type":"PropertyValueSpecification","valueRequired":true,"valueName":"search_term_string"}}],"inLanguage":"pt-BR"},{"@type":"Organization","@id":"https:\/\/nigroequipamentos.com.br\/conteudo\/#organization","name":"Nigro Equipamentos","url":"https:\/\/nigroequipamentos.com.br\/conteudo\/","logo":{"@type":"ImageObject","inLanguage":"pt-BR","@id":"https:\/\/nigroequipamentos.com.br\/conteudo\/#\/schema\/logo\/image\/","url":"https:\/\/nigroequipamentos.com.br\/conteudo\/wp-content\/uploads\/2024\/10\/nigroequipamentos_logo.webp","contentUrl":"https:\/\/nigroequipamentos.com.br\/conteudo\/wp-content\/uploads\/2024\/10\/nigroequipamentos_logo.webp","width":785,"height":355,"caption":"Nigro Equipamentos"},"image":{"@id":"https:\/\/nigroequipamentos.com.br\/conteudo\/#\/schema\/logo\/image\/"},"sameAs":["https:\/\/www.facebook.com\/nigroequipamentos","https:\/\/www.instagram.com\/nigroequipamentos\/"]}]}},"_links":{"self":[{"href":"https:\/\/nigroequipamentos.com.br\/conteudo\/wp-json\/wp\/v2\/pages\/18641","targetHints":{"allow":["GET"]}}],"collection":[{"href":"https:\/\/nigroequipamentos.com.br\/conteudo\/wp-json\/wp\/v2\/pages"}],"about":[{"href":"https:\/\/nigroequipamentos.com.br\/conteudo\/wp-json\/wp\/v2\/types\/page"}],"author":[{"embeddable":true,"href":"https:\/\/nigroequipamentos.com.br\/conteudo\/wp-json\/wp\/v2\/users\/3"}],"replies":[{"embeddable":true,"href":"https:\/\/nigroequipamentos.com.br\/conteudo\/wp-json\/wp\/v2\/comments?post=18641"}],"version-history":[{"count":0,"href":"https:\/\/nigroequipamentos.com.br\/conteudo\/wp-json\/wp\/v2\/pages\/18641\/revisions"}],"wp:attachment":[{"href":"https:\/\/nigroequipamentos.com.br\/conteudo\/wp-json\/wp\/v2\/media?parent=18641"}],"curies":[{"name":"wp","href":"https:\/\/api.w.org\/{rel}","templated":true}]}}