{"id":17818,"date":"2025-04-04T17:45:36","date_gmt":"2025-04-04T20:45:36","guid":{"rendered":"https:\/\/nigroequipamentos.com.br\/conteudo\/empilhadeira-paletrans-o-melhor-para-seu-comercio\/"},"modified":"2025-04-04T17:45:36","modified_gmt":"2025-04-04T20:45:36","slug":"empilhadeira-paletrans-o-melhor-para-seu-comercio","status":"publish","type":"page","link":"https:\/\/nigroequipamentos.com.br\/conteudo\/empilhadeira-paletrans-o-melhor-para-seu-comercio\/","title":{"rendered":"Empilhadeira Paletrans: O Melhor para seu Com\u00e9rcio"},"content":{"rendered":"<p>A Nigro Equipamentos \u00e9 a sua parceira ideal quando se trata de Empilhadeira Paletrans. Com vasta experi\u00eancia no mercado, oferecemos solu\u00e7\u00f5es de compra, manuten\u00e7\u00e3o e loca\u00e7\u00e3o das melhores empilhadeiras para o seu com\u00e9rcio. Nossas Empilhadeiras Paletrans s\u00e3o conhecidas pela efici\u00eancia, robustez e qualidade, garantindo que voc\u00ea tenha sempre o suporte necess\u00e1rio no manuseio de cargas. Se voc\u00ea est\u00e1 procurando pela melhor op\u00e7\u00e3o em Empilhadeira Paletrans, a Nigro \u00e9 a escolha certa.<\/p>\n","protected":false},"excerpt":{"rendered":"<p>A Nigro Equipamentos \u00e9 a sua parceira ideal quando se trata de Empilhadeira Paletrans. Com vasta experi\u00eancia no mercado, oferecemos solu\u00e7\u00f5es de compra, manuten\u00e7\u00e3o e loca\u00e7\u00e3o das melhores empilhadeiras para o seu com\u00e9rcio. Nossas Empilhadeiras Paletrans s\u00e3o conhecidas pela efici\u00eancia, robustez e qualidade, garantindo que voc\u00ea tenha sempre o suporte necess\u00e1rio no manuseio de cargas.&hellip;&nbsp;<a href=\"https:\/\/nigroequipamentos.com.br\/conteudo\/empilhadeira-paletrans-o-melhor-para-seu-comercio\/\" class=\"\" rel=\"bookmark\">Continue a ler &raquo;<span class=\"screen-reader-text\">Empilhadeira Paletrans: O Melhor para seu Com\u00e9rcio<\/span><\/a><\/p>\n","protected":false},"author":3,"featured_media":0,"parent":0,"menu_order":0,"comment_status":"closed","ping_status":"closed","template":"","meta":{"_acf_changed":false,"_yoast_wpseo_focuskw":"Empilhadeira Paletrans com\u00e9rcio","_yoast_wpseo_title":"Empilhadeira Paletrans: Compra e Loca\u00e7\u00e3o na Nigro Equipamentos","_yoast_wpseo_metadesc":"Descubra porque a Nigro Equipamentos \u00e9 a melhor op\u00e7\u00e3o para Empilhadeira Paletrans no seu com\u00e9rcio. Conhe\u00e7a nossas solu\u00e7\u00f5es de compra, manuten\u00e7\u00e3o e loca\u00e7\u00e3o.","neve_meta_sidebar":"","neve_meta_container":"","neve_meta_enable_content_width":"","neve_meta_content_width":0,"neve_meta_title_alignment":"","neve_meta_author_avatar":"","neve_post_elements_order":"","neve_meta_disable_header":"","neve_meta_disable_footer":"","neve_meta_disable_title":"","footnotes":""},"class_list":["post-17818","page","type-page","status-publish","hentry"],"acf":{"bloco1title":"Excel\u00eancia em Atendimento","bloco1text":"Com uma equipe especializada, a Nigro oferece atendimento personalizado para atender todas as suas necessidades relacionadas a Empilhadeira Paletrans.","bloco2title":"Qualidade Garantida","bloco2text":"Nossas Empilhadeiras Paletrans s\u00e3o de marcas reconhecidas e possuem garantia de qualidade e efici\u00eancia.","bloco3title":"A Import\u00e2ncia da Loca\u00e7\u00e3o","bloco3text":"A loca\u00e7\u00e3o de Empilhadeira Paletrans \u00e9 uma op\u00e7\u00e3o inteligente para empresas que buscam flexibilidade sem abrir m\u00e3o da qualidade. Com a Nigro, voc\u00ea encontra a solu\u00e7\u00e3o perfeita.","posttitle":"Empilhadeira Paletrans: Solu\u00e7\u00f5es Inovadoras para o Com\u00e9rcio","postcontent":"<strong>Empilhadeira Paletrans e Efici\u00eancia<\/strong>  \nEmpilhadeiras Paletrans s\u00e3o essenciais para quem busca efici\u00eancia e seguran\u00e7a no manuseio de cargas. Se voc\u00ea est\u00e1 no com\u00e9rcio e precisa de solu\u00e7\u00f5es pr\u00e1ticas, a Nigro Equipamentos oferece uma gama de op\u00e7\u00f5es em Empilhadeira Paletrans que se adaptam perfeitamente \u00e0s suas necessidades. Nossas Empilhadeiras Paletrans s\u00e3o projetadas para proporcionar alta performance em diversas opera\u00e7\u00f5es, desde armaz\u00e9ns at\u00e9 grandes centros de distribui\u00e7\u00e3o.  \n  \n<strong>Compra de Qualidade<\/strong>  \nAo optar pela compra de uma Empilhadeira Paletrans, \u00e9 importante levar em conta a durabilidade e a reputa\u00e7\u00e3o da marca. Na Nigro, colaboramos com fabricantes renomados para garantir que voc\u00ea receba um produto de ponta.  \n  \n<strong>Manuten\u00e7\u00e3o Especializada<\/strong>  \nAl\u00e9m da compra, tamb\u00e9m oferecemos servi\u00e7os de manuten\u00e7\u00e3o para suas Empilhadeiras Paletrans. Nossa equipe t\u00e9cnica \u00e9 altamente capacitada para realizar reparos e preventivas, assegurando o pleno funcionamento do equipamento.  \n  \n<strong>Loca\u00e7\u00e3o Flex\u00edvel<\/strong>  \nSe voc\u00ea ainda n\u00e3o sabe se a compra \u00e9 a melhor op\u00e7\u00e3o, a loca\u00e7\u00e3o de Empilhadeira Paletrans \u00e9 uma alternativa muito vantajosa. Com planos que se ajustam ao seu or\u00e7amento, voc\u00ea pode contar com toda a qualidade sem pesar no caixa.  \n  \n<strong>A Nigro \u00e9 sua Melhor Op\u00e7\u00e3o<\/strong>  \nNa hora de escolher onde adquirir, alugar ou cuidar da manuten\u00e7\u00e3o de uma Empilhadeira Paletrans, a Nigro Equipamentos se destaca como a escolha mais confi\u00e1vel. Estamos aqui para ajudar voc\u00ea a crescer com efici\u00eancia e seguran\u00e7a.","insightwidtitle":"Curiosidades sobre Empilhadeiras","insightwidcontent":"Voc\u00ea sabia que a primeira empilhadeira foi inventada na d\u00e9cada de 1920? Desde ent\u00e3o, a tecnologia das Empilhadeiras Paletrans evoluiu enormemente, tornando-se pe\u00e7as fundamentais na log\u00edstica e no com\u00e9rcio. Curiosamente, essas m\u00e1quinas n\u00e3o apenas facilitam o transporte de cargas pesadas, mas tamb\u00e9m ajudam a otimizar o espa\u00e7o em armaz\u00e9ns, tornando o armazenamento mais eficiente."},"yoast_head":"<!-- This site is optimized with the Yoast SEO Premium plugin v18.3 (Yoast SEO v23.4) - https:\/\/yoast.com\/wordpress\/plugins\/seo\/ -->\n<title>Empilhadeira Paletrans: Compra e Loca\u00e7\u00e3o na Nigro Equipamentos<\/title>\n<meta name=\"description\" content=\"Descubra porque a Nigro Equipamentos \u00e9 a melhor op\u00e7\u00e3o para Empilhadeira Paletrans no seu com\u00e9rcio. Conhe\u00e7a nossas solu\u00e7\u00f5es de compra, manuten\u00e7\u00e3o e loca\u00e7\u00e3o.\" \/>\n<meta name=\"robots\" content=\"index, follow, max-snippet:-1, max-image-preview:large, max-video-preview:-1\" \/>\n<link rel=\"canonical\" href=\"https:\/\/nigroequipamentos.com.br\/conteudo\/empilhadeira-paletrans-o-melhor-para-seu-comercio\/\" \/>\n<meta property=\"og:locale\" content=\"pt_BR\" \/>\n<meta property=\"og:type\" content=\"article\" \/>\n<meta property=\"og:title\" content=\"Empilhadeira Paletrans: O Melhor para seu Com\u00e9rcio\" \/>\n<meta property=\"og:description\" content=\"Descubra porque a Nigro Equipamentos \u00e9 a melhor op\u00e7\u00e3o para Empilhadeira Paletrans no seu com\u00e9rcio. Conhe\u00e7a nossas solu\u00e7\u00f5es de compra, manuten\u00e7\u00e3o e loca\u00e7\u00e3o.\" \/>\n<meta property=\"og:url\" content=\"https:\/\/nigroequipamentos.com.br\/conteudo\/empilhadeira-paletrans-o-melhor-para-seu-comercio\/\" \/>\n<meta property=\"og:site_name\" content=\"Nigro Equipamentos\" \/>\n<meta property=\"article:publisher\" content=\"https:\/\/www.facebook.com\/nigroequipamentos\" \/>\n<meta name=\"twitter:card\" content=\"summary_large_image\" \/>\n<script type=\"application\/ld+json\" class=\"yoast-schema-graph\">{\"@context\":\"https:\/\/schema.org\",\"@graph\":[{\"@type\":\"WebPage\",\"@id\":\"https:\/\/nigroequipamentos.com.br\/conteudo\/empilhadeira-paletrans-o-melhor-para-seu-comercio\/\",\"url\":\"https:\/\/nigroequipamentos.com.br\/conteudo\/empilhadeira-paletrans-o-melhor-para-seu-comercio\/\",\"name\":\"Empilhadeira Paletrans: Compra e Loca\u00e7\u00e3o na Nigro Equipamentos\",\"isPartOf\":{\"@id\":\"https:\/\/nigroequipamentos.com.br\/conteudo\/#website\"},\"datePublished\":\"2025-04-04T20:45:36+00:00\",\"dateModified\":\"2025-04-04T20:45:36+00:00\",\"description\":\"Descubra porque a Nigro Equipamentos \u00e9 a melhor op\u00e7\u00e3o para Empilhadeira Paletrans no seu com\u00e9rcio. Conhe\u00e7a nossas solu\u00e7\u00f5es de compra, manuten\u00e7\u00e3o e loca\u00e7\u00e3o.\",\"breadcrumb\":{\"@id\":\"https:\/\/nigroequipamentos.com.br\/conteudo\/empilhadeira-paletrans-o-melhor-para-seu-comercio\/#breadcrumb\"},\"inLanguage\":\"pt-BR\",\"potentialAction\":[{\"@type\":\"ReadAction\",\"target\":[\"https:\/\/nigroequipamentos.com.br\/conteudo\/empilhadeira-paletrans-o-melhor-para-seu-comercio\/\"]}]},{\"@type\":\"BreadcrumbList\",\"@id\":\"https:\/\/nigroequipamentos.com.br\/conteudo\/empilhadeira-paletrans-o-melhor-para-seu-comercio\/#breadcrumb\",\"itemListElement\":[{\"@type\":\"ListItem\",\"position\":1,\"name\":\"In\u00edcio\",\"item\":\"https:\/\/nigroequipamentos.com.br\/conteudo\/\"},{\"@type\":\"ListItem\",\"position\":2,\"name\":\"Empilhadeira Paletrans: O Melhor para seu Com\u00e9rcio\"}]},{\"@type\":\"WebSite\",\"@id\":\"https:\/\/nigroequipamentos.com.br\/conteudo\/#website\",\"url\":\"https:\/\/nigroequipamentos.com.br\/conteudo\/\",\"name\":\"Nigro Equipamentos\",\"description\":\"Loca\u00e7\u00e3o e Vendas\",\"publisher\":{\"@id\":\"https:\/\/nigroequipamentos.com.br\/conteudo\/#organization\"},\"potentialAction\":[{\"@type\":\"SearchAction\",\"target\":{\"@type\":\"EntryPoint\",\"urlTemplate\":\"https:\/\/nigroequipamentos.com.br\/conteudo\/?s={search_term_string}\"},\"query-input\":{\"@type\":\"PropertyValueSpecification\",\"valueRequired\":true,\"valueName\":\"search_term_string\"}}],\"inLanguage\":\"pt-BR\"},{\"@type\":\"Organization\",\"@id\":\"https:\/\/nigroequipamentos.com.br\/conteudo\/#organization\",\"name\":\"Nigro Equipamentos\",\"url\":\"https:\/\/nigroequipamentos.com.br\/conteudo\/\",\"logo\":{\"@type\":\"ImageObject\",\"inLanguage\":\"pt-BR\",\"@id\":\"https:\/\/nigroequipamentos.com.br\/conteudo\/#\/schema\/logo\/image\/\",\"url\":\"https:\/\/nigroequipamentos.com.br\/conteudo\/wp-content\/uploads\/2024\/10\/nigroequipamentos_logo.webp\",\"contentUrl\":\"https:\/\/nigroequipamentos.com.br\/conteudo\/wp-content\/uploads\/2024\/10\/nigroequipamentos_logo.webp\",\"width\":785,\"height\":355,\"caption\":\"Nigro Equipamentos\"},\"image\":{\"@id\":\"https:\/\/nigroequipamentos.com.br\/conteudo\/#\/schema\/logo\/image\/\"},\"sameAs\":[\"https:\/\/www.facebook.com\/nigroequipamentos\",\"https:\/\/www.instagram.com\/nigroequipamentos\/\"]}]}<\/script>\n<!-- \/ Yoast SEO Premium plugin. -->","yoast_head_json":{"title":"Empilhadeira Paletrans: Compra e Loca\u00e7\u00e3o na Nigro Equipamentos","description":"Descubra porque a Nigro Equipamentos \u00e9 a melhor op\u00e7\u00e3o para Empilhadeira Paletrans no seu com\u00e9rcio. Conhe\u00e7a nossas solu\u00e7\u00f5es de compra, manuten\u00e7\u00e3o e loca\u00e7\u00e3o.","robots":{"index":"index","follow":"follow","max-snippet":"max-snippet:-1","max-image-preview":"max-image-preview:large","max-video-preview":"max-video-preview:-1"},"canonical":"https:\/\/nigroequipamentos.com.br\/conteudo\/empilhadeira-paletrans-o-melhor-para-seu-comercio\/","og_locale":"pt_BR","og_type":"article","og_title":"Empilhadeira Paletrans: O Melhor para seu Com\u00e9rcio","og_description":"Descubra porque a Nigro Equipamentos \u00e9 a melhor op\u00e7\u00e3o para Empilhadeira Paletrans no seu com\u00e9rcio. Conhe\u00e7a nossas solu\u00e7\u00f5es de compra, manuten\u00e7\u00e3o e loca\u00e7\u00e3o.","og_url":"https:\/\/nigroequipamentos.com.br\/conteudo\/empilhadeira-paletrans-o-melhor-para-seu-comercio\/","og_site_name":"Nigro Equipamentos","article_publisher":"https:\/\/www.facebook.com\/nigroequipamentos","twitter_card":"summary_large_image","schema":{"@context":"https:\/\/schema.org","@graph":[{"@type":"WebPage","@id":"https:\/\/nigroequipamentos.com.br\/conteudo\/empilhadeira-paletrans-o-melhor-para-seu-comercio\/","url":"https:\/\/nigroequipamentos.com.br\/conteudo\/empilhadeira-paletrans-o-melhor-para-seu-comercio\/","name":"Empilhadeira Paletrans: Compra e Loca\u00e7\u00e3o na Nigro Equipamentos","isPartOf":{"@id":"https:\/\/nigroequipamentos.com.br\/conteudo\/#website"},"datePublished":"2025-04-04T20:45:36+00:00","dateModified":"2025-04-04T20:45:36+00:00","description":"Descubra porque a Nigro Equipamentos \u00e9 a melhor op\u00e7\u00e3o para Empilhadeira Paletrans no seu com\u00e9rcio. Conhe\u00e7a nossas solu\u00e7\u00f5es de compra, manuten\u00e7\u00e3o e loca\u00e7\u00e3o.","breadcrumb":{"@id":"https:\/\/nigroequipamentos.com.br\/conteudo\/empilhadeira-paletrans-o-melhor-para-seu-comercio\/#breadcrumb"},"inLanguage":"pt-BR","potentialAction":[{"@type":"ReadAction","target":["https:\/\/nigroequipamentos.com.br\/conteudo\/empilhadeira-paletrans-o-melhor-para-seu-comercio\/"]}]},{"@type":"BreadcrumbList","@id":"https:\/\/nigroequipamentos.com.br\/conteudo\/empilhadeira-paletrans-o-melhor-para-seu-comercio\/#breadcrumb","itemListElement":[{"@type":"ListItem","position":1,"name":"In\u00edcio","item":"https:\/\/nigroequipamentos.com.br\/conteudo\/"},{"@type":"ListItem","position":2,"name":"Empilhadeira Paletrans: O Melhor para seu Com\u00e9rcio"}]},{"@type":"WebSite","@id":"https:\/\/nigroequipamentos.com.br\/conteudo\/#website","url":"https:\/\/nigroequipamentos.com.br\/conteudo\/","name":"Nigro Equipamentos","description":"Loca\u00e7\u00e3o e Vendas","publisher":{"@id":"https:\/\/nigroequipamentos.com.br\/conteudo\/#organization"},"potentialAction":[{"@type":"SearchAction","target":{"@type":"EntryPoint","urlTemplate":"https:\/\/nigroequipamentos.com.br\/conteudo\/?s={search_term_string}"},"query-input":{"@type":"PropertyValueSpecification","valueRequired":true,"valueName":"search_term_string"}}],"inLanguage":"pt-BR"},{"@type":"Organization","@id":"https:\/\/nigroequipamentos.com.br\/conteudo\/#organization","name":"Nigro Equipamentos","url":"https:\/\/nigroequipamentos.com.br\/conteudo\/","logo":{"@type":"ImageObject","inLanguage":"pt-BR","@id":"https:\/\/nigroequipamentos.com.br\/conteudo\/#\/schema\/logo\/image\/","url":"https:\/\/nigroequipamentos.com.br\/conteudo\/wp-content\/uploads\/2024\/10\/nigroequipamentos_logo.webp","contentUrl":"https:\/\/nigroequipamentos.com.br\/conteudo\/wp-content\/uploads\/2024\/10\/nigroequipamentos_logo.webp","width":785,"height":355,"caption":"Nigro Equipamentos"},"image":{"@id":"https:\/\/nigroequipamentos.com.br\/conteudo\/#\/schema\/logo\/image\/"},"sameAs":["https:\/\/www.facebook.com\/nigroequipamentos","https:\/\/www.instagram.com\/nigroequipamentos\/"]}]}},"_links":{"self":[{"href":"https:\/\/nigroequipamentos.com.br\/conteudo\/wp-json\/wp\/v2\/pages\/17818","targetHints":{"allow":["GET"]}}],"collection":[{"href":"https:\/\/nigroequipamentos.com.br\/conteudo\/wp-json\/wp\/v2\/pages"}],"about":[{"href":"https:\/\/nigroequipamentos.com.br\/conteudo\/wp-json\/wp\/v2\/types\/page"}],"author":[{"embeddable":true,"href":"https:\/\/nigroequipamentos.com.br\/conteudo\/wp-json\/wp\/v2\/users\/3"}],"replies":[{"embeddable":true,"href":"https:\/\/nigroequipamentos.com.br\/conteudo\/wp-json\/wp\/v2\/comments?post=17818"}],"version-history":[{"count":0,"href":"https:\/\/nigroequipamentos.com.br\/conteudo\/wp-json\/wp\/v2\/pages\/17818\/revisions"}],"wp:attachment":[{"href":"https:\/\/nigroequipamentos.com.br\/conteudo\/wp-json\/wp\/v2\/media?parent=17818"}],"curies":[{"name":"wp","href":"https:\/\/api.w.org\/{rel}","templated":true}]}}