{"id":14736,"date":"2025-02-04T21:00:40","date_gmt":"2025-02-05T00:00:40","guid":{"rendered":"https:\/\/nigroequipamentos.com.br\/conteudo\/descubra-a-eficiencia-da-empilhadeira-eletrica-paletrans-px1235\/"},"modified":"2025-02-04T21:00:40","modified_gmt":"2025-02-05T00:00:40","slug":"descubra-a-eficiencia-da-empilhadeira-eletrica-paletrans-px1235","status":"publish","type":"page","link":"https:\/\/nigroequipamentos.com.br\/conteudo\/descubra-a-eficiencia-da-empilhadeira-eletrica-paletrans-px1235\/","title":{"rendered":"Descubra a Efici\u00eancia da Empilhadeira El\u00e9trica Paletrans PX1235"},"content":{"rendered":"<p>A Empilhadeira El\u00e9trica Paletrans PX1235 \u00e9 a solu\u00e7\u00e3o perfeita para elevar a produtividade do seu neg\u00f3cio. Com caracter\u00edsticas inovadoras e um design ergon\u00f4mico, ela garante efici\u00eancia e conforto durante o uso. \u00c9 ideal para opera\u00e7\u00f5es em ambientes fechados e apresenta uma autonomia de bateria que deixa a concorr\u00eancia para tr\u00e1s. Combine isso com a for\u00e7a e a agilidade que a Empilhadeira El\u00e9trica Paletrans PX1235 proporciona, e voc\u00ea ter\u00e1 um equipamento indispens\u00e1vel para o dia a dia do seu armaz\u00e9m. Escolher a Nigro Equipamentos para sua Empilhadeira El\u00e9trica Paletrans PX1235 significa optar por qualidade, experi\u00eancia e suporte completo na compra, manuten\u00e7\u00e3o e loca\u00e7\u00e3o.<\/p>\n","protected":false},"excerpt":{"rendered":"<p>A Empilhadeira El\u00e9trica Paletrans PX1235 \u00e9 a solu\u00e7\u00e3o perfeita para elevar a produtividade do seu neg\u00f3cio. Com caracter\u00edsticas inovadoras e um design ergon\u00f4mico, ela garante efici\u00eancia e conforto durante o uso. \u00c9 ideal para opera\u00e7\u00f5es em ambientes fechados e apresenta uma autonomia de bateria que deixa a concorr\u00eancia para tr\u00e1s. Combine isso com a for\u00e7a&hellip;&nbsp;<a href=\"https:\/\/nigroequipamentos.com.br\/conteudo\/descubra-a-eficiencia-da-empilhadeira-eletrica-paletrans-px1235\/\" class=\"\" rel=\"bookmark\">Continue a ler &raquo;<span class=\"screen-reader-text\">Descubra a Efici\u00eancia da Empilhadeira El\u00e9trica Paletrans PX1235<\/span><\/a><\/p>\n","protected":false},"author":3,"featured_media":0,"parent":0,"menu_order":0,"comment_status":"closed","ping_status":"closed","template":"","meta":{"_acf_changed":false,"_yoast_wpseo_focuskw":"Empilhadeira El\u00e9trica Paletrans PX1235","_yoast_wpseo_title":"Empilhadeira El\u00e9trica Paletrans PX1235: Eficiente e Sustent\u00e1vel com a Nigro Equipamentos","_yoast_wpseo_metadesc":"Saiba tudo sobre a Empilhadeira El\u00e9trica Paletrans PX1235, suas caracter\u00edsticas e como a Nigro Equipamentos pode ajud\u00e1-lo na compra e manuten\u00e7\u00e3o.","neve_meta_sidebar":"","neve_meta_container":"","neve_meta_enable_content_width":"","neve_meta_content_width":0,"neve_meta_title_alignment":"","neve_meta_author_avatar":"","neve_post_elements_order":"","neve_meta_disable_header":"","neve_meta_disable_footer":"","neve_meta_disable_title":"","footnotes":""},"class_list":["post-14736","page","type-page","status-publish","hentry"],"acf":{"bloco1title":"Qualidade Garantida","bloco1text":"A Nigro Equipamentos oferece garantias e assist\u00eancia t\u00e9cnica para todas as Empilhadeiras El\u00e9tricas Paletrans PX1235 que vende.","bloco2title":"Servi\u00e7o Especializado","bloco2text":"Contamos com uma equipe especialista para auxiliar na escolha da sua Empilhadeira El\u00e9trica Paletrans PX1235.","bloco3title":"Inova\u00e7\u00e3o Duradoura","bloco3text":"A Empilhadeira El\u00e9trica Paletrans PX1235 \u00e9 projetada para proporcionar durabilidade e desempenho em opera\u00e7\u00f5es intensivas, sempre se destacando no mercado.","posttitle":"Tudo sobre a Empilhadeira El\u00e9trica Paletrans PX1235: O que voc\u00ea precisa saber","postcontent":"<strong>A Empilhadeira El\u00e9trica Paletrans PX1235<\/strong> \u00e9 uma das melhores op\u00e7\u00f5es do mercado quando falamos em equipamentos para eleva\u00e7\u00e3o e movimenta\u00e7\u00e3o de cargas. Com capacidade para operar em ambientes restritos, esta empilhadeira oferece um motor silencioso e zero emiss\u00e3o de poluentes, tornando-a ideal para utiliza\u00e7\u00e3o em armaz\u00e9ns e lojas. Al\u00e9m disso, a Empilhadeira El\u00e9trica Paletrans PX1235 \u00e9 equipada com controles ergon\u00f4micos que garantem o m\u00e1ximo conforto para os operadores. Sua bateria de longa dura\u00e7\u00e3o proporciona autonomia que supera a m\u00e9dia do setor, permitindo que voc\u00ea realize mais com menos tempo de recarga. Outro grande diferencial \u00e9 o suporte completo que a Nigro Equipamentos oferece, incluindo consultoria na escolha e treinamentos para maximizar o uso da Empilhadeira El\u00e9trica Paletrans PX1235. Na Nigro, estamos prontos para atender sua empresa com a excel\u00eancia necess\u00e1ria para que voc\u00ea maximize sua efici\u00eancia operacional com a Empilhadeira El\u00e9trica Paletrans PX1235.","insightwidtitle":"Curiosidades sobre a PX1235","insightwidcontent":"Voc\u00ea sabia que a Empilhadeira El\u00e9trica Paletrans PX1235 foi projetada para ser 30% mais eficiente em compara\u00e7\u00e3o com modelos a combust\u00e3o? Isso significa que, al\u00e9m de ser menos poluente, ela reduz custos operacionais sem perder pot\u00eancia. A tecnologia de ponta empregada na forma\u00e7\u00e3o da bateria tamb\u00e9m garante uma vida \u00fatil superior, favorecendo um retorno sobre o investimento mais r\u00e1pido. Adquirir a Empilhadeira El\u00e9trica Paletrans PX1235 \u00e9 sin\u00f4nimo de escolher uma m\u00e1quina que acompanha a evolu\u00e7\u00e3o sustent\u00e1vel dos neg\u00f3cios."},"yoast_head":"<!-- This site is optimized with the Yoast SEO Premium plugin v18.3 (Yoast SEO v23.4) - https:\/\/yoast.com\/wordpress\/plugins\/seo\/ -->\n<title>Empilhadeira El\u00e9trica Paletrans PX1235: Eficiente e Sustent\u00e1vel com a Nigro Equipamentos<\/title>\n<meta name=\"description\" content=\"Saiba tudo sobre a Empilhadeira El\u00e9trica Paletrans PX1235, suas caracter\u00edsticas e como a Nigro Equipamentos pode ajud\u00e1-lo na compra e manuten\u00e7\u00e3o.\" \/>\n<meta name=\"robots\" content=\"index, follow, max-snippet:-1, max-image-preview:large, max-video-preview:-1\" \/>\n<link rel=\"canonical\" href=\"https:\/\/nigroequipamentos.com.br\/conteudo\/descubra-a-eficiencia-da-empilhadeira-eletrica-paletrans-px1235\/\" \/>\n<meta property=\"og:locale\" content=\"pt_BR\" \/>\n<meta property=\"og:type\" content=\"article\" \/>\n<meta property=\"og:title\" content=\"Descubra a Efici\u00eancia da Empilhadeira El\u00e9trica Paletrans PX1235\" \/>\n<meta property=\"og:description\" content=\"Saiba tudo sobre a Empilhadeira El\u00e9trica Paletrans PX1235, suas caracter\u00edsticas e como a Nigro Equipamentos pode ajud\u00e1-lo na compra e manuten\u00e7\u00e3o.\" \/>\n<meta property=\"og:url\" content=\"https:\/\/nigroequipamentos.com.br\/conteudo\/descubra-a-eficiencia-da-empilhadeira-eletrica-paletrans-px1235\/\" \/>\n<meta property=\"og:site_name\" content=\"Nigro Equipamentos\" \/>\n<meta property=\"article:publisher\" content=\"https:\/\/www.facebook.com\/nigroequipamentos\" \/>\n<meta name=\"twitter:card\" content=\"summary_large_image\" \/>\n<meta name=\"twitter:label1\" content=\"Est. tempo de leitura\" \/>\n\t<meta name=\"twitter:data1\" content=\"1 minuto\" \/>\n<script type=\"application\/ld+json\" class=\"yoast-schema-graph\">{\"@context\":\"https:\/\/schema.org\",\"@graph\":[{\"@type\":\"WebPage\",\"@id\":\"https:\/\/nigroequipamentos.com.br\/conteudo\/descubra-a-eficiencia-da-empilhadeira-eletrica-paletrans-px1235\/\",\"url\":\"https:\/\/nigroequipamentos.com.br\/conteudo\/descubra-a-eficiencia-da-empilhadeira-eletrica-paletrans-px1235\/\",\"name\":\"Empilhadeira El\u00e9trica Paletrans PX1235: Eficiente e Sustent\u00e1vel com a Nigro Equipamentos\",\"isPartOf\":{\"@id\":\"https:\/\/nigroequipamentos.com.br\/conteudo\/#website\"},\"datePublished\":\"2025-02-05T00:00:40+00:00\",\"dateModified\":\"2025-02-05T00:00:40+00:00\",\"description\":\"Saiba tudo sobre a Empilhadeira El\u00e9trica Paletrans PX1235, suas caracter\u00edsticas e como a Nigro Equipamentos pode ajud\u00e1-lo na compra e manuten\u00e7\u00e3o.\",\"breadcrumb\":{\"@id\":\"https:\/\/nigroequipamentos.com.br\/conteudo\/descubra-a-eficiencia-da-empilhadeira-eletrica-paletrans-px1235\/#breadcrumb\"},\"inLanguage\":\"pt-BR\",\"potentialAction\":[{\"@type\":\"ReadAction\",\"target\":[\"https:\/\/nigroequipamentos.com.br\/conteudo\/descubra-a-eficiencia-da-empilhadeira-eletrica-paletrans-px1235\/\"]}]},{\"@type\":\"BreadcrumbList\",\"@id\":\"https:\/\/nigroequipamentos.com.br\/conteudo\/descubra-a-eficiencia-da-empilhadeira-eletrica-paletrans-px1235\/#breadcrumb\",\"itemListElement\":[{\"@type\":\"ListItem\",\"position\":1,\"name\":\"In\u00edcio\",\"item\":\"https:\/\/nigroequipamentos.com.br\/conteudo\/\"},{\"@type\":\"ListItem\",\"position\":2,\"name\":\"Descubra a Efici\u00eancia da Empilhadeira El\u00e9trica Paletrans PX1235\"}]},{\"@type\":\"WebSite\",\"@id\":\"https:\/\/nigroequipamentos.com.br\/conteudo\/#website\",\"url\":\"https:\/\/nigroequipamentos.com.br\/conteudo\/\",\"name\":\"Nigro Equipamentos\",\"description\":\"Loca\u00e7\u00e3o e Vendas\",\"publisher\":{\"@id\":\"https:\/\/nigroequipamentos.com.br\/conteudo\/#organization\"},\"potentialAction\":[{\"@type\":\"SearchAction\",\"target\":{\"@type\":\"EntryPoint\",\"urlTemplate\":\"https:\/\/nigroequipamentos.com.br\/conteudo\/?s={search_term_string}\"},\"query-input\":{\"@type\":\"PropertyValueSpecification\",\"valueRequired\":true,\"valueName\":\"search_term_string\"}}],\"inLanguage\":\"pt-BR\"},{\"@type\":\"Organization\",\"@id\":\"https:\/\/nigroequipamentos.com.br\/conteudo\/#organization\",\"name\":\"Nigro Equipamentos\",\"url\":\"https:\/\/nigroequipamentos.com.br\/conteudo\/\",\"logo\":{\"@type\":\"ImageObject\",\"inLanguage\":\"pt-BR\",\"@id\":\"https:\/\/nigroequipamentos.com.br\/conteudo\/#\/schema\/logo\/image\/\",\"url\":\"https:\/\/nigroequipamentos.com.br\/conteudo\/wp-content\/uploads\/2024\/10\/nigroequipamentos_logo.webp\",\"contentUrl\":\"https:\/\/nigroequipamentos.com.br\/conteudo\/wp-content\/uploads\/2024\/10\/nigroequipamentos_logo.webp\",\"width\":785,\"height\":355,\"caption\":\"Nigro Equipamentos\"},\"image\":{\"@id\":\"https:\/\/nigroequipamentos.com.br\/conteudo\/#\/schema\/logo\/image\/\"},\"sameAs\":[\"https:\/\/www.facebook.com\/nigroequipamentos\",\"https:\/\/www.instagram.com\/nigroequipamentos\/\"]}]}<\/script>\n<!-- \/ Yoast SEO Premium plugin. -->","yoast_head_json":{"title":"Empilhadeira El\u00e9trica Paletrans PX1235: Eficiente e Sustent\u00e1vel com a Nigro Equipamentos","description":"Saiba tudo sobre a Empilhadeira El\u00e9trica Paletrans PX1235, suas caracter\u00edsticas e como a Nigro Equipamentos pode ajud\u00e1-lo na compra e manuten\u00e7\u00e3o.","robots":{"index":"index","follow":"follow","max-snippet":"max-snippet:-1","max-image-preview":"max-image-preview:large","max-video-preview":"max-video-preview:-1"},"canonical":"https:\/\/nigroequipamentos.com.br\/conteudo\/descubra-a-eficiencia-da-empilhadeira-eletrica-paletrans-px1235\/","og_locale":"pt_BR","og_type":"article","og_title":"Descubra a Efici\u00eancia da Empilhadeira El\u00e9trica Paletrans PX1235","og_description":"Saiba tudo sobre a Empilhadeira El\u00e9trica Paletrans PX1235, suas caracter\u00edsticas e como a Nigro Equipamentos pode ajud\u00e1-lo na compra e manuten\u00e7\u00e3o.","og_url":"https:\/\/nigroequipamentos.com.br\/conteudo\/descubra-a-eficiencia-da-empilhadeira-eletrica-paletrans-px1235\/","og_site_name":"Nigro Equipamentos","article_publisher":"https:\/\/www.facebook.com\/nigroequipamentos","twitter_card":"summary_large_image","twitter_misc":{"Est. tempo de leitura":"1 minuto"},"schema":{"@context":"https:\/\/schema.org","@graph":[{"@type":"WebPage","@id":"https:\/\/nigroequipamentos.com.br\/conteudo\/descubra-a-eficiencia-da-empilhadeira-eletrica-paletrans-px1235\/","url":"https:\/\/nigroequipamentos.com.br\/conteudo\/descubra-a-eficiencia-da-empilhadeira-eletrica-paletrans-px1235\/","name":"Empilhadeira El\u00e9trica Paletrans PX1235: Eficiente e Sustent\u00e1vel com a Nigro Equipamentos","isPartOf":{"@id":"https:\/\/nigroequipamentos.com.br\/conteudo\/#website"},"datePublished":"2025-02-05T00:00:40+00:00","dateModified":"2025-02-05T00:00:40+00:00","description":"Saiba tudo sobre a Empilhadeira El\u00e9trica Paletrans PX1235, suas caracter\u00edsticas e como a Nigro Equipamentos pode ajud\u00e1-lo na compra e manuten\u00e7\u00e3o.","breadcrumb":{"@id":"https:\/\/nigroequipamentos.com.br\/conteudo\/descubra-a-eficiencia-da-empilhadeira-eletrica-paletrans-px1235\/#breadcrumb"},"inLanguage":"pt-BR","potentialAction":[{"@type":"ReadAction","target":["https:\/\/nigroequipamentos.com.br\/conteudo\/descubra-a-eficiencia-da-empilhadeira-eletrica-paletrans-px1235\/"]}]},{"@type":"BreadcrumbList","@id":"https:\/\/nigroequipamentos.com.br\/conteudo\/descubra-a-eficiencia-da-empilhadeira-eletrica-paletrans-px1235\/#breadcrumb","itemListElement":[{"@type":"ListItem","position":1,"name":"In\u00edcio","item":"https:\/\/nigroequipamentos.com.br\/conteudo\/"},{"@type":"ListItem","position":2,"name":"Descubra a Efici\u00eancia da Empilhadeira El\u00e9trica Paletrans PX1235"}]},{"@type":"WebSite","@id":"https:\/\/nigroequipamentos.com.br\/conteudo\/#website","url":"https:\/\/nigroequipamentos.com.br\/conteudo\/","name":"Nigro Equipamentos","description":"Loca\u00e7\u00e3o e Vendas","publisher":{"@id":"https:\/\/nigroequipamentos.com.br\/conteudo\/#organization"},"potentialAction":[{"@type":"SearchAction","target":{"@type":"EntryPoint","urlTemplate":"https:\/\/nigroequipamentos.com.br\/conteudo\/?s={search_term_string}"},"query-input":{"@type":"PropertyValueSpecification","valueRequired":true,"valueName":"search_term_string"}}],"inLanguage":"pt-BR"},{"@type":"Organization","@id":"https:\/\/nigroequipamentos.com.br\/conteudo\/#organization","name":"Nigro Equipamentos","url":"https:\/\/nigroequipamentos.com.br\/conteudo\/","logo":{"@type":"ImageObject","inLanguage":"pt-BR","@id":"https:\/\/nigroequipamentos.com.br\/conteudo\/#\/schema\/logo\/image\/","url":"https:\/\/nigroequipamentos.com.br\/conteudo\/wp-content\/uploads\/2024\/10\/nigroequipamentos_logo.webp","contentUrl":"https:\/\/nigroequipamentos.com.br\/conteudo\/wp-content\/uploads\/2024\/10\/nigroequipamentos_logo.webp","width":785,"height":355,"caption":"Nigro Equipamentos"},"image":{"@id":"https:\/\/nigroequipamentos.com.br\/conteudo\/#\/schema\/logo\/image\/"},"sameAs":["https:\/\/www.facebook.com\/nigroequipamentos","https:\/\/www.instagram.com\/nigroequipamentos\/"]}]}},"_links":{"self":[{"href":"https:\/\/nigroequipamentos.com.br\/conteudo\/wp-json\/wp\/v2\/pages\/14736","targetHints":{"allow":["GET"]}}],"collection":[{"href":"https:\/\/nigroequipamentos.com.br\/conteudo\/wp-json\/wp\/v2\/pages"}],"about":[{"href":"https:\/\/nigroequipamentos.com.br\/conteudo\/wp-json\/wp\/v2\/types\/page"}],"author":[{"embeddable":true,"href":"https:\/\/nigroequipamentos.com.br\/conteudo\/wp-json\/wp\/v2\/users\/3"}],"replies":[{"embeddable":true,"href":"https:\/\/nigroequipamentos.com.br\/conteudo\/wp-json\/wp\/v2\/comments?post=14736"}],"version-history":[{"count":0,"href":"https:\/\/nigroequipamentos.com.br\/conteudo\/wp-json\/wp\/v2\/pages\/14736\/revisions"}],"wp:attachment":[{"href":"https:\/\/nigroequipamentos.com.br\/conteudo\/wp-json\/wp\/v2\/media?parent=14736"}],"curies":[{"name":"wp","href":"https:\/\/api.w.org\/{rel}","templated":true}]}}